{"id":12615,"date":"2024-07-05T08:03:28","date_gmt":"2024-07-05T06:03:28","guid":{"rendered":"https:\/\/www.ovidiudragosargesanu.ro\/?post_type=product&#038;p=12615"},"modified":"2025-10-02T16:41:47","modified_gmt":"2025-10-02T13:41:47","slug":"curs-deblocarea-drepturilor-si-potentialelor-divine-constanta-acces-online","status":"publish","type":"product","link":"https:\/\/www.ovidiudragosargesanu.ro\/en\/shop\/cursuri-premium\/drept-divin-cursuri-premium\/curs-deblocarea-drepturilor-si-potentialelor-divine-constanta-acces-online\/","title":{"rendered":"Curs: Deblocarea drepturilor si potentialelor divine &#8211; Constanta &#8211; acces online"},"content":{"rendered":"<div dir=\"auto\">\n<p><span style=\"font-weight: 400;\">Cursul ,,Deblocarea drepturilor \u0219i poten\u021bialelor divine\u201d sus\u021binut de dr. Ovidiu Drago\u0219 Arge\u0219anu la Constan\u021ba \u00een data de 24 iulie 2024.<\/span><\/p>\n<p><span style=\"font-weight: 400;\">Fiecare dintre noi avem dreptul nostru divin \u00een s\u0103n\u0103tate, iubire, fericire, bani.\u00a0<\/span><\/p>\n<p><span style=\"font-weight: 400;\">Exist\u0103 un drept divin la familie, la prieteni, la cas\u0103 sau la ma\u015fin\u0103.\u00a0<\/span><\/p>\n<p><span style=\"font-weight: 400;\">Chiar \u0219i la vacan\u021be \u015fi relaxare, distrac\u021bie sau c\u0103l\u0103torii exist\u0103 un drept al fiec\u0103ruia, stabilit de divinitate, \u00een func\u021bie de ac\u021biunile noastre din trecut sau de ale \u00eenainta\u015filor no\u015ftri.<\/span><\/p>\n<p><span style=\"font-weight: 400;\">Doar c\u0103 drepturile noastre divine mai pot fi \u015fi blocate, pierdute sau furate. E bine s\u0103 \u00een\u021belegem mecanismul \u015fi cauza, ca s\u0103 le putem debloca.<\/span><\/p>\n<p><span style=\"font-weight: 400;\">Aici o s\u0103 vorbim despre karm\u0103, personal\u0103 \u015fi de neam, cum ne blocheaz\u0103 \u015fi cum o putem rezolva.<\/span><\/p>\n<p><span style=\"font-weight: 400;\">Despre jur\u0103mintele de castitate, s\u0103r\u0103cie, obedien\u021b\u0103 din alte vie\u021bi, cum ne \u00eencurc\u0103 \u015fi cum ne blocheaz\u0103 manifestarea a ceea ce dorim \u015fi merit\u0103m \u00een via\u021ba asta. Despre cum le anihil\u0103m, ca s\u0103 nu mai tr\u0103im ce am jurat alt\u0103 dat\u0103.<\/span><\/p>\n<p><span style=\"font-weight: 400;\">\u015ei despre magie \u015fi blesteme, cum ne putem dezlega \u015fi cur\u0103\u021ba. \u015ei ca s\u0103 putem tr\u0103i dup\u0103 ce a programat Dumnezeu \u00een noi, nu dup\u0103 ce ne-au urat al\u021bii &#8220;de bine&#8221;.<\/span><\/p>\n<p><span style=\"font-weight: 400;\">Dar ce e cu adev\u0103rat interesant e c\u0103 aceste drepturi divine, odat\u0103 deblocate, pot fi \u015fi crescute \u00een func\u021bie de ceea ce facem sau avem de f\u0103cut \u00een via\u021ba asta, \u00een func\u021bie de c\u00e2t ne-am \u00een\u021beles lec\u021biile \u015fi de nivelul nostru de con\u015ftiin\u021b\u0103.<\/span><\/p>\n<p><span style=\"font-weight: 400;\">Dreptul divin \u00een orice, s\u0103n\u0103tate, bani, iubire, programul \u0103sta dat de divinitate este modificabil, poate fi rescris, poate fi crescut.<\/span><\/p>\n<p><span style=\"font-weight: 400;\">E important s\u0103 \u00een\u021belegem c\u0103 se poate \u015fi mai ales cum se face asta, concret.<\/span><\/p>\n<p><span style=\"font-weight: 400;\">Cre\u015fterea drepturilor \u015fi poten\u021bialelor noastre divine este unul din pa\u015fii importan\u021bi atunci c\u00e2nd \u00eencepem s\u0103 ne co-cre\u0103m realitatea, la fel cum este \u015fi transformarea a ce ne \u00eencurc\u0103 \u00een ceva care s\u0103 ne sus\u021bin\u0103 pe calea noastr\u0103, \u00een misiunile noastre.<\/span><\/p>\n<p><span style=\"font-weight: 400;\">Noi am fost crea\u021bi asemenea lui Dumnezeu. Asta \u00eenseamn\u0103 c\u0103 poten\u021bial, putem face orice ne imagin\u0103m.<\/span><\/p>\n<p><span style=\"font-weight: 400;\">Totu\u015fi, deblocarea \u015fi accesarea drepturilor \u015fi poten\u021bialelor noastre divine este pentru mul\u021bi o necunoscut\u0103.<\/span><\/p>\n<p><span style=\"font-weight: 400;\">Despre asta va fi acest curs practic. \u015ei cu asta ne vom ocupa \u00eenc\u0103 din timpul lui.<\/span><\/p>\n<p>&nbsp;<\/p>\n<\/div>\n","protected":false},"excerpt":{"rendered":"<p><span style=\"font-weight: 400;\">Cursul ,,Deblocarea drepturilor \u0219i poten\u021bialelor divine\u201d sus\u021binut de dr. Ovidiu Drago\u0219 Arge\u0219anu la Constan\u021ba \u00een data de 24 iulie 2024.<\/span><\/p>\n<p>&nbsp;<\/p>\n","protected":false},"featured_media":65949,"template":"","meta":{"inline_featured_image":false},"product_brand":[],"product_cat":[602,702],"product_tag":[],"class_list":{"0":"post-12615","1":"product","2":"type-product","3":"status-publish","4":"has-post-thumbnail","6":"product_cat-cursuri-premium","7":"product_cat-drept-divin-cursuri-premium","9":"first","10":"instock","11":"virtual","12":"sold-individually","13":"taxable","14":"purchasable","15":"product-type-simple"},"yoast_head":"<!-- This site is optimized with the Yoast SEO plugin v26.9 - https:\/\/yoast.com\/product\/yoast-seo-wordpress\/ -->\n<title>Curs: Deblocarea drepturilor si potentialelor divine - Constanta - acces online - Ovidiu Drago\u0219 Arge\u0219anu<\/title>\n<meta name=\"description\" content=\"Cursul ,,Deblocarea drepturilor \u0219i poten\u021bialelor divine\u201d sus\u021binut de dr. Ovidiu Drago\u0219 Arge\u0219anu la Constan\u021ba \u00een data de 24 iulie 2024\" \/>\n<meta name=\"robots\" content=\"noindex, follow, max-snippet:-1, max-image-preview:large, max-video-preview:-1\" \/>\n<meta property=\"og:locale\" content=\"en_US\" \/>\n<meta property=\"og:type\" content=\"article\" \/>\n<meta property=\"og:title\" content=\"Curs: Deblocarea drepturilor si potentialelor divine - Constanta - acces online - Ovidiu Drago\u0219 Arge\u0219anu\" \/>\n<meta property=\"og:description\" content=\"Cursul ,,Deblocarea drepturilor \u0219i poten\u021bialelor divine\u201d sus\u021binut de dr. Ovidiu Drago\u0219 Arge\u0219anu la Constan\u021ba \u00een data de 24 iulie 2024\" \/>\n<meta property=\"og:url\" content=\"https:\/\/www.ovidiudragosargesanu.ro\/en\/shop\/cursuri-premium\/drept-divin-cursuri-premium\/curs-deblocarea-drepturilor-si-potentialelor-divine-constanta-acces-online\/\" \/>\n<meta property=\"og:site_name\" content=\"Ovidiu Drago\u0219 Arge\u0219anu\" \/>\n<meta property=\"article:modified_time\" content=\"2025-10-02T13:41:47+00:00\" \/>\n<meta property=\"og:image\" content=\"https:\/\/www.ovidiudragosargesanu.ro\/en\/wp-content\/uploads\/2024\/07\/Curs-premium-Deblocarea-drepturilor-si-potentialelor-divine-Constanta-600X800.png\" \/>\n\t<meta property=\"og:image:width\" content=\"600\" \/>\n\t<meta property=\"og:image:height\" content=\"800\" \/>\n\t<meta property=\"og:image:type\" content=\"image\/png\" \/>\n<meta name=\"twitter:card\" content=\"summary_large_image\" \/>\n<meta name=\"twitter:label1\" content=\"Est. reading time\" \/>\n\t<meta name=\"twitter:data1\" content=\"2 minutes\" \/>\n<script type=\"application\/ld+json\" class=\"yoast-schema-graph\">{\"@context\":\"https:\/\/schema.org\",\"@graph\":[{\"@type\":\"WebPage\",\"@id\":\"https:\/\/www.ovidiudragosargesanu.ro\/en\/shop\/cursuri-premium\/drept-divin-cursuri-premium\/curs-deblocarea-drepturilor-si-potentialelor-divine-constanta-acces-online\/\",\"url\":\"https:\/\/www.ovidiudragosargesanu.ro\/en\/shop\/cursuri-premium\/drept-divin-cursuri-premium\/curs-deblocarea-drepturilor-si-potentialelor-divine-constanta-acces-online\/\",\"name\":\"Curs: Deblocarea drepturilor si potentialelor divine - Constanta - acces online - Ovidiu Drago\u0219 Arge\u0219anu\",\"isPartOf\":{\"@id\":\"https:\/\/www.ovidiudragosargesanu.ro\/en\/#website\"},\"primaryImageOfPage\":{\"@id\":\"https:\/\/www.ovidiudragosargesanu.ro\/en\/shop\/cursuri-premium\/drept-divin-cursuri-premium\/curs-deblocarea-drepturilor-si-potentialelor-divine-constanta-acces-online\/#primaryimage\"},\"image\":{\"@id\":\"https:\/\/www.ovidiudragosargesanu.ro\/en\/shop\/cursuri-premium\/drept-divin-cursuri-premium\/curs-deblocarea-drepturilor-si-potentialelor-divine-constanta-acces-online\/#primaryimage\"},\"thumbnailUrl\":\"https:\/\/www.ovidiudragosargesanu.ro\/en\/wp-content\/uploads\/2024\/07\/Curs-premium-Deblocarea-drepturilor-si-potentialelor-divine-Constanta-600X800.png\",\"datePublished\":\"2024-07-05T06:03:28+00:00\",\"dateModified\":\"2025-10-02T13:41:47+00:00\",\"description\":\"Cursul ,,Deblocarea drepturilor \u0219i poten\u021bialelor divine\u201d sus\u021binut de dr. Ovidiu Drago\u0219 Arge\u0219anu la Constan\u021ba \u00een data de 24 iulie 2024\",\"breadcrumb\":{\"@id\":\"https:\/\/www.ovidiudragosargesanu.ro\/en\/shop\/cursuri-premium\/drept-divin-cursuri-premium\/curs-deblocarea-drepturilor-si-potentialelor-divine-constanta-acces-online\/#breadcrumb\"},\"inLanguage\":\"en-US\",\"potentialAction\":[{\"@type\":\"ReadAction\",\"target\":[\"https:\/\/www.ovidiudragosargesanu.ro\/en\/shop\/cursuri-premium\/drept-divin-cursuri-premium\/curs-deblocarea-drepturilor-si-potentialelor-divine-constanta-acces-online\/\"]}]},{\"@type\":\"ImageObject\",\"inLanguage\":\"en-US\",\"@id\":\"https:\/\/www.ovidiudragosargesanu.ro\/en\/shop\/cursuri-premium\/drept-divin-cursuri-premium\/curs-deblocarea-drepturilor-si-potentialelor-divine-constanta-acces-online\/#primaryimage\",\"url\":\"https:\/\/www.ovidiudragosargesanu.ro\/en\/wp-content\/uploads\/2024\/07\/Curs-premium-Deblocarea-drepturilor-si-potentialelor-divine-Constanta-600X800.png\",\"contentUrl\":\"https:\/\/www.ovidiudragosargesanu.ro\/en\/wp-content\/uploads\/2024\/07\/Curs-premium-Deblocarea-drepturilor-si-potentialelor-divine-Constanta-600X800.png\",\"width\":600,\"height\":800},{\"@type\":\"BreadcrumbList\",\"@id\":\"https:\/\/www.ovidiudragosargesanu.ro\/en\/shop\/cursuri-premium\/drept-divin-cursuri-premium\/curs-deblocarea-drepturilor-si-potentialelor-divine-constanta-acces-online\/#breadcrumb\",\"itemListElement\":[{\"@type\":\"ListItem\",\"position\":1,\"name\":\"Prima pagin\u0103\",\"item\":\"https:\/\/www.ovidiudragosargesanu.ro\/en\/\"},{\"@type\":\"ListItem\",\"position\":2,\"name\":\"Shop\",\"item\":\"https:\/\/www.ovidiudragosargesanu.ro\/en\/shop\/\"},{\"@type\":\"ListItem\",\"position\":3,\"name\":\"Curs: Deblocarea drepturilor si potentialelor divine &#8211; Constanta &#8211; acces online\"}]},{\"@type\":\"WebSite\",\"@id\":\"https:\/\/www.ovidiudragosargesanu.ro\/en\/#website\",\"url\":\"https:\/\/www.ovidiudragosargesanu.ro\/en\/\",\"name\":\"Ovidiu Drago\u0219 Arge\u0219anu\",\"description\":\"\",\"publisher\":{\"@id\":\"https:\/\/www.ovidiudragosargesanu.ro\/en\/#organization\"},\"potentialAction\":[{\"@type\":\"SearchAction\",\"target\":{\"@type\":\"EntryPoint\",\"urlTemplate\":\"https:\/\/www.ovidiudragosargesanu.ro\/en\/?s={search_term_string}\"},\"query-input\":{\"@type\":\"PropertyValueSpecification\",\"valueRequired\":true,\"valueName\":\"search_term_string\"}}],\"inLanguage\":\"en-US\"},{\"@type\":\"Organization\",\"@id\":\"https:\/\/www.ovidiudragosargesanu.ro\/en\/#organization\",\"name\":\"Ovidiu Drago\u0219 Arge\u0219anu\",\"url\":\"https:\/\/www.ovidiudragosargesanu.ro\/en\/\",\"logo\":{\"@type\":\"ImageObject\",\"inLanguage\":\"en-US\",\"@id\":\"https:\/\/www.ovidiudragosargesanu.ro\/en\/#\/schema\/logo\/image\/\",\"url\":\"https:\/\/www.ovidiudragosargesanu.ro\/en\/wp-content\/uploads\/2018\/03\/dragos-logo-lotus-black-400.svg\",\"contentUrl\":\"https:\/\/www.ovidiudragosargesanu.ro\/en\/wp-content\/uploads\/2018\/03\/dragos-logo-lotus-black-400.svg\",\"width\":300,\"height\":150,\"caption\":\"Ovidiu Drago\u0219 Arge\u0219anu\"},\"image\":{\"@id\":\"https:\/\/www.ovidiudragosargesanu.ro\/en\/#\/schema\/logo\/image\/\"}}]}<\/script>\n<!-- \/ Yoast SEO plugin. -->","yoast_head_json":{"title":"Curs: Deblocarea drepturilor si potentialelor divine - Constanta - acces online - Ovidiu Drago\u0219 Arge\u0219anu","description":"Cursul ,,Deblocarea drepturilor \u0219i poten\u021bialelor divine\u201d sus\u021binut de dr. Ovidiu Drago\u0219 Arge\u0219anu la Constan\u021ba \u00een data de 24 iulie 2024","robots":{"index":"noindex","follow":"follow","max-snippet":"max-snippet:-1","max-image-preview":"max-image-preview:large","max-video-preview":"max-video-preview:-1"},"og_locale":"en_US","og_type":"article","og_title":"Curs: Deblocarea drepturilor si potentialelor divine - Constanta - acces online - Ovidiu Drago\u0219 Arge\u0219anu","og_description":"Cursul ,,Deblocarea drepturilor \u0219i poten\u021bialelor divine\u201d sus\u021binut de dr. Ovidiu Drago\u0219 Arge\u0219anu la Constan\u021ba \u00een data de 24 iulie 2024","og_url":"https:\/\/www.ovidiudragosargesanu.ro\/en\/shop\/cursuri-premium\/drept-divin-cursuri-premium\/curs-deblocarea-drepturilor-si-potentialelor-divine-constanta-acces-online\/","og_site_name":"Ovidiu Drago\u0219 Arge\u0219anu","article_modified_time":"2025-10-02T13:41:47+00:00","og_image":[{"width":600,"height":800,"url":"https:\/\/www.ovidiudragosargesanu.ro\/en\/wp-content\/uploads\/2024\/07\/Curs-premium-Deblocarea-drepturilor-si-potentialelor-divine-Constanta-600X800.png","type":"image\/png"}],"twitter_card":"summary_large_image","twitter_misc":{"Est. reading time":"2 minutes"},"schema":{"@context":"https:\/\/schema.org","@graph":[{"@type":"WebPage","@id":"https:\/\/www.ovidiudragosargesanu.ro\/en\/shop\/cursuri-premium\/drept-divin-cursuri-premium\/curs-deblocarea-drepturilor-si-potentialelor-divine-constanta-acces-online\/","url":"https:\/\/www.ovidiudragosargesanu.ro\/en\/shop\/cursuri-premium\/drept-divin-cursuri-premium\/curs-deblocarea-drepturilor-si-potentialelor-divine-constanta-acces-online\/","name":"Curs: Deblocarea drepturilor si potentialelor divine - Constanta - acces online - Ovidiu Drago\u0219 Arge\u0219anu","isPartOf":{"@id":"https:\/\/www.ovidiudragosargesanu.ro\/en\/#website"},"primaryImageOfPage":{"@id":"https:\/\/www.ovidiudragosargesanu.ro\/en\/shop\/cursuri-premium\/drept-divin-cursuri-premium\/curs-deblocarea-drepturilor-si-potentialelor-divine-constanta-acces-online\/#primaryimage"},"image":{"@id":"https:\/\/www.ovidiudragosargesanu.ro\/en\/shop\/cursuri-premium\/drept-divin-cursuri-premium\/curs-deblocarea-drepturilor-si-potentialelor-divine-constanta-acces-online\/#primaryimage"},"thumbnailUrl":"https:\/\/www.ovidiudragosargesanu.ro\/en\/wp-content\/uploads\/2024\/07\/Curs-premium-Deblocarea-drepturilor-si-potentialelor-divine-Constanta-600X800.png","datePublished":"2024-07-05T06:03:28+00:00","dateModified":"2025-10-02T13:41:47+00:00","description":"Cursul ,,Deblocarea drepturilor \u0219i poten\u021bialelor divine\u201d sus\u021binut de dr. Ovidiu Drago\u0219 Arge\u0219anu la Constan\u021ba \u00een data de 24 iulie 2024","breadcrumb":{"@id":"https:\/\/www.ovidiudragosargesanu.ro\/en\/shop\/cursuri-premium\/drept-divin-cursuri-premium\/curs-deblocarea-drepturilor-si-potentialelor-divine-constanta-acces-online\/#breadcrumb"},"inLanguage":"en-US","potentialAction":[{"@type":"ReadAction","target":["https:\/\/www.ovidiudragosargesanu.ro\/en\/shop\/cursuri-premium\/drept-divin-cursuri-premium\/curs-deblocarea-drepturilor-si-potentialelor-divine-constanta-acces-online\/"]}]},{"@type":"ImageObject","inLanguage":"en-US","@id":"https:\/\/www.ovidiudragosargesanu.ro\/en\/shop\/cursuri-premium\/drept-divin-cursuri-premium\/curs-deblocarea-drepturilor-si-potentialelor-divine-constanta-acces-online\/#primaryimage","url":"https:\/\/www.ovidiudragosargesanu.ro\/en\/wp-content\/uploads\/2024\/07\/Curs-premium-Deblocarea-drepturilor-si-potentialelor-divine-Constanta-600X800.png","contentUrl":"https:\/\/www.ovidiudragosargesanu.ro\/en\/wp-content\/uploads\/2024\/07\/Curs-premium-Deblocarea-drepturilor-si-potentialelor-divine-Constanta-600X800.png","width":600,"height":800},{"@type":"BreadcrumbList","@id":"https:\/\/www.ovidiudragosargesanu.ro\/en\/shop\/cursuri-premium\/drept-divin-cursuri-premium\/curs-deblocarea-drepturilor-si-potentialelor-divine-constanta-acces-online\/#breadcrumb","itemListElement":[{"@type":"ListItem","position":1,"name":"Prima pagin\u0103","item":"https:\/\/www.ovidiudragosargesanu.ro\/en\/"},{"@type":"ListItem","position":2,"name":"Shop","item":"https:\/\/www.ovidiudragosargesanu.ro\/en\/shop\/"},{"@type":"ListItem","position":3,"name":"Curs: Deblocarea drepturilor si potentialelor divine &#8211; Constanta &#8211; acces online"}]},{"@type":"WebSite","@id":"https:\/\/www.ovidiudragosargesanu.ro\/en\/#website","url":"https:\/\/www.ovidiudragosargesanu.ro\/en\/","name":"Ovidiu Drago\u0219 Arge\u0219anu","description":"","publisher":{"@id":"https:\/\/www.ovidiudragosargesanu.ro\/en\/#organization"},"potentialAction":[{"@type":"SearchAction","target":{"@type":"EntryPoint","urlTemplate":"https:\/\/www.ovidiudragosargesanu.ro\/en\/?s={search_term_string}"},"query-input":{"@type":"PropertyValueSpecification","valueRequired":true,"valueName":"search_term_string"}}],"inLanguage":"en-US"},{"@type":"Organization","@id":"https:\/\/www.ovidiudragosargesanu.ro\/en\/#organization","name":"Ovidiu Drago\u0219 Arge\u0219anu","url":"https:\/\/www.ovidiudragosargesanu.ro\/en\/","logo":{"@type":"ImageObject","inLanguage":"en-US","@id":"https:\/\/www.ovidiudragosargesanu.ro\/en\/#\/schema\/logo\/image\/","url":"https:\/\/www.ovidiudragosargesanu.ro\/en\/wp-content\/uploads\/2018\/03\/dragos-logo-lotus-black-400.svg","contentUrl":"https:\/\/www.ovidiudragosargesanu.ro\/en\/wp-content\/uploads\/2018\/03\/dragos-logo-lotus-black-400.svg","width":300,"height":150,"caption":"Ovidiu Drago\u0219 Arge\u0219anu"},"image":{"@id":"https:\/\/www.ovidiudragosargesanu.ro\/en\/#\/schema\/logo\/image\/"}}]}},"_links":{"self":[{"href":"https:\/\/www.ovidiudragosargesanu.ro\/en\/wp-json\/wp\/v2\/product\/12615","targetHints":{"allow":["GET"]}}],"collection":[{"href":"https:\/\/www.ovidiudragosargesanu.ro\/en\/wp-json\/wp\/v2\/product"}],"about":[{"href":"https:\/\/www.ovidiudragosargesanu.ro\/en\/wp-json\/wp\/v2\/types\/product"}],"version-history":[{"count":4,"href":"https:\/\/www.ovidiudragosargesanu.ro\/en\/wp-json\/wp\/v2\/product\/12615\/revisions"}],"predecessor-version":[{"id":13469,"href":"https:\/\/www.ovidiudragosargesanu.ro\/en\/wp-json\/wp\/v2\/product\/12615\/revisions\/13469"}],"wp:featuredmedia":[{"embeddable":true,"href":"https:\/\/www.ovidiudragosargesanu.ro\/en\/wp-json\/wp\/v2\/media\/65949"}],"wp:attachment":[{"href":"https:\/\/www.ovidiudragosargesanu.ro\/en\/wp-json\/wp\/v2\/media?parent=12615"}],"wp:term":[{"taxonomy":"product_brand","embeddable":true,"href":"https:\/\/www.ovidiudragosargesanu.ro\/en\/wp-json\/wp\/v2\/product_brand?post=12615"},{"taxonomy":"product_cat","embeddable":true,"href":"https:\/\/www.ovidiudragosargesanu.ro\/en\/wp-json\/wp\/v2\/product_cat?post=12615"},{"taxonomy":"product_tag","embeddable":true,"href":"https:\/\/www.ovidiudragosargesanu.ro\/en\/wp-json\/wp\/v2\/product_tag?post=12615"}],"curies":[{"name":"wp","href":"https:\/\/api.w.org\/{rel}","templated":true}]}}