{"id":12625,"date":"2024-07-05T08:50:13","date_gmt":"2024-07-05T06:50:13","guid":{"rendered":"https:\/\/www.ovidiudragosargesanu.ro\/?post_type=product&#038;p=12625"},"modified":"2025-10-02T16:55:14","modified_gmt":"2025-10-02T13:55:14","slug":"curs-despre-dragoni-modulul-i-constanta-acces-online","status":"publish","type":"product","link":"https:\/\/www.ovidiudragosargesanu.ro\/en\/shop\/cursuri-premium\/entitati-cursuri-premium\/curs-despre-dragoni-modulul-i-constanta-acces-online\/","title":{"rendered":"Curs: Despre dragoni &#8211; Modulul I &#8211; Constanta &#8211; acces online"},"content":{"rendered":"<div dir=\"auto\">\n<p><span style=\"font-weight: 400;\">Cursul ,,Despre dragoni &#8211; Modulul I\u201d sus\u021binut de dr. Ovidiu Drago\u0219 Arge\u0219anu la Constan\u021ba \u00een data de 25 iulie 2024.<\/span><\/p>\n<p><span style=\"font-weight: 400;\">\u00cempreun\u0103 cu \u00eengerii \u015fi demonii, dragonii fac parte din lumea nev\u0103zut\u0103 din jurul nostru. \u015ei la fel ca \u00eengerii \u015fi demonii, ei ne impacteaz\u0103 de multe ori via\u021ba \u00een feluri neb\u0103nuite.<\/span><\/p>\n<p><span style=\"font-weight: 400;\">Cu to\u021bii am sim\u021bit mai mult ca sigur interven\u021bia dragonilor \u00een via\u021ba noastr\u0103, doar c\u0103 de cele mai multe ori f\u0103r\u0103 s\u0103 \u015ftim.<\/span><\/p>\n<p><span style=\"font-weight: 400;\">Aceste fiin\u021be prezente \u00een toate mitologiile aleg de multe ori s\u0103 r\u0103m\u00e2n\u0103 ascunse, dezv\u0103luindu-se doar celor destul de buni, curajo\u015fi sau \u00een\u021belep\u021bi pentru a \u00eei ajuta. Sau \u00eenfrunta, dup\u0103 caz.<\/span><\/p>\n<p><span style=\"font-weight: 400;\">Cu to\u021bii i-am sim\u021bit prin exacerbarea unor pofte sau emo\u021bii, prin senza\u021bia c\u0103 unele locuri ne privesc sau ne vorbesc, c\u00e2teodat\u0103 prin senza\u021bia c\u0103 am deranjat acele locuri, senza\u021bie urmat\u0103 de un mic accident sau o durere de cap ce nu voia s\u0103 treac\u0103 cu nimic.<\/span><\/p>\n<p><span style=\"font-weight: 400;\">De la un drum gre\u015fit care ne-a purtat prin locuri \u00eenc\u0103rcate de frumos \u015fi de s\u0103lb\u0103ticie, p\u00e2n\u0103 la descoperirea unor adev\u0103rate bijuterii arhitecturale ascunse prin ora\u015f sau a unor locuri benefice \u00een care s\u0103 ne re\u00eenc\u0103rc\u0103m bateriile, prin odihn\u0103 sau m\u00e2ncare de calitate, dragonii \u015fi-au f\u0103cut sim\u021bit\u0103 prezen\u021ba \u015fi influen\u021ba.<\/span><\/p>\n<p><span style=\"font-weight: 400;\">A fi incon\u015ftien\u021bi de existen\u021ba lor, a nu le acorda aten\u021bia, respectul \u015fi ajutorul cuvenit ne fac s\u0103 nu experiment\u0103m multe din bucuriile lumii acesteia, pe care, vrem nu vrem, o \u00eemp\u0103r\u021bim cu fra\u021bii no\u015ftri, dragonii.<\/span><\/p>\n<p><span style=\"font-weight: 400;\">Ajut\u00e2ndu-i, dragonii ne vor ajuta la r\u00e2ndul lor: ne vor da vitalitate, putere, \u00eensu\u015firi neb\u0103nuite. Ne vor deschide drumuri pe care singuri nu puteam merge \u015fi por\u021bi de care nici nu \u015ftiam c\u0103 exist\u0103.<\/span><\/p>\n<p><span style=\"font-weight: 400;\">\u015ei ce e mai important, lucrul cu dragonii ne va debloca \u015fi ne va cre\u015fte drepturile \u015fi poten\u021bialele noastre divine.<\/span><\/p>\n<p><span style=\"font-weight: 400;\">Pentru c\u0103 simpla ac\u021biune de a ajuta aceste spirite c\u0103zute \u015fi prinse \u00een materie s\u0103 se \u00eentoarc\u0103 spre Cer ne va aduce aur spiritual, pe l\u00e2ng\u0103 faptul c\u0103 ne va face p\u0103rta\u015fi la redob\u00e2ndirea \u015fi deblocarea unor poten\u021biale divine pierdute.<\/span><\/p>\n<p><span style=\"font-weight: 400;\">\u00a0<\/span><span style=\"font-weight: 400;\">De\u015fi pe undeva seam\u0103n\u0103 cu o poveste, acest curs va fi unul practic. Ce vom \u00eenv\u0103\u021ba:<\/span><\/p>\n<p><span style=\"font-weight: 400;\">&#8211; ce sunt dragonii, cum au ap\u0103rut, care e rostul lor \u00een lumea noastr\u0103, ce tipuri de dragoni sunt, unde \u00eei \u00eent\u00e2lnim, cum ne influen\u021beaz\u0103<\/span><\/p>\n<p><span style=\"font-weight: 400;\">&#8211; c\u00e2nd e nevoie s\u0103 \u00eei ajut\u0103m \u015fi c\u00e2nd trebuie s\u0103 \u00eei \u00eenvingem<\/span><\/p>\n<p><span style=\"font-weight: 400;\">&#8211; cum lucr\u0103m cu ei, cum \u00eei putem cre\u015fte, \u00eembuna, educa, cum ne putem folosi de poten\u021bialele lor<\/span><\/p>\n<p><span style=\"font-weight: 400;\">&#8211; cum ne putem cre\u015fte cu ajutorul lor puterea interioar\u0103, energia vital\u0103, energia sexual\u0103, feminitatea\/masculinitatea, dreptul \u00een bani, inteligen\u021ba \u015fi \u00een\u021belepciunea<\/span><\/p>\n<p><span style=\"font-weight: 400;\">&#8211; despre diferitele poten\u021biale ale dragonilor (de vindecare, de lupt\u0103, de bani, de sport, de \u00een\u021belepciune) \u015fi cum ne putem folosi de ele.<\/span><\/p>\n<p>&nbsp;<\/p>\n<\/div>\n","protected":false},"excerpt":{"rendered":"<p><span style=\"font-weight: 400;\">Cursul ,,Despre dragoni &#8211; Modulul I\u201d sus\u021binut de dr. Ovidiu Drago\u0219 Arge\u0219anu la Constan\u021ba \u00een data de 25 iulie 2024.<\/span><\/p>\n","protected":false},"featured_media":65956,"template":"","meta":{"inline_featured_image":false},"product_brand":[],"product_cat":[602,734],"product_tag":[],"class_list":{"0":"post-12625","1":"product","2":"type-product","3":"status-publish","4":"has-post-thumbnail","6":"product_cat-cursuri-premium","7":"product_cat-entitati-cursuri-premium","9":"first","10":"instock","11":"virtual","12":"sold-individually","13":"taxable","14":"purchasable","15":"product-type-simple"},"yoast_head":"<!-- This site is optimized with the Yoast SEO plugin v26.9 - https:\/\/yoast.com\/product\/yoast-seo-wordpress\/ -->\n<title>Curs: Despre dragoni - Modulul I - Constanta - acces online - Ovidiu Drago\u0219 Arge\u0219anu<\/title>\n<meta name=\"description\" content=\"Cursul ,,Despre dragoni - Modulul I\u201d sus\u021binut de dr. Ovidiu Drago\u0219 Arge\u0219anu la Constan\u021ba \u00een data de 25 iulie.\" \/>\n<meta name=\"robots\" content=\"noindex, follow, max-snippet:-1, max-image-preview:large, max-video-preview:-1\" \/>\n<meta property=\"og:locale\" content=\"en_US\" \/>\n<meta property=\"og:type\" content=\"article\" \/>\n<meta property=\"og:title\" content=\"Curs: Despre dragoni - Modulul I - Constanta - acces online - Ovidiu Drago\u0219 Arge\u0219anu\" \/>\n<meta property=\"og:description\" content=\"Cursul ,,Despre dragoni - Modulul I\u201d sus\u021binut de dr. Ovidiu Drago\u0219 Arge\u0219anu la Constan\u021ba \u00een data de 25 iulie.\" \/>\n<meta property=\"og:url\" content=\"https:\/\/www.ovidiudragosargesanu.ro\/en\/shop\/cursuri-premium\/entitati-cursuri-premium\/curs-despre-dragoni-modulul-i-constanta-acces-online\/\" \/>\n<meta property=\"og:site_name\" content=\"Ovidiu Drago\u0219 Arge\u0219anu\" \/>\n<meta property=\"article:modified_time\" content=\"2025-10-02T13:55:14+00:00\" \/>\n<meta property=\"og:image\" content=\"https:\/\/www.ovidiudragosargesanu.ro\/en\/wp-content\/uploads\/2024\/07\/Curs-premium-Despre-dragoni-Modulul-I-Constanta-600X800.png\" \/>\n\t<meta property=\"og:image:width\" content=\"600\" \/>\n\t<meta property=\"og:image:height\" content=\"800\" \/>\n\t<meta property=\"og:image:type\" content=\"image\/png\" \/>\n<meta name=\"twitter:card\" content=\"summary_large_image\" \/>\n<meta name=\"twitter:label1\" content=\"Est. reading time\" \/>\n\t<meta name=\"twitter:data1\" content=\"3 minutes\" \/>\n<script type=\"application\/ld+json\" class=\"yoast-schema-graph\">{\"@context\":\"https:\/\/schema.org\",\"@graph\":[{\"@type\":\"WebPage\",\"@id\":\"https:\/\/www.ovidiudragosargesanu.ro\/en\/shop\/cursuri-premium\/entitati-cursuri-premium\/curs-despre-dragoni-modulul-i-constanta-acces-online\/\",\"url\":\"https:\/\/www.ovidiudragosargesanu.ro\/en\/shop\/cursuri-premium\/entitati-cursuri-premium\/curs-despre-dragoni-modulul-i-constanta-acces-online\/\",\"name\":\"Curs: Despre dragoni - Modulul I - Constanta - acces online - Ovidiu Drago\u0219 Arge\u0219anu\",\"isPartOf\":{\"@id\":\"https:\/\/www.ovidiudragosargesanu.ro\/en\/#website\"},\"primaryImageOfPage\":{\"@id\":\"https:\/\/www.ovidiudragosargesanu.ro\/en\/shop\/cursuri-premium\/entitati-cursuri-premium\/curs-despre-dragoni-modulul-i-constanta-acces-online\/#primaryimage\"},\"image\":{\"@id\":\"https:\/\/www.ovidiudragosargesanu.ro\/en\/shop\/cursuri-premium\/entitati-cursuri-premium\/curs-despre-dragoni-modulul-i-constanta-acces-online\/#primaryimage\"},\"thumbnailUrl\":\"https:\/\/www.ovidiudragosargesanu.ro\/en\/wp-content\/uploads\/2024\/07\/Curs-premium-Despre-dragoni-Modulul-I-Constanta-600X800.png\",\"datePublished\":\"2024-07-05T06:50:13+00:00\",\"dateModified\":\"2025-10-02T13:55:14+00:00\",\"description\":\"Cursul ,,Despre dragoni - Modulul I\u201d sus\u021binut de dr. Ovidiu Drago\u0219 Arge\u0219anu la Constan\u021ba \u00een data de 25 iulie.\",\"breadcrumb\":{\"@id\":\"https:\/\/www.ovidiudragosargesanu.ro\/en\/shop\/cursuri-premium\/entitati-cursuri-premium\/curs-despre-dragoni-modulul-i-constanta-acces-online\/#breadcrumb\"},\"inLanguage\":\"en-US\",\"potentialAction\":[{\"@type\":\"ReadAction\",\"target\":[\"https:\/\/www.ovidiudragosargesanu.ro\/en\/shop\/cursuri-premium\/entitati-cursuri-premium\/curs-despre-dragoni-modulul-i-constanta-acces-online\/\"]}]},{\"@type\":\"ImageObject\",\"inLanguage\":\"en-US\",\"@id\":\"https:\/\/www.ovidiudragosargesanu.ro\/en\/shop\/cursuri-premium\/entitati-cursuri-premium\/curs-despre-dragoni-modulul-i-constanta-acces-online\/#primaryimage\",\"url\":\"https:\/\/www.ovidiudragosargesanu.ro\/en\/wp-content\/uploads\/2024\/07\/Curs-premium-Despre-dragoni-Modulul-I-Constanta-600X800.png\",\"contentUrl\":\"https:\/\/www.ovidiudragosargesanu.ro\/en\/wp-content\/uploads\/2024\/07\/Curs-premium-Despre-dragoni-Modulul-I-Constanta-600X800.png\",\"width\":600,\"height\":800},{\"@type\":\"BreadcrumbList\",\"@id\":\"https:\/\/www.ovidiudragosargesanu.ro\/en\/shop\/cursuri-premium\/entitati-cursuri-premium\/curs-despre-dragoni-modulul-i-constanta-acces-online\/#breadcrumb\",\"itemListElement\":[{\"@type\":\"ListItem\",\"position\":1,\"name\":\"Prima pagin\u0103\",\"item\":\"https:\/\/www.ovidiudragosargesanu.ro\/en\/\"},{\"@type\":\"ListItem\",\"position\":2,\"name\":\"Shop\",\"item\":\"https:\/\/www.ovidiudragosargesanu.ro\/en\/shop\/\"},{\"@type\":\"ListItem\",\"position\":3,\"name\":\"Curs: Despre dragoni &#8211; Modulul I &#8211; Constanta &#8211; acces online\"}]},{\"@type\":\"WebSite\",\"@id\":\"https:\/\/www.ovidiudragosargesanu.ro\/en\/#website\",\"url\":\"https:\/\/www.ovidiudragosargesanu.ro\/en\/\",\"name\":\"Ovidiu Drago\u0219 Arge\u0219anu\",\"description\":\"\",\"publisher\":{\"@id\":\"https:\/\/www.ovidiudragosargesanu.ro\/en\/#organization\"},\"potentialAction\":[{\"@type\":\"SearchAction\",\"target\":{\"@type\":\"EntryPoint\",\"urlTemplate\":\"https:\/\/www.ovidiudragosargesanu.ro\/en\/?s={search_term_string}\"},\"query-input\":{\"@type\":\"PropertyValueSpecification\",\"valueRequired\":true,\"valueName\":\"search_term_string\"}}],\"inLanguage\":\"en-US\"},{\"@type\":\"Organization\",\"@id\":\"https:\/\/www.ovidiudragosargesanu.ro\/en\/#organization\",\"name\":\"Ovidiu Drago\u0219 Arge\u0219anu\",\"url\":\"https:\/\/www.ovidiudragosargesanu.ro\/en\/\",\"logo\":{\"@type\":\"ImageObject\",\"inLanguage\":\"en-US\",\"@id\":\"https:\/\/www.ovidiudragosargesanu.ro\/en\/#\/schema\/logo\/image\/\",\"url\":\"https:\/\/www.ovidiudragosargesanu.ro\/en\/wp-content\/uploads\/2018\/03\/dragos-logo-lotus-black-400.svg\",\"contentUrl\":\"https:\/\/www.ovidiudragosargesanu.ro\/en\/wp-content\/uploads\/2018\/03\/dragos-logo-lotus-black-400.svg\",\"width\":300,\"height\":150,\"caption\":\"Ovidiu Drago\u0219 Arge\u0219anu\"},\"image\":{\"@id\":\"https:\/\/www.ovidiudragosargesanu.ro\/en\/#\/schema\/logo\/image\/\"}}]}<\/script>\n<!-- \/ Yoast SEO plugin. -->","yoast_head_json":{"title":"Curs: Despre dragoni - Modulul I - Constanta - acces online - Ovidiu Drago\u0219 Arge\u0219anu","description":"Cursul ,,Despre dragoni - Modulul I\u201d sus\u021binut de dr. Ovidiu Drago\u0219 Arge\u0219anu la Constan\u021ba \u00een data de 25 iulie.","robots":{"index":"noindex","follow":"follow","max-snippet":"max-snippet:-1","max-image-preview":"max-image-preview:large","max-video-preview":"max-video-preview:-1"},"og_locale":"en_US","og_type":"article","og_title":"Curs: Despre dragoni - Modulul I - Constanta - acces online - Ovidiu Drago\u0219 Arge\u0219anu","og_description":"Cursul ,,Despre dragoni - Modulul I\u201d sus\u021binut de dr. Ovidiu Drago\u0219 Arge\u0219anu la Constan\u021ba \u00een data de 25 iulie.","og_url":"https:\/\/www.ovidiudragosargesanu.ro\/en\/shop\/cursuri-premium\/entitati-cursuri-premium\/curs-despre-dragoni-modulul-i-constanta-acces-online\/","og_site_name":"Ovidiu Drago\u0219 Arge\u0219anu","article_modified_time":"2025-10-02T13:55:14+00:00","og_image":[{"width":600,"height":800,"url":"https:\/\/www.ovidiudragosargesanu.ro\/en\/wp-content\/uploads\/2024\/07\/Curs-premium-Despre-dragoni-Modulul-I-Constanta-600X800.png","type":"image\/png"}],"twitter_card":"summary_large_image","twitter_misc":{"Est. reading time":"3 minutes"},"schema":{"@context":"https:\/\/schema.org","@graph":[{"@type":"WebPage","@id":"https:\/\/www.ovidiudragosargesanu.ro\/en\/shop\/cursuri-premium\/entitati-cursuri-premium\/curs-despre-dragoni-modulul-i-constanta-acces-online\/","url":"https:\/\/www.ovidiudragosargesanu.ro\/en\/shop\/cursuri-premium\/entitati-cursuri-premium\/curs-despre-dragoni-modulul-i-constanta-acces-online\/","name":"Curs: Despre dragoni - Modulul I - Constanta - acces online - Ovidiu Drago\u0219 Arge\u0219anu","isPartOf":{"@id":"https:\/\/www.ovidiudragosargesanu.ro\/en\/#website"},"primaryImageOfPage":{"@id":"https:\/\/www.ovidiudragosargesanu.ro\/en\/shop\/cursuri-premium\/entitati-cursuri-premium\/curs-despre-dragoni-modulul-i-constanta-acces-online\/#primaryimage"},"image":{"@id":"https:\/\/www.ovidiudragosargesanu.ro\/en\/shop\/cursuri-premium\/entitati-cursuri-premium\/curs-despre-dragoni-modulul-i-constanta-acces-online\/#primaryimage"},"thumbnailUrl":"https:\/\/www.ovidiudragosargesanu.ro\/en\/wp-content\/uploads\/2024\/07\/Curs-premium-Despre-dragoni-Modulul-I-Constanta-600X800.png","datePublished":"2024-07-05T06:50:13+00:00","dateModified":"2025-10-02T13:55:14+00:00","description":"Cursul ,,Despre dragoni - Modulul I\u201d sus\u021binut de dr. Ovidiu Drago\u0219 Arge\u0219anu la Constan\u021ba \u00een data de 25 iulie.","breadcrumb":{"@id":"https:\/\/www.ovidiudragosargesanu.ro\/en\/shop\/cursuri-premium\/entitati-cursuri-premium\/curs-despre-dragoni-modulul-i-constanta-acces-online\/#breadcrumb"},"inLanguage":"en-US","potentialAction":[{"@type":"ReadAction","target":["https:\/\/www.ovidiudragosargesanu.ro\/en\/shop\/cursuri-premium\/entitati-cursuri-premium\/curs-despre-dragoni-modulul-i-constanta-acces-online\/"]}]},{"@type":"ImageObject","inLanguage":"en-US","@id":"https:\/\/www.ovidiudragosargesanu.ro\/en\/shop\/cursuri-premium\/entitati-cursuri-premium\/curs-despre-dragoni-modulul-i-constanta-acces-online\/#primaryimage","url":"https:\/\/www.ovidiudragosargesanu.ro\/en\/wp-content\/uploads\/2024\/07\/Curs-premium-Despre-dragoni-Modulul-I-Constanta-600X800.png","contentUrl":"https:\/\/www.ovidiudragosargesanu.ro\/en\/wp-content\/uploads\/2024\/07\/Curs-premium-Despre-dragoni-Modulul-I-Constanta-600X800.png","width":600,"height":800},{"@type":"BreadcrumbList","@id":"https:\/\/www.ovidiudragosargesanu.ro\/en\/shop\/cursuri-premium\/entitati-cursuri-premium\/curs-despre-dragoni-modulul-i-constanta-acces-online\/#breadcrumb","itemListElement":[{"@type":"ListItem","position":1,"name":"Prima pagin\u0103","item":"https:\/\/www.ovidiudragosargesanu.ro\/en\/"},{"@type":"ListItem","position":2,"name":"Shop","item":"https:\/\/www.ovidiudragosargesanu.ro\/en\/shop\/"},{"@type":"ListItem","position":3,"name":"Curs: Despre dragoni &#8211; Modulul I &#8211; Constanta &#8211; acces online"}]},{"@type":"WebSite","@id":"https:\/\/www.ovidiudragosargesanu.ro\/en\/#website","url":"https:\/\/www.ovidiudragosargesanu.ro\/en\/","name":"Ovidiu Drago\u0219 Arge\u0219anu","description":"","publisher":{"@id":"https:\/\/www.ovidiudragosargesanu.ro\/en\/#organization"},"potentialAction":[{"@type":"SearchAction","target":{"@type":"EntryPoint","urlTemplate":"https:\/\/www.ovidiudragosargesanu.ro\/en\/?s={search_term_string}"},"query-input":{"@type":"PropertyValueSpecification","valueRequired":true,"valueName":"search_term_string"}}],"inLanguage":"en-US"},{"@type":"Organization","@id":"https:\/\/www.ovidiudragosargesanu.ro\/en\/#organization","name":"Ovidiu Drago\u0219 Arge\u0219anu","url":"https:\/\/www.ovidiudragosargesanu.ro\/en\/","logo":{"@type":"ImageObject","inLanguage":"en-US","@id":"https:\/\/www.ovidiudragosargesanu.ro\/en\/#\/schema\/logo\/image\/","url":"https:\/\/www.ovidiudragosargesanu.ro\/en\/wp-content\/uploads\/2018\/03\/dragos-logo-lotus-black-400.svg","contentUrl":"https:\/\/www.ovidiudragosargesanu.ro\/en\/wp-content\/uploads\/2018\/03\/dragos-logo-lotus-black-400.svg","width":300,"height":150,"caption":"Ovidiu Drago\u0219 Arge\u0219anu"},"image":{"@id":"https:\/\/www.ovidiudragosargesanu.ro\/en\/#\/schema\/logo\/image\/"}}]}},"_links":{"self":[{"href":"https:\/\/www.ovidiudragosargesanu.ro\/en\/wp-json\/wp\/v2\/product\/12625","targetHints":{"allow":["GET"]}}],"collection":[{"href":"https:\/\/www.ovidiudragosargesanu.ro\/en\/wp-json\/wp\/v2\/product"}],"about":[{"href":"https:\/\/www.ovidiudragosargesanu.ro\/en\/wp-json\/wp\/v2\/types\/product"}],"version-history":[{"count":5,"href":"https:\/\/www.ovidiudragosargesanu.ro\/en\/wp-json\/wp\/v2\/product\/12625\/revisions"}],"predecessor-version":[{"id":65957,"href":"https:\/\/www.ovidiudragosargesanu.ro\/en\/wp-json\/wp\/v2\/product\/12625\/revisions\/65957"}],"wp:featuredmedia":[{"embeddable":true,"href":"https:\/\/www.ovidiudragosargesanu.ro\/en\/wp-json\/wp\/v2\/media\/65956"}],"wp:attachment":[{"href":"https:\/\/www.ovidiudragosargesanu.ro\/en\/wp-json\/wp\/v2\/media?parent=12625"}],"wp:term":[{"taxonomy":"product_brand","embeddable":true,"href":"https:\/\/www.ovidiudragosargesanu.ro\/en\/wp-json\/wp\/v2\/product_brand?post=12625"},{"taxonomy":"product_cat","embeddable":true,"href":"https:\/\/www.ovidiudragosargesanu.ro\/en\/wp-json\/wp\/v2\/product_cat?post=12625"},{"taxonomy":"product_tag","embeddable":true,"href":"https:\/\/www.ovidiudragosargesanu.ro\/en\/wp-json\/wp\/v2\/product_tag?post=12625"}],"curies":[{"name":"wp","href":"https:\/\/api.w.org\/{rel}","templated":true}]}}