{"id":13755,"date":"2024-08-01T23:04:10","date_gmt":"2024-08-01T20:04:10","guid":{"rendered":"https:\/\/www.ovidiudragosargesanu.ro\/?post_type=product&#038;p=13755"},"modified":"2025-10-04T14:02:59","modified_gmt":"2025-10-04T11:02:59","slug":"curs-refacerea-si-vindecarea-sufletului-2-bucuresti-acces-online","status":"publish","type":"product","link":"https:\/\/www.ovidiudragosargesanu.ro\/en\/shop\/cursuri-premium\/kombat-ki\/curs-refacerea-si-vindecarea-sufletului-2-bucuresti-acces-online\/","title":{"rendered":"Curs: Refacerea si vindecarea sufletului 2 &#8211; Bucuresti &#8211; acces online"},"content":{"rendered":"<p><span style=\"font-weight: 400;\">Te invit s\u0103 participi la cursul meu practic ,,Refacerea \u0219i vindecarea sufletului 2&#8243; din Bucure\u0219ti \u00een data de 12 august 2024.<\/span><\/p>\n<p><span style=\"font-weight: 400;\">M\u0103 gandeam care s\u0103 fie limitele p\u00e2n\u0103 la care s\u0103 vorbim despre suflet. \u0218i mai ales ce anume s\u0103 abord\u0103m \u00een cursul practic. Problema este c\u0103 odat\u0103 vorbit despre suflet chiar dac\u0103 vorbe\u0219ti doar despre protectie ajung informa\u021bii \u00een mintea unora care nu au no\u021biuni de justi\u021bie divin\u0103 \u0219i apoi le folosesc \u00een sens negativ. P\u00e2n\u0103 la urm\u0103 fiecare pl\u0103te\u0219te pentru ce face el.<\/span><\/p>\n<p><span style=\"font-weight: 400;\">Suntem \u00een mijlocul unui r\u0103zboi psi care pleac\u0103 \u00een primul r\u00e2nd prin a ne afecta sufletele. Se \u00eencearc\u0103 s\u0103 ne fac\u0103 s\u0103 ne pierdem umanitatea \u0219i toate calit\u0103\u021bile sufletului nostru: r\u0103bdarea, bl\u00e2nde\u021bea, iubirea, tandre\u021bea, curajul, tenacitatea, determinarea, r\u0103bdarea, compasiunea. \u0218i atunci trebuie s\u0103 \u00eenv\u0103\u021b\u0103m s\u0103 ne protej\u0103m pe noi \u0219i pe cei dragi nou\u0103.<\/span><\/p>\n<p><span style=\"font-weight: 400;\">Ce vom face practic?<\/span><\/p>\n<ul>\n<li style=\"font-weight: 400;\" aria-level=\"1\"><span style=\"font-weight: 400;\">cum \u00ee\u021bi aduci sufletul \u00eenapoi din Iad, de pe p\u0103m\u00e2nt \u0219i din Cer (specific\u0103 shamanilor ru\u0219i dar preluat\u0103 \u0219i dezvoltat\u0103 de ucraineni);<\/span><\/li>\n<li style=\"font-weight: 400;\" aria-level=\"1\"><span style=\"font-weight: 400;\">cum anihilez un program negativ (sau mai multe) de pe suflet;\u00a0<\/span><\/li>\n<li style=\"font-weight: 400;\" aria-level=\"1\"><span style=\"font-weight: 400;\">ce este SN ad\u0103ugat malefic;<\/span><\/li>\n<li style=\"font-weight: 400;\" aria-level=\"1\"><span style=\"font-weight: 400;\">cum se dezleag\u0103 magia pe suflet de animale chinuite;<\/span><\/li>\n<li style=\"font-weight: 400;\" aria-level=\"1\"><span style=\"font-weight: 400;\">cum se anihileaz\u0103 magia f\u0103cut\u0103 pe morminte proaspete;<\/span><\/li>\n<li style=\"font-weight: 400;\" aria-level=\"1\"><span style=\"font-weight: 400;\">cum se anihileaz\u0103 magia f\u0103cut\u0103 pe poze, p\u0103r, haine, obiecte personale;<\/span><\/li>\n<li style=\"font-weight: 400;\" aria-level=\"1\"><span style=\"font-weight: 400;\">cum \u00eemi aduc \u00eenapoi sufletul legat \u00een altar, sub biserici, \u00een cripte;<\/span><\/li>\n<li style=\"font-weight: 400;\" aria-level=\"1\"><span style=\"font-weight: 400;\">folosirea tainelor cre\u0219tine pentru cur\u0103\u021barea, vindecarea \u0219i refacerea sufletului.<\/span><\/li>\n<\/ul>\n<p><span style=\"font-weight: 400;\">Cursul poate fi accesat at\u00e2t \u00een online c\u00e2t \u0219i la sal\u0103.\u00a0<\/span><\/p>\n<p><span style=\"font-weight: 400;\">Durata cursului \u00een online este de 2 ore.<\/span><\/p>\n<p>&nbsp;<\/p>\n","protected":false},"excerpt":{"rendered":"<p><span style=\"font-weight: 400;\">Te invit s\u0103 vizionezi cursul meu practic ,,Refacerea \u0219i vindecarea sufletului 2&#8243; de la Bucure\u0219ti din data de 12 august 2024.<\/span><\/p>\n<p>&nbsp;<\/p>\n","protected":false},"featured_media":66195,"template":"","meta":{"inline_featured_image":false},"product_brand":[],"product_cat":[602,762],"product_tag":[],"class_list":{"0":"post-13755","1":"product","2":"type-product","3":"status-publish","4":"has-post-thumbnail","6":"product_cat-cursuri-premium","7":"product_cat-kombat-ki","9":"first","10":"instock","11":"virtual","12":"sold-individually","13":"taxable","14":"purchasable","15":"product-type-simple"},"yoast_head":"<!-- This site is optimized with the Yoast SEO plugin v26.9 - https:\/\/yoast.com\/product\/yoast-seo-wordpress\/ -->\n<title>Curs: Refacerea si vindecarea sufletului 2 - Bucuresti - acces online - Ovidiu Drago\u0219 Arge\u0219anu<\/title>\n<meta name=\"description\" content=\"Cursul practic ,,Refacerea \u0219i vindecarea sufletului 2&quot; din Bucure\u0219ti \u00een data de 12 august 2024\" \/>\n<meta name=\"robots\" content=\"noindex, follow, max-snippet:-1, max-image-preview:large, max-video-preview:-1\" \/>\n<meta property=\"og:locale\" content=\"en_US\" \/>\n<meta property=\"og:type\" content=\"article\" \/>\n<meta property=\"og:title\" content=\"Curs: Refacerea si vindecarea sufletului 2 - Bucuresti - acces online - Ovidiu Drago\u0219 Arge\u0219anu\" \/>\n<meta property=\"og:description\" content=\"Cursul practic ,,Refacerea \u0219i vindecarea sufletului 2&quot; din Bucure\u0219ti \u00een data de 12 august 2024\" \/>\n<meta property=\"og:url\" content=\"https:\/\/www.ovidiudragosargesanu.ro\/en\/shop\/cursuri-premium\/kombat-ki\/curs-refacerea-si-vindecarea-sufletului-2-bucuresti-acces-online\/\" \/>\n<meta property=\"og:site_name\" content=\"Ovidiu Drago\u0219 Arge\u0219anu\" \/>\n<meta property=\"article:modified_time\" content=\"2025-10-04T11:02:59+00:00\" \/>\n<meta property=\"og:image\" content=\"https:\/\/www.ovidiudragosargesanu.ro\/en\/wp-content\/uploads\/2024\/08\/Curs-premium-REFACEREA-SI-VINDECAREA-SUFLETULUI-2-Bucuresti-600X800.png\" \/>\n\t<meta property=\"og:image:width\" content=\"600\" \/>\n\t<meta property=\"og:image:height\" content=\"800\" \/>\n\t<meta property=\"og:image:type\" content=\"image\/png\" \/>\n<meta name=\"twitter:card\" content=\"summary_large_image\" \/>\n<meta name=\"twitter:label1\" content=\"Est. reading time\" \/>\n\t<meta name=\"twitter:data1\" content=\"2 minutes\" \/>\n<script type=\"application\/ld+json\" class=\"yoast-schema-graph\">{\"@context\":\"https:\/\/schema.org\",\"@graph\":[{\"@type\":\"WebPage\",\"@id\":\"https:\/\/www.ovidiudragosargesanu.ro\/en\/shop\/cursuri-premium\/kombat-ki\/curs-refacerea-si-vindecarea-sufletului-2-bucuresti-acces-online\/\",\"url\":\"https:\/\/www.ovidiudragosargesanu.ro\/en\/shop\/cursuri-premium\/kombat-ki\/curs-refacerea-si-vindecarea-sufletului-2-bucuresti-acces-online\/\",\"name\":\"Curs: Refacerea si vindecarea sufletului 2 - Bucuresti - acces online - Ovidiu Drago\u0219 Arge\u0219anu\",\"isPartOf\":{\"@id\":\"https:\/\/www.ovidiudragosargesanu.ro\/en\/#website\"},\"primaryImageOfPage\":{\"@id\":\"https:\/\/www.ovidiudragosargesanu.ro\/en\/shop\/cursuri-premium\/kombat-ki\/curs-refacerea-si-vindecarea-sufletului-2-bucuresti-acces-online\/#primaryimage\"},\"image\":{\"@id\":\"https:\/\/www.ovidiudragosargesanu.ro\/en\/shop\/cursuri-premium\/kombat-ki\/curs-refacerea-si-vindecarea-sufletului-2-bucuresti-acces-online\/#primaryimage\"},\"thumbnailUrl\":\"https:\/\/www.ovidiudragosargesanu.ro\/en\/wp-content\/uploads\/2024\/08\/Curs-premium-REFACEREA-SI-VINDECAREA-SUFLETULUI-2-Bucuresti-600X800.png\",\"datePublished\":\"2024-08-01T20:04:10+00:00\",\"dateModified\":\"2025-10-04T11:02:59+00:00\",\"description\":\"Cursul practic ,,Refacerea \u0219i vindecarea sufletului 2\\\" din Bucure\u0219ti \u00een data de 12 august 2024\",\"breadcrumb\":{\"@id\":\"https:\/\/www.ovidiudragosargesanu.ro\/en\/shop\/cursuri-premium\/kombat-ki\/curs-refacerea-si-vindecarea-sufletului-2-bucuresti-acces-online\/#breadcrumb\"},\"inLanguage\":\"en-US\",\"potentialAction\":[{\"@type\":\"ReadAction\",\"target\":[\"https:\/\/www.ovidiudragosargesanu.ro\/en\/shop\/cursuri-premium\/kombat-ki\/curs-refacerea-si-vindecarea-sufletului-2-bucuresti-acces-online\/\"]}]},{\"@type\":\"ImageObject\",\"inLanguage\":\"en-US\",\"@id\":\"https:\/\/www.ovidiudragosargesanu.ro\/en\/shop\/cursuri-premium\/kombat-ki\/curs-refacerea-si-vindecarea-sufletului-2-bucuresti-acces-online\/#primaryimage\",\"url\":\"https:\/\/www.ovidiudragosargesanu.ro\/en\/wp-content\/uploads\/2024\/08\/Curs-premium-REFACEREA-SI-VINDECAREA-SUFLETULUI-2-Bucuresti-600X800.png\",\"contentUrl\":\"https:\/\/www.ovidiudragosargesanu.ro\/en\/wp-content\/uploads\/2024\/08\/Curs-premium-REFACEREA-SI-VINDECAREA-SUFLETULUI-2-Bucuresti-600X800.png\",\"width\":600,\"height\":800},{\"@type\":\"BreadcrumbList\",\"@id\":\"https:\/\/www.ovidiudragosargesanu.ro\/en\/shop\/cursuri-premium\/kombat-ki\/curs-refacerea-si-vindecarea-sufletului-2-bucuresti-acces-online\/#breadcrumb\",\"itemListElement\":[{\"@type\":\"ListItem\",\"position\":1,\"name\":\"Prima pagin\u0103\",\"item\":\"https:\/\/www.ovidiudragosargesanu.ro\/en\/\"},{\"@type\":\"ListItem\",\"position\":2,\"name\":\"Shop\",\"item\":\"https:\/\/www.ovidiudragosargesanu.ro\/en\/shop\/\"},{\"@type\":\"ListItem\",\"position\":3,\"name\":\"Curs: Refacerea si vindecarea sufletului 2 &#8211; Bucuresti &#8211; acces online\"}]},{\"@type\":\"WebSite\",\"@id\":\"https:\/\/www.ovidiudragosargesanu.ro\/en\/#website\",\"url\":\"https:\/\/www.ovidiudragosargesanu.ro\/en\/\",\"name\":\"Ovidiu Drago\u0219 Arge\u0219anu\",\"description\":\"\",\"publisher\":{\"@id\":\"https:\/\/www.ovidiudragosargesanu.ro\/en\/#organization\"},\"potentialAction\":[{\"@type\":\"SearchAction\",\"target\":{\"@type\":\"EntryPoint\",\"urlTemplate\":\"https:\/\/www.ovidiudragosargesanu.ro\/en\/?s={search_term_string}\"},\"query-input\":{\"@type\":\"PropertyValueSpecification\",\"valueRequired\":true,\"valueName\":\"search_term_string\"}}],\"inLanguage\":\"en-US\"},{\"@type\":\"Organization\",\"@id\":\"https:\/\/www.ovidiudragosargesanu.ro\/en\/#organization\",\"name\":\"Ovidiu Drago\u0219 Arge\u0219anu\",\"url\":\"https:\/\/www.ovidiudragosargesanu.ro\/en\/\",\"logo\":{\"@type\":\"ImageObject\",\"inLanguage\":\"en-US\",\"@id\":\"https:\/\/www.ovidiudragosargesanu.ro\/en\/#\/schema\/logo\/image\/\",\"url\":\"https:\/\/www.ovidiudragosargesanu.ro\/en\/wp-content\/uploads\/2018\/03\/dragos-logo-lotus-black-400.svg\",\"contentUrl\":\"https:\/\/www.ovidiudragosargesanu.ro\/en\/wp-content\/uploads\/2018\/03\/dragos-logo-lotus-black-400.svg\",\"width\":300,\"height\":150,\"caption\":\"Ovidiu Drago\u0219 Arge\u0219anu\"},\"image\":{\"@id\":\"https:\/\/www.ovidiudragosargesanu.ro\/en\/#\/schema\/logo\/image\/\"}}]}<\/script>\n<!-- \/ Yoast SEO plugin. -->","yoast_head_json":{"title":"Curs: Refacerea si vindecarea sufletului 2 - Bucuresti - acces online - Ovidiu Drago\u0219 Arge\u0219anu","description":"Cursul practic ,,Refacerea \u0219i vindecarea sufletului 2\" din Bucure\u0219ti \u00een data de 12 august 2024","robots":{"index":"noindex","follow":"follow","max-snippet":"max-snippet:-1","max-image-preview":"max-image-preview:large","max-video-preview":"max-video-preview:-1"},"og_locale":"en_US","og_type":"article","og_title":"Curs: Refacerea si vindecarea sufletului 2 - Bucuresti - acces online - Ovidiu Drago\u0219 Arge\u0219anu","og_description":"Cursul practic ,,Refacerea \u0219i vindecarea sufletului 2\" din Bucure\u0219ti \u00een data de 12 august 2024","og_url":"https:\/\/www.ovidiudragosargesanu.ro\/en\/shop\/cursuri-premium\/kombat-ki\/curs-refacerea-si-vindecarea-sufletului-2-bucuresti-acces-online\/","og_site_name":"Ovidiu Drago\u0219 Arge\u0219anu","article_modified_time":"2025-10-04T11:02:59+00:00","og_image":[{"width":600,"height":800,"url":"https:\/\/www.ovidiudragosargesanu.ro\/en\/wp-content\/uploads\/2024\/08\/Curs-premium-REFACEREA-SI-VINDECAREA-SUFLETULUI-2-Bucuresti-600X800.png","type":"image\/png"}],"twitter_card":"summary_large_image","twitter_misc":{"Est. reading time":"2 minutes"},"schema":{"@context":"https:\/\/schema.org","@graph":[{"@type":"WebPage","@id":"https:\/\/www.ovidiudragosargesanu.ro\/en\/shop\/cursuri-premium\/kombat-ki\/curs-refacerea-si-vindecarea-sufletului-2-bucuresti-acces-online\/","url":"https:\/\/www.ovidiudragosargesanu.ro\/en\/shop\/cursuri-premium\/kombat-ki\/curs-refacerea-si-vindecarea-sufletului-2-bucuresti-acces-online\/","name":"Curs: Refacerea si vindecarea sufletului 2 - Bucuresti - acces online - Ovidiu Drago\u0219 Arge\u0219anu","isPartOf":{"@id":"https:\/\/www.ovidiudragosargesanu.ro\/en\/#website"},"primaryImageOfPage":{"@id":"https:\/\/www.ovidiudragosargesanu.ro\/en\/shop\/cursuri-premium\/kombat-ki\/curs-refacerea-si-vindecarea-sufletului-2-bucuresti-acces-online\/#primaryimage"},"image":{"@id":"https:\/\/www.ovidiudragosargesanu.ro\/en\/shop\/cursuri-premium\/kombat-ki\/curs-refacerea-si-vindecarea-sufletului-2-bucuresti-acces-online\/#primaryimage"},"thumbnailUrl":"https:\/\/www.ovidiudragosargesanu.ro\/en\/wp-content\/uploads\/2024\/08\/Curs-premium-REFACEREA-SI-VINDECAREA-SUFLETULUI-2-Bucuresti-600X800.png","datePublished":"2024-08-01T20:04:10+00:00","dateModified":"2025-10-04T11:02:59+00:00","description":"Cursul practic ,,Refacerea \u0219i vindecarea sufletului 2\" din Bucure\u0219ti \u00een data de 12 august 2024","breadcrumb":{"@id":"https:\/\/www.ovidiudragosargesanu.ro\/en\/shop\/cursuri-premium\/kombat-ki\/curs-refacerea-si-vindecarea-sufletului-2-bucuresti-acces-online\/#breadcrumb"},"inLanguage":"en-US","potentialAction":[{"@type":"ReadAction","target":["https:\/\/www.ovidiudragosargesanu.ro\/en\/shop\/cursuri-premium\/kombat-ki\/curs-refacerea-si-vindecarea-sufletului-2-bucuresti-acces-online\/"]}]},{"@type":"ImageObject","inLanguage":"en-US","@id":"https:\/\/www.ovidiudragosargesanu.ro\/en\/shop\/cursuri-premium\/kombat-ki\/curs-refacerea-si-vindecarea-sufletului-2-bucuresti-acces-online\/#primaryimage","url":"https:\/\/www.ovidiudragosargesanu.ro\/en\/wp-content\/uploads\/2024\/08\/Curs-premium-REFACEREA-SI-VINDECAREA-SUFLETULUI-2-Bucuresti-600X800.png","contentUrl":"https:\/\/www.ovidiudragosargesanu.ro\/en\/wp-content\/uploads\/2024\/08\/Curs-premium-REFACEREA-SI-VINDECAREA-SUFLETULUI-2-Bucuresti-600X800.png","width":600,"height":800},{"@type":"BreadcrumbList","@id":"https:\/\/www.ovidiudragosargesanu.ro\/en\/shop\/cursuri-premium\/kombat-ki\/curs-refacerea-si-vindecarea-sufletului-2-bucuresti-acces-online\/#breadcrumb","itemListElement":[{"@type":"ListItem","position":1,"name":"Prima pagin\u0103","item":"https:\/\/www.ovidiudragosargesanu.ro\/en\/"},{"@type":"ListItem","position":2,"name":"Shop","item":"https:\/\/www.ovidiudragosargesanu.ro\/en\/shop\/"},{"@type":"ListItem","position":3,"name":"Curs: Refacerea si vindecarea sufletului 2 &#8211; Bucuresti &#8211; acces online"}]},{"@type":"WebSite","@id":"https:\/\/www.ovidiudragosargesanu.ro\/en\/#website","url":"https:\/\/www.ovidiudragosargesanu.ro\/en\/","name":"Ovidiu Drago\u0219 Arge\u0219anu","description":"","publisher":{"@id":"https:\/\/www.ovidiudragosargesanu.ro\/en\/#organization"},"potentialAction":[{"@type":"SearchAction","target":{"@type":"EntryPoint","urlTemplate":"https:\/\/www.ovidiudragosargesanu.ro\/en\/?s={search_term_string}"},"query-input":{"@type":"PropertyValueSpecification","valueRequired":true,"valueName":"search_term_string"}}],"inLanguage":"en-US"},{"@type":"Organization","@id":"https:\/\/www.ovidiudragosargesanu.ro\/en\/#organization","name":"Ovidiu Drago\u0219 Arge\u0219anu","url":"https:\/\/www.ovidiudragosargesanu.ro\/en\/","logo":{"@type":"ImageObject","inLanguage":"en-US","@id":"https:\/\/www.ovidiudragosargesanu.ro\/en\/#\/schema\/logo\/image\/","url":"https:\/\/www.ovidiudragosargesanu.ro\/en\/wp-content\/uploads\/2018\/03\/dragos-logo-lotus-black-400.svg","contentUrl":"https:\/\/www.ovidiudragosargesanu.ro\/en\/wp-content\/uploads\/2018\/03\/dragos-logo-lotus-black-400.svg","width":300,"height":150,"caption":"Ovidiu Drago\u0219 Arge\u0219anu"},"image":{"@id":"https:\/\/www.ovidiudragosargesanu.ro\/en\/#\/schema\/logo\/image\/"}}]}},"_links":{"self":[{"href":"https:\/\/www.ovidiudragosargesanu.ro\/en\/wp-json\/wp\/v2\/product\/13755","targetHints":{"allow":["GET"]}}],"collection":[{"href":"https:\/\/www.ovidiudragosargesanu.ro\/en\/wp-json\/wp\/v2\/product"}],"about":[{"href":"https:\/\/www.ovidiudragosargesanu.ro\/en\/wp-json\/wp\/v2\/types\/product"}],"version-history":[{"count":10,"href":"https:\/\/www.ovidiudragosargesanu.ro\/en\/wp-json\/wp\/v2\/product\/13755\/revisions"}],"predecessor-version":[{"id":37557,"href":"https:\/\/www.ovidiudragosargesanu.ro\/en\/wp-json\/wp\/v2\/product\/13755\/revisions\/37557"}],"wp:featuredmedia":[{"embeddable":true,"href":"https:\/\/www.ovidiudragosargesanu.ro\/en\/wp-json\/wp\/v2\/media\/66195"}],"wp:attachment":[{"href":"https:\/\/www.ovidiudragosargesanu.ro\/en\/wp-json\/wp\/v2\/media?parent=13755"}],"wp:term":[{"taxonomy":"product_brand","embeddable":true,"href":"https:\/\/www.ovidiudragosargesanu.ro\/en\/wp-json\/wp\/v2\/product_brand?post=13755"},{"taxonomy":"product_cat","embeddable":true,"href":"https:\/\/www.ovidiudragosargesanu.ro\/en\/wp-json\/wp\/v2\/product_cat?post=13755"},{"taxonomy":"product_tag","embeddable":true,"href":"https:\/\/www.ovidiudragosargesanu.ro\/en\/wp-json\/wp\/v2\/product_tag?post=13755"}],"curies":[{"name":"wp","href":"https:\/\/api.w.org\/{rel}","templated":true}]}}