{"id":15544,"date":"2024-08-23T16:30:12","date_gmt":"2024-08-23T13:30:12","guid":{"rendered":"https:\/\/www.ovidiudragosargesanu.ro\/?post_type=product&#038;p=15544"},"modified":"2025-10-04T13:42:49","modified_gmt":"2025-10-04T10:42:49","slug":"curs-kombat-ki-cluj-napoca-acces-online","status":"publish","type":"product","link":"https:\/\/www.ovidiudragosargesanu.ro\/en\/shop\/cursuri-premium\/kombat-ki\/curs-kombat-ki-cluj-napoca-acces-online\/","title":{"rendered":"Curs: Kombat KI &#8211; Cluj &#8211; Napoca- acces online"},"content":{"rendered":"<p><span style=\"font-weight: 400;\">Dac\u0103 e\u0219ti interesat s\u0103 \u00ee\u021bi \u00eembun\u0103t\u0103\u021be\u0219ti <\/span><b>abilit\u0103\u021bile<\/b><span style=\"font-weight: 400;\"> de <\/span><b>autoap\u0103rare<\/b><span style=\"font-weight: 400;\"> \u00een timp ce lucrezi la <\/span><b>dezvoltarea ta personal\u0103<\/b><span style=\"font-weight: 400;\"> \u0219i energetic\u0103, acceseaz\u0103 cursul meu ,,<\/span><b>Kombat KI<\/b><span style=\"font-weight: 400;\">\u201d din Cluj &#8211; Napoca, din data de 11 septembrie.<\/span><\/p>\n<p><span style=\"font-weight: 400;\">\u2753Ce este Kombat KI ? Este sistemul de antrenament, autoap\u0103rare \u0219i dezvoltare personal\u0103 care combin\u0103 tehnici de arte mar\u021biale cu elemente de cunoa\u0219tere energetic\u0103 \u0219i spiritual\u0103.\u00a0<\/span><\/p>\n<p><span style=\"font-weight: 400;\">\u2757\ufe0fAcest sistem se extinde asupra \u00eentregului spectru al fiin\u021bei umane, care include <\/span><b>corpul<\/b><span style=\"font-weight: 400;\">, <\/span><b>mintea<\/b><span style=\"font-weight: 400;\"> \u0219i <\/span><b>spiritul<\/b><span style=\"font-weight: 400;\">.<\/span><\/p>\n<p><b>Kombat Ki<\/b><span style=\"font-weight: 400;\"> este calea cea mai potrivit\u0103 de <\/span><b>evolu\u021bie<\/b><span style=\"font-weight: 400;\"> pentru r\u0103zboinicii luminii. O evolu\u021bie care se parcurge, de regul\u0103, <\/span><b>\u00een echip\u0103<\/b><span style=\"font-weight: 400;\">.<\/span><\/p>\n<p><span style=\"font-weight: 400;\">A\u0219 fi vrut s\u00e3 fie o cale mai u\u0219oar\u00e3 de evolu\u021bie pentru r\u0103zboinicii luminii, dar nu este. Ceea ce te cre\u0219te este lupta PSI, antrenamentul zilnic. Este nevoie ca acest antrenament s\u00e3 se fac\u00e3 \u00een echip\u00e3 \u0219i pe principiul artelor mar\u021biale. Unul dintre combatan\u021bi este Tori \u0219i altul Uke. Mai exact, unul atac\u00e3 \u0219i altul r\u00e3spunde atacului prin tehnici de ap\u00e3rare, sau contraatac\u00e3.<\/span><\/p>\n<p><span style=\"font-weight: 400;\">,,Un arhistrateg trebuie s\u00e3 fie preg\u00e3tit s\u00e3 \u00eengroape totul: iubirea, familia, copiii, averea, propriul suflet \u0219i pe el \u00eensu\u0219i dac\u00e3 r\u00e3zboiul o cere. IO\u201d<\/span><\/p>\n<p>&nbsp;<\/p>\n<p>&nbsp;<\/p>\n","protected":false},"excerpt":{"rendered":"<p><span style=\"font-weight: 400;\">Cursul ,,Kombat KI\u201d la Cluj-Napoca \u00een data de 11 septembrie 2024.<\/span><\/p>\n","protected":false},"featured_media":66185,"template":"","meta":{"inline_featured_image":false},"product_brand":[],"product_cat":[602,762],"product_tag":[],"class_list":{"0":"post-15544","1":"product","2":"type-product","3":"status-publish","4":"has-post-thumbnail","6":"product_cat-cursuri-premium","7":"product_cat-kombat-ki","9":"first","10":"instock","11":"virtual","12":"sold-individually","13":"taxable","14":"purchasable","15":"product-type-simple"},"yoast_head":"<!-- This site is optimized with the Yoast SEO plugin v26.9 - https:\/\/yoast.com\/product\/yoast-seo-wordpress\/ -->\n<title>Curs: Kombat KI - Cluj - Napoca- acces online - Ovidiu Drago\u0219 Arge\u0219anu<\/title>\n<meta name=\"description\" content=\"\u00ce\u021bi propun s\u0103 accesezi cursul meu ,,Kombat KI - Modulul II&quot; din Cluj-Napoca din data de 11 septembrie 2024\" \/>\n<meta name=\"robots\" content=\"noindex, follow, max-snippet:-1, max-image-preview:large, max-video-preview:-1\" \/>\n<meta property=\"og:locale\" content=\"en_US\" \/>\n<meta property=\"og:type\" content=\"article\" \/>\n<meta property=\"og:title\" content=\"Curs: Kombat KI - Cluj - Napoca- acces online - Ovidiu Drago\u0219 Arge\u0219anu\" \/>\n<meta property=\"og:description\" content=\"\u00ce\u021bi propun s\u0103 accesezi cursul meu ,,Kombat KI - Modulul II&quot; din Cluj-Napoca din data de 11 septembrie 2024\" \/>\n<meta property=\"og:url\" content=\"https:\/\/www.ovidiudragosargesanu.ro\/en\/shop\/cursuri-premium\/kombat-ki\/curs-kombat-ki-cluj-napoca-acces-online\/\" \/>\n<meta property=\"og:site_name\" content=\"Ovidiu Drago\u0219 Arge\u0219anu\" \/>\n<meta property=\"article:modified_time\" content=\"2025-10-04T10:42:49+00:00\" \/>\n<meta property=\"og:image\" content=\"https:\/\/www.ovidiudragosargesanu.ro\/en\/wp-content\/uploads\/2024\/08\/Curs-premium-Kombat-Ki-Cluj-Napoca-600X800.png\" \/>\n\t<meta property=\"og:image:width\" content=\"600\" \/>\n\t<meta property=\"og:image:height\" content=\"800\" \/>\n\t<meta property=\"og:image:type\" content=\"image\/png\" \/>\n<meta name=\"twitter:card\" content=\"summary_large_image\" \/>\n<meta name=\"twitter:label1\" content=\"Est. reading time\" \/>\n\t<meta name=\"twitter:data1\" content=\"1 minute\" \/>\n<script type=\"application\/ld+json\" class=\"yoast-schema-graph\">{\"@context\":\"https:\/\/schema.org\",\"@graph\":[{\"@type\":\"WebPage\",\"@id\":\"https:\/\/www.ovidiudragosargesanu.ro\/en\/shop\/cursuri-premium\/kombat-ki\/curs-kombat-ki-cluj-napoca-acces-online\/\",\"url\":\"https:\/\/www.ovidiudragosargesanu.ro\/en\/shop\/cursuri-premium\/kombat-ki\/curs-kombat-ki-cluj-napoca-acces-online\/\",\"name\":\"Curs: Kombat KI - Cluj - Napoca- acces online - Ovidiu Drago\u0219 Arge\u0219anu\",\"isPartOf\":{\"@id\":\"https:\/\/www.ovidiudragosargesanu.ro\/en\/#website\"},\"primaryImageOfPage\":{\"@id\":\"https:\/\/www.ovidiudragosargesanu.ro\/en\/shop\/cursuri-premium\/kombat-ki\/curs-kombat-ki-cluj-napoca-acces-online\/#primaryimage\"},\"image\":{\"@id\":\"https:\/\/www.ovidiudragosargesanu.ro\/en\/shop\/cursuri-premium\/kombat-ki\/curs-kombat-ki-cluj-napoca-acces-online\/#primaryimage\"},\"thumbnailUrl\":\"https:\/\/www.ovidiudragosargesanu.ro\/en\/wp-content\/uploads\/2024\/08\/Curs-premium-Kombat-Ki-Cluj-Napoca-600X800.png\",\"datePublished\":\"2024-08-23T13:30:12+00:00\",\"dateModified\":\"2025-10-04T10:42:49+00:00\",\"description\":\"\u00ce\u021bi propun s\u0103 accesezi cursul meu ,,Kombat KI - Modulul II\\\" din Cluj-Napoca din data de 11 septembrie 2024\",\"breadcrumb\":{\"@id\":\"https:\/\/www.ovidiudragosargesanu.ro\/en\/shop\/cursuri-premium\/kombat-ki\/curs-kombat-ki-cluj-napoca-acces-online\/#breadcrumb\"},\"inLanguage\":\"en-US\",\"potentialAction\":[{\"@type\":\"ReadAction\",\"target\":[\"https:\/\/www.ovidiudragosargesanu.ro\/en\/shop\/cursuri-premium\/kombat-ki\/curs-kombat-ki-cluj-napoca-acces-online\/\"]}]},{\"@type\":\"ImageObject\",\"inLanguage\":\"en-US\",\"@id\":\"https:\/\/www.ovidiudragosargesanu.ro\/en\/shop\/cursuri-premium\/kombat-ki\/curs-kombat-ki-cluj-napoca-acces-online\/#primaryimage\",\"url\":\"https:\/\/www.ovidiudragosargesanu.ro\/en\/wp-content\/uploads\/2024\/08\/Curs-premium-Kombat-Ki-Cluj-Napoca-600X800.png\",\"contentUrl\":\"https:\/\/www.ovidiudragosargesanu.ro\/en\/wp-content\/uploads\/2024\/08\/Curs-premium-Kombat-Ki-Cluj-Napoca-600X800.png\",\"width\":600,\"height\":800},{\"@type\":\"BreadcrumbList\",\"@id\":\"https:\/\/www.ovidiudragosargesanu.ro\/en\/shop\/cursuri-premium\/kombat-ki\/curs-kombat-ki-cluj-napoca-acces-online\/#breadcrumb\",\"itemListElement\":[{\"@type\":\"ListItem\",\"position\":1,\"name\":\"Prima pagin\u0103\",\"item\":\"https:\/\/www.ovidiudragosargesanu.ro\/en\/\"},{\"@type\":\"ListItem\",\"position\":2,\"name\":\"Shop\",\"item\":\"https:\/\/www.ovidiudragosargesanu.ro\/en\/shop\/\"},{\"@type\":\"ListItem\",\"position\":3,\"name\":\"Curs: Kombat KI &#8211; Cluj &#8211; Napoca- acces online\"}]},{\"@type\":\"WebSite\",\"@id\":\"https:\/\/www.ovidiudragosargesanu.ro\/en\/#website\",\"url\":\"https:\/\/www.ovidiudragosargesanu.ro\/en\/\",\"name\":\"Ovidiu Drago\u0219 Arge\u0219anu\",\"description\":\"\",\"publisher\":{\"@id\":\"https:\/\/www.ovidiudragosargesanu.ro\/en\/#organization\"},\"potentialAction\":[{\"@type\":\"SearchAction\",\"target\":{\"@type\":\"EntryPoint\",\"urlTemplate\":\"https:\/\/www.ovidiudragosargesanu.ro\/en\/?s={search_term_string}\"},\"query-input\":{\"@type\":\"PropertyValueSpecification\",\"valueRequired\":true,\"valueName\":\"search_term_string\"}}],\"inLanguage\":\"en-US\"},{\"@type\":\"Organization\",\"@id\":\"https:\/\/www.ovidiudragosargesanu.ro\/en\/#organization\",\"name\":\"Ovidiu Drago\u0219 Arge\u0219anu\",\"url\":\"https:\/\/www.ovidiudragosargesanu.ro\/en\/\",\"logo\":{\"@type\":\"ImageObject\",\"inLanguage\":\"en-US\",\"@id\":\"https:\/\/www.ovidiudragosargesanu.ro\/en\/#\/schema\/logo\/image\/\",\"url\":\"https:\/\/www.ovidiudragosargesanu.ro\/en\/wp-content\/uploads\/2018\/03\/dragos-logo-lotus-black-400.svg\",\"contentUrl\":\"https:\/\/www.ovidiudragosargesanu.ro\/en\/wp-content\/uploads\/2018\/03\/dragos-logo-lotus-black-400.svg\",\"width\":300,\"height\":150,\"caption\":\"Ovidiu Drago\u0219 Arge\u0219anu\"},\"image\":{\"@id\":\"https:\/\/www.ovidiudragosargesanu.ro\/en\/#\/schema\/logo\/image\/\"}}]}<\/script>\n<!-- \/ Yoast SEO plugin. -->","yoast_head_json":{"title":"Curs: Kombat KI - Cluj - Napoca- acces online - Ovidiu Drago\u0219 Arge\u0219anu","description":"\u00ce\u021bi propun s\u0103 accesezi cursul meu ,,Kombat KI - Modulul II\" din Cluj-Napoca din data de 11 septembrie 2024","robots":{"index":"noindex","follow":"follow","max-snippet":"max-snippet:-1","max-image-preview":"max-image-preview:large","max-video-preview":"max-video-preview:-1"},"og_locale":"en_US","og_type":"article","og_title":"Curs: Kombat KI - Cluj - Napoca- acces online - Ovidiu Drago\u0219 Arge\u0219anu","og_description":"\u00ce\u021bi propun s\u0103 accesezi cursul meu ,,Kombat KI - Modulul II\" din Cluj-Napoca din data de 11 septembrie 2024","og_url":"https:\/\/www.ovidiudragosargesanu.ro\/en\/shop\/cursuri-premium\/kombat-ki\/curs-kombat-ki-cluj-napoca-acces-online\/","og_site_name":"Ovidiu Drago\u0219 Arge\u0219anu","article_modified_time":"2025-10-04T10:42:49+00:00","og_image":[{"width":600,"height":800,"url":"https:\/\/www.ovidiudragosargesanu.ro\/en\/wp-content\/uploads\/2024\/08\/Curs-premium-Kombat-Ki-Cluj-Napoca-600X800.png","type":"image\/png"}],"twitter_card":"summary_large_image","twitter_misc":{"Est. reading time":"1 minute"},"schema":{"@context":"https:\/\/schema.org","@graph":[{"@type":"WebPage","@id":"https:\/\/www.ovidiudragosargesanu.ro\/en\/shop\/cursuri-premium\/kombat-ki\/curs-kombat-ki-cluj-napoca-acces-online\/","url":"https:\/\/www.ovidiudragosargesanu.ro\/en\/shop\/cursuri-premium\/kombat-ki\/curs-kombat-ki-cluj-napoca-acces-online\/","name":"Curs: Kombat KI - Cluj - Napoca- acces online - Ovidiu Drago\u0219 Arge\u0219anu","isPartOf":{"@id":"https:\/\/www.ovidiudragosargesanu.ro\/en\/#website"},"primaryImageOfPage":{"@id":"https:\/\/www.ovidiudragosargesanu.ro\/en\/shop\/cursuri-premium\/kombat-ki\/curs-kombat-ki-cluj-napoca-acces-online\/#primaryimage"},"image":{"@id":"https:\/\/www.ovidiudragosargesanu.ro\/en\/shop\/cursuri-premium\/kombat-ki\/curs-kombat-ki-cluj-napoca-acces-online\/#primaryimage"},"thumbnailUrl":"https:\/\/www.ovidiudragosargesanu.ro\/en\/wp-content\/uploads\/2024\/08\/Curs-premium-Kombat-Ki-Cluj-Napoca-600X800.png","datePublished":"2024-08-23T13:30:12+00:00","dateModified":"2025-10-04T10:42:49+00:00","description":"\u00ce\u021bi propun s\u0103 accesezi cursul meu ,,Kombat KI - Modulul II\" din Cluj-Napoca din data de 11 septembrie 2024","breadcrumb":{"@id":"https:\/\/www.ovidiudragosargesanu.ro\/en\/shop\/cursuri-premium\/kombat-ki\/curs-kombat-ki-cluj-napoca-acces-online\/#breadcrumb"},"inLanguage":"en-US","potentialAction":[{"@type":"ReadAction","target":["https:\/\/www.ovidiudragosargesanu.ro\/en\/shop\/cursuri-premium\/kombat-ki\/curs-kombat-ki-cluj-napoca-acces-online\/"]}]},{"@type":"ImageObject","inLanguage":"en-US","@id":"https:\/\/www.ovidiudragosargesanu.ro\/en\/shop\/cursuri-premium\/kombat-ki\/curs-kombat-ki-cluj-napoca-acces-online\/#primaryimage","url":"https:\/\/www.ovidiudragosargesanu.ro\/en\/wp-content\/uploads\/2024\/08\/Curs-premium-Kombat-Ki-Cluj-Napoca-600X800.png","contentUrl":"https:\/\/www.ovidiudragosargesanu.ro\/en\/wp-content\/uploads\/2024\/08\/Curs-premium-Kombat-Ki-Cluj-Napoca-600X800.png","width":600,"height":800},{"@type":"BreadcrumbList","@id":"https:\/\/www.ovidiudragosargesanu.ro\/en\/shop\/cursuri-premium\/kombat-ki\/curs-kombat-ki-cluj-napoca-acces-online\/#breadcrumb","itemListElement":[{"@type":"ListItem","position":1,"name":"Prima pagin\u0103","item":"https:\/\/www.ovidiudragosargesanu.ro\/en\/"},{"@type":"ListItem","position":2,"name":"Shop","item":"https:\/\/www.ovidiudragosargesanu.ro\/en\/shop\/"},{"@type":"ListItem","position":3,"name":"Curs: Kombat KI &#8211; Cluj &#8211; Napoca- acces online"}]},{"@type":"WebSite","@id":"https:\/\/www.ovidiudragosargesanu.ro\/en\/#website","url":"https:\/\/www.ovidiudragosargesanu.ro\/en\/","name":"Ovidiu Drago\u0219 Arge\u0219anu","description":"","publisher":{"@id":"https:\/\/www.ovidiudragosargesanu.ro\/en\/#organization"},"potentialAction":[{"@type":"SearchAction","target":{"@type":"EntryPoint","urlTemplate":"https:\/\/www.ovidiudragosargesanu.ro\/en\/?s={search_term_string}"},"query-input":{"@type":"PropertyValueSpecification","valueRequired":true,"valueName":"search_term_string"}}],"inLanguage":"en-US"},{"@type":"Organization","@id":"https:\/\/www.ovidiudragosargesanu.ro\/en\/#organization","name":"Ovidiu Drago\u0219 Arge\u0219anu","url":"https:\/\/www.ovidiudragosargesanu.ro\/en\/","logo":{"@type":"ImageObject","inLanguage":"en-US","@id":"https:\/\/www.ovidiudragosargesanu.ro\/en\/#\/schema\/logo\/image\/","url":"https:\/\/www.ovidiudragosargesanu.ro\/en\/wp-content\/uploads\/2018\/03\/dragos-logo-lotus-black-400.svg","contentUrl":"https:\/\/www.ovidiudragosargesanu.ro\/en\/wp-content\/uploads\/2018\/03\/dragos-logo-lotus-black-400.svg","width":300,"height":150,"caption":"Ovidiu Drago\u0219 Arge\u0219anu"},"image":{"@id":"https:\/\/www.ovidiudragosargesanu.ro\/en\/#\/schema\/logo\/image\/"}}]}},"_links":{"self":[{"href":"https:\/\/www.ovidiudragosargesanu.ro\/en\/wp-json\/wp\/v2\/product\/15544","targetHints":{"allow":["GET"]}}],"collection":[{"href":"https:\/\/www.ovidiudragosargesanu.ro\/en\/wp-json\/wp\/v2\/product"}],"about":[{"href":"https:\/\/www.ovidiudragosargesanu.ro\/en\/wp-json\/wp\/v2\/types\/product"}],"version-history":[{"count":6,"href":"https:\/\/www.ovidiudragosargesanu.ro\/en\/wp-json\/wp\/v2\/product\/15544\/revisions"}],"predecessor-version":[{"id":18336,"href":"https:\/\/www.ovidiudragosargesanu.ro\/en\/wp-json\/wp\/v2\/product\/15544\/revisions\/18336"}],"wp:featuredmedia":[{"embeddable":true,"href":"https:\/\/www.ovidiudragosargesanu.ro\/en\/wp-json\/wp\/v2\/media\/66185"}],"wp:attachment":[{"href":"https:\/\/www.ovidiudragosargesanu.ro\/en\/wp-json\/wp\/v2\/media?parent=15544"}],"wp:term":[{"taxonomy":"product_brand","embeddable":true,"href":"https:\/\/www.ovidiudragosargesanu.ro\/en\/wp-json\/wp\/v2\/product_brand?post=15544"},{"taxonomy":"product_cat","embeddable":true,"href":"https:\/\/www.ovidiudragosargesanu.ro\/en\/wp-json\/wp\/v2\/product_cat?post=15544"},{"taxonomy":"product_tag","embeddable":true,"href":"https:\/\/www.ovidiudragosargesanu.ro\/en\/wp-json\/wp\/v2\/product_tag?post=15544"}],"curies":[{"name":"wp","href":"https:\/\/api.w.org\/{rel}","templated":true}]}}