{"id":20252,"date":"2024-09-20T21:04:14","date_gmt":"2024-09-20T18:04:14","guid":{"rendered":"https:\/\/www.ovidiudragosargesanu.ro\/?post_type=product&#038;p=20252"},"modified":"2025-10-04T13:53:00","modified_gmt":"2025-10-04T10:53:00","slug":"curs-kombat-ki-modulul-iii-bucuresti-acces-online","status":"publish","type":"product","link":"https:\/\/www.ovidiudragosargesanu.ro\/en\/shop\/cursuri-premium\/kombat-ki\/curs-kombat-ki-modulul-iii-bucuresti-acces-online\/","title":{"rendered":"Curs: Kombat KI &#8211; Modulul III &#8211; Bucuresti &#8211; acces online"},"content":{"rendered":"<p><span style=\"font-weight: 400;\">Cursul meu ,,Kombat KI &#8211; Modulul III&#8221; a avut loc \u00een Bucure\u0219ti, pe 7 octombrie.<\/span><\/p>\n<p><span style=\"font-weight: 400;\">Kombat KI este un adev\u0103rat drum spre autocunoa\u0219tere \u0219i echilibru interior. Fiecare antrenament este o lec\u021bie de disciplin\u0103, menit\u0103 s\u0103 \u00ee\u021bi dezvolte puterea interioar\u0103. Este despre dep\u0103\u0219irea limitelor \u0219i g\u0103sirea unei noi perspective asupra vie\u021bii \u0219i a provoc\u0103rilor ei. Cred cu t\u0103rie c\u0103 prin aceast\u0103 practic\u0103, fricile se pot transforma \u00een \u00eencredere \u0219i haosul \u00een ordine. \u00cen esen\u021b\u0103, KOMBAT KI este calea c\u0103tre adev\u0103rata putere, cea care vine din interior.<\/span><\/p>\n<p><b>Cursul cuprinde trei module esen\u021biale:<\/b><\/p>\n<p><b>1.SPA\u021aIILE:<\/b><\/p>\n<ul>\n<li style=\"font-weight: 400;\" aria-level=\"1\"><span style=\"font-weight: 400;\">Ce sunt spa\u021biile \u0219i de c\u00e2te tipuri sunt.<\/span><\/li>\n<li style=\"font-weight: 400;\" aria-level=\"1\"><span style=\"font-weight: 400;\">Cum se fac spa\u021biile.<\/span><\/li>\n<li style=\"font-weight: 400;\" aria-level=\"1\"><span style=\"font-weight: 400;\">Informa\u021biile dintr-un spa\u021biu.<\/span><\/li>\n<li style=\"font-weight: 400;\" aria-level=\"1\"><span style=\"font-weight: 400;\">Anihilarea acestora.<\/span><\/li>\n<li style=\"font-weight: 400;\" aria-level=\"1\"><span style=\"font-weight: 400;\">Ce \u0219i cum se m\u0103soar\u0103 radiestezic spa\u021biile.<\/span><\/li>\n<li style=\"font-weight: 400;\" aria-level=\"1\"><span style=\"font-weight: 400;\">Cum ne pot influen\u021ba via\u021ba de zi cu zi.<\/span><\/li>\n<li style=\"font-weight: 400;\" aria-level=\"1\"><span style=\"font-weight: 400;\">Spa\u021biile speciale.<\/span><\/li>\n<li style=\"font-weight: 400;\" aria-level=\"1\"><span style=\"font-weight: 400;\">Blestemele \u0219i jur\u0103mintele. <\/span><\/li>\n<\/ul>\n<p><span style=\"font-weight: 400;\">2.<\/span><b>S\u0102BIILE DE LUMIN\u0102:<\/b><\/p>\n<ul>\n<li style=\"font-weight: 400;\" aria-level=\"1\"><span style=\"font-weight: 400;\">Con\u0219tientizarea existen\u021bei sabiei de lumin\u0103.<\/span><\/li>\n<li style=\"font-weight: 400;\" aria-level=\"1\"><span style=\"font-weight: 400;\">Medita\u021bia dob\u00e2ndirii sabiei de lumina.<\/span><\/li>\n<li style=\"font-weight: 400;\" aria-level=\"1\"><span style=\"font-weight: 400;\">Algoritmul de c\u0103utare a sabiei cu ansa.<\/span><\/li>\n<li style=\"font-weight: 400;\" aria-level=\"1\"><span style=\"font-weight: 400;\">\u00cenc\u0103rcarea s\u0103biilor voastre \u0219i a arhanghelilor \/ ghizilor.<\/span><\/li>\n<li style=\"font-weight: 400;\" aria-level=\"1\"><span style=\"font-weight: 400;\">Ce se poate face cu sabia de lumin\u0103.<\/span><\/li>\n<li style=\"font-weight: 400;\" aria-level=\"1\"><span style=\"font-weight: 400;\">Cum po\u021bi fi atacat cu acestea \u0219i metode de ap\u0103rare.<\/span><\/li>\n<li style=\"font-weight: 400;\" aria-level=\"1\"><span style=\"font-weight: 400;\">Manifest\u0103rile \u00een planul fizic ale atacurilor cu sabia de lumin\u0103.<\/span><\/li>\n<li style=\"font-weight: 400;\" aria-level=\"1\"><span style=\"font-weight: 400;\">Ce se m\u0103soar\u0103 radiestezic pentru identificare, atac \u0219i refacere.<\/span><\/li>\n<li style=\"font-weight: 400;\" aria-level=\"1\"><span style=\"font-weight: 400;\">Medita\u021bia dob\u00e2ndirii sabiei de lumin\u0103.<\/span><\/li>\n<\/ul>\n<p><b>3.\u0218ARPELE KUNDALINI:<\/b><\/p>\n<ul>\n<li style=\"font-weight: 400;\" aria-level=\"1\"><span style=\"font-weight: 400;\">Ce este \u0219i unde este pozi\u021bionat.<\/span><\/li>\n<li style=\"font-weight: 400;\" aria-level=\"1\"><span style=\"font-weight: 400;\">Metode de cre\u0219tere.<\/span><\/li>\n<li style=\"font-weight: 400;\" aria-level=\"1\"><span style=\"font-weight: 400;\">Trezirea sarpelui kundalini, efecte.<\/span><\/li>\n<li style=\"font-weight: 400;\" aria-level=\"1\"><span style=\"font-weight: 400;\">Cum \u00eei cre\u0219ti sau epuizezi energia.<\/span><\/li>\n<li style=\"font-weight: 400;\" aria-level=\"1\"><span style=\"font-weight: 400;\">Ce se \u00eent\u00e2mpl\u0103 cu SK-ul \u00een rela\u021bii.<\/span><\/li>\n<li style=\"font-weight: 400;\" aria-level=\"1\"><span style=\"font-weight: 400;\">Trezirea \u0219arpelui Kundalini.<\/span><\/li>\n<li style=\"font-weight: 400;\" aria-level=\"1\"><span style=\"font-weight: 400;\">Cum poate fi legat, atacat, pierdut dar \u0219i metode de refacere \u0219i dezlegare.<\/span><\/li>\n<li style=\"font-weight: 400;\" aria-level=\"1\"><span style=\"font-weight: 400;\">M\u0103sur\u0103tori specifice.<\/span><\/li>\n<\/ul>\n<p>&nbsp;<\/p>\n","protected":false},"excerpt":{"rendered":"<p><span style=\"font-weight: 400;\">ACCES NELIMITAT!<\/span><\/p>\n<p><span style=\"font-weight: 400;\">Te invit s\u0103 vizionezi cursul meu ,,Kombat KI &#8211; Modulul III&#8221; din Bucure\u0219ti.<\/span><\/p>\n<p>&nbsp;<\/p>\n","protected":false},"featured_media":66187,"template":"","meta":{"inline_featured_image":false},"product_brand":[],"product_cat":[602,762],"product_tag":[],"class_list":{"0":"post-20252","1":"product","2":"type-product","3":"status-publish","4":"has-post-thumbnail","6":"product_cat-cursuri-premium","7":"product_cat-kombat-ki","9":"first","10":"instock","11":"virtual","12":"sold-individually","13":"taxable","14":"purchasable","15":"product-type-simple"},"yoast_head":"<!-- This site is optimized with the Yoast SEO plugin v26.9 - https:\/\/yoast.com\/product\/yoast-seo-wordpress\/ -->\n<title>Curs: Kombat KI - Modulul III - Bucuresti - acces online - Ovidiu Drago\u0219 Arge\u0219anu<\/title>\n<meta name=\"description\" content=\"\u00ce\u021bi propun s\u0103 accesezi cursul meu ,,Kombat KI - Modulul III&quot; din Bucure\u0219ti din data de 7 octombrie 2024.\" \/>\n<meta name=\"robots\" content=\"noindex, follow, max-snippet:-1, max-image-preview:large, max-video-preview:-1\" \/>\n<meta property=\"og:locale\" content=\"en_US\" \/>\n<meta property=\"og:type\" content=\"article\" \/>\n<meta property=\"og:title\" content=\"Curs: Kombat KI - Modulul III - Bucuresti - acces online - Ovidiu Drago\u0219 Arge\u0219anu\" \/>\n<meta property=\"og:description\" content=\"\u00ce\u021bi propun s\u0103 accesezi cursul meu ,,Kombat KI - Modulul III&quot; din Bucure\u0219ti din data de 7 octombrie 2024.\" \/>\n<meta property=\"og:url\" content=\"https:\/\/www.ovidiudragosargesanu.ro\/en\/shop\/cursuri-premium\/kombat-ki\/curs-kombat-ki-modulul-iii-bucuresti-acces-online\/\" \/>\n<meta property=\"og:site_name\" content=\"Ovidiu Drago\u0219 Arge\u0219anu\" \/>\n<meta property=\"article:modified_time\" content=\"2025-10-04T10:53:00+00:00\" \/>\n<meta property=\"og:image\" content=\"https:\/\/www.ovidiudragosargesanu.ro\/en\/wp-content\/uploads\/2024\/09\/Curs-premium-Kombat-Ki-Modulul-III-Bucuresti-600X800.png\" \/>\n\t<meta property=\"og:image:width\" content=\"600\" \/>\n\t<meta property=\"og:image:height\" content=\"800\" \/>\n\t<meta property=\"og:image:type\" content=\"image\/png\" \/>\n<meta name=\"twitter:card\" content=\"summary_large_image\" \/>\n<meta name=\"twitter:label1\" content=\"Est. reading time\" \/>\n\t<meta name=\"twitter:data1\" content=\"2 minutes\" \/>\n<script type=\"application\/ld+json\" class=\"yoast-schema-graph\">{\"@context\":\"https:\/\/schema.org\",\"@graph\":[{\"@type\":\"WebPage\",\"@id\":\"https:\/\/www.ovidiudragosargesanu.ro\/en\/shop\/cursuri-premium\/kombat-ki\/curs-kombat-ki-modulul-iii-bucuresti-acces-online\/\",\"url\":\"https:\/\/www.ovidiudragosargesanu.ro\/en\/shop\/cursuri-premium\/kombat-ki\/curs-kombat-ki-modulul-iii-bucuresti-acces-online\/\",\"name\":\"Curs: Kombat KI - Modulul III - Bucuresti - acces online - Ovidiu Drago\u0219 Arge\u0219anu\",\"isPartOf\":{\"@id\":\"https:\/\/www.ovidiudragosargesanu.ro\/en\/#website\"},\"primaryImageOfPage\":{\"@id\":\"https:\/\/www.ovidiudragosargesanu.ro\/en\/shop\/cursuri-premium\/kombat-ki\/curs-kombat-ki-modulul-iii-bucuresti-acces-online\/#primaryimage\"},\"image\":{\"@id\":\"https:\/\/www.ovidiudragosargesanu.ro\/en\/shop\/cursuri-premium\/kombat-ki\/curs-kombat-ki-modulul-iii-bucuresti-acces-online\/#primaryimage\"},\"thumbnailUrl\":\"https:\/\/www.ovidiudragosargesanu.ro\/en\/wp-content\/uploads\/2024\/09\/Curs-premium-Kombat-Ki-Modulul-III-Bucuresti-600X800.png\",\"datePublished\":\"2024-09-20T18:04:14+00:00\",\"dateModified\":\"2025-10-04T10:53:00+00:00\",\"description\":\"\u00ce\u021bi propun s\u0103 accesezi cursul meu ,,Kombat KI - Modulul III\\\" din Bucure\u0219ti din data de 7 octombrie 2024.\",\"breadcrumb\":{\"@id\":\"https:\/\/www.ovidiudragosargesanu.ro\/en\/shop\/cursuri-premium\/kombat-ki\/curs-kombat-ki-modulul-iii-bucuresti-acces-online\/#breadcrumb\"},\"inLanguage\":\"en-US\",\"potentialAction\":[{\"@type\":\"ReadAction\",\"target\":[\"https:\/\/www.ovidiudragosargesanu.ro\/en\/shop\/cursuri-premium\/kombat-ki\/curs-kombat-ki-modulul-iii-bucuresti-acces-online\/\"]}]},{\"@type\":\"ImageObject\",\"inLanguage\":\"en-US\",\"@id\":\"https:\/\/www.ovidiudragosargesanu.ro\/en\/shop\/cursuri-premium\/kombat-ki\/curs-kombat-ki-modulul-iii-bucuresti-acces-online\/#primaryimage\",\"url\":\"https:\/\/www.ovidiudragosargesanu.ro\/en\/wp-content\/uploads\/2024\/09\/Curs-premium-Kombat-Ki-Modulul-III-Bucuresti-600X800.png\",\"contentUrl\":\"https:\/\/www.ovidiudragosargesanu.ro\/en\/wp-content\/uploads\/2024\/09\/Curs-premium-Kombat-Ki-Modulul-III-Bucuresti-600X800.png\",\"width\":600,\"height\":800},{\"@type\":\"BreadcrumbList\",\"@id\":\"https:\/\/www.ovidiudragosargesanu.ro\/en\/shop\/cursuri-premium\/kombat-ki\/curs-kombat-ki-modulul-iii-bucuresti-acces-online\/#breadcrumb\",\"itemListElement\":[{\"@type\":\"ListItem\",\"position\":1,\"name\":\"Prima pagin\u0103\",\"item\":\"https:\/\/www.ovidiudragosargesanu.ro\/en\/\"},{\"@type\":\"ListItem\",\"position\":2,\"name\":\"Shop\",\"item\":\"https:\/\/www.ovidiudragosargesanu.ro\/en\/shop\/\"},{\"@type\":\"ListItem\",\"position\":3,\"name\":\"Curs: Kombat KI &#8211; Modulul III &#8211; Bucuresti &#8211; acces online\"}]},{\"@type\":\"WebSite\",\"@id\":\"https:\/\/www.ovidiudragosargesanu.ro\/en\/#website\",\"url\":\"https:\/\/www.ovidiudragosargesanu.ro\/en\/\",\"name\":\"Ovidiu Drago\u0219 Arge\u0219anu\",\"description\":\"\",\"publisher\":{\"@id\":\"https:\/\/www.ovidiudragosargesanu.ro\/en\/#organization\"},\"potentialAction\":[{\"@type\":\"SearchAction\",\"target\":{\"@type\":\"EntryPoint\",\"urlTemplate\":\"https:\/\/www.ovidiudragosargesanu.ro\/en\/?s={search_term_string}\"},\"query-input\":{\"@type\":\"PropertyValueSpecification\",\"valueRequired\":true,\"valueName\":\"search_term_string\"}}],\"inLanguage\":\"en-US\"},{\"@type\":\"Organization\",\"@id\":\"https:\/\/www.ovidiudragosargesanu.ro\/en\/#organization\",\"name\":\"Ovidiu Drago\u0219 Arge\u0219anu\",\"url\":\"https:\/\/www.ovidiudragosargesanu.ro\/en\/\",\"logo\":{\"@type\":\"ImageObject\",\"inLanguage\":\"en-US\",\"@id\":\"https:\/\/www.ovidiudragosargesanu.ro\/en\/#\/schema\/logo\/image\/\",\"url\":\"https:\/\/www.ovidiudragosargesanu.ro\/en\/wp-content\/uploads\/2018\/03\/dragos-logo-lotus-black-400.svg\",\"contentUrl\":\"https:\/\/www.ovidiudragosargesanu.ro\/en\/wp-content\/uploads\/2018\/03\/dragos-logo-lotus-black-400.svg\",\"width\":300,\"height\":150,\"caption\":\"Ovidiu Drago\u0219 Arge\u0219anu\"},\"image\":{\"@id\":\"https:\/\/www.ovidiudragosargesanu.ro\/en\/#\/schema\/logo\/image\/\"}}]}<\/script>\n<!-- \/ Yoast SEO plugin. -->","yoast_head_json":{"title":"Curs: Kombat KI - Modulul III - Bucuresti - acces online - Ovidiu Drago\u0219 Arge\u0219anu","description":"\u00ce\u021bi propun s\u0103 accesezi cursul meu ,,Kombat KI - Modulul III\" din Bucure\u0219ti din data de 7 octombrie 2024.","robots":{"index":"noindex","follow":"follow","max-snippet":"max-snippet:-1","max-image-preview":"max-image-preview:large","max-video-preview":"max-video-preview:-1"},"og_locale":"en_US","og_type":"article","og_title":"Curs: Kombat KI - Modulul III - Bucuresti - acces online - Ovidiu Drago\u0219 Arge\u0219anu","og_description":"\u00ce\u021bi propun s\u0103 accesezi cursul meu ,,Kombat KI - Modulul III\" din Bucure\u0219ti din data de 7 octombrie 2024.","og_url":"https:\/\/www.ovidiudragosargesanu.ro\/en\/shop\/cursuri-premium\/kombat-ki\/curs-kombat-ki-modulul-iii-bucuresti-acces-online\/","og_site_name":"Ovidiu Drago\u0219 Arge\u0219anu","article_modified_time":"2025-10-04T10:53:00+00:00","og_image":[{"width":600,"height":800,"url":"https:\/\/www.ovidiudragosargesanu.ro\/en\/wp-content\/uploads\/2024\/09\/Curs-premium-Kombat-Ki-Modulul-III-Bucuresti-600X800.png","type":"image\/png"}],"twitter_card":"summary_large_image","twitter_misc":{"Est. reading time":"2 minutes"},"schema":{"@context":"https:\/\/schema.org","@graph":[{"@type":"WebPage","@id":"https:\/\/www.ovidiudragosargesanu.ro\/en\/shop\/cursuri-premium\/kombat-ki\/curs-kombat-ki-modulul-iii-bucuresti-acces-online\/","url":"https:\/\/www.ovidiudragosargesanu.ro\/en\/shop\/cursuri-premium\/kombat-ki\/curs-kombat-ki-modulul-iii-bucuresti-acces-online\/","name":"Curs: Kombat KI - Modulul III - Bucuresti - acces online - Ovidiu Drago\u0219 Arge\u0219anu","isPartOf":{"@id":"https:\/\/www.ovidiudragosargesanu.ro\/en\/#website"},"primaryImageOfPage":{"@id":"https:\/\/www.ovidiudragosargesanu.ro\/en\/shop\/cursuri-premium\/kombat-ki\/curs-kombat-ki-modulul-iii-bucuresti-acces-online\/#primaryimage"},"image":{"@id":"https:\/\/www.ovidiudragosargesanu.ro\/en\/shop\/cursuri-premium\/kombat-ki\/curs-kombat-ki-modulul-iii-bucuresti-acces-online\/#primaryimage"},"thumbnailUrl":"https:\/\/www.ovidiudragosargesanu.ro\/en\/wp-content\/uploads\/2024\/09\/Curs-premium-Kombat-Ki-Modulul-III-Bucuresti-600X800.png","datePublished":"2024-09-20T18:04:14+00:00","dateModified":"2025-10-04T10:53:00+00:00","description":"\u00ce\u021bi propun s\u0103 accesezi cursul meu ,,Kombat KI - Modulul III\" din Bucure\u0219ti din data de 7 octombrie 2024.","breadcrumb":{"@id":"https:\/\/www.ovidiudragosargesanu.ro\/en\/shop\/cursuri-premium\/kombat-ki\/curs-kombat-ki-modulul-iii-bucuresti-acces-online\/#breadcrumb"},"inLanguage":"en-US","potentialAction":[{"@type":"ReadAction","target":["https:\/\/www.ovidiudragosargesanu.ro\/en\/shop\/cursuri-premium\/kombat-ki\/curs-kombat-ki-modulul-iii-bucuresti-acces-online\/"]}]},{"@type":"ImageObject","inLanguage":"en-US","@id":"https:\/\/www.ovidiudragosargesanu.ro\/en\/shop\/cursuri-premium\/kombat-ki\/curs-kombat-ki-modulul-iii-bucuresti-acces-online\/#primaryimage","url":"https:\/\/www.ovidiudragosargesanu.ro\/en\/wp-content\/uploads\/2024\/09\/Curs-premium-Kombat-Ki-Modulul-III-Bucuresti-600X800.png","contentUrl":"https:\/\/www.ovidiudragosargesanu.ro\/en\/wp-content\/uploads\/2024\/09\/Curs-premium-Kombat-Ki-Modulul-III-Bucuresti-600X800.png","width":600,"height":800},{"@type":"BreadcrumbList","@id":"https:\/\/www.ovidiudragosargesanu.ro\/en\/shop\/cursuri-premium\/kombat-ki\/curs-kombat-ki-modulul-iii-bucuresti-acces-online\/#breadcrumb","itemListElement":[{"@type":"ListItem","position":1,"name":"Prima pagin\u0103","item":"https:\/\/www.ovidiudragosargesanu.ro\/en\/"},{"@type":"ListItem","position":2,"name":"Shop","item":"https:\/\/www.ovidiudragosargesanu.ro\/en\/shop\/"},{"@type":"ListItem","position":3,"name":"Curs: Kombat KI &#8211; Modulul III &#8211; Bucuresti &#8211; acces online"}]},{"@type":"WebSite","@id":"https:\/\/www.ovidiudragosargesanu.ro\/en\/#website","url":"https:\/\/www.ovidiudragosargesanu.ro\/en\/","name":"Ovidiu Drago\u0219 Arge\u0219anu","description":"","publisher":{"@id":"https:\/\/www.ovidiudragosargesanu.ro\/en\/#organization"},"potentialAction":[{"@type":"SearchAction","target":{"@type":"EntryPoint","urlTemplate":"https:\/\/www.ovidiudragosargesanu.ro\/en\/?s={search_term_string}"},"query-input":{"@type":"PropertyValueSpecification","valueRequired":true,"valueName":"search_term_string"}}],"inLanguage":"en-US"},{"@type":"Organization","@id":"https:\/\/www.ovidiudragosargesanu.ro\/en\/#organization","name":"Ovidiu Drago\u0219 Arge\u0219anu","url":"https:\/\/www.ovidiudragosargesanu.ro\/en\/","logo":{"@type":"ImageObject","inLanguage":"en-US","@id":"https:\/\/www.ovidiudragosargesanu.ro\/en\/#\/schema\/logo\/image\/","url":"https:\/\/www.ovidiudragosargesanu.ro\/en\/wp-content\/uploads\/2018\/03\/dragos-logo-lotus-black-400.svg","contentUrl":"https:\/\/www.ovidiudragosargesanu.ro\/en\/wp-content\/uploads\/2018\/03\/dragos-logo-lotus-black-400.svg","width":300,"height":150,"caption":"Ovidiu Drago\u0219 Arge\u0219anu"},"image":{"@id":"https:\/\/www.ovidiudragosargesanu.ro\/en\/#\/schema\/logo\/image\/"}}]}},"_links":{"self":[{"href":"https:\/\/www.ovidiudragosargesanu.ro\/en\/wp-json\/wp\/v2\/product\/20252","targetHints":{"allow":["GET"]}}],"collection":[{"href":"https:\/\/www.ovidiudragosargesanu.ro\/en\/wp-json\/wp\/v2\/product"}],"about":[{"href":"https:\/\/www.ovidiudragosargesanu.ro\/en\/wp-json\/wp\/v2\/types\/product"}],"version-history":[{"count":4,"href":"https:\/\/www.ovidiudragosargesanu.ro\/en\/wp-json\/wp\/v2\/product\/20252\/revisions"}],"predecessor-version":[{"id":66188,"href":"https:\/\/www.ovidiudragosargesanu.ro\/en\/wp-json\/wp\/v2\/product\/20252\/revisions\/66188"}],"wp:featuredmedia":[{"embeddable":true,"href":"https:\/\/www.ovidiudragosargesanu.ro\/en\/wp-json\/wp\/v2\/media\/66187"}],"wp:attachment":[{"href":"https:\/\/www.ovidiudragosargesanu.ro\/en\/wp-json\/wp\/v2\/media?parent=20252"}],"wp:term":[{"taxonomy":"product_brand","embeddable":true,"href":"https:\/\/www.ovidiudragosargesanu.ro\/en\/wp-json\/wp\/v2\/product_brand?post=20252"},{"taxonomy":"product_cat","embeddable":true,"href":"https:\/\/www.ovidiudragosargesanu.ro\/en\/wp-json\/wp\/v2\/product_cat?post=20252"},{"taxonomy":"product_tag","embeddable":true,"href":"https:\/\/www.ovidiudragosargesanu.ro\/en\/wp-json\/wp\/v2\/product_tag?post=20252"}],"curies":[{"name":"wp","href":"https:\/\/api.w.org\/{rel}","templated":true}]}}