{"id":22994,"date":"2024-10-17T21:23:06","date_gmt":"2024-10-17T18:23:06","guid":{"rendered":"https:\/\/www.ovidiudragosargesanu.ro\/?post_type=product&#038;p=22994"},"modified":"2025-10-02T17:15:14","modified_gmt":"2025-10-02T14:15:14","slug":"curs-ingerii-si-cresterea-puterii-pe-lumina-deva-acces-online","status":"publish","type":"product","link":"https:\/\/www.ovidiudragosargesanu.ro\/en\/shop\/cursuri-premium\/entitati-cursuri-premium\/curs-ingerii-si-cresterea-puterii-pe-lumina-deva-acces-online\/","title":{"rendered":"Curs: Ingerii si cresterea puterii pe lumina &#8211; Modulul II &#8211; Deva &#8211; acces online"},"content":{"rendered":"<p><span style=\"font-weight: 400;\">Te invit s\u0103 vizionezi cursul meu ,,\u00cengerii \u0219i cre\u0219terea puterii pe lumin\u0103 &#8211; Modulul II&#8221; din Deva, de pe 13 noiembrie 2024.<\/span><\/p>\n<p><span style=\"font-weight: 400;\">Voi explora \u00eempreun\u0103 cu tine rolul \u00eengerilor \u00een evolu\u021bia noastr\u0103 spiritual\u0103 \u0219i modul \u00een care ace\u0219tia \u00ee\u0219i cresc puterea pe m\u0103sur\u0103 ce te conectezi cu lumina divin\u0103. \u00cen cadrul acestui curs, \u00ee\u021bi voi \u00eemp\u0103rt\u0103\u0219i cuno\u0219tin\u021bele \u0219i experien\u021bele mele acumulate de-a lungul anilor ca terapeut, pentru a te ajuta s\u0103 \u00een\u021belegi \u0219i s\u0103 lucrezi mai profund cu energia \u00eengerilor.<\/span><\/p>\n<p><span style=\"font-weight: 400;\">\u00cengerii nu sunt doar entit\u0103\u021bi care ne \u00eenso\u021besc \u00een t\u0103cere; ei sunt for\u021be puternice, care devin \u0219i mai puternice atunci c\u00e2nd tu te deschizi c\u0103tre lumin\u0103 \u0219i cre\u0219ti spiritual.\u00a0<\/span><\/p>\n<p><span style=\"font-weight: 400;\">Acest curs este conceput pentru TINE s\u0103-\u021bi aprofundezi rela\u021bia cu \u00eengerii, indiferent de nivelul spiritual la care te afli. Fie c\u0103 e\u0219ti la \u00eenceputul c\u0103l\u0103toriei tale spirituale sau deja practici tehnici avansate, \u00ee\u021bi voi oferi instrumentele necesare pentru a \u00een\u021belege \u0219i sim\u021bi prezen\u021ba lor mai puternic \u00een via\u021ba de zi cu zi.<\/span><\/p>\n<p><strong>Ce vei \u00eenv\u0103\u021ba al\u0103turi de mine la curs:<\/strong><\/p>\n<ul>\n<li style=\"font-weight: 400;\" aria-level=\"1\"><span style=\"font-weight: 400;\">Cum s\u0103 \u00ee\u021bi ridici vibra\u021bia spiritual\u0103 pentru a permite \u00eengerilor s\u0103 \u00ee\u0219i manifeste \u00eentreaga putere<\/span><\/li>\n<li style=\"font-weight: 400;\" aria-level=\"1\"><span style=\"font-weight: 400;\">Tehnici pentru a te conecta cu \u00eengerii \u0219i a le amplifica prezen\u021ba \u00een via\u021ba ta<\/span><\/li>\n<li style=\"font-weight: 400;\" aria-level=\"1\"><span style=\"font-weight: 400;\">Cum s\u0103-\u021bi aliniezi inten\u021biile cu lumina divin\u0103 pentru a atrage protec\u021bia \u0219i ghidarea lor<\/span><\/li>\n<li style=\"font-weight: 400;\" aria-level=\"1\"><span style=\"font-weight: 400;\">Modalit\u0103\u021bi prin care \u00eengerii \u00ee\u0219i cresc puterea pe lumin\u0103 \u0219i cum po\u021bi facilita acest proces<\/span><\/li>\n<\/ul>\n<p><span style=\"font-weight: 400;\">Acesta nu este doar un curs teoretic, ci o experien\u021b\u0103 practic\u0103, \u00een care vei \u00eenv\u0103\u021ba cum s\u0103 sim\u021bi efectiv prezen\u021ba \u00eengerilor \u0219i s\u0103 te conectezi cu ei la un nivel profund. \u00cengerii sunt \u00eentotdeauna acolo, gata s\u0103 te sprijine, iar acest curs \u00ee\u021bi va ar\u0103ta cum s\u0103 \u00eei la\u0219i s\u0103 \u00ee\u0219i manifeste puterea \u0219i s\u0103 \u00ee\u021bi influen\u021beze pozitiv via\u021ba.<\/span><\/p>\n<p>&nbsp;<\/p>\n","protected":false},"excerpt":{"rendered":"<p><span style=\"font-weight: 400;\">ACCES NELIMITAT !<\/span><\/p>\n<p><span style=\"font-weight: 400;\">Am sus\u021binut cursul\u00a0 ,,\u00cengerii \u0219i cre\u0219terea puterii pe lumin\u0103 &#8211; Modulul II&#8221; \u00een Deva, pe 13 noiembrie 2024.<\/span><\/p>\n<p>&nbsp;<\/p>\n","protected":false},"featured_media":65965,"template":"","meta":{"inline_featured_image":false},"product_brand":[],"product_cat":[602,734],"product_tag":[],"class_list":{"0":"post-22994","1":"product","2":"type-product","3":"status-publish","4":"has-post-thumbnail","6":"product_cat-cursuri-premium","7":"product_cat-entitati-cursuri-premium","9":"first","10":"instock","11":"virtual","12":"sold-individually","13":"taxable","14":"purchasable","15":"product-type-simple"},"yoast_head":"<!-- This site is optimized with the Yoast SEO plugin v26.9 - https:\/\/yoast.com\/product\/yoast-seo-wordpress\/ -->\n<title>Curs: Ingerii si cresterea puterii pe lumina - Modulul II - Deva - acces online - Ovidiu Drago\u0219 Arge\u0219anu<\/title>\n<meta name=\"description\" content=\"Te invit s\u0103 participi la cursul meu ,,\u00cengerii \u0219i cre\u0219terea puterii pe lumin\u0103 - Modulul II&quot; \u00een Deva, pe 13 noiembrie 2024,\" \/>\n<meta name=\"robots\" content=\"noindex, follow, max-snippet:-1, max-image-preview:large, max-video-preview:-1\" \/>\n<meta property=\"og:locale\" content=\"en_US\" \/>\n<meta property=\"og:type\" content=\"article\" \/>\n<meta property=\"og:title\" content=\"Curs: Ingerii si cresterea puterii pe lumina - Modulul II - Deva - acces online - Ovidiu Drago\u0219 Arge\u0219anu\" \/>\n<meta property=\"og:description\" content=\"Te invit s\u0103 participi la cursul meu ,,\u00cengerii \u0219i cre\u0219terea puterii pe lumin\u0103 - Modulul II&quot; \u00een Deva, pe 13 noiembrie 2024,\" \/>\n<meta property=\"og:url\" content=\"https:\/\/www.ovidiudragosargesanu.ro\/en\/shop\/cursuri-premium\/entitati-cursuri-premium\/curs-ingerii-si-cresterea-puterii-pe-lumina-deva-acces-online\/\" \/>\n<meta property=\"og:site_name\" content=\"Ovidiu Drago\u0219 Arge\u0219anu\" \/>\n<meta property=\"article:modified_time\" content=\"2025-10-02T14:15:14+00:00\" \/>\n<meta property=\"og:image\" content=\"https:\/\/www.ovidiudragosargesanu.ro\/en\/wp-content\/uploads\/2024\/10\/Curs-premium-Ingerii-si-cresterea-puterii-pe-lumina-Modulul-II-Deva-600X800.png\" \/>\n\t<meta property=\"og:image:width\" content=\"600\" \/>\n\t<meta property=\"og:image:height\" content=\"800\" \/>\n\t<meta property=\"og:image:type\" content=\"image\/png\" \/>\n<meta name=\"twitter:card\" content=\"summary_large_image\" \/>\n<meta name=\"twitter:label1\" content=\"Est. reading time\" \/>\n\t<meta name=\"twitter:data1\" content=\"2 minutes\" \/>\n<script type=\"application\/ld+json\" class=\"yoast-schema-graph\">{\"@context\":\"https:\/\/schema.org\",\"@graph\":[{\"@type\":\"WebPage\",\"@id\":\"https:\/\/www.ovidiudragosargesanu.ro\/en\/shop\/cursuri-premium\/entitati-cursuri-premium\/curs-ingerii-si-cresterea-puterii-pe-lumina-deva-acces-online\/\",\"url\":\"https:\/\/www.ovidiudragosargesanu.ro\/en\/shop\/cursuri-premium\/entitati-cursuri-premium\/curs-ingerii-si-cresterea-puterii-pe-lumina-deva-acces-online\/\",\"name\":\"Curs: Ingerii si cresterea puterii pe lumina - Modulul II - Deva - acces online - Ovidiu Drago\u0219 Arge\u0219anu\",\"isPartOf\":{\"@id\":\"https:\/\/www.ovidiudragosargesanu.ro\/en\/#website\"},\"primaryImageOfPage\":{\"@id\":\"https:\/\/www.ovidiudragosargesanu.ro\/en\/shop\/cursuri-premium\/entitati-cursuri-premium\/curs-ingerii-si-cresterea-puterii-pe-lumina-deva-acces-online\/#primaryimage\"},\"image\":{\"@id\":\"https:\/\/www.ovidiudragosargesanu.ro\/en\/shop\/cursuri-premium\/entitati-cursuri-premium\/curs-ingerii-si-cresterea-puterii-pe-lumina-deva-acces-online\/#primaryimage\"},\"thumbnailUrl\":\"https:\/\/www.ovidiudragosargesanu.ro\/en\/wp-content\/uploads\/2024\/10\/Curs-premium-Ingerii-si-cresterea-puterii-pe-lumina-Modulul-II-Deva-600X800.png\",\"datePublished\":\"2024-10-17T18:23:06+00:00\",\"dateModified\":\"2025-10-02T14:15:14+00:00\",\"description\":\"Te invit s\u0103 participi la cursul meu ,,\u00cengerii \u0219i cre\u0219terea puterii pe lumin\u0103 - Modulul II\\\" \u00een Deva, pe 13 noiembrie 2024,\",\"breadcrumb\":{\"@id\":\"https:\/\/www.ovidiudragosargesanu.ro\/en\/shop\/cursuri-premium\/entitati-cursuri-premium\/curs-ingerii-si-cresterea-puterii-pe-lumina-deva-acces-online\/#breadcrumb\"},\"inLanguage\":\"en-US\",\"potentialAction\":[{\"@type\":\"ReadAction\",\"target\":[\"https:\/\/www.ovidiudragosargesanu.ro\/en\/shop\/cursuri-premium\/entitati-cursuri-premium\/curs-ingerii-si-cresterea-puterii-pe-lumina-deva-acces-online\/\"]}]},{\"@type\":\"ImageObject\",\"inLanguage\":\"en-US\",\"@id\":\"https:\/\/www.ovidiudragosargesanu.ro\/en\/shop\/cursuri-premium\/entitati-cursuri-premium\/curs-ingerii-si-cresterea-puterii-pe-lumina-deva-acces-online\/#primaryimage\",\"url\":\"https:\/\/www.ovidiudragosargesanu.ro\/en\/wp-content\/uploads\/2024\/10\/Curs-premium-Ingerii-si-cresterea-puterii-pe-lumina-Modulul-II-Deva-600X800.png\",\"contentUrl\":\"https:\/\/www.ovidiudragosargesanu.ro\/en\/wp-content\/uploads\/2024\/10\/Curs-premium-Ingerii-si-cresterea-puterii-pe-lumina-Modulul-II-Deva-600X800.png\",\"width\":600,\"height\":800},{\"@type\":\"BreadcrumbList\",\"@id\":\"https:\/\/www.ovidiudragosargesanu.ro\/en\/shop\/cursuri-premium\/entitati-cursuri-premium\/curs-ingerii-si-cresterea-puterii-pe-lumina-deva-acces-online\/#breadcrumb\",\"itemListElement\":[{\"@type\":\"ListItem\",\"position\":1,\"name\":\"Prima pagin\u0103\",\"item\":\"https:\/\/www.ovidiudragosargesanu.ro\/en\/\"},{\"@type\":\"ListItem\",\"position\":2,\"name\":\"Shop\",\"item\":\"https:\/\/www.ovidiudragosargesanu.ro\/en\/shop\/\"},{\"@type\":\"ListItem\",\"position\":3,\"name\":\"Curs: Ingerii si cresterea puterii pe lumina &#8211; Modulul II &#8211; Deva &#8211; acces online\"}]},{\"@type\":\"WebSite\",\"@id\":\"https:\/\/www.ovidiudragosargesanu.ro\/en\/#website\",\"url\":\"https:\/\/www.ovidiudragosargesanu.ro\/en\/\",\"name\":\"Ovidiu Drago\u0219 Arge\u0219anu\",\"description\":\"\",\"publisher\":{\"@id\":\"https:\/\/www.ovidiudragosargesanu.ro\/en\/#organization\"},\"potentialAction\":[{\"@type\":\"SearchAction\",\"target\":{\"@type\":\"EntryPoint\",\"urlTemplate\":\"https:\/\/www.ovidiudragosargesanu.ro\/en\/?s={search_term_string}\"},\"query-input\":{\"@type\":\"PropertyValueSpecification\",\"valueRequired\":true,\"valueName\":\"search_term_string\"}}],\"inLanguage\":\"en-US\"},{\"@type\":\"Organization\",\"@id\":\"https:\/\/www.ovidiudragosargesanu.ro\/en\/#organization\",\"name\":\"Ovidiu Drago\u0219 Arge\u0219anu\",\"url\":\"https:\/\/www.ovidiudragosargesanu.ro\/en\/\",\"logo\":{\"@type\":\"ImageObject\",\"inLanguage\":\"en-US\",\"@id\":\"https:\/\/www.ovidiudragosargesanu.ro\/en\/#\/schema\/logo\/image\/\",\"url\":\"https:\/\/www.ovidiudragosargesanu.ro\/en\/wp-content\/uploads\/2018\/03\/dragos-logo-lotus-black-400.svg\",\"contentUrl\":\"https:\/\/www.ovidiudragosargesanu.ro\/en\/wp-content\/uploads\/2018\/03\/dragos-logo-lotus-black-400.svg\",\"width\":300,\"height\":150,\"caption\":\"Ovidiu Drago\u0219 Arge\u0219anu\"},\"image\":{\"@id\":\"https:\/\/www.ovidiudragosargesanu.ro\/en\/#\/schema\/logo\/image\/\"}}]}<\/script>\n<!-- \/ Yoast SEO plugin. -->","yoast_head_json":{"title":"Curs: Ingerii si cresterea puterii pe lumina - Modulul II - Deva - acces online - Ovidiu Drago\u0219 Arge\u0219anu","description":"Te invit s\u0103 participi la cursul meu ,,\u00cengerii \u0219i cre\u0219terea puterii pe lumin\u0103 - Modulul II\" \u00een Deva, pe 13 noiembrie 2024,","robots":{"index":"noindex","follow":"follow","max-snippet":"max-snippet:-1","max-image-preview":"max-image-preview:large","max-video-preview":"max-video-preview:-1"},"og_locale":"en_US","og_type":"article","og_title":"Curs: Ingerii si cresterea puterii pe lumina - Modulul II - Deva - acces online - Ovidiu Drago\u0219 Arge\u0219anu","og_description":"Te invit s\u0103 participi la cursul meu ,,\u00cengerii \u0219i cre\u0219terea puterii pe lumin\u0103 - Modulul II\" \u00een Deva, pe 13 noiembrie 2024,","og_url":"https:\/\/www.ovidiudragosargesanu.ro\/en\/shop\/cursuri-premium\/entitati-cursuri-premium\/curs-ingerii-si-cresterea-puterii-pe-lumina-deva-acces-online\/","og_site_name":"Ovidiu Drago\u0219 Arge\u0219anu","article_modified_time":"2025-10-02T14:15:14+00:00","og_image":[{"width":600,"height":800,"url":"https:\/\/www.ovidiudragosargesanu.ro\/en\/wp-content\/uploads\/2024\/10\/Curs-premium-Ingerii-si-cresterea-puterii-pe-lumina-Modulul-II-Deva-600X800.png","type":"image\/png"}],"twitter_card":"summary_large_image","twitter_misc":{"Est. reading time":"2 minutes"},"schema":{"@context":"https:\/\/schema.org","@graph":[{"@type":"WebPage","@id":"https:\/\/www.ovidiudragosargesanu.ro\/en\/shop\/cursuri-premium\/entitati-cursuri-premium\/curs-ingerii-si-cresterea-puterii-pe-lumina-deva-acces-online\/","url":"https:\/\/www.ovidiudragosargesanu.ro\/en\/shop\/cursuri-premium\/entitati-cursuri-premium\/curs-ingerii-si-cresterea-puterii-pe-lumina-deva-acces-online\/","name":"Curs: Ingerii si cresterea puterii pe lumina - Modulul II - Deva - acces online - Ovidiu Drago\u0219 Arge\u0219anu","isPartOf":{"@id":"https:\/\/www.ovidiudragosargesanu.ro\/en\/#website"},"primaryImageOfPage":{"@id":"https:\/\/www.ovidiudragosargesanu.ro\/en\/shop\/cursuri-premium\/entitati-cursuri-premium\/curs-ingerii-si-cresterea-puterii-pe-lumina-deva-acces-online\/#primaryimage"},"image":{"@id":"https:\/\/www.ovidiudragosargesanu.ro\/en\/shop\/cursuri-premium\/entitati-cursuri-premium\/curs-ingerii-si-cresterea-puterii-pe-lumina-deva-acces-online\/#primaryimage"},"thumbnailUrl":"https:\/\/www.ovidiudragosargesanu.ro\/en\/wp-content\/uploads\/2024\/10\/Curs-premium-Ingerii-si-cresterea-puterii-pe-lumina-Modulul-II-Deva-600X800.png","datePublished":"2024-10-17T18:23:06+00:00","dateModified":"2025-10-02T14:15:14+00:00","description":"Te invit s\u0103 participi la cursul meu ,,\u00cengerii \u0219i cre\u0219terea puterii pe lumin\u0103 - Modulul II\" \u00een Deva, pe 13 noiembrie 2024,","breadcrumb":{"@id":"https:\/\/www.ovidiudragosargesanu.ro\/en\/shop\/cursuri-premium\/entitati-cursuri-premium\/curs-ingerii-si-cresterea-puterii-pe-lumina-deva-acces-online\/#breadcrumb"},"inLanguage":"en-US","potentialAction":[{"@type":"ReadAction","target":["https:\/\/www.ovidiudragosargesanu.ro\/en\/shop\/cursuri-premium\/entitati-cursuri-premium\/curs-ingerii-si-cresterea-puterii-pe-lumina-deva-acces-online\/"]}]},{"@type":"ImageObject","inLanguage":"en-US","@id":"https:\/\/www.ovidiudragosargesanu.ro\/en\/shop\/cursuri-premium\/entitati-cursuri-premium\/curs-ingerii-si-cresterea-puterii-pe-lumina-deva-acces-online\/#primaryimage","url":"https:\/\/www.ovidiudragosargesanu.ro\/en\/wp-content\/uploads\/2024\/10\/Curs-premium-Ingerii-si-cresterea-puterii-pe-lumina-Modulul-II-Deva-600X800.png","contentUrl":"https:\/\/www.ovidiudragosargesanu.ro\/en\/wp-content\/uploads\/2024\/10\/Curs-premium-Ingerii-si-cresterea-puterii-pe-lumina-Modulul-II-Deva-600X800.png","width":600,"height":800},{"@type":"BreadcrumbList","@id":"https:\/\/www.ovidiudragosargesanu.ro\/en\/shop\/cursuri-premium\/entitati-cursuri-premium\/curs-ingerii-si-cresterea-puterii-pe-lumina-deva-acces-online\/#breadcrumb","itemListElement":[{"@type":"ListItem","position":1,"name":"Prima pagin\u0103","item":"https:\/\/www.ovidiudragosargesanu.ro\/en\/"},{"@type":"ListItem","position":2,"name":"Shop","item":"https:\/\/www.ovidiudragosargesanu.ro\/en\/shop\/"},{"@type":"ListItem","position":3,"name":"Curs: Ingerii si cresterea puterii pe lumina &#8211; Modulul II &#8211; Deva &#8211; acces online"}]},{"@type":"WebSite","@id":"https:\/\/www.ovidiudragosargesanu.ro\/en\/#website","url":"https:\/\/www.ovidiudragosargesanu.ro\/en\/","name":"Ovidiu Drago\u0219 Arge\u0219anu","description":"","publisher":{"@id":"https:\/\/www.ovidiudragosargesanu.ro\/en\/#organization"},"potentialAction":[{"@type":"SearchAction","target":{"@type":"EntryPoint","urlTemplate":"https:\/\/www.ovidiudragosargesanu.ro\/en\/?s={search_term_string}"},"query-input":{"@type":"PropertyValueSpecification","valueRequired":true,"valueName":"search_term_string"}}],"inLanguage":"en-US"},{"@type":"Organization","@id":"https:\/\/www.ovidiudragosargesanu.ro\/en\/#organization","name":"Ovidiu Drago\u0219 Arge\u0219anu","url":"https:\/\/www.ovidiudragosargesanu.ro\/en\/","logo":{"@type":"ImageObject","inLanguage":"en-US","@id":"https:\/\/www.ovidiudragosargesanu.ro\/en\/#\/schema\/logo\/image\/","url":"https:\/\/www.ovidiudragosargesanu.ro\/en\/wp-content\/uploads\/2018\/03\/dragos-logo-lotus-black-400.svg","contentUrl":"https:\/\/www.ovidiudragosargesanu.ro\/en\/wp-content\/uploads\/2018\/03\/dragos-logo-lotus-black-400.svg","width":300,"height":150,"caption":"Ovidiu Drago\u0219 Arge\u0219anu"},"image":{"@id":"https:\/\/www.ovidiudragosargesanu.ro\/en\/#\/schema\/logo\/image\/"}}]}},"_links":{"self":[{"href":"https:\/\/www.ovidiudragosargesanu.ro\/en\/wp-json\/wp\/v2\/product\/22994","targetHints":{"allow":["GET"]}}],"collection":[{"href":"https:\/\/www.ovidiudragosargesanu.ro\/en\/wp-json\/wp\/v2\/product"}],"about":[{"href":"https:\/\/www.ovidiudragosargesanu.ro\/en\/wp-json\/wp\/v2\/types\/product"}],"version-history":[{"count":8,"href":"https:\/\/www.ovidiudragosargesanu.ro\/en\/wp-json\/wp\/v2\/product\/22994\/revisions"}],"predecessor-version":[{"id":27273,"href":"https:\/\/www.ovidiudragosargesanu.ro\/en\/wp-json\/wp\/v2\/product\/22994\/revisions\/27273"}],"wp:featuredmedia":[{"embeddable":true,"href":"https:\/\/www.ovidiudragosargesanu.ro\/en\/wp-json\/wp\/v2\/media\/65965"}],"wp:attachment":[{"href":"https:\/\/www.ovidiudragosargesanu.ro\/en\/wp-json\/wp\/v2\/media?parent=22994"}],"wp:term":[{"taxonomy":"product_brand","embeddable":true,"href":"https:\/\/www.ovidiudragosargesanu.ro\/en\/wp-json\/wp\/v2\/product_brand?post=22994"},{"taxonomy":"product_cat","embeddable":true,"href":"https:\/\/www.ovidiudragosargesanu.ro\/en\/wp-json\/wp\/v2\/product_cat?post=22994"},{"taxonomy":"product_tag","embeddable":true,"href":"https:\/\/www.ovidiudragosargesanu.ro\/en\/wp-json\/wp\/v2\/product_tag?post=22994"}],"curies":[{"name":"wp","href":"https:\/\/api.w.org\/{rel}","templated":true}]}}