{"id":2423,"date":"2018-03-22T05:57:36","date_gmt":"2018-03-22T03:57:36","guid":{"rendered":"https:\/\/www.ovidiudragosargesanu.ro\/?post_type=product&#038;p=2423"},"modified":"2025-04-24T09:42:38","modified_gmt":"2025-04-24T06:42:38","slug":"cele-7-peceti","status":"publish","type":"product","link":"https:\/\/www.ovidiudragosargesanu.ro\/en\/shop\/carti\/reiki\/cele-7-peceti\/","title":{"rendered":"Cele 7 Pece\u021bi ale bibliei"},"content":{"rendered":"<p><span style=\"font-weight: 400;\">O carte eliberatoare care ofer\u0103 o perspectiv\u0103 fascinant\u0103 asupra integr\u0103rii cuno\u0219tin\u021belor spirituale, \u0219tiin\u021bifice \u0219i medicale \u00een cre\u0219tinismul contemporan. Dr. Ovidiu-Drago\u0219 Arge\u0219anu \u00ee\u0219i poart\u0103 cititorii \u00eentr-o incursiune profund\u0103 \u00een universul spiritual, abord\u00e2nd concepte precum Karma, Reiki, Terapie PSI \u0219i Credin\u021b\u0103.<\/span><\/p>\n<p><span style=\"font-weight: 400;\">Cu o experien\u021b\u0103 vast\u0103 \u00een terapia spiritual\u0103 a bolilor, autorul dezv\u0103luie secretele vindec\u0103rii, oferind solu\u021biile esen\u021biale pentru vindecarea r\u0103nilor emo\u021bionale \u0219i dep\u0103\u0219irea blocajelor psihice.<\/span><\/p>\n<p><span style=\"font-weight: 400;\">\u201eCele 7 Pece\u021bi ale Bibliei\u201d este acea carte \u00een care cuno\u0219tin\u021bele valoroase din cre\u0219tinism se vor \u00eempleti armonios cu \u00een\u021belepciunea \u0219tiin\u021bific\u0103 \u0219i medical\u0103, subliniind c\u0103 toat\u0103 cunoa\u0219terea, fie ea spiritual\u0103 sau \u0219tiin\u021bific\u0103, provine de la Dumnezeu. O carte care invit\u0103 la reflec\u021bie profund\u0103 asupra sensului vie\u021bii \u0219i a menirii fiec\u0103rui individ pe P\u0103m\u00e2nt; o carte ce trebuie citit\u0103 pe parcursul unei vie\u021bi, pentru a p\u0103trunde \u0219i a \u00een\u021belege \u00een ad\u00e2ncime tainele vindec\u0103rii spirituale.\u00a0<\/span><\/p>\n<p><span style=\"font-weight: 400;\">Cartea \u201eCele 7 Pece\u021bi ale Bibliei\u201d promite cititorilor o c\u0103l\u0103torie captivant\u0103 \u00een descoperirea de sine \u0219i \u00een conectarea profund\u0103 a acestora cu divinul.\u00a0<\/span><\/p>\n<p><span style=\"font-weight: 400;\">Alege s\u0103 \u00ee\u021bi \u00eembog\u0103\u021be\u0219ti calea spiritual\u0103 \u0219i s\u0103 \u00ee\u021bi g\u0103se\u0219ti scopul \u00een aceast\u0103 c\u0103l\u0103torie fascinant\u0103 a lecturii \u201eCele 7 Pece\u021bi ale Bibliei\u201d de Dr. Ovidiu-Drago\u0219 Arge\u0219anu.<\/span><\/p>\n","protected":false},"excerpt":{"rendered":"\n<table id=\"tablepress-3\" class=\"tablepress tablepress-id-3\">\n<tbody class=\"row-striping row-hover\">\n<tr class=\"row-1\">\n\t<td class=\"column-1\">Editura<\/td><td class=\"column-2\"><b>PRO DAO<\/b><\/td>\n<\/tr>\n<tr class=\"row-2\">\n\t<td class=\"column-1\">Anul Public\u0103rii<\/td><td class=\"column-2\">2023<\/td>\n<\/tr>\n<tr class=\"row-3\">\n\t<td class=\"column-1\">Num\u0103r Pagini<\/td><td class=\"column-2\">212<\/td>\n<\/tr>\n<tr class=\"row-4\">\n\t<td class=\"column-1\">Cod produs - SKU<\/td><td class=\"column-2\">9786069721162<\/td>\n<\/tr>\n<\/tbody>\n<\/table>\n<!-- #tablepress-3 from cache -->\n","protected":false},"featured_media":4063,"template":"","meta":{"inline_featured_image":false},"product_brand":[],"product_cat":[527,635],"product_tag":[672,673],"class_list":{"0":"post-2423","1":"product","2":"type-product","3":"status-publish","4":"has-post-thumbnail","6":"product_cat-carti","7":"product_cat-reiki","8":"product_tag-carti","9":"product_tag-reiki","11":"first","12":"instock","13":"taxable","14":"shipping-taxable","15":"purchasable","16":"product-type-simple"},"yoast_head":"<!-- This site is optimized with the Yoast SEO plugin v26.9 - https:\/\/yoast.com\/product\/yoast-seo-wordpress\/ -->\n<title>Cele 7 Pece\u021bi ale bibliei - Ovidiu Drago\u0219 Arge\u0219anu<\/title>\n<meta name=\"description\" content=\"Porne\u0219te \u00eentr-o c\u0103l\u0103torie a descoperirii tainelor vindec\u0103rii spirituale al\u0103turi de volumul &quot;Cele 7 Pece\u021bi ale Bibliei&quot;. O c\u0103l\u0103torie fascinant\u0103 propus\u0103\" \/>\n<meta name=\"robots\" content=\"noindex, follow, max-snippet:-1, max-image-preview:large, max-video-preview:-1\" \/>\n<meta property=\"og:locale\" content=\"en_US\" \/>\n<meta property=\"og:type\" content=\"article\" \/>\n<meta property=\"og:title\" content=\"Cele 7 Pece\u021bi ale bibliei - Ovidiu Drago\u0219 Arge\u0219anu\" \/>\n<meta property=\"og:description\" content=\"Porne\u0219te \u00eentr-o c\u0103l\u0103torie a descoperirii tainelor vindec\u0103rii spirituale al\u0103turi de volumul &quot;Cele 7 Pece\u021bi ale Bibliei&quot;. O c\u0103l\u0103torie fascinant\u0103 propus\u0103\" \/>\n<meta property=\"og:url\" content=\"https:\/\/www.ovidiudragosargesanu.ro\/en\/shop\/carti\/reiki\/cele-7-peceti\/\" \/>\n<meta property=\"og:site_name\" content=\"Ovidiu Drago\u0219 Arge\u0219anu\" \/>\n<meta property=\"article:modified_time\" content=\"2025-04-24T06:42:38+00:00\" \/>\n<meta property=\"og:image\" content=\"https:\/\/www.ovidiudragosargesanu.ro\/en\/wp-content\/uploads\/2018\/03\/25.png\" \/>\n\t<meta property=\"og:image:width\" content=\"1000\" \/>\n\t<meta property=\"og:image:height\" content=\"1000\" \/>\n\t<meta property=\"og:image:type\" content=\"image\/png\" \/>\n<meta name=\"twitter:card\" content=\"summary_large_image\" \/>\n<meta name=\"twitter:label1\" content=\"Est. reading time\" \/>\n\t<meta name=\"twitter:data1\" content=\"2 minutes\" \/>\n<script type=\"application\/ld+json\" class=\"yoast-schema-graph\">{\"@context\":\"https:\/\/schema.org\",\"@graph\":[{\"@type\":\"WebPage\",\"@id\":\"https:\/\/www.ovidiudragosargesanu.ro\/en\/shop\/carti\/reiki\/cele-7-peceti\/\",\"url\":\"https:\/\/www.ovidiudragosargesanu.ro\/en\/shop\/carti\/reiki\/cele-7-peceti\/\",\"name\":\"Cele 7 Pece\u021bi ale bibliei - Ovidiu Drago\u0219 Arge\u0219anu\",\"isPartOf\":{\"@id\":\"https:\/\/www.ovidiudragosargesanu.ro\/en\/#website\"},\"primaryImageOfPage\":{\"@id\":\"https:\/\/www.ovidiudragosargesanu.ro\/en\/shop\/carti\/reiki\/cele-7-peceti\/#primaryimage\"},\"image\":{\"@id\":\"https:\/\/www.ovidiudragosargesanu.ro\/en\/shop\/carti\/reiki\/cele-7-peceti\/#primaryimage\"},\"thumbnailUrl\":\"https:\/\/www.ovidiudragosargesanu.ro\/en\/wp-content\/uploads\/2018\/03\/25.png\",\"datePublished\":\"2018-03-22T03:57:36+00:00\",\"dateModified\":\"2025-04-24T06:42:38+00:00\",\"description\":\"Porne\u0219te \u00eentr-o c\u0103l\u0103torie a descoperirii tainelor vindec\u0103rii spirituale al\u0103turi de volumul \\\"Cele 7 Pece\u021bi ale Bibliei\\\". O c\u0103l\u0103torie fascinant\u0103 propus\u0103\",\"breadcrumb\":{\"@id\":\"https:\/\/www.ovidiudragosargesanu.ro\/en\/shop\/carti\/reiki\/cele-7-peceti\/#breadcrumb\"},\"inLanguage\":\"en-US\",\"potentialAction\":[{\"@type\":\"ReadAction\",\"target\":[\"https:\/\/www.ovidiudragosargesanu.ro\/en\/shop\/carti\/reiki\/cele-7-peceti\/\"]}]},{\"@type\":\"ImageObject\",\"inLanguage\":\"en-US\",\"@id\":\"https:\/\/www.ovidiudragosargesanu.ro\/en\/shop\/carti\/reiki\/cele-7-peceti\/#primaryimage\",\"url\":\"https:\/\/www.ovidiudragosargesanu.ro\/en\/wp-content\/uploads\/2018\/03\/25.png\",\"contentUrl\":\"https:\/\/www.ovidiudragosargesanu.ro\/en\/wp-content\/uploads\/2018\/03\/25.png\",\"width\":1000,\"height\":1000},{\"@type\":\"BreadcrumbList\",\"@id\":\"https:\/\/www.ovidiudragosargesanu.ro\/en\/shop\/carti\/reiki\/cele-7-peceti\/#breadcrumb\",\"itemListElement\":[{\"@type\":\"ListItem\",\"position\":1,\"name\":\"Prima pagin\u0103\",\"item\":\"https:\/\/www.ovidiudragosargesanu.ro\/en\/\"},{\"@type\":\"ListItem\",\"position\":2,\"name\":\"Shop\",\"item\":\"https:\/\/www.ovidiudragosargesanu.ro\/en\/shop\/\"},{\"@type\":\"ListItem\",\"position\":3,\"name\":\"Cele 7 Pece\u021bi ale bibliei\"}]},{\"@type\":\"WebSite\",\"@id\":\"https:\/\/www.ovidiudragosargesanu.ro\/en\/#website\",\"url\":\"https:\/\/www.ovidiudragosargesanu.ro\/en\/\",\"name\":\"Ovidiu Drago\u0219 Arge\u0219anu\",\"description\":\"\",\"publisher\":{\"@id\":\"https:\/\/www.ovidiudragosargesanu.ro\/en\/#organization\"},\"potentialAction\":[{\"@type\":\"SearchAction\",\"target\":{\"@type\":\"EntryPoint\",\"urlTemplate\":\"https:\/\/www.ovidiudragosargesanu.ro\/en\/?s={search_term_string}\"},\"query-input\":{\"@type\":\"PropertyValueSpecification\",\"valueRequired\":true,\"valueName\":\"search_term_string\"}}],\"inLanguage\":\"en-US\"},{\"@type\":\"Organization\",\"@id\":\"https:\/\/www.ovidiudragosargesanu.ro\/en\/#organization\",\"name\":\"Ovidiu Drago\u0219 Arge\u0219anu\",\"url\":\"https:\/\/www.ovidiudragosargesanu.ro\/en\/\",\"logo\":{\"@type\":\"ImageObject\",\"inLanguage\":\"en-US\",\"@id\":\"https:\/\/www.ovidiudragosargesanu.ro\/en\/#\/schema\/logo\/image\/\",\"url\":\"https:\/\/www.ovidiudragosargesanu.ro\/en\/wp-content\/uploads\/2018\/03\/dragos-logo-lotus-black-400.svg\",\"contentUrl\":\"https:\/\/www.ovidiudragosargesanu.ro\/en\/wp-content\/uploads\/2018\/03\/dragos-logo-lotus-black-400.svg\",\"width\":300,\"height\":150,\"caption\":\"Ovidiu Drago\u0219 Arge\u0219anu\"},\"image\":{\"@id\":\"https:\/\/www.ovidiudragosargesanu.ro\/en\/#\/schema\/logo\/image\/\"}}]}<\/script>\n<!-- \/ Yoast SEO plugin. -->","yoast_head_json":{"title":"Cele 7 Pece\u021bi ale bibliei - Ovidiu Drago\u0219 Arge\u0219anu","description":"Porne\u0219te \u00eentr-o c\u0103l\u0103torie a descoperirii tainelor vindec\u0103rii spirituale al\u0103turi de volumul \"Cele 7 Pece\u021bi ale Bibliei\". O c\u0103l\u0103torie fascinant\u0103 propus\u0103","robots":{"index":"noindex","follow":"follow","max-snippet":"max-snippet:-1","max-image-preview":"max-image-preview:large","max-video-preview":"max-video-preview:-1"},"og_locale":"en_US","og_type":"article","og_title":"Cele 7 Pece\u021bi ale bibliei - Ovidiu Drago\u0219 Arge\u0219anu","og_description":"Porne\u0219te \u00eentr-o c\u0103l\u0103torie a descoperirii tainelor vindec\u0103rii spirituale al\u0103turi de volumul \"Cele 7 Pece\u021bi ale Bibliei\". O c\u0103l\u0103torie fascinant\u0103 propus\u0103","og_url":"https:\/\/www.ovidiudragosargesanu.ro\/en\/shop\/carti\/reiki\/cele-7-peceti\/","og_site_name":"Ovidiu Drago\u0219 Arge\u0219anu","article_modified_time":"2025-04-24T06:42:38+00:00","og_image":[{"width":1000,"height":1000,"url":"https:\/\/www.ovidiudragosargesanu.ro\/en\/wp-content\/uploads\/2018\/03\/25.png","type":"image\/png"}],"twitter_card":"summary_large_image","twitter_misc":{"Est. reading time":"2 minutes"},"schema":{"@context":"https:\/\/schema.org","@graph":[{"@type":"WebPage","@id":"https:\/\/www.ovidiudragosargesanu.ro\/en\/shop\/carti\/reiki\/cele-7-peceti\/","url":"https:\/\/www.ovidiudragosargesanu.ro\/en\/shop\/carti\/reiki\/cele-7-peceti\/","name":"Cele 7 Pece\u021bi ale bibliei - Ovidiu Drago\u0219 Arge\u0219anu","isPartOf":{"@id":"https:\/\/www.ovidiudragosargesanu.ro\/en\/#website"},"primaryImageOfPage":{"@id":"https:\/\/www.ovidiudragosargesanu.ro\/en\/shop\/carti\/reiki\/cele-7-peceti\/#primaryimage"},"image":{"@id":"https:\/\/www.ovidiudragosargesanu.ro\/en\/shop\/carti\/reiki\/cele-7-peceti\/#primaryimage"},"thumbnailUrl":"https:\/\/www.ovidiudragosargesanu.ro\/en\/wp-content\/uploads\/2018\/03\/25.png","datePublished":"2018-03-22T03:57:36+00:00","dateModified":"2025-04-24T06:42:38+00:00","description":"Porne\u0219te \u00eentr-o c\u0103l\u0103torie a descoperirii tainelor vindec\u0103rii spirituale al\u0103turi de volumul \"Cele 7 Pece\u021bi ale Bibliei\". O c\u0103l\u0103torie fascinant\u0103 propus\u0103","breadcrumb":{"@id":"https:\/\/www.ovidiudragosargesanu.ro\/en\/shop\/carti\/reiki\/cele-7-peceti\/#breadcrumb"},"inLanguage":"en-US","potentialAction":[{"@type":"ReadAction","target":["https:\/\/www.ovidiudragosargesanu.ro\/en\/shop\/carti\/reiki\/cele-7-peceti\/"]}]},{"@type":"ImageObject","inLanguage":"en-US","@id":"https:\/\/www.ovidiudragosargesanu.ro\/en\/shop\/carti\/reiki\/cele-7-peceti\/#primaryimage","url":"https:\/\/www.ovidiudragosargesanu.ro\/en\/wp-content\/uploads\/2018\/03\/25.png","contentUrl":"https:\/\/www.ovidiudragosargesanu.ro\/en\/wp-content\/uploads\/2018\/03\/25.png","width":1000,"height":1000},{"@type":"BreadcrumbList","@id":"https:\/\/www.ovidiudragosargesanu.ro\/en\/shop\/carti\/reiki\/cele-7-peceti\/#breadcrumb","itemListElement":[{"@type":"ListItem","position":1,"name":"Prima pagin\u0103","item":"https:\/\/www.ovidiudragosargesanu.ro\/en\/"},{"@type":"ListItem","position":2,"name":"Shop","item":"https:\/\/www.ovidiudragosargesanu.ro\/en\/shop\/"},{"@type":"ListItem","position":3,"name":"Cele 7 Pece\u021bi ale bibliei"}]},{"@type":"WebSite","@id":"https:\/\/www.ovidiudragosargesanu.ro\/en\/#website","url":"https:\/\/www.ovidiudragosargesanu.ro\/en\/","name":"Ovidiu Drago\u0219 Arge\u0219anu","description":"","publisher":{"@id":"https:\/\/www.ovidiudragosargesanu.ro\/en\/#organization"},"potentialAction":[{"@type":"SearchAction","target":{"@type":"EntryPoint","urlTemplate":"https:\/\/www.ovidiudragosargesanu.ro\/en\/?s={search_term_string}"},"query-input":{"@type":"PropertyValueSpecification","valueRequired":true,"valueName":"search_term_string"}}],"inLanguage":"en-US"},{"@type":"Organization","@id":"https:\/\/www.ovidiudragosargesanu.ro\/en\/#organization","name":"Ovidiu Drago\u0219 Arge\u0219anu","url":"https:\/\/www.ovidiudragosargesanu.ro\/en\/","logo":{"@type":"ImageObject","inLanguage":"en-US","@id":"https:\/\/www.ovidiudragosargesanu.ro\/en\/#\/schema\/logo\/image\/","url":"https:\/\/www.ovidiudragosargesanu.ro\/en\/wp-content\/uploads\/2018\/03\/dragos-logo-lotus-black-400.svg","contentUrl":"https:\/\/www.ovidiudragosargesanu.ro\/en\/wp-content\/uploads\/2018\/03\/dragos-logo-lotus-black-400.svg","width":300,"height":150,"caption":"Ovidiu Drago\u0219 Arge\u0219anu"},"image":{"@id":"https:\/\/www.ovidiudragosargesanu.ro\/en\/#\/schema\/logo\/image\/"}}]}},"_links":{"self":[{"href":"https:\/\/www.ovidiudragosargesanu.ro\/en\/wp-json\/wp\/v2\/product\/2423","targetHints":{"allow":["GET"]}}],"collection":[{"href":"https:\/\/www.ovidiudragosargesanu.ro\/en\/wp-json\/wp\/v2\/product"}],"about":[{"href":"https:\/\/www.ovidiudragosargesanu.ro\/en\/wp-json\/wp\/v2\/types\/product"}],"version-history":[{"count":4,"href":"https:\/\/www.ovidiudragosargesanu.ro\/en\/wp-json\/wp\/v2\/product\/2423\/revisions"}],"predecessor-version":[{"id":4061,"href":"https:\/\/www.ovidiudragosargesanu.ro\/en\/wp-json\/wp\/v2\/product\/2423\/revisions\/4061"}],"wp:featuredmedia":[{"embeddable":true,"href":"https:\/\/www.ovidiudragosargesanu.ro\/en\/wp-json\/wp\/v2\/media\/4063"}],"wp:attachment":[{"href":"https:\/\/www.ovidiudragosargesanu.ro\/en\/wp-json\/wp\/v2\/media?parent=2423"}],"wp:term":[{"taxonomy":"product_brand","embeddable":true,"href":"https:\/\/www.ovidiudragosargesanu.ro\/en\/wp-json\/wp\/v2\/product_brand?post=2423"},{"taxonomy":"product_cat","embeddable":true,"href":"https:\/\/www.ovidiudragosargesanu.ro\/en\/wp-json\/wp\/v2\/product_cat?post=2423"},{"taxonomy":"product_tag","embeddable":true,"href":"https:\/\/www.ovidiudragosargesanu.ro\/en\/wp-json\/wp\/v2\/product_tag?post=2423"}],"curies":[{"name":"wp","href":"https:\/\/api.w.org\/{rel}","templated":true}]}}