{"id":2430,"date":"2018-03-22T06:11:22","date_gmt":"2018-03-22T04:11:22","guid":{"rendered":"https:\/\/www.ovidiudragosargesanu.ro\/?post_type=product&#038;p=2430"},"modified":"2025-04-24T09:45:12","modified_gmt":"2025-04-24T06:45:12","slug":"arta-razboiului-psi-protectia","status":"publish","type":"product","link":"https:\/\/www.ovidiudragosargesanu.ro\/en\/shop\/carti\/reiki\/arta-razboiului-psi-protectia\/","title":{"rendered":"Arta R\u0103zboiului PSI &#8211; Protec\u021bia"},"content":{"rendered":"<p><span style=\"font-weight: 400;\">Acest ghid te va \u00eenv\u0103\u021ba s\u0103 folose\u0219ti <\/span><span style=\"font-weight: 400;\">puterea energiei <\/span><span style=\"font-weight: 400;\">pentru a-\u021bi fortifica mintea \u0219i spiritul. Aceast\u0103 lectur\u0103 va devoala secretele unui <\/span><span style=\"font-weight: 400;\">scut spiritual <\/span><span style=\"font-weight: 400;\">puternic \u0219i modalitatea prin care s\u0103 accesezi lumin\u0103 pentru a te ap\u0103ra \u00een fa\u021ba <\/span><span style=\"font-weight: 400;\">provoc\u0103rilor nev\u0103zute<\/span><span style=\"font-weight: 400;\">.<\/span><\/p>\n<p><span style=\"font-weight: 400;\">\u00centr-o lume plin\u0103 de \u00eencerc\u0103ri energetice, cartea \u201e<\/span><span style=\"font-weight: 400;\">Arta R\u0103zboiului PSI: Protec\u021bia<\/span><span style=\"font-weight: 400;\">\u201d este un instrument vital pentru oricine caut\u0103 s\u0103-\u0219i asigure o <\/span><span style=\"font-weight: 400;\">protec\u021bie spiritual\u0103 <\/span><span style=\"font-weight: 400;\">complet\u0103. Autorul eviden\u021biaz\u0103 importan\u021ba <\/span><span style=\"font-weight: 400;\">cunoa\u0219terii de sine <\/span><span style=\"font-weight: 400;\">\u0219i ofer\u0103 sfaturi practice pentru <\/span><span style=\"font-weight: 400;\">\u00eengrijirea psihicului.<\/span><\/p>\n<p><span style=\"font-weight: 400;\">\u00cen final, cartea aminte\u0219te de cea mai mare for\u021b\u0103 de ap\u0103rare &#8211; <\/span><span style=\"font-weight: 400;\">credin\u021ba \u0219i conexiunea cu Dumnezeu<\/span><span style=\"font-weight: 400;\">. \u201e<\/span><span style=\"font-weight: 400;\">Arta R\u0103zboiului PSI: Protec\u021bia<\/span><span style=\"font-weight: 400;\">\u201d este un partener de n\u0103dejde pe drumul t\u0103u c\u0103tre o <\/span><span style=\"font-weight: 400;\">via\u021b\u0103 echilibrat\u0103<\/span><span style=\"font-weight: 400;\"> \u0219i plin\u0103 de \u00een\u021beles.\u00a0<\/span><\/p>\n","protected":false},"excerpt":{"rendered":"\n<table id=\"tablepress-5\" class=\"tablepress tablepress-id-5\">\n<tbody class=\"row-striping row-hover\">\n<tr class=\"row-1\">\n\t<td class=\"column-1\">Editura<\/td><td class=\"column-2\"><b>PRO DAO<\/b><\/td>\n<\/tr>\n<tr class=\"row-2\">\n\t<td class=\"column-1\">Anul Public\u0103rii<\/td><td class=\"column-2\">2011<\/td>\n<\/tr>\n<tr class=\"row-3\">\n\t<td class=\"column-1\">Num\u0103r Pagini<\/td><td class=\"column-2\">224<\/td>\n<\/tr>\n<tr class=\"row-4\">\n\t<td class=\"column-1\">Cod produs - SKU<\/td><td class=\"column-2\">978-606-92732-6-5<\/td>\n<\/tr>\n<\/tbody>\n<\/table>\n<!-- #tablepress-5 from cache -->\n","protected":false},"featured_media":3996,"template":"","meta":{"inline_featured_image":false},"product_brand":[],"product_cat":[527,635],"product_tag":[654,657,658,656,653,659,655],"class_list":{"0":"post-2430","1":"product","2":"type-product","3":"status-publish","4":"has-post-thumbnail","6":"product_cat-carti","7":"product_cat-reiki","8":"product_tag-autor","9":"product_tag-calatorie","10":"product_tag-cunoastere","11":"product_tag-curaj","12":"product_tag-lectura","13":"product_tag-lumina","14":"product_tag-perspective-noi","16":"first","17":"instock","18":"taxable","19":"shipping-taxable","20":"purchasable","21":"product-type-simple"},"yoast_head":"<!-- This site is optimized with the Yoast SEO plugin v26.9 - https:\/\/yoast.com\/product\/yoast-seo-wordpress\/ -->\n<title>Arta R\u0103zboiului PSI - Protec\u021bia - Ovidiu Drago\u0219 Arge\u0219anu<\/title>\n<meta name=\"description\" content=\"Arta R\u0103zboiului PSI: Protec\u021bia, o lectur\u0103 esen\u021bial\u0103 pentru cei care doresc s\u0103 exploreze \u0219i s\u0103 \u00een\u021beleag\u0103 mai bine lumea spiritual\u0103 \u0219i psihicul uman.\" \/>\n<meta name=\"robots\" content=\"noindex, follow, max-snippet:-1, max-image-preview:large, max-video-preview:-1\" \/>\n<meta property=\"og:locale\" content=\"en_US\" \/>\n<meta property=\"og:type\" content=\"article\" \/>\n<meta property=\"og:title\" content=\"Arta R\u0103zboiului PSI - Protec\u021bia - Ovidiu Drago\u0219 Arge\u0219anu\" \/>\n<meta property=\"og:description\" content=\"Arta R\u0103zboiului PSI: Protec\u021bia, o lectur\u0103 esen\u021bial\u0103 pentru cei care doresc s\u0103 exploreze \u0219i s\u0103 \u00een\u021beleag\u0103 mai bine lumea spiritual\u0103 \u0219i psihicul uman.\" \/>\n<meta property=\"og:url\" content=\"https:\/\/www.ovidiudragosargesanu.ro\/en\/shop\/carti\/reiki\/arta-razboiului-psi-protectia\/\" \/>\n<meta property=\"og:site_name\" content=\"Ovidiu Drago\u0219 Arge\u0219anu\" \/>\n<meta property=\"article:modified_time\" content=\"2025-04-24T06:45:12+00:00\" \/>\n<meta property=\"og:image\" content=\"https:\/\/www.ovidiudragosargesanu.ro\/en\/wp-content\/uploads\/2018\/03\/5.png\" \/>\n\t<meta property=\"og:image:width\" content=\"1000\" \/>\n\t<meta property=\"og:image:height\" content=\"1000\" \/>\n\t<meta property=\"og:image:type\" content=\"image\/png\" \/>\n<meta name=\"twitter:card\" content=\"summary_large_image\" \/>\n<meta name=\"twitter:label1\" content=\"Est. reading time\" \/>\n\t<meta name=\"twitter:data1\" content=\"1 minute\" \/>\n<script type=\"application\/ld+json\" class=\"yoast-schema-graph\">{\"@context\":\"https:\/\/schema.org\",\"@graph\":[{\"@type\":\"WebPage\",\"@id\":\"https:\/\/www.ovidiudragosargesanu.ro\/en\/shop\/carti\/reiki\/arta-razboiului-psi-protectia\/\",\"url\":\"https:\/\/www.ovidiudragosargesanu.ro\/en\/shop\/carti\/reiki\/arta-razboiului-psi-protectia\/\",\"name\":\"Arta R\u0103zboiului PSI - Protec\u021bia - Ovidiu Drago\u0219 Arge\u0219anu\",\"isPartOf\":{\"@id\":\"https:\/\/www.ovidiudragosargesanu.ro\/en\/#website\"},\"primaryImageOfPage\":{\"@id\":\"https:\/\/www.ovidiudragosargesanu.ro\/en\/shop\/carti\/reiki\/arta-razboiului-psi-protectia\/#primaryimage\"},\"image\":{\"@id\":\"https:\/\/www.ovidiudragosargesanu.ro\/en\/shop\/carti\/reiki\/arta-razboiului-psi-protectia\/#primaryimage\"},\"thumbnailUrl\":\"https:\/\/www.ovidiudragosargesanu.ro\/en\/wp-content\/uploads\/2018\/03\/5.png\",\"datePublished\":\"2018-03-22T04:11:22+00:00\",\"dateModified\":\"2025-04-24T06:45:12+00:00\",\"description\":\"Arta R\u0103zboiului PSI: Protec\u021bia, o lectur\u0103 esen\u021bial\u0103 pentru cei care doresc s\u0103 exploreze \u0219i s\u0103 \u00een\u021beleag\u0103 mai bine lumea spiritual\u0103 \u0219i psihicul uman.\",\"breadcrumb\":{\"@id\":\"https:\/\/www.ovidiudragosargesanu.ro\/en\/shop\/carti\/reiki\/arta-razboiului-psi-protectia\/#breadcrumb\"},\"inLanguage\":\"en-US\",\"potentialAction\":[{\"@type\":\"ReadAction\",\"target\":[\"https:\/\/www.ovidiudragosargesanu.ro\/en\/shop\/carti\/reiki\/arta-razboiului-psi-protectia\/\"]}]},{\"@type\":\"ImageObject\",\"inLanguage\":\"en-US\",\"@id\":\"https:\/\/www.ovidiudragosargesanu.ro\/en\/shop\/carti\/reiki\/arta-razboiului-psi-protectia\/#primaryimage\",\"url\":\"https:\/\/www.ovidiudragosargesanu.ro\/en\/wp-content\/uploads\/2018\/03\/5.png\",\"contentUrl\":\"https:\/\/www.ovidiudragosargesanu.ro\/en\/wp-content\/uploads\/2018\/03\/5.png\",\"width\":1000,\"height\":1000},{\"@type\":\"BreadcrumbList\",\"@id\":\"https:\/\/www.ovidiudragosargesanu.ro\/en\/shop\/carti\/reiki\/arta-razboiului-psi-protectia\/#breadcrumb\",\"itemListElement\":[{\"@type\":\"ListItem\",\"position\":1,\"name\":\"Prima pagin\u0103\",\"item\":\"https:\/\/www.ovidiudragosargesanu.ro\/en\/\"},{\"@type\":\"ListItem\",\"position\":2,\"name\":\"Shop\",\"item\":\"https:\/\/www.ovidiudragosargesanu.ro\/en\/shop\/\"},{\"@type\":\"ListItem\",\"position\":3,\"name\":\"Arta R\u0103zboiului PSI &#8211; Protec\u021bia\"}]},{\"@type\":\"WebSite\",\"@id\":\"https:\/\/www.ovidiudragosargesanu.ro\/en\/#website\",\"url\":\"https:\/\/www.ovidiudragosargesanu.ro\/en\/\",\"name\":\"Ovidiu Drago\u0219 Arge\u0219anu\",\"description\":\"\",\"publisher\":{\"@id\":\"https:\/\/www.ovidiudragosargesanu.ro\/en\/#organization\"},\"potentialAction\":[{\"@type\":\"SearchAction\",\"target\":{\"@type\":\"EntryPoint\",\"urlTemplate\":\"https:\/\/www.ovidiudragosargesanu.ro\/en\/?s={search_term_string}\"},\"query-input\":{\"@type\":\"PropertyValueSpecification\",\"valueRequired\":true,\"valueName\":\"search_term_string\"}}],\"inLanguage\":\"en-US\"},{\"@type\":\"Organization\",\"@id\":\"https:\/\/www.ovidiudragosargesanu.ro\/en\/#organization\",\"name\":\"Ovidiu Drago\u0219 Arge\u0219anu\",\"url\":\"https:\/\/www.ovidiudragosargesanu.ro\/en\/\",\"logo\":{\"@type\":\"ImageObject\",\"inLanguage\":\"en-US\",\"@id\":\"https:\/\/www.ovidiudragosargesanu.ro\/en\/#\/schema\/logo\/image\/\",\"url\":\"https:\/\/www.ovidiudragosargesanu.ro\/en\/wp-content\/uploads\/2018\/03\/dragos-logo-lotus-black-400.svg\",\"contentUrl\":\"https:\/\/www.ovidiudragosargesanu.ro\/en\/wp-content\/uploads\/2018\/03\/dragos-logo-lotus-black-400.svg\",\"width\":300,\"height\":150,\"caption\":\"Ovidiu Drago\u0219 Arge\u0219anu\"},\"image\":{\"@id\":\"https:\/\/www.ovidiudragosargesanu.ro\/en\/#\/schema\/logo\/image\/\"}}]}<\/script>\n<!-- \/ Yoast SEO plugin. -->","yoast_head_json":{"title":"Arta R\u0103zboiului PSI - Protec\u021bia - Ovidiu Drago\u0219 Arge\u0219anu","description":"Arta R\u0103zboiului PSI: Protec\u021bia, o lectur\u0103 esen\u021bial\u0103 pentru cei care doresc s\u0103 exploreze \u0219i s\u0103 \u00een\u021beleag\u0103 mai bine lumea spiritual\u0103 \u0219i psihicul uman.","robots":{"index":"noindex","follow":"follow","max-snippet":"max-snippet:-1","max-image-preview":"max-image-preview:large","max-video-preview":"max-video-preview:-1"},"og_locale":"en_US","og_type":"article","og_title":"Arta R\u0103zboiului PSI - Protec\u021bia - Ovidiu Drago\u0219 Arge\u0219anu","og_description":"Arta R\u0103zboiului PSI: Protec\u021bia, o lectur\u0103 esen\u021bial\u0103 pentru cei care doresc s\u0103 exploreze \u0219i s\u0103 \u00een\u021beleag\u0103 mai bine lumea spiritual\u0103 \u0219i psihicul uman.","og_url":"https:\/\/www.ovidiudragosargesanu.ro\/en\/shop\/carti\/reiki\/arta-razboiului-psi-protectia\/","og_site_name":"Ovidiu Drago\u0219 Arge\u0219anu","article_modified_time":"2025-04-24T06:45:12+00:00","og_image":[{"width":1000,"height":1000,"url":"https:\/\/www.ovidiudragosargesanu.ro\/en\/wp-content\/uploads\/2018\/03\/5.png","type":"image\/png"}],"twitter_card":"summary_large_image","twitter_misc":{"Est. reading time":"1 minute"},"schema":{"@context":"https:\/\/schema.org","@graph":[{"@type":"WebPage","@id":"https:\/\/www.ovidiudragosargesanu.ro\/en\/shop\/carti\/reiki\/arta-razboiului-psi-protectia\/","url":"https:\/\/www.ovidiudragosargesanu.ro\/en\/shop\/carti\/reiki\/arta-razboiului-psi-protectia\/","name":"Arta R\u0103zboiului PSI - Protec\u021bia - Ovidiu Drago\u0219 Arge\u0219anu","isPartOf":{"@id":"https:\/\/www.ovidiudragosargesanu.ro\/en\/#website"},"primaryImageOfPage":{"@id":"https:\/\/www.ovidiudragosargesanu.ro\/en\/shop\/carti\/reiki\/arta-razboiului-psi-protectia\/#primaryimage"},"image":{"@id":"https:\/\/www.ovidiudragosargesanu.ro\/en\/shop\/carti\/reiki\/arta-razboiului-psi-protectia\/#primaryimage"},"thumbnailUrl":"https:\/\/www.ovidiudragosargesanu.ro\/en\/wp-content\/uploads\/2018\/03\/5.png","datePublished":"2018-03-22T04:11:22+00:00","dateModified":"2025-04-24T06:45:12+00:00","description":"Arta R\u0103zboiului PSI: Protec\u021bia, o lectur\u0103 esen\u021bial\u0103 pentru cei care doresc s\u0103 exploreze \u0219i s\u0103 \u00een\u021beleag\u0103 mai bine lumea spiritual\u0103 \u0219i psihicul uman.","breadcrumb":{"@id":"https:\/\/www.ovidiudragosargesanu.ro\/en\/shop\/carti\/reiki\/arta-razboiului-psi-protectia\/#breadcrumb"},"inLanguage":"en-US","potentialAction":[{"@type":"ReadAction","target":["https:\/\/www.ovidiudragosargesanu.ro\/en\/shop\/carti\/reiki\/arta-razboiului-psi-protectia\/"]}]},{"@type":"ImageObject","inLanguage":"en-US","@id":"https:\/\/www.ovidiudragosargesanu.ro\/en\/shop\/carti\/reiki\/arta-razboiului-psi-protectia\/#primaryimage","url":"https:\/\/www.ovidiudragosargesanu.ro\/en\/wp-content\/uploads\/2018\/03\/5.png","contentUrl":"https:\/\/www.ovidiudragosargesanu.ro\/en\/wp-content\/uploads\/2018\/03\/5.png","width":1000,"height":1000},{"@type":"BreadcrumbList","@id":"https:\/\/www.ovidiudragosargesanu.ro\/en\/shop\/carti\/reiki\/arta-razboiului-psi-protectia\/#breadcrumb","itemListElement":[{"@type":"ListItem","position":1,"name":"Prima pagin\u0103","item":"https:\/\/www.ovidiudragosargesanu.ro\/en\/"},{"@type":"ListItem","position":2,"name":"Shop","item":"https:\/\/www.ovidiudragosargesanu.ro\/en\/shop\/"},{"@type":"ListItem","position":3,"name":"Arta R\u0103zboiului PSI &#8211; Protec\u021bia"}]},{"@type":"WebSite","@id":"https:\/\/www.ovidiudragosargesanu.ro\/en\/#website","url":"https:\/\/www.ovidiudragosargesanu.ro\/en\/","name":"Ovidiu Drago\u0219 Arge\u0219anu","description":"","publisher":{"@id":"https:\/\/www.ovidiudragosargesanu.ro\/en\/#organization"},"potentialAction":[{"@type":"SearchAction","target":{"@type":"EntryPoint","urlTemplate":"https:\/\/www.ovidiudragosargesanu.ro\/en\/?s={search_term_string}"},"query-input":{"@type":"PropertyValueSpecification","valueRequired":true,"valueName":"search_term_string"}}],"inLanguage":"en-US"},{"@type":"Organization","@id":"https:\/\/www.ovidiudragosargesanu.ro\/en\/#organization","name":"Ovidiu Drago\u0219 Arge\u0219anu","url":"https:\/\/www.ovidiudragosargesanu.ro\/en\/","logo":{"@type":"ImageObject","inLanguage":"en-US","@id":"https:\/\/www.ovidiudragosargesanu.ro\/en\/#\/schema\/logo\/image\/","url":"https:\/\/www.ovidiudragosargesanu.ro\/en\/wp-content\/uploads\/2018\/03\/dragos-logo-lotus-black-400.svg","contentUrl":"https:\/\/www.ovidiudragosargesanu.ro\/en\/wp-content\/uploads\/2018\/03\/dragos-logo-lotus-black-400.svg","width":300,"height":150,"caption":"Ovidiu Drago\u0219 Arge\u0219anu"},"image":{"@id":"https:\/\/www.ovidiudragosargesanu.ro\/en\/#\/schema\/logo\/image\/"}}]}},"_links":{"self":[{"href":"https:\/\/www.ovidiudragosargesanu.ro\/en\/wp-json\/wp\/v2\/product\/2430","targetHints":{"allow":["GET"]}}],"collection":[{"href":"https:\/\/www.ovidiudragosargesanu.ro\/en\/wp-json\/wp\/v2\/product"}],"about":[{"href":"https:\/\/www.ovidiudragosargesanu.ro\/en\/wp-json\/wp\/v2\/types\/product"}],"version-history":[{"count":2,"href":"https:\/\/www.ovidiudragosargesanu.ro\/en\/wp-json\/wp\/v2\/product\/2430\/revisions"}],"predecessor-version":[{"id":5157,"href":"https:\/\/www.ovidiudragosargesanu.ro\/en\/wp-json\/wp\/v2\/product\/2430\/revisions\/5157"}],"wp:featuredmedia":[{"embeddable":true,"href":"https:\/\/www.ovidiudragosargesanu.ro\/en\/wp-json\/wp\/v2\/media\/3996"}],"wp:attachment":[{"href":"https:\/\/www.ovidiudragosargesanu.ro\/en\/wp-json\/wp\/v2\/media?parent=2430"}],"wp:term":[{"taxonomy":"product_brand","embeddable":true,"href":"https:\/\/www.ovidiudragosargesanu.ro\/en\/wp-json\/wp\/v2\/product_brand?post=2430"},{"taxonomy":"product_cat","embeddable":true,"href":"https:\/\/www.ovidiudragosargesanu.ro\/en\/wp-json\/wp\/v2\/product_cat?post=2430"},{"taxonomy":"product_tag","embeddable":true,"href":"https:\/\/www.ovidiudragosargesanu.ro\/en\/wp-json\/wp\/v2\/product_tag?post=2430"}],"curies":[{"name":"wp","href":"https:\/\/api.w.org\/{rel}","templated":true}]}}