{"id":2472,"date":"2018-03-23T10:37:39","date_gmt":"2018-03-23T08:37:39","guid":{"rendered":"https:\/\/www.ovidiudragosargesanu.ro\/?post_type=product&#038;p=2472"},"modified":"2025-04-24T09:25:21","modified_gmt":"2025-04-24T06:25:21","slug":"dimensiunea-psi-interviuri-televizate-vol-2","status":"publish","type":"product","link":"https:\/\/www.ovidiudragosargesanu.ro\/en\/shop\/carti\/reiki\/dimensiunea-psi-interviuri-televizate-vol-2\/","title":{"rendered":"Dimensiunea PSI, Interviuri Televizate (vol. 2)"},"content":{"rendered":"<p><span style=\"font-weight: 400;\">Autorul,\u00a0 Dr. Ovidiu-Drago\u0219 Arge\u0219anu, al\u0103turi de invita\u021bii s\u0103i, dezv\u0103luie \u00een\u021belepciunea legat\u0103 de suflet, inton\u00e2nd faptul c\u0103 acesta este un dar divin \u00eemprumutat de la Dumnezeu. Ace\u0219tia exploreaz\u0103 \u00een cadrul dialogurilor purtate conceptul de \u0218arpe Kundalini, care reprezint\u0103 energia vital\u0103 \u0219i sinele, precum \u0219i scopul final al vie\u021bii.<\/span><\/p>\n<p><span style=\"font-weight: 400;\">Cartea \u201eDimensiunea PSI. Vol. 2. Interviuri televizate\u201d abordeaz\u0103 teme profunde precum starea Alfa, regresia \u00een vie\u021bile trecute \u0219i puterea vindec\u0103rii, transform\u00e2nd \u00een\u021belepciunea uman\u0103 \u00een \u00een\u021belepciune divin\u0103. \u00cenva\u021b\u0103 prin intermediul acestei lecturi, detalii nemaidiscutate despre dreptul divin la bog\u0103\u021bie \u0219i abunden\u021b\u0103, \u0219i descoper\u0103 c\u0103 acestea sunt daruri ale lui Dumnezeu, disponibile tuturor.<\/span><\/p>\n<p><span style=\"font-weight: 400;\">Aceast\u0103 carte te va ghida de asemenea pe drumul de la iubirea sexualizat\u0103 la cea divin\u0103, oferindu-\u021bi instrumentele necesare pentru a c\u00e2\u0219tiga dreptul la iubirea necondi\u021bionat\u0103 \u0219i \u00eengrijirea altruist\u0103.<\/span><\/p>\n<p><span style=\"font-weight: 400;\">\u201eDimensiunea PSI. Vol. 2. Interviuri televizate\u201d este mai mult dec\u00e2t o carte; este un ghid pentru cei care sunt \u00een c\u0103utarea unor perspective noi \u0219i \u00een\u021belegeri profunde \u00een lumea spiritual\u0103. Aceast\u0103 lucrare este esen\u021bial\u0103 pentru to\u021bi cei care doresc s\u0103 exploreze \u0219i s\u0103 \u00een\u021beleag\u0103 mai bine complexitatea \u0219i frumuse\u021bea lumii spirituale.<\/span><\/p>\n","protected":false},"excerpt":{"rendered":"\n<table id=\"tablepress-14\" class=\"tablepress tablepress-id-14\">\n<tbody class=\"row-striping row-hover\">\n<tr class=\"row-1\">\n\t<td class=\"column-1\">Editura<\/td><td class=\"column-2\"><b>PRO DAO<\/b><\/td>\n<\/tr>\n<tr class=\"row-2\">\n\t<td class=\"column-1\">Anul Public\u0103rii<\/td><td class=\"column-2\">2015<\/td>\n<\/tr>\n<tr class=\"row-3\">\n\t<td class=\"column-1\">Num\u0103r Pagini<\/td><td class=\"column-2\">355<\/td>\n<\/tr>\n<tr class=\"row-4\">\n\t<td class=\"column-1\">Cod produs - SKU<\/td><td class=\"column-2\">9786069341346<\/td>\n<\/tr>\n<\/tbody>\n<\/table>\n<!-- #tablepress-14 from cache -->\n","protected":false},"featured_media":4121,"template":"","meta":{"inline_featured_image":false},"product_brand":[],"product_cat":[527,635],"product_tag":[683,684],"class_list":{"0":"post-2472","1":"product","2":"type-product","3":"status-publish","4":"has-post-thumbnail","6":"product_cat-carti","7":"product_cat-reiki","8":"product_tag-dimensiunea-psi","9":"product_tag-interviuri-televizate","11":"first","12":"instock","13":"taxable","14":"shipping-taxable","15":"purchasable","16":"product-type-simple"},"yoast_head":"<!-- This site is optimized with the Yoast SEO plugin v26.9 - https:\/\/yoast.com\/product\/yoast-seo-wordpress\/ -->\n<title>Dimensiunea PSI, Interviuri Televizate (vol. 2) - Ovidiu Drago\u0219 Arge\u0219anu<\/title>\n<meta name=\"description\" content=\"Descoper\u0103 fascinanta lume a spiritualit\u0103\u021bii \u00een \u201eDimensiunea PSI. Vol. 2. Interviuri televizate\u201d, o colec\u021bie de dialoguri captivante \u0219i discu\u021bii profunde\" \/>\n<meta name=\"robots\" content=\"noindex, follow, max-snippet:-1, max-image-preview:large, max-video-preview:-1\" \/>\n<meta property=\"og:locale\" content=\"en_US\" \/>\n<meta property=\"og:type\" content=\"article\" \/>\n<meta property=\"og:title\" content=\"Dimensiunea PSI, Interviuri Televizate (vol. 2) - Ovidiu Drago\u0219 Arge\u0219anu\" \/>\n<meta property=\"og:description\" content=\"Descoper\u0103 fascinanta lume a spiritualit\u0103\u021bii \u00een \u201eDimensiunea PSI. Vol. 2. Interviuri televizate\u201d, o colec\u021bie de dialoguri captivante \u0219i discu\u021bii profunde\" \/>\n<meta property=\"og:url\" content=\"https:\/\/www.ovidiudragosargesanu.ro\/en\/shop\/carti\/reiki\/dimensiunea-psi-interviuri-televizate-vol-2\/\" \/>\n<meta property=\"og:site_name\" content=\"Ovidiu Drago\u0219 Arge\u0219anu\" \/>\n<meta property=\"article:modified_time\" content=\"2025-04-24T06:25:21+00:00\" \/>\n<meta property=\"og:image\" content=\"https:\/\/www.ovidiudragosargesanu.ro\/en\/wp-content\/uploads\/2018\/03\/46.png\" \/>\n\t<meta property=\"og:image:width\" content=\"1000\" \/>\n\t<meta property=\"og:image:height\" content=\"1000\" \/>\n\t<meta property=\"og:image:type\" content=\"image\/png\" \/>\n<meta name=\"twitter:card\" content=\"summary_large_image\" \/>\n<meta name=\"twitter:label1\" content=\"Est. reading time\" \/>\n\t<meta name=\"twitter:data1\" content=\"2 minutes\" \/>\n<script type=\"application\/ld+json\" class=\"yoast-schema-graph\">{\"@context\":\"https:\/\/schema.org\",\"@graph\":[{\"@type\":\"WebPage\",\"@id\":\"https:\/\/www.ovidiudragosargesanu.ro\/en\/shop\/carti\/reiki\/dimensiunea-psi-interviuri-televizate-vol-2\/\",\"url\":\"https:\/\/www.ovidiudragosargesanu.ro\/en\/shop\/carti\/reiki\/dimensiunea-psi-interviuri-televizate-vol-2\/\",\"name\":\"Dimensiunea PSI, Interviuri Televizate (vol. 2) - Ovidiu Drago\u0219 Arge\u0219anu\",\"isPartOf\":{\"@id\":\"https:\/\/www.ovidiudragosargesanu.ro\/en\/#website\"},\"primaryImageOfPage\":{\"@id\":\"https:\/\/www.ovidiudragosargesanu.ro\/en\/shop\/carti\/reiki\/dimensiunea-psi-interviuri-televizate-vol-2\/#primaryimage\"},\"image\":{\"@id\":\"https:\/\/www.ovidiudragosargesanu.ro\/en\/shop\/carti\/reiki\/dimensiunea-psi-interviuri-televizate-vol-2\/#primaryimage\"},\"thumbnailUrl\":\"https:\/\/www.ovidiudragosargesanu.ro\/en\/wp-content\/uploads\/2018\/03\/46.png\",\"datePublished\":\"2018-03-23T08:37:39+00:00\",\"dateModified\":\"2025-04-24T06:25:21+00:00\",\"description\":\"Descoper\u0103 fascinanta lume a spiritualit\u0103\u021bii \u00een \u201eDimensiunea PSI. Vol. 2. Interviuri televizate\u201d, o colec\u021bie de dialoguri captivante \u0219i discu\u021bii profunde\",\"breadcrumb\":{\"@id\":\"https:\/\/www.ovidiudragosargesanu.ro\/en\/shop\/carti\/reiki\/dimensiunea-psi-interviuri-televizate-vol-2\/#breadcrumb\"},\"inLanguage\":\"en-US\",\"potentialAction\":[{\"@type\":\"ReadAction\",\"target\":[\"https:\/\/www.ovidiudragosargesanu.ro\/en\/shop\/carti\/reiki\/dimensiunea-psi-interviuri-televizate-vol-2\/\"]}]},{\"@type\":\"ImageObject\",\"inLanguage\":\"en-US\",\"@id\":\"https:\/\/www.ovidiudragosargesanu.ro\/en\/shop\/carti\/reiki\/dimensiunea-psi-interviuri-televizate-vol-2\/#primaryimage\",\"url\":\"https:\/\/www.ovidiudragosargesanu.ro\/en\/wp-content\/uploads\/2018\/03\/46.png\",\"contentUrl\":\"https:\/\/www.ovidiudragosargesanu.ro\/en\/wp-content\/uploads\/2018\/03\/46.png\",\"width\":1000,\"height\":1000},{\"@type\":\"BreadcrumbList\",\"@id\":\"https:\/\/www.ovidiudragosargesanu.ro\/en\/shop\/carti\/reiki\/dimensiunea-psi-interviuri-televizate-vol-2\/#breadcrumb\",\"itemListElement\":[{\"@type\":\"ListItem\",\"position\":1,\"name\":\"Prima pagin\u0103\",\"item\":\"https:\/\/www.ovidiudragosargesanu.ro\/en\/\"},{\"@type\":\"ListItem\",\"position\":2,\"name\":\"Shop\",\"item\":\"https:\/\/www.ovidiudragosargesanu.ro\/en\/shop\/\"},{\"@type\":\"ListItem\",\"position\":3,\"name\":\"Dimensiunea PSI, Interviuri Televizate (vol. 2)\"}]},{\"@type\":\"WebSite\",\"@id\":\"https:\/\/www.ovidiudragosargesanu.ro\/en\/#website\",\"url\":\"https:\/\/www.ovidiudragosargesanu.ro\/en\/\",\"name\":\"Ovidiu Drago\u0219 Arge\u0219anu\",\"description\":\"\",\"publisher\":{\"@id\":\"https:\/\/www.ovidiudragosargesanu.ro\/en\/#organization\"},\"potentialAction\":[{\"@type\":\"SearchAction\",\"target\":{\"@type\":\"EntryPoint\",\"urlTemplate\":\"https:\/\/www.ovidiudragosargesanu.ro\/en\/?s={search_term_string}\"},\"query-input\":{\"@type\":\"PropertyValueSpecification\",\"valueRequired\":true,\"valueName\":\"search_term_string\"}}],\"inLanguage\":\"en-US\"},{\"@type\":\"Organization\",\"@id\":\"https:\/\/www.ovidiudragosargesanu.ro\/en\/#organization\",\"name\":\"Ovidiu Drago\u0219 Arge\u0219anu\",\"url\":\"https:\/\/www.ovidiudragosargesanu.ro\/en\/\",\"logo\":{\"@type\":\"ImageObject\",\"inLanguage\":\"en-US\",\"@id\":\"https:\/\/www.ovidiudragosargesanu.ro\/en\/#\/schema\/logo\/image\/\",\"url\":\"https:\/\/www.ovidiudragosargesanu.ro\/en\/wp-content\/uploads\/2018\/03\/dragos-logo-lotus-black-400.svg\",\"contentUrl\":\"https:\/\/www.ovidiudragosargesanu.ro\/en\/wp-content\/uploads\/2018\/03\/dragos-logo-lotus-black-400.svg\",\"width\":300,\"height\":150,\"caption\":\"Ovidiu Drago\u0219 Arge\u0219anu\"},\"image\":{\"@id\":\"https:\/\/www.ovidiudragosargesanu.ro\/en\/#\/schema\/logo\/image\/\"}}]}<\/script>\n<!-- \/ Yoast SEO plugin. -->","yoast_head_json":{"title":"Dimensiunea PSI, Interviuri Televizate (vol. 2) - Ovidiu Drago\u0219 Arge\u0219anu","description":"Descoper\u0103 fascinanta lume a spiritualit\u0103\u021bii \u00een \u201eDimensiunea PSI. Vol. 2. Interviuri televizate\u201d, o colec\u021bie de dialoguri captivante \u0219i discu\u021bii profunde","robots":{"index":"noindex","follow":"follow","max-snippet":"max-snippet:-1","max-image-preview":"max-image-preview:large","max-video-preview":"max-video-preview:-1"},"og_locale":"en_US","og_type":"article","og_title":"Dimensiunea PSI, Interviuri Televizate (vol. 2) - Ovidiu Drago\u0219 Arge\u0219anu","og_description":"Descoper\u0103 fascinanta lume a spiritualit\u0103\u021bii \u00een \u201eDimensiunea PSI. Vol. 2. Interviuri televizate\u201d, o colec\u021bie de dialoguri captivante \u0219i discu\u021bii profunde","og_url":"https:\/\/www.ovidiudragosargesanu.ro\/en\/shop\/carti\/reiki\/dimensiunea-psi-interviuri-televizate-vol-2\/","og_site_name":"Ovidiu Drago\u0219 Arge\u0219anu","article_modified_time":"2025-04-24T06:25:21+00:00","og_image":[{"width":1000,"height":1000,"url":"https:\/\/www.ovidiudragosargesanu.ro\/en\/wp-content\/uploads\/2018\/03\/46.png","type":"image\/png"}],"twitter_card":"summary_large_image","twitter_misc":{"Est. reading time":"2 minutes"},"schema":{"@context":"https:\/\/schema.org","@graph":[{"@type":"WebPage","@id":"https:\/\/www.ovidiudragosargesanu.ro\/en\/shop\/carti\/reiki\/dimensiunea-psi-interviuri-televizate-vol-2\/","url":"https:\/\/www.ovidiudragosargesanu.ro\/en\/shop\/carti\/reiki\/dimensiunea-psi-interviuri-televizate-vol-2\/","name":"Dimensiunea PSI, Interviuri Televizate (vol. 2) - Ovidiu Drago\u0219 Arge\u0219anu","isPartOf":{"@id":"https:\/\/www.ovidiudragosargesanu.ro\/en\/#website"},"primaryImageOfPage":{"@id":"https:\/\/www.ovidiudragosargesanu.ro\/en\/shop\/carti\/reiki\/dimensiunea-psi-interviuri-televizate-vol-2\/#primaryimage"},"image":{"@id":"https:\/\/www.ovidiudragosargesanu.ro\/en\/shop\/carti\/reiki\/dimensiunea-psi-interviuri-televizate-vol-2\/#primaryimage"},"thumbnailUrl":"https:\/\/www.ovidiudragosargesanu.ro\/en\/wp-content\/uploads\/2018\/03\/46.png","datePublished":"2018-03-23T08:37:39+00:00","dateModified":"2025-04-24T06:25:21+00:00","description":"Descoper\u0103 fascinanta lume a spiritualit\u0103\u021bii \u00een \u201eDimensiunea PSI. Vol. 2. Interviuri televizate\u201d, o colec\u021bie de dialoguri captivante \u0219i discu\u021bii profunde","breadcrumb":{"@id":"https:\/\/www.ovidiudragosargesanu.ro\/en\/shop\/carti\/reiki\/dimensiunea-psi-interviuri-televizate-vol-2\/#breadcrumb"},"inLanguage":"en-US","potentialAction":[{"@type":"ReadAction","target":["https:\/\/www.ovidiudragosargesanu.ro\/en\/shop\/carti\/reiki\/dimensiunea-psi-interviuri-televizate-vol-2\/"]}]},{"@type":"ImageObject","inLanguage":"en-US","@id":"https:\/\/www.ovidiudragosargesanu.ro\/en\/shop\/carti\/reiki\/dimensiunea-psi-interviuri-televizate-vol-2\/#primaryimage","url":"https:\/\/www.ovidiudragosargesanu.ro\/en\/wp-content\/uploads\/2018\/03\/46.png","contentUrl":"https:\/\/www.ovidiudragosargesanu.ro\/en\/wp-content\/uploads\/2018\/03\/46.png","width":1000,"height":1000},{"@type":"BreadcrumbList","@id":"https:\/\/www.ovidiudragosargesanu.ro\/en\/shop\/carti\/reiki\/dimensiunea-psi-interviuri-televizate-vol-2\/#breadcrumb","itemListElement":[{"@type":"ListItem","position":1,"name":"Prima pagin\u0103","item":"https:\/\/www.ovidiudragosargesanu.ro\/en\/"},{"@type":"ListItem","position":2,"name":"Shop","item":"https:\/\/www.ovidiudragosargesanu.ro\/en\/shop\/"},{"@type":"ListItem","position":3,"name":"Dimensiunea PSI, Interviuri Televizate (vol. 2)"}]},{"@type":"WebSite","@id":"https:\/\/www.ovidiudragosargesanu.ro\/en\/#website","url":"https:\/\/www.ovidiudragosargesanu.ro\/en\/","name":"Ovidiu Drago\u0219 Arge\u0219anu","description":"","publisher":{"@id":"https:\/\/www.ovidiudragosargesanu.ro\/en\/#organization"},"potentialAction":[{"@type":"SearchAction","target":{"@type":"EntryPoint","urlTemplate":"https:\/\/www.ovidiudragosargesanu.ro\/en\/?s={search_term_string}"},"query-input":{"@type":"PropertyValueSpecification","valueRequired":true,"valueName":"search_term_string"}}],"inLanguage":"en-US"},{"@type":"Organization","@id":"https:\/\/www.ovidiudragosargesanu.ro\/en\/#organization","name":"Ovidiu Drago\u0219 Arge\u0219anu","url":"https:\/\/www.ovidiudragosargesanu.ro\/en\/","logo":{"@type":"ImageObject","inLanguage":"en-US","@id":"https:\/\/www.ovidiudragosargesanu.ro\/en\/#\/schema\/logo\/image\/","url":"https:\/\/www.ovidiudragosargesanu.ro\/en\/wp-content\/uploads\/2018\/03\/dragos-logo-lotus-black-400.svg","contentUrl":"https:\/\/www.ovidiudragosargesanu.ro\/en\/wp-content\/uploads\/2018\/03\/dragos-logo-lotus-black-400.svg","width":300,"height":150,"caption":"Ovidiu Drago\u0219 Arge\u0219anu"},"image":{"@id":"https:\/\/www.ovidiudragosargesanu.ro\/en\/#\/schema\/logo\/image\/"}}]}},"_links":{"self":[{"href":"https:\/\/www.ovidiudragosargesanu.ro\/en\/wp-json\/wp\/v2\/product\/2472","targetHints":{"allow":["GET"]}}],"collection":[{"href":"https:\/\/www.ovidiudragosargesanu.ro\/en\/wp-json\/wp\/v2\/product"}],"about":[{"href":"https:\/\/www.ovidiudragosargesanu.ro\/en\/wp-json\/wp\/v2\/types\/product"}],"version-history":[{"count":3,"href":"https:\/\/www.ovidiudragosargesanu.ro\/en\/wp-json\/wp\/v2\/product\/2472\/revisions"}],"predecessor-version":[{"id":5166,"href":"https:\/\/www.ovidiudragosargesanu.ro\/en\/wp-json\/wp\/v2\/product\/2472\/revisions\/5166"}],"wp:featuredmedia":[{"embeddable":true,"href":"https:\/\/www.ovidiudragosargesanu.ro\/en\/wp-json\/wp\/v2\/media\/4121"}],"wp:attachment":[{"href":"https:\/\/www.ovidiudragosargesanu.ro\/en\/wp-json\/wp\/v2\/media?parent=2472"}],"wp:term":[{"taxonomy":"product_brand","embeddable":true,"href":"https:\/\/www.ovidiudragosargesanu.ro\/en\/wp-json\/wp\/v2\/product_brand?post=2472"},{"taxonomy":"product_cat","embeddable":true,"href":"https:\/\/www.ovidiudragosargesanu.ro\/en\/wp-json\/wp\/v2\/product_cat?post=2472"},{"taxonomy":"product_tag","embeddable":true,"href":"https:\/\/www.ovidiudragosargesanu.ro\/en\/wp-json\/wp\/v2\/product_tag?post=2472"}],"curies":[{"name":"wp","href":"https:\/\/api.w.org\/{rel}","templated":true}]}}