{"id":25589,"date":"2024-11-12T10:33:51","date_gmt":"2024-11-12T08:33:51","guid":{"rendered":"https:\/\/www.ovidiudragosargesanu.ro\/?post_type=product&#038;p=25589"},"modified":"2025-02-28T21:22:09","modified_gmt":"2025-02-28T19:22:09","slug":"conferinta-de-la-sexualitate-la-indumnezeire-brasov-acces-online","status":"publish","type":"product","link":"https:\/\/www.ovidiudragosargesanu.ro\/en\/shop\/conferinte-premium\/supraconstiinta\/conferinta-de-la-sexualitate-la-indumnezeire-brasov-acces-online\/","title":{"rendered":"Conferinta: De la sexualitate la Indumnezeire &#8211; Brasov &#8211; acces online"},"content":{"rendered":"<p><span style=\"font-weight: 400;\">Te invit s\u0103 urm\u0103re\u0219ti conferin\u021ba mea ,,De la sexualitate la \u00cendumnezeire\u201d din Bra\u0219ov, din data de 03.12.2024, \u00een care vom explora \u00eempreun\u0103 conexiunea profund\u0103 dintre sexualitate \u0219i evolu\u021bie spiritual\u0103.\u00a0\u00a0<\/span><\/p>\n<p><span style=\"font-weight: 400;\">Este o experien\u021b\u0103 de vindecare \u0219i evolu\u021bie prin instrumentele \u0219i \u00een\u021belegerile necesare pentru a explora aspectele sacre ale sexualit\u0103\u021bii.<\/span><\/p>\n<h3><b>Temele explorate \u00een cadrul conferin\u021bei:<\/b><\/h3>\n<ul>\n<li style=\"font-weight: 400;\" aria-level=\"1\"><span style=\"font-weight: 400;\">Despre sexualitate<\/span><\/li>\n<li style=\"font-weight: 400;\" aria-level=\"1\"><span style=\"font-weight: 400;\">Despre sublimarea energie negative prin sex<\/span><\/li>\n<li style=\"font-weight: 400;\" aria-level=\"1\"><span style=\"font-weight: 400;\">Programele negative \u0219i transformarea \u00een pl\u0103cere<\/span><\/li>\n<li style=\"font-weight: 400;\" aria-level=\"1\"><span style=\"font-weight: 400;\">Preludiul ca form\u0103 de sublimare a magiei<\/span><\/li>\n<li style=\"font-weight: 400;\" aria-level=\"1\"><span style=\"font-weight: 400;\">Orgasmul ca form\u0103 de cur\u0103\u021bare \u0219i transfer de informa\u021bie energie \u0219i spirit<\/span><\/li>\n<li style=\"font-weight: 400;\" aria-level=\"1\"><span style=\"font-weight: 400;\">Armonizarea sexual\u0103 \u0219i terapia<\/span><\/li>\n<li style=\"font-weight: 400;\" aria-level=\"1\"><span style=\"font-weight: 400;\">Terapia sexual\u0103<\/span><\/li>\n<li style=\"font-weight: 400;\" aria-level=\"1\"><span style=\"font-weight: 400;\">Tantra \u0219i evolu\u021bia<\/span><\/li>\n<li style=\"font-weight: 400;\" aria-level=\"1\"><span style=\"font-weight: 400;\">C\u0103lug\u0103ria abstinen\u021ba sexual\u0103 \u0219i evolu\u021bia<\/span><\/li>\n<li style=\"font-weight: 400;\" aria-level=\"1\"><span style=\"font-weight: 400;\">Sportul \u0219i energia sexual\u0103<\/span><\/li>\n<li style=\"font-weight: 400;\" aria-level=\"1\"><span style=\"font-weight: 400;\">Sexul \u0219i cre\u0219terea spiritual\u0103<\/span><\/li>\n<li style=\"font-weight: 400;\" aria-level=\"1\"><span style=\"font-weight: 400;\">Homosexualitatea ca form\u0103 de cre\u0219tere spiritual\u0103<\/span><\/li>\n<li style=\"font-weight: 400;\" aria-level=\"1\"><span style=\"font-weight: 400;\">Dob\u00e2ndirea de aur spiritual prin sex<\/span><\/li>\n<li style=\"font-weight: 400;\" aria-level=\"1\"><span style=\"font-weight: 400;\">\u00cenvingerea entit\u0103\u021bilor negative prin sex<\/span><\/li>\n<li style=\"font-weight: 400;\" aria-level=\"1\"><span style=\"font-weight: 400;\">Sexul ca o scar\u0103 \u00eentre iad \u0219i rai<\/span><\/li>\n<li style=\"font-weight: 400;\" aria-level=\"1\"><span style=\"font-weight: 400;\">\u00cengerii \u0219i sexul<\/span><\/li>\n<li style=\"font-weight: 400;\" aria-level=\"1\"><span style=\"font-weight: 400;\">Puritatea sexual\u0103<\/span><\/li>\n<li style=\"font-weight: 400;\" aria-level=\"1\"><span style=\"font-weight: 400;\">Jur\u0103mintele de castitate \u00eentre a le depune \u0219i a le anihila<\/span><\/li>\n<li style=\"font-weight: 400;\" aria-level=\"1\"><span style=\"font-weight: 400;\">Blestemele sexuale<\/span><\/li>\n<li style=\"font-weight: 400;\" aria-level=\"1\"><span style=\"font-weight: 400;\">Blocajele sexuale &#8211; Cum se elimin\u0103<\/span><\/li>\n<li style=\"font-weight: 400;\" aria-level=\"1\"><span style=\"font-weight: 400;\">Diferen\u021bele de v\u00e2rst\u0103 astral\u0103 \u0219i sexul la doi parteneri<\/span><\/li>\n<li style=\"font-weight: 400;\" aria-level=\"1\"><span style=\"font-weight: 400;\">Sexul cu mai mul\u021bi parteneri<\/span><\/li>\n<li style=\"font-weight: 400;\" aria-level=\"1\"><span style=\"font-weight: 400;\">De ce caut\u0103 oamenii swingul<\/span><\/li>\n<li style=\"font-weight: 400;\" aria-level=\"1\"><span style=\"font-weight: 400;\">Cre\u0219tinismul \u0219i sexul<\/span><\/li>\n<li style=\"font-weight: 400;\" aria-level=\"1\"><span style=\"font-weight: 400;\">Dacii \u0219i sexualitatea<\/span><\/li>\n<li style=\"font-weight: 400;\" aria-level=\"1\"><span style=\"font-weight: 400;\">Sexul \u00een Dumnezeu<\/span><\/li>\n<li style=\"font-weight: 400;\" aria-level=\"1\"><span style=\"font-weight: 400;\">Rug\u0103ciunea \u00een timpul sexului<\/span><\/li>\n<li style=\"font-weight: 400;\" aria-level=\"1\"><span style=\"font-weight: 400;\">Reiki \u0219i energia sexual\u0103<\/span><\/li>\n<li style=\"font-weight: 400;\" aria-level=\"1\"><span style=\"font-weight: 400;\">Tao \u0219i sexualitatea<\/span><\/li>\n<li style=\"font-weight: 400;\" aria-level=\"1\"><span style=\"font-weight: 400;\">Arhanghelul Gabriel \u0219i sexul<\/span><\/li>\n<li style=\"font-weight: 400;\" aria-level=\"1\"><span style=\"font-weight: 400;\">Na\u0219terea, sexul \u0219i procrearea<\/span><\/li>\n<li style=\"font-weight: 400;\" aria-level=\"1\"><span style=\"font-weight: 400;\">Manipularea sexual\u0103<\/span><\/li>\n<\/ul>\n<h3><b>Ce vei ob\u021bine prin participare:<\/b><\/h3>\n<ul>\n<li style=\"font-weight: 400;\" aria-level=\"1\"><span style=\"font-weight: 400;\">\u00cen\u021belegerea profund\u0103 a sexualit\u0103\u021bii ca mijloc de evolu\u021bie spiritual\u0103<\/span><\/li>\n<li style=\"font-weight: 400;\" aria-level=\"1\"><span style=\"font-weight: 400;\">Metode de armonizare \u0219i terapie pentru blocajele emo\u021bionale<\/span><\/li>\n<li style=\"font-weight: 400;\" aria-level=\"1\"><span style=\"font-weight: 400;\">Perspective din diverse tradi\u021bii spirituale, inclusiv cre\u0219tinism, TAO, Reiki.<\/span><\/li>\n<\/ul>\n","protected":false},"excerpt":{"rendered":"<p><span style=\"font-weight: 400;\">ACCES NELIMITAT!<\/span><\/p>\n<p><span style=\"font-weight: 400;\">Te invit la conferin\u021ba mea<\/span><b> ,,De la sexualitate la \u00cendumnezeire\u201d<\/b><span style=\"font-weight: 400;\"> din <\/span><b>Bra\u0219ov<\/b><span style=\"font-weight: 400;\">, \u00een data de <\/span><b>03.12.2024.<\/b><\/p>\n<p>&nbsp;<\/p>\n","protected":false},"featured_media":32401,"template":"","meta":{"inline_featured_image":false},"product_brand":[],"product_cat":[604,693],"product_tag":[],"class_list":{"0":"post-25589","1":"product","2":"type-product","3":"status-publish","4":"has-post-thumbnail","6":"product_cat-conferinte-premium","7":"product_cat-supraconstiinta","9":"first","10":"instock","11":"virtual","12":"sold-individually","13":"taxable","14":"purchasable","15":"product-type-simple"},"yoast_head":"<!-- This site is optimized with the Yoast SEO plugin v26.9 - https:\/\/yoast.com\/product\/yoast-seo-wordpress\/ -->\n<title>Conferinta: De la sexualitate la Indumnezeire - Brasov - acces online - Ovidiu Drago\u0219 Arge\u0219anu<\/title>\n<meta name=\"description\" content=\"Te invit la conferin\u021ba mea ,,De la sexualitate la \u00cendumnezeire\u201d din Bra\u0219ov, \u00een data de 03.12.2024,\" \/>\n<meta name=\"robots\" content=\"noindex, follow, max-snippet:-1, max-image-preview:large, max-video-preview:-1\" \/>\n<meta property=\"og:locale\" content=\"en_US\" \/>\n<meta property=\"og:type\" content=\"article\" \/>\n<meta property=\"og:title\" content=\"Conferinta: De la sexualitate la Indumnezeire - Brasov - acces online - Ovidiu Drago\u0219 Arge\u0219anu\" \/>\n<meta property=\"og:description\" content=\"Te invit la conferin\u021ba mea ,,De la sexualitate la \u00cendumnezeire\u201d din Bra\u0219ov, \u00een data de 03.12.2024,\" \/>\n<meta property=\"og:url\" content=\"https:\/\/www.ovidiudragosargesanu.ro\/en\/shop\/conferinte-premium\/supraconstiinta\/conferinta-de-la-sexualitate-la-indumnezeire-brasov-acces-online\/\" \/>\n<meta property=\"og:site_name\" content=\"Ovidiu Drago\u0219 Arge\u0219anu\" \/>\n<meta property=\"article:modified_time\" content=\"2025-02-28T19:22:09+00:00\" \/>\n<meta property=\"og:image\" content=\"https:\/\/www.ovidiudragosargesanu.ro\/en\/wp-content\/uploads\/2024\/11\/Curs-De-la-sexualitate-la-indumnezeire-Brasov-Premium-600-800.png\" \/>\n\t<meta property=\"og:image:width\" content=\"600\" \/>\n\t<meta property=\"og:image:height\" content=\"800\" \/>\n\t<meta property=\"og:image:type\" content=\"image\/png\" \/>\n<meta name=\"twitter:card\" content=\"summary_large_image\" \/>\n<meta name=\"twitter:label1\" content=\"Est. reading time\" \/>\n\t<meta name=\"twitter:data1\" content=\"2 minutes\" \/>\n<script type=\"application\/ld+json\" class=\"yoast-schema-graph\">{\"@context\":\"https:\/\/schema.org\",\"@graph\":[{\"@type\":\"WebPage\",\"@id\":\"https:\/\/www.ovidiudragosargesanu.ro\/en\/shop\/conferinte-premium\/supraconstiinta\/conferinta-de-la-sexualitate-la-indumnezeire-brasov-acces-online\/\",\"url\":\"https:\/\/www.ovidiudragosargesanu.ro\/en\/shop\/conferinte-premium\/supraconstiinta\/conferinta-de-la-sexualitate-la-indumnezeire-brasov-acces-online\/\",\"name\":\"Conferinta: De la sexualitate la Indumnezeire - Brasov - acces online - Ovidiu Drago\u0219 Arge\u0219anu\",\"isPartOf\":{\"@id\":\"https:\/\/www.ovidiudragosargesanu.ro\/en\/#website\"},\"primaryImageOfPage\":{\"@id\":\"https:\/\/www.ovidiudragosargesanu.ro\/en\/shop\/conferinte-premium\/supraconstiinta\/conferinta-de-la-sexualitate-la-indumnezeire-brasov-acces-online\/#primaryimage\"},\"image\":{\"@id\":\"https:\/\/www.ovidiudragosargesanu.ro\/en\/shop\/conferinte-premium\/supraconstiinta\/conferinta-de-la-sexualitate-la-indumnezeire-brasov-acces-online\/#primaryimage\"},\"thumbnailUrl\":\"https:\/\/www.ovidiudragosargesanu.ro\/en\/wp-content\/uploads\/2024\/11\/Curs-De-la-sexualitate-la-indumnezeire-Brasov-Premium-600-800.png\",\"datePublished\":\"2024-11-12T08:33:51+00:00\",\"dateModified\":\"2025-02-28T19:22:09+00:00\",\"description\":\"Te invit la conferin\u021ba mea ,,De la sexualitate la \u00cendumnezeire\u201d din Bra\u0219ov, \u00een data de 03.12.2024,\",\"breadcrumb\":{\"@id\":\"https:\/\/www.ovidiudragosargesanu.ro\/en\/shop\/conferinte-premium\/supraconstiinta\/conferinta-de-la-sexualitate-la-indumnezeire-brasov-acces-online\/#breadcrumb\"},\"inLanguage\":\"en-US\",\"potentialAction\":[{\"@type\":\"ReadAction\",\"target\":[\"https:\/\/www.ovidiudragosargesanu.ro\/en\/shop\/conferinte-premium\/supraconstiinta\/conferinta-de-la-sexualitate-la-indumnezeire-brasov-acces-online\/\"]}]},{\"@type\":\"ImageObject\",\"inLanguage\":\"en-US\",\"@id\":\"https:\/\/www.ovidiudragosargesanu.ro\/en\/shop\/conferinte-premium\/supraconstiinta\/conferinta-de-la-sexualitate-la-indumnezeire-brasov-acces-online\/#primaryimage\",\"url\":\"https:\/\/www.ovidiudragosargesanu.ro\/en\/wp-content\/uploads\/2024\/11\/Curs-De-la-sexualitate-la-indumnezeire-Brasov-Premium-600-800.png\",\"contentUrl\":\"https:\/\/www.ovidiudragosargesanu.ro\/en\/wp-content\/uploads\/2024\/11\/Curs-De-la-sexualitate-la-indumnezeire-Brasov-Premium-600-800.png\",\"width\":600,\"height\":800,\"caption\":\"Curs De la sexualitate la indumnezeire-Brasov-Premium-600-800\"},{\"@type\":\"BreadcrumbList\",\"@id\":\"https:\/\/www.ovidiudragosargesanu.ro\/en\/shop\/conferinte-premium\/supraconstiinta\/conferinta-de-la-sexualitate-la-indumnezeire-brasov-acces-online\/#breadcrumb\",\"itemListElement\":[{\"@type\":\"ListItem\",\"position\":1,\"name\":\"Prima pagin\u0103\",\"item\":\"https:\/\/www.ovidiudragosargesanu.ro\/en\/\"},{\"@type\":\"ListItem\",\"position\":2,\"name\":\"Shop\",\"item\":\"https:\/\/www.ovidiudragosargesanu.ro\/en\/shop\/\"},{\"@type\":\"ListItem\",\"position\":3,\"name\":\"Conferinta: De la sexualitate la Indumnezeire &#8211; Brasov &#8211; acces online\"}]},{\"@type\":\"WebSite\",\"@id\":\"https:\/\/www.ovidiudragosargesanu.ro\/en\/#website\",\"url\":\"https:\/\/www.ovidiudragosargesanu.ro\/en\/\",\"name\":\"Ovidiu Drago\u0219 Arge\u0219anu\",\"description\":\"\",\"publisher\":{\"@id\":\"https:\/\/www.ovidiudragosargesanu.ro\/en\/#organization\"},\"potentialAction\":[{\"@type\":\"SearchAction\",\"target\":{\"@type\":\"EntryPoint\",\"urlTemplate\":\"https:\/\/www.ovidiudragosargesanu.ro\/en\/?s={search_term_string}\"},\"query-input\":{\"@type\":\"PropertyValueSpecification\",\"valueRequired\":true,\"valueName\":\"search_term_string\"}}],\"inLanguage\":\"en-US\"},{\"@type\":\"Organization\",\"@id\":\"https:\/\/www.ovidiudragosargesanu.ro\/en\/#organization\",\"name\":\"Ovidiu Drago\u0219 Arge\u0219anu\",\"url\":\"https:\/\/www.ovidiudragosargesanu.ro\/en\/\",\"logo\":{\"@type\":\"ImageObject\",\"inLanguage\":\"en-US\",\"@id\":\"https:\/\/www.ovidiudragosargesanu.ro\/en\/#\/schema\/logo\/image\/\",\"url\":\"https:\/\/www.ovidiudragosargesanu.ro\/en\/wp-content\/uploads\/2018\/03\/dragos-logo-lotus-black-400.svg\",\"contentUrl\":\"https:\/\/www.ovidiudragosargesanu.ro\/en\/wp-content\/uploads\/2018\/03\/dragos-logo-lotus-black-400.svg\",\"width\":300,\"height\":150,\"caption\":\"Ovidiu Drago\u0219 Arge\u0219anu\"},\"image\":{\"@id\":\"https:\/\/www.ovidiudragosargesanu.ro\/en\/#\/schema\/logo\/image\/\"}}]}<\/script>\n<!-- \/ Yoast SEO plugin. -->","yoast_head_json":{"title":"Conferinta: De la sexualitate la Indumnezeire - Brasov - acces online - Ovidiu Drago\u0219 Arge\u0219anu","description":"Te invit la conferin\u021ba mea ,,De la sexualitate la \u00cendumnezeire\u201d din Bra\u0219ov, \u00een data de 03.12.2024,","robots":{"index":"noindex","follow":"follow","max-snippet":"max-snippet:-1","max-image-preview":"max-image-preview:large","max-video-preview":"max-video-preview:-1"},"og_locale":"en_US","og_type":"article","og_title":"Conferinta: De la sexualitate la Indumnezeire - Brasov - acces online - Ovidiu Drago\u0219 Arge\u0219anu","og_description":"Te invit la conferin\u021ba mea ,,De la sexualitate la \u00cendumnezeire\u201d din Bra\u0219ov, \u00een data de 03.12.2024,","og_url":"https:\/\/www.ovidiudragosargesanu.ro\/en\/shop\/conferinte-premium\/supraconstiinta\/conferinta-de-la-sexualitate-la-indumnezeire-brasov-acces-online\/","og_site_name":"Ovidiu Drago\u0219 Arge\u0219anu","article_modified_time":"2025-02-28T19:22:09+00:00","og_image":[{"width":600,"height":800,"url":"https:\/\/www.ovidiudragosargesanu.ro\/en\/wp-content\/uploads\/2024\/11\/Curs-De-la-sexualitate-la-indumnezeire-Brasov-Premium-600-800.png","type":"image\/png"}],"twitter_card":"summary_large_image","twitter_misc":{"Est. reading time":"2 minutes"},"schema":{"@context":"https:\/\/schema.org","@graph":[{"@type":"WebPage","@id":"https:\/\/www.ovidiudragosargesanu.ro\/en\/shop\/conferinte-premium\/supraconstiinta\/conferinta-de-la-sexualitate-la-indumnezeire-brasov-acces-online\/","url":"https:\/\/www.ovidiudragosargesanu.ro\/en\/shop\/conferinte-premium\/supraconstiinta\/conferinta-de-la-sexualitate-la-indumnezeire-brasov-acces-online\/","name":"Conferinta: De la sexualitate la Indumnezeire - Brasov - acces online - Ovidiu Drago\u0219 Arge\u0219anu","isPartOf":{"@id":"https:\/\/www.ovidiudragosargesanu.ro\/en\/#website"},"primaryImageOfPage":{"@id":"https:\/\/www.ovidiudragosargesanu.ro\/en\/shop\/conferinte-premium\/supraconstiinta\/conferinta-de-la-sexualitate-la-indumnezeire-brasov-acces-online\/#primaryimage"},"image":{"@id":"https:\/\/www.ovidiudragosargesanu.ro\/en\/shop\/conferinte-premium\/supraconstiinta\/conferinta-de-la-sexualitate-la-indumnezeire-brasov-acces-online\/#primaryimage"},"thumbnailUrl":"https:\/\/www.ovidiudragosargesanu.ro\/en\/wp-content\/uploads\/2024\/11\/Curs-De-la-sexualitate-la-indumnezeire-Brasov-Premium-600-800.png","datePublished":"2024-11-12T08:33:51+00:00","dateModified":"2025-02-28T19:22:09+00:00","description":"Te invit la conferin\u021ba mea ,,De la sexualitate la \u00cendumnezeire\u201d din Bra\u0219ov, \u00een data de 03.12.2024,","breadcrumb":{"@id":"https:\/\/www.ovidiudragosargesanu.ro\/en\/shop\/conferinte-premium\/supraconstiinta\/conferinta-de-la-sexualitate-la-indumnezeire-brasov-acces-online\/#breadcrumb"},"inLanguage":"en-US","potentialAction":[{"@type":"ReadAction","target":["https:\/\/www.ovidiudragosargesanu.ro\/en\/shop\/conferinte-premium\/supraconstiinta\/conferinta-de-la-sexualitate-la-indumnezeire-brasov-acces-online\/"]}]},{"@type":"ImageObject","inLanguage":"en-US","@id":"https:\/\/www.ovidiudragosargesanu.ro\/en\/shop\/conferinte-premium\/supraconstiinta\/conferinta-de-la-sexualitate-la-indumnezeire-brasov-acces-online\/#primaryimage","url":"https:\/\/www.ovidiudragosargesanu.ro\/en\/wp-content\/uploads\/2024\/11\/Curs-De-la-sexualitate-la-indumnezeire-Brasov-Premium-600-800.png","contentUrl":"https:\/\/www.ovidiudragosargesanu.ro\/en\/wp-content\/uploads\/2024\/11\/Curs-De-la-sexualitate-la-indumnezeire-Brasov-Premium-600-800.png","width":600,"height":800,"caption":"Curs De la sexualitate la indumnezeire-Brasov-Premium-600-800"},{"@type":"BreadcrumbList","@id":"https:\/\/www.ovidiudragosargesanu.ro\/en\/shop\/conferinte-premium\/supraconstiinta\/conferinta-de-la-sexualitate-la-indumnezeire-brasov-acces-online\/#breadcrumb","itemListElement":[{"@type":"ListItem","position":1,"name":"Prima pagin\u0103","item":"https:\/\/www.ovidiudragosargesanu.ro\/en\/"},{"@type":"ListItem","position":2,"name":"Shop","item":"https:\/\/www.ovidiudragosargesanu.ro\/en\/shop\/"},{"@type":"ListItem","position":3,"name":"Conferinta: De la sexualitate la Indumnezeire &#8211; Brasov &#8211; acces online"}]},{"@type":"WebSite","@id":"https:\/\/www.ovidiudragosargesanu.ro\/en\/#website","url":"https:\/\/www.ovidiudragosargesanu.ro\/en\/","name":"Ovidiu Drago\u0219 Arge\u0219anu","description":"","publisher":{"@id":"https:\/\/www.ovidiudragosargesanu.ro\/en\/#organization"},"potentialAction":[{"@type":"SearchAction","target":{"@type":"EntryPoint","urlTemplate":"https:\/\/www.ovidiudragosargesanu.ro\/en\/?s={search_term_string}"},"query-input":{"@type":"PropertyValueSpecification","valueRequired":true,"valueName":"search_term_string"}}],"inLanguage":"en-US"},{"@type":"Organization","@id":"https:\/\/www.ovidiudragosargesanu.ro\/en\/#organization","name":"Ovidiu Drago\u0219 Arge\u0219anu","url":"https:\/\/www.ovidiudragosargesanu.ro\/en\/","logo":{"@type":"ImageObject","inLanguage":"en-US","@id":"https:\/\/www.ovidiudragosargesanu.ro\/en\/#\/schema\/logo\/image\/","url":"https:\/\/www.ovidiudragosargesanu.ro\/en\/wp-content\/uploads\/2018\/03\/dragos-logo-lotus-black-400.svg","contentUrl":"https:\/\/www.ovidiudragosargesanu.ro\/en\/wp-content\/uploads\/2018\/03\/dragos-logo-lotus-black-400.svg","width":300,"height":150,"caption":"Ovidiu Drago\u0219 Arge\u0219anu"},"image":{"@id":"https:\/\/www.ovidiudragosargesanu.ro\/en\/#\/schema\/logo\/image\/"}}]}},"_links":{"self":[{"href":"https:\/\/www.ovidiudragosargesanu.ro\/en\/wp-json\/wp\/v2\/product\/25589","targetHints":{"allow":["GET"]}}],"collection":[{"href":"https:\/\/www.ovidiudragosargesanu.ro\/en\/wp-json\/wp\/v2\/product"}],"about":[{"href":"https:\/\/www.ovidiudragosargesanu.ro\/en\/wp-json\/wp\/v2\/types\/product"}],"version-history":[{"count":5,"href":"https:\/\/www.ovidiudragosargesanu.ro\/en\/wp-json\/wp\/v2\/product\/25589\/revisions"}],"predecessor-version":[{"id":32403,"href":"https:\/\/www.ovidiudragosargesanu.ro\/en\/wp-json\/wp\/v2\/product\/25589\/revisions\/32403"}],"wp:featuredmedia":[{"embeddable":true,"href":"https:\/\/www.ovidiudragosargesanu.ro\/en\/wp-json\/wp\/v2\/media\/32401"}],"wp:attachment":[{"href":"https:\/\/www.ovidiudragosargesanu.ro\/en\/wp-json\/wp\/v2\/media?parent=25589"}],"wp:term":[{"taxonomy":"product_brand","embeddable":true,"href":"https:\/\/www.ovidiudragosargesanu.ro\/en\/wp-json\/wp\/v2\/product_brand?post=25589"},{"taxonomy":"product_cat","embeddable":true,"href":"https:\/\/www.ovidiudragosargesanu.ro\/en\/wp-json\/wp\/v2\/product_cat?post=25589"},{"taxonomy":"product_tag","embeddable":true,"href":"https:\/\/www.ovidiudragosargesanu.ro\/en\/wp-json\/wp\/v2\/product_tag?post=25589"}],"curies":[{"name":"wp","href":"https:\/\/api.w.org\/{rel}","templated":true}]}}