{"id":25594,"date":"2024-11-12T10:38:27","date_gmt":"2024-11-12T08:38:27","guid":{"rendered":"https:\/\/www.ovidiudragosargesanu.ro\/?post_type=product&#038;p=25594"},"modified":"2025-10-02T17:17:11","modified_gmt":"2025-10-02T14:17:11","slug":"curs-puterea-ingerilor-de-langa-noi-brasov-acces-online","status":"publish","type":"product","link":"https:\/\/www.ovidiudragosargesanu.ro\/en\/shop\/cursuri-premium\/entitati-cursuri-premium\/curs-puterea-ingerilor-de-langa-noi-brasov-acces-online\/","title":{"rendered":"Curs: Puterea ingerilor de langa noi &#8211; Brasov &#8211; acces online"},"content":{"rendered":"<p><span style=\"font-weight: 400;\">\u00cen <\/span><b>Bra\u0219ov <\/b><span style=\"font-weight: 400;\">\u00een data de <\/span><b>4 decembrie<\/b><span style=\"font-weight: 400;\"> am sus\u021binut cursul <\/span><b>\u201ePuterea \u00eengerilor de l\u00e2ng\u0103 noi\u201d.<\/b><b>\u00a0<\/b><\/p>\n<h3><b>Tematica cursului:<\/b><\/h3>\n<ul>\n<li style=\"font-weight: 400;\" aria-level=\"1\"><b>Rolul \u00eengerilor \u00een evolu\u021bia noastr\u0103 spiritual\u0103<\/b><span style=\"font-weight: 400;\"> \u2013 vom explora \u00eempreun\u0103 cum \u00eengerii ne influen\u021beaz\u0103 \u0219i ne ghideaz\u0103 \u00een dezvoltarea personal\u0103 \u0219i spiritual\u0103.<\/span><\/li>\n<li style=\"font-weight: 400;\" aria-level=\"1\"><b>Conectarea cu lumina divin\u0103<\/b><span style=\"font-weight: 400;\"> \u2013 \u00ee\u021bi voi prezenta tehnici \u0219i practici prin care te po\u021bi deschide c\u0103tre energia divin\u0103 \u0219i cum s\u0103 permi\u021bi \u00eengerilor s\u0103 se manifeste mai puternic \u00een via\u021ba ta.<\/span><\/li>\n<li style=\"font-weight: 400;\" aria-level=\"1\"><b>Amplificarea prezen\u021bei \u00eengerilor<\/b><span style=\"font-weight: 400;\"> \u2013 metode prin care po\u021bi sim\u021bi \u0219i lucra mai profund cu energia \u00eengerilor \u00een activit\u0103\u021bile tale zilnice.<\/span><\/li>\n<li style=\"font-weight: 400;\" aria-level=\"1\"><b>Alinierea inten\u021biilor cu lumina divin\u0103<\/b><span style=\"font-weight: 400;\"> \u2013 vom discuta cum s\u0103-\u021bi ajustezi inten\u021biile pentru a atrage protec\u021bia \u0219i ghidarea \u00eengerilor.<\/span><\/li>\n<li style=\"font-weight: 400;\" aria-level=\"1\"><b>Cre\u0219terea puterii \u00eengerilor prin lumin\u0103<\/b><span style=\"font-weight: 400;\"> \u2013 vom \u00een\u021belege \u00eempreun\u0103 cum \u00eengerii \u00ee\u0219i amplific\u0103 puterea \u0219i cum po\u021bi facilita acest proces \u00een via\u021ba ta.<\/span><\/li>\n<\/ul>\n<h3><b>Ce vei \u00eenv\u0103\u021ba:<\/b><\/h3>\n<ul>\n<li style=\"font-weight: 400;\" aria-level=\"1\"><b>Ridicarea vibra\u021biei spirituale<\/b><span style=\"font-weight: 400;\"> \u2013 \u00ee\u021bi voi \u00eemp\u0103rt\u0103\u0219i tehnici pentru a-\u021bi cre\u0219te vibra\u021bia \u0219i a permite \u00eengerilor s\u0103 se manifeste mai puternic \u00een via\u021ba ta.<\/span><\/li>\n<li style=\"font-weight: 400;\" aria-level=\"1\"><b>Conectarea profund\u0103 cu \u00eengerii<\/b><span style=\"font-weight: 400;\"> \u2013 vei \u00eenv\u0103\u021ba practici prin care s\u0103 stabile\u0219ti o leg\u0103tur\u0103 autentic\u0103 \u0219i profund\u0103 cu \u00eengerii t\u0103i p\u0103zitori.<\/span><\/li>\n<li style=\"font-weight: 400;\" aria-level=\"1\"><b>Protec\u021bie \u0219i ghidare divin\u0103<\/b><span style=\"font-weight: 400;\"> \u2013 vom explora modalit\u0103\u021bi prin care po\u021bi atrage \u0219i recunoa\u0219te protec\u021bia oferit\u0103 de \u00eengeri.<\/span><\/li>\n<li style=\"font-weight: 400;\" aria-level=\"1\"><b>Facilitarea cre\u0219terii puterii \u00eengerilor<\/b><span style=\"font-weight: 400;\"> \u2013 cum po\u021bi contribui la amplificarea energiei \u0219i puterii \u00eengerilor \u00een propria via\u021b\u0103..<\/span><\/li>\n<\/ul>\n<p>&nbsp;<\/p>\n","protected":false},"excerpt":{"rendered":"<p><span style=\"font-weight: 400;\">ACCES NELIMITAT!<\/span><\/p>\n<p><span style=\"font-weight: 400;\">\u00cen <\/span><b>Bra\u0219ov <\/b><span style=\"font-weight: 400;\">\u00een data de <\/span><b>4 decembrie<\/b><span style=\"font-weight: 400;\"> am sus\u021binut cursul <\/span><b>\u201ePuterea \u00eengerilor de l\u00e2ng\u0103 noi\u201d.<\/b><b>\u00a0<\/b><\/p>\n","protected":false},"featured_media":65966,"template":"","meta":{"inline_featured_image":false},"product_brand":[],"product_cat":[602,734],"product_tag":[],"class_list":{"0":"post-25594","1":"product","2":"type-product","3":"status-publish","4":"has-post-thumbnail","6":"product_cat-cursuri-premium","7":"product_cat-entitati-cursuri-premium","9":"first","10":"instock","11":"virtual","12":"sold-individually","13":"taxable","14":"purchasable","15":"product-type-simple"},"yoast_head":"<!-- This site is optimized with the Yoast SEO plugin v26.9 - https:\/\/yoast.com\/product\/yoast-seo-wordpress\/ -->\n<title>Curs: Puterea ingerilor de langa noi - Brasov - acces online - Ovidiu Drago\u0219 Arge\u0219anu<\/title>\n<meta name=\"description\" content=\"Sunt \u00een Bra\u0219ov \u00een data de 4 decembrie \u0219i te invit la cursul meu\u00a0 \u201ePuterea \u00eengerilor de l\u00e2ng\u0103 noi\u201d, \u00eencep\u00e2nd cu ora 17:30.\" \/>\n<meta name=\"robots\" content=\"noindex, follow, max-snippet:-1, max-image-preview:large, max-video-preview:-1\" \/>\n<meta property=\"og:locale\" content=\"en_US\" \/>\n<meta property=\"og:type\" content=\"article\" \/>\n<meta property=\"og:title\" content=\"Curs: Puterea ingerilor de langa noi - Brasov - acces online - Ovidiu Drago\u0219 Arge\u0219anu\" \/>\n<meta property=\"og:description\" content=\"Sunt \u00een Bra\u0219ov \u00een data de 4 decembrie \u0219i te invit la cursul meu\u00a0 \u201ePuterea \u00eengerilor de l\u00e2ng\u0103 noi\u201d, \u00eencep\u00e2nd cu ora 17:30.\" \/>\n<meta property=\"og:url\" content=\"https:\/\/www.ovidiudragosargesanu.ro\/en\/shop\/cursuri-premium\/entitati-cursuri-premium\/curs-puterea-ingerilor-de-langa-noi-brasov-acces-online\/\" \/>\n<meta property=\"og:site_name\" content=\"Ovidiu Drago\u0219 Arge\u0219anu\" \/>\n<meta property=\"article:modified_time\" content=\"2025-10-02T14:17:11+00:00\" \/>\n<meta property=\"og:image\" content=\"https:\/\/www.ovidiudragosargesanu.ro\/en\/wp-content\/uploads\/2024\/11\/Curs-premium-Puterea-ingerilor-de-langa-noi-Brasov-600X800.png\" \/>\n\t<meta property=\"og:image:width\" content=\"600\" \/>\n\t<meta property=\"og:image:height\" content=\"800\" \/>\n\t<meta property=\"og:image:type\" content=\"image\/png\" \/>\n<meta name=\"twitter:card\" content=\"summary_large_image\" \/>\n<meta name=\"twitter:label1\" content=\"Est. reading time\" \/>\n\t<meta name=\"twitter:data1\" content=\"2 minutes\" \/>\n<script type=\"application\/ld+json\" class=\"yoast-schema-graph\">{\"@context\":\"https:\/\/schema.org\",\"@graph\":[{\"@type\":\"WebPage\",\"@id\":\"https:\/\/www.ovidiudragosargesanu.ro\/en\/shop\/cursuri-premium\/entitati-cursuri-premium\/curs-puterea-ingerilor-de-langa-noi-brasov-acces-online\/\",\"url\":\"https:\/\/www.ovidiudragosargesanu.ro\/en\/shop\/cursuri-premium\/entitati-cursuri-premium\/curs-puterea-ingerilor-de-langa-noi-brasov-acces-online\/\",\"name\":\"Curs: Puterea ingerilor de langa noi - Brasov - acces online - Ovidiu Drago\u0219 Arge\u0219anu\",\"isPartOf\":{\"@id\":\"https:\/\/www.ovidiudragosargesanu.ro\/en\/#website\"},\"primaryImageOfPage\":{\"@id\":\"https:\/\/www.ovidiudragosargesanu.ro\/en\/shop\/cursuri-premium\/entitati-cursuri-premium\/curs-puterea-ingerilor-de-langa-noi-brasov-acces-online\/#primaryimage\"},\"image\":{\"@id\":\"https:\/\/www.ovidiudragosargesanu.ro\/en\/shop\/cursuri-premium\/entitati-cursuri-premium\/curs-puterea-ingerilor-de-langa-noi-brasov-acces-online\/#primaryimage\"},\"thumbnailUrl\":\"https:\/\/www.ovidiudragosargesanu.ro\/en\/wp-content\/uploads\/2024\/11\/Curs-premium-Puterea-ingerilor-de-langa-noi-Brasov-600X800.png\",\"datePublished\":\"2024-11-12T08:38:27+00:00\",\"dateModified\":\"2025-10-02T14:17:11+00:00\",\"description\":\"Sunt \u00een Bra\u0219ov \u00een data de 4 decembrie \u0219i te invit la cursul meu\u00a0 \u201ePuterea \u00eengerilor de l\u00e2ng\u0103 noi\u201d, \u00eencep\u00e2nd cu ora 17:30.\",\"breadcrumb\":{\"@id\":\"https:\/\/www.ovidiudragosargesanu.ro\/en\/shop\/cursuri-premium\/entitati-cursuri-premium\/curs-puterea-ingerilor-de-langa-noi-brasov-acces-online\/#breadcrumb\"},\"inLanguage\":\"en-US\",\"potentialAction\":[{\"@type\":\"ReadAction\",\"target\":[\"https:\/\/www.ovidiudragosargesanu.ro\/en\/shop\/cursuri-premium\/entitati-cursuri-premium\/curs-puterea-ingerilor-de-langa-noi-brasov-acces-online\/\"]}]},{\"@type\":\"ImageObject\",\"inLanguage\":\"en-US\",\"@id\":\"https:\/\/www.ovidiudragosargesanu.ro\/en\/shop\/cursuri-premium\/entitati-cursuri-premium\/curs-puterea-ingerilor-de-langa-noi-brasov-acces-online\/#primaryimage\",\"url\":\"https:\/\/www.ovidiudragosargesanu.ro\/en\/wp-content\/uploads\/2024\/11\/Curs-premium-Puterea-ingerilor-de-langa-noi-Brasov-600X800.png\",\"contentUrl\":\"https:\/\/www.ovidiudragosargesanu.ro\/en\/wp-content\/uploads\/2024\/11\/Curs-premium-Puterea-ingerilor-de-langa-noi-Brasov-600X800.png\",\"width\":600,\"height\":800},{\"@type\":\"BreadcrumbList\",\"@id\":\"https:\/\/www.ovidiudragosargesanu.ro\/en\/shop\/cursuri-premium\/entitati-cursuri-premium\/curs-puterea-ingerilor-de-langa-noi-brasov-acces-online\/#breadcrumb\",\"itemListElement\":[{\"@type\":\"ListItem\",\"position\":1,\"name\":\"Prima pagin\u0103\",\"item\":\"https:\/\/www.ovidiudragosargesanu.ro\/en\/\"},{\"@type\":\"ListItem\",\"position\":2,\"name\":\"Shop\",\"item\":\"https:\/\/www.ovidiudragosargesanu.ro\/en\/shop\/\"},{\"@type\":\"ListItem\",\"position\":3,\"name\":\"Curs: Puterea ingerilor de langa noi &#8211; Brasov &#8211; acces online\"}]},{\"@type\":\"WebSite\",\"@id\":\"https:\/\/www.ovidiudragosargesanu.ro\/en\/#website\",\"url\":\"https:\/\/www.ovidiudragosargesanu.ro\/en\/\",\"name\":\"Ovidiu Drago\u0219 Arge\u0219anu\",\"description\":\"\",\"publisher\":{\"@id\":\"https:\/\/www.ovidiudragosargesanu.ro\/en\/#organization\"},\"potentialAction\":[{\"@type\":\"SearchAction\",\"target\":{\"@type\":\"EntryPoint\",\"urlTemplate\":\"https:\/\/www.ovidiudragosargesanu.ro\/en\/?s={search_term_string}\"},\"query-input\":{\"@type\":\"PropertyValueSpecification\",\"valueRequired\":true,\"valueName\":\"search_term_string\"}}],\"inLanguage\":\"en-US\"},{\"@type\":\"Organization\",\"@id\":\"https:\/\/www.ovidiudragosargesanu.ro\/en\/#organization\",\"name\":\"Ovidiu Drago\u0219 Arge\u0219anu\",\"url\":\"https:\/\/www.ovidiudragosargesanu.ro\/en\/\",\"logo\":{\"@type\":\"ImageObject\",\"inLanguage\":\"en-US\",\"@id\":\"https:\/\/www.ovidiudragosargesanu.ro\/en\/#\/schema\/logo\/image\/\",\"url\":\"https:\/\/www.ovidiudragosargesanu.ro\/en\/wp-content\/uploads\/2018\/03\/dragos-logo-lotus-black-400.svg\",\"contentUrl\":\"https:\/\/www.ovidiudragosargesanu.ro\/en\/wp-content\/uploads\/2018\/03\/dragos-logo-lotus-black-400.svg\",\"width\":300,\"height\":150,\"caption\":\"Ovidiu Drago\u0219 Arge\u0219anu\"},\"image\":{\"@id\":\"https:\/\/www.ovidiudragosargesanu.ro\/en\/#\/schema\/logo\/image\/\"}}]}<\/script>\n<!-- \/ Yoast SEO plugin. -->","yoast_head_json":{"title":"Curs: Puterea ingerilor de langa noi - Brasov - acces online - Ovidiu Drago\u0219 Arge\u0219anu","description":"Sunt \u00een Bra\u0219ov \u00een data de 4 decembrie \u0219i te invit la cursul meu\u00a0 \u201ePuterea \u00eengerilor de l\u00e2ng\u0103 noi\u201d, \u00eencep\u00e2nd cu ora 17:30.","robots":{"index":"noindex","follow":"follow","max-snippet":"max-snippet:-1","max-image-preview":"max-image-preview:large","max-video-preview":"max-video-preview:-1"},"og_locale":"en_US","og_type":"article","og_title":"Curs: Puterea ingerilor de langa noi - Brasov - acces online - Ovidiu Drago\u0219 Arge\u0219anu","og_description":"Sunt \u00een Bra\u0219ov \u00een data de 4 decembrie \u0219i te invit la cursul meu\u00a0 \u201ePuterea \u00eengerilor de l\u00e2ng\u0103 noi\u201d, \u00eencep\u00e2nd cu ora 17:30.","og_url":"https:\/\/www.ovidiudragosargesanu.ro\/en\/shop\/cursuri-premium\/entitati-cursuri-premium\/curs-puterea-ingerilor-de-langa-noi-brasov-acces-online\/","og_site_name":"Ovidiu Drago\u0219 Arge\u0219anu","article_modified_time":"2025-10-02T14:17:11+00:00","og_image":[{"width":600,"height":800,"url":"https:\/\/www.ovidiudragosargesanu.ro\/en\/wp-content\/uploads\/2024\/11\/Curs-premium-Puterea-ingerilor-de-langa-noi-Brasov-600X800.png","type":"image\/png"}],"twitter_card":"summary_large_image","twitter_misc":{"Est. reading time":"2 minutes"},"schema":{"@context":"https:\/\/schema.org","@graph":[{"@type":"WebPage","@id":"https:\/\/www.ovidiudragosargesanu.ro\/en\/shop\/cursuri-premium\/entitati-cursuri-premium\/curs-puterea-ingerilor-de-langa-noi-brasov-acces-online\/","url":"https:\/\/www.ovidiudragosargesanu.ro\/en\/shop\/cursuri-premium\/entitati-cursuri-premium\/curs-puterea-ingerilor-de-langa-noi-brasov-acces-online\/","name":"Curs: Puterea ingerilor de langa noi - Brasov - acces online - Ovidiu Drago\u0219 Arge\u0219anu","isPartOf":{"@id":"https:\/\/www.ovidiudragosargesanu.ro\/en\/#website"},"primaryImageOfPage":{"@id":"https:\/\/www.ovidiudragosargesanu.ro\/en\/shop\/cursuri-premium\/entitati-cursuri-premium\/curs-puterea-ingerilor-de-langa-noi-brasov-acces-online\/#primaryimage"},"image":{"@id":"https:\/\/www.ovidiudragosargesanu.ro\/en\/shop\/cursuri-premium\/entitati-cursuri-premium\/curs-puterea-ingerilor-de-langa-noi-brasov-acces-online\/#primaryimage"},"thumbnailUrl":"https:\/\/www.ovidiudragosargesanu.ro\/en\/wp-content\/uploads\/2024\/11\/Curs-premium-Puterea-ingerilor-de-langa-noi-Brasov-600X800.png","datePublished":"2024-11-12T08:38:27+00:00","dateModified":"2025-10-02T14:17:11+00:00","description":"Sunt \u00een Bra\u0219ov \u00een data de 4 decembrie \u0219i te invit la cursul meu\u00a0 \u201ePuterea \u00eengerilor de l\u00e2ng\u0103 noi\u201d, \u00eencep\u00e2nd cu ora 17:30.","breadcrumb":{"@id":"https:\/\/www.ovidiudragosargesanu.ro\/en\/shop\/cursuri-premium\/entitati-cursuri-premium\/curs-puterea-ingerilor-de-langa-noi-brasov-acces-online\/#breadcrumb"},"inLanguage":"en-US","potentialAction":[{"@type":"ReadAction","target":["https:\/\/www.ovidiudragosargesanu.ro\/en\/shop\/cursuri-premium\/entitati-cursuri-premium\/curs-puterea-ingerilor-de-langa-noi-brasov-acces-online\/"]}]},{"@type":"ImageObject","inLanguage":"en-US","@id":"https:\/\/www.ovidiudragosargesanu.ro\/en\/shop\/cursuri-premium\/entitati-cursuri-premium\/curs-puterea-ingerilor-de-langa-noi-brasov-acces-online\/#primaryimage","url":"https:\/\/www.ovidiudragosargesanu.ro\/en\/wp-content\/uploads\/2024\/11\/Curs-premium-Puterea-ingerilor-de-langa-noi-Brasov-600X800.png","contentUrl":"https:\/\/www.ovidiudragosargesanu.ro\/en\/wp-content\/uploads\/2024\/11\/Curs-premium-Puterea-ingerilor-de-langa-noi-Brasov-600X800.png","width":600,"height":800},{"@type":"BreadcrumbList","@id":"https:\/\/www.ovidiudragosargesanu.ro\/en\/shop\/cursuri-premium\/entitati-cursuri-premium\/curs-puterea-ingerilor-de-langa-noi-brasov-acces-online\/#breadcrumb","itemListElement":[{"@type":"ListItem","position":1,"name":"Prima pagin\u0103","item":"https:\/\/www.ovidiudragosargesanu.ro\/en\/"},{"@type":"ListItem","position":2,"name":"Shop","item":"https:\/\/www.ovidiudragosargesanu.ro\/en\/shop\/"},{"@type":"ListItem","position":3,"name":"Curs: Puterea ingerilor de langa noi &#8211; Brasov &#8211; acces online"}]},{"@type":"WebSite","@id":"https:\/\/www.ovidiudragosargesanu.ro\/en\/#website","url":"https:\/\/www.ovidiudragosargesanu.ro\/en\/","name":"Ovidiu Drago\u0219 Arge\u0219anu","description":"","publisher":{"@id":"https:\/\/www.ovidiudragosargesanu.ro\/en\/#organization"},"potentialAction":[{"@type":"SearchAction","target":{"@type":"EntryPoint","urlTemplate":"https:\/\/www.ovidiudragosargesanu.ro\/en\/?s={search_term_string}"},"query-input":{"@type":"PropertyValueSpecification","valueRequired":true,"valueName":"search_term_string"}}],"inLanguage":"en-US"},{"@type":"Organization","@id":"https:\/\/www.ovidiudragosargesanu.ro\/en\/#organization","name":"Ovidiu Drago\u0219 Arge\u0219anu","url":"https:\/\/www.ovidiudragosargesanu.ro\/en\/","logo":{"@type":"ImageObject","inLanguage":"en-US","@id":"https:\/\/www.ovidiudragosargesanu.ro\/en\/#\/schema\/logo\/image\/","url":"https:\/\/www.ovidiudragosargesanu.ro\/en\/wp-content\/uploads\/2018\/03\/dragos-logo-lotus-black-400.svg","contentUrl":"https:\/\/www.ovidiudragosargesanu.ro\/en\/wp-content\/uploads\/2018\/03\/dragos-logo-lotus-black-400.svg","width":300,"height":150,"caption":"Ovidiu Drago\u0219 Arge\u0219anu"},"image":{"@id":"https:\/\/www.ovidiudragosargesanu.ro\/en\/#\/schema\/logo\/image\/"}}]}},"_links":{"self":[{"href":"https:\/\/www.ovidiudragosargesanu.ro\/en\/wp-json\/wp\/v2\/product\/25594","targetHints":{"allow":["GET"]}}],"collection":[{"href":"https:\/\/www.ovidiudragosargesanu.ro\/en\/wp-json\/wp\/v2\/product"}],"about":[{"href":"https:\/\/www.ovidiudragosargesanu.ro\/en\/wp-json\/wp\/v2\/types\/product"}],"version-history":[{"count":4,"href":"https:\/\/www.ovidiudragosargesanu.ro\/en\/wp-json\/wp\/v2\/product\/25594\/revisions"}],"predecessor-version":[{"id":29327,"href":"https:\/\/www.ovidiudragosargesanu.ro\/en\/wp-json\/wp\/v2\/product\/25594\/revisions\/29327"}],"wp:featuredmedia":[{"embeddable":true,"href":"https:\/\/www.ovidiudragosargesanu.ro\/en\/wp-json\/wp\/v2\/media\/65966"}],"wp:attachment":[{"href":"https:\/\/www.ovidiudragosargesanu.ro\/en\/wp-json\/wp\/v2\/media?parent=25594"}],"wp:term":[{"taxonomy":"product_brand","embeddable":true,"href":"https:\/\/www.ovidiudragosargesanu.ro\/en\/wp-json\/wp\/v2\/product_brand?post=25594"},{"taxonomy":"product_cat","embeddable":true,"href":"https:\/\/www.ovidiudragosargesanu.ro\/en\/wp-json\/wp\/v2\/product_cat?post=25594"},{"taxonomy":"product_tag","embeddable":true,"href":"https:\/\/www.ovidiudragosargesanu.ro\/en\/wp-json\/wp\/v2\/product_tag?post=25594"}],"curies":[{"name":"wp","href":"https:\/\/api.w.org\/{rel}","templated":true}]}}