{"id":26429,"date":"2024-11-16T15:07:01","date_gmt":"2024-11-16T13:07:01","guid":{"rendered":"https:\/\/www.ovidiudragosargesanu.ro\/?post_type=product&#038;p=26429"},"modified":"2025-02-28T21:10:24","modified_gmt":"2025-02-28T19:10:24","slug":"curs-reverend-melchisedek-iasi-acces-online-seniori","status":"publish","type":"product","link":"https:\/\/www.ovidiudragosargesanu.ro\/en\/shop\/seniori\/curs-reverend-melchisedek-iasi-acces-online-seniori\/","title":{"rendered":"Curs: Reverend Melchisedek &#8211; Iasi &#8211; acces online (seniori)"},"content":{"rendered":"<p><span style=\"font-weight: 400;\">Am sus\u021binut cursul ,,Reverend Melchisedek\u201d \u00een Ia\u0219i, pe 27 noiembrie 2024.<\/span><\/p>\n<p><span style=\"font-weight: 400;\">\u00cen Biblie Melchisedek este numit ,,Regele Drept\u0103\u021bii\u201d \u0219i ,,Regele Salemului\u201d, numele vechi al Ierusalimului.\u00a0<\/span><\/p>\n<p><span style=\"font-weight: 400;\">\u00cen Genez\u0103 se reg\u0103se\u0219te ca ,,Preot al lui Dumnezeu cel Prea\u00eenalt\u201d. Dionisie l-a numit ,,cel mai iubit ierarh al lui Dumnezeu\u201d.<\/span><\/p>\n<p><span style=\"font-weight: 400;\">Tertullian spune c\u0103 Melchisedek este ,,o virtute cereasc\u0103 a marii mile care se face pentru virtu\u021biile \u0219i \u00eengerii din cer, ceea ce face Hristos pentru oameni\u201d. \u00cen alte surse, acesta este identificat cu Duhul Sf\u00e2nt, \u00een altele se face referire ca la ,,Preotul P\u0103cii\u201d.<\/span><\/p>\n<p><strong>Ce teme ating \u00een acest curs:<\/strong><\/p>\n<ul>\n<li style=\"font-weight: 400;\" aria-level=\"1\"><span style=\"font-weight: 400;\">cre\u0219terea puterii interioare personale pe lumin\u0103<\/span><\/li>\n<li style=\"font-weight: 400;\" aria-level=\"1\"><span style=\"font-weight: 400;\">cre\u0219terea puterii \u00eengerilor no\u0219tri<\/span><\/li>\n<li style=\"font-weight: 400;\" aria-level=\"1\"><span style=\"font-weight: 400;\">cum putem folosi \u00eengerii \u00een evolu\u021bia noastr\u0103 \u0219i \u00een ajutorarea celorlal\u021bi<\/span><\/li>\n<li><span style=\"font-weight: 400;\">activarea razei de sintez\u0103, roba, plasa de platin\u0103 \u0219i sceptrele vindec\u0103toare ale\u00a0 lui Melchisedek<\/span><\/li>\n<li><span style=\"font-weight: 400;\">despre glandele: pineal\u0103 \u0219i pituitar\u0103<\/span><\/li>\n<li><span style=\"font-weight: 400;\">despre corpurile: astral \u0219i emo\u021bional<\/span><\/li>\n<li><span style=\"font-weight: 400;\">ata\u0219amente<\/span><\/li>\n<li><span style=\"font-weight: 400;\">monada \u0219i matricea original\u0103<\/span><\/li>\n<li><span style=\"font-weight: 400;\">cum i\u021bi po\u021bi activa capacit\u0103\u021bile tale spirituale<\/span><\/li>\n<li><span style=\"font-weight: 400;\">ce \u00eenseamn\u0103 s\u0103 \u00ee\u021bi urmezi calea \u00een aceast\u0103 via\u021b\u0103.<\/span><\/li>\n<\/ul>\n<p><span style=\"font-weight: 400;\">Acest curs se adreseaz\u0103 \u00een mod special celor care au deja cursul despre Preo\u021bia lui Melchisedek (Ordinul lui Melchisedek).<\/span><\/p>\n<p>&nbsp;<\/p>\n","protected":false},"excerpt":{"rendered":"<p><span style=\"font-weight: 400;\">ACCES NELIMITAT!<\/span><\/p>\n<p><span style=\"font-weight: 400;\">Am sus\u021binut cursul ,,Reverend Melchisedek\u201d \u00een Ia\u0219i, pe 27 noiembrie 2024.<\/span><\/p>\n<p>&nbsp;<\/p>\n","protected":false},"featured_media":28109,"template":"","meta":{"inline_featured_image":false},"product_brand":[],"product_cat":[795],"product_tag":[],"class_list":{"0":"post-26429","1":"product","2":"type-product","3":"status-publish","4":"has-post-thumbnail","6":"product_cat-seniori","8":"first","9":"instock","10":"sale","11":"virtual","12":"sold-individually","13":"taxable","14":"purchasable","15":"product-type-simple"},"yoast_head":"<!-- This site is optimized with the Yoast SEO plugin v26.9 - https:\/\/yoast.com\/product\/yoast-seo-wordpress\/ -->\n<title>Curs: Reverend Melchisedek - Iasi - acces online (seniori) - Ovidiu Drago\u0219 Arge\u0219anu<\/title>\n<meta name=\"description\" content=\"Sus\u021bin cursul ,,Reverend Melchisedek\u201d \u00een Ia\u0219i, 27 noiembrie 2024, \u00eencep\u00e2nd cu ora 17:30.\" \/>\n<meta name=\"robots\" content=\"noindex, follow, max-snippet:-1, max-image-preview:large, max-video-preview:-1\" \/>\n<meta property=\"og:locale\" content=\"en_US\" \/>\n<meta property=\"og:type\" content=\"article\" \/>\n<meta property=\"og:title\" content=\"Curs: Reverend Melchisedek - Iasi - acces online (seniori) - Ovidiu Drago\u0219 Arge\u0219anu\" \/>\n<meta property=\"og:description\" content=\"Sus\u021bin cursul ,,Reverend Melchisedek\u201d \u00een Ia\u0219i, 27 noiembrie 2024, \u00eencep\u00e2nd cu ora 17:30.\" \/>\n<meta property=\"og:url\" content=\"https:\/\/www.ovidiudragosargesanu.ro\/en\/shop\/seniori\/curs-reverend-melchisedek-iasi-acces-online-seniori\/\" \/>\n<meta property=\"og:site_name\" content=\"Ovidiu Drago\u0219 Arge\u0219anu\" \/>\n<meta property=\"article:modified_time\" content=\"2025-02-28T19:10:24+00:00\" \/>\n<meta property=\"og:image\" content=\"https:\/\/www.ovidiudragosargesanu.ro\/en\/wp-content\/uploads\/2024\/10\/Curs-Reverend-Melchisedek-Iasi-600-800-1.jpg\" \/>\n\t<meta property=\"og:image:width\" content=\"600\" \/>\n\t<meta property=\"og:image:height\" content=\"800\" \/>\n\t<meta property=\"og:image:type\" content=\"image\/jpeg\" \/>\n<meta name=\"twitter:card\" content=\"summary_large_image\" \/>\n<meta name=\"twitter:label1\" content=\"Est. reading time\" \/>\n\t<meta name=\"twitter:data1\" content=\"2 minutes\" \/>\n<script type=\"application\/ld+json\" class=\"yoast-schema-graph\">{\"@context\":\"https:\/\/schema.org\",\"@graph\":[{\"@type\":\"WebPage\",\"@id\":\"https:\/\/www.ovidiudragosargesanu.ro\/en\/shop\/seniori\/curs-reverend-melchisedek-iasi-acces-online-seniori\/\",\"url\":\"https:\/\/www.ovidiudragosargesanu.ro\/en\/shop\/seniori\/curs-reverend-melchisedek-iasi-acces-online-seniori\/\",\"name\":\"Curs: Reverend Melchisedek - Iasi - acces online (seniori) - Ovidiu Drago\u0219 Arge\u0219anu\",\"isPartOf\":{\"@id\":\"https:\/\/www.ovidiudragosargesanu.ro\/en\/#website\"},\"primaryImageOfPage\":{\"@id\":\"https:\/\/www.ovidiudragosargesanu.ro\/en\/shop\/seniori\/curs-reverend-melchisedek-iasi-acces-online-seniori\/#primaryimage\"},\"image\":{\"@id\":\"https:\/\/www.ovidiudragosargesanu.ro\/en\/shop\/seniori\/curs-reverend-melchisedek-iasi-acces-online-seniori\/#primaryimage\"},\"thumbnailUrl\":\"https:\/\/www.ovidiudragosargesanu.ro\/en\/wp-content\/uploads\/2024\/10\/Curs-Reverend-Melchisedek-Iasi-600-800-1.jpg\",\"datePublished\":\"2024-11-16T13:07:01+00:00\",\"dateModified\":\"2025-02-28T19:10:24+00:00\",\"description\":\"Sus\u021bin cursul ,,Reverend Melchisedek\u201d \u00een Ia\u0219i, 27 noiembrie 2024, \u00eencep\u00e2nd cu ora 17:30.\",\"breadcrumb\":{\"@id\":\"https:\/\/www.ovidiudragosargesanu.ro\/en\/shop\/seniori\/curs-reverend-melchisedek-iasi-acces-online-seniori\/#breadcrumb\"},\"inLanguage\":\"en-US\",\"potentialAction\":[{\"@type\":\"ReadAction\",\"target\":[\"https:\/\/www.ovidiudragosargesanu.ro\/en\/shop\/seniori\/curs-reverend-melchisedek-iasi-acces-online-seniori\/\"]}]},{\"@type\":\"ImageObject\",\"inLanguage\":\"en-US\",\"@id\":\"https:\/\/www.ovidiudragosargesanu.ro\/en\/shop\/seniori\/curs-reverend-melchisedek-iasi-acces-online-seniori\/#primaryimage\",\"url\":\"https:\/\/www.ovidiudragosargesanu.ro\/en\/wp-content\/uploads\/2024\/10\/Curs-Reverend-Melchisedek-Iasi-600-800-1.jpg\",\"contentUrl\":\"https:\/\/www.ovidiudragosargesanu.ro\/en\/wp-content\/uploads\/2024\/10\/Curs-Reverend-Melchisedek-Iasi-600-800-1.jpg\",\"width\":600,\"height\":800,\"caption\":\"Curs-Reverend Melchisedek-Iasi\"},{\"@type\":\"BreadcrumbList\",\"@id\":\"https:\/\/www.ovidiudragosargesanu.ro\/en\/shop\/seniori\/curs-reverend-melchisedek-iasi-acces-online-seniori\/#breadcrumb\",\"itemListElement\":[{\"@type\":\"ListItem\",\"position\":1,\"name\":\"Prima pagin\u0103\",\"item\":\"https:\/\/www.ovidiudragosargesanu.ro\/en\/\"},{\"@type\":\"ListItem\",\"position\":2,\"name\":\"Shop\",\"item\":\"https:\/\/www.ovidiudragosargesanu.ro\/en\/shop\/\"},{\"@type\":\"ListItem\",\"position\":3,\"name\":\"Curs: Reverend Melchisedek &#8211; Iasi &#8211; acces online (seniori)\"}]},{\"@type\":\"WebSite\",\"@id\":\"https:\/\/www.ovidiudragosargesanu.ro\/en\/#website\",\"url\":\"https:\/\/www.ovidiudragosargesanu.ro\/en\/\",\"name\":\"Ovidiu Drago\u0219 Arge\u0219anu\",\"description\":\"\",\"publisher\":{\"@id\":\"https:\/\/www.ovidiudragosargesanu.ro\/en\/#organization\"},\"potentialAction\":[{\"@type\":\"SearchAction\",\"target\":{\"@type\":\"EntryPoint\",\"urlTemplate\":\"https:\/\/www.ovidiudragosargesanu.ro\/en\/?s={search_term_string}\"},\"query-input\":{\"@type\":\"PropertyValueSpecification\",\"valueRequired\":true,\"valueName\":\"search_term_string\"}}],\"inLanguage\":\"en-US\"},{\"@type\":\"Organization\",\"@id\":\"https:\/\/www.ovidiudragosargesanu.ro\/en\/#organization\",\"name\":\"Ovidiu Drago\u0219 Arge\u0219anu\",\"url\":\"https:\/\/www.ovidiudragosargesanu.ro\/en\/\",\"logo\":{\"@type\":\"ImageObject\",\"inLanguage\":\"en-US\",\"@id\":\"https:\/\/www.ovidiudragosargesanu.ro\/en\/#\/schema\/logo\/image\/\",\"url\":\"https:\/\/www.ovidiudragosargesanu.ro\/en\/wp-content\/uploads\/2018\/03\/dragos-logo-lotus-black-400.svg\",\"contentUrl\":\"https:\/\/www.ovidiudragosargesanu.ro\/en\/wp-content\/uploads\/2018\/03\/dragos-logo-lotus-black-400.svg\",\"width\":300,\"height\":150,\"caption\":\"Ovidiu Drago\u0219 Arge\u0219anu\"},\"image\":{\"@id\":\"https:\/\/www.ovidiudragosargesanu.ro\/en\/#\/schema\/logo\/image\/\"}}]}<\/script>\n<!-- \/ Yoast SEO plugin. -->","yoast_head_json":{"title":"Curs: Reverend Melchisedek - Iasi - acces online (seniori) - Ovidiu Drago\u0219 Arge\u0219anu","description":"Sus\u021bin cursul ,,Reverend Melchisedek\u201d \u00een Ia\u0219i, 27 noiembrie 2024, \u00eencep\u00e2nd cu ora 17:30.","robots":{"index":"noindex","follow":"follow","max-snippet":"max-snippet:-1","max-image-preview":"max-image-preview:large","max-video-preview":"max-video-preview:-1"},"og_locale":"en_US","og_type":"article","og_title":"Curs: Reverend Melchisedek - Iasi - acces online (seniori) - Ovidiu Drago\u0219 Arge\u0219anu","og_description":"Sus\u021bin cursul ,,Reverend Melchisedek\u201d \u00een Ia\u0219i, 27 noiembrie 2024, \u00eencep\u00e2nd cu ora 17:30.","og_url":"https:\/\/www.ovidiudragosargesanu.ro\/en\/shop\/seniori\/curs-reverend-melchisedek-iasi-acces-online-seniori\/","og_site_name":"Ovidiu Drago\u0219 Arge\u0219anu","article_modified_time":"2025-02-28T19:10:24+00:00","og_image":[{"width":600,"height":800,"url":"https:\/\/www.ovidiudragosargesanu.ro\/en\/wp-content\/uploads\/2024\/10\/Curs-Reverend-Melchisedek-Iasi-600-800-1.jpg","type":"image\/jpeg"}],"twitter_card":"summary_large_image","twitter_misc":{"Est. reading time":"2 minutes"},"schema":{"@context":"https:\/\/schema.org","@graph":[{"@type":"WebPage","@id":"https:\/\/www.ovidiudragosargesanu.ro\/en\/shop\/seniori\/curs-reverend-melchisedek-iasi-acces-online-seniori\/","url":"https:\/\/www.ovidiudragosargesanu.ro\/en\/shop\/seniori\/curs-reverend-melchisedek-iasi-acces-online-seniori\/","name":"Curs: Reverend Melchisedek - Iasi - acces online (seniori) - Ovidiu Drago\u0219 Arge\u0219anu","isPartOf":{"@id":"https:\/\/www.ovidiudragosargesanu.ro\/en\/#website"},"primaryImageOfPage":{"@id":"https:\/\/www.ovidiudragosargesanu.ro\/en\/shop\/seniori\/curs-reverend-melchisedek-iasi-acces-online-seniori\/#primaryimage"},"image":{"@id":"https:\/\/www.ovidiudragosargesanu.ro\/en\/shop\/seniori\/curs-reverend-melchisedek-iasi-acces-online-seniori\/#primaryimage"},"thumbnailUrl":"https:\/\/www.ovidiudragosargesanu.ro\/en\/wp-content\/uploads\/2024\/10\/Curs-Reverend-Melchisedek-Iasi-600-800-1.jpg","datePublished":"2024-11-16T13:07:01+00:00","dateModified":"2025-02-28T19:10:24+00:00","description":"Sus\u021bin cursul ,,Reverend Melchisedek\u201d \u00een Ia\u0219i, 27 noiembrie 2024, \u00eencep\u00e2nd cu ora 17:30.","breadcrumb":{"@id":"https:\/\/www.ovidiudragosargesanu.ro\/en\/shop\/seniori\/curs-reverend-melchisedek-iasi-acces-online-seniori\/#breadcrumb"},"inLanguage":"en-US","potentialAction":[{"@type":"ReadAction","target":["https:\/\/www.ovidiudragosargesanu.ro\/en\/shop\/seniori\/curs-reverend-melchisedek-iasi-acces-online-seniori\/"]}]},{"@type":"ImageObject","inLanguage":"en-US","@id":"https:\/\/www.ovidiudragosargesanu.ro\/en\/shop\/seniori\/curs-reverend-melchisedek-iasi-acces-online-seniori\/#primaryimage","url":"https:\/\/www.ovidiudragosargesanu.ro\/en\/wp-content\/uploads\/2024\/10\/Curs-Reverend-Melchisedek-Iasi-600-800-1.jpg","contentUrl":"https:\/\/www.ovidiudragosargesanu.ro\/en\/wp-content\/uploads\/2024\/10\/Curs-Reverend-Melchisedek-Iasi-600-800-1.jpg","width":600,"height":800,"caption":"Curs-Reverend Melchisedek-Iasi"},{"@type":"BreadcrumbList","@id":"https:\/\/www.ovidiudragosargesanu.ro\/en\/shop\/seniori\/curs-reverend-melchisedek-iasi-acces-online-seniori\/#breadcrumb","itemListElement":[{"@type":"ListItem","position":1,"name":"Prima pagin\u0103","item":"https:\/\/www.ovidiudragosargesanu.ro\/en\/"},{"@type":"ListItem","position":2,"name":"Shop","item":"https:\/\/www.ovidiudragosargesanu.ro\/en\/shop\/"},{"@type":"ListItem","position":3,"name":"Curs: Reverend Melchisedek &#8211; Iasi &#8211; acces online (seniori)"}]},{"@type":"WebSite","@id":"https:\/\/www.ovidiudragosargesanu.ro\/en\/#website","url":"https:\/\/www.ovidiudragosargesanu.ro\/en\/","name":"Ovidiu Drago\u0219 Arge\u0219anu","description":"","publisher":{"@id":"https:\/\/www.ovidiudragosargesanu.ro\/en\/#organization"},"potentialAction":[{"@type":"SearchAction","target":{"@type":"EntryPoint","urlTemplate":"https:\/\/www.ovidiudragosargesanu.ro\/en\/?s={search_term_string}"},"query-input":{"@type":"PropertyValueSpecification","valueRequired":true,"valueName":"search_term_string"}}],"inLanguage":"en-US"},{"@type":"Organization","@id":"https:\/\/www.ovidiudragosargesanu.ro\/en\/#organization","name":"Ovidiu Drago\u0219 Arge\u0219anu","url":"https:\/\/www.ovidiudragosargesanu.ro\/en\/","logo":{"@type":"ImageObject","inLanguage":"en-US","@id":"https:\/\/www.ovidiudragosargesanu.ro\/en\/#\/schema\/logo\/image\/","url":"https:\/\/www.ovidiudragosargesanu.ro\/en\/wp-content\/uploads\/2018\/03\/dragos-logo-lotus-black-400.svg","contentUrl":"https:\/\/www.ovidiudragosargesanu.ro\/en\/wp-content\/uploads\/2018\/03\/dragos-logo-lotus-black-400.svg","width":300,"height":150,"caption":"Ovidiu Drago\u0219 Arge\u0219anu"},"image":{"@id":"https:\/\/www.ovidiudragosargesanu.ro\/en\/#\/schema\/logo\/image\/"}}]}},"_links":{"self":[{"href":"https:\/\/www.ovidiudragosargesanu.ro\/en\/wp-json\/wp\/v2\/product\/26429","targetHints":{"allow":["GET"]}}],"collection":[{"href":"https:\/\/www.ovidiudragosargesanu.ro\/en\/wp-json\/wp\/v2\/product"}],"about":[{"href":"https:\/\/www.ovidiudragosargesanu.ro\/en\/wp-json\/wp\/v2\/types\/product"}],"version-history":[{"count":5,"href":"https:\/\/www.ovidiudragosargesanu.ro\/en\/wp-json\/wp\/v2\/product\/26429\/revisions"}],"predecessor-version":[{"id":28272,"href":"https:\/\/www.ovidiudragosargesanu.ro\/en\/wp-json\/wp\/v2\/product\/26429\/revisions\/28272"}],"wp:featuredmedia":[{"embeddable":true,"href":"https:\/\/www.ovidiudragosargesanu.ro\/en\/wp-json\/wp\/v2\/media\/28109"}],"wp:attachment":[{"href":"https:\/\/www.ovidiudragosargesanu.ro\/en\/wp-json\/wp\/v2\/media?parent=26429"}],"wp:term":[{"taxonomy":"product_brand","embeddable":true,"href":"https:\/\/www.ovidiudragosargesanu.ro\/en\/wp-json\/wp\/v2\/product_brand?post=26429"},{"taxonomy":"product_cat","embeddable":true,"href":"https:\/\/www.ovidiudragosargesanu.ro\/en\/wp-json\/wp\/v2\/product_cat?post=26429"},{"taxonomy":"product_tag","embeddable":true,"href":"https:\/\/www.ovidiudragosargesanu.ro\/en\/wp-json\/wp\/v2\/product_tag?post=26429"}],"curies":[{"name":"wp","href":"https:\/\/api.w.org\/{rel}","templated":true}]}}