{"id":26431,"date":"2024-11-16T15:08:59","date_gmt":"2024-11-16T13:08:59","guid":{"rendered":"https:\/\/www.ovidiudragosargesanu.ro\/?post_type=product&#038;p=26431"},"modified":"2025-02-28T21:10:00","modified_gmt":"2025-02-28T19:10:00","slug":"curs-kombat-ki-modulul-iv-bucuresti-acces-online-seniori","status":"publish","type":"product","link":"https:\/\/www.ovidiudragosargesanu.ro\/en\/shop\/seniori\/curs-kombat-ki-modulul-iv-bucuresti-acces-online-seniori\/","title":{"rendered":"Curs: Kombat Ki &#8211; Modulul IV &#8211; Bucuresti &#8211; acces online (Seniori)"},"content":{"rendered":"<p><span style=\"font-weight: 400;\">Cursul meu ,,Kombat KI &#8211; Modulul IV&#8221; a avut loc \u00een Bucure\u0219ti, pe 4 noiembrie.<\/span><\/p>\n<p><span style=\"font-weight: 400;\">Kombat KI este un adev\u0103rat drum spre autocunoa\u0219tere \u0219i echilibru interior. Fiecare antrenament este o lec\u021bie de disciplin\u0103, menit\u0103 s\u0103 \u00ee\u021bi dezvolte puterea interioar\u0103. Este despre dep\u0103\u0219irea limitelor \u0219i g\u0103sirea unei noi perspective asupra vie\u021bii \u0219i a provoc\u0103rilor ei. Cred cu t\u0103rie c\u0103 prin aceast\u0103 practic\u0103, fricile se pot transforma \u00een \u00eencredere \u0219i haosul \u00een ordine. \u00cen esen\u021b\u0103, KOMBAT KI este calea c\u0103tre adev\u0103rata putere, cea care vine din interior.<\/span><\/p>\n<p><b>Teme principale pe care le ating:<\/b><\/p>\n<ul>\n<li aria-level=\"1\"><b>Magia ruseasc\u0103.<\/b><\/li>\n<\/ul>\n<ul>\n<li aria-level=\"1\"><b>Magia ucrainean\u0103.<\/b><\/li>\n<\/ul>\n<ul>\n<li aria-level=\"1\"><b>Magia evreiasc\u0103.<\/b><\/li>\n<\/ul>\n<ul>\n<li aria-level=\"1\"><b>Vaccinurile anti covid ca form\u0103 de atac PSI la nivelul popoarelor.<\/b><\/li>\n<\/ul>\n<ul>\n<li aria-level=\"1\"><b>Despre compozi\u021bia acestui vaccin.<\/b><\/li>\n<\/ul>\n<ul>\n<li aria-level=\"1\"><b>Alerg\u0103tori.<\/b><\/li>\n<\/ul>\n<ul>\n<li aria-level=\"1\"><b>Nanorobo\u021bi.<\/b><\/li>\n<\/ul>\n<ul>\n<li aria-level=\"1\"><b>Entit\u0103\u021bi din vaccin.<\/b><\/li>\n<\/ul>\n<ul>\n<li aria-level=\"1\"><b>Grafen.<\/b><\/li>\n<\/ul>\n<ul>\n<li aria-level=\"1\"><b>Anihilare.<\/b><\/li>\n<\/ul>\n<p>&nbsp;<\/p>\n","protected":false},"excerpt":{"rendered":"<p><span style=\"font-weight: 400;\">ACCES NELIMITATE!<\/span><\/p>\n<p><span style=\"font-weight: 400;\">Cursul meu ,,Kombat KI &#8211; Modulul IV&#8221; din Bucure\u0219ti \u00een data de 4 noiembrie 2024.<\/span><\/p>\n<p>&nbsp;<\/p>\n","protected":false},"featured_media":24984,"template":"","meta":{"inline_featured_image":false},"product_brand":[],"product_cat":[795],"product_tag":[],"class_list":{"0":"post-26431","1":"product","2":"type-product","3":"status-publish","4":"has-post-thumbnail","6":"product_cat-seniori","8":"first","9":"instock","10":"sale","11":"virtual","12":"sold-individually","13":"taxable","14":"purchasable","15":"product-type-simple"},"yoast_head":"<!-- This site is optimized with the Yoast SEO plugin v26.9 - https:\/\/yoast.com\/product\/yoast-seo-wordpress\/ -->\n<title>Curs: Kombat Ki - Modulul IV - Bucuresti - acces online (Seniori) - Ovidiu Drago\u0219 Arge\u0219anu<\/title>\n<meta name=\"description\" content=\"\u00ce\u021bi propun s\u0103 accesezi cursul meu ,,Kombat KI - Modulul IV&quot; din Bucure\u0219ti din data de 4 noiembrie 2024.\" \/>\n<meta name=\"robots\" content=\"noindex, follow, max-snippet:-1, max-image-preview:large, max-video-preview:-1\" \/>\n<meta property=\"og:locale\" content=\"en_US\" \/>\n<meta property=\"og:type\" content=\"article\" \/>\n<meta property=\"og:title\" content=\"Curs: Kombat Ki - Modulul IV - Bucuresti - acces online (Seniori) - Ovidiu Drago\u0219 Arge\u0219anu\" \/>\n<meta property=\"og:description\" content=\"\u00ce\u021bi propun s\u0103 accesezi cursul meu ,,Kombat KI - Modulul IV&quot; din Bucure\u0219ti din data de 4 noiembrie 2024.\" \/>\n<meta property=\"og:url\" content=\"https:\/\/www.ovidiudragosargesanu.ro\/en\/shop\/seniori\/curs-kombat-ki-modulul-iv-bucuresti-acces-online-seniori\/\" \/>\n<meta property=\"og:site_name\" content=\"Ovidiu Drago\u0219 Arge\u0219anu\" \/>\n<meta property=\"article:modified_time\" content=\"2025-02-28T19:10:00+00:00\" \/>\n<meta property=\"og:image\" content=\"https:\/\/www.ovidiudragosargesanu.ro\/en\/wp-content\/uploads\/2024\/10\/Premium-Kombat-Ki-Modulul-IV-Bucuresti-600-800-1.jpg\" \/>\n\t<meta property=\"og:image:width\" content=\"600\" \/>\n\t<meta property=\"og:image:height\" content=\"800\" \/>\n\t<meta property=\"og:image:type\" content=\"image\/jpeg\" \/>\n<meta name=\"twitter:card\" content=\"summary_large_image\" \/>\n<meta name=\"twitter:label1\" content=\"Est. reading time\" \/>\n\t<meta name=\"twitter:data1\" content=\"1 minute\" \/>\n<script type=\"application\/ld+json\" class=\"yoast-schema-graph\">{\"@context\":\"https:\/\/schema.org\",\"@graph\":[{\"@type\":\"WebPage\",\"@id\":\"https:\/\/www.ovidiudragosargesanu.ro\/en\/shop\/seniori\/curs-kombat-ki-modulul-iv-bucuresti-acces-online-seniori\/\",\"url\":\"https:\/\/www.ovidiudragosargesanu.ro\/en\/shop\/seniori\/curs-kombat-ki-modulul-iv-bucuresti-acces-online-seniori\/\",\"name\":\"Curs: Kombat Ki - Modulul IV - Bucuresti - acces online (Seniori) - Ovidiu Drago\u0219 Arge\u0219anu\",\"isPartOf\":{\"@id\":\"https:\/\/www.ovidiudragosargesanu.ro\/en\/#website\"},\"primaryImageOfPage\":{\"@id\":\"https:\/\/www.ovidiudragosargesanu.ro\/en\/shop\/seniori\/curs-kombat-ki-modulul-iv-bucuresti-acces-online-seniori\/#primaryimage\"},\"image\":{\"@id\":\"https:\/\/www.ovidiudragosargesanu.ro\/en\/shop\/seniori\/curs-kombat-ki-modulul-iv-bucuresti-acces-online-seniori\/#primaryimage\"},\"thumbnailUrl\":\"https:\/\/www.ovidiudragosargesanu.ro\/en\/wp-content\/uploads\/2024\/10\/Premium-Kombat-Ki-Modulul-IV-Bucuresti-600-800-1.jpg\",\"datePublished\":\"2024-11-16T13:08:59+00:00\",\"dateModified\":\"2025-02-28T19:10:00+00:00\",\"description\":\"\u00ce\u021bi propun s\u0103 accesezi cursul meu ,,Kombat KI - Modulul IV\\\" din Bucure\u0219ti din data de 4 noiembrie 2024.\",\"breadcrumb\":{\"@id\":\"https:\/\/www.ovidiudragosargesanu.ro\/en\/shop\/seniori\/curs-kombat-ki-modulul-iv-bucuresti-acces-online-seniori\/#breadcrumb\"},\"inLanguage\":\"en-US\",\"potentialAction\":[{\"@type\":\"ReadAction\",\"target\":[\"https:\/\/www.ovidiudragosargesanu.ro\/en\/shop\/seniori\/curs-kombat-ki-modulul-iv-bucuresti-acces-online-seniori\/\"]}]},{\"@type\":\"ImageObject\",\"inLanguage\":\"en-US\",\"@id\":\"https:\/\/www.ovidiudragosargesanu.ro\/en\/shop\/seniori\/curs-kombat-ki-modulul-iv-bucuresti-acces-online-seniori\/#primaryimage\",\"url\":\"https:\/\/www.ovidiudragosargesanu.ro\/en\/wp-content\/uploads\/2024\/10\/Premium-Kombat-Ki-Modulul-IV-Bucuresti-600-800-1.jpg\",\"contentUrl\":\"https:\/\/www.ovidiudragosargesanu.ro\/en\/wp-content\/uploads\/2024\/10\/Premium-Kombat-Ki-Modulul-IV-Bucuresti-600-800-1.jpg\",\"width\":600,\"height\":800},{\"@type\":\"BreadcrumbList\",\"@id\":\"https:\/\/www.ovidiudragosargesanu.ro\/en\/shop\/seniori\/curs-kombat-ki-modulul-iv-bucuresti-acces-online-seniori\/#breadcrumb\",\"itemListElement\":[{\"@type\":\"ListItem\",\"position\":1,\"name\":\"Prima pagin\u0103\",\"item\":\"https:\/\/www.ovidiudragosargesanu.ro\/en\/\"},{\"@type\":\"ListItem\",\"position\":2,\"name\":\"Shop\",\"item\":\"https:\/\/www.ovidiudragosargesanu.ro\/en\/shop\/\"},{\"@type\":\"ListItem\",\"position\":3,\"name\":\"Curs: Kombat Ki &#8211; Modulul IV &#8211; Bucuresti &#8211; acces online (Seniori)\"}]},{\"@type\":\"WebSite\",\"@id\":\"https:\/\/www.ovidiudragosargesanu.ro\/en\/#website\",\"url\":\"https:\/\/www.ovidiudragosargesanu.ro\/en\/\",\"name\":\"Ovidiu Drago\u0219 Arge\u0219anu\",\"description\":\"\",\"publisher\":{\"@id\":\"https:\/\/www.ovidiudragosargesanu.ro\/en\/#organization\"},\"potentialAction\":[{\"@type\":\"SearchAction\",\"target\":{\"@type\":\"EntryPoint\",\"urlTemplate\":\"https:\/\/www.ovidiudragosargesanu.ro\/en\/?s={search_term_string}\"},\"query-input\":{\"@type\":\"PropertyValueSpecification\",\"valueRequired\":true,\"valueName\":\"search_term_string\"}}],\"inLanguage\":\"en-US\"},{\"@type\":\"Organization\",\"@id\":\"https:\/\/www.ovidiudragosargesanu.ro\/en\/#organization\",\"name\":\"Ovidiu Drago\u0219 Arge\u0219anu\",\"url\":\"https:\/\/www.ovidiudragosargesanu.ro\/en\/\",\"logo\":{\"@type\":\"ImageObject\",\"inLanguage\":\"en-US\",\"@id\":\"https:\/\/www.ovidiudragosargesanu.ro\/en\/#\/schema\/logo\/image\/\",\"url\":\"https:\/\/www.ovidiudragosargesanu.ro\/en\/wp-content\/uploads\/2018\/03\/dragos-logo-lotus-black-400.svg\",\"contentUrl\":\"https:\/\/www.ovidiudragosargesanu.ro\/en\/wp-content\/uploads\/2018\/03\/dragos-logo-lotus-black-400.svg\",\"width\":300,\"height\":150,\"caption\":\"Ovidiu Drago\u0219 Arge\u0219anu\"},\"image\":{\"@id\":\"https:\/\/www.ovidiudragosargesanu.ro\/en\/#\/schema\/logo\/image\/\"}}]}<\/script>\n<!-- \/ Yoast SEO plugin. -->","yoast_head_json":{"title":"Curs: Kombat Ki - Modulul IV - Bucuresti - acces online (Seniori) - Ovidiu Drago\u0219 Arge\u0219anu","description":"\u00ce\u021bi propun s\u0103 accesezi cursul meu ,,Kombat KI - Modulul IV\" din Bucure\u0219ti din data de 4 noiembrie 2024.","robots":{"index":"noindex","follow":"follow","max-snippet":"max-snippet:-1","max-image-preview":"max-image-preview:large","max-video-preview":"max-video-preview:-1"},"og_locale":"en_US","og_type":"article","og_title":"Curs: Kombat Ki - Modulul IV - Bucuresti - acces online (Seniori) - Ovidiu Drago\u0219 Arge\u0219anu","og_description":"\u00ce\u021bi propun s\u0103 accesezi cursul meu ,,Kombat KI - Modulul IV\" din Bucure\u0219ti din data de 4 noiembrie 2024.","og_url":"https:\/\/www.ovidiudragosargesanu.ro\/en\/shop\/seniori\/curs-kombat-ki-modulul-iv-bucuresti-acces-online-seniori\/","og_site_name":"Ovidiu Drago\u0219 Arge\u0219anu","article_modified_time":"2025-02-28T19:10:00+00:00","og_image":[{"width":600,"height":800,"url":"https:\/\/www.ovidiudragosargesanu.ro\/en\/wp-content\/uploads\/2024\/10\/Premium-Kombat-Ki-Modulul-IV-Bucuresti-600-800-1.jpg","type":"image\/jpeg"}],"twitter_card":"summary_large_image","twitter_misc":{"Est. reading time":"1 minute"},"schema":{"@context":"https:\/\/schema.org","@graph":[{"@type":"WebPage","@id":"https:\/\/www.ovidiudragosargesanu.ro\/en\/shop\/seniori\/curs-kombat-ki-modulul-iv-bucuresti-acces-online-seniori\/","url":"https:\/\/www.ovidiudragosargesanu.ro\/en\/shop\/seniori\/curs-kombat-ki-modulul-iv-bucuresti-acces-online-seniori\/","name":"Curs: Kombat Ki - Modulul IV - Bucuresti - acces online (Seniori) - Ovidiu Drago\u0219 Arge\u0219anu","isPartOf":{"@id":"https:\/\/www.ovidiudragosargesanu.ro\/en\/#website"},"primaryImageOfPage":{"@id":"https:\/\/www.ovidiudragosargesanu.ro\/en\/shop\/seniori\/curs-kombat-ki-modulul-iv-bucuresti-acces-online-seniori\/#primaryimage"},"image":{"@id":"https:\/\/www.ovidiudragosargesanu.ro\/en\/shop\/seniori\/curs-kombat-ki-modulul-iv-bucuresti-acces-online-seniori\/#primaryimage"},"thumbnailUrl":"https:\/\/www.ovidiudragosargesanu.ro\/en\/wp-content\/uploads\/2024\/10\/Premium-Kombat-Ki-Modulul-IV-Bucuresti-600-800-1.jpg","datePublished":"2024-11-16T13:08:59+00:00","dateModified":"2025-02-28T19:10:00+00:00","description":"\u00ce\u021bi propun s\u0103 accesezi cursul meu ,,Kombat KI - Modulul IV\" din Bucure\u0219ti din data de 4 noiembrie 2024.","breadcrumb":{"@id":"https:\/\/www.ovidiudragosargesanu.ro\/en\/shop\/seniori\/curs-kombat-ki-modulul-iv-bucuresti-acces-online-seniori\/#breadcrumb"},"inLanguage":"en-US","potentialAction":[{"@type":"ReadAction","target":["https:\/\/www.ovidiudragosargesanu.ro\/en\/shop\/seniori\/curs-kombat-ki-modulul-iv-bucuresti-acces-online-seniori\/"]}]},{"@type":"ImageObject","inLanguage":"en-US","@id":"https:\/\/www.ovidiudragosargesanu.ro\/en\/shop\/seniori\/curs-kombat-ki-modulul-iv-bucuresti-acces-online-seniori\/#primaryimage","url":"https:\/\/www.ovidiudragosargesanu.ro\/en\/wp-content\/uploads\/2024\/10\/Premium-Kombat-Ki-Modulul-IV-Bucuresti-600-800-1.jpg","contentUrl":"https:\/\/www.ovidiudragosargesanu.ro\/en\/wp-content\/uploads\/2024\/10\/Premium-Kombat-Ki-Modulul-IV-Bucuresti-600-800-1.jpg","width":600,"height":800},{"@type":"BreadcrumbList","@id":"https:\/\/www.ovidiudragosargesanu.ro\/en\/shop\/seniori\/curs-kombat-ki-modulul-iv-bucuresti-acces-online-seniori\/#breadcrumb","itemListElement":[{"@type":"ListItem","position":1,"name":"Prima pagin\u0103","item":"https:\/\/www.ovidiudragosargesanu.ro\/en\/"},{"@type":"ListItem","position":2,"name":"Shop","item":"https:\/\/www.ovidiudragosargesanu.ro\/en\/shop\/"},{"@type":"ListItem","position":3,"name":"Curs: Kombat Ki &#8211; Modulul IV &#8211; Bucuresti &#8211; acces online (Seniori)"}]},{"@type":"WebSite","@id":"https:\/\/www.ovidiudragosargesanu.ro\/en\/#website","url":"https:\/\/www.ovidiudragosargesanu.ro\/en\/","name":"Ovidiu Drago\u0219 Arge\u0219anu","description":"","publisher":{"@id":"https:\/\/www.ovidiudragosargesanu.ro\/en\/#organization"},"potentialAction":[{"@type":"SearchAction","target":{"@type":"EntryPoint","urlTemplate":"https:\/\/www.ovidiudragosargesanu.ro\/en\/?s={search_term_string}"},"query-input":{"@type":"PropertyValueSpecification","valueRequired":true,"valueName":"search_term_string"}}],"inLanguage":"en-US"},{"@type":"Organization","@id":"https:\/\/www.ovidiudragosargesanu.ro\/en\/#organization","name":"Ovidiu Drago\u0219 Arge\u0219anu","url":"https:\/\/www.ovidiudragosargesanu.ro\/en\/","logo":{"@type":"ImageObject","inLanguage":"en-US","@id":"https:\/\/www.ovidiudragosargesanu.ro\/en\/#\/schema\/logo\/image\/","url":"https:\/\/www.ovidiudragosargesanu.ro\/en\/wp-content\/uploads\/2018\/03\/dragos-logo-lotus-black-400.svg","contentUrl":"https:\/\/www.ovidiudragosargesanu.ro\/en\/wp-content\/uploads\/2018\/03\/dragos-logo-lotus-black-400.svg","width":300,"height":150,"caption":"Ovidiu Drago\u0219 Arge\u0219anu"},"image":{"@id":"https:\/\/www.ovidiudragosargesanu.ro\/en\/#\/schema\/logo\/image\/"}}]}},"_links":{"self":[{"href":"https:\/\/www.ovidiudragosargesanu.ro\/en\/wp-json\/wp\/v2\/product\/26431","targetHints":{"allow":["GET"]}}],"collection":[{"href":"https:\/\/www.ovidiudragosargesanu.ro\/en\/wp-json\/wp\/v2\/product"}],"about":[{"href":"https:\/\/www.ovidiudragosargesanu.ro\/en\/wp-json\/wp\/v2\/types\/product"}],"version-history":[{"count":1,"href":"https:\/\/www.ovidiudragosargesanu.ro\/en\/wp-json\/wp\/v2\/product\/26431\/revisions"}],"predecessor-version":[{"id":26432,"href":"https:\/\/www.ovidiudragosargesanu.ro\/en\/wp-json\/wp\/v2\/product\/26431\/revisions\/26432"}],"wp:featuredmedia":[{"embeddable":true,"href":"https:\/\/www.ovidiudragosargesanu.ro\/en\/wp-json\/wp\/v2\/media\/24984"}],"wp:attachment":[{"href":"https:\/\/www.ovidiudragosargesanu.ro\/en\/wp-json\/wp\/v2\/media?parent=26431"}],"wp:term":[{"taxonomy":"product_brand","embeddable":true,"href":"https:\/\/www.ovidiudragosargesanu.ro\/en\/wp-json\/wp\/v2\/product_brand?post=26431"},{"taxonomy":"product_cat","embeddable":true,"href":"https:\/\/www.ovidiudragosargesanu.ro\/en\/wp-json\/wp\/v2\/product_cat?post=26431"},{"taxonomy":"product_tag","embeddable":true,"href":"https:\/\/www.ovidiudragosargesanu.ro\/en\/wp-json\/wp\/v2\/product_tag?post=26431"}],"curies":[{"name":"wp","href":"https:\/\/api.w.org\/{rel}","templated":true}]}}