{"id":26437,"date":"2024-11-16T15:15:41","date_gmt":"2024-11-16T13:15:41","guid":{"rendered":"https:\/\/www.ovidiudragosargesanu.ro\/?post_type=product&#038;p=26437"},"modified":"2025-02-28T21:08:16","modified_gmt":"2025-02-28T19:08:16","slug":"curs-ordinul-lui-melchisedek-galati-acces-online-seniori","status":"publish","type":"product","link":"https:\/\/www.ovidiudragosargesanu.ro\/en\/shop\/seniori\/curs-ordinul-lui-melchisedek-galati-acces-online-seniori\/","title":{"rendered":"Curs: Ordinul lui Melchisedek- Galati &#8211; acces online (Seniori)"},"content":{"rendered":"<p><span style=\"font-weight: 400;\">Am sus\u021bin cursul\u00a0 ,,Ordinul lui Melchisedek&#8221; \u00een Gala\u021bi, pe data de 6 noiembrie 2024.<\/span><\/p>\n<p><span style=\"font-weight: 400;\">Ordinul lui Melchisedek este Preo\u021bia Hirotonisit\u0103 dinaintea Dumnezeului Universal, Sursa noastr\u0103 Divin\u0103,\u00a0 Melchisedek &#8211; ,,Ve\u0219nicul St\u0103p\u00e2n al Luminii\u201d, este r\u0103spunz\u0103tor pentru \u00eentreaga organizare a Lumilor Divine, inclusive a P\u0103m\u00e2ntului, pentru trecerea \u00eentr-o nou\u0103 crea\u021bie. El este egal cu Metatron \u0219i Arhanghelului Mihail \u00een salvarea, rena\u0219terea \u0219i reeducarea lumii trec\u00e2nd prin purificarea Luminii Vii.<\/span><\/p>\n<p><span style=\"font-weight: 400;\">Ce teme ating pe parcursul cursului:<\/span><\/p>\n<ul>\n<li style=\"font-weight: 400;\" aria-level=\"1\"><span style=\"font-weight: 400;\">cine este Melchisedek;<\/span><\/li>\n<li style=\"font-weight: 400;\" aria-level=\"1\"><span style=\"font-weight: 400;\">ce \u00eenseamn\u0103 Ordinul lui Melchisedek;<\/span><\/li>\n<li style=\"font-weight: 400;\" aria-level=\"1\"><span style=\"font-weight: 400;\">ini\u021bierea \u00een Ordinul lui Melchisedek<\/span><\/li>\n<li style=\"font-weight: 400;\" aria-level=\"1\"><span style=\"font-weight: 400;\">explicarea tainelor preo\u021biei lui Melchisedek<\/span><\/li>\n<li style=\"font-weight: 400;\" aria-level=\"1\"><span style=\"font-weight: 400;\">leg\u0103tura cu preo\u021bia cristic\u0103<\/span><\/li>\n<li style=\"font-weight: 400;\" aria-level=\"1\"><span style=\"font-weight: 400;\">Sfera lui Melchisedek<\/span><\/li>\n<\/ul>\n<p>&nbsp;<\/p>\n<p>&nbsp;<\/p>\n","protected":false},"excerpt":{"rendered":"<p><span style=\"font-weight: 400;\">LOCURI NELIMITATE \u00ceN ONLINE!!<\/span><\/p>\n<p><span style=\"font-weight: 400;\">Am sus\u021bin cursul\u00a0 ,,Ordinul lui Melchisedek&#8221; \u00een Gala\u021bi, pe data de 6 noiembrie 2024.<\/span><\/p>\n<p>&nbsp;<\/p>\n<p>&nbsp;<\/p>\n","protected":false},"featured_media":25141,"template":"","meta":{"inline_featured_image":false},"product_brand":[],"product_cat":[795],"product_tag":[],"class_list":{"0":"post-26437","1":"product","2":"type-product","3":"status-publish","4":"has-post-thumbnail","6":"product_cat-seniori","8":"first","9":"instock","10":"sale","11":"virtual","12":"sold-individually","13":"taxable","14":"purchasable","15":"product-type-simple"},"yoast_head":"<!-- This site is optimized with the Yoast SEO plugin v26.9 - https:\/\/yoast.com\/product\/yoast-seo-wordpress\/ -->\n<title>Curs: Ordinul lui Melchisedek- Galati - acces online (Seniori) - Ovidiu Drago\u0219 Arge\u0219anu<\/title>\n<meta name=\"description\" content=\"Sus\u021bin cursul\u00a0 ,,Ordinul lui Melchisedek&quot; \u00een Gala\u021bi, pe 6 noiembrie 2024, \u00eencep\u00e2nd cu ora 18:00.\u00a0\" \/>\n<meta name=\"robots\" content=\"noindex, follow, max-snippet:-1, max-image-preview:large, max-video-preview:-1\" \/>\n<meta property=\"og:locale\" content=\"en_US\" \/>\n<meta property=\"og:type\" content=\"article\" \/>\n<meta property=\"og:title\" content=\"Curs: Ordinul lui Melchisedek- Galati - acces online (Seniori) - Ovidiu Drago\u0219 Arge\u0219anu\" \/>\n<meta property=\"og:description\" content=\"Sus\u021bin cursul\u00a0 ,,Ordinul lui Melchisedek&quot; \u00een Gala\u021bi, pe 6 noiembrie 2024, \u00eencep\u00e2nd cu ora 18:00.\u00a0\" \/>\n<meta property=\"og:url\" content=\"https:\/\/www.ovidiudragosargesanu.ro\/en\/shop\/seniori\/curs-ordinul-lui-melchisedek-galati-acces-online-seniori\/\" \/>\n<meta property=\"og:site_name\" content=\"Ovidiu Drago\u0219 Arge\u0219anu\" \/>\n<meta property=\"article:modified_time\" content=\"2025-02-28T19:08:16+00:00\" \/>\n<meta property=\"og:image\" content=\"https:\/\/www.ovidiudragosargesanu.ro\/en\/wp-content\/uploads\/2024\/09\/Curs-Ordinul-lui-Melchisedek-Galati-Premium-600-800.jpg\" \/>\n\t<meta property=\"og:image:width\" content=\"600\" \/>\n\t<meta property=\"og:image:height\" content=\"800\" \/>\n\t<meta property=\"og:image:type\" content=\"image\/jpeg\" \/>\n<meta name=\"twitter:card\" content=\"summary_large_image\" \/>\n<meta name=\"twitter:label1\" content=\"Est. reading time\" \/>\n\t<meta name=\"twitter:data1\" content=\"1 minute\" \/>\n<script type=\"application\/ld+json\" class=\"yoast-schema-graph\">{\"@context\":\"https:\/\/schema.org\",\"@graph\":[{\"@type\":\"WebPage\",\"@id\":\"https:\/\/www.ovidiudragosargesanu.ro\/en\/shop\/seniori\/curs-ordinul-lui-melchisedek-galati-acces-online-seniori\/\",\"url\":\"https:\/\/www.ovidiudragosargesanu.ro\/en\/shop\/seniori\/curs-ordinul-lui-melchisedek-galati-acces-online-seniori\/\",\"name\":\"Curs: Ordinul lui Melchisedek- Galati - acces online (Seniori) - Ovidiu Drago\u0219 Arge\u0219anu\",\"isPartOf\":{\"@id\":\"https:\/\/www.ovidiudragosargesanu.ro\/en\/#website\"},\"primaryImageOfPage\":{\"@id\":\"https:\/\/www.ovidiudragosargesanu.ro\/en\/shop\/seniori\/curs-ordinul-lui-melchisedek-galati-acces-online-seniori\/#primaryimage\"},\"image\":{\"@id\":\"https:\/\/www.ovidiudragosargesanu.ro\/en\/shop\/seniori\/curs-ordinul-lui-melchisedek-galati-acces-online-seniori\/#primaryimage\"},\"thumbnailUrl\":\"https:\/\/www.ovidiudragosargesanu.ro\/en\/wp-content\/uploads\/2024\/09\/Curs-Ordinul-lui-Melchisedek-Galati-Premium-600-800.jpg\",\"datePublished\":\"2024-11-16T13:15:41+00:00\",\"dateModified\":\"2025-02-28T19:08:16+00:00\",\"description\":\"Sus\u021bin cursul\u00a0 ,,Ordinul lui Melchisedek\\\" \u00een Gala\u021bi, pe 6 noiembrie 2024, \u00eencep\u00e2nd cu ora 18:00.\u00a0\",\"breadcrumb\":{\"@id\":\"https:\/\/www.ovidiudragosargesanu.ro\/en\/shop\/seniori\/curs-ordinul-lui-melchisedek-galati-acces-online-seniori\/#breadcrumb\"},\"inLanguage\":\"en-US\",\"potentialAction\":[{\"@type\":\"ReadAction\",\"target\":[\"https:\/\/www.ovidiudragosargesanu.ro\/en\/shop\/seniori\/curs-ordinul-lui-melchisedek-galati-acces-online-seniori\/\"]}]},{\"@type\":\"ImageObject\",\"inLanguage\":\"en-US\",\"@id\":\"https:\/\/www.ovidiudragosargesanu.ro\/en\/shop\/seniori\/curs-ordinul-lui-melchisedek-galati-acces-online-seniori\/#primaryimage\",\"url\":\"https:\/\/www.ovidiudragosargesanu.ro\/en\/wp-content\/uploads\/2024\/09\/Curs-Ordinul-lui-Melchisedek-Galati-Premium-600-800.jpg\",\"contentUrl\":\"https:\/\/www.ovidiudragosargesanu.ro\/en\/wp-content\/uploads\/2024\/09\/Curs-Ordinul-lui-Melchisedek-Galati-Premium-600-800.jpg\",\"width\":600,\"height\":800},{\"@type\":\"BreadcrumbList\",\"@id\":\"https:\/\/www.ovidiudragosargesanu.ro\/en\/shop\/seniori\/curs-ordinul-lui-melchisedek-galati-acces-online-seniori\/#breadcrumb\",\"itemListElement\":[{\"@type\":\"ListItem\",\"position\":1,\"name\":\"Prima pagin\u0103\",\"item\":\"https:\/\/www.ovidiudragosargesanu.ro\/en\/\"},{\"@type\":\"ListItem\",\"position\":2,\"name\":\"Shop\",\"item\":\"https:\/\/www.ovidiudragosargesanu.ro\/en\/shop\/\"},{\"@type\":\"ListItem\",\"position\":3,\"name\":\"Curs: Ordinul lui Melchisedek- Galati &#8211; acces online (Seniori)\"}]},{\"@type\":\"WebSite\",\"@id\":\"https:\/\/www.ovidiudragosargesanu.ro\/en\/#website\",\"url\":\"https:\/\/www.ovidiudragosargesanu.ro\/en\/\",\"name\":\"Ovidiu Drago\u0219 Arge\u0219anu\",\"description\":\"\",\"publisher\":{\"@id\":\"https:\/\/www.ovidiudragosargesanu.ro\/en\/#organization\"},\"potentialAction\":[{\"@type\":\"SearchAction\",\"target\":{\"@type\":\"EntryPoint\",\"urlTemplate\":\"https:\/\/www.ovidiudragosargesanu.ro\/en\/?s={search_term_string}\"},\"query-input\":{\"@type\":\"PropertyValueSpecification\",\"valueRequired\":true,\"valueName\":\"search_term_string\"}}],\"inLanguage\":\"en-US\"},{\"@type\":\"Organization\",\"@id\":\"https:\/\/www.ovidiudragosargesanu.ro\/en\/#organization\",\"name\":\"Ovidiu Drago\u0219 Arge\u0219anu\",\"url\":\"https:\/\/www.ovidiudragosargesanu.ro\/en\/\",\"logo\":{\"@type\":\"ImageObject\",\"inLanguage\":\"en-US\",\"@id\":\"https:\/\/www.ovidiudragosargesanu.ro\/en\/#\/schema\/logo\/image\/\",\"url\":\"https:\/\/www.ovidiudragosargesanu.ro\/en\/wp-content\/uploads\/2018\/03\/dragos-logo-lotus-black-400.svg\",\"contentUrl\":\"https:\/\/www.ovidiudragosargesanu.ro\/en\/wp-content\/uploads\/2018\/03\/dragos-logo-lotus-black-400.svg\",\"width\":300,\"height\":150,\"caption\":\"Ovidiu Drago\u0219 Arge\u0219anu\"},\"image\":{\"@id\":\"https:\/\/www.ovidiudragosargesanu.ro\/en\/#\/schema\/logo\/image\/\"}}]}<\/script>\n<!-- \/ Yoast SEO plugin. -->","yoast_head_json":{"title":"Curs: Ordinul lui Melchisedek- Galati - acces online (Seniori) - Ovidiu Drago\u0219 Arge\u0219anu","description":"Sus\u021bin cursul\u00a0 ,,Ordinul lui Melchisedek\" \u00een Gala\u021bi, pe 6 noiembrie 2024, \u00eencep\u00e2nd cu ora 18:00.\u00a0","robots":{"index":"noindex","follow":"follow","max-snippet":"max-snippet:-1","max-image-preview":"max-image-preview:large","max-video-preview":"max-video-preview:-1"},"og_locale":"en_US","og_type":"article","og_title":"Curs: Ordinul lui Melchisedek- Galati - acces online (Seniori) - Ovidiu Drago\u0219 Arge\u0219anu","og_description":"Sus\u021bin cursul\u00a0 ,,Ordinul lui Melchisedek\" \u00een Gala\u021bi, pe 6 noiembrie 2024, \u00eencep\u00e2nd cu ora 18:00.\u00a0","og_url":"https:\/\/www.ovidiudragosargesanu.ro\/en\/shop\/seniori\/curs-ordinul-lui-melchisedek-galati-acces-online-seniori\/","og_site_name":"Ovidiu Drago\u0219 Arge\u0219anu","article_modified_time":"2025-02-28T19:08:16+00:00","og_image":[{"width":600,"height":800,"url":"https:\/\/www.ovidiudragosargesanu.ro\/en\/wp-content\/uploads\/2024\/09\/Curs-Ordinul-lui-Melchisedek-Galati-Premium-600-800.jpg","type":"image\/jpeg"}],"twitter_card":"summary_large_image","twitter_misc":{"Est. reading time":"1 minute"},"schema":{"@context":"https:\/\/schema.org","@graph":[{"@type":"WebPage","@id":"https:\/\/www.ovidiudragosargesanu.ro\/en\/shop\/seniori\/curs-ordinul-lui-melchisedek-galati-acces-online-seniori\/","url":"https:\/\/www.ovidiudragosargesanu.ro\/en\/shop\/seniori\/curs-ordinul-lui-melchisedek-galati-acces-online-seniori\/","name":"Curs: Ordinul lui Melchisedek- Galati - acces online (Seniori) - Ovidiu Drago\u0219 Arge\u0219anu","isPartOf":{"@id":"https:\/\/www.ovidiudragosargesanu.ro\/en\/#website"},"primaryImageOfPage":{"@id":"https:\/\/www.ovidiudragosargesanu.ro\/en\/shop\/seniori\/curs-ordinul-lui-melchisedek-galati-acces-online-seniori\/#primaryimage"},"image":{"@id":"https:\/\/www.ovidiudragosargesanu.ro\/en\/shop\/seniori\/curs-ordinul-lui-melchisedek-galati-acces-online-seniori\/#primaryimage"},"thumbnailUrl":"https:\/\/www.ovidiudragosargesanu.ro\/en\/wp-content\/uploads\/2024\/09\/Curs-Ordinul-lui-Melchisedek-Galati-Premium-600-800.jpg","datePublished":"2024-11-16T13:15:41+00:00","dateModified":"2025-02-28T19:08:16+00:00","description":"Sus\u021bin cursul\u00a0 ,,Ordinul lui Melchisedek\" \u00een Gala\u021bi, pe 6 noiembrie 2024, \u00eencep\u00e2nd cu ora 18:00.\u00a0","breadcrumb":{"@id":"https:\/\/www.ovidiudragosargesanu.ro\/en\/shop\/seniori\/curs-ordinul-lui-melchisedek-galati-acces-online-seniori\/#breadcrumb"},"inLanguage":"en-US","potentialAction":[{"@type":"ReadAction","target":["https:\/\/www.ovidiudragosargesanu.ro\/en\/shop\/seniori\/curs-ordinul-lui-melchisedek-galati-acces-online-seniori\/"]}]},{"@type":"ImageObject","inLanguage":"en-US","@id":"https:\/\/www.ovidiudragosargesanu.ro\/en\/shop\/seniori\/curs-ordinul-lui-melchisedek-galati-acces-online-seniori\/#primaryimage","url":"https:\/\/www.ovidiudragosargesanu.ro\/en\/wp-content\/uploads\/2024\/09\/Curs-Ordinul-lui-Melchisedek-Galati-Premium-600-800.jpg","contentUrl":"https:\/\/www.ovidiudragosargesanu.ro\/en\/wp-content\/uploads\/2024\/09\/Curs-Ordinul-lui-Melchisedek-Galati-Premium-600-800.jpg","width":600,"height":800},{"@type":"BreadcrumbList","@id":"https:\/\/www.ovidiudragosargesanu.ro\/en\/shop\/seniori\/curs-ordinul-lui-melchisedek-galati-acces-online-seniori\/#breadcrumb","itemListElement":[{"@type":"ListItem","position":1,"name":"Prima pagin\u0103","item":"https:\/\/www.ovidiudragosargesanu.ro\/en\/"},{"@type":"ListItem","position":2,"name":"Shop","item":"https:\/\/www.ovidiudragosargesanu.ro\/en\/shop\/"},{"@type":"ListItem","position":3,"name":"Curs: Ordinul lui Melchisedek- Galati &#8211; acces online (Seniori)"}]},{"@type":"WebSite","@id":"https:\/\/www.ovidiudragosargesanu.ro\/en\/#website","url":"https:\/\/www.ovidiudragosargesanu.ro\/en\/","name":"Ovidiu Drago\u0219 Arge\u0219anu","description":"","publisher":{"@id":"https:\/\/www.ovidiudragosargesanu.ro\/en\/#organization"},"potentialAction":[{"@type":"SearchAction","target":{"@type":"EntryPoint","urlTemplate":"https:\/\/www.ovidiudragosargesanu.ro\/en\/?s={search_term_string}"},"query-input":{"@type":"PropertyValueSpecification","valueRequired":true,"valueName":"search_term_string"}}],"inLanguage":"en-US"},{"@type":"Organization","@id":"https:\/\/www.ovidiudragosargesanu.ro\/en\/#organization","name":"Ovidiu Drago\u0219 Arge\u0219anu","url":"https:\/\/www.ovidiudragosargesanu.ro\/en\/","logo":{"@type":"ImageObject","inLanguage":"en-US","@id":"https:\/\/www.ovidiudragosargesanu.ro\/en\/#\/schema\/logo\/image\/","url":"https:\/\/www.ovidiudragosargesanu.ro\/en\/wp-content\/uploads\/2018\/03\/dragos-logo-lotus-black-400.svg","contentUrl":"https:\/\/www.ovidiudragosargesanu.ro\/en\/wp-content\/uploads\/2018\/03\/dragos-logo-lotus-black-400.svg","width":300,"height":150,"caption":"Ovidiu Drago\u0219 Arge\u0219anu"},"image":{"@id":"https:\/\/www.ovidiudragosargesanu.ro\/en\/#\/schema\/logo\/image\/"}}]}},"_links":{"self":[{"href":"https:\/\/www.ovidiudragosargesanu.ro\/en\/wp-json\/wp\/v2\/product\/26437","targetHints":{"allow":["GET"]}}],"collection":[{"href":"https:\/\/www.ovidiudragosargesanu.ro\/en\/wp-json\/wp\/v2\/product"}],"about":[{"href":"https:\/\/www.ovidiudragosargesanu.ro\/en\/wp-json\/wp\/v2\/types\/product"}],"version-history":[{"count":1,"href":"https:\/\/www.ovidiudragosargesanu.ro\/en\/wp-json\/wp\/v2\/product\/26437\/revisions"}],"predecessor-version":[{"id":26438,"href":"https:\/\/www.ovidiudragosargesanu.ro\/en\/wp-json\/wp\/v2\/product\/26437\/revisions\/26438"}],"wp:featuredmedia":[{"embeddable":true,"href":"https:\/\/www.ovidiudragosargesanu.ro\/en\/wp-json\/wp\/v2\/media\/25141"}],"wp:attachment":[{"href":"https:\/\/www.ovidiudragosargesanu.ro\/en\/wp-json\/wp\/v2\/media?parent=26437"}],"wp:term":[{"taxonomy":"product_brand","embeddable":true,"href":"https:\/\/www.ovidiudragosargesanu.ro\/en\/wp-json\/wp\/v2\/product_brand?post=26437"},{"taxonomy":"product_cat","embeddable":true,"href":"https:\/\/www.ovidiudragosargesanu.ro\/en\/wp-json\/wp\/v2\/product_cat?post=26437"},{"taxonomy":"product_tag","embeddable":true,"href":"https:\/\/www.ovidiudragosargesanu.ro\/en\/wp-json\/wp\/v2\/product_tag?post=26437"}],"curies":[{"name":"wp","href":"https:\/\/api.w.org\/{rel}","templated":true}]}}