{"id":26439,"date":"2024-11-16T15:17:44","date_gmt":"2024-11-16T13:17:44","guid":{"rendered":"https:\/\/www.ovidiudragosargesanu.ro\/?post_type=product&#038;p=26439"},"modified":"2025-02-28T21:07:48","modified_gmt":"2025-02-28T19:07:48","slug":"curs-calatoriile-initiatice-dragonii-si-entitatile-locului-sarmizegetusa-acces-online-seniori","status":"publish","type":"product","link":"https:\/\/www.ovidiudragosargesanu.ro\/en\/shop\/seniori\/curs-calatoriile-initiatice-dragonii-si-entitatile-locului-sarmizegetusa-acces-online-seniori\/","title":{"rendered":"Curs: Calatoriile initiatice, dragonii si entitatile locului &#8211; Sarmizegetusa &#8211; acces online (Seniori)"},"content":{"rendered":"<p><span style=\"font-weight: 400;\">Am sus\u021bin cursul ,,C\u0103l\u0103toriile ini\u021biatice, dragonii \u0219i entit\u0103\u021bile locului\u201d la Gr\u0103di\u0219tea de Munte &#8211; Pensiunea Perla Dacilor \u00een apropiere de Sarmizegetusa Regia \u00een data de 12 octombrie 2024.<\/span><\/p>\n<p><span style=\"font-weight: 400;\">\u00cemi doresc s\u0103 v\u0103 transforma\u021bi via\u021ba \u00eentr-o c\u0103l\u0103torie ini\u021biatic\u0103 pe care s\u0103 o tr\u0103i\u021bi con\u0219tient!\u00a0<\/span><\/p>\n<p><span style=\"font-weight: 400;\">\u0218i pentru c\u0103 \u00een orice loc \u00een care ajunge\u021bi ve\u021bi \u00eent\u00e2lni inevitabil entit\u0103\u021bile acelor locuri, \u00eengeri \u015fi demoni, este important s\u0103 fi\u021bi con\u0219tien\u021bi de prezen\u021ba lor, s\u0103 \u00eei recunoa\u0219te\u021bi, s\u0103-i \u00een\u021belege\u021bi, s\u0103 \u00eei ajuta\u021bi \u0219i de ce nu, s\u0103 v\u0103 folosi\u021bi de ajutorul \u0219i poten\u021bialele lor. Astfel pute\u021bi evolua, pute\u021bi cre\u0219te \u00een fiecare zi, cu fiecare drum pe care \u00eel ve\u021bi face.<\/span><\/p>\n<p><span style=\"font-weight: 400;\">Dac\u0103 majoritatea dintre voi ave\u021bi o leg\u0103tur\u0103 str\u00e2ns\u0103 \u0219i iubi\u021bi \u00eengerii,\u00a0 prea pu\u021bini v\u0103 ocupa\u021bi de dragoni. \u0218i asta pentru c\u0103 \u00eenc\u0103 nu a\u021bi \u00een\u021beles importan\u021ba lor \u00een evolu\u021bia noastr\u0103 spiritual\u0103, pentru c\u0103 nu sunte\u0163i con\u0219tien\u021bi de imensul poten\u021bial de cre\u0219tere al puterii personale \u0219i a poten\u021bialelor noastre prin intermediul dragonilor.\u00a0<\/span><\/p>\n<p><span style=\"font-weight: 400;\">De ce? Pentru c\u0103 exist\u0103 teama de entit\u0103\u021bilor de \u00eentuneric, de entit\u0103\u021bile c\u0103zute. \u00cens\u0103 este o team\u0103 dat\u0103 doar de necunoa\u0219tere, de ignoran\u021b\u0103 pentru c\u0103 \u00een realitate \u0219i dragonii sunt spirite aflate pe calea evolu\u021biei lor spirituale, iar dac\u0103 prin cunoa\u0219tere putem fi un pion \u00een evolu\u021bia lor, dac\u0103 un singur demon se \u00eentoarce la Dumnezeu cu ajutorul nostru, putem spune c\u0103 nu am venit degeaba la \u00eentrupare, plus c\u0103 asta ne va aduce \u0219i aur spiritual.<\/span><\/p>\n<p><span style=\"font-weight: 400;\">Ajut\u00e2ndu-i, dragonii ne vor ajuta la r\u00e2ndul lor: ne vor da putere, for\u021b\u0103 fizic\u0103, talente noi sau le vor amplifica pe cele existente, \u00een\u021belepciune, bani prin deblocarea \u0219i amplificarea drepturilor divine, vitalitate. Ne vor deschide drumuri de care singuri poate nici nu eram con\u0219tien\u021bi.<\/span><\/p>\n<p><span style=\"font-weight: 400;\">\u00cemi propun ca prin acest curs despre dragoni, \u00een contextul c\u0103l\u0103toriilor ini\u021biatice,\u00a0 dar nu numai, s\u0103 facem trecerea de la mitologie la ce putem face practic.<\/span><\/p>\n<p><b>Ce vei \u00eenv\u0103\u021ba?<\/b><\/p>\n<ul>\n<li style=\"font-weight: 400;\" aria-level=\"1\"><span style=\"font-weight: 400;\">ce sunt dragonii, cum au ap\u0103rut, care e rostul lor \u00een lumea noastr\u0103, ce tipuri de dragoni sunt, unde \u00eei \u00eent\u00e2lnim, cum ne influen\u021beaz\u0103, cum \u00eei recunoa\u0219tem;<\/span><\/li>\n<li style=\"font-weight: 400;\" aria-level=\"1\"><span style=\"font-weight: 400;\">c\u00e2nd e nevoie s\u0103 \u00eei ajut\u0103m \u015fi c\u00e2nd \u0219i dac\u0103 trebuie s\u0103 \u00eei \u00eenvingem;<\/span><\/li>\n<li style=\"font-weight: 400;\" aria-level=\"1\"><span style=\"font-weight: 400;\">cum lucr\u0103m cu ei, cum \u00eei putem cre\u015fte, \u00eembuna, educa, cum ne putem folosi de poten\u021bialele lor;<\/span><\/li>\n<li style=\"font-weight: 400;\" aria-level=\"1\"><span style=\"font-weight: 400;\">cum ne putem cre\u015fte cu ajutorul lor puterea interioar\u0103, energia vital\u0103, energia sexual\u0103, feminitatea\/masculinitatea, dreptul \u00een bani, talentele, inteligen\u021ba \u015fi \u00een\u021belepciunea;<\/span><\/li>\n<li style=\"font-weight: 400;\" aria-level=\"1\"><span style=\"font-weight: 400;\">\u00a0despre diferitele poten\u021biale ale dragonilor (de vindecare, de lupt\u0103, de bani, de sport, de \u00een\u021belepciune) \u015fi cum ne putem folosi de ele;<\/span><\/li>\n<li style=\"font-weight: 400;\" aria-level=\"1\"><span style=\"font-weight: 400;\">\u00a0cum putem s\u0103 ne \u00eembun\u0103t\u0103\u021bim prin intermediul dragonilor practic fiecare aspect important al vie\u021bii noastre (s\u0103n\u0103tate,\u00a0 iubire, bani, carier\u0103, distrac\u021bii), urc\u00e2nd pe calea evolu\u021biei noastre spirituale.<\/span><\/li>\n<\/ul>\n<p>&nbsp;<\/p>\n","protected":false},"excerpt":{"rendered":"<p><span style=\"font-weight: 400;\">ACCES NELIMITAT!<\/span><\/p>\n<p><span style=\"font-weight: 400;\">Te invit s\u0103 vizionezi cursul meu ,,C\u0103l\u0103toriile ini\u021biatice, dragonii \u0219i entit\u0103\u021bile locului\u201d pe care l-am sus\u021binut la Gr\u0103di\u0219tea de Munte &#8211; Pensiunea Perla Dacilor \u00een apropiere de Sarmizegetusa Regia \u00een data de 12 octombrie 2024.<\/span><\/p>\n<p>&nbsp;<\/p>\n","protected":false},"featured_media":22905,"template":"","meta":{"inline_featured_image":false},"product_brand":[],"product_cat":[795],"product_tag":[],"class_list":{"0":"post-26439","1":"product","2":"type-product","3":"status-publish","4":"has-post-thumbnail","6":"product_cat-seniori","8":"first","9":"instock","10":"sale","11":"virtual","12":"sold-individually","13":"taxable","14":"purchasable","15":"product-type-simple"},"yoast_head":"<!-- This site is optimized with the Yoast SEO plugin v26.9 - https:\/\/yoast.com\/product\/yoast-seo-wordpress\/ -->\n<title>Curs: Calatoriile initiatice, dragonii si entitatile locului - Sarmizegetusa - acces online (Seniori) - Ovidiu Drago\u0219 Arge\u0219anu<\/title>\n<meta name=\"description\" content=\"Sus\u021bin cursul ,,C\u0103l\u0103toriile ini\u021biatice, dragonii \u0219i entit\u0103\u021bile locului\u201d la Gr\u0103di\u0219tea de Munte - Pensiunea Perla Dacilor, \u00een apropiere de Sarmizegetusa\" \/>\n<meta name=\"robots\" content=\"noindex, follow, max-snippet:-1, max-image-preview:large, max-video-preview:-1\" \/>\n<meta property=\"og:locale\" content=\"en_US\" \/>\n<meta property=\"og:type\" content=\"article\" \/>\n<meta property=\"og:title\" content=\"Curs: Calatoriile initiatice, dragonii si entitatile locului - Sarmizegetusa - acces online (Seniori) - Ovidiu Drago\u0219 Arge\u0219anu\" \/>\n<meta property=\"og:description\" content=\"Sus\u021bin cursul ,,C\u0103l\u0103toriile ini\u021biatice, dragonii \u0219i entit\u0103\u021bile locului\u201d la Gr\u0103di\u0219tea de Munte - Pensiunea Perla Dacilor, \u00een apropiere de Sarmizegetusa\" \/>\n<meta property=\"og:url\" content=\"https:\/\/www.ovidiudragosargesanu.ro\/en\/shop\/seniori\/curs-calatoriile-initiatice-dragonii-si-entitatile-locului-sarmizegetusa-acces-online-seniori\/\" \/>\n<meta property=\"og:site_name\" content=\"Ovidiu Drago\u0219 Arge\u0219anu\" \/>\n<meta property=\"article:modified_time\" content=\"2025-02-28T19:07:48+00:00\" \/>\n<meta property=\"og:image\" content=\"https:\/\/www.ovidiudragosargesanu.ro\/en\/wp-content\/uploads\/2024\/09\/Curs-Calatoriile-initiatie-dragonii-si-entitatile-locului-Sarmizegetusa.jpg\" \/>\n\t<meta property=\"og:image:width\" content=\"600\" \/>\n\t<meta property=\"og:image:height\" content=\"800\" \/>\n\t<meta property=\"og:image:type\" content=\"image\/jpeg\" \/>\n<meta name=\"twitter:card\" content=\"summary_large_image\" \/>\n<meta name=\"twitter:label1\" content=\"Est. reading time\" \/>\n\t<meta name=\"twitter:data1\" content=\"3 minutes\" \/>\n<script type=\"application\/ld+json\" class=\"yoast-schema-graph\">{\"@context\":\"https:\/\/schema.org\",\"@graph\":[{\"@type\":\"WebPage\",\"@id\":\"https:\/\/www.ovidiudragosargesanu.ro\/en\/shop\/seniori\/curs-calatoriile-initiatice-dragonii-si-entitatile-locului-sarmizegetusa-acces-online-seniori\/\",\"url\":\"https:\/\/www.ovidiudragosargesanu.ro\/en\/shop\/seniori\/curs-calatoriile-initiatice-dragonii-si-entitatile-locului-sarmizegetusa-acces-online-seniori\/\",\"name\":\"Curs: Calatoriile initiatice, dragonii si entitatile locului - Sarmizegetusa - acces online (Seniori) - Ovidiu Drago\u0219 Arge\u0219anu\",\"isPartOf\":{\"@id\":\"https:\/\/www.ovidiudragosargesanu.ro\/en\/#website\"},\"primaryImageOfPage\":{\"@id\":\"https:\/\/www.ovidiudragosargesanu.ro\/en\/shop\/seniori\/curs-calatoriile-initiatice-dragonii-si-entitatile-locului-sarmizegetusa-acces-online-seniori\/#primaryimage\"},\"image\":{\"@id\":\"https:\/\/www.ovidiudragosargesanu.ro\/en\/shop\/seniori\/curs-calatoriile-initiatice-dragonii-si-entitatile-locului-sarmizegetusa-acces-online-seniori\/#primaryimage\"},\"thumbnailUrl\":\"https:\/\/www.ovidiudragosargesanu.ro\/en\/wp-content\/uploads\/2024\/09\/Curs-Calatoriile-initiatie-dragonii-si-entitatile-locului-Sarmizegetusa.jpg\",\"datePublished\":\"2024-11-16T13:17:44+00:00\",\"dateModified\":\"2025-02-28T19:07:48+00:00\",\"description\":\"Sus\u021bin cursul ,,C\u0103l\u0103toriile ini\u021biatice, dragonii \u0219i entit\u0103\u021bile locului\u201d la Gr\u0103di\u0219tea de Munte - Pensiunea Perla Dacilor, \u00een apropiere de Sarmizegetusa\",\"breadcrumb\":{\"@id\":\"https:\/\/www.ovidiudragosargesanu.ro\/en\/shop\/seniori\/curs-calatoriile-initiatice-dragonii-si-entitatile-locului-sarmizegetusa-acces-online-seniori\/#breadcrumb\"},\"inLanguage\":\"en-US\",\"potentialAction\":[{\"@type\":\"ReadAction\",\"target\":[\"https:\/\/www.ovidiudragosargesanu.ro\/en\/shop\/seniori\/curs-calatoriile-initiatice-dragonii-si-entitatile-locului-sarmizegetusa-acces-online-seniori\/\"]}]},{\"@type\":\"ImageObject\",\"inLanguage\":\"en-US\",\"@id\":\"https:\/\/www.ovidiudragosargesanu.ro\/en\/shop\/seniori\/curs-calatoriile-initiatice-dragonii-si-entitatile-locului-sarmizegetusa-acces-online-seniori\/#primaryimage\",\"url\":\"https:\/\/www.ovidiudragosargesanu.ro\/en\/wp-content\/uploads\/2024\/09\/Curs-Calatoriile-initiatie-dragonii-si-entitatile-locului-Sarmizegetusa.jpg\",\"contentUrl\":\"https:\/\/www.ovidiudragosargesanu.ro\/en\/wp-content\/uploads\/2024\/09\/Curs-Calatoriile-initiatie-dragonii-si-entitatile-locului-Sarmizegetusa.jpg\",\"width\":600,\"height\":800},{\"@type\":\"BreadcrumbList\",\"@id\":\"https:\/\/www.ovidiudragosargesanu.ro\/en\/shop\/seniori\/curs-calatoriile-initiatice-dragonii-si-entitatile-locului-sarmizegetusa-acces-online-seniori\/#breadcrumb\",\"itemListElement\":[{\"@type\":\"ListItem\",\"position\":1,\"name\":\"Prima pagin\u0103\",\"item\":\"https:\/\/www.ovidiudragosargesanu.ro\/en\/\"},{\"@type\":\"ListItem\",\"position\":2,\"name\":\"Shop\",\"item\":\"https:\/\/www.ovidiudragosargesanu.ro\/en\/shop\/\"},{\"@type\":\"ListItem\",\"position\":3,\"name\":\"Curs: Calatoriile initiatice, dragonii si entitatile locului &#8211; Sarmizegetusa &#8211; acces online (Seniori)\"}]},{\"@type\":\"WebSite\",\"@id\":\"https:\/\/www.ovidiudragosargesanu.ro\/en\/#website\",\"url\":\"https:\/\/www.ovidiudragosargesanu.ro\/en\/\",\"name\":\"Ovidiu Drago\u0219 Arge\u0219anu\",\"description\":\"\",\"publisher\":{\"@id\":\"https:\/\/www.ovidiudragosargesanu.ro\/en\/#organization\"},\"potentialAction\":[{\"@type\":\"SearchAction\",\"target\":{\"@type\":\"EntryPoint\",\"urlTemplate\":\"https:\/\/www.ovidiudragosargesanu.ro\/en\/?s={search_term_string}\"},\"query-input\":{\"@type\":\"PropertyValueSpecification\",\"valueRequired\":true,\"valueName\":\"search_term_string\"}}],\"inLanguage\":\"en-US\"},{\"@type\":\"Organization\",\"@id\":\"https:\/\/www.ovidiudragosargesanu.ro\/en\/#organization\",\"name\":\"Ovidiu Drago\u0219 Arge\u0219anu\",\"url\":\"https:\/\/www.ovidiudragosargesanu.ro\/en\/\",\"logo\":{\"@type\":\"ImageObject\",\"inLanguage\":\"en-US\",\"@id\":\"https:\/\/www.ovidiudragosargesanu.ro\/en\/#\/schema\/logo\/image\/\",\"url\":\"https:\/\/www.ovidiudragosargesanu.ro\/en\/wp-content\/uploads\/2018\/03\/dragos-logo-lotus-black-400.svg\",\"contentUrl\":\"https:\/\/www.ovidiudragosargesanu.ro\/en\/wp-content\/uploads\/2018\/03\/dragos-logo-lotus-black-400.svg\",\"width\":300,\"height\":150,\"caption\":\"Ovidiu Drago\u0219 Arge\u0219anu\"},\"image\":{\"@id\":\"https:\/\/www.ovidiudragosargesanu.ro\/en\/#\/schema\/logo\/image\/\"}}]}<\/script>\n<!-- \/ Yoast SEO plugin. -->","yoast_head_json":{"title":"Curs: Calatoriile initiatice, dragonii si entitatile locului - Sarmizegetusa - acces online (Seniori) - Ovidiu Drago\u0219 Arge\u0219anu","description":"Sus\u021bin cursul ,,C\u0103l\u0103toriile ini\u021biatice, dragonii \u0219i entit\u0103\u021bile locului\u201d la Gr\u0103di\u0219tea de Munte - Pensiunea Perla Dacilor, \u00een apropiere de Sarmizegetusa","robots":{"index":"noindex","follow":"follow","max-snippet":"max-snippet:-1","max-image-preview":"max-image-preview:large","max-video-preview":"max-video-preview:-1"},"og_locale":"en_US","og_type":"article","og_title":"Curs: Calatoriile initiatice, dragonii si entitatile locului - Sarmizegetusa - acces online (Seniori) - Ovidiu Drago\u0219 Arge\u0219anu","og_description":"Sus\u021bin cursul ,,C\u0103l\u0103toriile ini\u021biatice, dragonii \u0219i entit\u0103\u021bile locului\u201d la Gr\u0103di\u0219tea de Munte - Pensiunea Perla Dacilor, \u00een apropiere de Sarmizegetusa","og_url":"https:\/\/www.ovidiudragosargesanu.ro\/en\/shop\/seniori\/curs-calatoriile-initiatice-dragonii-si-entitatile-locului-sarmizegetusa-acces-online-seniori\/","og_site_name":"Ovidiu Drago\u0219 Arge\u0219anu","article_modified_time":"2025-02-28T19:07:48+00:00","og_image":[{"width":600,"height":800,"url":"https:\/\/www.ovidiudragosargesanu.ro\/en\/wp-content\/uploads\/2024\/09\/Curs-Calatoriile-initiatie-dragonii-si-entitatile-locului-Sarmizegetusa.jpg","type":"image\/jpeg"}],"twitter_card":"summary_large_image","twitter_misc":{"Est. reading time":"3 minutes"},"schema":{"@context":"https:\/\/schema.org","@graph":[{"@type":"WebPage","@id":"https:\/\/www.ovidiudragosargesanu.ro\/en\/shop\/seniori\/curs-calatoriile-initiatice-dragonii-si-entitatile-locului-sarmizegetusa-acces-online-seniori\/","url":"https:\/\/www.ovidiudragosargesanu.ro\/en\/shop\/seniori\/curs-calatoriile-initiatice-dragonii-si-entitatile-locului-sarmizegetusa-acces-online-seniori\/","name":"Curs: Calatoriile initiatice, dragonii si entitatile locului - Sarmizegetusa - acces online (Seniori) - Ovidiu Drago\u0219 Arge\u0219anu","isPartOf":{"@id":"https:\/\/www.ovidiudragosargesanu.ro\/en\/#website"},"primaryImageOfPage":{"@id":"https:\/\/www.ovidiudragosargesanu.ro\/en\/shop\/seniori\/curs-calatoriile-initiatice-dragonii-si-entitatile-locului-sarmizegetusa-acces-online-seniori\/#primaryimage"},"image":{"@id":"https:\/\/www.ovidiudragosargesanu.ro\/en\/shop\/seniori\/curs-calatoriile-initiatice-dragonii-si-entitatile-locului-sarmizegetusa-acces-online-seniori\/#primaryimage"},"thumbnailUrl":"https:\/\/www.ovidiudragosargesanu.ro\/en\/wp-content\/uploads\/2024\/09\/Curs-Calatoriile-initiatie-dragonii-si-entitatile-locului-Sarmizegetusa.jpg","datePublished":"2024-11-16T13:17:44+00:00","dateModified":"2025-02-28T19:07:48+00:00","description":"Sus\u021bin cursul ,,C\u0103l\u0103toriile ini\u021biatice, dragonii \u0219i entit\u0103\u021bile locului\u201d la Gr\u0103di\u0219tea de Munte - Pensiunea Perla Dacilor, \u00een apropiere de Sarmizegetusa","breadcrumb":{"@id":"https:\/\/www.ovidiudragosargesanu.ro\/en\/shop\/seniori\/curs-calatoriile-initiatice-dragonii-si-entitatile-locului-sarmizegetusa-acces-online-seniori\/#breadcrumb"},"inLanguage":"en-US","potentialAction":[{"@type":"ReadAction","target":["https:\/\/www.ovidiudragosargesanu.ro\/en\/shop\/seniori\/curs-calatoriile-initiatice-dragonii-si-entitatile-locului-sarmizegetusa-acces-online-seniori\/"]}]},{"@type":"ImageObject","inLanguage":"en-US","@id":"https:\/\/www.ovidiudragosargesanu.ro\/en\/shop\/seniori\/curs-calatoriile-initiatice-dragonii-si-entitatile-locului-sarmizegetusa-acces-online-seniori\/#primaryimage","url":"https:\/\/www.ovidiudragosargesanu.ro\/en\/wp-content\/uploads\/2024\/09\/Curs-Calatoriile-initiatie-dragonii-si-entitatile-locului-Sarmizegetusa.jpg","contentUrl":"https:\/\/www.ovidiudragosargesanu.ro\/en\/wp-content\/uploads\/2024\/09\/Curs-Calatoriile-initiatie-dragonii-si-entitatile-locului-Sarmizegetusa.jpg","width":600,"height":800},{"@type":"BreadcrumbList","@id":"https:\/\/www.ovidiudragosargesanu.ro\/en\/shop\/seniori\/curs-calatoriile-initiatice-dragonii-si-entitatile-locului-sarmizegetusa-acces-online-seniori\/#breadcrumb","itemListElement":[{"@type":"ListItem","position":1,"name":"Prima pagin\u0103","item":"https:\/\/www.ovidiudragosargesanu.ro\/en\/"},{"@type":"ListItem","position":2,"name":"Shop","item":"https:\/\/www.ovidiudragosargesanu.ro\/en\/shop\/"},{"@type":"ListItem","position":3,"name":"Curs: Calatoriile initiatice, dragonii si entitatile locului &#8211; Sarmizegetusa &#8211; acces online (Seniori)"}]},{"@type":"WebSite","@id":"https:\/\/www.ovidiudragosargesanu.ro\/en\/#website","url":"https:\/\/www.ovidiudragosargesanu.ro\/en\/","name":"Ovidiu Drago\u0219 Arge\u0219anu","description":"","publisher":{"@id":"https:\/\/www.ovidiudragosargesanu.ro\/en\/#organization"},"potentialAction":[{"@type":"SearchAction","target":{"@type":"EntryPoint","urlTemplate":"https:\/\/www.ovidiudragosargesanu.ro\/en\/?s={search_term_string}"},"query-input":{"@type":"PropertyValueSpecification","valueRequired":true,"valueName":"search_term_string"}}],"inLanguage":"en-US"},{"@type":"Organization","@id":"https:\/\/www.ovidiudragosargesanu.ro\/en\/#organization","name":"Ovidiu Drago\u0219 Arge\u0219anu","url":"https:\/\/www.ovidiudragosargesanu.ro\/en\/","logo":{"@type":"ImageObject","inLanguage":"en-US","@id":"https:\/\/www.ovidiudragosargesanu.ro\/en\/#\/schema\/logo\/image\/","url":"https:\/\/www.ovidiudragosargesanu.ro\/en\/wp-content\/uploads\/2018\/03\/dragos-logo-lotus-black-400.svg","contentUrl":"https:\/\/www.ovidiudragosargesanu.ro\/en\/wp-content\/uploads\/2018\/03\/dragos-logo-lotus-black-400.svg","width":300,"height":150,"caption":"Ovidiu Drago\u0219 Arge\u0219anu"},"image":{"@id":"https:\/\/www.ovidiudragosargesanu.ro\/en\/#\/schema\/logo\/image\/"}}]}},"_links":{"self":[{"href":"https:\/\/www.ovidiudragosargesanu.ro\/en\/wp-json\/wp\/v2\/product\/26439","targetHints":{"allow":["GET"]}}],"collection":[{"href":"https:\/\/www.ovidiudragosargesanu.ro\/en\/wp-json\/wp\/v2\/product"}],"about":[{"href":"https:\/\/www.ovidiudragosargesanu.ro\/en\/wp-json\/wp\/v2\/types\/product"}],"version-history":[{"count":1,"href":"https:\/\/www.ovidiudragosargesanu.ro\/en\/wp-json\/wp\/v2\/product\/26439\/revisions"}],"predecessor-version":[{"id":26440,"href":"https:\/\/www.ovidiudragosargesanu.ro\/en\/wp-json\/wp\/v2\/product\/26439\/revisions\/26440"}],"wp:featuredmedia":[{"embeddable":true,"href":"https:\/\/www.ovidiudragosargesanu.ro\/en\/wp-json\/wp\/v2\/media\/22905"}],"wp:attachment":[{"href":"https:\/\/www.ovidiudragosargesanu.ro\/en\/wp-json\/wp\/v2\/media?parent=26439"}],"wp:term":[{"taxonomy":"product_brand","embeddable":true,"href":"https:\/\/www.ovidiudragosargesanu.ro\/en\/wp-json\/wp\/v2\/product_brand?post=26439"},{"taxonomy":"product_cat","embeddable":true,"href":"https:\/\/www.ovidiudragosargesanu.ro\/en\/wp-json\/wp\/v2\/product_cat?post=26439"},{"taxonomy":"product_tag","embeddable":true,"href":"https:\/\/www.ovidiudragosargesanu.ro\/en\/wp-json\/wp\/v2\/product_tag?post=26439"}],"curies":[{"name":"wp","href":"https:\/\/api.w.org\/{rel}","templated":true}]}}