{"id":26447,"date":"2024-11-16T15:40:20","date_gmt":"2024-11-16T13:40:20","guid":{"rendered":"https:\/\/www.ovidiudragosargesanu.ro\/?post_type=product&#038;p=26447"},"modified":"2025-02-28T21:05:09","modified_gmt":"2025-02-28T19:05:09","slug":"curs-shamballa-arad-acces-online-seniori","status":"publish","type":"product","link":"https:\/\/www.ovidiudragosargesanu.ro\/en\/shop\/seniori\/curs-shamballa-arad-acces-online-seniori\/","title":{"rendered":"Curs: Shamballa &#8211; Arad &#8211; acces online (Seniori)"},"content":{"rendered":"<p><span style=\"font-weight: 400;\">\u00cen cadrul cursului meu ,, Shamballa\u201d din Arad, 18 septembrie, te voi ghida printr-un sistem de vindecare energetic\u0103 \u0219i spiritual\u0103 care \u00ee\u0219i are r\u0103d\u0103cinile \u00een tradi\u021biile str\u0103vechi \u0219i \u00een \u00eenv\u0103\u021b\u0103turile mistice din Orient.\u00a0<\/span><\/p>\n<p><span style=\"font-weight: 400;\">Numele &#8220;Shamballa&#8221; provine dintr-un loc mitic, men\u021bionat \u00een diverse tradi\u021bii spirituale, descris ca un t\u0103r\u00e2m sacru al luminii \u0219i al \u00een\u021belepciunii. Shamballa este un loc de o puritate \u0219i pace supreme, unde se spune c\u0103 locuiesc fiin\u021be \u00eenalte spiritual, cunoscute \u0219i sub numele de Mae\u0219tri Ascensiona\u021bi.<\/span><\/p>\n<p><span style=\"font-weight: 400;\">Acest sistem lucreaz\u0103 cu un mix de mai multe tipuri de energii, printre care se reg\u0103sesc:<\/span><\/p>\n<ol>\n<li><span style=\"font-weight: 400;\"> For\u0163a Universal\u0103 a vie\u0163ii (recunoscut\u0103 adesea sub numele de Reiki);<\/span><\/li>\n<li><span style=\"font-weight: 400;\"> Energia Mahatma, a spiritului liber;<\/span><\/li>\n<li><span style=\"font-weight: 400;\"> Energia Mae\u015ftrilor Ascenden\u0163i;<\/span><\/li>\n<li><span style=\"font-weight: 400;\"> Energia Con\u015ftiintei Hristice;<\/span><\/li>\n<li><span style=\"font-weight: 400;\"> Energia Arhanghelului Mihail;<\/span><\/li>\n<li><span style=\"font-weight: 400;\"> Energia argintiu-violet\u0103 a lui Saint Germain;<\/span><\/li>\n<li><span style=\"font-weight: 400;\"> Energia dat\u0103 de Merkaba;<\/span><\/li>\n<li><span style=\"font-weight: 400;\"> Energia dat\u0103 de tehnicile sacre Merkaba;<\/span><\/li>\n<li><span style=\"font-weight: 400;\"> Energia dat\u0103 de cele 352 de simboluri folosite \u00een acest sistem.<\/span><\/li>\n<\/ol>\n<p><span style=\"font-weight: 400;\">Vindecarea Multidimensional\u0103 Shamballa este un sistem Complet de vindecare, at\u00e2t pentru c\u0103 beneficiaz\u0103 de o extindere a energiilor Reiki, c\u00e2t \u015fi prin faptul c\u0103 suma energiilor ei lucreaz\u0103 pe mai multe niveluri. Ac\u0163iunea energiilor Shamballa se manifest\u0103 nu numai la nivel mental, emo\u0163ional \u015fi spiritual, ci \u015fi la cele mai profunde paliere ale memoriei celulare ale ADN-ului \u015fi ale celor mai \u00eenalte vibra\u0163ii ale corpului energetic.<\/span><\/p>\n<p><span style=\"font-weight: 400;\">Lucrul cu Shamballa este de natur\u0103 spiritual\u0103, dar poate fi folosit de oricine, pe orice cale spiritual\u0103. Necesit\u0103 doar credin\u0163a conect\u0103rii cu spiritul, iubire \u015fi vindecare prin inten\u0163ie \u015fi energie.<\/span><\/p>\n<p><b>De ce s\u0103 \u00eenve\u021bi despre sistemul Shamballa?<\/b><\/p>\n<p><span style=\"font-weight: 400;\">Sistemul Shamballa nu este doar despre vindecare, ci \u0219i despre descoperirea unei noi perspective asupra vie\u021bii \u0219i a universului. Este un pas important pe calea evolu\u021biei tale spirituale \u0219i un instrument puternic pentru a aduce schimb\u0103ri pozitive \u00een via\u021ba voastr\u0103.\u00a0<\/span><\/p>\n<p>&nbsp;<\/p>\n<p>&nbsp;<\/p>\n","protected":false},"excerpt":{"rendered":"<p><span style=\"font-weight: 400;\">Po\u021bi viziona cursul meu ,, Shamballa\u201d pe care l-am sus\u021binut \u00een Arad pe 18 septembrie.<\/span><\/p>\n<p>&nbsp;<\/p>\n","protected":false},"featured_media":23064,"template":"","meta":{"inline_featured_image":false},"product_brand":[],"product_cat":[795],"product_tag":[],"class_list":{"0":"post-26447","1":"product","2":"type-product","3":"status-publish","4":"has-post-thumbnail","6":"product_cat-seniori","8":"first","9":"instock","10":"sale","11":"virtual","12":"sold-individually","13":"taxable","14":"purchasable","15":"product-type-simple"},"yoast_head":"<!-- This site is optimized with the Yoast SEO plugin v26.9 - https:\/\/yoast.com\/product\/yoast-seo-wordpress\/ -->\n<title>Curs: Shamballa - Arad - acces online (Seniori) - Ovidiu Drago\u0219 Arge\u0219anu<\/title>\n<meta name=\"description\" content=\"\u00cen cadrul cursului meu ,, Shamballa\u201d din Arad, 18 septembrie, te voi ghida printr-un sistem de vindecare energetic\u0103 \u0219i spiritual\u0103 care \u00ee\u0219i are\" \/>\n<meta name=\"robots\" content=\"noindex, follow, max-snippet:-1, max-image-preview:large, max-video-preview:-1\" \/>\n<meta property=\"og:locale\" content=\"en_US\" \/>\n<meta property=\"og:type\" content=\"article\" \/>\n<meta property=\"og:title\" content=\"Curs: Shamballa - Arad - acces online (Seniori) - Ovidiu Drago\u0219 Arge\u0219anu\" \/>\n<meta property=\"og:description\" content=\"\u00cen cadrul cursului meu ,, Shamballa\u201d din Arad, 18 septembrie, te voi ghida printr-un sistem de vindecare energetic\u0103 \u0219i spiritual\u0103 care \u00ee\u0219i are\" \/>\n<meta property=\"og:url\" content=\"https:\/\/www.ovidiudragosargesanu.ro\/en\/shop\/seniori\/curs-shamballa-arad-acces-online-seniori\/\" \/>\n<meta property=\"og:site_name\" content=\"Ovidiu Drago\u0219 Arge\u0219anu\" \/>\n<meta property=\"article:modified_time\" content=\"2025-02-28T19:05:09+00:00\" \/>\n<meta property=\"og:image\" content=\"https:\/\/www.ovidiudragosargesanu.ro\/en\/wp-content\/uploads\/2024\/08\/Curs-Shamballa-Arad-600-800.png\" \/>\n\t<meta property=\"og:image:width\" content=\"600\" \/>\n\t<meta property=\"og:image:height\" content=\"800\" \/>\n\t<meta property=\"og:image:type\" content=\"image\/png\" \/>\n<meta name=\"twitter:card\" content=\"summary_large_image\" \/>\n<meta name=\"twitter:label1\" content=\"Est. reading time\" \/>\n\t<meta name=\"twitter:data1\" content=\"2 minutes\" \/>\n<script type=\"application\/ld+json\" class=\"yoast-schema-graph\">{\"@context\":\"https:\/\/schema.org\",\"@graph\":[{\"@type\":\"WebPage\",\"@id\":\"https:\/\/www.ovidiudragosargesanu.ro\/en\/shop\/seniori\/curs-shamballa-arad-acces-online-seniori\/\",\"url\":\"https:\/\/www.ovidiudragosargesanu.ro\/en\/shop\/seniori\/curs-shamballa-arad-acces-online-seniori\/\",\"name\":\"Curs: Shamballa - Arad - acces online (Seniori) - Ovidiu Drago\u0219 Arge\u0219anu\",\"isPartOf\":{\"@id\":\"https:\/\/www.ovidiudragosargesanu.ro\/en\/#website\"},\"primaryImageOfPage\":{\"@id\":\"https:\/\/www.ovidiudragosargesanu.ro\/en\/shop\/seniori\/curs-shamballa-arad-acces-online-seniori\/#primaryimage\"},\"image\":{\"@id\":\"https:\/\/www.ovidiudragosargesanu.ro\/en\/shop\/seniori\/curs-shamballa-arad-acces-online-seniori\/#primaryimage\"},\"thumbnailUrl\":\"https:\/\/www.ovidiudragosargesanu.ro\/en\/wp-content\/uploads\/2024\/08\/Curs-Shamballa-Arad-600-800.png\",\"datePublished\":\"2024-11-16T13:40:20+00:00\",\"dateModified\":\"2025-02-28T19:05:09+00:00\",\"description\":\"\u00cen cadrul cursului meu ,, Shamballa\u201d din Arad, 18 septembrie, te voi ghida printr-un sistem de vindecare energetic\u0103 \u0219i spiritual\u0103 care \u00ee\u0219i are\",\"breadcrumb\":{\"@id\":\"https:\/\/www.ovidiudragosargesanu.ro\/en\/shop\/seniori\/curs-shamballa-arad-acces-online-seniori\/#breadcrumb\"},\"inLanguage\":\"en-US\",\"potentialAction\":[{\"@type\":\"ReadAction\",\"target\":[\"https:\/\/www.ovidiudragosargesanu.ro\/en\/shop\/seniori\/curs-shamballa-arad-acces-online-seniori\/\"]}]},{\"@type\":\"ImageObject\",\"inLanguage\":\"en-US\",\"@id\":\"https:\/\/www.ovidiudragosargesanu.ro\/en\/shop\/seniori\/curs-shamballa-arad-acces-online-seniori\/#primaryimage\",\"url\":\"https:\/\/www.ovidiudragosargesanu.ro\/en\/wp-content\/uploads\/2024\/08\/Curs-Shamballa-Arad-600-800.png\",\"contentUrl\":\"https:\/\/www.ovidiudragosargesanu.ro\/en\/wp-content\/uploads\/2024\/08\/Curs-Shamballa-Arad-600-800.png\",\"width\":600,\"height\":800},{\"@type\":\"BreadcrumbList\",\"@id\":\"https:\/\/www.ovidiudragosargesanu.ro\/en\/shop\/seniori\/curs-shamballa-arad-acces-online-seniori\/#breadcrumb\",\"itemListElement\":[{\"@type\":\"ListItem\",\"position\":1,\"name\":\"Prima pagin\u0103\",\"item\":\"https:\/\/www.ovidiudragosargesanu.ro\/en\/\"},{\"@type\":\"ListItem\",\"position\":2,\"name\":\"Shop\",\"item\":\"https:\/\/www.ovidiudragosargesanu.ro\/en\/shop\/\"},{\"@type\":\"ListItem\",\"position\":3,\"name\":\"Curs: Shamballa &#8211; Arad &#8211; acces online (Seniori)\"}]},{\"@type\":\"WebSite\",\"@id\":\"https:\/\/www.ovidiudragosargesanu.ro\/en\/#website\",\"url\":\"https:\/\/www.ovidiudragosargesanu.ro\/en\/\",\"name\":\"Ovidiu Drago\u0219 Arge\u0219anu\",\"description\":\"\",\"publisher\":{\"@id\":\"https:\/\/www.ovidiudragosargesanu.ro\/en\/#organization\"},\"potentialAction\":[{\"@type\":\"SearchAction\",\"target\":{\"@type\":\"EntryPoint\",\"urlTemplate\":\"https:\/\/www.ovidiudragosargesanu.ro\/en\/?s={search_term_string}\"},\"query-input\":{\"@type\":\"PropertyValueSpecification\",\"valueRequired\":true,\"valueName\":\"search_term_string\"}}],\"inLanguage\":\"en-US\"},{\"@type\":\"Organization\",\"@id\":\"https:\/\/www.ovidiudragosargesanu.ro\/en\/#organization\",\"name\":\"Ovidiu Drago\u0219 Arge\u0219anu\",\"url\":\"https:\/\/www.ovidiudragosargesanu.ro\/en\/\",\"logo\":{\"@type\":\"ImageObject\",\"inLanguage\":\"en-US\",\"@id\":\"https:\/\/www.ovidiudragosargesanu.ro\/en\/#\/schema\/logo\/image\/\",\"url\":\"https:\/\/www.ovidiudragosargesanu.ro\/en\/wp-content\/uploads\/2018\/03\/dragos-logo-lotus-black-400.svg\",\"contentUrl\":\"https:\/\/www.ovidiudragosargesanu.ro\/en\/wp-content\/uploads\/2018\/03\/dragos-logo-lotus-black-400.svg\",\"width\":300,\"height\":150,\"caption\":\"Ovidiu Drago\u0219 Arge\u0219anu\"},\"image\":{\"@id\":\"https:\/\/www.ovidiudragosargesanu.ro\/en\/#\/schema\/logo\/image\/\"}}]}<\/script>\n<!-- \/ Yoast SEO plugin. -->","yoast_head_json":{"title":"Curs: Shamballa - Arad - acces online (Seniori) - Ovidiu Drago\u0219 Arge\u0219anu","description":"\u00cen cadrul cursului meu ,, Shamballa\u201d din Arad, 18 septembrie, te voi ghida printr-un sistem de vindecare energetic\u0103 \u0219i spiritual\u0103 care \u00ee\u0219i are","robots":{"index":"noindex","follow":"follow","max-snippet":"max-snippet:-1","max-image-preview":"max-image-preview:large","max-video-preview":"max-video-preview:-1"},"og_locale":"en_US","og_type":"article","og_title":"Curs: Shamballa - Arad - acces online (Seniori) - Ovidiu Drago\u0219 Arge\u0219anu","og_description":"\u00cen cadrul cursului meu ,, Shamballa\u201d din Arad, 18 septembrie, te voi ghida printr-un sistem de vindecare energetic\u0103 \u0219i spiritual\u0103 care \u00ee\u0219i are","og_url":"https:\/\/www.ovidiudragosargesanu.ro\/en\/shop\/seniori\/curs-shamballa-arad-acces-online-seniori\/","og_site_name":"Ovidiu Drago\u0219 Arge\u0219anu","article_modified_time":"2025-02-28T19:05:09+00:00","og_image":[{"width":600,"height":800,"url":"https:\/\/www.ovidiudragosargesanu.ro\/en\/wp-content\/uploads\/2024\/08\/Curs-Shamballa-Arad-600-800.png","type":"image\/png"}],"twitter_card":"summary_large_image","twitter_misc":{"Est. reading time":"2 minutes"},"schema":{"@context":"https:\/\/schema.org","@graph":[{"@type":"WebPage","@id":"https:\/\/www.ovidiudragosargesanu.ro\/en\/shop\/seniori\/curs-shamballa-arad-acces-online-seniori\/","url":"https:\/\/www.ovidiudragosargesanu.ro\/en\/shop\/seniori\/curs-shamballa-arad-acces-online-seniori\/","name":"Curs: Shamballa - Arad - acces online (Seniori) - Ovidiu Drago\u0219 Arge\u0219anu","isPartOf":{"@id":"https:\/\/www.ovidiudragosargesanu.ro\/en\/#website"},"primaryImageOfPage":{"@id":"https:\/\/www.ovidiudragosargesanu.ro\/en\/shop\/seniori\/curs-shamballa-arad-acces-online-seniori\/#primaryimage"},"image":{"@id":"https:\/\/www.ovidiudragosargesanu.ro\/en\/shop\/seniori\/curs-shamballa-arad-acces-online-seniori\/#primaryimage"},"thumbnailUrl":"https:\/\/www.ovidiudragosargesanu.ro\/en\/wp-content\/uploads\/2024\/08\/Curs-Shamballa-Arad-600-800.png","datePublished":"2024-11-16T13:40:20+00:00","dateModified":"2025-02-28T19:05:09+00:00","description":"\u00cen cadrul cursului meu ,, Shamballa\u201d din Arad, 18 septembrie, te voi ghida printr-un sistem de vindecare energetic\u0103 \u0219i spiritual\u0103 care \u00ee\u0219i are","breadcrumb":{"@id":"https:\/\/www.ovidiudragosargesanu.ro\/en\/shop\/seniori\/curs-shamballa-arad-acces-online-seniori\/#breadcrumb"},"inLanguage":"en-US","potentialAction":[{"@type":"ReadAction","target":["https:\/\/www.ovidiudragosargesanu.ro\/en\/shop\/seniori\/curs-shamballa-arad-acces-online-seniori\/"]}]},{"@type":"ImageObject","inLanguage":"en-US","@id":"https:\/\/www.ovidiudragosargesanu.ro\/en\/shop\/seniori\/curs-shamballa-arad-acces-online-seniori\/#primaryimage","url":"https:\/\/www.ovidiudragosargesanu.ro\/en\/wp-content\/uploads\/2024\/08\/Curs-Shamballa-Arad-600-800.png","contentUrl":"https:\/\/www.ovidiudragosargesanu.ro\/en\/wp-content\/uploads\/2024\/08\/Curs-Shamballa-Arad-600-800.png","width":600,"height":800},{"@type":"BreadcrumbList","@id":"https:\/\/www.ovidiudragosargesanu.ro\/en\/shop\/seniori\/curs-shamballa-arad-acces-online-seniori\/#breadcrumb","itemListElement":[{"@type":"ListItem","position":1,"name":"Prima pagin\u0103","item":"https:\/\/www.ovidiudragosargesanu.ro\/en\/"},{"@type":"ListItem","position":2,"name":"Shop","item":"https:\/\/www.ovidiudragosargesanu.ro\/en\/shop\/"},{"@type":"ListItem","position":3,"name":"Curs: Shamballa &#8211; Arad &#8211; acces online (Seniori)"}]},{"@type":"WebSite","@id":"https:\/\/www.ovidiudragosargesanu.ro\/en\/#website","url":"https:\/\/www.ovidiudragosargesanu.ro\/en\/","name":"Ovidiu Drago\u0219 Arge\u0219anu","description":"","publisher":{"@id":"https:\/\/www.ovidiudragosargesanu.ro\/en\/#organization"},"potentialAction":[{"@type":"SearchAction","target":{"@type":"EntryPoint","urlTemplate":"https:\/\/www.ovidiudragosargesanu.ro\/en\/?s={search_term_string}"},"query-input":{"@type":"PropertyValueSpecification","valueRequired":true,"valueName":"search_term_string"}}],"inLanguage":"en-US"},{"@type":"Organization","@id":"https:\/\/www.ovidiudragosargesanu.ro\/en\/#organization","name":"Ovidiu Drago\u0219 Arge\u0219anu","url":"https:\/\/www.ovidiudragosargesanu.ro\/en\/","logo":{"@type":"ImageObject","inLanguage":"en-US","@id":"https:\/\/www.ovidiudragosargesanu.ro\/en\/#\/schema\/logo\/image\/","url":"https:\/\/www.ovidiudragosargesanu.ro\/en\/wp-content\/uploads\/2018\/03\/dragos-logo-lotus-black-400.svg","contentUrl":"https:\/\/www.ovidiudragosargesanu.ro\/en\/wp-content\/uploads\/2018\/03\/dragos-logo-lotus-black-400.svg","width":300,"height":150,"caption":"Ovidiu Drago\u0219 Arge\u0219anu"},"image":{"@id":"https:\/\/www.ovidiudragosargesanu.ro\/en\/#\/schema\/logo\/image\/"}}]}},"_links":{"self":[{"href":"https:\/\/www.ovidiudragosargesanu.ro\/en\/wp-json\/wp\/v2\/product\/26447","targetHints":{"allow":["GET"]}}],"collection":[{"href":"https:\/\/www.ovidiudragosargesanu.ro\/en\/wp-json\/wp\/v2\/product"}],"about":[{"href":"https:\/\/www.ovidiudragosargesanu.ro\/en\/wp-json\/wp\/v2\/types\/product"}],"version-history":[{"count":1,"href":"https:\/\/www.ovidiudragosargesanu.ro\/en\/wp-json\/wp\/v2\/product\/26447\/revisions"}],"predecessor-version":[{"id":26448,"href":"https:\/\/www.ovidiudragosargesanu.ro\/en\/wp-json\/wp\/v2\/product\/26447\/revisions\/26448"}],"wp:featuredmedia":[{"embeddable":true,"href":"https:\/\/www.ovidiudragosargesanu.ro\/en\/wp-json\/wp\/v2\/media\/23064"}],"wp:attachment":[{"href":"https:\/\/www.ovidiudragosargesanu.ro\/en\/wp-json\/wp\/v2\/media?parent=26447"}],"wp:term":[{"taxonomy":"product_brand","embeddable":true,"href":"https:\/\/www.ovidiudragosargesanu.ro\/en\/wp-json\/wp\/v2\/product_brand?post=26447"},{"taxonomy":"product_cat","embeddable":true,"href":"https:\/\/www.ovidiudragosargesanu.ro\/en\/wp-json\/wp\/v2\/product_cat?post=26447"},{"taxonomy":"product_tag","embeddable":true,"href":"https:\/\/www.ovidiudragosargesanu.ro\/en\/wp-json\/wp\/v2\/product_tag?post=26447"}],"curies":[{"name":"wp","href":"https:\/\/api.w.org\/{rel}","templated":true}]}}