{"id":26463,"date":"2024-11-16T16:19:37","date_gmt":"2024-11-16T14:19:37","guid":{"rendered":"https:\/\/www.ovidiudragosargesanu.ro\/?post_type=product&#038;p=26463"},"modified":"2025-04-24T10:13:16","modified_gmt":"2025-04-24T07:13:16","slug":"despre-dragoni-intrebari-si-raspunsuri-seniori","status":"publish","type":"product","link":"https:\/\/www.ovidiudragosargesanu.ro\/en\/shop\/seniori\/despre-dragoni-intrebari-si-raspunsuri-seniori\/","title":{"rendered":"Despre dragoni. Intrebari si raspunsuri (Seniori)"},"content":{"rendered":"<p>Materia are o inteligen\u021b\u0103 a ei. Aceast\u0103 inteligen\u021b\u0103 este dat\u0103 de spiritele din care este format\u0103, \u00eengeri \u0219i demoni. \u00cenv\u0103\u021b\u00e2nd despre dragoni, \u00eenv\u0103\u021b\u0103m \u00een realitate despre modul optim \u00een care putem folosi materia \u0219i spiritele ei sau cum putem g\u0103si resursele de care avem nevoie ca societate. Cum ne putem subordona elementele naturii, astfel ca ele s\u0103 nu ne mai fie potrivnice. \u00cenv\u0103\u021b\u0103m, de asemenea, s\u0103 respect\u0103m natura \u0219i fiin\u021bele ei.<\/p>\n<p>\u201eM\u0103 g\u00e2ndeam c\u0103 s-a vorbit at\u00e2ta despre c\u0103derea \u00eengerilor, despre culp\u0103, vin\u0103, p\u0103cat, neascultare, dar nimic despre evolu\u021bia dragonilor, despre \u00een\u021belepciunea lor \u0219i despre transformarea lor \u00een \u00eengeri \u0219i \u00eentoarcerea lor la Dumnezeu.<\/p>\n<p>Despre dragoni \u0219i treptele evolu\u021biei lor, despre cum pot fi ajuta\u021bi, educa\u021bi \u0219i iubi\u021bi pentru a se putea \u00eentoarce la Dumnezeu este vorba \u00een aceast\u0103 carte.<\/p>\n<p>Mare Bucurie se face \u00een Cer \u0219i pe P\u0103m\u00e2nt c\u00e2nd \u0219i un singur spirit se \u00eentoarce la Lumin\u0103!\u201d (Ovidiu Drago\u0219 Arge\u0219anu)<\/p>\n","protected":false},"excerpt":{"rendered":"\n<table id=\"tablepress-74\" class=\"tablepress tablepress-id-74\">\n<tbody class=\"row-striping row-hover\">\n<tr class=\"row-1\">\n\t<td class=\"column-1\">Editura<\/td><td class=\"column-2\"><b>PRO DAO<\/b><\/td>\n<\/tr>\n<tr class=\"row-2\">\n\t<td class=\"column-1\">Autor<\/td><td class=\"column-2\">Ovidiu Drago\u0219 Arge\u0219anu<\/td>\n<\/tr>\n<tr class=\"row-3\">\n\t<td class=\"column-1\">Cod produs - SKU<\/td><td class=\"column-2\">9786069721209<\/td>\n<\/tr>\n<\/tbody>\n<\/table>\n<!-- #tablepress-74 from cache -->\n","protected":false},"featured_media":12386,"template":"","meta":{"inline_featured_image":false},"product_brand":[],"product_cat":[795],"product_tag":[],"class_list":{"0":"post-26463","1":"product","2":"type-product","3":"status-publish","4":"has-post-thumbnail","6":"product_cat-seniori","8":"first","9":"instock","10":"sale","11":"taxable","12":"shipping-taxable","13":"purchasable","14":"product-type-simple"},"yoast_head":"<!-- This site is optimized with the Yoast SEO plugin v26.9 - https:\/\/yoast.com\/product\/yoast-seo-wordpress\/ -->\n<title>Despre dragoni. Intrebari si raspunsuri (Seniori) - Ovidiu Drago\u0219 Arge\u0219anu<\/title>\n<meta name=\"description\" content=\"Materia are o inteligen\u021b\u0103 a ei. Aceast\u0103 inteligen\u021b\u0103 este dat\u0103 de spiritele din care este format\u0103, \u00eengeri \u0219i demoni. \u00cenv\u0103\u021b\u00e2nd despre dragoni, \u00eenv\u0103\u021b\u0103m\" \/>\n<meta name=\"robots\" content=\"noindex, follow, max-snippet:-1, max-image-preview:large, max-video-preview:-1\" \/>\n<meta property=\"og:locale\" content=\"en_US\" \/>\n<meta property=\"og:type\" content=\"article\" \/>\n<meta property=\"og:title\" content=\"Despre dragoni. Intrebari si raspunsuri (Seniori) - Ovidiu Drago\u0219 Arge\u0219anu\" \/>\n<meta property=\"og:description\" content=\"Materia are o inteligen\u021b\u0103 a ei. Aceast\u0103 inteligen\u021b\u0103 este dat\u0103 de spiritele din care este format\u0103, \u00eengeri \u0219i demoni. \u00cenv\u0103\u021b\u00e2nd despre dragoni, \u00eenv\u0103\u021b\u0103m\" \/>\n<meta property=\"og:url\" content=\"https:\/\/www.ovidiudragosargesanu.ro\/en\/shop\/seniori\/despre-dragoni-intrebari-si-raspunsuri-seniori\/\" \/>\n<meta property=\"og:site_name\" content=\"Ovidiu Drago\u0219 Arge\u0219anu\" \/>\n<meta property=\"article:modified_time\" content=\"2025-04-24T07:13:16+00:00\" \/>\n<meta property=\"og:image\" content=\"https:\/\/www.ovidiudragosargesanu.ro\/en\/wp-content\/uploads\/2024\/06\/Despre-dragoni.-Intrebari-si-raspunsuri-coperta.png\" \/>\n\t<meta property=\"og:image:width\" content=\"1000\" \/>\n\t<meta property=\"og:image:height\" content=\"1000\" \/>\n\t<meta property=\"og:image:type\" content=\"image\/png\" \/>\n<meta name=\"twitter:card\" content=\"summary_large_image\" \/>\n<meta name=\"twitter:label1\" content=\"Est. reading time\" \/>\n\t<meta name=\"twitter:data1\" content=\"2 minutes\" \/>\n<script type=\"application\/ld+json\" class=\"yoast-schema-graph\">{\"@context\":\"https:\/\/schema.org\",\"@graph\":[{\"@type\":\"WebPage\",\"@id\":\"https:\/\/www.ovidiudragosargesanu.ro\/en\/shop\/seniori\/despre-dragoni-intrebari-si-raspunsuri-seniori\/\",\"url\":\"https:\/\/www.ovidiudragosargesanu.ro\/en\/shop\/seniori\/despre-dragoni-intrebari-si-raspunsuri-seniori\/\",\"name\":\"Despre dragoni. Intrebari si raspunsuri (Seniori) - Ovidiu Drago\u0219 Arge\u0219anu\",\"isPartOf\":{\"@id\":\"https:\/\/www.ovidiudragosargesanu.ro\/en\/#website\"},\"primaryImageOfPage\":{\"@id\":\"https:\/\/www.ovidiudragosargesanu.ro\/en\/shop\/seniori\/despre-dragoni-intrebari-si-raspunsuri-seniori\/#primaryimage\"},\"image\":{\"@id\":\"https:\/\/www.ovidiudragosargesanu.ro\/en\/shop\/seniori\/despre-dragoni-intrebari-si-raspunsuri-seniori\/#primaryimage\"},\"thumbnailUrl\":\"https:\/\/www.ovidiudragosargesanu.ro\/en\/wp-content\/uploads\/2024\/06\/Despre-dragoni.-Intrebari-si-raspunsuri-coperta.png\",\"datePublished\":\"2024-11-16T14:19:37+00:00\",\"dateModified\":\"2025-04-24T07:13:16+00:00\",\"description\":\"Materia are o inteligen\u021b\u0103 a ei. Aceast\u0103 inteligen\u021b\u0103 este dat\u0103 de spiritele din care este format\u0103, \u00eengeri \u0219i demoni. \u00cenv\u0103\u021b\u00e2nd despre dragoni, \u00eenv\u0103\u021b\u0103m\",\"breadcrumb\":{\"@id\":\"https:\/\/www.ovidiudragosargesanu.ro\/en\/shop\/seniori\/despre-dragoni-intrebari-si-raspunsuri-seniori\/#breadcrumb\"},\"inLanguage\":\"en-US\",\"potentialAction\":[{\"@type\":\"ReadAction\",\"target\":[\"https:\/\/www.ovidiudragosargesanu.ro\/en\/shop\/seniori\/despre-dragoni-intrebari-si-raspunsuri-seniori\/\"]}]},{\"@type\":\"ImageObject\",\"inLanguage\":\"en-US\",\"@id\":\"https:\/\/www.ovidiudragosargesanu.ro\/en\/shop\/seniori\/despre-dragoni-intrebari-si-raspunsuri-seniori\/#primaryimage\",\"url\":\"https:\/\/www.ovidiudragosargesanu.ro\/en\/wp-content\/uploads\/2024\/06\/Despre-dragoni.-Intrebari-si-raspunsuri-coperta.png\",\"contentUrl\":\"https:\/\/www.ovidiudragosargesanu.ro\/en\/wp-content\/uploads\/2024\/06\/Despre-dragoni.-Intrebari-si-raspunsuri-coperta.png\",\"width\":1000,\"height\":1000},{\"@type\":\"BreadcrumbList\",\"@id\":\"https:\/\/www.ovidiudragosargesanu.ro\/en\/shop\/seniori\/despre-dragoni-intrebari-si-raspunsuri-seniori\/#breadcrumb\",\"itemListElement\":[{\"@type\":\"ListItem\",\"position\":1,\"name\":\"Prima pagin\u0103\",\"item\":\"https:\/\/www.ovidiudragosargesanu.ro\/en\/\"},{\"@type\":\"ListItem\",\"position\":2,\"name\":\"Shop\",\"item\":\"https:\/\/www.ovidiudragosargesanu.ro\/en\/shop\/\"},{\"@type\":\"ListItem\",\"position\":3,\"name\":\"Despre dragoni. Intrebari si raspunsuri (Seniori)\"}]},{\"@type\":\"WebSite\",\"@id\":\"https:\/\/www.ovidiudragosargesanu.ro\/en\/#website\",\"url\":\"https:\/\/www.ovidiudragosargesanu.ro\/en\/\",\"name\":\"Ovidiu Drago\u0219 Arge\u0219anu\",\"description\":\"\",\"publisher\":{\"@id\":\"https:\/\/www.ovidiudragosargesanu.ro\/en\/#organization\"},\"potentialAction\":[{\"@type\":\"SearchAction\",\"target\":{\"@type\":\"EntryPoint\",\"urlTemplate\":\"https:\/\/www.ovidiudragosargesanu.ro\/en\/?s={search_term_string}\"},\"query-input\":{\"@type\":\"PropertyValueSpecification\",\"valueRequired\":true,\"valueName\":\"search_term_string\"}}],\"inLanguage\":\"en-US\"},{\"@type\":\"Organization\",\"@id\":\"https:\/\/www.ovidiudragosargesanu.ro\/en\/#organization\",\"name\":\"Ovidiu Drago\u0219 Arge\u0219anu\",\"url\":\"https:\/\/www.ovidiudragosargesanu.ro\/en\/\",\"logo\":{\"@type\":\"ImageObject\",\"inLanguage\":\"en-US\",\"@id\":\"https:\/\/www.ovidiudragosargesanu.ro\/en\/#\/schema\/logo\/image\/\",\"url\":\"https:\/\/www.ovidiudragosargesanu.ro\/en\/wp-content\/uploads\/2018\/03\/dragos-logo-lotus-black-400.svg\",\"contentUrl\":\"https:\/\/www.ovidiudragosargesanu.ro\/en\/wp-content\/uploads\/2018\/03\/dragos-logo-lotus-black-400.svg\",\"width\":300,\"height\":150,\"caption\":\"Ovidiu Drago\u0219 Arge\u0219anu\"},\"image\":{\"@id\":\"https:\/\/www.ovidiudragosargesanu.ro\/en\/#\/schema\/logo\/image\/\"}}]}<\/script>\n<!-- \/ Yoast SEO plugin. -->","yoast_head_json":{"title":"Despre dragoni. Intrebari si raspunsuri (Seniori) - Ovidiu Drago\u0219 Arge\u0219anu","description":"Materia are o inteligen\u021b\u0103 a ei. Aceast\u0103 inteligen\u021b\u0103 este dat\u0103 de spiritele din care este format\u0103, \u00eengeri \u0219i demoni. \u00cenv\u0103\u021b\u00e2nd despre dragoni, \u00eenv\u0103\u021b\u0103m","robots":{"index":"noindex","follow":"follow","max-snippet":"max-snippet:-1","max-image-preview":"max-image-preview:large","max-video-preview":"max-video-preview:-1"},"og_locale":"en_US","og_type":"article","og_title":"Despre dragoni. Intrebari si raspunsuri (Seniori) - Ovidiu Drago\u0219 Arge\u0219anu","og_description":"Materia are o inteligen\u021b\u0103 a ei. Aceast\u0103 inteligen\u021b\u0103 este dat\u0103 de spiritele din care este format\u0103, \u00eengeri \u0219i demoni. \u00cenv\u0103\u021b\u00e2nd despre dragoni, \u00eenv\u0103\u021b\u0103m","og_url":"https:\/\/www.ovidiudragosargesanu.ro\/en\/shop\/seniori\/despre-dragoni-intrebari-si-raspunsuri-seniori\/","og_site_name":"Ovidiu Drago\u0219 Arge\u0219anu","article_modified_time":"2025-04-24T07:13:16+00:00","og_image":[{"width":1000,"height":1000,"url":"https:\/\/www.ovidiudragosargesanu.ro\/en\/wp-content\/uploads\/2024\/06\/Despre-dragoni.-Intrebari-si-raspunsuri-coperta.png","type":"image\/png"}],"twitter_card":"summary_large_image","twitter_misc":{"Est. reading time":"2 minutes"},"schema":{"@context":"https:\/\/schema.org","@graph":[{"@type":"WebPage","@id":"https:\/\/www.ovidiudragosargesanu.ro\/en\/shop\/seniori\/despre-dragoni-intrebari-si-raspunsuri-seniori\/","url":"https:\/\/www.ovidiudragosargesanu.ro\/en\/shop\/seniori\/despre-dragoni-intrebari-si-raspunsuri-seniori\/","name":"Despre dragoni. Intrebari si raspunsuri (Seniori) - Ovidiu Drago\u0219 Arge\u0219anu","isPartOf":{"@id":"https:\/\/www.ovidiudragosargesanu.ro\/en\/#website"},"primaryImageOfPage":{"@id":"https:\/\/www.ovidiudragosargesanu.ro\/en\/shop\/seniori\/despre-dragoni-intrebari-si-raspunsuri-seniori\/#primaryimage"},"image":{"@id":"https:\/\/www.ovidiudragosargesanu.ro\/en\/shop\/seniori\/despre-dragoni-intrebari-si-raspunsuri-seniori\/#primaryimage"},"thumbnailUrl":"https:\/\/www.ovidiudragosargesanu.ro\/en\/wp-content\/uploads\/2024\/06\/Despre-dragoni.-Intrebari-si-raspunsuri-coperta.png","datePublished":"2024-11-16T14:19:37+00:00","dateModified":"2025-04-24T07:13:16+00:00","description":"Materia are o inteligen\u021b\u0103 a ei. Aceast\u0103 inteligen\u021b\u0103 este dat\u0103 de spiritele din care este format\u0103, \u00eengeri \u0219i demoni. \u00cenv\u0103\u021b\u00e2nd despre dragoni, \u00eenv\u0103\u021b\u0103m","breadcrumb":{"@id":"https:\/\/www.ovidiudragosargesanu.ro\/en\/shop\/seniori\/despre-dragoni-intrebari-si-raspunsuri-seniori\/#breadcrumb"},"inLanguage":"en-US","potentialAction":[{"@type":"ReadAction","target":["https:\/\/www.ovidiudragosargesanu.ro\/en\/shop\/seniori\/despre-dragoni-intrebari-si-raspunsuri-seniori\/"]}]},{"@type":"ImageObject","inLanguage":"en-US","@id":"https:\/\/www.ovidiudragosargesanu.ro\/en\/shop\/seniori\/despre-dragoni-intrebari-si-raspunsuri-seniori\/#primaryimage","url":"https:\/\/www.ovidiudragosargesanu.ro\/en\/wp-content\/uploads\/2024\/06\/Despre-dragoni.-Intrebari-si-raspunsuri-coperta.png","contentUrl":"https:\/\/www.ovidiudragosargesanu.ro\/en\/wp-content\/uploads\/2024\/06\/Despre-dragoni.-Intrebari-si-raspunsuri-coperta.png","width":1000,"height":1000},{"@type":"BreadcrumbList","@id":"https:\/\/www.ovidiudragosargesanu.ro\/en\/shop\/seniori\/despre-dragoni-intrebari-si-raspunsuri-seniori\/#breadcrumb","itemListElement":[{"@type":"ListItem","position":1,"name":"Prima pagin\u0103","item":"https:\/\/www.ovidiudragosargesanu.ro\/en\/"},{"@type":"ListItem","position":2,"name":"Shop","item":"https:\/\/www.ovidiudragosargesanu.ro\/en\/shop\/"},{"@type":"ListItem","position":3,"name":"Despre dragoni. Intrebari si raspunsuri (Seniori)"}]},{"@type":"WebSite","@id":"https:\/\/www.ovidiudragosargesanu.ro\/en\/#website","url":"https:\/\/www.ovidiudragosargesanu.ro\/en\/","name":"Ovidiu Drago\u0219 Arge\u0219anu","description":"","publisher":{"@id":"https:\/\/www.ovidiudragosargesanu.ro\/en\/#organization"},"potentialAction":[{"@type":"SearchAction","target":{"@type":"EntryPoint","urlTemplate":"https:\/\/www.ovidiudragosargesanu.ro\/en\/?s={search_term_string}"},"query-input":{"@type":"PropertyValueSpecification","valueRequired":true,"valueName":"search_term_string"}}],"inLanguage":"en-US"},{"@type":"Organization","@id":"https:\/\/www.ovidiudragosargesanu.ro\/en\/#organization","name":"Ovidiu Drago\u0219 Arge\u0219anu","url":"https:\/\/www.ovidiudragosargesanu.ro\/en\/","logo":{"@type":"ImageObject","inLanguage":"en-US","@id":"https:\/\/www.ovidiudragosargesanu.ro\/en\/#\/schema\/logo\/image\/","url":"https:\/\/www.ovidiudragosargesanu.ro\/en\/wp-content\/uploads\/2018\/03\/dragos-logo-lotus-black-400.svg","contentUrl":"https:\/\/www.ovidiudragosargesanu.ro\/en\/wp-content\/uploads\/2018\/03\/dragos-logo-lotus-black-400.svg","width":300,"height":150,"caption":"Ovidiu Drago\u0219 Arge\u0219anu"},"image":{"@id":"https:\/\/www.ovidiudragosargesanu.ro\/en\/#\/schema\/logo\/image\/"}}]}},"_links":{"self":[{"href":"https:\/\/www.ovidiudragosargesanu.ro\/en\/wp-json\/wp\/v2\/product\/26463","targetHints":{"allow":["GET"]}}],"collection":[{"href":"https:\/\/www.ovidiudragosargesanu.ro\/en\/wp-json\/wp\/v2\/product"}],"about":[{"href":"https:\/\/www.ovidiudragosargesanu.ro\/en\/wp-json\/wp\/v2\/types\/product"}],"version-history":[{"count":1,"href":"https:\/\/www.ovidiudragosargesanu.ro\/en\/wp-json\/wp\/v2\/product\/26463\/revisions"}],"predecessor-version":[{"id":26464,"href":"https:\/\/www.ovidiudragosargesanu.ro\/en\/wp-json\/wp\/v2\/product\/26463\/revisions\/26464"}],"wp:featuredmedia":[{"embeddable":true,"href":"https:\/\/www.ovidiudragosargesanu.ro\/en\/wp-json\/wp\/v2\/media\/12386"}],"wp:attachment":[{"href":"https:\/\/www.ovidiudragosargesanu.ro\/en\/wp-json\/wp\/v2\/media?parent=26463"}],"wp:term":[{"taxonomy":"product_brand","embeddable":true,"href":"https:\/\/www.ovidiudragosargesanu.ro\/en\/wp-json\/wp\/v2\/product_brand?post=26463"},{"taxonomy":"product_cat","embeddable":true,"href":"https:\/\/www.ovidiudragosargesanu.ro\/en\/wp-json\/wp\/v2\/product_cat?post=26463"},{"taxonomy":"product_tag","embeddable":true,"href":"https:\/\/www.ovidiudragosargesanu.ro\/en\/wp-json\/wp\/v2\/product_tag?post=26463"}],"curies":[{"name":"wp","href":"https:\/\/api.w.org\/{rel}","templated":true}]}}