{"id":26465,"date":"2024-11-16T16:20:41","date_gmt":"2024-11-16T14:20:41","guid":{"rendered":"https:\/\/www.ovidiudragosargesanu.ro\/?post_type=product&#038;p=26465"},"modified":"2025-02-28T20:58:15","modified_gmt":"2025-02-28T18:58:15","slug":"curs-maestrii-reiki-baia-mare-acces-online-seniori","status":"publish","type":"product","link":"https:\/\/www.ovidiudragosargesanu.ro\/en\/shop\/seniori\/curs-maestrii-reiki-baia-mare-acces-online-seniori\/","title":{"rendered":"Curs: Maestrii Reiki &#8211; Baia Mare &#8211; acces online (Seniori)"},"content":{"rendered":"<div dir=\"auto\">\n<p><span style=\"font-weight: 400;\">Cursul: ,,Mae\u0219trii Reiki\u201d- acces online sus\u021binut de dr. Ovidiu Drago\u0219 Arge\u0219anu la Baia Mare \u00een data de 7 august 2024.<\/span><\/p>\n<p><span style=\"font-weight: 400;\">Acest curs se adreseaz\u0103 at\u00e2t mae\u0219trilor Reiki c\u00e2t \u0219i mae\u0219trilor \u00een devenire. Odat\u0103 cu ini\u021bierea Reiki dob\u00e2ndim cuno\u0219tin\u021be \u0219i abilit\u0103\u021bi care vin cu anumite responsabilit\u0103\u021bi \u0219i anume acelea de a-i ajuta \u0219i pe al\u021bii \u00een cre\u0219terea lor spiritual\u0103, de a fi ghid, \u00eendrum\u0103tor, \u00eenv\u0103\u021b\u0103tor.<\/span><\/p>\n<p>&nbsp;<\/p>\n<p>&nbsp;<\/p>\n<p>&nbsp;<\/p>\n<\/div>\n<p>&nbsp;<\/p>\n<div dir=\"auto\">\n<p>&nbsp;<\/p>\n<p>&nbsp;<\/p>\n<\/div>\n","protected":false},"excerpt":{"rendered":"<p><span style=\"font-weight: 400;\">Cursul: ,,Mae\u0219trii Reiki\u201d &#8211; acces online sus\u021binut de dr. Ovidiu Drago\u0219 Arge\u0219anu la Baia Mare \u00een data de 7 august 2024.<\/span><\/p>\n<p>&nbsp;<\/p>\n","protected":false},"featured_media":14076,"template":"","meta":{"inline_featured_image":false},"product_brand":[],"product_cat":[795],"product_tag":[],"class_list":{"0":"post-26465","1":"product","2":"type-product","3":"status-publish","4":"has-post-thumbnail","6":"product_cat-seniori","8":"first","9":"instock","10":"sale","11":"virtual","12":"sold-individually","13":"taxable","14":"purchasable","15":"product-type-simple"},"yoast_head":"<!-- This site is optimized with the Yoast SEO plugin v26.9 - https:\/\/yoast.com\/product\/yoast-seo-wordpress\/ -->\n<title>Curs: Maestrii Reiki - Baia Mare - acces online (Seniori) - Ovidiu Drago\u0219 Arge\u0219anu<\/title>\n<meta name=\"description\" content=\"Cursul: ,,Mae\u0219trii Reiki\u201d- acces online\u201d sus\u021binut de dr. Ovidiu Drago\u0219 Arge\u0219anu la Baia Mare \u00een data de 7 august 2024 \u00eencep\u00e2nd cu ora\" \/>\n<meta name=\"robots\" content=\"noindex, follow, max-snippet:-1, max-image-preview:large, max-video-preview:-1\" \/>\n<meta property=\"og:locale\" content=\"en_US\" \/>\n<meta property=\"og:type\" content=\"article\" \/>\n<meta property=\"og:title\" content=\"Curs: Maestrii Reiki - Baia Mare - acces online (Seniori) - Ovidiu Drago\u0219 Arge\u0219anu\" \/>\n<meta property=\"og:description\" content=\"Cursul: ,,Mae\u0219trii Reiki\u201d- acces online\u201d sus\u021binut de dr. Ovidiu Drago\u0219 Arge\u0219anu la Baia Mare \u00een data de 7 august 2024 \u00eencep\u00e2nd cu ora\" \/>\n<meta property=\"og:url\" content=\"https:\/\/www.ovidiudragosargesanu.ro\/en\/shop\/seniori\/curs-maestrii-reiki-baia-mare-acces-online-seniori\/\" \/>\n<meta property=\"og:site_name\" content=\"Ovidiu Drago\u0219 Arge\u0219anu\" \/>\n<meta property=\"article:modified_time\" content=\"2025-02-28T18:58:15+00:00\" \/>\n<meta property=\"og:image\" content=\"https:\/\/www.ovidiudragosargesanu.ro\/en\/wp-content\/uploads\/2024\/06\/IMG-20240804-WA0017.jpg\" \/>\n\t<meta property=\"og:image:width\" content=\"1536\" \/>\n\t<meta property=\"og:image:height\" content=\"2048\" \/>\n\t<meta property=\"og:image:type\" content=\"image\/jpeg\" \/>\n<meta name=\"twitter:card\" content=\"summary_large_image\" \/>\n<meta name=\"twitter:label1\" content=\"Est. reading time\" \/>\n\t<meta name=\"twitter:data1\" content=\"1 minute\" \/>\n<script type=\"application\/ld+json\" class=\"yoast-schema-graph\">{\"@context\":\"https:\/\/schema.org\",\"@graph\":[{\"@type\":\"WebPage\",\"@id\":\"https:\/\/www.ovidiudragosargesanu.ro\/en\/shop\/seniori\/curs-maestrii-reiki-baia-mare-acces-online-seniori\/\",\"url\":\"https:\/\/www.ovidiudragosargesanu.ro\/en\/shop\/seniori\/curs-maestrii-reiki-baia-mare-acces-online-seniori\/\",\"name\":\"Curs: Maestrii Reiki - Baia Mare - acces online (Seniori) - Ovidiu Drago\u0219 Arge\u0219anu\",\"isPartOf\":{\"@id\":\"https:\/\/www.ovidiudragosargesanu.ro\/en\/#website\"},\"primaryImageOfPage\":{\"@id\":\"https:\/\/www.ovidiudragosargesanu.ro\/en\/shop\/seniori\/curs-maestrii-reiki-baia-mare-acces-online-seniori\/#primaryimage\"},\"image\":{\"@id\":\"https:\/\/www.ovidiudragosargesanu.ro\/en\/shop\/seniori\/curs-maestrii-reiki-baia-mare-acces-online-seniori\/#primaryimage\"},\"thumbnailUrl\":\"https:\/\/www.ovidiudragosargesanu.ro\/en\/wp-content\/uploads\/2024\/06\/IMG-20240804-WA0017.jpg\",\"datePublished\":\"2024-11-16T14:20:41+00:00\",\"dateModified\":\"2025-02-28T18:58:15+00:00\",\"description\":\"Cursul: ,,Mae\u0219trii Reiki\u201d- acces online\u201d sus\u021binut de dr. Ovidiu Drago\u0219 Arge\u0219anu la Baia Mare \u00een data de 7 august 2024 \u00eencep\u00e2nd cu ora\",\"breadcrumb\":{\"@id\":\"https:\/\/www.ovidiudragosargesanu.ro\/en\/shop\/seniori\/curs-maestrii-reiki-baia-mare-acces-online-seniori\/#breadcrumb\"},\"inLanguage\":\"en-US\",\"potentialAction\":[{\"@type\":\"ReadAction\",\"target\":[\"https:\/\/www.ovidiudragosargesanu.ro\/en\/shop\/seniori\/curs-maestrii-reiki-baia-mare-acces-online-seniori\/\"]}]},{\"@type\":\"ImageObject\",\"inLanguage\":\"en-US\",\"@id\":\"https:\/\/www.ovidiudragosargesanu.ro\/en\/shop\/seniori\/curs-maestrii-reiki-baia-mare-acces-online-seniori\/#primaryimage\",\"url\":\"https:\/\/www.ovidiudragosargesanu.ro\/en\/wp-content\/uploads\/2024\/06\/IMG-20240804-WA0017.jpg\",\"contentUrl\":\"https:\/\/www.ovidiudragosargesanu.ro\/en\/wp-content\/uploads\/2024\/06\/IMG-20240804-WA0017.jpg\",\"width\":1536,\"height\":2048},{\"@type\":\"BreadcrumbList\",\"@id\":\"https:\/\/www.ovidiudragosargesanu.ro\/en\/shop\/seniori\/curs-maestrii-reiki-baia-mare-acces-online-seniori\/#breadcrumb\",\"itemListElement\":[{\"@type\":\"ListItem\",\"position\":1,\"name\":\"Prima pagin\u0103\",\"item\":\"https:\/\/www.ovidiudragosargesanu.ro\/en\/\"},{\"@type\":\"ListItem\",\"position\":2,\"name\":\"Shop\",\"item\":\"https:\/\/www.ovidiudragosargesanu.ro\/en\/shop\/\"},{\"@type\":\"ListItem\",\"position\":3,\"name\":\"Curs: Maestrii Reiki &#8211; Baia Mare &#8211; acces online (Seniori)\"}]},{\"@type\":\"WebSite\",\"@id\":\"https:\/\/www.ovidiudragosargesanu.ro\/en\/#website\",\"url\":\"https:\/\/www.ovidiudragosargesanu.ro\/en\/\",\"name\":\"Ovidiu Drago\u0219 Arge\u0219anu\",\"description\":\"\",\"publisher\":{\"@id\":\"https:\/\/www.ovidiudragosargesanu.ro\/en\/#organization\"},\"potentialAction\":[{\"@type\":\"SearchAction\",\"target\":{\"@type\":\"EntryPoint\",\"urlTemplate\":\"https:\/\/www.ovidiudragosargesanu.ro\/en\/?s={search_term_string}\"},\"query-input\":{\"@type\":\"PropertyValueSpecification\",\"valueRequired\":true,\"valueName\":\"search_term_string\"}}],\"inLanguage\":\"en-US\"},{\"@type\":\"Organization\",\"@id\":\"https:\/\/www.ovidiudragosargesanu.ro\/en\/#organization\",\"name\":\"Ovidiu Drago\u0219 Arge\u0219anu\",\"url\":\"https:\/\/www.ovidiudragosargesanu.ro\/en\/\",\"logo\":{\"@type\":\"ImageObject\",\"inLanguage\":\"en-US\",\"@id\":\"https:\/\/www.ovidiudragosargesanu.ro\/en\/#\/schema\/logo\/image\/\",\"url\":\"https:\/\/www.ovidiudragosargesanu.ro\/en\/wp-content\/uploads\/2018\/03\/dragos-logo-lotus-black-400.svg\",\"contentUrl\":\"https:\/\/www.ovidiudragosargesanu.ro\/en\/wp-content\/uploads\/2018\/03\/dragos-logo-lotus-black-400.svg\",\"width\":300,\"height\":150,\"caption\":\"Ovidiu Drago\u0219 Arge\u0219anu\"},\"image\":{\"@id\":\"https:\/\/www.ovidiudragosargesanu.ro\/en\/#\/schema\/logo\/image\/\"}}]}<\/script>\n<!-- \/ Yoast SEO plugin. -->","yoast_head_json":{"title":"Curs: Maestrii Reiki - Baia Mare - acces online (Seniori) - Ovidiu Drago\u0219 Arge\u0219anu","description":"Cursul: ,,Mae\u0219trii Reiki\u201d- acces online\u201d sus\u021binut de dr. Ovidiu Drago\u0219 Arge\u0219anu la Baia Mare \u00een data de 7 august 2024 \u00eencep\u00e2nd cu ora","robots":{"index":"noindex","follow":"follow","max-snippet":"max-snippet:-1","max-image-preview":"max-image-preview:large","max-video-preview":"max-video-preview:-1"},"og_locale":"en_US","og_type":"article","og_title":"Curs: Maestrii Reiki - Baia Mare - acces online (Seniori) - Ovidiu Drago\u0219 Arge\u0219anu","og_description":"Cursul: ,,Mae\u0219trii Reiki\u201d- acces online\u201d sus\u021binut de dr. Ovidiu Drago\u0219 Arge\u0219anu la Baia Mare \u00een data de 7 august 2024 \u00eencep\u00e2nd cu ora","og_url":"https:\/\/www.ovidiudragosargesanu.ro\/en\/shop\/seniori\/curs-maestrii-reiki-baia-mare-acces-online-seniori\/","og_site_name":"Ovidiu Drago\u0219 Arge\u0219anu","article_modified_time":"2025-02-28T18:58:15+00:00","og_image":[{"width":1536,"height":2048,"url":"https:\/\/www.ovidiudragosargesanu.ro\/en\/wp-content\/uploads\/2024\/06\/IMG-20240804-WA0017.jpg","type":"image\/jpeg"}],"twitter_card":"summary_large_image","twitter_misc":{"Est. reading time":"1 minute"},"schema":{"@context":"https:\/\/schema.org","@graph":[{"@type":"WebPage","@id":"https:\/\/www.ovidiudragosargesanu.ro\/en\/shop\/seniori\/curs-maestrii-reiki-baia-mare-acces-online-seniori\/","url":"https:\/\/www.ovidiudragosargesanu.ro\/en\/shop\/seniori\/curs-maestrii-reiki-baia-mare-acces-online-seniori\/","name":"Curs: Maestrii Reiki - Baia Mare - acces online (Seniori) - Ovidiu Drago\u0219 Arge\u0219anu","isPartOf":{"@id":"https:\/\/www.ovidiudragosargesanu.ro\/en\/#website"},"primaryImageOfPage":{"@id":"https:\/\/www.ovidiudragosargesanu.ro\/en\/shop\/seniori\/curs-maestrii-reiki-baia-mare-acces-online-seniori\/#primaryimage"},"image":{"@id":"https:\/\/www.ovidiudragosargesanu.ro\/en\/shop\/seniori\/curs-maestrii-reiki-baia-mare-acces-online-seniori\/#primaryimage"},"thumbnailUrl":"https:\/\/www.ovidiudragosargesanu.ro\/en\/wp-content\/uploads\/2024\/06\/IMG-20240804-WA0017.jpg","datePublished":"2024-11-16T14:20:41+00:00","dateModified":"2025-02-28T18:58:15+00:00","description":"Cursul: ,,Mae\u0219trii Reiki\u201d- acces online\u201d sus\u021binut de dr. Ovidiu Drago\u0219 Arge\u0219anu la Baia Mare \u00een data de 7 august 2024 \u00eencep\u00e2nd cu ora","breadcrumb":{"@id":"https:\/\/www.ovidiudragosargesanu.ro\/en\/shop\/seniori\/curs-maestrii-reiki-baia-mare-acces-online-seniori\/#breadcrumb"},"inLanguage":"en-US","potentialAction":[{"@type":"ReadAction","target":["https:\/\/www.ovidiudragosargesanu.ro\/en\/shop\/seniori\/curs-maestrii-reiki-baia-mare-acces-online-seniori\/"]}]},{"@type":"ImageObject","inLanguage":"en-US","@id":"https:\/\/www.ovidiudragosargesanu.ro\/en\/shop\/seniori\/curs-maestrii-reiki-baia-mare-acces-online-seniori\/#primaryimage","url":"https:\/\/www.ovidiudragosargesanu.ro\/en\/wp-content\/uploads\/2024\/06\/IMG-20240804-WA0017.jpg","contentUrl":"https:\/\/www.ovidiudragosargesanu.ro\/en\/wp-content\/uploads\/2024\/06\/IMG-20240804-WA0017.jpg","width":1536,"height":2048},{"@type":"BreadcrumbList","@id":"https:\/\/www.ovidiudragosargesanu.ro\/en\/shop\/seniori\/curs-maestrii-reiki-baia-mare-acces-online-seniori\/#breadcrumb","itemListElement":[{"@type":"ListItem","position":1,"name":"Prima pagin\u0103","item":"https:\/\/www.ovidiudragosargesanu.ro\/en\/"},{"@type":"ListItem","position":2,"name":"Shop","item":"https:\/\/www.ovidiudragosargesanu.ro\/en\/shop\/"},{"@type":"ListItem","position":3,"name":"Curs: Maestrii Reiki &#8211; Baia Mare &#8211; acces online (Seniori)"}]},{"@type":"WebSite","@id":"https:\/\/www.ovidiudragosargesanu.ro\/en\/#website","url":"https:\/\/www.ovidiudragosargesanu.ro\/en\/","name":"Ovidiu Drago\u0219 Arge\u0219anu","description":"","publisher":{"@id":"https:\/\/www.ovidiudragosargesanu.ro\/en\/#organization"},"potentialAction":[{"@type":"SearchAction","target":{"@type":"EntryPoint","urlTemplate":"https:\/\/www.ovidiudragosargesanu.ro\/en\/?s={search_term_string}"},"query-input":{"@type":"PropertyValueSpecification","valueRequired":true,"valueName":"search_term_string"}}],"inLanguage":"en-US"},{"@type":"Organization","@id":"https:\/\/www.ovidiudragosargesanu.ro\/en\/#organization","name":"Ovidiu Drago\u0219 Arge\u0219anu","url":"https:\/\/www.ovidiudragosargesanu.ro\/en\/","logo":{"@type":"ImageObject","inLanguage":"en-US","@id":"https:\/\/www.ovidiudragosargesanu.ro\/en\/#\/schema\/logo\/image\/","url":"https:\/\/www.ovidiudragosargesanu.ro\/en\/wp-content\/uploads\/2018\/03\/dragos-logo-lotus-black-400.svg","contentUrl":"https:\/\/www.ovidiudragosargesanu.ro\/en\/wp-content\/uploads\/2018\/03\/dragos-logo-lotus-black-400.svg","width":300,"height":150,"caption":"Ovidiu Drago\u0219 Arge\u0219anu"},"image":{"@id":"https:\/\/www.ovidiudragosargesanu.ro\/en\/#\/schema\/logo\/image\/"}}]}},"_links":{"self":[{"href":"https:\/\/www.ovidiudragosargesanu.ro\/en\/wp-json\/wp\/v2\/product\/26465","targetHints":{"allow":["GET"]}}],"collection":[{"href":"https:\/\/www.ovidiudragosargesanu.ro\/en\/wp-json\/wp\/v2\/product"}],"about":[{"href":"https:\/\/www.ovidiudragosargesanu.ro\/en\/wp-json\/wp\/v2\/types\/product"}],"version-history":[{"count":2,"href":"https:\/\/www.ovidiudragosargesanu.ro\/en\/wp-json\/wp\/v2\/product\/26465\/revisions"}],"predecessor-version":[{"id":37599,"href":"https:\/\/www.ovidiudragosargesanu.ro\/en\/wp-json\/wp\/v2\/product\/26465\/revisions\/37599"}],"wp:featuredmedia":[{"embeddable":true,"href":"https:\/\/www.ovidiudragosargesanu.ro\/en\/wp-json\/wp\/v2\/media\/14076"}],"wp:attachment":[{"href":"https:\/\/www.ovidiudragosargesanu.ro\/en\/wp-json\/wp\/v2\/media?parent=26465"}],"wp:term":[{"taxonomy":"product_brand","embeddable":true,"href":"https:\/\/www.ovidiudragosargesanu.ro\/en\/wp-json\/wp\/v2\/product_brand?post=26465"},{"taxonomy":"product_cat","embeddable":true,"href":"https:\/\/www.ovidiudragosargesanu.ro\/en\/wp-json\/wp\/v2\/product_cat?post=26465"},{"taxonomy":"product_tag","embeddable":true,"href":"https:\/\/www.ovidiudragosargesanu.ro\/en\/wp-json\/wp\/v2\/product_tag?post=26465"}],"curies":[{"name":"wp","href":"https:\/\/api.w.org\/{rel}","templated":true}]}}