{"id":26473,"date":"2024-11-16T16:29:12","date_gmt":"2024-11-16T14:29:12","guid":{"rendered":"https:\/\/www.ovidiudragosargesanu.ro\/?post_type=product&#038;p=26473"},"modified":"2025-02-28T20:56:06","modified_gmt":"2025-02-28T18:56:06","slug":"curs-despre-dragoni-modulul-i-craiova-acces-online-seniori","status":"publish","type":"product","link":"https:\/\/www.ovidiudragosargesanu.ro\/en\/shop\/seniori\/curs-despre-dragoni-modulul-i-craiova-acces-online-seniori\/","title":{"rendered":"Curs: Despre Dragoni Modulul I- Craiova &#8211; acces online (Seniori)"},"content":{"rendered":"<div dir=\"auto\">\n<p><span style=\"font-weight: 400;\">Cursul: ,,Despre Dragoni Modulul I &#8211; acces online\u201d sus\u021binut de dr. Ovidiu Drago\u0219 Arge\u0219anu la Craiova \u00een data de 12 iunie 2024.<\/span><\/p>\n<p><span style=\"font-weight: 400;\">Dragonii sunt o realitate spiritual\u0103, sunt ve\u0219nici \u0219i, chiar dac\u0103 ar vrea. nu ar putea s\u0103 dispar\u0103. Dragonii sunt ni\u0219te fii risipitori. Unii sunt pleca\u021bi, al\u021bii \u00eenc\u0103 p\u0103zesc porcii, al\u021bii sunt deja \u00een drum spre cas\u0103, al\u021bii sunt deja \u00eentor\u0219i la Dumnezeul Primordial.<\/span><\/p>\n<p>&nbsp;<\/p>\n<p><span style=\"font-weight: 400;\">Ce \u00eemi propun s\u0103 \u00eenv\u0103\u021b\u0103m \u00een acest curs:<\/span><\/p>\n<p><span style=\"font-weight: 400;\">&#8211; ce sunt dragonii<\/span><\/p>\n<p><span style=\"font-weight: 400;\">&#8211; cum ne impacteaz\u0103 via\u021ba<\/span><\/p>\n<p><span style=\"font-weight: 400;\">&#8211; care e rela\u021bia optim\u0103 cu ei<\/span><\/p>\n<p><span style=\"font-weight: 400;\">&#8211; ce rol au \u00een lume, \u00een via\u021ba noastr\u0103<\/span><\/p>\n<p><span style=\"font-weight: 400;\">&#8211; cum ne putem ajuta de ei<\/span><\/p>\n<p><span style=\"font-weight: 400;\">&#8211; cum putem s\u0103 \u00eei ajut\u0103m<\/span><\/p>\n<p><span style=\"font-weight: 400;\">&#8211; unde se g\u0103sesc<\/span><\/p>\n<p><span style=\"font-weight: 400;\">&#8211; rela\u021bia dintre dragoni \u0219i bani<\/span><\/p>\n<p><span style=\"font-weight: 400;\">&#8211; dragonii \u0219i sexualitatea<\/span><\/p>\n<p><span style=\"font-weight: 400;\">&#8211; dragonii \u0219i puterea interioar\u0103<\/span><\/p>\n<p><span style=\"font-weight: 400;\">&#8211; despre dragonii locurilor, a mun\u021bilor, apelor, v\u0103ilor<\/span><\/p>\n<p><span style=\"font-weight: 400;\">&#8211; cum putem dresa, \u00eenvinge sau s\u0103 ne \u00eemprietenim cu dragonii<\/span><\/p>\n<p><span style=\"font-weight: 400;\">&#8211; cum \u00eei putem cre\u0219te \u0219i educa<\/span><\/p>\n<p><span style=\"font-weight: 400;\">&#8211; dragonii de bani, de vindecare, de sport<\/span><\/p>\n<p><span style=\"font-weight: 400;\">&#8211; dharma \u0219i karma dragonilor<\/span><\/p>\n<p><span style=\"font-weight: 400;\">&#8211; dragonii \u00een\u021belepciunii.<\/span><\/p>\n<p>&nbsp;<\/p>\n<\/div>\n<p>&nbsp;<\/p>\n<div dir=\"auto\">\n<p>&nbsp;<\/p>\n<p>&nbsp;<\/p>\n<\/div>\n","protected":false},"excerpt":{"rendered":"<p>LOCURI NELIMITATE!<\/p>\n<p>Cursul: ,,Despre Dragoni Modulul I &#8211; acces online\u201d sus\u021binut de dr. Ovidiu Drago\u0219 Arge\u0219anu la Craiova \u00een data de 12 iunie 2024.<\/p>\n<p>&nbsp;<\/p>\n<p>&nbsp;<\/p>\n","protected":false},"featured_media":11459,"template":"","meta":{"inline_featured_image":false},"product_brand":[],"product_cat":[795],"product_tag":[],"class_list":{"0":"post-26473","1":"product","2":"type-product","3":"status-publish","4":"has-post-thumbnail","6":"product_cat-seniori","8":"first","9":"instock","10":"sale","11":"virtual","12":"sold-individually","13":"taxable","14":"purchasable","15":"product-type-simple"},"yoast_head":"<!-- This site is optimized with the Yoast SEO plugin v26.9 - https:\/\/yoast.com\/product\/yoast-seo-wordpress\/ -->\n<title>Curs: Despre Dragoni Modulul I- Craiova - acces online (Seniori) - Ovidiu Drago\u0219 Arge\u0219anu<\/title>\n<meta name=\"description\" content=\"Cursul: ,,Despre Dragoni Modulul I - acces online\u201d sus\u021binut de dr. Ovidiu Drago\u0219 Arge\u0219anu la Craiova \u00een data de 12 iunie 2024 \u00eencep\u00e2nd cu ora\" \/>\n<meta name=\"robots\" content=\"noindex, follow, max-snippet:-1, max-image-preview:large, max-video-preview:-1\" \/>\n<meta property=\"og:locale\" content=\"en_US\" \/>\n<meta property=\"og:type\" content=\"article\" \/>\n<meta property=\"og:title\" content=\"Curs: Despre Dragoni Modulul I- Craiova - acces online (Seniori) - Ovidiu Drago\u0219 Arge\u0219anu\" \/>\n<meta property=\"og:description\" content=\"Cursul: ,,Despre Dragoni Modulul I - acces online\u201d sus\u021binut de dr. Ovidiu Drago\u0219 Arge\u0219anu la Craiova \u00een data de 12 iunie 2024 \u00eencep\u00e2nd cu ora\" \/>\n<meta property=\"og:url\" content=\"https:\/\/www.ovidiudragosargesanu.ro\/en\/shop\/seniori\/curs-despre-dragoni-modulul-i-craiova-acces-online-seniori\/\" \/>\n<meta property=\"og:site_name\" content=\"Ovidiu Drago\u0219 Arge\u0219anu\" \/>\n<meta property=\"article:modified_time\" content=\"2025-02-28T18:56:06+00:00\" \/>\n<meta property=\"og:image\" content=\"https:\/\/www.ovidiudragosargesanu.ro\/en\/wp-content\/uploads\/2024\/05\/Curs-Despre-Dragoni-Modulul-I-CRaiova-600x800-1.jpg\" \/>\n\t<meta property=\"og:image:width\" content=\"1536\" \/>\n\t<meta property=\"og:image:height\" content=\"2048\" \/>\n\t<meta property=\"og:image:type\" content=\"image\/jpeg\" \/>\n<meta name=\"twitter:card\" content=\"summary_large_image\" \/>\n<meta name=\"twitter:label1\" content=\"Est. reading time\" \/>\n\t<meta name=\"twitter:data1\" content=\"2 minutes\" \/>\n<script type=\"application\/ld+json\" class=\"yoast-schema-graph\">{\"@context\":\"https:\/\/schema.org\",\"@graph\":[{\"@type\":\"WebPage\",\"@id\":\"https:\/\/www.ovidiudragosargesanu.ro\/en\/shop\/seniori\/curs-despre-dragoni-modulul-i-craiova-acces-online-seniori\/\",\"url\":\"https:\/\/www.ovidiudragosargesanu.ro\/en\/shop\/seniori\/curs-despre-dragoni-modulul-i-craiova-acces-online-seniori\/\",\"name\":\"Curs: Despre Dragoni Modulul I- Craiova - acces online (Seniori) - Ovidiu Drago\u0219 Arge\u0219anu\",\"isPartOf\":{\"@id\":\"https:\/\/www.ovidiudragosargesanu.ro\/en\/#website\"},\"primaryImageOfPage\":{\"@id\":\"https:\/\/www.ovidiudragosargesanu.ro\/en\/shop\/seniori\/curs-despre-dragoni-modulul-i-craiova-acces-online-seniori\/#primaryimage\"},\"image\":{\"@id\":\"https:\/\/www.ovidiudragosargesanu.ro\/en\/shop\/seniori\/curs-despre-dragoni-modulul-i-craiova-acces-online-seniori\/#primaryimage\"},\"thumbnailUrl\":\"https:\/\/www.ovidiudragosargesanu.ro\/en\/wp-content\/uploads\/2024\/05\/Curs-Despre-Dragoni-Modulul-I-CRaiova-600x800-1.jpg\",\"datePublished\":\"2024-11-16T14:29:12+00:00\",\"dateModified\":\"2025-02-28T18:56:06+00:00\",\"description\":\"Cursul: ,,Despre Dragoni Modulul I - acces online\u201d sus\u021binut de dr. Ovidiu Drago\u0219 Arge\u0219anu la Craiova \u00een data de 12 iunie 2024 \u00eencep\u00e2nd cu ora\",\"breadcrumb\":{\"@id\":\"https:\/\/www.ovidiudragosargesanu.ro\/en\/shop\/seniori\/curs-despre-dragoni-modulul-i-craiova-acces-online-seniori\/#breadcrumb\"},\"inLanguage\":\"en-US\",\"potentialAction\":[{\"@type\":\"ReadAction\",\"target\":[\"https:\/\/www.ovidiudragosargesanu.ro\/en\/shop\/seniori\/curs-despre-dragoni-modulul-i-craiova-acces-online-seniori\/\"]}]},{\"@type\":\"ImageObject\",\"inLanguage\":\"en-US\",\"@id\":\"https:\/\/www.ovidiudragosargesanu.ro\/en\/shop\/seniori\/curs-despre-dragoni-modulul-i-craiova-acces-online-seniori\/#primaryimage\",\"url\":\"https:\/\/www.ovidiudragosargesanu.ro\/en\/wp-content\/uploads\/2024\/05\/Curs-Despre-Dragoni-Modulul-I-CRaiova-600x800-1.jpg\",\"contentUrl\":\"https:\/\/www.ovidiudragosargesanu.ro\/en\/wp-content\/uploads\/2024\/05\/Curs-Despre-Dragoni-Modulul-I-CRaiova-600x800-1.jpg\",\"width\":1536,\"height\":2048},{\"@type\":\"BreadcrumbList\",\"@id\":\"https:\/\/www.ovidiudragosargesanu.ro\/en\/shop\/seniori\/curs-despre-dragoni-modulul-i-craiova-acces-online-seniori\/#breadcrumb\",\"itemListElement\":[{\"@type\":\"ListItem\",\"position\":1,\"name\":\"Prima pagin\u0103\",\"item\":\"https:\/\/www.ovidiudragosargesanu.ro\/en\/\"},{\"@type\":\"ListItem\",\"position\":2,\"name\":\"Shop\",\"item\":\"https:\/\/www.ovidiudragosargesanu.ro\/en\/shop\/\"},{\"@type\":\"ListItem\",\"position\":3,\"name\":\"Curs: Despre Dragoni Modulul I- Craiova &#8211; acces online (Seniori)\"}]},{\"@type\":\"WebSite\",\"@id\":\"https:\/\/www.ovidiudragosargesanu.ro\/en\/#website\",\"url\":\"https:\/\/www.ovidiudragosargesanu.ro\/en\/\",\"name\":\"Ovidiu Drago\u0219 Arge\u0219anu\",\"description\":\"\",\"publisher\":{\"@id\":\"https:\/\/www.ovidiudragosargesanu.ro\/en\/#organization\"},\"potentialAction\":[{\"@type\":\"SearchAction\",\"target\":{\"@type\":\"EntryPoint\",\"urlTemplate\":\"https:\/\/www.ovidiudragosargesanu.ro\/en\/?s={search_term_string}\"},\"query-input\":{\"@type\":\"PropertyValueSpecification\",\"valueRequired\":true,\"valueName\":\"search_term_string\"}}],\"inLanguage\":\"en-US\"},{\"@type\":\"Organization\",\"@id\":\"https:\/\/www.ovidiudragosargesanu.ro\/en\/#organization\",\"name\":\"Ovidiu Drago\u0219 Arge\u0219anu\",\"url\":\"https:\/\/www.ovidiudragosargesanu.ro\/en\/\",\"logo\":{\"@type\":\"ImageObject\",\"inLanguage\":\"en-US\",\"@id\":\"https:\/\/www.ovidiudragosargesanu.ro\/en\/#\/schema\/logo\/image\/\",\"url\":\"https:\/\/www.ovidiudragosargesanu.ro\/en\/wp-content\/uploads\/2018\/03\/dragos-logo-lotus-black-400.svg\",\"contentUrl\":\"https:\/\/www.ovidiudragosargesanu.ro\/en\/wp-content\/uploads\/2018\/03\/dragos-logo-lotus-black-400.svg\",\"width\":300,\"height\":150,\"caption\":\"Ovidiu Drago\u0219 Arge\u0219anu\"},\"image\":{\"@id\":\"https:\/\/www.ovidiudragosargesanu.ro\/en\/#\/schema\/logo\/image\/\"}}]}<\/script>\n<!-- \/ Yoast SEO plugin. -->","yoast_head_json":{"title":"Curs: Despre Dragoni Modulul I- Craiova - acces online (Seniori) - Ovidiu Drago\u0219 Arge\u0219anu","description":"Cursul: ,,Despre Dragoni Modulul I - acces online\u201d sus\u021binut de dr. Ovidiu Drago\u0219 Arge\u0219anu la Craiova \u00een data de 12 iunie 2024 \u00eencep\u00e2nd cu ora","robots":{"index":"noindex","follow":"follow","max-snippet":"max-snippet:-1","max-image-preview":"max-image-preview:large","max-video-preview":"max-video-preview:-1"},"og_locale":"en_US","og_type":"article","og_title":"Curs: Despre Dragoni Modulul I- Craiova - acces online (Seniori) - Ovidiu Drago\u0219 Arge\u0219anu","og_description":"Cursul: ,,Despre Dragoni Modulul I - acces online\u201d sus\u021binut de dr. Ovidiu Drago\u0219 Arge\u0219anu la Craiova \u00een data de 12 iunie 2024 \u00eencep\u00e2nd cu ora","og_url":"https:\/\/www.ovidiudragosargesanu.ro\/en\/shop\/seniori\/curs-despre-dragoni-modulul-i-craiova-acces-online-seniori\/","og_site_name":"Ovidiu Drago\u0219 Arge\u0219anu","article_modified_time":"2025-02-28T18:56:06+00:00","og_image":[{"width":1536,"height":2048,"url":"https:\/\/www.ovidiudragosargesanu.ro\/en\/wp-content\/uploads\/2024\/05\/Curs-Despre-Dragoni-Modulul-I-CRaiova-600x800-1.jpg","type":"image\/jpeg"}],"twitter_card":"summary_large_image","twitter_misc":{"Est. reading time":"2 minutes"},"schema":{"@context":"https:\/\/schema.org","@graph":[{"@type":"WebPage","@id":"https:\/\/www.ovidiudragosargesanu.ro\/en\/shop\/seniori\/curs-despre-dragoni-modulul-i-craiova-acces-online-seniori\/","url":"https:\/\/www.ovidiudragosargesanu.ro\/en\/shop\/seniori\/curs-despre-dragoni-modulul-i-craiova-acces-online-seniori\/","name":"Curs: Despre Dragoni Modulul I- Craiova - acces online (Seniori) - Ovidiu Drago\u0219 Arge\u0219anu","isPartOf":{"@id":"https:\/\/www.ovidiudragosargesanu.ro\/en\/#website"},"primaryImageOfPage":{"@id":"https:\/\/www.ovidiudragosargesanu.ro\/en\/shop\/seniori\/curs-despre-dragoni-modulul-i-craiova-acces-online-seniori\/#primaryimage"},"image":{"@id":"https:\/\/www.ovidiudragosargesanu.ro\/en\/shop\/seniori\/curs-despre-dragoni-modulul-i-craiova-acces-online-seniori\/#primaryimage"},"thumbnailUrl":"https:\/\/www.ovidiudragosargesanu.ro\/en\/wp-content\/uploads\/2024\/05\/Curs-Despre-Dragoni-Modulul-I-CRaiova-600x800-1.jpg","datePublished":"2024-11-16T14:29:12+00:00","dateModified":"2025-02-28T18:56:06+00:00","description":"Cursul: ,,Despre Dragoni Modulul I - acces online\u201d sus\u021binut de dr. Ovidiu Drago\u0219 Arge\u0219anu la Craiova \u00een data de 12 iunie 2024 \u00eencep\u00e2nd cu ora","breadcrumb":{"@id":"https:\/\/www.ovidiudragosargesanu.ro\/en\/shop\/seniori\/curs-despre-dragoni-modulul-i-craiova-acces-online-seniori\/#breadcrumb"},"inLanguage":"en-US","potentialAction":[{"@type":"ReadAction","target":["https:\/\/www.ovidiudragosargesanu.ro\/en\/shop\/seniori\/curs-despre-dragoni-modulul-i-craiova-acces-online-seniori\/"]}]},{"@type":"ImageObject","inLanguage":"en-US","@id":"https:\/\/www.ovidiudragosargesanu.ro\/en\/shop\/seniori\/curs-despre-dragoni-modulul-i-craiova-acces-online-seniori\/#primaryimage","url":"https:\/\/www.ovidiudragosargesanu.ro\/en\/wp-content\/uploads\/2024\/05\/Curs-Despre-Dragoni-Modulul-I-CRaiova-600x800-1.jpg","contentUrl":"https:\/\/www.ovidiudragosargesanu.ro\/en\/wp-content\/uploads\/2024\/05\/Curs-Despre-Dragoni-Modulul-I-CRaiova-600x800-1.jpg","width":1536,"height":2048},{"@type":"BreadcrumbList","@id":"https:\/\/www.ovidiudragosargesanu.ro\/en\/shop\/seniori\/curs-despre-dragoni-modulul-i-craiova-acces-online-seniori\/#breadcrumb","itemListElement":[{"@type":"ListItem","position":1,"name":"Prima pagin\u0103","item":"https:\/\/www.ovidiudragosargesanu.ro\/en\/"},{"@type":"ListItem","position":2,"name":"Shop","item":"https:\/\/www.ovidiudragosargesanu.ro\/en\/shop\/"},{"@type":"ListItem","position":3,"name":"Curs: Despre Dragoni Modulul I- Craiova &#8211; acces online (Seniori)"}]},{"@type":"WebSite","@id":"https:\/\/www.ovidiudragosargesanu.ro\/en\/#website","url":"https:\/\/www.ovidiudragosargesanu.ro\/en\/","name":"Ovidiu Drago\u0219 Arge\u0219anu","description":"","publisher":{"@id":"https:\/\/www.ovidiudragosargesanu.ro\/en\/#organization"},"potentialAction":[{"@type":"SearchAction","target":{"@type":"EntryPoint","urlTemplate":"https:\/\/www.ovidiudragosargesanu.ro\/en\/?s={search_term_string}"},"query-input":{"@type":"PropertyValueSpecification","valueRequired":true,"valueName":"search_term_string"}}],"inLanguage":"en-US"},{"@type":"Organization","@id":"https:\/\/www.ovidiudragosargesanu.ro\/en\/#organization","name":"Ovidiu Drago\u0219 Arge\u0219anu","url":"https:\/\/www.ovidiudragosargesanu.ro\/en\/","logo":{"@type":"ImageObject","inLanguage":"en-US","@id":"https:\/\/www.ovidiudragosargesanu.ro\/en\/#\/schema\/logo\/image\/","url":"https:\/\/www.ovidiudragosargesanu.ro\/en\/wp-content\/uploads\/2018\/03\/dragos-logo-lotus-black-400.svg","contentUrl":"https:\/\/www.ovidiudragosargesanu.ro\/en\/wp-content\/uploads\/2018\/03\/dragos-logo-lotus-black-400.svg","width":300,"height":150,"caption":"Ovidiu Drago\u0219 Arge\u0219anu"},"image":{"@id":"https:\/\/www.ovidiudragosargesanu.ro\/en\/#\/schema\/logo\/image\/"}}]}},"_links":{"self":[{"href":"https:\/\/www.ovidiudragosargesanu.ro\/en\/wp-json\/wp\/v2\/product\/26473","targetHints":{"allow":["GET"]}}],"collection":[{"href":"https:\/\/www.ovidiudragosargesanu.ro\/en\/wp-json\/wp\/v2\/product"}],"about":[{"href":"https:\/\/www.ovidiudragosargesanu.ro\/en\/wp-json\/wp\/v2\/types\/product"}],"version-history":[{"count":1,"href":"https:\/\/www.ovidiudragosargesanu.ro\/en\/wp-json\/wp\/v2\/product\/26473\/revisions"}],"predecessor-version":[{"id":26474,"href":"https:\/\/www.ovidiudragosargesanu.ro\/en\/wp-json\/wp\/v2\/product\/26473\/revisions\/26474"}],"wp:featuredmedia":[{"embeddable":true,"href":"https:\/\/www.ovidiudragosargesanu.ro\/en\/wp-json\/wp\/v2\/media\/11459"}],"wp:attachment":[{"href":"https:\/\/www.ovidiudragosargesanu.ro\/en\/wp-json\/wp\/v2\/media?parent=26473"}],"wp:term":[{"taxonomy":"product_brand","embeddable":true,"href":"https:\/\/www.ovidiudragosargesanu.ro\/en\/wp-json\/wp\/v2\/product_brand?post=26473"},{"taxonomy":"product_cat","embeddable":true,"href":"https:\/\/www.ovidiudragosargesanu.ro\/en\/wp-json\/wp\/v2\/product_cat?post=26473"},{"taxonomy":"product_tag","embeddable":true,"href":"https:\/\/www.ovidiudragosargesanu.ro\/en\/wp-json\/wp\/v2\/product_tag?post=26473"}],"curies":[{"name":"wp","href":"https:\/\/api.w.org\/{rel}","templated":true}]}}