{"id":26475,"date":"2024-11-16T16:30:16","date_gmt":"2024-11-16T14:30:16","guid":{"rendered":"https:\/\/www.ovidiudragosargesanu.ro\/?post_type=product&#038;p=26475"},"modified":"2025-02-28T20:55:23","modified_gmt":"2025-02-28T18:55:23","slug":"curs-cresterea-puterii-interioare-pe-lumina-ingerii-modulul-ii-craiova-acces-online-seniori","status":"publish","type":"product","link":"https:\/\/www.ovidiudragosargesanu.ro\/en\/shop\/seniori\/curs-cresterea-puterii-interioare-pe-lumina-ingerii-modulul-ii-craiova-acces-online-seniori\/","title":{"rendered":"Curs: Cresterea puterii interioare pe lumina ,,Ingerii\u201d Modulul II- Craiova &#8211; acces online (Seniori)"},"content":{"rendered":"<div dir=\"auto\">\n<p><span style=\"font-weight: 400;\">Cursul: ,,Cre\u0219terea puterii interioare pe lumin\u0103 ,,\u00cengerii\u201d &#8211; Modulul II &#8211; acces online\u201d sus\u021binut de dr. Ovidiu Drago\u0219 Arge\u0219anu la Craiova \u00een data de 13 iunie 2024.<\/span><\/p>\n<p><span style=\"font-weight: 400;\">\u00cengerii sunt principiile lui Dumnezeu: iubirea, \u00een\u021belepciunea, protec\u021bia, bog\u0103\u021bia \u0219i multe altele. Prin \u00eengeri, \u00eemp\u0103rt\u0103\u0219e\u0219ti aceste calit\u0103\u021bi divine cu ceilal\u021bi: bucurie, s\u0103n\u0103tate, \u00eendrumare sau putere, iar ace\u0219ti \u00eengeri aduc esen\u021ba harului lui Dumnezeu \u00een vie\u021bile oamenilor.\u00a0<\/span><\/p>\n<p><span style=\"font-weight: 400;\">C\u00e2nd \u00eencepi s\u0103 cre\u0219ti ca putere devi vizibil. Aceasta este diferen\u021ba c\u00e2nd e\u0219ti mic. Mic e\u0219ti invizibil, mare e\u0219ti vizibil.\u00a0<\/span><\/p>\n<p>&nbsp;<\/p>\n<p>&nbsp;<\/p>\n<p>&nbsp;<\/p>\n<\/div>\n<p>&nbsp;<\/p>\n<div dir=\"auto\">\n<p>&nbsp;<\/p>\n<p>&nbsp;<\/p>\n<\/div>\n","protected":false},"excerpt":{"rendered":"<p>LOCURI NELIMITATE!<\/p>\n<p>Cursul: ,,Cre\u0219terea puterii <span style=\"font-weight: 400;\">interioare <\/span>pe lumin\u0103 ,,\u00cengerii\u201d &#8211; Modulul II &#8211; acces online\u201d sus\u021binut de dr. Ovidiu Drago\u0219 Arge\u0219anu la Craiova \u00een data de 13 iunie 2024.<\/p>\n<p>&nbsp;<\/p>\n<p>&nbsp;<\/p>\n","protected":false},"featured_media":11461,"template":"","meta":{"inline_featured_image":false},"product_brand":[],"product_cat":[795],"product_tag":[],"class_list":{"0":"post-26475","1":"product","2":"type-product","3":"status-publish","4":"has-post-thumbnail","6":"product_cat-seniori","8":"first","9":"instock","10":"sale","11":"virtual","12":"sold-individually","13":"taxable","14":"purchasable","15":"product-type-simple"},"yoast_head":"<!-- This site is optimized with the Yoast SEO plugin v26.9 - https:\/\/yoast.com\/product\/yoast-seo-wordpress\/ -->\n<title>Curs: Cresterea puterii interioare pe lumina ,,Ingerii\u201d Modulul II- Craiova - acces online (Seniori) - Ovidiu Drago\u0219 Arge\u0219anu<\/title>\n<meta name=\"description\" content=\"Cursul: ,,Cre\u0219terea puterii interioare pe lumin\u0103 ,,\u00cengerii\u201d - Modulul II - acces online\u201d sus\u021binut de dr. Ovidiu Drago\u0219 Arge\u0219anu la Craiova \u00een data de 13\" \/>\n<meta name=\"robots\" content=\"noindex, follow, max-snippet:-1, max-image-preview:large, max-video-preview:-1\" \/>\n<meta property=\"og:locale\" content=\"en_US\" \/>\n<meta property=\"og:type\" content=\"article\" \/>\n<meta property=\"og:title\" content=\"Curs: Cresterea puterii interioare pe lumina ,,Ingerii\u201d Modulul II- Craiova - acces online (Seniori) - Ovidiu Drago\u0219 Arge\u0219anu\" \/>\n<meta property=\"og:description\" content=\"Cursul: ,,Cre\u0219terea puterii interioare pe lumin\u0103 ,,\u00cengerii\u201d - Modulul II - acces online\u201d sus\u021binut de dr. Ovidiu Drago\u0219 Arge\u0219anu la Craiova \u00een data de 13\" \/>\n<meta property=\"og:url\" content=\"https:\/\/www.ovidiudragosargesanu.ro\/en\/shop\/seniori\/curs-cresterea-puterii-interioare-pe-lumina-ingerii-modulul-ii-craiova-acces-online-seniori\/\" \/>\n<meta property=\"og:site_name\" content=\"Ovidiu Drago\u0219 Arge\u0219anu\" \/>\n<meta property=\"article:modified_time\" content=\"2025-02-28T18:55:23+00:00\" \/>\n<meta property=\"og:image\" content=\"https:\/\/www.ovidiudragosargesanu.ro\/en\/wp-content\/uploads\/2024\/05\/Curs-Cresterea-puterii-interioare-pe-lumina-Ingerii-Modulul-II-Craiova-600x800-1.jpg\" \/>\n\t<meta property=\"og:image:width\" content=\"1536\" \/>\n\t<meta property=\"og:image:height\" content=\"2048\" \/>\n\t<meta property=\"og:image:type\" content=\"image\/jpeg\" \/>\n<meta name=\"twitter:card\" content=\"summary_large_image\" \/>\n<meta name=\"twitter:label1\" content=\"Est. reading time\" \/>\n\t<meta name=\"twitter:data1\" content=\"1 minute\" \/>\n<script type=\"application\/ld+json\" class=\"yoast-schema-graph\">{\"@context\":\"https:\/\/schema.org\",\"@graph\":[{\"@type\":\"WebPage\",\"@id\":\"https:\/\/www.ovidiudragosargesanu.ro\/en\/shop\/seniori\/curs-cresterea-puterii-interioare-pe-lumina-ingerii-modulul-ii-craiova-acces-online-seniori\/\",\"url\":\"https:\/\/www.ovidiudragosargesanu.ro\/en\/shop\/seniori\/curs-cresterea-puterii-interioare-pe-lumina-ingerii-modulul-ii-craiova-acces-online-seniori\/\",\"name\":\"Curs: Cresterea puterii interioare pe lumina ,,Ingerii\u201d Modulul II- Craiova - acces online (Seniori) - Ovidiu Drago\u0219 Arge\u0219anu\",\"isPartOf\":{\"@id\":\"https:\/\/www.ovidiudragosargesanu.ro\/en\/#website\"},\"primaryImageOfPage\":{\"@id\":\"https:\/\/www.ovidiudragosargesanu.ro\/en\/shop\/seniori\/curs-cresterea-puterii-interioare-pe-lumina-ingerii-modulul-ii-craiova-acces-online-seniori\/#primaryimage\"},\"image\":{\"@id\":\"https:\/\/www.ovidiudragosargesanu.ro\/en\/shop\/seniori\/curs-cresterea-puterii-interioare-pe-lumina-ingerii-modulul-ii-craiova-acces-online-seniori\/#primaryimage\"},\"thumbnailUrl\":\"https:\/\/www.ovidiudragosargesanu.ro\/en\/wp-content\/uploads\/2024\/05\/Curs-Cresterea-puterii-interioare-pe-lumina-Ingerii-Modulul-II-Craiova-600x800-1.jpg\",\"datePublished\":\"2024-11-16T14:30:16+00:00\",\"dateModified\":\"2025-02-28T18:55:23+00:00\",\"description\":\"Cursul: ,,Cre\u0219terea puterii interioare pe lumin\u0103 ,,\u00cengerii\u201d - Modulul II - acces online\u201d sus\u021binut de dr. Ovidiu Drago\u0219 Arge\u0219anu la Craiova \u00een data de 13\",\"breadcrumb\":{\"@id\":\"https:\/\/www.ovidiudragosargesanu.ro\/en\/shop\/seniori\/curs-cresterea-puterii-interioare-pe-lumina-ingerii-modulul-ii-craiova-acces-online-seniori\/#breadcrumb\"},\"inLanguage\":\"en-US\",\"potentialAction\":[{\"@type\":\"ReadAction\",\"target\":[\"https:\/\/www.ovidiudragosargesanu.ro\/en\/shop\/seniori\/curs-cresterea-puterii-interioare-pe-lumina-ingerii-modulul-ii-craiova-acces-online-seniori\/\"]}]},{\"@type\":\"ImageObject\",\"inLanguage\":\"en-US\",\"@id\":\"https:\/\/www.ovidiudragosargesanu.ro\/en\/shop\/seniori\/curs-cresterea-puterii-interioare-pe-lumina-ingerii-modulul-ii-craiova-acces-online-seniori\/#primaryimage\",\"url\":\"https:\/\/www.ovidiudragosargesanu.ro\/en\/wp-content\/uploads\/2024\/05\/Curs-Cresterea-puterii-interioare-pe-lumina-Ingerii-Modulul-II-Craiova-600x800-1.jpg\",\"contentUrl\":\"https:\/\/www.ovidiudragosargesanu.ro\/en\/wp-content\/uploads\/2024\/05\/Curs-Cresterea-puterii-interioare-pe-lumina-Ingerii-Modulul-II-Craiova-600x800-1.jpg\",\"width\":1536,\"height\":2048},{\"@type\":\"BreadcrumbList\",\"@id\":\"https:\/\/www.ovidiudragosargesanu.ro\/en\/shop\/seniori\/curs-cresterea-puterii-interioare-pe-lumina-ingerii-modulul-ii-craiova-acces-online-seniori\/#breadcrumb\",\"itemListElement\":[{\"@type\":\"ListItem\",\"position\":1,\"name\":\"Prima pagin\u0103\",\"item\":\"https:\/\/www.ovidiudragosargesanu.ro\/en\/\"},{\"@type\":\"ListItem\",\"position\":2,\"name\":\"Shop\",\"item\":\"https:\/\/www.ovidiudragosargesanu.ro\/en\/shop\/\"},{\"@type\":\"ListItem\",\"position\":3,\"name\":\"Curs: Cresterea puterii interioare pe lumina ,,Ingerii\u201d Modulul II- Craiova &#8211; acces online (Seniori)\"}]},{\"@type\":\"WebSite\",\"@id\":\"https:\/\/www.ovidiudragosargesanu.ro\/en\/#website\",\"url\":\"https:\/\/www.ovidiudragosargesanu.ro\/en\/\",\"name\":\"Ovidiu Drago\u0219 Arge\u0219anu\",\"description\":\"\",\"publisher\":{\"@id\":\"https:\/\/www.ovidiudragosargesanu.ro\/en\/#organization\"},\"potentialAction\":[{\"@type\":\"SearchAction\",\"target\":{\"@type\":\"EntryPoint\",\"urlTemplate\":\"https:\/\/www.ovidiudragosargesanu.ro\/en\/?s={search_term_string}\"},\"query-input\":{\"@type\":\"PropertyValueSpecification\",\"valueRequired\":true,\"valueName\":\"search_term_string\"}}],\"inLanguage\":\"en-US\"},{\"@type\":\"Organization\",\"@id\":\"https:\/\/www.ovidiudragosargesanu.ro\/en\/#organization\",\"name\":\"Ovidiu Drago\u0219 Arge\u0219anu\",\"url\":\"https:\/\/www.ovidiudragosargesanu.ro\/en\/\",\"logo\":{\"@type\":\"ImageObject\",\"inLanguage\":\"en-US\",\"@id\":\"https:\/\/www.ovidiudragosargesanu.ro\/en\/#\/schema\/logo\/image\/\",\"url\":\"https:\/\/www.ovidiudragosargesanu.ro\/en\/wp-content\/uploads\/2018\/03\/dragos-logo-lotus-black-400.svg\",\"contentUrl\":\"https:\/\/www.ovidiudragosargesanu.ro\/en\/wp-content\/uploads\/2018\/03\/dragos-logo-lotus-black-400.svg\",\"width\":300,\"height\":150,\"caption\":\"Ovidiu Drago\u0219 Arge\u0219anu\"},\"image\":{\"@id\":\"https:\/\/www.ovidiudragosargesanu.ro\/en\/#\/schema\/logo\/image\/\"}}]}<\/script>\n<!-- \/ Yoast SEO plugin. -->","yoast_head_json":{"title":"Curs: Cresterea puterii interioare pe lumina ,,Ingerii\u201d Modulul II- Craiova - acces online (Seniori) - Ovidiu Drago\u0219 Arge\u0219anu","description":"Cursul: ,,Cre\u0219terea puterii interioare pe lumin\u0103 ,,\u00cengerii\u201d - Modulul II - acces online\u201d sus\u021binut de dr. Ovidiu Drago\u0219 Arge\u0219anu la Craiova \u00een data de 13","robots":{"index":"noindex","follow":"follow","max-snippet":"max-snippet:-1","max-image-preview":"max-image-preview:large","max-video-preview":"max-video-preview:-1"},"og_locale":"en_US","og_type":"article","og_title":"Curs: Cresterea puterii interioare pe lumina ,,Ingerii\u201d Modulul II- Craiova - acces online (Seniori) - Ovidiu Drago\u0219 Arge\u0219anu","og_description":"Cursul: ,,Cre\u0219terea puterii interioare pe lumin\u0103 ,,\u00cengerii\u201d - Modulul II - acces online\u201d sus\u021binut de dr. Ovidiu Drago\u0219 Arge\u0219anu la Craiova \u00een data de 13","og_url":"https:\/\/www.ovidiudragosargesanu.ro\/en\/shop\/seniori\/curs-cresterea-puterii-interioare-pe-lumina-ingerii-modulul-ii-craiova-acces-online-seniori\/","og_site_name":"Ovidiu Drago\u0219 Arge\u0219anu","article_modified_time":"2025-02-28T18:55:23+00:00","og_image":[{"width":1536,"height":2048,"url":"https:\/\/www.ovidiudragosargesanu.ro\/en\/wp-content\/uploads\/2024\/05\/Curs-Cresterea-puterii-interioare-pe-lumina-Ingerii-Modulul-II-Craiova-600x800-1.jpg","type":"image\/jpeg"}],"twitter_card":"summary_large_image","twitter_misc":{"Est. reading time":"1 minute"},"schema":{"@context":"https:\/\/schema.org","@graph":[{"@type":"WebPage","@id":"https:\/\/www.ovidiudragosargesanu.ro\/en\/shop\/seniori\/curs-cresterea-puterii-interioare-pe-lumina-ingerii-modulul-ii-craiova-acces-online-seniori\/","url":"https:\/\/www.ovidiudragosargesanu.ro\/en\/shop\/seniori\/curs-cresterea-puterii-interioare-pe-lumina-ingerii-modulul-ii-craiova-acces-online-seniori\/","name":"Curs: Cresterea puterii interioare pe lumina ,,Ingerii\u201d Modulul II- Craiova - acces online (Seniori) - Ovidiu Drago\u0219 Arge\u0219anu","isPartOf":{"@id":"https:\/\/www.ovidiudragosargesanu.ro\/en\/#website"},"primaryImageOfPage":{"@id":"https:\/\/www.ovidiudragosargesanu.ro\/en\/shop\/seniori\/curs-cresterea-puterii-interioare-pe-lumina-ingerii-modulul-ii-craiova-acces-online-seniori\/#primaryimage"},"image":{"@id":"https:\/\/www.ovidiudragosargesanu.ro\/en\/shop\/seniori\/curs-cresterea-puterii-interioare-pe-lumina-ingerii-modulul-ii-craiova-acces-online-seniori\/#primaryimage"},"thumbnailUrl":"https:\/\/www.ovidiudragosargesanu.ro\/en\/wp-content\/uploads\/2024\/05\/Curs-Cresterea-puterii-interioare-pe-lumina-Ingerii-Modulul-II-Craiova-600x800-1.jpg","datePublished":"2024-11-16T14:30:16+00:00","dateModified":"2025-02-28T18:55:23+00:00","description":"Cursul: ,,Cre\u0219terea puterii interioare pe lumin\u0103 ,,\u00cengerii\u201d - Modulul II - acces online\u201d sus\u021binut de dr. Ovidiu Drago\u0219 Arge\u0219anu la Craiova \u00een data de 13","breadcrumb":{"@id":"https:\/\/www.ovidiudragosargesanu.ro\/en\/shop\/seniori\/curs-cresterea-puterii-interioare-pe-lumina-ingerii-modulul-ii-craiova-acces-online-seniori\/#breadcrumb"},"inLanguage":"en-US","potentialAction":[{"@type":"ReadAction","target":["https:\/\/www.ovidiudragosargesanu.ro\/en\/shop\/seniori\/curs-cresterea-puterii-interioare-pe-lumina-ingerii-modulul-ii-craiova-acces-online-seniori\/"]}]},{"@type":"ImageObject","inLanguage":"en-US","@id":"https:\/\/www.ovidiudragosargesanu.ro\/en\/shop\/seniori\/curs-cresterea-puterii-interioare-pe-lumina-ingerii-modulul-ii-craiova-acces-online-seniori\/#primaryimage","url":"https:\/\/www.ovidiudragosargesanu.ro\/en\/wp-content\/uploads\/2024\/05\/Curs-Cresterea-puterii-interioare-pe-lumina-Ingerii-Modulul-II-Craiova-600x800-1.jpg","contentUrl":"https:\/\/www.ovidiudragosargesanu.ro\/en\/wp-content\/uploads\/2024\/05\/Curs-Cresterea-puterii-interioare-pe-lumina-Ingerii-Modulul-II-Craiova-600x800-1.jpg","width":1536,"height":2048},{"@type":"BreadcrumbList","@id":"https:\/\/www.ovidiudragosargesanu.ro\/en\/shop\/seniori\/curs-cresterea-puterii-interioare-pe-lumina-ingerii-modulul-ii-craiova-acces-online-seniori\/#breadcrumb","itemListElement":[{"@type":"ListItem","position":1,"name":"Prima pagin\u0103","item":"https:\/\/www.ovidiudragosargesanu.ro\/en\/"},{"@type":"ListItem","position":2,"name":"Shop","item":"https:\/\/www.ovidiudragosargesanu.ro\/en\/shop\/"},{"@type":"ListItem","position":3,"name":"Curs: Cresterea puterii interioare pe lumina ,,Ingerii\u201d Modulul II- Craiova &#8211; acces online (Seniori)"}]},{"@type":"WebSite","@id":"https:\/\/www.ovidiudragosargesanu.ro\/en\/#website","url":"https:\/\/www.ovidiudragosargesanu.ro\/en\/","name":"Ovidiu Drago\u0219 Arge\u0219anu","description":"","publisher":{"@id":"https:\/\/www.ovidiudragosargesanu.ro\/en\/#organization"},"potentialAction":[{"@type":"SearchAction","target":{"@type":"EntryPoint","urlTemplate":"https:\/\/www.ovidiudragosargesanu.ro\/en\/?s={search_term_string}"},"query-input":{"@type":"PropertyValueSpecification","valueRequired":true,"valueName":"search_term_string"}}],"inLanguage":"en-US"},{"@type":"Organization","@id":"https:\/\/www.ovidiudragosargesanu.ro\/en\/#organization","name":"Ovidiu Drago\u0219 Arge\u0219anu","url":"https:\/\/www.ovidiudragosargesanu.ro\/en\/","logo":{"@type":"ImageObject","inLanguage":"en-US","@id":"https:\/\/www.ovidiudragosargesanu.ro\/en\/#\/schema\/logo\/image\/","url":"https:\/\/www.ovidiudragosargesanu.ro\/en\/wp-content\/uploads\/2018\/03\/dragos-logo-lotus-black-400.svg","contentUrl":"https:\/\/www.ovidiudragosargesanu.ro\/en\/wp-content\/uploads\/2018\/03\/dragos-logo-lotus-black-400.svg","width":300,"height":150,"caption":"Ovidiu Drago\u0219 Arge\u0219anu"},"image":{"@id":"https:\/\/www.ovidiudragosargesanu.ro\/en\/#\/schema\/logo\/image\/"}}]}},"_links":{"self":[{"href":"https:\/\/www.ovidiudragosargesanu.ro\/en\/wp-json\/wp\/v2\/product\/26475","targetHints":{"allow":["GET"]}}],"collection":[{"href":"https:\/\/www.ovidiudragosargesanu.ro\/en\/wp-json\/wp\/v2\/product"}],"about":[{"href":"https:\/\/www.ovidiudragosargesanu.ro\/en\/wp-json\/wp\/v2\/types\/product"}],"version-history":[{"count":1,"href":"https:\/\/www.ovidiudragosargesanu.ro\/en\/wp-json\/wp\/v2\/product\/26475\/revisions"}],"predecessor-version":[{"id":26476,"href":"https:\/\/www.ovidiudragosargesanu.ro\/en\/wp-json\/wp\/v2\/product\/26475\/revisions\/26476"}],"wp:featuredmedia":[{"embeddable":true,"href":"https:\/\/www.ovidiudragosargesanu.ro\/en\/wp-json\/wp\/v2\/media\/11461"}],"wp:attachment":[{"href":"https:\/\/www.ovidiudragosargesanu.ro\/en\/wp-json\/wp\/v2\/media?parent=26475"}],"wp:term":[{"taxonomy":"product_brand","embeddable":true,"href":"https:\/\/www.ovidiudragosargesanu.ro\/en\/wp-json\/wp\/v2\/product_brand?post=26475"},{"taxonomy":"product_cat","embeddable":true,"href":"https:\/\/www.ovidiudragosargesanu.ro\/en\/wp-json\/wp\/v2\/product_cat?post=26475"},{"taxonomy":"product_tag","embeddable":true,"href":"https:\/\/www.ovidiudragosargesanu.ro\/en\/wp-json\/wp\/v2\/product_tag?post=26475"}],"curies":[{"name":"wp","href":"https:\/\/api.w.org\/{rel}","templated":true}]}}