{"id":26477,"date":"2024-11-16T16:31:32","date_gmt":"2024-11-16T14:31:32","guid":{"rendered":"https:\/\/www.ovidiudragosargesanu.ro\/?post_type=product&#038;p=26477"},"modified":"2025-02-28T20:54:56","modified_gmt":"2025-02-28T18:54:56","slug":"curs-karuna-maestrie-oradea-acces-online-seniori","status":"publish","type":"product","link":"https:\/\/www.ovidiudragosargesanu.ro\/en\/shop\/seniori\/curs-karuna-maestrie-oradea-acces-online-seniori\/","title":{"rendered":"Curs: Karuna Maestrie &#8211; Oradea &#8211; acces online (Seniori)"},"content":{"rendered":"<div dir=\"auto\">\n<p>Cursul: ,,Karuna M\u0103estrie &#8211; acces online\u201d sus\u021binut de dr. Ovidiu Drago\u0219 Arge\u0219anu la Oradea \u00een data de 30 mai 2024.<\/p>\n<div dir=\"auto\">\n<div dir=\"auto\">V\u0103 invit\u0103m al\u0103turi de dr. Ovidiu Drago\u0219 Arge\u0219anu pe to\u021bi cei care ave\u021bi M\u0103estria Reiki \u0219i ini\u021biere pe Karuna gradul 2, s\u0103 experiment\u0103m \u00eempreun\u0103 M\u0103estria Karuna, care reprezint\u0103 \u00eenc\u0103 un pas pe calea evolu\u021biei noastre spirituale, pe calea compasiunii.<\/div>\n<div dir=\"auto\">Ve\u021bi \u00eenv\u0103\u021ba al\u0103turi de noi:<\/div>\n<div dir=\"auto\">&#8211; cele 3 simboluri specifice pentru canalizarea energiei Karuna, care sunt de vibra\u021bie foart \u00eenalt\u0103, mai \u00eenalt\u0103 dec\u00e2t Reiki \u0219i care sunt capabile s\u0103 v\u0103 activeze m\u00e2inile cu o for\u021b\u0103 mult mai puternic\u0103 dec\u00e2t ceea ce a\u021bi experimentat p\u00e2n\u0103 acum,<\/div>\n<div dir=\"auto\">&#8211; procedura de acordaj,<\/div>\n<div dir=\"auto\">&#8211; Suflul Violet<\/div>\n<div dir=\"auto\">&#8211; un proces de ini\u021biere simplu, eficient, at\u00e2t pentru transmiterea ini\u021bierii c\u0103tre alte persoane c\u00e2t \u0219i pentru alinierea chakrelor.<\/div>\n<\/div>\n<p>&nbsp;<\/p>\n<\/div>\n<p>&nbsp;<\/p>\n<div dir=\"auto\">\n<p>&nbsp;<\/p>\n<p>&nbsp;<\/p>\n<\/div>\n","protected":false},"excerpt":{"rendered":"<p>LOCURI NELIMITATE!<\/p>\n<p>Cursul: ,,Karuna M\u0103estrie &#8211; acces online\u201d sus\u021binut de dr. Ovidiu Drago\u0219 Arge\u0219anu la Oradea \u00een data de 30 mai 2024.<\/p>\n<p>&nbsp;<\/p>\n","protected":false},"featured_media":11000,"template":"","meta":{"inline_featured_image":false},"product_brand":[],"product_cat":[795],"product_tag":[],"class_list":{"0":"post-26477","1":"product","2":"type-product","3":"status-publish","4":"has-post-thumbnail","6":"product_cat-seniori","8":"first","9":"instock","10":"sale","11":"virtual","12":"sold-individually","13":"taxable","14":"purchasable","15":"product-type-simple"},"yoast_head":"<!-- This site is optimized with the Yoast SEO plugin v26.9 - https:\/\/yoast.com\/product\/yoast-seo-wordpress\/ -->\n<title>Curs: Karuna Maestrie - Oradea - acces online (Seniori) - Ovidiu Drago\u0219 Arge\u0219anu<\/title>\n<meta name=\"description\" content=\"Cursul: ,,Karuna M\u0103estrie - acces online\u201d sus\u021binut de dr. Ovidiu Drago\u0219 Arge\u0219anu la Oradea \u00een data de 30 mai 2024 \u00eencep\u00e2nd cu ora 17.30 la Hotel Maxim Oradea.\" \/>\n<meta name=\"robots\" content=\"noindex, follow, max-snippet:-1, max-image-preview:large, max-video-preview:-1\" \/>\n<meta property=\"og:locale\" content=\"en_US\" \/>\n<meta property=\"og:type\" content=\"article\" \/>\n<meta property=\"og:title\" content=\"Curs: Karuna Maestrie - Oradea - acces online (Seniori) - Ovidiu Drago\u0219 Arge\u0219anu\" \/>\n<meta property=\"og:description\" content=\"Cursul: ,,Karuna M\u0103estrie - acces online\u201d sus\u021binut de dr. Ovidiu Drago\u0219 Arge\u0219anu la Oradea \u00een data de 30 mai 2024 \u00eencep\u00e2nd cu ora 17.30 la Hotel Maxim Oradea.\" \/>\n<meta property=\"og:url\" content=\"https:\/\/www.ovidiudragosargesanu.ro\/en\/shop\/seniori\/curs-karuna-maestrie-oradea-acces-online-seniori\/\" \/>\n<meta property=\"og:site_name\" content=\"Ovidiu Drago\u0219 Arge\u0219anu\" \/>\n<meta property=\"article:modified_time\" content=\"2025-02-28T18:54:56+00:00\" \/>\n<meta property=\"og:image\" content=\"https:\/\/www.ovidiudragosargesanu.ro\/en\/wp-content\/uploads\/2024\/04\/karuna-maestrie-oradea-600x800-1-768x1024.png\" \/>\n\t<meta property=\"og:image:width\" content=\"768\" \/>\n\t<meta property=\"og:image:height\" content=\"1024\" \/>\n\t<meta property=\"og:image:type\" content=\"image\/png\" \/>\n<meta name=\"twitter:card\" content=\"summary_large_image\" \/>\n<meta name=\"twitter:label1\" content=\"Est. reading time\" \/>\n\t<meta name=\"twitter:data1\" content=\"1 minute\" \/>\n<script type=\"application\/ld+json\" class=\"yoast-schema-graph\">{\"@context\":\"https:\/\/schema.org\",\"@graph\":[{\"@type\":\"WebPage\",\"@id\":\"https:\/\/www.ovidiudragosargesanu.ro\/en\/shop\/seniori\/curs-karuna-maestrie-oradea-acces-online-seniori\/\",\"url\":\"https:\/\/www.ovidiudragosargesanu.ro\/en\/shop\/seniori\/curs-karuna-maestrie-oradea-acces-online-seniori\/\",\"name\":\"Curs: Karuna Maestrie - Oradea - acces online (Seniori) - Ovidiu Drago\u0219 Arge\u0219anu\",\"isPartOf\":{\"@id\":\"https:\/\/www.ovidiudragosargesanu.ro\/en\/#website\"},\"primaryImageOfPage\":{\"@id\":\"https:\/\/www.ovidiudragosargesanu.ro\/en\/shop\/seniori\/curs-karuna-maestrie-oradea-acces-online-seniori\/#primaryimage\"},\"image\":{\"@id\":\"https:\/\/www.ovidiudragosargesanu.ro\/en\/shop\/seniori\/curs-karuna-maestrie-oradea-acces-online-seniori\/#primaryimage\"},\"thumbnailUrl\":\"https:\/\/www.ovidiudragosargesanu.ro\/en\/wp-content\/uploads\/2024\/04\/karuna-maestrie-oradea-600x800-1.png\",\"datePublished\":\"2024-11-16T14:31:32+00:00\",\"dateModified\":\"2025-02-28T18:54:56+00:00\",\"description\":\"Cursul: ,,Karuna M\u0103estrie - acces online\u201d sus\u021binut de dr. Ovidiu Drago\u0219 Arge\u0219anu la Oradea \u00een data de 30 mai 2024 \u00eencep\u00e2nd cu ora 17.30 la Hotel Maxim Oradea.\",\"breadcrumb\":{\"@id\":\"https:\/\/www.ovidiudragosargesanu.ro\/en\/shop\/seniori\/curs-karuna-maestrie-oradea-acces-online-seniori\/#breadcrumb\"},\"inLanguage\":\"en-US\",\"potentialAction\":[{\"@type\":\"ReadAction\",\"target\":[\"https:\/\/www.ovidiudragosargesanu.ro\/en\/shop\/seniori\/curs-karuna-maestrie-oradea-acces-online-seniori\/\"]}]},{\"@type\":\"ImageObject\",\"inLanguage\":\"en-US\",\"@id\":\"https:\/\/www.ovidiudragosargesanu.ro\/en\/shop\/seniori\/curs-karuna-maestrie-oradea-acces-online-seniori\/#primaryimage\",\"url\":\"https:\/\/www.ovidiudragosargesanu.ro\/en\/wp-content\/uploads\/2024\/04\/karuna-maestrie-oradea-600x800-1.png\",\"contentUrl\":\"https:\/\/www.ovidiudragosargesanu.ro\/en\/wp-content\/uploads\/2024\/04\/karuna-maestrie-oradea-600x800-1.png\",\"width\":2268,\"height\":3024},{\"@type\":\"BreadcrumbList\",\"@id\":\"https:\/\/www.ovidiudragosargesanu.ro\/en\/shop\/seniori\/curs-karuna-maestrie-oradea-acces-online-seniori\/#breadcrumb\",\"itemListElement\":[{\"@type\":\"ListItem\",\"position\":1,\"name\":\"Prima pagin\u0103\",\"item\":\"https:\/\/www.ovidiudragosargesanu.ro\/en\/\"},{\"@type\":\"ListItem\",\"position\":2,\"name\":\"Shop\",\"item\":\"https:\/\/www.ovidiudragosargesanu.ro\/en\/shop\/\"},{\"@type\":\"ListItem\",\"position\":3,\"name\":\"Curs: Karuna Maestrie &#8211; Oradea &#8211; acces online (Seniori)\"}]},{\"@type\":\"WebSite\",\"@id\":\"https:\/\/www.ovidiudragosargesanu.ro\/en\/#website\",\"url\":\"https:\/\/www.ovidiudragosargesanu.ro\/en\/\",\"name\":\"Ovidiu Drago\u0219 Arge\u0219anu\",\"description\":\"\",\"publisher\":{\"@id\":\"https:\/\/www.ovidiudragosargesanu.ro\/en\/#organization\"},\"potentialAction\":[{\"@type\":\"SearchAction\",\"target\":{\"@type\":\"EntryPoint\",\"urlTemplate\":\"https:\/\/www.ovidiudragosargesanu.ro\/en\/?s={search_term_string}\"},\"query-input\":{\"@type\":\"PropertyValueSpecification\",\"valueRequired\":true,\"valueName\":\"search_term_string\"}}],\"inLanguage\":\"en-US\"},{\"@type\":\"Organization\",\"@id\":\"https:\/\/www.ovidiudragosargesanu.ro\/en\/#organization\",\"name\":\"Ovidiu Drago\u0219 Arge\u0219anu\",\"url\":\"https:\/\/www.ovidiudragosargesanu.ro\/en\/\",\"logo\":{\"@type\":\"ImageObject\",\"inLanguage\":\"en-US\",\"@id\":\"https:\/\/www.ovidiudragosargesanu.ro\/en\/#\/schema\/logo\/image\/\",\"url\":\"https:\/\/www.ovidiudragosargesanu.ro\/en\/wp-content\/uploads\/2018\/03\/dragos-logo-lotus-black-400.svg\",\"contentUrl\":\"https:\/\/www.ovidiudragosargesanu.ro\/en\/wp-content\/uploads\/2018\/03\/dragos-logo-lotus-black-400.svg\",\"width\":300,\"height\":150,\"caption\":\"Ovidiu Drago\u0219 Arge\u0219anu\"},\"image\":{\"@id\":\"https:\/\/www.ovidiudragosargesanu.ro\/en\/#\/schema\/logo\/image\/\"}}]}<\/script>\n<!-- \/ Yoast SEO plugin. -->","yoast_head_json":{"title":"Curs: Karuna Maestrie - Oradea - acces online (Seniori) - Ovidiu Drago\u0219 Arge\u0219anu","description":"Cursul: ,,Karuna M\u0103estrie - acces online\u201d sus\u021binut de dr. Ovidiu Drago\u0219 Arge\u0219anu la Oradea \u00een data de 30 mai 2024 \u00eencep\u00e2nd cu ora 17.30 la Hotel Maxim Oradea.","robots":{"index":"noindex","follow":"follow","max-snippet":"max-snippet:-1","max-image-preview":"max-image-preview:large","max-video-preview":"max-video-preview:-1"},"og_locale":"en_US","og_type":"article","og_title":"Curs: Karuna Maestrie - Oradea - acces online (Seniori) - Ovidiu Drago\u0219 Arge\u0219anu","og_description":"Cursul: ,,Karuna M\u0103estrie - acces online\u201d sus\u021binut de dr. Ovidiu Drago\u0219 Arge\u0219anu la Oradea \u00een data de 30 mai 2024 \u00eencep\u00e2nd cu ora 17.30 la Hotel Maxim Oradea.","og_url":"https:\/\/www.ovidiudragosargesanu.ro\/en\/shop\/seniori\/curs-karuna-maestrie-oradea-acces-online-seniori\/","og_site_name":"Ovidiu Drago\u0219 Arge\u0219anu","article_modified_time":"2025-02-28T18:54:56+00:00","og_image":[{"width":768,"height":1024,"url":"https:\/\/www.ovidiudragosargesanu.ro\/en\/wp-content\/uploads\/2024\/04\/karuna-maestrie-oradea-600x800-1-768x1024.png","type":"image\/png"}],"twitter_card":"summary_large_image","twitter_misc":{"Est. reading time":"1 minute"},"schema":{"@context":"https:\/\/schema.org","@graph":[{"@type":"WebPage","@id":"https:\/\/www.ovidiudragosargesanu.ro\/en\/shop\/seniori\/curs-karuna-maestrie-oradea-acces-online-seniori\/","url":"https:\/\/www.ovidiudragosargesanu.ro\/en\/shop\/seniori\/curs-karuna-maestrie-oradea-acces-online-seniori\/","name":"Curs: Karuna Maestrie - Oradea - acces online (Seniori) - Ovidiu Drago\u0219 Arge\u0219anu","isPartOf":{"@id":"https:\/\/www.ovidiudragosargesanu.ro\/en\/#website"},"primaryImageOfPage":{"@id":"https:\/\/www.ovidiudragosargesanu.ro\/en\/shop\/seniori\/curs-karuna-maestrie-oradea-acces-online-seniori\/#primaryimage"},"image":{"@id":"https:\/\/www.ovidiudragosargesanu.ro\/en\/shop\/seniori\/curs-karuna-maestrie-oradea-acces-online-seniori\/#primaryimage"},"thumbnailUrl":"https:\/\/www.ovidiudragosargesanu.ro\/en\/wp-content\/uploads\/2024\/04\/karuna-maestrie-oradea-600x800-1.png","datePublished":"2024-11-16T14:31:32+00:00","dateModified":"2025-02-28T18:54:56+00:00","description":"Cursul: ,,Karuna M\u0103estrie - acces online\u201d sus\u021binut de dr. Ovidiu Drago\u0219 Arge\u0219anu la Oradea \u00een data de 30 mai 2024 \u00eencep\u00e2nd cu ora 17.30 la Hotel Maxim Oradea.","breadcrumb":{"@id":"https:\/\/www.ovidiudragosargesanu.ro\/en\/shop\/seniori\/curs-karuna-maestrie-oradea-acces-online-seniori\/#breadcrumb"},"inLanguage":"en-US","potentialAction":[{"@type":"ReadAction","target":["https:\/\/www.ovidiudragosargesanu.ro\/en\/shop\/seniori\/curs-karuna-maestrie-oradea-acces-online-seniori\/"]}]},{"@type":"ImageObject","inLanguage":"en-US","@id":"https:\/\/www.ovidiudragosargesanu.ro\/en\/shop\/seniori\/curs-karuna-maestrie-oradea-acces-online-seniori\/#primaryimage","url":"https:\/\/www.ovidiudragosargesanu.ro\/en\/wp-content\/uploads\/2024\/04\/karuna-maestrie-oradea-600x800-1.png","contentUrl":"https:\/\/www.ovidiudragosargesanu.ro\/en\/wp-content\/uploads\/2024\/04\/karuna-maestrie-oradea-600x800-1.png","width":2268,"height":3024},{"@type":"BreadcrumbList","@id":"https:\/\/www.ovidiudragosargesanu.ro\/en\/shop\/seniori\/curs-karuna-maestrie-oradea-acces-online-seniori\/#breadcrumb","itemListElement":[{"@type":"ListItem","position":1,"name":"Prima pagin\u0103","item":"https:\/\/www.ovidiudragosargesanu.ro\/en\/"},{"@type":"ListItem","position":2,"name":"Shop","item":"https:\/\/www.ovidiudragosargesanu.ro\/en\/shop\/"},{"@type":"ListItem","position":3,"name":"Curs: Karuna Maestrie &#8211; Oradea &#8211; acces online (Seniori)"}]},{"@type":"WebSite","@id":"https:\/\/www.ovidiudragosargesanu.ro\/en\/#website","url":"https:\/\/www.ovidiudragosargesanu.ro\/en\/","name":"Ovidiu Drago\u0219 Arge\u0219anu","description":"","publisher":{"@id":"https:\/\/www.ovidiudragosargesanu.ro\/en\/#organization"},"potentialAction":[{"@type":"SearchAction","target":{"@type":"EntryPoint","urlTemplate":"https:\/\/www.ovidiudragosargesanu.ro\/en\/?s={search_term_string}"},"query-input":{"@type":"PropertyValueSpecification","valueRequired":true,"valueName":"search_term_string"}}],"inLanguage":"en-US"},{"@type":"Organization","@id":"https:\/\/www.ovidiudragosargesanu.ro\/en\/#organization","name":"Ovidiu Drago\u0219 Arge\u0219anu","url":"https:\/\/www.ovidiudragosargesanu.ro\/en\/","logo":{"@type":"ImageObject","inLanguage":"en-US","@id":"https:\/\/www.ovidiudragosargesanu.ro\/en\/#\/schema\/logo\/image\/","url":"https:\/\/www.ovidiudragosargesanu.ro\/en\/wp-content\/uploads\/2018\/03\/dragos-logo-lotus-black-400.svg","contentUrl":"https:\/\/www.ovidiudragosargesanu.ro\/en\/wp-content\/uploads\/2018\/03\/dragos-logo-lotus-black-400.svg","width":300,"height":150,"caption":"Ovidiu Drago\u0219 Arge\u0219anu"},"image":{"@id":"https:\/\/www.ovidiudragosargesanu.ro\/en\/#\/schema\/logo\/image\/"}}]}},"_links":{"self":[{"href":"https:\/\/www.ovidiudragosargesanu.ro\/en\/wp-json\/wp\/v2\/product\/26477","targetHints":{"allow":["GET"]}}],"collection":[{"href":"https:\/\/www.ovidiudragosargesanu.ro\/en\/wp-json\/wp\/v2\/product"}],"about":[{"href":"https:\/\/www.ovidiudragosargesanu.ro\/en\/wp-json\/wp\/v2\/types\/product"}],"version-history":[{"count":1,"href":"https:\/\/www.ovidiudragosargesanu.ro\/en\/wp-json\/wp\/v2\/product\/26477\/revisions"}],"predecessor-version":[{"id":26478,"href":"https:\/\/www.ovidiudragosargesanu.ro\/en\/wp-json\/wp\/v2\/product\/26477\/revisions\/26478"}],"wp:featuredmedia":[{"embeddable":true,"href":"https:\/\/www.ovidiudragosargesanu.ro\/en\/wp-json\/wp\/v2\/media\/11000"}],"wp:attachment":[{"href":"https:\/\/www.ovidiudragosargesanu.ro\/en\/wp-json\/wp\/v2\/media?parent=26477"}],"wp:term":[{"taxonomy":"product_brand","embeddable":true,"href":"https:\/\/www.ovidiudragosargesanu.ro\/en\/wp-json\/wp\/v2\/product_brand?post=26477"},{"taxonomy":"product_cat","embeddable":true,"href":"https:\/\/www.ovidiudragosargesanu.ro\/en\/wp-json\/wp\/v2\/product_cat?post=26477"},{"taxonomy":"product_tag","embeddable":true,"href":"https:\/\/www.ovidiudragosargesanu.ro\/en\/wp-json\/wp\/v2\/product_tag?post=26477"}],"curies":[{"name":"wp","href":"https:\/\/api.w.org\/{rel}","templated":true}]}}