{"id":26509,"date":"2024-11-16T16:51:19","date_gmt":"2024-11-16T14:51:19","guid":{"rendered":"https:\/\/www.ovidiudragosargesanu.ro\/?post_type=product&#038;p=26509"},"modified":"2025-03-11T21:39:26","modified_gmt":"2025-03-11T19:39:26","slug":"curs-preotia-lui-melchisedek-iasi-acces-online-seniori","status":"publish","type":"product","link":"https:\/\/www.ovidiudragosargesanu.ro\/en\/shop\/seniori\/curs-preotia-lui-melchisedek-iasi-acces-online-seniori\/","title":{"rendered":"Curs: Preotia lui Melchisedek \u2013 Iasi &#8211; acces online (Seniori)"},"content":{"rendered":"<div dir=\"auto\">\n<p>Cursul ,,Preo\u021bia lui Melchisedek\u201d sus\u021binut de dr. Ovidiu Drago\u0219 Arge\u0219anu la Ia\u0219i a atins urm\u0103toarele teme principale:<\/p>\n<ul>\n<li>explicarea tainelor preo\u021biei lui Melchisedek<\/li>\n<li>leg\u0103tura cu preo\u021bia cristic\u0103<\/li>\n<li>Sfera lui Melchisedek<\/li>\n<li>ritualul de sfin\u021bire a apei<\/li>\n<li>ritualul de sfin\u021bire a vinului pentru \u00eemp\u0103rt\u0103\u0219anie. Euharistia.<\/li>\n<li>dezleg\u0103rile de magie<\/li>\n<li>spovedania<\/li>\n<li>tainele: botez\/ maslu\/ cununie\/ c\u0103lug\u0103rie\/ etc.<\/li>\n<\/ul>\n<\/div>\n<p>,,Devenind preo\u021bi ai lui Dumnezeu, de fapt voi sunte\u021bi cei care m\u0103rturisi\u021bi adev\u0103rul, de a c\u0103uta adev\u0103rul. Dac\u0103 m\u0103 \u00eentreba\u021bi pe mine un preot trebuie s\u0103 aib\u0103 cunoa\u0219tere din toate domeniile. A fi preot \u00eenseamn\u0103 a fi \u00een\u021belept. Ordinul lui Melchisedek este cel mai vechi Ordin pe Lumin\u0103. \u201d<\/p>\n<div dir=\"auto\">\n<p>&nbsp;<\/p>\n<p>&nbsp;<\/p>\n<\/div>\n","protected":false},"excerpt":{"rendered":"<p>ACCES NELIMITAT!<\/p>\n<p>Cursul ,,Preo\u021bia lui Melchisedek\u201d sus\u021binut de dr. Ovidiu Drago\u0219 Arge\u0219anu la Ia\u0219i.<\/p>\n","protected":false},"featured_media":7986,"template":"","meta":{"inline_featured_image":false},"product_brand":[],"product_cat":[795],"product_tag":[738],"class_list":{"0":"post-26509","1":"product","2":"type-product","3":"status-publish","4":"has-post-thumbnail","6":"product_cat-seniori","7":"product_tag-supraconstiinta","9":"first","10":"instock","11":"sale","12":"virtual","13":"sold-individually","14":"taxable","15":"purchasable","16":"product-type-simple"},"yoast_head":"<!-- This site is optimized with the Yoast SEO plugin v26.9 - https:\/\/yoast.com\/product\/yoast-seo-wordpress\/ -->\n<title>Curs: Preotia lui Melchisedek \u2013 Iasi - acces online (Seniori) - Ovidiu Drago\u0219 Arge\u0219anu<\/title>\n<meta name=\"description\" content=\"Cursul ,,Preo\u021bia lui Melchisedek\u201d sus\u021binut de dr. Ovidiu Drago\u0219 Arge\u0219anu la Ia\u0219i \u00een data de 20.03.2024, la ora 18.00, loca\u021bia\" \/>\n<meta name=\"robots\" content=\"noindex, follow, max-snippet:-1, max-image-preview:large, max-video-preview:-1\" \/>\n<meta property=\"og:locale\" content=\"en_US\" \/>\n<meta property=\"og:type\" content=\"article\" \/>\n<meta property=\"og:title\" content=\"Curs: Preotia lui Melchisedek \u2013 Iasi - acces online (Seniori) - Ovidiu Drago\u0219 Arge\u0219anu\" \/>\n<meta property=\"og:description\" content=\"Cursul ,,Preo\u021bia lui Melchisedek\u201d sus\u021binut de dr. Ovidiu Drago\u0219 Arge\u0219anu la Ia\u0219i \u00een data de 20.03.2024, la ora 18.00, loca\u021bia\" \/>\n<meta property=\"og:url\" content=\"https:\/\/www.ovidiudragosargesanu.ro\/en\/shop\/seniori\/curs-preotia-lui-melchisedek-iasi-acces-online-seniori\/\" \/>\n<meta property=\"og:site_name\" content=\"Ovidiu Drago\u0219 Arge\u0219anu\" \/>\n<meta property=\"article:modified_time\" content=\"2025-03-11T19:39:26+00:00\" \/>\n<meta property=\"og:image\" content=\"https:\/\/www.ovidiudragosargesanu.ro\/en\/wp-content\/uploads\/2024\/03\/Curs-Preotia-lui-Melchisedek-Iasi-600x200-1-1024x341.png\" \/>\n\t<meta property=\"og:image:width\" content=\"1024\" \/>\n\t<meta property=\"og:image:height\" content=\"341\" \/>\n\t<meta property=\"og:image:type\" content=\"image\/png\" \/>\n<meta name=\"twitter:card\" content=\"summary_large_image\" \/>\n<meta name=\"twitter:label1\" content=\"Est. reading time\" \/>\n\t<meta name=\"twitter:data1\" content=\"1 minute\" \/>\n<script type=\"application\/ld+json\" class=\"yoast-schema-graph\">{\"@context\":\"https:\/\/schema.org\",\"@graph\":[{\"@type\":\"WebPage\",\"@id\":\"https:\/\/www.ovidiudragosargesanu.ro\/en\/shop\/seniori\/curs-preotia-lui-melchisedek-iasi-acces-online-seniori\/\",\"url\":\"https:\/\/www.ovidiudragosargesanu.ro\/en\/shop\/seniori\/curs-preotia-lui-melchisedek-iasi-acces-online-seniori\/\",\"name\":\"Curs: Preotia lui Melchisedek \u2013 Iasi - acces online (Seniori) - Ovidiu Drago\u0219 Arge\u0219anu\",\"isPartOf\":{\"@id\":\"https:\/\/www.ovidiudragosargesanu.ro\/en\/#website\"},\"primaryImageOfPage\":{\"@id\":\"https:\/\/www.ovidiudragosargesanu.ro\/en\/shop\/seniori\/curs-preotia-lui-melchisedek-iasi-acces-online-seniori\/#primaryimage\"},\"image\":{\"@id\":\"https:\/\/www.ovidiudragosargesanu.ro\/en\/shop\/seniori\/curs-preotia-lui-melchisedek-iasi-acces-online-seniori\/#primaryimage\"},\"thumbnailUrl\":\"https:\/\/www.ovidiudragosargesanu.ro\/en\/wp-content\/uploads\/2024\/03\/Curs-Preotia-lui-Melchisedek-Iasi-600x200-1.png\",\"datePublished\":\"2024-11-16T14:51:19+00:00\",\"dateModified\":\"2025-03-11T19:39:26+00:00\",\"description\":\"Cursul ,,Preo\u021bia lui Melchisedek\u201d sus\u021binut de dr. Ovidiu Drago\u0219 Arge\u0219anu la Ia\u0219i \u00een data de 20.03.2024, la ora 18.00, loca\u021bia\",\"breadcrumb\":{\"@id\":\"https:\/\/www.ovidiudragosargesanu.ro\/en\/shop\/seniori\/curs-preotia-lui-melchisedek-iasi-acces-online-seniori\/#breadcrumb\"},\"inLanguage\":\"en-US\",\"potentialAction\":[{\"@type\":\"ReadAction\",\"target\":[\"https:\/\/www.ovidiudragosargesanu.ro\/en\/shop\/seniori\/curs-preotia-lui-melchisedek-iasi-acces-online-seniori\/\"]}]},{\"@type\":\"ImageObject\",\"inLanguage\":\"en-US\",\"@id\":\"https:\/\/www.ovidiudragosargesanu.ro\/en\/shop\/seniori\/curs-preotia-lui-melchisedek-iasi-acces-online-seniori\/#primaryimage\",\"url\":\"https:\/\/www.ovidiudragosargesanu.ro\/en\/wp-content\/uploads\/2024\/03\/Curs-Preotia-lui-Melchisedek-Iasi-600x200-1.png\",\"contentUrl\":\"https:\/\/www.ovidiudragosargesanu.ro\/en\/wp-content\/uploads\/2024\/03\/Curs-Preotia-lui-Melchisedek-Iasi-600x200-1.png\",\"width\":2268,\"height\":756},{\"@type\":\"BreadcrumbList\",\"@id\":\"https:\/\/www.ovidiudragosargesanu.ro\/en\/shop\/seniori\/curs-preotia-lui-melchisedek-iasi-acces-online-seniori\/#breadcrumb\",\"itemListElement\":[{\"@type\":\"ListItem\",\"position\":1,\"name\":\"Prima pagin\u0103\",\"item\":\"https:\/\/www.ovidiudragosargesanu.ro\/en\/\"},{\"@type\":\"ListItem\",\"position\":2,\"name\":\"Shop\",\"item\":\"https:\/\/www.ovidiudragosargesanu.ro\/en\/shop\/\"},{\"@type\":\"ListItem\",\"position\":3,\"name\":\"Curs: Preotia lui Melchisedek \u2013 Iasi &#8211; acces online (Seniori)\"}]},{\"@type\":\"WebSite\",\"@id\":\"https:\/\/www.ovidiudragosargesanu.ro\/en\/#website\",\"url\":\"https:\/\/www.ovidiudragosargesanu.ro\/en\/\",\"name\":\"Ovidiu Drago\u0219 Arge\u0219anu\",\"description\":\"\",\"publisher\":{\"@id\":\"https:\/\/www.ovidiudragosargesanu.ro\/en\/#organization\"},\"potentialAction\":[{\"@type\":\"SearchAction\",\"target\":{\"@type\":\"EntryPoint\",\"urlTemplate\":\"https:\/\/www.ovidiudragosargesanu.ro\/en\/?s={search_term_string}\"},\"query-input\":{\"@type\":\"PropertyValueSpecification\",\"valueRequired\":true,\"valueName\":\"search_term_string\"}}],\"inLanguage\":\"en-US\"},{\"@type\":\"Organization\",\"@id\":\"https:\/\/www.ovidiudragosargesanu.ro\/en\/#organization\",\"name\":\"Ovidiu Drago\u0219 Arge\u0219anu\",\"url\":\"https:\/\/www.ovidiudragosargesanu.ro\/en\/\",\"logo\":{\"@type\":\"ImageObject\",\"inLanguage\":\"en-US\",\"@id\":\"https:\/\/www.ovidiudragosargesanu.ro\/en\/#\/schema\/logo\/image\/\",\"url\":\"https:\/\/www.ovidiudragosargesanu.ro\/en\/wp-content\/uploads\/2018\/03\/dragos-logo-lotus-black-400.svg\",\"contentUrl\":\"https:\/\/www.ovidiudragosargesanu.ro\/en\/wp-content\/uploads\/2018\/03\/dragos-logo-lotus-black-400.svg\",\"width\":300,\"height\":150,\"caption\":\"Ovidiu Drago\u0219 Arge\u0219anu\"},\"image\":{\"@id\":\"https:\/\/www.ovidiudragosargesanu.ro\/en\/#\/schema\/logo\/image\/\"}}]}<\/script>\n<!-- \/ Yoast SEO plugin. -->","yoast_head_json":{"title":"Curs: Preotia lui Melchisedek \u2013 Iasi - acces online (Seniori) - Ovidiu Drago\u0219 Arge\u0219anu","description":"Cursul ,,Preo\u021bia lui Melchisedek\u201d sus\u021binut de dr. Ovidiu Drago\u0219 Arge\u0219anu la Ia\u0219i \u00een data de 20.03.2024, la ora 18.00, loca\u021bia","robots":{"index":"noindex","follow":"follow","max-snippet":"max-snippet:-1","max-image-preview":"max-image-preview:large","max-video-preview":"max-video-preview:-1"},"og_locale":"en_US","og_type":"article","og_title":"Curs: Preotia lui Melchisedek \u2013 Iasi - acces online (Seniori) - Ovidiu Drago\u0219 Arge\u0219anu","og_description":"Cursul ,,Preo\u021bia lui Melchisedek\u201d sus\u021binut de dr. Ovidiu Drago\u0219 Arge\u0219anu la Ia\u0219i \u00een data de 20.03.2024, la ora 18.00, loca\u021bia","og_url":"https:\/\/www.ovidiudragosargesanu.ro\/en\/shop\/seniori\/curs-preotia-lui-melchisedek-iasi-acces-online-seniori\/","og_site_name":"Ovidiu Drago\u0219 Arge\u0219anu","article_modified_time":"2025-03-11T19:39:26+00:00","og_image":[{"width":1024,"height":341,"url":"https:\/\/www.ovidiudragosargesanu.ro\/en\/wp-content\/uploads\/2024\/03\/Curs-Preotia-lui-Melchisedek-Iasi-600x200-1-1024x341.png","type":"image\/png"}],"twitter_card":"summary_large_image","twitter_misc":{"Est. reading time":"1 minute"},"schema":{"@context":"https:\/\/schema.org","@graph":[{"@type":"WebPage","@id":"https:\/\/www.ovidiudragosargesanu.ro\/en\/shop\/seniori\/curs-preotia-lui-melchisedek-iasi-acces-online-seniori\/","url":"https:\/\/www.ovidiudragosargesanu.ro\/en\/shop\/seniori\/curs-preotia-lui-melchisedek-iasi-acces-online-seniori\/","name":"Curs: Preotia lui Melchisedek \u2013 Iasi - acces online (Seniori) - Ovidiu Drago\u0219 Arge\u0219anu","isPartOf":{"@id":"https:\/\/www.ovidiudragosargesanu.ro\/en\/#website"},"primaryImageOfPage":{"@id":"https:\/\/www.ovidiudragosargesanu.ro\/en\/shop\/seniori\/curs-preotia-lui-melchisedek-iasi-acces-online-seniori\/#primaryimage"},"image":{"@id":"https:\/\/www.ovidiudragosargesanu.ro\/en\/shop\/seniori\/curs-preotia-lui-melchisedek-iasi-acces-online-seniori\/#primaryimage"},"thumbnailUrl":"https:\/\/www.ovidiudragosargesanu.ro\/en\/wp-content\/uploads\/2024\/03\/Curs-Preotia-lui-Melchisedek-Iasi-600x200-1.png","datePublished":"2024-11-16T14:51:19+00:00","dateModified":"2025-03-11T19:39:26+00:00","description":"Cursul ,,Preo\u021bia lui Melchisedek\u201d sus\u021binut de dr. Ovidiu Drago\u0219 Arge\u0219anu la Ia\u0219i \u00een data de 20.03.2024, la ora 18.00, loca\u021bia","breadcrumb":{"@id":"https:\/\/www.ovidiudragosargesanu.ro\/en\/shop\/seniori\/curs-preotia-lui-melchisedek-iasi-acces-online-seniori\/#breadcrumb"},"inLanguage":"en-US","potentialAction":[{"@type":"ReadAction","target":["https:\/\/www.ovidiudragosargesanu.ro\/en\/shop\/seniori\/curs-preotia-lui-melchisedek-iasi-acces-online-seniori\/"]}]},{"@type":"ImageObject","inLanguage":"en-US","@id":"https:\/\/www.ovidiudragosargesanu.ro\/en\/shop\/seniori\/curs-preotia-lui-melchisedek-iasi-acces-online-seniori\/#primaryimage","url":"https:\/\/www.ovidiudragosargesanu.ro\/en\/wp-content\/uploads\/2024\/03\/Curs-Preotia-lui-Melchisedek-Iasi-600x200-1.png","contentUrl":"https:\/\/www.ovidiudragosargesanu.ro\/en\/wp-content\/uploads\/2024\/03\/Curs-Preotia-lui-Melchisedek-Iasi-600x200-1.png","width":2268,"height":756},{"@type":"BreadcrumbList","@id":"https:\/\/www.ovidiudragosargesanu.ro\/en\/shop\/seniori\/curs-preotia-lui-melchisedek-iasi-acces-online-seniori\/#breadcrumb","itemListElement":[{"@type":"ListItem","position":1,"name":"Prima pagin\u0103","item":"https:\/\/www.ovidiudragosargesanu.ro\/en\/"},{"@type":"ListItem","position":2,"name":"Shop","item":"https:\/\/www.ovidiudragosargesanu.ro\/en\/shop\/"},{"@type":"ListItem","position":3,"name":"Curs: Preotia lui Melchisedek \u2013 Iasi &#8211; acces online (Seniori)"}]},{"@type":"WebSite","@id":"https:\/\/www.ovidiudragosargesanu.ro\/en\/#website","url":"https:\/\/www.ovidiudragosargesanu.ro\/en\/","name":"Ovidiu Drago\u0219 Arge\u0219anu","description":"","publisher":{"@id":"https:\/\/www.ovidiudragosargesanu.ro\/en\/#organization"},"potentialAction":[{"@type":"SearchAction","target":{"@type":"EntryPoint","urlTemplate":"https:\/\/www.ovidiudragosargesanu.ro\/en\/?s={search_term_string}"},"query-input":{"@type":"PropertyValueSpecification","valueRequired":true,"valueName":"search_term_string"}}],"inLanguage":"en-US"},{"@type":"Organization","@id":"https:\/\/www.ovidiudragosargesanu.ro\/en\/#organization","name":"Ovidiu Drago\u0219 Arge\u0219anu","url":"https:\/\/www.ovidiudragosargesanu.ro\/en\/","logo":{"@type":"ImageObject","inLanguage":"en-US","@id":"https:\/\/www.ovidiudragosargesanu.ro\/en\/#\/schema\/logo\/image\/","url":"https:\/\/www.ovidiudragosargesanu.ro\/en\/wp-content\/uploads\/2018\/03\/dragos-logo-lotus-black-400.svg","contentUrl":"https:\/\/www.ovidiudragosargesanu.ro\/en\/wp-content\/uploads\/2018\/03\/dragos-logo-lotus-black-400.svg","width":300,"height":150,"caption":"Ovidiu Drago\u0219 Arge\u0219anu"},"image":{"@id":"https:\/\/www.ovidiudragosargesanu.ro\/en\/#\/schema\/logo\/image\/"}}]}},"_links":{"self":[{"href":"https:\/\/www.ovidiudragosargesanu.ro\/en\/wp-json\/wp\/v2\/product\/26509","targetHints":{"allow":["GET"]}}],"collection":[{"href":"https:\/\/www.ovidiudragosargesanu.ro\/en\/wp-json\/wp\/v2\/product"}],"about":[{"href":"https:\/\/www.ovidiudragosargesanu.ro\/en\/wp-json\/wp\/v2\/types\/product"}],"version-history":[{"count":1,"href":"https:\/\/www.ovidiudragosargesanu.ro\/en\/wp-json\/wp\/v2\/product\/26509\/revisions"}],"predecessor-version":[{"id":26510,"href":"https:\/\/www.ovidiudragosargesanu.ro\/en\/wp-json\/wp\/v2\/product\/26509\/revisions\/26510"}],"wp:featuredmedia":[{"embeddable":true,"href":"https:\/\/www.ovidiudragosargesanu.ro\/en\/wp-json\/wp\/v2\/media\/7986"}],"wp:attachment":[{"href":"https:\/\/www.ovidiudragosargesanu.ro\/en\/wp-json\/wp\/v2\/media?parent=26509"}],"wp:term":[{"taxonomy":"product_brand","embeddable":true,"href":"https:\/\/www.ovidiudragosargesanu.ro\/en\/wp-json\/wp\/v2\/product_brand?post=26509"},{"taxonomy":"product_cat","embeddable":true,"href":"https:\/\/www.ovidiudragosargesanu.ro\/en\/wp-json\/wp\/v2\/product_cat?post=26509"},{"taxonomy":"product_tag","embeddable":true,"href":"https:\/\/www.ovidiudragosargesanu.ro\/en\/wp-json\/wp\/v2\/product_tag?post=26509"}],"curies":[{"name":"wp","href":"https:\/\/api.w.org\/{rel}","templated":true}]}}