{"id":26526,"date":"2024-11-16T17:03:59","date_gmt":"2024-11-16T15:03:59","guid":{"rendered":"https:\/\/www.ovidiudragosargesanu.ro\/?post_type=product&#038;p=26526"},"modified":"2025-02-28T20:45:05","modified_gmt":"2025-02-28T18:45:05","slug":"curs-de-la-intuneric-la-lumina-seniori","status":"publish","type":"product","link":"https:\/\/www.ovidiudragosargesanu.ro\/en\/shop\/seniori\/curs-de-la-intuneric-la-lumina-seniori\/","title":{"rendered":"Curs: De la intuneric la lumina (Seniori)"},"content":{"rendered":"<p>Ca orice bun cre\u0219tin am \u00eenv\u0103\u021bat c\u0103 Lumina e bun\u0103 \u0219i \u00centunericul r\u0103u \u0219i a\u0219a am spus p\u00e2n\u0103 la un moment dat c\u00e2nd, \u00een terapie, am \u00eenceput s\u0103 \u00eent\u00e2lnesc oameni care ie\u0219eau pu\u021bin din standardele astea. Adic\u0103? Erau plini de \u00eentuneric \u0219i totu\u0219i erau buni. \u0218i atunci am \u00eenceput s\u0103-i studiez \u0219i le-am urm\u0103rit evolu\u021bia. Am aflat c\u0103 ei despart Cerurile de \u00centuneric \u0219i nu permit Demonilor s\u0103 urce \u00een Cerurile superioare. Ca o caracteristic\u0103 a \u00eengerilor de \u00eentuneric este c\u0103 au capacitatea mare de a discerne \u00eentre bine \u0219i r\u0103u. Nu pot fi min\u021bi\u021bi. ,,Simt\u201d minciuna \u0219i falsitatea. I-am g\u0103sit \u00een sporturi de lupt\u0103, de multe ori. \u00cen poli\u021bie, armat\u0103,\u00a0 profesori, medici etc. Sunt cei care nu permit intrarea noastr\u0103, a oamenilor, \u00een lumea astral\u0103 p\u00e2n\u0103 ce nu ne d\u0103 Dumnezeu voie.<\/p>\n<p>Pe P\u0103m\u00e2nt vin s\u0103 experimenteze via\u021ba \u00een corpul fizic \u0219i s\u0103 creasc\u0103 \u00een Lumin\u0103. Cei care au Lumin\u0103 s\u0103 experimenteze \u00centunericul, cei care sunt de \u00eentuneric vin s\u0103 treac\u0103 spre Lumin\u0103 \u0219i s\u0103 devin\u0103 Lumin\u0103. Fiecare trebuie s\u0103 experimenteze \u0219i s\u0103 \u00eenve\u021be ceea ce-i lipse\u0219te.<\/p>\n","protected":false},"excerpt":{"rendered":"<p>Descoper\u0103 \u00een cursul \u201cDe la \u00eentuneric la lumin\u0103\u201c sus\u021binut de Dr. Drago\u0219-Ovidiu Arge\u0219anu informa\u021bii despre \u00eengerii de \u00eentuneric care vin pe P\u0103m\u00e2nt s\u0103 experimenteze via\u021ba \u00een corpul fizic \u0219i s\u0103 creasc\u0103 \u00een Lumin\u0103. Cei care au Lumin\u0103 s\u0103 experimenteze \u00centunericul, cei care sunt de \u00eentuneric vin s\u0103 treac\u0103 spre Lumin\u0103 \u0219i s\u0103 devin\u0103 Lumin\u0103. Fiecare trebuie s\u0103 experimenteze \u0219i s\u0103 \u00eenve\u021be ceea ce-i lipse\u0219te.<\/p>\n","protected":false},"featured_media":7755,"template":"","meta":{"inline_featured_image":false},"product_brand":[],"product_cat":[795],"product_tag":[],"class_list":{"0":"post-26526","1":"product","2":"type-product","3":"status-publish","4":"has-post-thumbnail","6":"product_cat-seniori","8":"first","9":"instock","10":"sale","11":"virtual","12":"sold-individually","13":"taxable","14":"purchasable","15":"product-type-simple"},"yoast_head":"<!-- This site is optimized with the Yoast SEO plugin v26.9 - https:\/\/yoast.com\/product\/yoast-seo-wordpress\/ -->\n<title>Curs: De la intuneric la lumina (Seniori) - Ovidiu Drago\u0219 Arge\u0219anu<\/title>\n<meta name=\"description\" content=\"Cursul ,,De la \u00eentuneric la lumin\u0103\u201d sus\u021binut de dl. dr. Ovidiu Drago\u0219 Arge\u0219anu reprezint\u0103 modalit\u0103\u021bi de cre\u0219tere a puterii pe \u00eentuneric.\" \/>\n<meta name=\"robots\" content=\"noindex, follow, max-snippet:-1, max-image-preview:large, max-video-preview:-1\" \/>\n<meta property=\"og:locale\" content=\"en_US\" \/>\n<meta property=\"og:type\" content=\"article\" \/>\n<meta property=\"og:title\" content=\"Curs: De la intuneric la lumina (Seniori) - Ovidiu Drago\u0219 Arge\u0219anu\" \/>\n<meta property=\"og:description\" content=\"Cursul ,,De la \u00eentuneric la lumin\u0103\u201d sus\u021binut de dl. dr. Ovidiu Drago\u0219 Arge\u0219anu reprezint\u0103 modalit\u0103\u021bi de cre\u0219tere a puterii pe \u00eentuneric.\" \/>\n<meta property=\"og:url\" content=\"https:\/\/www.ovidiudragosargesanu.ro\/en\/shop\/seniori\/curs-de-la-intuneric-la-lumina-seniori\/\" \/>\n<meta property=\"og:site_name\" content=\"Ovidiu Drago\u0219 Arge\u0219anu\" \/>\n<meta property=\"article:modified_time\" content=\"2025-02-28T18:45:05+00:00\" \/>\n<meta property=\"og:image\" content=\"https:\/\/www.ovidiudragosargesanu.ro\/en\/wp-content\/uploads\/2024\/02\/Curs-De-la-intuneric-la-lumina-600-800.jpg\" \/>\n\t<meta property=\"og:image:width\" content=\"1536\" \/>\n\t<meta property=\"og:image:height\" content=\"2048\" \/>\n\t<meta property=\"og:image:type\" content=\"image\/jpeg\" \/>\n<meta name=\"twitter:card\" content=\"summary_large_image\" \/>\n<meta name=\"twitter:label1\" content=\"Est. reading time\" \/>\n\t<meta name=\"twitter:data1\" content=\"2 minutes\" \/>\n<script type=\"application\/ld+json\" class=\"yoast-schema-graph\">{\"@context\":\"https:\/\/schema.org\",\"@graph\":[{\"@type\":\"WebPage\",\"@id\":\"https:\/\/www.ovidiudragosargesanu.ro\/en\/shop\/seniori\/curs-de-la-intuneric-la-lumina-seniori\/\",\"url\":\"https:\/\/www.ovidiudragosargesanu.ro\/en\/shop\/seniori\/curs-de-la-intuneric-la-lumina-seniori\/\",\"name\":\"Curs: De la intuneric la lumina (Seniori) - Ovidiu Drago\u0219 Arge\u0219anu\",\"isPartOf\":{\"@id\":\"https:\/\/www.ovidiudragosargesanu.ro\/en\/#website\"},\"primaryImageOfPage\":{\"@id\":\"https:\/\/www.ovidiudragosargesanu.ro\/en\/shop\/seniori\/curs-de-la-intuneric-la-lumina-seniori\/#primaryimage\"},\"image\":{\"@id\":\"https:\/\/www.ovidiudragosargesanu.ro\/en\/shop\/seniori\/curs-de-la-intuneric-la-lumina-seniori\/#primaryimage\"},\"thumbnailUrl\":\"https:\/\/www.ovidiudragosargesanu.ro\/en\/wp-content\/uploads\/2024\/02\/Curs-De-la-intuneric-la-lumina-600-800.jpg\",\"datePublished\":\"2024-11-16T15:03:59+00:00\",\"dateModified\":\"2025-02-28T18:45:05+00:00\",\"description\":\"Cursul ,,De la \u00eentuneric la lumin\u0103\u201d sus\u021binut de dl. dr. Ovidiu Drago\u0219 Arge\u0219anu reprezint\u0103 modalit\u0103\u021bi de cre\u0219tere a puterii pe \u00eentuneric.\",\"breadcrumb\":{\"@id\":\"https:\/\/www.ovidiudragosargesanu.ro\/en\/shop\/seniori\/curs-de-la-intuneric-la-lumina-seniori\/#breadcrumb\"},\"inLanguage\":\"en-US\",\"potentialAction\":[{\"@type\":\"ReadAction\",\"target\":[\"https:\/\/www.ovidiudragosargesanu.ro\/en\/shop\/seniori\/curs-de-la-intuneric-la-lumina-seniori\/\"]}]},{\"@type\":\"ImageObject\",\"inLanguage\":\"en-US\",\"@id\":\"https:\/\/www.ovidiudragosargesanu.ro\/en\/shop\/seniori\/curs-de-la-intuneric-la-lumina-seniori\/#primaryimage\",\"url\":\"https:\/\/www.ovidiudragosargesanu.ro\/en\/wp-content\/uploads\/2024\/02\/Curs-De-la-intuneric-la-lumina-600-800.jpg\",\"contentUrl\":\"https:\/\/www.ovidiudragosargesanu.ro\/en\/wp-content\/uploads\/2024\/02\/Curs-De-la-intuneric-la-lumina-600-800.jpg\",\"width\":1536,\"height\":2048},{\"@type\":\"BreadcrumbList\",\"@id\":\"https:\/\/www.ovidiudragosargesanu.ro\/en\/shop\/seniori\/curs-de-la-intuneric-la-lumina-seniori\/#breadcrumb\",\"itemListElement\":[{\"@type\":\"ListItem\",\"position\":1,\"name\":\"Prima pagin\u0103\",\"item\":\"https:\/\/www.ovidiudragosargesanu.ro\/en\/\"},{\"@type\":\"ListItem\",\"position\":2,\"name\":\"Shop\",\"item\":\"https:\/\/www.ovidiudragosargesanu.ro\/en\/shop\/\"},{\"@type\":\"ListItem\",\"position\":3,\"name\":\"Curs: De la intuneric la lumina (Seniori)\"}]},{\"@type\":\"WebSite\",\"@id\":\"https:\/\/www.ovidiudragosargesanu.ro\/en\/#website\",\"url\":\"https:\/\/www.ovidiudragosargesanu.ro\/en\/\",\"name\":\"Ovidiu Drago\u0219 Arge\u0219anu\",\"description\":\"\",\"publisher\":{\"@id\":\"https:\/\/www.ovidiudragosargesanu.ro\/en\/#organization\"},\"potentialAction\":[{\"@type\":\"SearchAction\",\"target\":{\"@type\":\"EntryPoint\",\"urlTemplate\":\"https:\/\/www.ovidiudragosargesanu.ro\/en\/?s={search_term_string}\"},\"query-input\":{\"@type\":\"PropertyValueSpecification\",\"valueRequired\":true,\"valueName\":\"search_term_string\"}}],\"inLanguage\":\"en-US\"},{\"@type\":\"Organization\",\"@id\":\"https:\/\/www.ovidiudragosargesanu.ro\/en\/#organization\",\"name\":\"Ovidiu Drago\u0219 Arge\u0219anu\",\"url\":\"https:\/\/www.ovidiudragosargesanu.ro\/en\/\",\"logo\":{\"@type\":\"ImageObject\",\"inLanguage\":\"en-US\",\"@id\":\"https:\/\/www.ovidiudragosargesanu.ro\/en\/#\/schema\/logo\/image\/\",\"url\":\"https:\/\/www.ovidiudragosargesanu.ro\/en\/wp-content\/uploads\/2018\/03\/dragos-logo-lotus-black-400.svg\",\"contentUrl\":\"https:\/\/www.ovidiudragosargesanu.ro\/en\/wp-content\/uploads\/2018\/03\/dragos-logo-lotus-black-400.svg\",\"width\":300,\"height\":150,\"caption\":\"Ovidiu Drago\u0219 Arge\u0219anu\"},\"image\":{\"@id\":\"https:\/\/www.ovidiudragosargesanu.ro\/en\/#\/schema\/logo\/image\/\"}}]}<\/script>\n<!-- \/ Yoast SEO plugin. -->","yoast_head_json":{"title":"Curs: De la intuneric la lumina (Seniori) - Ovidiu Drago\u0219 Arge\u0219anu","description":"Cursul ,,De la \u00eentuneric la lumin\u0103\u201d sus\u021binut de dl. dr. Ovidiu Drago\u0219 Arge\u0219anu reprezint\u0103 modalit\u0103\u021bi de cre\u0219tere a puterii pe \u00eentuneric.","robots":{"index":"noindex","follow":"follow","max-snippet":"max-snippet:-1","max-image-preview":"max-image-preview:large","max-video-preview":"max-video-preview:-1"},"og_locale":"en_US","og_type":"article","og_title":"Curs: De la intuneric la lumina (Seniori) - Ovidiu Drago\u0219 Arge\u0219anu","og_description":"Cursul ,,De la \u00eentuneric la lumin\u0103\u201d sus\u021binut de dl. dr. Ovidiu Drago\u0219 Arge\u0219anu reprezint\u0103 modalit\u0103\u021bi de cre\u0219tere a puterii pe \u00eentuneric.","og_url":"https:\/\/www.ovidiudragosargesanu.ro\/en\/shop\/seniori\/curs-de-la-intuneric-la-lumina-seniori\/","og_site_name":"Ovidiu Drago\u0219 Arge\u0219anu","article_modified_time":"2025-02-28T18:45:05+00:00","og_image":[{"width":1536,"height":2048,"url":"https:\/\/www.ovidiudragosargesanu.ro\/en\/wp-content\/uploads\/2024\/02\/Curs-De-la-intuneric-la-lumina-600-800.jpg","type":"image\/jpeg"}],"twitter_card":"summary_large_image","twitter_misc":{"Est. reading time":"2 minutes"},"schema":{"@context":"https:\/\/schema.org","@graph":[{"@type":"WebPage","@id":"https:\/\/www.ovidiudragosargesanu.ro\/en\/shop\/seniori\/curs-de-la-intuneric-la-lumina-seniori\/","url":"https:\/\/www.ovidiudragosargesanu.ro\/en\/shop\/seniori\/curs-de-la-intuneric-la-lumina-seniori\/","name":"Curs: De la intuneric la lumina (Seniori) - Ovidiu Drago\u0219 Arge\u0219anu","isPartOf":{"@id":"https:\/\/www.ovidiudragosargesanu.ro\/en\/#website"},"primaryImageOfPage":{"@id":"https:\/\/www.ovidiudragosargesanu.ro\/en\/shop\/seniori\/curs-de-la-intuneric-la-lumina-seniori\/#primaryimage"},"image":{"@id":"https:\/\/www.ovidiudragosargesanu.ro\/en\/shop\/seniori\/curs-de-la-intuneric-la-lumina-seniori\/#primaryimage"},"thumbnailUrl":"https:\/\/www.ovidiudragosargesanu.ro\/en\/wp-content\/uploads\/2024\/02\/Curs-De-la-intuneric-la-lumina-600-800.jpg","datePublished":"2024-11-16T15:03:59+00:00","dateModified":"2025-02-28T18:45:05+00:00","description":"Cursul ,,De la \u00eentuneric la lumin\u0103\u201d sus\u021binut de dl. dr. Ovidiu Drago\u0219 Arge\u0219anu reprezint\u0103 modalit\u0103\u021bi de cre\u0219tere a puterii pe \u00eentuneric.","breadcrumb":{"@id":"https:\/\/www.ovidiudragosargesanu.ro\/en\/shop\/seniori\/curs-de-la-intuneric-la-lumina-seniori\/#breadcrumb"},"inLanguage":"en-US","potentialAction":[{"@type":"ReadAction","target":["https:\/\/www.ovidiudragosargesanu.ro\/en\/shop\/seniori\/curs-de-la-intuneric-la-lumina-seniori\/"]}]},{"@type":"ImageObject","inLanguage":"en-US","@id":"https:\/\/www.ovidiudragosargesanu.ro\/en\/shop\/seniori\/curs-de-la-intuneric-la-lumina-seniori\/#primaryimage","url":"https:\/\/www.ovidiudragosargesanu.ro\/en\/wp-content\/uploads\/2024\/02\/Curs-De-la-intuneric-la-lumina-600-800.jpg","contentUrl":"https:\/\/www.ovidiudragosargesanu.ro\/en\/wp-content\/uploads\/2024\/02\/Curs-De-la-intuneric-la-lumina-600-800.jpg","width":1536,"height":2048},{"@type":"BreadcrumbList","@id":"https:\/\/www.ovidiudragosargesanu.ro\/en\/shop\/seniori\/curs-de-la-intuneric-la-lumina-seniori\/#breadcrumb","itemListElement":[{"@type":"ListItem","position":1,"name":"Prima pagin\u0103","item":"https:\/\/www.ovidiudragosargesanu.ro\/en\/"},{"@type":"ListItem","position":2,"name":"Shop","item":"https:\/\/www.ovidiudragosargesanu.ro\/en\/shop\/"},{"@type":"ListItem","position":3,"name":"Curs: De la intuneric la lumina (Seniori)"}]},{"@type":"WebSite","@id":"https:\/\/www.ovidiudragosargesanu.ro\/en\/#website","url":"https:\/\/www.ovidiudragosargesanu.ro\/en\/","name":"Ovidiu Drago\u0219 Arge\u0219anu","description":"","publisher":{"@id":"https:\/\/www.ovidiudragosargesanu.ro\/en\/#organization"},"potentialAction":[{"@type":"SearchAction","target":{"@type":"EntryPoint","urlTemplate":"https:\/\/www.ovidiudragosargesanu.ro\/en\/?s={search_term_string}"},"query-input":{"@type":"PropertyValueSpecification","valueRequired":true,"valueName":"search_term_string"}}],"inLanguage":"en-US"},{"@type":"Organization","@id":"https:\/\/www.ovidiudragosargesanu.ro\/en\/#organization","name":"Ovidiu Drago\u0219 Arge\u0219anu","url":"https:\/\/www.ovidiudragosargesanu.ro\/en\/","logo":{"@type":"ImageObject","inLanguage":"en-US","@id":"https:\/\/www.ovidiudragosargesanu.ro\/en\/#\/schema\/logo\/image\/","url":"https:\/\/www.ovidiudragosargesanu.ro\/en\/wp-content\/uploads\/2018\/03\/dragos-logo-lotus-black-400.svg","contentUrl":"https:\/\/www.ovidiudragosargesanu.ro\/en\/wp-content\/uploads\/2018\/03\/dragos-logo-lotus-black-400.svg","width":300,"height":150,"caption":"Ovidiu Drago\u0219 Arge\u0219anu"},"image":{"@id":"https:\/\/www.ovidiudragosargesanu.ro\/en\/#\/schema\/logo\/image\/"}}]}},"_links":{"self":[{"href":"https:\/\/www.ovidiudragosargesanu.ro\/en\/wp-json\/wp\/v2\/product\/26526","targetHints":{"allow":["GET"]}}],"collection":[{"href":"https:\/\/www.ovidiudragosargesanu.ro\/en\/wp-json\/wp\/v2\/product"}],"about":[{"href":"https:\/\/www.ovidiudragosargesanu.ro\/en\/wp-json\/wp\/v2\/types\/product"}],"version-history":[{"count":1,"href":"https:\/\/www.ovidiudragosargesanu.ro\/en\/wp-json\/wp\/v2\/product\/26526\/revisions"}],"predecessor-version":[{"id":26527,"href":"https:\/\/www.ovidiudragosargesanu.ro\/en\/wp-json\/wp\/v2\/product\/26526\/revisions\/26527"}],"wp:featuredmedia":[{"embeddable":true,"href":"https:\/\/www.ovidiudragosargesanu.ro\/en\/wp-json\/wp\/v2\/media\/7755"}],"wp:attachment":[{"href":"https:\/\/www.ovidiudragosargesanu.ro\/en\/wp-json\/wp\/v2\/media?parent=26526"}],"wp:term":[{"taxonomy":"product_brand","embeddable":true,"href":"https:\/\/www.ovidiudragosargesanu.ro\/en\/wp-json\/wp\/v2\/product_brand?post=26526"},{"taxonomy":"product_cat","embeddable":true,"href":"https:\/\/www.ovidiudragosargesanu.ro\/en\/wp-json\/wp\/v2\/product_cat?post=26526"},{"taxonomy":"product_tag","embeddable":true,"href":"https:\/\/www.ovidiudragosargesanu.ro\/en\/wp-json\/wp\/v2\/product_tag?post=26526"}],"curies":[{"name":"wp","href":"https:\/\/api.w.org\/{rel}","templated":true}]}}