{"id":26557,"date":"2024-11-16T17:19:48","date_gmt":"2024-11-16T15:19:48","guid":{"rendered":"https:\/\/www.ovidiudragosargesanu.ro\/?post_type=product&#038;p=26557"},"modified":"2025-02-28T20:37:47","modified_gmt":"2025-02-28T18:37:47","slug":"conferinta-scopul-vietii-pe-pamant-seniori","status":"publish","type":"product","link":"https:\/\/www.ovidiudragosargesanu.ro\/en\/shop\/seniori\/conferinta-scopul-vietii-pe-pamant-seniori\/","title":{"rendered":"Scopul vie\u021bii pe p\u0103m\u00e2nt (Seniori)"},"content":{"rendered":"<p><span style=\"font-weight: 400;\">Scopul final este re\u00eentoarcerea la Dumnezeu, iar evolu\u021bia spiritual\u0103 reprezint\u0103 scopul comun al fiec\u0103rui individ. Nimic nu se \u00eent\u00e2mpl\u0103 f\u0103r\u0103 voia lui Dumnezeu, iar \u00eenv\u0103\u021barea \u0219i c\u0103utarea de \u00een\u021belegere sunt esen\u021biale pe acest drum. Rela\u021biile toxice dezv\u0103luie proprii demoni, iar trecerea prin ele preg\u0103te\u0219te individul s\u0103 \u00eent\u00e2lneasc\u0103 \u0219i s\u0103 \u00eenfrunte r\u0103ul. Scopul pe P\u0103m\u00e2nt este confruntarea cu r\u0103ul \u0219i eliberarea de el pentru evolu\u021bie spiritual\u0103. Urm\u0103re\u0219te conferin\u021ba \u201cScopul vie\u021bii pe p\u0103m\u00e2nt\u201c sus\u021binut\u0103 de Dr. Ovidiu-Drago\u0219 Arge\u0219anu \u0219i ob\u021bine o \u00een\u021belegere mai profund\u0103 a direc\u021biei tale spirituale \u0219i a conexiunii tale cu divinitatea.<\/span><\/p>\n","protected":false},"excerpt":{"rendered":"<p>ACCES NELIMITAT!<\/p>\n<p>Ce beneficii aduce aceast\u0103 experien\u021b\u0103:<br \/>\nDescoper\u0103 urm\u0103rind conferin\u021ba \u201cScopul vie\u021bii pe p\u0103m\u00e2nt\u201c sus\u021binut\u0103 de Dr. Ovidiu-Drago\u0219 Arge\u0219anu sensul existen\u021bei tale pe P\u0103m\u00e2nt \u0219i modul \u00een care Dumnezeu se manifest\u0103 at\u00e2t prin tine, c\u00e2t \u0219i prin \u00eentreaga Sa crea\u021bie.<br \/>\nConferin\u021ba \u201cScopul vie\u021bii pe p\u0103m\u00e2nt\u201c exploreaz\u0103 aceste aspecte pentru a aduce lumin\u0103 asupra direc\u021biei tale spirituale \u0219i a conexiunii tale cu divinitatea.<\/p>\n","protected":false},"featured_media":4708,"template":"","meta":{"inline_featured_image":false},"product_brand":[],"product_cat":[795],"product_tag":[],"class_list":{"0":"post-26557","1":"product","2":"type-product","3":"status-publish","4":"has-post-thumbnail","6":"product_cat-seniori","8":"first","9":"instock","10":"sale","11":"virtual","12":"sold-individually","13":"taxable","14":"purchasable","15":"product-type-simple"},"yoast_head":"<!-- This site is optimized with the Yoast SEO plugin v26.9 - https:\/\/yoast.com\/product\/yoast-seo-wordpress\/ -->\n<title>Scopul vie\u021bii pe p\u0103m\u00e2nt (Seniori) - Ovidiu Drago\u0219 Arge\u0219anu<\/title>\n<meta name=\"description\" content=\"Urm\u0103re\u0219te conferin\u021ba \u201cScopul vie\u021bii pe P\u0103m\u00e2nt\u201c sus\u021binut\u0103 de Dr. Ovidiu-Drago\u0219 Arge\u0219anu pe 18 august 2022 \u0219i exploreaz\u0103 experien\u021be captivante\" \/>\n<meta name=\"robots\" content=\"noindex, follow, max-snippet:-1, max-image-preview:large, max-video-preview:-1\" \/>\n<meta property=\"og:locale\" content=\"en_US\" \/>\n<meta property=\"og:type\" content=\"article\" \/>\n<meta property=\"og:title\" content=\"Scopul vie\u021bii pe p\u0103m\u00e2nt (Seniori) - Ovidiu Drago\u0219 Arge\u0219anu\" \/>\n<meta property=\"og:description\" content=\"Urm\u0103re\u0219te conferin\u021ba \u201cScopul vie\u021bii pe P\u0103m\u00e2nt\u201c sus\u021binut\u0103 de Dr. Ovidiu-Drago\u0219 Arge\u0219anu pe 18 august 2022 \u0219i exploreaz\u0103 experien\u021be captivante\" \/>\n<meta property=\"og:url\" content=\"https:\/\/www.ovidiudragosargesanu.ro\/en\/shop\/seniori\/conferinta-scopul-vietii-pe-pamant-seniori\/\" \/>\n<meta property=\"og:site_name\" content=\"Ovidiu Drago\u0219 Arge\u0219anu\" \/>\n<meta property=\"article:modified_time\" content=\"2025-02-28T18:37:47+00:00\" \/>\n<meta property=\"og:image\" content=\"https:\/\/www.ovidiudragosargesanu.ro\/en\/wp-content\/uploads\/2023\/12\/Scopul-vietii-pe-pamant-conferinta.png\" \/>\n\t<meta property=\"og:image:width\" content=\"600\" \/>\n\t<meta property=\"og:image:height\" content=\"800\" \/>\n\t<meta property=\"og:image:type\" content=\"image\/png\" \/>\n<meta name=\"twitter:card\" content=\"summary_large_image\" \/>\n<meta name=\"twitter:label1\" content=\"Est. reading time\" \/>\n\t<meta name=\"twitter:data1\" content=\"1 minute\" \/>\n<script type=\"application\/ld+json\" class=\"yoast-schema-graph\">{\"@context\":\"https:\/\/schema.org\",\"@graph\":[{\"@type\":\"WebPage\",\"@id\":\"https:\/\/www.ovidiudragosargesanu.ro\/en\/shop\/seniori\/conferinta-scopul-vietii-pe-pamant-seniori\/\",\"url\":\"https:\/\/www.ovidiudragosargesanu.ro\/en\/shop\/seniori\/conferinta-scopul-vietii-pe-pamant-seniori\/\",\"name\":\"Scopul vie\u021bii pe p\u0103m\u00e2nt (Seniori) - Ovidiu Drago\u0219 Arge\u0219anu\",\"isPartOf\":{\"@id\":\"https:\/\/www.ovidiudragosargesanu.ro\/en\/#website\"},\"primaryImageOfPage\":{\"@id\":\"https:\/\/www.ovidiudragosargesanu.ro\/en\/shop\/seniori\/conferinta-scopul-vietii-pe-pamant-seniori\/#primaryimage\"},\"image\":{\"@id\":\"https:\/\/www.ovidiudragosargesanu.ro\/en\/shop\/seniori\/conferinta-scopul-vietii-pe-pamant-seniori\/#primaryimage\"},\"thumbnailUrl\":\"https:\/\/www.ovidiudragosargesanu.ro\/en\/wp-content\/uploads\/2023\/12\/Scopul-vietii-pe-pamant-conferinta.png\",\"datePublished\":\"2024-11-16T15:19:48+00:00\",\"dateModified\":\"2025-02-28T18:37:47+00:00\",\"description\":\"Urm\u0103re\u0219te conferin\u021ba \u201cScopul vie\u021bii pe P\u0103m\u00e2nt\u201c sus\u021binut\u0103 de Dr. Ovidiu-Drago\u0219 Arge\u0219anu pe 18 august 2022 \u0219i exploreaz\u0103 experien\u021be captivante\",\"breadcrumb\":{\"@id\":\"https:\/\/www.ovidiudragosargesanu.ro\/en\/shop\/seniori\/conferinta-scopul-vietii-pe-pamant-seniori\/#breadcrumb\"},\"inLanguage\":\"en-US\",\"potentialAction\":[{\"@type\":\"ReadAction\",\"target\":[\"https:\/\/www.ovidiudragosargesanu.ro\/en\/shop\/seniori\/conferinta-scopul-vietii-pe-pamant-seniori\/\"]}]},{\"@type\":\"ImageObject\",\"inLanguage\":\"en-US\",\"@id\":\"https:\/\/www.ovidiudragosargesanu.ro\/en\/shop\/seniori\/conferinta-scopul-vietii-pe-pamant-seniori\/#primaryimage\",\"url\":\"https:\/\/www.ovidiudragosargesanu.ro\/en\/wp-content\/uploads\/2023\/12\/Scopul-vietii-pe-pamant-conferinta.png\",\"contentUrl\":\"https:\/\/www.ovidiudragosargesanu.ro\/en\/wp-content\/uploads\/2023\/12\/Scopul-vietii-pe-pamant-conferinta.png\",\"width\":600,\"height\":800},{\"@type\":\"BreadcrumbList\",\"@id\":\"https:\/\/www.ovidiudragosargesanu.ro\/en\/shop\/seniori\/conferinta-scopul-vietii-pe-pamant-seniori\/#breadcrumb\",\"itemListElement\":[{\"@type\":\"ListItem\",\"position\":1,\"name\":\"Prima pagin\u0103\",\"item\":\"https:\/\/www.ovidiudragosargesanu.ro\/en\/\"},{\"@type\":\"ListItem\",\"position\":2,\"name\":\"Shop\",\"item\":\"https:\/\/www.ovidiudragosargesanu.ro\/en\/shop\/\"},{\"@type\":\"ListItem\",\"position\":3,\"name\":\"Scopul vie\u021bii pe p\u0103m\u00e2nt (Seniori)\"}]},{\"@type\":\"WebSite\",\"@id\":\"https:\/\/www.ovidiudragosargesanu.ro\/en\/#website\",\"url\":\"https:\/\/www.ovidiudragosargesanu.ro\/en\/\",\"name\":\"Ovidiu Drago\u0219 Arge\u0219anu\",\"description\":\"\",\"publisher\":{\"@id\":\"https:\/\/www.ovidiudragosargesanu.ro\/en\/#organization\"},\"potentialAction\":[{\"@type\":\"SearchAction\",\"target\":{\"@type\":\"EntryPoint\",\"urlTemplate\":\"https:\/\/www.ovidiudragosargesanu.ro\/en\/?s={search_term_string}\"},\"query-input\":{\"@type\":\"PropertyValueSpecification\",\"valueRequired\":true,\"valueName\":\"search_term_string\"}}],\"inLanguage\":\"en-US\"},{\"@type\":\"Organization\",\"@id\":\"https:\/\/www.ovidiudragosargesanu.ro\/en\/#organization\",\"name\":\"Ovidiu Drago\u0219 Arge\u0219anu\",\"url\":\"https:\/\/www.ovidiudragosargesanu.ro\/en\/\",\"logo\":{\"@type\":\"ImageObject\",\"inLanguage\":\"en-US\",\"@id\":\"https:\/\/www.ovidiudragosargesanu.ro\/en\/#\/schema\/logo\/image\/\",\"url\":\"https:\/\/www.ovidiudragosargesanu.ro\/en\/wp-content\/uploads\/2018\/03\/dragos-logo-lotus-black-400.svg\",\"contentUrl\":\"https:\/\/www.ovidiudragosargesanu.ro\/en\/wp-content\/uploads\/2018\/03\/dragos-logo-lotus-black-400.svg\",\"width\":300,\"height\":150,\"caption\":\"Ovidiu Drago\u0219 Arge\u0219anu\"},\"image\":{\"@id\":\"https:\/\/www.ovidiudragosargesanu.ro\/en\/#\/schema\/logo\/image\/\"}}]}<\/script>\n<!-- \/ Yoast SEO plugin. -->","yoast_head_json":{"title":"Scopul vie\u021bii pe p\u0103m\u00e2nt (Seniori) - Ovidiu Drago\u0219 Arge\u0219anu","description":"Urm\u0103re\u0219te conferin\u021ba \u201cScopul vie\u021bii pe P\u0103m\u00e2nt\u201c sus\u021binut\u0103 de Dr. Ovidiu-Drago\u0219 Arge\u0219anu pe 18 august 2022 \u0219i exploreaz\u0103 experien\u021be captivante","robots":{"index":"noindex","follow":"follow","max-snippet":"max-snippet:-1","max-image-preview":"max-image-preview:large","max-video-preview":"max-video-preview:-1"},"og_locale":"en_US","og_type":"article","og_title":"Scopul vie\u021bii pe p\u0103m\u00e2nt (Seniori) - Ovidiu Drago\u0219 Arge\u0219anu","og_description":"Urm\u0103re\u0219te conferin\u021ba \u201cScopul vie\u021bii pe P\u0103m\u00e2nt\u201c sus\u021binut\u0103 de Dr. Ovidiu-Drago\u0219 Arge\u0219anu pe 18 august 2022 \u0219i exploreaz\u0103 experien\u021be captivante","og_url":"https:\/\/www.ovidiudragosargesanu.ro\/en\/shop\/seniori\/conferinta-scopul-vietii-pe-pamant-seniori\/","og_site_name":"Ovidiu Drago\u0219 Arge\u0219anu","article_modified_time":"2025-02-28T18:37:47+00:00","og_image":[{"width":600,"height":800,"url":"https:\/\/www.ovidiudragosargesanu.ro\/en\/wp-content\/uploads\/2023\/12\/Scopul-vietii-pe-pamant-conferinta.png","type":"image\/png"}],"twitter_card":"summary_large_image","twitter_misc":{"Est. reading time":"1 minute"},"schema":{"@context":"https:\/\/schema.org","@graph":[{"@type":"WebPage","@id":"https:\/\/www.ovidiudragosargesanu.ro\/en\/shop\/seniori\/conferinta-scopul-vietii-pe-pamant-seniori\/","url":"https:\/\/www.ovidiudragosargesanu.ro\/en\/shop\/seniori\/conferinta-scopul-vietii-pe-pamant-seniori\/","name":"Scopul vie\u021bii pe p\u0103m\u00e2nt (Seniori) - Ovidiu Drago\u0219 Arge\u0219anu","isPartOf":{"@id":"https:\/\/www.ovidiudragosargesanu.ro\/en\/#website"},"primaryImageOfPage":{"@id":"https:\/\/www.ovidiudragosargesanu.ro\/en\/shop\/seniori\/conferinta-scopul-vietii-pe-pamant-seniori\/#primaryimage"},"image":{"@id":"https:\/\/www.ovidiudragosargesanu.ro\/en\/shop\/seniori\/conferinta-scopul-vietii-pe-pamant-seniori\/#primaryimage"},"thumbnailUrl":"https:\/\/www.ovidiudragosargesanu.ro\/en\/wp-content\/uploads\/2023\/12\/Scopul-vietii-pe-pamant-conferinta.png","datePublished":"2024-11-16T15:19:48+00:00","dateModified":"2025-02-28T18:37:47+00:00","description":"Urm\u0103re\u0219te conferin\u021ba \u201cScopul vie\u021bii pe P\u0103m\u00e2nt\u201c sus\u021binut\u0103 de Dr. Ovidiu-Drago\u0219 Arge\u0219anu pe 18 august 2022 \u0219i exploreaz\u0103 experien\u021be captivante","breadcrumb":{"@id":"https:\/\/www.ovidiudragosargesanu.ro\/en\/shop\/seniori\/conferinta-scopul-vietii-pe-pamant-seniori\/#breadcrumb"},"inLanguage":"en-US","potentialAction":[{"@type":"ReadAction","target":["https:\/\/www.ovidiudragosargesanu.ro\/en\/shop\/seniori\/conferinta-scopul-vietii-pe-pamant-seniori\/"]}]},{"@type":"ImageObject","inLanguage":"en-US","@id":"https:\/\/www.ovidiudragosargesanu.ro\/en\/shop\/seniori\/conferinta-scopul-vietii-pe-pamant-seniori\/#primaryimage","url":"https:\/\/www.ovidiudragosargesanu.ro\/en\/wp-content\/uploads\/2023\/12\/Scopul-vietii-pe-pamant-conferinta.png","contentUrl":"https:\/\/www.ovidiudragosargesanu.ro\/en\/wp-content\/uploads\/2023\/12\/Scopul-vietii-pe-pamant-conferinta.png","width":600,"height":800},{"@type":"BreadcrumbList","@id":"https:\/\/www.ovidiudragosargesanu.ro\/en\/shop\/seniori\/conferinta-scopul-vietii-pe-pamant-seniori\/#breadcrumb","itemListElement":[{"@type":"ListItem","position":1,"name":"Prima pagin\u0103","item":"https:\/\/www.ovidiudragosargesanu.ro\/en\/"},{"@type":"ListItem","position":2,"name":"Shop","item":"https:\/\/www.ovidiudragosargesanu.ro\/en\/shop\/"},{"@type":"ListItem","position":3,"name":"Scopul vie\u021bii pe p\u0103m\u00e2nt (Seniori)"}]},{"@type":"WebSite","@id":"https:\/\/www.ovidiudragosargesanu.ro\/en\/#website","url":"https:\/\/www.ovidiudragosargesanu.ro\/en\/","name":"Ovidiu Drago\u0219 Arge\u0219anu","description":"","publisher":{"@id":"https:\/\/www.ovidiudragosargesanu.ro\/en\/#organization"},"potentialAction":[{"@type":"SearchAction","target":{"@type":"EntryPoint","urlTemplate":"https:\/\/www.ovidiudragosargesanu.ro\/en\/?s={search_term_string}"},"query-input":{"@type":"PropertyValueSpecification","valueRequired":true,"valueName":"search_term_string"}}],"inLanguage":"en-US"},{"@type":"Organization","@id":"https:\/\/www.ovidiudragosargesanu.ro\/en\/#organization","name":"Ovidiu Drago\u0219 Arge\u0219anu","url":"https:\/\/www.ovidiudragosargesanu.ro\/en\/","logo":{"@type":"ImageObject","inLanguage":"en-US","@id":"https:\/\/www.ovidiudragosargesanu.ro\/en\/#\/schema\/logo\/image\/","url":"https:\/\/www.ovidiudragosargesanu.ro\/en\/wp-content\/uploads\/2018\/03\/dragos-logo-lotus-black-400.svg","contentUrl":"https:\/\/www.ovidiudragosargesanu.ro\/en\/wp-content\/uploads\/2018\/03\/dragos-logo-lotus-black-400.svg","width":300,"height":150,"caption":"Ovidiu Drago\u0219 Arge\u0219anu"},"image":{"@id":"https:\/\/www.ovidiudragosargesanu.ro\/en\/#\/schema\/logo\/image\/"}}]}},"_links":{"self":[{"href":"https:\/\/www.ovidiudragosargesanu.ro\/en\/wp-json\/wp\/v2\/product\/26557","targetHints":{"allow":["GET"]}}],"collection":[{"href":"https:\/\/www.ovidiudragosargesanu.ro\/en\/wp-json\/wp\/v2\/product"}],"about":[{"href":"https:\/\/www.ovidiudragosargesanu.ro\/en\/wp-json\/wp\/v2\/types\/product"}],"version-history":[{"count":2,"href":"https:\/\/www.ovidiudragosargesanu.ro\/en\/wp-json\/wp\/v2\/product\/26557\/revisions"}],"predecessor-version":[{"id":26874,"href":"https:\/\/www.ovidiudragosargesanu.ro\/en\/wp-json\/wp\/v2\/product\/26557\/revisions\/26874"}],"wp:featuredmedia":[{"embeddable":true,"href":"https:\/\/www.ovidiudragosargesanu.ro\/en\/wp-json\/wp\/v2\/media\/4708"}],"wp:attachment":[{"href":"https:\/\/www.ovidiudragosargesanu.ro\/en\/wp-json\/wp\/v2\/media?parent=26557"}],"wp:term":[{"taxonomy":"product_brand","embeddable":true,"href":"https:\/\/www.ovidiudragosargesanu.ro\/en\/wp-json\/wp\/v2\/product_brand?post=26557"},{"taxonomy":"product_cat","embeddable":true,"href":"https:\/\/www.ovidiudragosargesanu.ro\/en\/wp-json\/wp\/v2\/product_cat?post=26557"},{"taxonomy":"product_tag","embeddable":true,"href":"https:\/\/www.ovidiudragosargesanu.ro\/en\/wp-json\/wp\/v2\/product_tag?post=26557"}],"curies":[{"name":"wp","href":"https:\/\/api.w.org\/{rel}","templated":true}]}}