{"id":26567,"date":"2024-11-16T17:25:02","date_gmt":"2024-11-16T15:25:02","guid":{"rendered":"https:\/\/www.ovidiudragosargesanu.ro\/?post_type=product&#038;p=26567"},"modified":"2025-02-28T20:36:34","modified_gmt":"2025-02-28T18:36:34","slug":"curs-constientizarea-si-vindecarea-ranilor-emotionale-seniori","status":"publish","type":"product","link":"https:\/\/www.ovidiudragosargesanu.ro\/en\/shop\/seniori\/curs-constientizarea-si-vindecarea-ranilor-emotionale-seniori\/","title":{"rendered":"Con\u0219tientizarea \u0219i vindecarea r\u0103nilor emo\u021bionale (Seniori)"},"content":{"rendered":"<p><span style=\"font-weight: 400;\">Trauma \u0219i problemele emo\u021bionale sunt parte din via\u021b\u0103 pentru fiecare dintre noi. Fiecare trece prin astfel de momente, iar rezisten\u021ba noastr\u0103 la aceste situa\u021bii are o component\u0103 karmic\u0103. Transformarea r\u0103nilor emo\u021bionale \u00eentr-o perspectiv\u0103 pozitiv\u0103 poate aduce schimb\u0103ri notabile \u00een comportamentul partenerului nostru, \u00eens\u0103 vindecarea noastr\u0103 nu \u00eei vindec\u0103 pe ceilal\u021bi. Via\u021ba se bazeaz\u0103 pe schimbare \u0219i evolu\u021bie, iar rug\u0103ciunile \u0219i principiul feminin, Yin, sunt instrumente puternice pentru vindecarea sufletului. Rug\u0103ciunea poate fi o cale de eliberare \u0219i transformare a suferin\u021bei interioare, conduc\u00e2nd c\u0103tre starea de bucurie \u0219i vindecare a sufletului. Urm\u0103re\u0219te conferin\u021ba \u201cCon\u0219tientizarea \u0219i vindecarea r\u0103nilor emo\u021bionale\u201c sus\u021binut\u0103 de Dr, Ovidiu-Drago\u0219 Arge\u0219anu \u0219i p\u0103trunde \u00eentr-o nou\u0103 lume profund\u0103 a vindec\u0103rii spiritului.<\/span><\/p>\n","protected":false},"excerpt":{"rendered":"<p>ACCES NELIMITAT!<\/p>\n<p>Vizioneaz\u0103 conferin\u021ba \u201cCon\u0219tientizarea \u0219i vindecarea r\u0103nilor emo\u021bionale\u201c sus\u021binut\u0103 de Dr. Drago\u0219-Ovidiu Arge\u0219anu \u0219i vei afla mai multe detalii despre natura r\u0103nilor emo\u021bionale, cum s\u0103 le identifici \u0219i con\u0219tientizezi, descoperind originile acestora \u0219i \u00eenv\u0103\u021b\u00e2nd metode eficiente de vindecare.<br \/>\nBeneficiile includ dob\u00e2ndirea unei \u00een\u021belegeri mai profunde a propriilor r\u0103ni emo\u021bionale \u0219i c\u0103i practice pentru a le gestiona \u0219i vindeca, contribuind astfel la \u00eembun\u0103t\u0103\u021birea st\u0103rii tale emo\u021bionale \u0219i a bun\u0103st\u0103rii generale.<\/p>\n","protected":false},"featured_media":4687,"template":"","meta":{"inline_featured_image":false},"product_brand":[],"product_cat":[795],"product_tag":[],"class_list":{"0":"post-26567","1":"product","2":"type-product","3":"status-publish","4":"has-post-thumbnail","6":"product_cat-seniori","8":"first","9":"instock","10":"sale","11":"virtual","12":"sold-individually","13":"taxable","14":"purchasable","15":"product-type-simple"},"yoast_head":"<!-- This site is optimized with the Yoast SEO plugin v26.9 - https:\/\/yoast.com\/product\/yoast-seo-wordpress\/ -->\n<title>Con\u0219tientizarea \u0219i vindecarea r\u0103nilor emo\u021bionale (Seniori) - Ovidiu Drago\u0219 Arge\u0219anu<\/title>\n<meta name=\"robots\" content=\"noindex, follow, max-snippet:-1, max-image-preview:large, max-video-preview:-1\" \/>\n<meta property=\"og:locale\" content=\"en_US\" \/>\n<meta property=\"og:type\" content=\"article\" \/>\n<meta property=\"og:title\" content=\"Con\u0219tientizarea \u0219i vindecarea r\u0103nilor emo\u021bionale (Seniori) - Ovidiu Drago\u0219 Arge\u0219anu\" \/>\n<meta property=\"og:description\" content=\"ACCES NELIMITAT!  Vizioneaz\u0103 conferin\u021ba \u201cCon\u0219tientizarea \u0219i vindecarea r\u0103nilor emo\u021bionale\u201c sus\u021binut\u0103 de Dr. Drago\u0219-Ovidiu Arge\u0219anu \u0219i vei afla mai multe detalii despre natura r\u0103nilor emo\u021bionale, cum s\u0103 le identifici \u0219i con\u0219tientizezi, descoperind originile acestora \u0219i \u00eenv\u0103\u021b\u00e2nd metode eficiente de vindecare. Beneficiile includ dob\u00e2ndirea unei \u00een\u021belegeri mai profunde a propriilor r\u0103ni emo\u021bionale \u0219i c\u0103i practice pentru a le gestiona \u0219i vindeca, contribuind astfel la \u00eembun\u0103t\u0103\u021birea st\u0103rii tale emo\u021bionale \u0219i a bun\u0103st\u0103rii generale.\" \/>\n<meta property=\"og:url\" content=\"https:\/\/www.ovidiudragosargesanu.ro\/en\/shop\/seniori\/curs-constientizarea-si-vindecarea-ranilor-emotionale-seniori\/\" \/>\n<meta property=\"og:site_name\" content=\"Ovidiu Drago\u0219 Arge\u0219anu\" \/>\n<meta property=\"article:modified_time\" content=\"2025-02-28T18:36:34+00:00\" \/>\n<meta property=\"og:image\" content=\"https:\/\/www.ovidiudragosargesanu.ro\/en\/wp-content\/uploads\/2023\/12\/Constientizarea-si-vindecarea-ranilor-emotionale-curs.png\" \/>\n\t<meta property=\"og:image:width\" content=\"600\" \/>\n\t<meta property=\"og:image:height\" content=\"800\" \/>\n\t<meta property=\"og:image:type\" content=\"image\/png\" \/>\n<meta name=\"twitter:card\" content=\"summary_large_image\" \/>\n<meta name=\"twitter:label1\" content=\"Est. reading time\" \/>\n\t<meta name=\"twitter:data1\" content=\"1 minute\" \/>\n<script type=\"application\/ld+json\" class=\"yoast-schema-graph\">{\"@context\":\"https:\/\/schema.org\",\"@graph\":[{\"@type\":\"WebPage\",\"@id\":\"https:\/\/www.ovidiudragosargesanu.ro\/en\/shop\/seniori\/curs-constientizarea-si-vindecarea-ranilor-emotionale-seniori\/\",\"url\":\"https:\/\/www.ovidiudragosargesanu.ro\/en\/shop\/seniori\/curs-constientizarea-si-vindecarea-ranilor-emotionale-seniori\/\",\"name\":\"Con\u0219tientizarea \u0219i vindecarea r\u0103nilor emo\u021bionale (Seniori) - Ovidiu Drago\u0219 Arge\u0219anu\",\"isPartOf\":{\"@id\":\"https:\/\/www.ovidiudragosargesanu.ro\/en\/#website\"},\"primaryImageOfPage\":{\"@id\":\"https:\/\/www.ovidiudragosargesanu.ro\/en\/shop\/seniori\/curs-constientizarea-si-vindecarea-ranilor-emotionale-seniori\/#primaryimage\"},\"image\":{\"@id\":\"https:\/\/www.ovidiudragosargesanu.ro\/en\/shop\/seniori\/curs-constientizarea-si-vindecarea-ranilor-emotionale-seniori\/#primaryimage\"},\"thumbnailUrl\":\"https:\/\/www.ovidiudragosargesanu.ro\/en\/wp-content\/uploads\/2023\/12\/Constientizarea-si-vindecarea-ranilor-emotionale-curs.png\",\"datePublished\":\"2024-11-16T15:25:02+00:00\",\"dateModified\":\"2025-02-28T18:36:34+00:00\",\"breadcrumb\":{\"@id\":\"https:\/\/www.ovidiudragosargesanu.ro\/en\/shop\/seniori\/curs-constientizarea-si-vindecarea-ranilor-emotionale-seniori\/#breadcrumb\"},\"inLanguage\":\"en-US\",\"potentialAction\":[{\"@type\":\"ReadAction\",\"target\":[\"https:\/\/www.ovidiudragosargesanu.ro\/en\/shop\/seniori\/curs-constientizarea-si-vindecarea-ranilor-emotionale-seniori\/\"]}]},{\"@type\":\"ImageObject\",\"inLanguage\":\"en-US\",\"@id\":\"https:\/\/www.ovidiudragosargesanu.ro\/en\/shop\/seniori\/curs-constientizarea-si-vindecarea-ranilor-emotionale-seniori\/#primaryimage\",\"url\":\"https:\/\/www.ovidiudragosargesanu.ro\/en\/wp-content\/uploads\/2023\/12\/Constientizarea-si-vindecarea-ranilor-emotionale-curs.png\",\"contentUrl\":\"https:\/\/www.ovidiudragosargesanu.ro\/en\/wp-content\/uploads\/2023\/12\/Constientizarea-si-vindecarea-ranilor-emotionale-curs.png\",\"width\":600,\"height\":800},{\"@type\":\"BreadcrumbList\",\"@id\":\"https:\/\/www.ovidiudragosargesanu.ro\/en\/shop\/seniori\/curs-constientizarea-si-vindecarea-ranilor-emotionale-seniori\/#breadcrumb\",\"itemListElement\":[{\"@type\":\"ListItem\",\"position\":1,\"name\":\"Prima pagin\u0103\",\"item\":\"https:\/\/www.ovidiudragosargesanu.ro\/en\/\"},{\"@type\":\"ListItem\",\"position\":2,\"name\":\"Shop\",\"item\":\"https:\/\/www.ovidiudragosargesanu.ro\/en\/shop\/\"},{\"@type\":\"ListItem\",\"position\":3,\"name\":\"Con\u0219tientizarea \u0219i vindecarea r\u0103nilor emo\u021bionale (Seniori)\"}]},{\"@type\":\"WebSite\",\"@id\":\"https:\/\/www.ovidiudragosargesanu.ro\/en\/#website\",\"url\":\"https:\/\/www.ovidiudragosargesanu.ro\/en\/\",\"name\":\"Ovidiu Drago\u0219 Arge\u0219anu\",\"description\":\"\",\"publisher\":{\"@id\":\"https:\/\/www.ovidiudragosargesanu.ro\/en\/#organization\"},\"potentialAction\":[{\"@type\":\"SearchAction\",\"target\":{\"@type\":\"EntryPoint\",\"urlTemplate\":\"https:\/\/www.ovidiudragosargesanu.ro\/en\/?s={search_term_string}\"},\"query-input\":{\"@type\":\"PropertyValueSpecification\",\"valueRequired\":true,\"valueName\":\"search_term_string\"}}],\"inLanguage\":\"en-US\"},{\"@type\":\"Organization\",\"@id\":\"https:\/\/www.ovidiudragosargesanu.ro\/en\/#organization\",\"name\":\"Ovidiu Drago\u0219 Arge\u0219anu\",\"url\":\"https:\/\/www.ovidiudragosargesanu.ro\/en\/\",\"logo\":{\"@type\":\"ImageObject\",\"inLanguage\":\"en-US\",\"@id\":\"https:\/\/www.ovidiudragosargesanu.ro\/en\/#\/schema\/logo\/image\/\",\"url\":\"https:\/\/www.ovidiudragosargesanu.ro\/en\/wp-content\/uploads\/2018\/03\/dragos-logo-lotus-black-400.svg\",\"contentUrl\":\"https:\/\/www.ovidiudragosargesanu.ro\/en\/wp-content\/uploads\/2018\/03\/dragos-logo-lotus-black-400.svg\",\"width\":300,\"height\":150,\"caption\":\"Ovidiu Drago\u0219 Arge\u0219anu\"},\"image\":{\"@id\":\"https:\/\/www.ovidiudragosargesanu.ro\/en\/#\/schema\/logo\/image\/\"}}]}<\/script>\n<!-- \/ Yoast SEO plugin. -->","yoast_head_json":{"title":"Con\u0219tientizarea \u0219i vindecarea r\u0103nilor emo\u021bionale (Seniori) - Ovidiu Drago\u0219 Arge\u0219anu","robots":{"index":"noindex","follow":"follow","max-snippet":"max-snippet:-1","max-image-preview":"max-image-preview:large","max-video-preview":"max-video-preview:-1"},"og_locale":"en_US","og_type":"article","og_title":"Con\u0219tientizarea \u0219i vindecarea r\u0103nilor emo\u021bionale (Seniori) - Ovidiu Drago\u0219 Arge\u0219anu","og_description":"ACCES NELIMITAT!  Vizioneaz\u0103 conferin\u021ba \u201cCon\u0219tientizarea \u0219i vindecarea r\u0103nilor emo\u021bionale\u201c sus\u021binut\u0103 de Dr. Drago\u0219-Ovidiu Arge\u0219anu \u0219i vei afla mai multe detalii despre natura r\u0103nilor emo\u021bionale, cum s\u0103 le identifici \u0219i con\u0219tientizezi, descoperind originile acestora \u0219i \u00eenv\u0103\u021b\u00e2nd metode eficiente de vindecare. Beneficiile includ dob\u00e2ndirea unei \u00een\u021belegeri mai profunde a propriilor r\u0103ni emo\u021bionale \u0219i c\u0103i practice pentru a le gestiona \u0219i vindeca, contribuind astfel la \u00eembun\u0103t\u0103\u021birea st\u0103rii tale emo\u021bionale \u0219i a bun\u0103st\u0103rii generale.","og_url":"https:\/\/www.ovidiudragosargesanu.ro\/en\/shop\/seniori\/curs-constientizarea-si-vindecarea-ranilor-emotionale-seniori\/","og_site_name":"Ovidiu Drago\u0219 Arge\u0219anu","article_modified_time":"2025-02-28T18:36:34+00:00","og_image":[{"width":600,"height":800,"url":"https:\/\/www.ovidiudragosargesanu.ro\/en\/wp-content\/uploads\/2023\/12\/Constientizarea-si-vindecarea-ranilor-emotionale-curs.png","type":"image\/png"}],"twitter_card":"summary_large_image","twitter_misc":{"Est. reading time":"1 minute"},"schema":{"@context":"https:\/\/schema.org","@graph":[{"@type":"WebPage","@id":"https:\/\/www.ovidiudragosargesanu.ro\/en\/shop\/seniori\/curs-constientizarea-si-vindecarea-ranilor-emotionale-seniori\/","url":"https:\/\/www.ovidiudragosargesanu.ro\/en\/shop\/seniori\/curs-constientizarea-si-vindecarea-ranilor-emotionale-seniori\/","name":"Con\u0219tientizarea \u0219i vindecarea r\u0103nilor emo\u021bionale (Seniori) - Ovidiu Drago\u0219 Arge\u0219anu","isPartOf":{"@id":"https:\/\/www.ovidiudragosargesanu.ro\/en\/#website"},"primaryImageOfPage":{"@id":"https:\/\/www.ovidiudragosargesanu.ro\/en\/shop\/seniori\/curs-constientizarea-si-vindecarea-ranilor-emotionale-seniori\/#primaryimage"},"image":{"@id":"https:\/\/www.ovidiudragosargesanu.ro\/en\/shop\/seniori\/curs-constientizarea-si-vindecarea-ranilor-emotionale-seniori\/#primaryimage"},"thumbnailUrl":"https:\/\/www.ovidiudragosargesanu.ro\/en\/wp-content\/uploads\/2023\/12\/Constientizarea-si-vindecarea-ranilor-emotionale-curs.png","datePublished":"2024-11-16T15:25:02+00:00","dateModified":"2025-02-28T18:36:34+00:00","breadcrumb":{"@id":"https:\/\/www.ovidiudragosargesanu.ro\/en\/shop\/seniori\/curs-constientizarea-si-vindecarea-ranilor-emotionale-seniori\/#breadcrumb"},"inLanguage":"en-US","potentialAction":[{"@type":"ReadAction","target":["https:\/\/www.ovidiudragosargesanu.ro\/en\/shop\/seniori\/curs-constientizarea-si-vindecarea-ranilor-emotionale-seniori\/"]}]},{"@type":"ImageObject","inLanguage":"en-US","@id":"https:\/\/www.ovidiudragosargesanu.ro\/en\/shop\/seniori\/curs-constientizarea-si-vindecarea-ranilor-emotionale-seniori\/#primaryimage","url":"https:\/\/www.ovidiudragosargesanu.ro\/en\/wp-content\/uploads\/2023\/12\/Constientizarea-si-vindecarea-ranilor-emotionale-curs.png","contentUrl":"https:\/\/www.ovidiudragosargesanu.ro\/en\/wp-content\/uploads\/2023\/12\/Constientizarea-si-vindecarea-ranilor-emotionale-curs.png","width":600,"height":800},{"@type":"BreadcrumbList","@id":"https:\/\/www.ovidiudragosargesanu.ro\/en\/shop\/seniori\/curs-constientizarea-si-vindecarea-ranilor-emotionale-seniori\/#breadcrumb","itemListElement":[{"@type":"ListItem","position":1,"name":"Prima pagin\u0103","item":"https:\/\/www.ovidiudragosargesanu.ro\/en\/"},{"@type":"ListItem","position":2,"name":"Shop","item":"https:\/\/www.ovidiudragosargesanu.ro\/en\/shop\/"},{"@type":"ListItem","position":3,"name":"Con\u0219tientizarea \u0219i vindecarea r\u0103nilor emo\u021bionale (Seniori)"}]},{"@type":"WebSite","@id":"https:\/\/www.ovidiudragosargesanu.ro\/en\/#website","url":"https:\/\/www.ovidiudragosargesanu.ro\/en\/","name":"Ovidiu Drago\u0219 Arge\u0219anu","description":"","publisher":{"@id":"https:\/\/www.ovidiudragosargesanu.ro\/en\/#organization"},"potentialAction":[{"@type":"SearchAction","target":{"@type":"EntryPoint","urlTemplate":"https:\/\/www.ovidiudragosargesanu.ro\/en\/?s={search_term_string}"},"query-input":{"@type":"PropertyValueSpecification","valueRequired":true,"valueName":"search_term_string"}}],"inLanguage":"en-US"},{"@type":"Organization","@id":"https:\/\/www.ovidiudragosargesanu.ro\/en\/#organization","name":"Ovidiu Drago\u0219 Arge\u0219anu","url":"https:\/\/www.ovidiudragosargesanu.ro\/en\/","logo":{"@type":"ImageObject","inLanguage":"en-US","@id":"https:\/\/www.ovidiudragosargesanu.ro\/en\/#\/schema\/logo\/image\/","url":"https:\/\/www.ovidiudragosargesanu.ro\/en\/wp-content\/uploads\/2018\/03\/dragos-logo-lotus-black-400.svg","contentUrl":"https:\/\/www.ovidiudragosargesanu.ro\/en\/wp-content\/uploads\/2018\/03\/dragos-logo-lotus-black-400.svg","width":300,"height":150,"caption":"Ovidiu Drago\u0219 Arge\u0219anu"},"image":{"@id":"https:\/\/www.ovidiudragosargesanu.ro\/en\/#\/schema\/logo\/image\/"}}]}},"_links":{"self":[{"href":"https:\/\/www.ovidiudragosargesanu.ro\/en\/wp-json\/wp\/v2\/product\/26567","targetHints":{"allow":["GET"]}}],"collection":[{"href":"https:\/\/www.ovidiudragosargesanu.ro\/en\/wp-json\/wp\/v2\/product"}],"about":[{"href":"https:\/\/www.ovidiudragosargesanu.ro\/en\/wp-json\/wp\/v2\/types\/product"}],"version-history":[{"count":2,"href":"https:\/\/www.ovidiudragosargesanu.ro\/en\/wp-json\/wp\/v2\/product\/26567\/revisions"}],"predecessor-version":[{"id":26894,"href":"https:\/\/www.ovidiudragosargesanu.ro\/en\/wp-json\/wp\/v2\/product\/26567\/revisions\/26894"}],"wp:featuredmedia":[{"embeddable":true,"href":"https:\/\/www.ovidiudragosargesanu.ro\/en\/wp-json\/wp\/v2\/media\/4687"}],"wp:attachment":[{"href":"https:\/\/www.ovidiudragosargesanu.ro\/en\/wp-json\/wp\/v2\/media?parent=26567"}],"wp:term":[{"taxonomy":"product_brand","embeddable":true,"href":"https:\/\/www.ovidiudragosargesanu.ro\/en\/wp-json\/wp\/v2\/product_brand?post=26567"},{"taxonomy":"product_cat","embeddable":true,"href":"https:\/\/www.ovidiudragosargesanu.ro\/en\/wp-json\/wp\/v2\/product_cat?post=26567"},{"taxonomy":"product_tag","embeddable":true,"href":"https:\/\/www.ovidiudragosargesanu.ro\/en\/wp-json\/wp\/v2\/product_tag?post=26567"}],"curies":[{"name":"wp","href":"https:\/\/api.w.org\/{rel}","templated":true}]}}