{"id":26606,"date":"2024-11-16T17:45:49","date_gmt":"2024-11-16T15:45:49","guid":{"rendered":"https:\/\/www.ovidiudragosargesanu.ro\/?post_type=product&#038;p=26606"},"modified":"2024-11-16T17:46:12","modified_gmt":"2024-11-16T15:46:12","slug":"fratii-mei-dragonii-seniori","status":"publish","type":"product","link":"https:\/\/www.ovidiudragosargesanu.ro\/en\/shop\/seniori\/fratii-mei-dragonii-seniori\/","title":{"rendered":"Fra\u021bii mei, dragonii (Seniori)"},"content":{"rendered":"<p><span style=\"font-weight: 400;\">Dr. Ovidiu-Drago\u0219 Arge\u0219anu <\/span><span style=\"font-weight: 400;\">\u00eemp\u0103rt\u0103\u0219e\u0219te experien\u021bele \u0219i<\/span> <span style=\"font-weight: 400;\">dilemele sale \u00een ceea ce prive\u0219te dezv\u0103luirea sau p\u0103strarea informa\u021biilor despre <\/span><span style=\"font-weight: 400;\">dragoni<\/span><span style=\"font-weight: 400;\">, adres\u00e2ndu-se celor pasiona\u021bi de <\/span><span style=\"font-weight: 400;\">cunoa\u0219tere <\/span><span style=\"font-weight: 400;\">avansat\u0103. Autorul dezv\u0103luie \u00een cartea \u201e<\/span><span style=\"font-weight: 400;\">Fra\u021bii mei, dragonii<\/span><span style=\"font-weight: 400;\">\u201d, complexitatea \u0219i frumuse\u021bea psihicului \u0219i fizicului uman, dep\u0103\u0219ind limitele impuse de frici \u0219i prejudec\u0103\u021bi, ar\u0103t\u00e2nd cititorilor s\u0103i totodat\u0103 complexitatea \u0219i <\/span><span style=\"font-weight: 400;\">frumuse\u021bea lumii nev\u0103zute<\/span><span style=\"font-weight: 400;\">. Cartea aceasta se adreseaz\u0103 tuturor celor pasiona\u021bi de <\/span><span style=\"font-weight: 400;\">explorarea lumilor ascunse<\/span><span style=\"font-weight: 400;\">, \u0219i ofer\u0103 r\u0103spunsuri la \u00eentreb\u0103ri despre <\/span><span style=\"font-weight: 400;\">experien\u021be <\/span><span style=\"font-weight: 400;\">inexplicabile.<\/span><\/p>\n<p><span style=\"font-weight: 400;\">\u201e<\/span><span style=\"font-weight: 400;\">Fra\u021bii mei, dragonii\u201d <\/span><span style=\"font-weight: 400;\">nu este doar o lectur\u0103, ci o c\u0103l\u0103torie transformatoare. Autorul \u00ee\u0219i \u00eendeamn\u0103 cititorii s\u0103 p\u0103trund\u0103 dincolo de barierele cunoa\u0219terii obi\u0219nuite \u0219i s\u0103 colaboreze cu fiin\u021be din lumea nev\u0103zut\u0103. Aceast\u0103 carte deschide noi perspective pentru o reconciliere \u00eentre oameni, \u00eengeri, demoni \u0219i, desigur, dragoni.<\/span><\/p>\n<p><span style=\"font-weight: 400;\">Descoper\u0103 fascinanta lume a <\/span><span style=\"font-weight: 400;\">dragonilor <\/span><span style=\"font-weight: 400;\">\u00een \u201e<\/span><span style=\"font-weight: 400;\">Fra\u021bii mei, dragonii\u201d. <\/span><span style=\"font-weight: 400;\">Las\u0103-te purtat \u00eentr-o c\u0103l\u0103torie captivant\u0103 plin\u0103 de descoperiri \u0219i inspira\u021bie, devenind martor al unei incursiuni neobi\u0219nuite \u00een t\u0103r\u00e2mul neexplorat al existen\u021bei mistice. Aceast\u0103 carte este o fereastr\u0103 c\u0103tre misterele ascunse ale universului \u0219i o invita\u021bie de a le descoperi.\u00a0<\/span><\/p>\n","protected":false},"excerpt":{"rendered":"\n<table id=\"tablepress-49\" class=\"tablepress tablepress-id-49\">\n<tbody class=\"row-striping row-hover\">\n<tr class=\"row-1\">\n\t<td class=\"column-1\">Editura<\/td><td class=\"column-2\"><b>Ambra, PRO DAO<\/b><\/td>\n<\/tr>\n<tr class=\"row-2\">\n\t<td class=\"column-1\">Anul Public\u0103rii<\/td><td class=\"column-2\">2020<\/td>\n<\/tr>\n<tr class=\"row-3\">\n\t<td class=\"column-1\">Num\u0103r Pagini<\/td><td class=\"column-2\">238<\/td>\n<\/tr>\n<tr class=\"row-4\">\n\t<td class=\"column-1\">Cod produs - SKU<\/td><td class=\"column-2\">9786069341391<\/td>\n<\/tr>\n<\/tbody>\n<\/table>\n<!-- #tablepress-49 from cache -->\n","protected":false},"featured_media":4131,"template":"","meta":{"inline_featured_image":false},"product_brand":[],"product_cat":[795],"product_tag":[673,685],"class_list":{"0":"post-26606","1":"product","2":"type-product","3":"status-publish","4":"has-post-thumbnail","6":"product_cat-seniori","7":"product_tag-reiki","8":"product_tag-romana-inititiatice","10":"first","11":"instock","12":"sale","13":"taxable","14":"shipping-taxable","15":"purchasable","16":"product-type-simple"},"yoast_head":"<!-- This site is optimized with the Yoast SEO plugin v26.9 - https:\/\/yoast.com\/product\/yoast-seo-wordpress\/ -->\n<title>Fra\u021bii mei, dragonii (Seniori) - Ovidiu Drago\u0219 Arge\u0219anu<\/title>\n<meta name=\"description\" content=\"\u00centr-o lume unde misterul \u0219i realitatea se \u00eentrep\u0103trund, cartea \u201eFra\u021bii mei, dragonii\u201d scris\u0103 de Dr. Ovidiu-Drago\u0219 Arge\u0219anu, reprezint\u0103 o\" \/>\n<meta name=\"robots\" content=\"noindex, follow, max-snippet:-1, max-image-preview:large, max-video-preview:-1\" \/>\n<meta property=\"og:locale\" content=\"en_US\" \/>\n<meta property=\"og:type\" content=\"article\" \/>\n<meta property=\"og:title\" content=\"Fra\u021bii mei, dragonii (Seniori) - Ovidiu Drago\u0219 Arge\u0219anu\" \/>\n<meta property=\"og:description\" content=\"\u00centr-o lume unde misterul \u0219i realitatea se \u00eentrep\u0103trund, cartea \u201eFra\u021bii mei, dragonii\u201d scris\u0103 de Dr. Ovidiu-Drago\u0219 Arge\u0219anu, reprezint\u0103 o\" \/>\n<meta property=\"og:url\" content=\"https:\/\/www.ovidiudragosargesanu.ro\/en\/shop\/seniori\/fratii-mei-dragonii-seniori\/\" \/>\n<meta property=\"og:site_name\" content=\"Ovidiu Drago\u0219 Arge\u0219anu\" \/>\n<meta property=\"article:modified_time\" content=\"2024-11-16T15:46:12+00:00\" \/>\n<meta property=\"og:image\" content=\"https:\/\/www.ovidiudragosargesanu.ro\/en\/wp-content\/uploads\/2023\/12\/50.png\" \/>\n\t<meta property=\"og:image:width\" content=\"1000\" \/>\n\t<meta property=\"og:image:height\" content=\"1000\" \/>\n\t<meta property=\"og:image:type\" content=\"image\/png\" \/>\n<meta name=\"twitter:card\" content=\"summary_large_image\" \/>\n<meta name=\"twitter:label1\" content=\"Est. reading time\" \/>\n\t<meta name=\"twitter:data1\" content=\"2 minutes\" \/>\n<script type=\"application\/ld+json\" class=\"yoast-schema-graph\">{\"@context\":\"https:\/\/schema.org\",\"@graph\":[{\"@type\":\"WebPage\",\"@id\":\"https:\/\/www.ovidiudragosargesanu.ro\/en\/shop\/seniori\/fratii-mei-dragonii-seniori\/\",\"url\":\"https:\/\/www.ovidiudragosargesanu.ro\/en\/shop\/seniori\/fratii-mei-dragonii-seniori\/\",\"name\":\"Fra\u021bii mei, dragonii (Seniori) - Ovidiu Drago\u0219 Arge\u0219anu\",\"isPartOf\":{\"@id\":\"https:\/\/www.ovidiudragosargesanu.ro\/en\/#website\"},\"primaryImageOfPage\":{\"@id\":\"https:\/\/www.ovidiudragosargesanu.ro\/en\/shop\/seniori\/fratii-mei-dragonii-seniori\/#primaryimage\"},\"image\":{\"@id\":\"https:\/\/www.ovidiudragosargesanu.ro\/en\/shop\/seniori\/fratii-mei-dragonii-seniori\/#primaryimage\"},\"thumbnailUrl\":\"https:\/\/www.ovidiudragosargesanu.ro\/en\/wp-content\/uploads\/2023\/12\/50.png\",\"datePublished\":\"2024-11-16T15:45:49+00:00\",\"dateModified\":\"2024-11-16T15:46:12+00:00\",\"description\":\"\u00centr-o lume unde misterul \u0219i realitatea se \u00eentrep\u0103trund, cartea \u201eFra\u021bii mei, dragonii\u201d scris\u0103 de Dr. Ovidiu-Drago\u0219 Arge\u0219anu, reprezint\u0103 o\",\"breadcrumb\":{\"@id\":\"https:\/\/www.ovidiudragosargesanu.ro\/en\/shop\/seniori\/fratii-mei-dragonii-seniori\/#breadcrumb\"},\"inLanguage\":\"en-US\",\"potentialAction\":[{\"@type\":\"ReadAction\",\"target\":[\"https:\/\/www.ovidiudragosargesanu.ro\/en\/shop\/seniori\/fratii-mei-dragonii-seniori\/\"]}]},{\"@type\":\"ImageObject\",\"inLanguage\":\"en-US\",\"@id\":\"https:\/\/www.ovidiudragosargesanu.ro\/en\/shop\/seniori\/fratii-mei-dragonii-seniori\/#primaryimage\",\"url\":\"https:\/\/www.ovidiudragosargesanu.ro\/en\/wp-content\/uploads\/2023\/12\/50.png\",\"contentUrl\":\"https:\/\/www.ovidiudragosargesanu.ro\/en\/wp-content\/uploads\/2023\/12\/50.png\",\"width\":1000,\"height\":1000},{\"@type\":\"BreadcrumbList\",\"@id\":\"https:\/\/www.ovidiudragosargesanu.ro\/en\/shop\/seniori\/fratii-mei-dragonii-seniori\/#breadcrumb\",\"itemListElement\":[{\"@type\":\"ListItem\",\"position\":1,\"name\":\"Prima pagin\u0103\",\"item\":\"https:\/\/www.ovidiudragosargesanu.ro\/en\/\"},{\"@type\":\"ListItem\",\"position\":2,\"name\":\"Shop\",\"item\":\"https:\/\/www.ovidiudragosargesanu.ro\/en\/shop\/\"},{\"@type\":\"ListItem\",\"position\":3,\"name\":\"Fra\u021bii mei, dragonii (Seniori)\"}]},{\"@type\":\"WebSite\",\"@id\":\"https:\/\/www.ovidiudragosargesanu.ro\/en\/#website\",\"url\":\"https:\/\/www.ovidiudragosargesanu.ro\/en\/\",\"name\":\"Ovidiu Drago\u0219 Arge\u0219anu\",\"description\":\"\",\"publisher\":{\"@id\":\"https:\/\/www.ovidiudragosargesanu.ro\/en\/#organization\"},\"potentialAction\":[{\"@type\":\"SearchAction\",\"target\":{\"@type\":\"EntryPoint\",\"urlTemplate\":\"https:\/\/www.ovidiudragosargesanu.ro\/en\/?s={search_term_string}\"},\"query-input\":{\"@type\":\"PropertyValueSpecification\",\"valueRequired\":true,\"valueName\":\"search_term_string\"}}],\"inLanguage\":\"en-US\"},{\"@type\":\"Organization\",\"@id\":\"https:\/\/www.ovidiudragosargesanu.ro\/en\/#organization\",\"name\":\"Ovidiu Drago\u0219 Arge\u0219anu\",\"url\":\"https:\/\/www.ovidiudragosargesanu.ro\/en\/\",\"logo\":{\"@type\":\"ImageObject\",\"inLanguage\":\"en-US\",\"@id\":\"https:\/\/www.ovidiudragosargesanu.ro\/en\/#\/schema\/logo\/image\/\",\"url\":\"https:\/\/www.ovidiudragosargesanu.ro\/en\/wp-content\/uploads\/2018\/03\/dragos-logo-lotus-black-400.svg\",\"contentUrl\":\"https:\/\/www.ovidiudragosargesanu.ro\/en\/wp-content\/uploads\/2018\/03\/dragos-logo-lotus-black-400.svg\",\"width\":300,\"height\":150,\"caption\":\"Ovidiu Drago\u0219 Arge\u0219anu\"},\"image\":{\"@id\":\"https:\/\/www.ovidiudragosargesanu.ro\/en\/#\/schema\/logo\/image\/\"}}]}<\/script>\n<!-- \/ Yoast SEO plugin. -->","yoast_head_json":{"title":"Fra\u021bii mei, dragonii (Seniori) - Ovidiu Drago\u0219 Arge\u0219anu","description":"\u00centr-o lume unde misterul \u0219i realitatea se \u00eentrep\u0103trund, cartea \u201eFra\u021bii mei, dragonii\u201d scris\u0103 de Dr. Ovidiu-Drago\u0219 Arge\u0219anu, reprezint\u0103 o","robots":{"index":"noindex","follow":"follow","max-snippet":"max-snippet:-1","max-image-preview":"max-image-preview:large","max-video-preview":"max-video-preview:-1"},"og_locale":"en_US","og_type":"article","og_title":"Fra\u021bii mei, dragonii (Seniori) - Ovidiu Drago\u0219 Arge\u0219anu","og_description":"\u00centr-o lume unde misterul \u0219i realitatea se \u00eentrep\u0103trund, cartea \u201eFra\u021bii mei, dragonii\u201d scris\u0103 de Dr. Ovidiu-Drago\u0219 Arge\u0219anu, reprezint\u0103 o","og_url":"https:\/\/www.ovidiudragosargesanu.ro\/en\/shop\/seniori\/fratii-mei-dragonii-seniori\/","og_site_name":"Ovidiu Drago\u0219 Arge\u0219anu","article_modified_time":"2024-11-16T15:46:12+00:00","og_image":[{"width":1000,"height":1000,"url":"https:\/\/www.ovidiudragosargesanu.ro\/en\/wp-content\/uploads\/2023\/12\/50.png","type":"image\/png"}],"twitter_card":"summary_large_image","twitter_misc":{"Est. reading time":"2 minutes"},"schema":{"@context":"https:\/\/schema.org","@graph":[{"@type":"WebPage","@id":"https:\/\/www.ovidiudragosargesanu.ro\/en\/shop\/seniori\/fratii-mei-dragonii-seniori\/","url":"https:\/\/www.ovidiudragosargesanu.ro\/en\/shop\/seniori\/fratii-mei-dragonii-seniori\/","name":"Fra\u021bii mei, dragonii (Seniori) - Ovidiu Drago\u0219 Arge\u0219anu","isPartOf":{"@id":"https:\/\/www.ovidiudragosargesanu.ro\/en\/#website"},"primaryImageOfPage":{"@id":"https:\/\/www.ovidiudragosargesanu.ro\/en\/shop\/seniori\/fratii-mei-dragonii-seniori\/#primaryimage"},"image":{"@id":"https:\/\/www.ovidiudragosargesanu.ro\/en\/shop\/seniori\/fratii-mei-dragonii-seniori\/#primaryimage"},"thumbnailUrl":"https:\/\/www.ovidiudragosargesanu.ro\/en\/wp-content\/uploads\/2023\/12\/50.png","datePublished":"2024-11-16T15:45:49+00:00","dateModified":"2024-11-16T15:46:12+00:00","description":"\u00centr-o lume unde misterul \u0219i realitatea se \u00eentrep\u0103trund, cartea \u201eFra\u021bii mei, dragonii\u201d scris\u0103 de Dr. Ovidiu-Drago\u0219 Arge\u0219anu, reprezint\u0103 o","breadcrumb":{"@id":"https:\/\/www.ovidiudragosargesanu.ro\/en\/shop\/seniori\/fratii-mei-dragonii-seniori\/#breadcrumb"},"inLanguage":"en-US","potentialAction":[{"@type":"ReadAction","target":["https:\/\/www.ovidiudragosargesanu.ro\/en\/shop\/seniori\/fratii-mei-dragonii-seniori\/"]}]},{"@type":"ImageObject","inLanguage":"en-US","@id":"https:\/\/www.ovidiudragosargesanu.ro\/en\/shop\/seniori\/fratii-mei-dragonii-seniori\/#primaryimage","url":"https:\/\/www.ovidiudragosargesanu.ro\/en\/wp-content\/uploads\/2023\/12\/50.png","contentUrl":"https:\/\/www.ovidiudragosargesanu.ro\/en\/wp-content\/uploads\/2023\/12\/50.png","width":1000,"height":1000},{"@type":"BreadcrumbList","@id":"https:\/\/www.ovidiudragosargesanu.ro\/en\/shop\/seniori\/fratii-mei-dragonii-seniori\/#breadcrumb","itemListElement":[{"@type":"ListItem","position":1,"name":"Prima pagin\u0103","item":"https:\/\/www.ovidiudragosargesanu.ro\/en\/"},{"@type":"ListItem","position":2,"name":"Shop","item":"https:\/\/www.ovidiudragosargesanu.ro\/en\/shop\/"},{"@type":"ListItem","position":3,"name":"Fra\u021bii mei, dragonii (Seniori)"}]},{"@type":"WebSite","@id":"https:\/\/www.ovidiudragosargesanu.ro\/en\/#website","url":"https:\/\/www.ovidiudragosargesanu.ro\/en\/","name":"Ovidiu Drago\u0219 Arge\u0219anu","description":"","publisher":{"@id":"https:\/\/www.ovidiudragosargesanu.ro\/en\/#organization"},"potentialAction":[{"@type":"SearchAction","target":{"@type":"EntryPoint","urlTemplate":"https:\/\/www.ovidiudragosargesanu.ro\/en\/?s={search_term_string}"},"query-input":{"@type":"PropertyValueSpecification","valueRequired":true,"valueName":"search_term_string"}}],"inLanguage":"en-US"},{"@type":"Organization","@id":"https:\/\/www.ovidiudragosargesanu.ro\/en\/#organization","name":"Ovidiu Drago\u0219 Arge\u0219anu","url":"https:\/\/www.ovidiudragosargesanu.ro\/en\/","logo":{"@type":"ImageObject","inLanguage":"en-US","@id":"https:\/\/www.ovidiudragosargesanu.ro\/en\/#\/schema\/logo\/image\/","url":"https:\/\/www.ovidiudragosargesanu.ro\/en\/wp-content\/uploads\/2018\/03\/dragos-logo-lotus-black-400.svg","contentUrl":"https:\/\/www.ovidiudragosargesanu.ro\/en\/wp-content\/uploads\/2018\/03\/dragos-logo-lotus-black-400.svg","width":300,"height":150,"caption":"Ovidiu Drago\u0219 Arge\u0219anu"},"image":{"@id":"https:\/\/www.ovidiudragosargesanu.ro\/en\/#\/schema\/logo\/image\/"}}]}},"_links":{"self":[{"href":"https:\/\/www.ovidiudragosargesanu.ro\/en\/wp-json\/wp\/v2\/product\/26606","targetHints":{"allow":["GET"]}}],"collection":[{"href":"https:\/\/www.ovidiudragosargesanu.ro\/en\/wp-json\/wp\/v2\/product"}],"about":[{"href":"https:\/\/www.ovidiudragosargesanu.ro\/en\/wp-json\/wp\/v2\/types\/product"}],"version-history":[{"count":1,"href":"https:\/\/www.ovidiudragosargesanu.ro\/en\/wp-json\/wp\/v2\/product\/26606\/revisions"}],"predecessor-version":[{"id":26607,"href":"https:\/\/www.ovidiudragosargesanu.ro\/en\/wp-json\/wp\/v2\/product\/26606\/revisions\/26607"}],"wp:featuredmedia":[{"embeddable":true,"href":"https:\/\/www.ovidiudragosargesanu.ro\/en\/wp-json\/wp\/v2\/media\/4131"}],"wp:attachment":[{"href":"https:\/\/www.ovidiudragosargesanu.ro\/en\/wp-json\/wp\/v2\/media?parent=26606"}],"wp:term":[{"taxonomy":"product_brand","embeddable":true,"href":"https:\/\/www.ovidiudragosargesanu.ro\/en\/wp-json\/wp\/v2\/product_brand?post=26606"},{"taxonomy":"product_cat","embeddable":true,"href":"https:\/\/www.ovidiudragosargesanu.ro\/en\/wp-json\/wp\/v2\/product_cat?post=26606"},{"taxonomy":"product_tag","embeddable":true,"href":"https:\/\/www.ovidiudragosargesanu.ro\/en\/wp-json\/wp\/v2\/product_tag?post=26606"}],"curies":[{"name":"wp","href":"https:\/\/api.w.org\/{rel}","templated":true}]}}