{"id":26608,"date":"2024-11-16T17:46:31","date_gmt":"2024-11-16T15:46:31","guid":{"rendered":"https:\/\/www.ovidiudragosargesanu.ro\/?post_type=product&#038;p=26608"},"modified":"2024-11-16T17:46:52","modified_gmt":"2024-11-16T15:46:52","slug":"despre-ingeri-intrebari-si-raspunsuri-seniori","status":"publish","type":"product","link":"https:\/\/www.ovidiudragosargesanu.ro\/en\/shop\/seniori\/despre-ingeri-intrebari-si-raspunsuri-seniori\/","title":{"rendered":"Despre \u00cengeri &#8211; \u00centreb\u0103ri \u0219i R\u0103spunsuri (Seniori)"},"content":{"rendered":"<p><span style=\"font-weight: 400;\">\u00centr-o epoc\u0103 \u00een care dorim s\u0103 fim conecta\u021bi la tot ce ne \u00eenconjoar\u0103, aceast\u0103 carte reprezint\u0103 un instrument esen\u021bial pentru a \u00een\u021belege natura \u00eengerilor \u0219i rela\u021bia lor cu omenirea. Dr. Ovidiu-Drago\u0219 Arge\u0219anu ofer\u0103 \u00een cartea \u201eDespre \u00cengeri &#8211; \u00eentreb\u0103ri \u0219i r\u0103spunsuri&#8221; opinii delicate, \u00eenv\u0103luite \u00een \u00een\u021belepciune la curiozit\u0103\u021bile noastre despre \u00eengerii \u0219i se raporteaz\u0103 ei la noi, sau cum \u00ee\u0219i \u00eendeplinesc ace\u0219tia scopurile divine.<\/span><\/p>\n<p><span style=\"font-weight: 400;\">Exploreaz\u0103 \u00een cartea \u201eDespre \u00cengeri &#8211; \u00eentreb\u0103ri \u0219i r\u0103spunsuri&#8221; diferitele credin\u021be despre \u00eengeri \u0219i cap\u0103t\u0103 o viziune clar\u0103 asupra acestor fiin\u021be celeste. De la natura \u00eengerilor la sursele lor de putere \u0219i modul \u00een care \u00ee\u0219i \u00eendeplinesc slujba \u00een planul divin, fiecare pagin\u0103 te va purta \u00eentr-o c\u0103l\u0103torie \u00een\u021beleapt\u0103 \u0219i profund\u0103.<\/span><\/p>\n<p><span style=\"font-weight: 400;\">Indiferent de gradul t\u0103u de familiaritate cu universul \u00eengerilor, \u201eDespre \u00cengeri &#8211; \u00eentreb\u0103ri \u0219i r\u0103spunsuri&#8221;\u00a0 \u00ee\u021bi va deschide noi orizonturi de cunoa\u0219tere \u0219i \u00een\u021belegere. Aceast\u0103 carte este o invita\u021bie la o experien\u021b\u0103 transforma\u021bional\u0103, iar beneficiile sale spirituale vor fi resim\u021bite pe parcursul \u00eentregii tale evolu\u021bii.<\/span><\/p>\n<p><span style=\"font-weight: 400;\">Alege s\u0103 te conectezi la aceast\u0103 surs\u0103 divin\u0103 de ghidare, inspira\u021bie \u0219i protec\u021bie. \u201eDespre \u00cengeri &#8211; \u00eentreb\u0103ri \u0219i r\u0103spunsuri&#8221; nu este doar o carte, ci este un pas c\u0103tre o c\u0103l\u0103torie plin\u0103 de \u00een\u021belepciune \u0219i iubire divin\u0103. Las\u0103-te purtat de aripile \u00eengerilor \u0219i descoper\u0103 un univers spiritual fascinant.<\/span><\/p>\n","protected":false},"excerpt":{"rendered":"\n<table id=\"tablepress-56\" class=\"tablepress tablepress-id-56\">\n<tbody class=\"row-striping row-hover\">\n<tr class=\"row-1\">\n\t<td class=\"column-1\">Editura<\/td><td class=\"column-2\"><b>EAGLE<\/b><\/td>\n<\/tr>\n<tr class=\"row-2\">\n\t<td class=\"column-1\">Anul Public\u0103rii<\/td><td class=\"column-2\">2023<\/td>\n<\/tr>\n<tr class=\"row-3\">\n\t<td class=\"column-1\">Num\u0103r Pagini<\/td><td class=\"column-2\">178<\/td>\n<\/tr>\n<tr class=\"row-4\">\n\t<td class=\"column-1\">Cod produs - SKU<\/td><td class=\"column-2\">9786069721179<\/td>\n<\/tr>\n<\/tbody>\n<\/table>\n\n","protected":false},"featured_media":4096,"template":"","meta":{"inline_featured_image":false},"product_brand":[],"product_cat":[795],"product_tag":[679,680,681],"class_list":{"0":"post-26608","1":"product","2":"type-product","3":"status-publish","4":"has-post-thumbnail","6":"product_cat-seniori","7":"product_tag-carte","8":"product_tag-despre-ingeri-intrebari-si-raspunsuri","9":"product_tag-ingeri","11":"first","12":"instock","13":"sale","14":"taxable","15":"shipping-taxable","16":"purchasable","17":"product-type-simple"},"yoast_head":"<!-- This site is optimized with the Yoast SEO plugin v26.9 - https:\/\/yoast.com\/product\/yoast-seo-wordpress\/ -->\n<title>Despre \u00cengeri - \u00centreb\u0103ri \u0219i R\u0103spunsuri (Seniori) - Ovidiu Drago\u0219 Arge\u0219anu<\/title>\n<meta name=\"description\" content=\"O carte valoroas\u0103 \u0219i fascinant\u0103 despre tainele magiei semnat\u0103 de maestrul Dr. Ovidiu Drago\u0219 Arge\u0219anu: &quot;Atacul PSI \u2013 \u00eentre \u0218tiin\u021b\u0103 \u0219i Magie&quot;\" \/>\n<meta name=\"robots\" content=\"noindex, follow, max-snippet:-1, max-image-preview:large, max-video-preview:-1\" \/>\n<meta property=\"og:locale\" content=\"en_US\" \/>\n<meta property=\"og:type\" content=\"article\" \/>\n<meta property=\"og:title\" content=\"Despre \u00cengeri - \u00centreb\u0103ri \u0219i R\u0103spunsuri (Seniori) - Ovidiu Drago\u0219 Arge\u0219anu\" \/>\n<meta property=\"og:description\" content=\"O carte valoroas\u0103 \u0219i fascinant\u0103 despre tainele magiei semnat\u0103 de maestrul Dr. Ovidiu Drago\u0219 Arge\u0219anu: &quot;Atacul PSI \u2013 \u00eentre \u0218tiin\u021b\u0103 \u0219i Magie&quot;\" \/>\n<meta property=\"og:url\" content=\"https:\/\/www.ovidiudragosargesanu.ro\/en\/shop\/seniori\/despre-ingeri-intrebari-si-raspunsuri-seniori\/\" \/>\n<meta property=\"og:site_name\" content=\"Ovidiu Drago\u0219 Arge\u0219anu\" \/>\n<meta property=\"article:modified_time\" content=\"2024-11-16T15:46:52+00:00\" \/>\n<meta property=\"og:image\" content=\"https:\/\/www.ovidiudragosargesanu.ro\/en\/wp-content\/uploads\/2023\/12\/38.png\" \/>\n\t<meta property=\"og:image:width\" content=\"1000\" \/>\n\t<meta property=\"og:image:height\" content=\"1000\" \/>\n\t<meta property=\"og:image:type\" content=\"image\/png\" \/>\n<meta name=\"twitter:card\" content=\"summary_large_image\" \/>\n<meta name=\"twitter:label1\" content=\"Est. reading time\" \/>\n\t<meta name=\"twitter:data1\" content=\"2 minutes\" \/>\n<script type=\"application\/ld+json\" class=\"yoast-schema-graph\">{\"@context\":\"https:\/\/schema.org\",\"@graph\":[{\"@type\":\"WebPage\",\"@id\":\"https:\/\/www.ovidiudragosargesanu.ro\/en\/shop\/seniori\/despre-ingeri-intrebari-si-raspunsuri-seniori\/\",\"url\":\"https:\/\/www.ovidiudragosargesanu.ro\/en\/shop\/seniori\/despre-ingeri-intrebari-si-raspunsuri-seniori\/\",\"name\":\"Despre \u00cengeri - \u00centreb\u0103ri \u0219i R\u0103spunsuri (Seniori) - Ovidiu Drago\u0219 Arge\u0219anu\",\"isPartOf\":{\"@id\":\"https:\/\/www.ovidiudragosargesanu.ro\/en\/#website\"},\"primaryImageOfPage\":{\"@id\":\"https:\/\/www.ovidiudragosargesanu.ro\/en\/shop\/seniori\/despre-ingeri-intrebari-si-raspunsuri-seniori\/#primaryimage\"},\"image\":{\"@id\":\"https:\/\/www.ovidiudragosargesanu.ro\/en\/shop\/seniori\/despre-ingeri-intrebari-si-raspunsuri-seniori\/#primaryimage\"},\"thumbnailUrl\":\"https:\/\/www.ovidiudragosargesanu.ro\/en\/wp-content\/uploads\/2023\/12\/38.png\",\"datePublished\":\"2024-11-16T15:46:31+00:00\",\"dateModified\":\"2024-11-16T15:46:52+00:00\",\"description\":\"O carte valoroas\u0103 \u0219i fascinant\u0103 despre tainele magiei semnat\u0103 de maestrul Dr. Ovidiu Drago\u0219 Arge\u0219anu: \\\"Atacul PSI \u2013 \u00eentre \u0218tiin\u021b\u0103 \u0219i Magie\\\"\",\"breadcrumb\":{\"@id\":\"https:\/\/www.ovidiudragosargesanu.ro\/en\/shop\/seniori\/despre-ingeri-intrebari-si-raspunsuri-seniori\/#breadcrumb\"},\"inLanguage\":\"en-US\",\"potentialAction\":[{\"@type\":\"ReadAction\",\"target\":[\"https:\/\/www.ovidiudragosargesanu.ro\/en\/shop\/seniori\/despre-ingeri-intrebari-si-raspunsuri-seniori\/\"]}]},{\"@type\":\"ImageObject\",\"inLanguage\":\"en-US\",\"@id\":\"https:\/\/www.ovidiudragosargesanu.ro\/en\/shop\/seniori\/despre-ingeri-intrebari-si-raspunsuri-seniori\/#primaryimage\",\"url\":\"https:\/\/www.ovidiudragosargesanu.ro\/en\/wp-content\/uploads\/2023\/12\/38.png\",\"contentUrl\":\"https:\/\/www.ovidiudragosargesanu.ro\/en\/wp-content\/uploads\/2023\/12\/38.png\",\"width\":1000,\"height\":1000},{\"@type\":\"BreadcrumbList\",\"@id\":\"https:\/\/www.ovidiudragosargesanu.ro\/en\/shop\/seniori\/despre-ingeri-intrebari-si-raspunsuri-seniori\/#breadcrumb\",\"itemListElement\":[{\"@type\":\"ListItem\",\"position\":1,\"name\":\"Prima pagin\u0103\",\"item\":\"https:\/\/www.ovidiudragosargesanu.ro\/en\/\"},{\"@type\":\"ListItem\",\"position\":2,\"name\":\"Shop\",\"item\":\"https:\/\/www.ovidiudragosargesanu.ro\/en\/shop\/\"},{\"@type\":\"ListItem\",\"position\":3,\"name\":\"Despre \u00cengeri &#8211; \u00centreb\u0103ri \u0219i R\u0103spunsuri (Seniori)\"}]},{\"@type\":\"WebSite\",\"@id\":\"https:\/\/www.ovidiudragosargesanu.ro\/en\/#website\",\"url\":\"https:\/\/www.ovidiudragosargesanu.ro\/en\/\",\"name\":\"Ovidiu Drago\u0219 Arge\u0219anu\",\"description\":\"\",\"publisher\":{\"@id\":\"https:\/\/www.ovidiudragosargesanu.ro\/en\/#organization\"},\"potentialAction\":[{\"@type\":\"SearchAction\",\"target\":{\"@type\":\"EntryPoint\",\"urlTemplate\":\"https:\/\/www.ovidiudragosargesanu.ro\/en\/?s={search_term_string}\"},\"query-input\":{\"@type\":\"PropertyValueSpecification\",\"valueRequired\":true,\"valueName\":\"search_term_string\"}}],\"inLanguage\":\"en-US\"},{\"@type\":\"Organization\",\"@id\":\"https:\/\/www.ovidiudragosargesanu.ro\/en\/#organization\",\"name\":\"Ovidiu Drago\u0219 Arge\u0219anu\",\"url\":\"https:\/\/www.ovidiudragosargesanu.ro\/en\/\",\"logo\":{\"@type\":\"ImageObject\",\"inLanguage\":\"en-US\",\"@id\":\"https:\/\/www.ovidiudragosargesanu.ro\/en\/#\/schema\/logo\/image\/\",\"url\":\"https:\/\/www.ovidiudragosargesanu.ro\/en\/wp-content\/uploads\/2018\/03\/dragos-logo-lotus-black-400.svg\",\"contentUrl\":\"https:\/\/www.ovidiudragosargesanu.ro\/en\/wp-content\/uploads\/2018\/03\/dragos-logo-lotus-black-400.svg\",\"width\":300,\"height\":150,\"caption\":\"Ovidiu Drago\u0219 Arge\u0219anu\"},\"image\":{\"@id\":\"https:\/\/www.ovidiudragosargesanu.ro\/en\/#\/schema\/logo\/image\/\"}}]}<\/script>\n<!-- \/ Yoast SEO plugin. -->","yoast_head_json":{"title":"Despre \u00cengeri - \u00centreb\u0103ri \u0219i R\u0103spunsuri (Seniori) - Ovidiu Drago\u0219 Arge\u0219anu","description":"O carte valoroas\u0103 \u0219i fascinant\u0103 despre tainele magiei semnat\u0103 de maestrul Dr. Ovidiu Drago\u0219 Arge\u0219anu: \"Atacul PSI \u2013 \u00eentre \u0218tiin\u021b\u0103 \u0219i Magie\"","robots":{"index":"noindex","follow":"follow","max-snippet":"max-snippet:-1","max-image-preview":"max-image-preview:large","max-video-preview":"max-video-preview:-1"},"og_locale":"en_US","og_type":"article","og_title":"Despre \u00cengeri - \u00centreb\u0103ri \u0219i R\u0103spunsuri (Seniori) - Ovidiu Drago\u0219 Arge\u0219anu","og_description":"O carte valoroas\u0103 \u0219i fascinant\u0103 despre tainele magiei semnat\u0103 de maestrul Dr. Ovidiu Drago\u0219 Arge\u0219anu: \"Atacul PSI \u2013 \u00eentre \u0218tiin\u021b\u0103 \u0219i Magie\"","og_url":"https:\/\/www.ovidiudragosargesanu.ro\/en\/shop\/seniori\/despre-ingeri-intrebari-si-raspunsuri-seniori\/","og_site_name":"Ovidiu Drago\u0219 Arge\u0219anu","article_modified_time":"2024-11-16T15:46:52+00:00","og_image":[{"width":1000,"height":1000,"url":"https:\/\/www.ovidiudragosargesanu.ro\/en\/wp-content\/uploads\/2023\/12\/38.png","type":"image\/png"}],"twitter_card":"summary_large_image","twitter_misc":{"Est. reading time":"2 minutes"},"schema":{"@context":"https:\/\/schema.org","@graph":[{"@type":"WebPage","@id":"https:\/\/www.ovidiudragosargesanu.ro\/en\/shop\/seniori\/despre-ingeri-intrebari-si-raspunsuri-seniori\/","url":"https:\/\/www.ovidiudragosargesanu.ro\/en\/shop\/seniori\/despre-ingeri-intrebari-si-raspunsuri-seniori\/","name":"Despre \u00cengeri - \u00centreb\u0103ri \u0219i R\u0103spunsuri (Seniori) - Ovidiu Drago\u0219 Arge\u0219anu","isPartOf":{"@id":"https:\/\/www.ovidiudragosargesanu.ro\/en\/#website"},"primaryImageOfPage":{"@id":"https:\/\/www.ovidiudragosargesanu.ro\/en\/shop\/seniori\/despre-ingeri-intrebari-si-raspunsuri-seniori\/#primaryimage"},"image":{"@id":"https:\/\/www.ovidiudragosargesanu.ro\/en\/shop\/seniori\/despre-ingeri-intrebari-si-raspunsuri-seniori\/#primaryimage"},"thumbnailUrl":"https:\/\/www.ovidiudragosargesanu.ro\/en\/wp-content\/uploads\/2023\/12\/38.png","datePublished":"2024-11-16T15:46:31+00:00","dateModified":"2024-11-16T15:46:52+00:00","description":"O carte valoroas\u0103 \u0219i fascinant\u0103 despre tainele magiei semnat\u0103 de maestrul Dr. Ovidiu Drago\u0219 Arge\u0219anu: \"Atacul PSI \u2013 \u00eentre \u0218tiin\u021b\u0103 \u0219i Magie\"","breadcrumb":{"@id":"https:\/\/www.ovidiudragosargesanu.ro\/en\/shop\/seniori\/despre-ingeri-intrebari-si-raspunsuri-seniori\/#breadcrumb"},"inLanguage":"en-US","potentialAction":[{"@type":"ReadAction","target":["https:\/\/www.ovidiudragosargesanu.ro\/en\/shop\/seniori\/despre-ingeri-intrebari-si-raspunsuri-seniori\/"]}]},{"@type":"ImageObject","inLanguage":"en-US","@id":"https:\/\/www.ovidiudragosargesanu.ro\/en\/shop\/seniori\/despre-ingeri-intrebari-si-raspunsuri-seniori\/#primaryimage","url":"https:\/\/www.ovidiudragosargesanu.ro\/en\/wp-content\/uploads\/2023\/12\/38.png","contentUrl":"https:\/\/www.ovidiudragosargesanu.ro\/en\/wp-content\/uploads\/2023\/12\/38.png","width":1000,"height":1000},{"@type":"BreadcrumbList","@id":"https:\/\/www.ovidiudragosargesanu.ro\/en\/shop\/seniori\/despre-ingeri-intrebari-si-raspunsuri-seniori\/#breadcrumb","itemListElement":[{"@type":"ListItem","position":1,"name":"Prima pagin\u0103","item":"https:\/\/www.ovidiudragosargesanu.ro\/en\/"},{"@type":"ListItem","position":2,"name":"Shop","item":"https:\/\/www.ovidiudragosargesanu.ro\/en\/shop\/"},{"@type":"ListItem","position":3,"name":"Despre \u00cengeri &#8211; \u00centreb\u0103ri \u0219i R\u0103spunsuri (Seniori)"}]},{"@type":"WebSite","@id":"https:\/\/www.ovidiudragosargesanu.ro\/en\/#website","url":"https:\/\/www.ovidiudragosargesanu.ro\/en\/","name":"Ovidiu Drago\u0219 Arge\u0219anu","description":"","publisher":{"@id":"https:\/\/www.ovidiudragosargesanu.ro\/en\/#organization"},"potentialAction":[{"@type":"SearchAction","target":{"@type":"EntryPoint","urlTemplate":"https:\/\/www.ovidiudragosargesanu.ro\/en\/?s={search_term_string}"},"query-input":{"@type":"PropertyValueSpecification","valueRequired":true,"valueName":"search_term_string"}}],"inLanguage":"en-US"},{"@type":"Organization","@id":"https:\/\/www.ovidiudragosargesanu.ro\/en\/#organization","name":"Ovidiu Drago\u0219 Arge\u0219anu","url":"https:\/\/www.ovidiudragosargesanu.ro\/en\/","logo":{"@type":"ImageObject","inLanguage":"en-US","@id":"https:\/\/www.ovidiudragosargesanu.ro\/en\/#\/schema\/logo\/image\/","url":"https:\/\/www.ovidiudragosargesanu.ro\/en\/wp-content\/uploads\/2018\/03\/dragos-logo-lotus-black-400.svg","contentUrl":"https:\/\/www.ovidiudragosargesanu.ro\/en\/wp-content\/uploads\/2018\/03\/dragos-logo-lotus-black-400.svg","width":300,"height":150,"caption":"Ovidiu Drago\u0219 Arge\u0219anu"},"image":{"@id":"https:\/\/www.ovidiudragosargesanu.ro\/en\/#\/schema\/logo\/image\/"}}]}},"_links":{"self":[{"href":"https:\/\/www.ovidiudragosargesanu.ro\/en\/wp-json\/wp\/v2\/product\/26608","targetHints":{"allow":["GET"]}}],"collection":[{"href":"https:\/\/www.ovidiudragosargesanu.ro\/en\/wp-json\/wp\/v2\/product"}],"about":[{"href":"https:\/\/www.ovidiudragosargesanu.ro\/en\/wp-json\/wp\/v2\/types\/product"}],"version-history":[{"count":1,"href":"https:\/\/www.ovidiudragosargesanu.ro\/en\/wp-json\/wp\/v2\/product\/26608\/revisions"}],"predecessor-version":[{"id":26609,"href":"https:\/\/www.ovidiudragosargesanu.ro\/en\/wp-json\/wp\/v2\/product\/26608\/revisions\/26609"}],"wp:featuredmedia":[{"embeddable":true,"href":"https:\/\/www.ovidiudragosargesanu.ro\/en\/wp-json\/wp\/v2\/media\/4096"}],"wp:attachment":[{"href":"https:\/\/www.ovidiudragosargesanu.ro\/en\/wp-json\/wp\/v2\/media?parent=26608"}],"wp:term":[{"taxonomy":"product_brand","embeddable":true,"href":"https:\/\/www.ovidiudragosargesanu.ro\/en\/wp-json\/wp\/v2\/product_brand?post=26608"},{"taxonomy":"product_cat","embeddable":true,"href":"https:\/\/www.ovidiudragosargesanu.ro\/en\/wp-json\/wp\/v2\/product_cat?post=26608"},{"taxonomy":"product_tag","embeddable":true,"href":"https:\/\/www.ovidiudragosargesanu.ro\/en\/wp-json\/wp\/v2\/product_tag?post=26608"}],"curies":[{"name":"wp","href":"https:\/\/api.w.org\/{rel}","templated":true}]}}