{"id":26613,"date":"2024-11-16T17:48:17","date_gmt":"2024-11-16T15:48:17","guid":{"rendered":"https:\/\/www.ovidiudragosargesanu.ro\/?post_type=product&#038;p=26613"},"modified":"2025-04-24T10:10:11","modified_gmt":"2025-04-24T07:10:11","slug":"arta-terapiei-psi-editie-integrala-seniori","status":"publish","type":"product","link":"https:\/\/www.ovidiudragosargesanu.ro\/en\/shop\/seniori\/arta-terapiei-psi-editie-integrala-seniori\/","title":{"rendered":"Arta terapiei PSI &#8211; editie integral\u0103 (Seniori)"},"content":{"rendered":"<p><span style=\"font-weight: 400;\">Descoper\u0103 cheia regener\u0103rii spirituale \u0219i emo\u021bionale prin &#8220;Arta Terapiei PSI &#8211; edi\u021bie integral\u0103&#8221;, o lucrare de referin\u021b\u0103 a autorului Dr. Ovidiu-Drago\u0219 Arge\u0219anu. Aceast\u0103 carte, care \u00eensumeaz\u0103 peste trei decenii de cuno\u0219tin\u021be \u0219i experien\u021b\u0103 \u00een terapia PSI, deschide un nou orizont \u00een \u00een\u021belegerea a 100 de boli \u0219i afec\u021biuni.\u00a0 Dr. Arge\u0219anu, \u00eempreun\u0103 cu maestra Mirela Codil\u0103, ofer\u0103 un amestec unic de credin\u021b\u0103 \u0219i terapie spiritual\u0103 pentru a \u00een\u021belege \u0219i trata complexit\u0103\u021bile s\u0103n\u0103t\u0103\u021bii mintale \u0219i emo\u021bionale. Aceast\u0103 carte cuprinz\u0103toare ofer\u0103 solu\u021bii pentru vindecarea r\u0103nilor emo\u021bionale \u0219i eliminarea blocajelor psihice care pot afecta s\u0103n\u0103tatea fiec\u0103ruia dintre noi.<\/span><\/p>\n<p><span style=\"font-weight: 400;\">Pe parcursul a 480 de pagini, \u201eArta terapiei PSI &#8211; edi\u021bie integral\u0103&#8221; nu este doar un ghid pentru profesioni\u0219ti, ci \u0219i o surs\u0103 de inspira\u021bie pentru oricine caut\u0103 s\u0103-\u0219i \u00eembun\u0103t\u0103\u021beasc\u0103 s\u0103n\u0103tatea \u0219i starea de bine. Cartea pune accent pe vindecarea traumelor emo\u021bionale \u0219i eliminarea obstacolelor psihice, oferind solu\u021bii pline de speran\u021b\u0103 pentru cei afla\u021bi \u00een c\u0103utarea unui echilibru interior.<\/span><\/p>\n<p><span style=\"font-weight: 400;\">Descoper\u0103 cum po\u021bi tr\u0103i \u0219i tu puterea vindec\u0103rii, apropiindu-te de lumina spiritual\u0103 \u0219i ating\u00e2nd perfec\u021biunea \u00een ceea ce faci, cu ajutorul \u00eenv\u0103\u021b\u0103mintelor profunde oferite \u00een cartea \u201eArta Terapiei PSI &#8211; edi\u021bie integral\u0103\u201d.<\/span><\/p>\n","protected":false},"excerpt":{"rendered":"\n<table id=\"tablepress-52\" class=\"tablepress tablepress-id-52\">\n<tbody class=\"row-striping row-hover\">\n<tr class=\"row-1\">\n\t<td class=\"column-1\">Editura<\/td><td class=\"column-2\"><b>PRO DAO<\/b><\/td>\n<\/tr>\n<tr class=\"row-2\">\n\t<td class=\"column-1\">Anul Public\u0103rii<\/td><td class=\"column-2\">2022<\/td>\n<\/tr>\n<tr class=\"row-3\">\n\t<td class=\"column-1\">Num\u0103r Pagini<\/td><td class=\"column-2\">480<\/td>\n<\/tr>\n<tr class=\"row-4\">\n\t<td class=\"column-1\">ISBN<\/td><td class=\"column-2\">978-606-9721-10-0<\/td>\n<\/tr>\n<\/tbody>\n<\/table>\n<!-- #tablepress-52 from cache -->\n","protected":false},"featured_media":4018,"template":"","meta":{"inline_featured_image":false},"product_brand":[],"product_cat":[795],"product_tag":[],"class_list":{"0":"post-26613","1":"product","2":"type-product","3":"status-publish","4":"has-post-thumbnail","6":"product_cat-seniori","8":"first","9":"instock","10":"sale","11":"taxable","12":"shipping-taxable","13":"purchasable","14":"product-type-simple"},"yoast_head":"<!-- This site is optimized with the Yoast SEO plugin v26.9 - https:\/\/yoast.com\/product\/yoast-seo-wordpress\/ -->\n<title>Arta terapiei PSI - editie integral\u0103 (Seniori) - Ovidiu Drago\u0219 Arge\u0219anu<\/title>\n<meta name=\"description\" content=\"Descoper\u0103 tehnici de vindecare \u0219i modalit\u0103\u021bi de evolu\u021bie spiritual\u0103 prin parcurgerea lecturii \u201eArta terapiei PSI - edi\u021bie integral\u0103\u201d, scris\u0103 de Dr. Ovidiu\" \/>\n<meta name=\"robots\" content=\"noindex, follow, max-snippet:-1, max-image-preview:large, max-video-preview:-1\" \/>\n<meta property=\"og:locale\" content=\"en_US\" \/>\n<meta property=\"og:type\" content=\"article\" \/>\n<meta property=\"og:title\" content=\"Arta terapiei PSI - editie integral\u0103 (Seniori) - Ovidiu Drago\u0219 Arge\u0219anu\" \/>\n<meta property=\"og:description\" content=\"Descoper\u0103 tehnici de vindecare \u0219i modalit\u0103\u021bi de evolu\u021bie spiritual\u0103 prin parcurgerea lecturii \u201eArta terapiei PSI - edi\u021bie integral\u0103\u201d, scris\u0103 de Dr. Ovidiu\" \/>\n<meta property=\"og:url\" content=\"https:\/\/www.ovidiudragosargesanu.ro\/en\/shop\/seniori\/arta-terapiei-psi-editie-integrala-seniori\/\" \/>\n<meta property=\"og:site_name\" content=\"Ovidiu Drago\u0219 Arge\u0219anu\" \/>\n<meta property=\"article:modified_time\" content=\"2025-04-24T07:10:11+00:00\" \/>\n<meta property=\"og:image\" content=\"https:\/\/www.ovidiudragosargesanu.ro\/en\/wp-content\/uploads\/2023\/12\/9.png\" \/>\n\t<meta property=\"og:image:width\" content=\"1000\" \/>\n\t<meta property=\"og:image:height\" content=\"1000\" \/>\n\t<meta property=\"og:image:type\" content=\"image\/png\" \/>\n<meta name=\"twitter:card\" content=\"summary_large_image\" \/>\n<meta name=\"twitter:label1\" content=\"Est. reading time\" \/>\n\t<meta name=\"twitter:data1\" content=\"2 minutes\" \/>\n<script type=\"application\/ld+json\" class=\"yoast-schema-graph\">{\"@context\":\"https:\/\/schema.org\",\"@graph\":[{\"@type\":\"WebPage\",\"@id\":\"https:\/\/www.ovidiudragosargesanu.ro\/en\/shop\/seniori\/arta-terapiei-psi-editie-integrala-seniori\/\",\"url\":\"https:\/\/www.ovidiudragosargesanu.ro\/en\/shop\/seniori\/arta-terapiei-psi-editie-integrala-seniori\/\",\"name\":\"Arta terapiei PSI - editie integral\u0103 (Seniori) - Ovidiu Drago\u0219 Arge\u0219anu\",\"isPartOf\":{\"@id\":\"https:\/\/www.ovidiudragosargesanu.ro\/en\/#website\"},\"primaryImageOfPage\":{\"@id\":\"https:\/\/www.ovidiudragosargesanu.ro\/en\/shop\/seniori\/arta-terapiei-psi-editie-integrala-seniori\/#primaryimage\"},\"image\":{\"@id\":\"https:\/\/www.ovidiudragosargesanu.ro\/en\/shop\/seniori\/arta-terapiei-psi-editie-integrala-seniori\/#primaryimage\"},\"thumbnailUrl\":\"https:\/\/www.ovidiudragosargesanu.ro\/en\/wp-content\/uploads\/2023\/12\/9.png\",\"datePublished\":\"2024-11-16T15:48:17+00:00\",\"dateModified\":\"2025-04-24T07:10:11+00:00\",\"description\":\"Descoper\u0103 tehnici de vindecare \u0219i modalit\u0103\u021bi de evolu\u021bie spiritual\u0103 prin parcurgerea lecturii \u201eArta terapiei PSI - edi\u021bie integral\u0103\u201d, scris\u0103 de Dr. Ovidiu\",\"breadcrumb\":{\"@id\":\"https:\/\/www.ovidiudragosargesanu.ro\/en\/shop\/seniori\/arta-terapiei-psi-editie-integrala-seniori\/#breadcrumb\"},\"inLanguage\":\"en-US\",\"potentialAction\":[{\"@type\":\"ReadAction\",\"target\":[\"https:\/\/www.ovidiudragosargesanu.ro\/en\/shop\/seniori\/arta-terapiei-psi-editie-integrala-seniori\/\"]}]},{\"@type\":\"ImageObject\",\"inLanguage\":\"en-US\",\"@id\":\"https:\/\/www.ovidiudragosargesanu.ro\/en\/shop\/seniori\/arta-terapiei-psi-editie-integrala-seniori\/#primaryimage\",\"url\":\"https:\/\/www.ovidiudragosargesanu.ro\/en\/wp-content\/uploads\/2023\/12\/9.png\",\"contentUrl\":\"https:\/\/www.ovidiudragosargesanu.ro\/en\/wp-content\/uploads\/2023\/12\/9.png\",\"width\":1000,\"height\":1000},{\"@type\":\"BreadcrumbList\",\"@id\":\"https:\/\/www.ovidiudragosargesanu.ro\/en\/shop\/seniori\/arta-terapiei-psi-editie-integrala-seniori\/#breadcrumb\",\"itemListElement\":[{\"@type\":\"ListItem\",\"position\":1,\"name\":\"Prima pagin\u0103\",\"item\":\"https:\/\/www.ovidiudragosargesanu.ro\/en\/\"},{\"@type\":\"ListItem\",\"position\":2,\"name\":\"Shop\",\"item\":\"https:\/\/www.ovidiudragosargesanu.ro\/en\/shop\/\"},{\"@type\":\"ListItem\",\"position\":3,\"name\":\"Arta terapiei PSI &#8211; editie integral\u0103 (Seniori)\"}]},{\"@type\":\"WebSite\",\"@id\":\"https:\/\/www.ovidiudragosargesanu.ro\/en\/#website\",\"url\":\"https:\/\/www.ovidiudragosargesanu.ro\/en\/\",\"name\":\"Ovidiu Drago\u0219 Arge\u0219anu\",\"description\":\"\",\"publisher\":{\"@id\":\"https:\/\/www.ovidiudragosargesanu.ro\/en\/#organization\"},\"potentialAction\":[{\"@type\":\"SearchAction\",\"target\":{\"@type\":\"EntryPoint\",\"urlTemplate\":\"https:\/\/www.ovidiudragosargesanu.ro\/en\/?s={search_term_string}\"},\"query-input\":{\"@type\":\"PropertyValueSpecification\",\"valueRequired\":true,\"valueName\":\"search_term_string\"}}],\"inLanguage\":\"en-US\"},{\"@type\":\"Organization\",\"@id\":\"https:\/\/www.ovidiudragosargesanu.ro\/en\/#organization\",\"name\":\"Ovidiu Drago\u0219 Arge\u0219anu\",\"url\":\"https:\/\/www.ovidiudragosargesanu.ro\/en\/\",\"logo\":{\"@type\":\"ImageObject\",\"inLanguage\":\"en-US\",\"@id\":\"https:\/\/www.ovidiudragosargesanu.ro\/en\/#\/schema\/logo\/image\/\",\"url\":\"https:\/\/www.ovidiudragosargesanu.ro\/en\/wp-content\/uploads\/2018\/03\/dragos-logo-lotus-black-400.svg\",\"contentUrl\":\"https:\/\/www.ovidiudragosargesanu.ro\/en\/wp-content\/uploads\/2018\/03\/dragos-logo-lotus-black-400.svg\",\"width\":300,\"height\":150,\"caption\":\"Ovidiu Drago\u0219 Arge\u0219anu\"},\"image\":{\"@id\":\"https:\/\/www.ovidiudragosargesanu.ro\/en\/#\/schema\/logo\/image\/\"}}]}<\/script>\n<!-- \/ Yoast SEO plugin. -->","yoast_head_json":{"title":"Arta terapiei PSI - editie integral\u0103 (Seniori) - Ovidiu Drago\u0219 Arge\u0219anu","description":"Descoper\u0103 tehnici de vindecare \u0219i modalit\u0103\u021bi de evolu\u021bie spiritual\u0103 prin parcurgerea lecturii \u201eArta terapiei PSI - edi\u021bie integral\u0103\u201d, scris\u0103 de Dr. Ovidiu","robots":{"index":"noindex","follow":"follow","max-snippet":"max-snippet:-1","max-image-preview":"max-image-preview:large","max-video-preview":"max-video-preview:-1"},"og_locale":"en_US","og_type":"article","og_title":"Arta terapiei PSI - editie integral\u0103 (Seniori) - Ovidiu Drago\u0219 Arge\u0219anu","og_description":"Descoper\u0103 tehnici de vindecare \u0219i modalit\u0103\u021bi de evolu\u021bie spiritual\u0103 prin parcurgerea lecturii \u201eArta terapiei PSI - edi\u021bie integral\u0103\u201d, scris\u0103 de Dr. Ovidiu","og_url":"https:\/\/www.ovidiudragosargesanu.ro\/en\/shop\/seniori\/arta-terapiei-psi-editie-integrala-seniori\/","og_site_name":"Ovidiu Drago\u0219 Arge\u0219anu","article_modified_time":"2025-04-24T07:10:11+00:00","og_image":[{"width":1000,"height":1000,"url":"https:\/\/www.ovidiudragosargesanu.ro\/en\/wp-content\/uploads\/2023\/12\/9.png","type":"image\/png"}],"twitter_card":"summary_large_image","twitter_misc":{"Est. reading time":"2 minutes"},"schema":{"@context":"https:\/\/schema.org","@graph":[{"@type":"WebPage","@id":"https:\/\/www.ovidiudragosargesanu.ro\/en\/shop\/seniori\/arta-terapiei-psi-editie-integrala-seniori\/","url":"https:\/\/www.ovidiudragosargesanu.ro\/en\/shop\/seniori\/arta-terapiei-psi-editie-integrala-seniori\/","name":"Arta terapiei PSI - editie integral\u0103 (Seniori) - Ovidiu Drago\u0219 Arge\u0219anu","isPartOf":{"@id":"https:\/\/www.ovidiudragosargesanu.ro\/en\/#website"},"primaryImageOfPage":{"@id":"https:\/\/www.ovidiudragosargesanu.ro\/en\/shop\/seniori\/arta-terapiei-psi-editie-integrala-seniori\/#primaryimage"},"image":{"@id":"https:\/\/www.ovidiudragosargesanu.ro\/en\/shop\/seniori\/arta-terapiei-psi-editie-integrala-seniori\/#primaryimage"},"thumbnailUrl":"https:\/\/www.ovidiudragosargesanu.ro\/en\/wp-content\/uploads\/2023\/12\/9.png","datePublished":"2024-11-16T15:48:17+00:00","dateModified":"2025-04-24T07:10:11+00:00","description":"Descoper\u0103 tehnici de vindecare \u0219i modalit\u0103\u021bi de evolu\u021bie spiritual\u0103 prin parcurgerea lecturii \u201eArta terapiei PSI - edi\u021bie integral\u0103\u201d, scris\u0103 de Dr. Ovidiu","breadcrumb":{"@id":"https:\/\/www.ovidiudragosargesanu.ro\/en\/shop\/seniori\/arta-terapiei-psi-editie-integrala-seniori\/#breadcrumb"},"inLanguage":"en-US","potentialAction":[{"@type":"ReadAction","target":["https:\/\/www.ovidiudragosargesanu.ro\/en\/shop\/seniori\/arta-terapiei-psi-editie-integrala-seniori\/"]}]},{"@type":"ImageObject","inLanguage":"en-US","@id":"https:\/\/www.ovidiudragosargesanu.ro\/en\/shop\/seniori\/arta-terapiei-psi-editie-integrala-seniori\/#primaryimage","url":"https:\/\/www.ovidiudragosargesanu.ro\/en\/wp-content\/uploads\/2023\/12\/9.png","contentUrl":"https:\/\/www.ovidiudragosargesanu.ro\/en\/wp-content\/uploads\/2023\/12\/9.png","width":1000,"height":1000},{"@type":"BreadcrumbList","@id":"https:\/\/www.ovidiudragosargesanu.ro\/en\/shop\/seniori\/arta-terapiei-psi-editie-integrala-seniori\/#breadcrumb","itemListElement":[{"@type":"ListItem","position":1,"name":"Prima pagin\u0103","item":"https:\/\/www.ovidiudragosargesanu.ro\/en\/"},{"@type":"ListItem","position":2,"name":"Shop","item":"https:\/\/www.ovidiudragosargesanu.ro\/en\/shop\/"},{"@type":"ListItem","position":3,"name":"Arta terapiei PSI &#8211; editie integral\u0103 (Seniori)"}]},{"@type":"WebSite","@id":"https:\/\/www.ovidiudragosargesanu.ro\/en\/#website","url":"https:\/\/www.ovidiudragosargesanu.ro\/en\/","name":"Ovidiu Drago\u0219 Arge\u0219anu","description":"","publisher":{"@id":"https:\/\/www.ovidiudragosargesanu.ro\/en\/#organization"},"potentialAction":[{"@type":"SearchAction","target":{"@type":"EntryPoint","urlTemplate":"https:\/\/www.ovidiudragosargesanu.ro\/en\/?s={search_term_string}"},"query-input":{"@type":"PropertyValueSpecification","valueRequired":true,"valueName":"search_term_string"}}],"inLanguage":"en-US"},{"@type":"Organization","@id":"https:\/\/www.ovidiudragosargesanu.ro\/en\/#organization","name":"Ovidiu Drago\u0219 Arge\u0219anu","url":"https:\/\/www.ovidiudragosargesanu.ro\/en\/","logo":{"@type":"ImageObject","inLanguage":"en-US","@id":"https:\/\/www.ovidiudragosargesanu.ro\/en\/#\/schema\/logo\/image\/","url":"https:\/\/www.ovidiudragosargesanu.ro\/en\/wp-content\/uploads\/2018\/03\/dragos-logo-lotus-black-400.svg","contentUrl":"https:\/\/www.ovidiudragosargesanu.ro\/en\/wp-content\/uploads\/2018\/03\/dragos-logo-lotus-black-400.svg","width":300,"height":150,"caption":"Ovidiu Drago\u0219 Arge\u0219anu"},"image":{"@id":"https:\/\/www.ovidiudragosargesanu.ro\/en\/#\/schema\/logo\/image\/"}}]}},"_links":{"self":[{"href":"https:\/\/www.ovidiudragosargesanu.ro\/en\/wp-json\/wp\/v2\/product\/26613","targetHints":{"allow":["GET"]}}],"collection":[{"href":"https:\/\/www.ovidiudragosargesanu.ro\/en\/wp-json\/wp\/v2\/product"}],"about":[{"href":"https:\/\/www.ovidiudragosargesanu.ro\/en\/wp-json\/wp\/v2\/types\/product"}],"version-history":[{"count":1,"href":"https:\/\/www.ovidiudragosargesanu.ro\/en\/wp-json\/wp\/v2\/product\/26613\/revisions"}],"predecessor-version":[{"id":26614,"href":"https:\/\/www.ovidiudragosargesanu.ro\/en\/wp-json\/wp\/v2\/product\/26613\/revisions\/26614"}],"wp:featuredmedia":[{"embeddable":true,"href":"https:\/\/www.ovidiudragosargesanu.ro\/en\/wp-json\/wp\/v2\/media\/4018"}],"wp:attachment":[{"href":"https:\/\/www.ovidiudragosargesanu.ro\/en\/wp-json\/wp\/v2\/media?parent=26613"}],"wp:term":[{"taxonomy":"product_brand","embeddable":true,"href":"https:\/\/www.ovidiudragosargesanu.ro\/en\/wp-json\/wp\/v2\/product_brand?post=26613"},{"taxonomy":"product_cat","embeddable":true,"href":"https:\/\/www.ovidiudragosargesanu.ro\/en\/wp-json\/wp\/v2\/product_cat?post=26613"},{"taxonomy":"product_tag","embeddable":true,"href":"https:\/\/www.ovidiudragosargesanu.ro\/en\/wp-json\/wp\/v2\/product_tag?post=26613"}],"curies":[{"name":"wp","href":"https:\/\/api.w.org\/{rel}","templated":true}]}}