{"id":26617,"date":"2024-11-16T17:49:36","date_gmt":"2024-11-16T15:49:36","guid":{"rendered":"https:\/\/www.ovidiudragosargesanu.ro\/?post_type=product&#038;p=26617"},"modified":"2025-02-28T19:28:56","modified_gmt":"2025-02-28T17:28:56","slug":"conferinta-bani-aur-aur-spiritual-seniori","status":"publish","type":"product","link":"https:\/\/www.ovidiudragosargesanu.ro\/en\/shop\/seniori\/conferinta-bani-aur-aur-spiritual-seniori\/","title":{"rendered":"Bani. Aur. Aur spiritual (Seniori)"},"content":{"rendered":"<p><span style=\"font-weight: 400;\">P\u0103trunde \u00een tainele lumii spirituale \u0219i afl\u0103 care este conexiunea dintre bani \u0219i aurul spiritual \u00een cadrul conferin\u021bei \u201cBani. Aur. Aur spiritual\u201d sus\u021binut\u0103 de Dr. Drago\u0219 Arge\u0219anu!\u00a0<\/span><\/p>\n<p><span style=\"font-weight: 400;\">Exploreaz\u0103 conceptul de vam\u0103 spiritual\u0103 \u0219i cum anumite niveluri de vibra\u021bie necesit\u0103 aur spiritual pentru a le traversa. Afl\u0103 cum aurul spiritual se transform\u0103 \u00een avere material\u0103, devenind un prag spiritual similar cu mecanismele MLM-urilor.\u00a0<\/span><\/p>\n<p><span style=\"font-weight: 400;\">Dr. Arge\u0219anu aduce \u00een discu\u021bie \u00een cadrul acestei conferin\u021be revelatoare leg\u0103tura dintre bani, energie, informa\u021bie \u0219i particule \u00een contextul lumii spirituale \u0219i cum acestea deriv\u0103 din aceea\u0219i energie universal\u0103.\u00a0<\/span><\/p>\n<p><span style=\"font-weight: 400;\">Descoper\u0103 importan\u021ba con\u0219tiin\u021bei, drepturilor Divine \u0219i a lec\u021biilor din vie\u021bile anterioare \u00een formarea dreptului Divin \u00een bani. Conferin\u021ba exploreaz\u0103 cum munca se transform\u0103 \u00een energie \u0219i cum aceasta este transmis\u0103 \u00een univers, implic\u00e2nd toate structurile, iar drepturile Divine pot fi transferate prin copii, so\u021bii sau prin \u00eendeplinirea unor misiuni personale speciale.\u00a0<\/span><\/p>\n","protected":false},"excerpt":{"rendered":"<p>ACCES NELIMITAT!<\/p>\n<p>Descoper\u0103 misterul ascensiunii financiare \u00een conferin\u021ba fascinant\u0103 &#8220;Bani. Aur. Aur Spiritual&#8221;.<br \/>\nVizion\u00e2nd aceast\u0103 conferin\u021b\u0103, vei \u00een\u021belege cum dreptul Divin poate fi m\u0103surat \u0219i amplificat prin parteneriate \u0219i asocieri, dezv\u0103luind secretele legate de beneficiile conexiunii dintre lumea material\u0103 a banilor \u0219i bog\u0103\u021bia subtil\u0103 a aurului spiritual.<br \/>\nExploreaz\u0103 esen\u021ba conexiunii dintre bani \u0219i aurul spiritual, \u00eenv\u0103\u021b\u00e2nd despre modalit\u0103\u021bile de c\u00e2\u0219tig \u0219i pierdere, abord\u00e2nd subiecte esen\u021biale precum Dreptul Divin \u0219i Karma.<br \/>\nUrm\u0103re\u0219te aceast\u0103 discu\u021bie profunde ce \u00ee\u021bi va dezv\u0103lui secretele ce te vor \u00eendruma \u00een \u00een\u021belegerea subtil\u0103 a rela\u021biei dintre aspectele materiale \u0219i cele spirituale.<br \/>\nAceast\u0103 conferin\u021b\u0103 reprezint\u0103 o oportunitate unic\u0103 de a dob\u00e2ndi cuno\u0219tin\u021be profunde \u0219i practice pentru transformarea ta financiar\u0103 \u0219i spiritual\u0103.<\/p>\n","protected":false},"featured_media":4671,"template":"","meta":{"inline_featured_image":false},"product_brand":[],"product_cat":[795],"product_tag":[],"class_list":{"0":"post-26617","1":"product","2":"type-product","3":"status-publish","4":"has-post-thumbnail","6":"product_cat-seniori","8":"first","9":"instock","10":"sale","11":"virtual","12":"sold-individually","13":"taxable","14":"purchasable","15":"product-type-simple"},"yoast_head":"<!-- This site is optimized with the Yoast SEO plugin v26.9 - https:\/\/yoast.com\/product\/yoast-seo-wordpress\/ -->\n<title>Bani. Aur. Aur spiritual (Seniori) - Ovidiu Drago\u0219 Arge\u0219anu<\/title>\n<meta name=\"description\" content=\"Conferin\u021ba \u201cBani. Aur. Aur Spiritual\u201d sus\u021binut\u0103 de Dr. Drago\u0219 Arge\u0219anu \u00ee\u021bi arat\u0103 conexiunea dintre bani \u0219i aurul spiritual, dezv\u0103luind secr\" \/>\n<meta name=\"robots\" content=\"noindex, follow, max-snippet:-1, max-image-preview:large, max-video-preview:-1\" \/>\n<meta property=\"og:locale\" content=\"en_US\" \/>\n<meta property=\"og:type\" content=\"article\" \/>\n<meta property=\"og:title\" content=\"Bani. Aur. Aur spiritual (Seniori) - Ovidiu Drago\u0219 Arge\u0219anu\" \/>\n<meta property=\"og:description\" content=\"Conferin\u021ba \u201cBani. Aur. Aur Spiritual\u201d sus\u021binut\u0103 de Dr. Drago\u0219 Arge\u0219anu \u00ee\u021bi arat\u0103 conexiunea dintre bani \u0219i aurul spiritual, dezv\u0103luind secr\" \/>\n<meta property=\"og:url\" content=\"https:\/\/www.ovidiudragosargesanu.ro\/en\/shop\/seniori\/conferinta-bani-aur-aur-spiritual-seniori\/\" \/>\n<meta property=\"og:site_name\" content=\"Ovidiu Drago\u0219 Arge\u0219anu\" \/>\n<meta property=\"article:modified_time\" content=\"2025-02-28T17:28:56+00:00\" \/>\n<meta property=\"og:image\" content=\"https:\/\/www.ovidiudragosargesanu.ro\/en\/wp-content\/uploads\/2023\/12\/Bani.-Aur.-Aur-spiritual-conferinta-2.png\" \/>\n\t<meta property=\"og:image:width\" content=\"600\" \/>\n\t<meta property=\"og:image:height\" content=\"800\" \/>\n\t<meta property=\"og:image:type\" content=\"image\/png\" \/>\n<meta name=\"twitter:card\" content=\"summary_large_image\" \/>\n<meta name=\"twitter:label1\" content=\"Est. reading time\" \/>\n\t<meta name=\"twitter:data1\" content=\"1 minute\" \/>\n<script type=\"application\/ld+json\" class=\"yoast-schema-graph\">{\"@context\":\"https:\/\/schema.org\",\"@graph\":[{\"@type\":\"WebPage\",\"@id\":\"https:\/\/www.ovidiudragosargesanu.ro\/en\/shop\/seniori\/conferinta-bani-aur-aur-spiritual-seniori\/\",\"url\":\"https:\/\/www.ovidiudragosargesanu.ro\/en\/shop\/seniori\/conferinta-bani-aur-aur-spiritual-seniori\/\",\"name\":\"Bani. Aur. Aur spiritual (Seniori) - Ovidiu Drago\u0219 Arge\u0219anu\",\"isPartOf\":{\"@id\":\"https:\/\/www.ovidiudragosargesanu.ro\/en\/#website\"},\"primaryImageOfPage\":{\"@id\":\"https:\/\/www.ovidiudragosargesanu.ro\/en\/shop\/seniori\/conferinta-bani-aur-aur-spiritual-seniori\/#primaryimage\"},\"image\":{\"@id\":\"https:\/\/www.ovidiudragosargesanu.ro\/en\/shop\/seniori\/conferinta-bani-aur-aur-spiritual-seniori\/#primaryimage\"},\"thumbnailUrl\":\"https:\/\/www.ovidiudragosargesanu.ro\/en\/wp-content\/uploads\/2023\/12\/Bani.-Aur.-Aur-spiritual-conferinta-2.png\",\"datePublished\":\"2024-11-16T15:49:36+00:00\",\"dateModified\":\"2025-02-28T17:28:56+00:00\",\"description\":\"Conferin\u021ba \u201cBani. Aur. Aur Spiritual\u201d sus\u021binut\u0103 de Dr. Drago\u0219 Arge\u0219anu \u00ee\u021bi arat\u0103 conexiunea dintre bani \u0219i aurul spiritual, dezv\u0103luind secr\",\"breadcrumb\":{\"@id\":\"https:\/\/www.ovidiudragosargesanu.ro\/en\/shop\/seniori\/conferinta-bani-aur-aur-spiritual-seniori\/#breadcrumb\"},\"inLanguage\":\"en-US\",\"potentialAction\":[{\"@type\":\"ReadAction\",\"target\":[\"https:\/\/www.ovidiudragosargesanu.ro\/en\/shop\/seniori\/conferinta-bani-aur-aur-spiritual-seniori\/\"]}]},{\"@type\":\"ImageObject\",\"inLanguage\":\"en-US\",\"@id\":\"https:\/\/www.ovidiudragosargesanu.ro\/en\/shop\/seniori\/conferinta-bani-aur-aur-spiritual-seniori\/#primaryimage\",\"url\":\"https:\/\/www.ovidiudragosargesanu.ro\/en\/wp-content\/uploads\/2023\/12\/Bani.-Aur.-Aur-spiritual-conferinta-2.png\",\"contentUrl\":\"https:\/\/www.ovidiudragosargesanu.ro\/en\/wp-content\/uploads\/2023\/12\/Bani.-Aur.-Aur-spiritual-conferinta-2.png\",\"width\":600,\"height\":800},{\"@type\":\"BreadcrumbList\",\"@id\":\"https:\/\/www.ovidiudragosargesanu.ro\/en\/shop\/seniori\/conferinta-bani-aur-aur-spiritual-seniori\/#breadcrumb\",\"itemListElement\":[{\"@type\":\"ListItem\",\"position\":1,\"name\":\"Prima pagin\u0103\",\"item\":\"https:\/\/www.ovidiudragosargesanu.ro\/en\/\"},{\"@type\":\"ListItem\",\"position\":2,\"name\":\"Shop\",\"item\":\"https:\/\/www.ovidiudragosargesanu.ro\/en\/shop\/\"},{\"@type\":\"ListItem\",\"position\":3,\"name\":\"Bani. Aur. Aur spiritual (Seniori)\"}]},{\"@type\":\"WebSite\",\"@id\":\"https:\/\/www.ovidiudragosargesanu.ro\/en\/#website\",\"url\":\"https:\/\/www.ovidiudragosargesanu.ro\/en\/\",\"name\":\"Ovidiu Drago\u0219 Arge\u0219anu\",\"description\":\"\",\"publisher\":{\"@id\":\"https:\/\/www.ovidiudragosargesanu.ro\/en\/#organization\"},\"potentialAction\":[{\"@type\":\"SearchAction\",\"target\":{\"@type\":\"EntryPoint\",\"urlTemplate\":\"https:\/\/www.ovidiudragosargesanu.ro\/en\/?s={search_term_string}\"},\"query-input\":{\"@type\":\"PropertyValueSpecification\",\"valueRequired\":true,\"valueName\":\"search_term_string\"}}],\"inLanguage\":\"en-US\"},{\"@type\":\"Organization\",\"@id\":\"https:\/\/www.ovidiudragosargesanu.ro\/en\/#organization\",\"name\":\"Ovidiu Drago\u0219 Arge\u0219anu\",\"url\":\"https:\/\/www.ovidiudragosargesanu.ro\/en\/\",\"logo\":{\"@type\":\"ImageObject\",\"inLanguage\":\"en-US\",\"@id\":\"https:\/\/www.ovidiudragosargesanu.ro\/en\/#\/schema\/logo\/image\/\",\"url\":\"https:\/\/www.ovidiudragosargesanu.ro\/en\/wp-content\/uploads\/2018\/03\/dragos-logo-lotus-black-400.svg\",\"contentUrl\":\"https:\/\/www.ovidiudragosargesanu.ro\/en\/wp-content\/uploads\/2018\/03\/dragos-logo-lotus-black-400.svg\",\"width\":300,\"height\":150,\"caption\":\"Ovidiu Drago\u0219 Arge\u0219anu\"},\"image\":{\"@id\":\"https:\/\/www.ovidiudragosargesanu.ro\/en\/#\/schema\/logo\/image\/\"}}]}<\/script>\n<!-- \/ Yoast SEO plugin. -->","yoast_head_json":{"title":"Bani. Aur. Aur spiritual (Seniori) - Ovidiu Drago\u0219 Arge\u0219anu","description":"Conferin\u021ba \u201cBani. Aur. Aur Spiritual\u201d sus\u021binut\u0103 de Dr. Drago\u0219 Arge\u0219anu \u00ee\u021bi arat\u0103 conexiunea dintre bani \u0219i aurul spiritual, dezv\u0103luind secr","robots":{"index":"noindex","follow":"follow","max-snippet":"max-snippet:-1","max-image-preview":"max-image-preview:large","max-video-preview":"max-video-preview:-1"},"og_locale":"en_US","og_type":"article","og_title":"Bani. Aur. Aur spiritual (Seniori) - Ovidiu Drago\u0219 Arge\u0219anu","og_description":"Conferin\u021ba \u201cBani. Aur. Aur Spiritual\u201d sus\u021binut\u0103 de Dr. Drago\u0219 Arge\u0219anu \u00ee\u021bi arat\u0103 conexiunea dintre bani \u0219i aurul spiritual, dezv\u0103luind secr","og_url":"https:\/\/www.ovidiudragosargesanu.ro\/en\/shop\/seniori\/conferinta-bani-aur-aur-spiritual-seniori\/","og_site_name":"Ovidiu Drago\u0219 Arge\u0219anu","article_modified_time":"2025-02-28T17:28:56+00:00","og_image":[{"width":600,"height":800,"url":"https:\/\/www.ovidiudragosargesanu.ro\/en\/wp-content\/uploads\/2023\/12\/Bani.-Aur.-Aur-spiritual-conferinta-2.png","type":"image\/png"}],"twitter_card":"summary_large_image","twitter_misc":{"Est. reading time":"1 minute"},"schema":{"@context":"https:\/\/schema.org","@graph":[{"@type":"WebPage","@id":"https:\/\/www.ovidiudragosargesanu.ro\/en\/shop\/seniori\/conferinta-bani-aur-aur-spiritual-seniori\/","url":"https:\/\/www.ovidiudragosargesanu.ro\/en\/shop\/seniori\/conferinta-bani-aur-aur-spiritual-seniori\/","name":"Bani. Aur. Aur spiritual (Seniori) - Ovidiu Drago\u0219 Arge\u0219anu","isPartOf":{"@id":"https:\/\/www.ovidiudragosargesanu.ro\/en\/#website"},"primaryImageOfPage":{"@id":"https:\/\/www.ovidiudragosargesanu.ro\/en\/shop\/seniori\/conferinta-bani-aur-aur-spiritual-seniori\/#primaryimage"},"image":{"@id":"https:\/\/www.ovidiudragosargesanu.ro\/en\/shop\/seniori\/conferinta-bani-aur-aur-spiritual-seniori\/#primaryimage"},"thumbnailUrl":"https:\/\/www.ovidiudragosargesanu.ro\/en\/wp-content\/uploads\/2023\/12\/Bani.-Aur.-Aur-spiritual-conferinta-2.png","datePublished":"2024-11-16T15:49:36+00:00","dateModified":"2025-02-28T17:28:56+00:00","description":"Conferin\u021ba \u201cBani. Aur. Aur Spiritual\u201d sus\u021binut\u0103 de Dr. Drago\u0219 Arge\u0219anu \u00ee\u021bi arat\u0103 conexiunea dintre bani \u0219i aurul spiritual, dezv\u0103luind secr","breadcrumb":{"@id":"https:\/\/www.ovidiudragosargesanu.ro\/en\/shop\/seniori\/conferinta-bani-aur-aur-spiritual-seniori\/#breadcrumb"},"inLanguage":"en-US","potentialAction":[{"@type":"ReadAction","target":["https:\/\/www.ovidiudragosargesanu.ro\/en\/shop\/seniori\/conferinta-bani-aur-aur-spiritual-seniori\/"]}]},{"@type":"ImageObject","inLanguage":"en-US","@id":"https:\/\/www.ovidiudragosargesanu.ro\/en\/shop\/seniori\/conferinta-bani-aur-aur-spiritual-seniori\/#primaryimage","url":"https:\/\/www.ovidiudragosargesanu.ro\/en\/wp-content\/uploads\/2023\/12\/Bani.-Aur.-Aur-spiritual-conferinta-2.png","contentUrl":"https:\/\/www.ovidiudragosargesanu.ro\/en\/wp-content\/uploads\/2023\/12\/Bani.-Aur.-Aur-spiritual-conferinta-2.png","width":600,"height":800},{"@type":"BreadcrumbList","@id":"https:\/\/www.ovidiudragosargesanu.ro\/en\/shop\/seniori\/conferinta-bani-aur-aur-spiritual-seniori\/#breadcrumb","itemListElement":[{"@type":"ListItem","position":1,"name":"Prima pagin\u0103","item":"https:\/\/www.ovidiudragosargesanu.ro\/en\/"},{"@type":"ListItem","position":2,"name":"Shop","item":"https:\/\/www.ovidiudragosargesanu.ro\/en\/shop\/"},{"@type":"ListItem","position":3,"name":"Bani. Aur. Aur spiritual (Seniori)"}]},{"@type":"WebSite","@id":"https:\/\/www.ovidiudragosargesanu.ro\/en\/#website","url":"https:\/\/www.ovidiudragosargesanu.ro\/en\/","name":"Ovidiu Drago\u0219 Arge\u0219anu","description":"","publisher":{"@id":"https:\/\/www.ovidiudragosargesanu.ro\/en\/#organization"},"potentialAction":[{"@type":"SearchAction","target":{"@type":"EntryPoint","urlTemplate":"https:\/\/www.ovidiudragosargesanu.ro\/en\/?s={search_term_string}"},"query-input":{"@type":"PropertyValueSpecification","valueRequired":true,"valueName":"search_term_string"}}],"inLanguage":"en-US"},{"@type":"Organization","@id":"https:\/\/www.ovidiudragosargesanu.ro\/en\/#organization","name":"Ovidiu Drago\u0219 Arge\u0219anu","url":"https:\/\/www.ovidiudragosargesanu.ro\/en\/","logo":{"@type":"ImageObject","inLanguage":"en-US","@id":"https:\/\/www.ovidiudragosargesanu.ro\/en\/#\/schema\/logo\/image\/","url":"https:\/\/www.ovidiudragosargesanu.ro\/en\/wp-content\/uploads\/2018\/03\/dragos-logo-lotus-black-400.svg","contentUrl":"https:\/\/www.ovidiudragosargesanu.ro\/en\/wp-content\/uploads\/2018\/03\/dragos-logo-lotus-black-400.svg","width":300,"height":150,"caption":"Ovidiu Drago\u0219 Arge\u0219anu"},"image":{"@id":"https:\/\/www.ovidiudragosargesanu.ro\/en\/#\/schema\/logo\/image\/"}}]}},"_links":{"self":[{"href":"https:\/\/www.ovidiudragosargesanu.ro\/en\/wp-json\/wp\/v2\/product\/26617","targetHints":{"allow":["GET"]}}],"collection":[{"href":"https:\/\/www.ovidiudragosargesanu.ro\/en\/wp-json\/wp\/v2\/product"}],"about":[{"href":"https:\/\/www.ovidiudragosargesanu.ro\/en\/wp-json\/wp\/v2\/types\/product"}],"version-history":[{"count":2,"href":"https:\/\/www.ovidiudragosargesanu.ro\/en\/wp-json\/wp\/v2\/product\/26617\/revisions"}],"predecessor-version":[{"id":26960,"href":"https:\/\/www.ovidiudragosargesanu.ro\/en\/wp-json\/wp\/v2\/product\/26617\/revisions\/26960"}],"wp:featuredmedia":[{"embeddable":true,"href":"https:\/\/www.ovidiudragosargesanu.ro\/en\/wp-json\/wp\/v2\/media\/4671"}],"wp:attachment":[{"href":"https:\/\/www.ovidiudragosargesanu.ro\/en\/wp-json\/wp\/v2\/media?parent=26617"}],"wp:term":[{"taxonomy":"product_brand","embeddable":true,"href":"https:\/\/www.ovidiudragosargesanu.ro\/en\/wp-json\/wp\/v2\/product_brand?post=26617"},{"taxonomy":"product_cat","embeddable":true,"href":"https:\/\/www.ovidiudragosargesanu.ro\/en\/wp-json\/wp\/v2\/product_cat?post=26617"},{"taxonomy":"product_tag","embeddable":true,"href":"https:\/\/www.ovidiudragosargesanu.ro\/en\/wp-json\/wp\/v2\/product_tag?post=26617"}],"curies":[{"name":"wp","href":"https:\/\/api.w.org\/{rel}","templated":true}]}}