{"id":26619,"date":"2024-11-16T17:50:25","date_gmt":"2024-11-16T15:50:25","guid":{"rendered":"https:\/\/www.ovidiudragosargesanu.ro\/?post_type=product&#038;p=26619"},"modified":"2024-11-16T17:51:05","modified_gmt":"2024-11-16T15:51:05","slug":"de-mana-pe-camino-seniori","status":"publish","type":"product","link":"https:\/\/www.ovidiudragosargesanu.ro\/en\/shop\/seniori\/de-mana-pe-camino-seniori\/","title":{"rendered":"De m\u00e2n\u0103 pe Camino (Seniori)"},"content":{"rendered":"<p><span style=\"font-weight: 400;\">Paginile romanului ini\u021biatic \u201eDe m\u00e2n\u0103, pe Camino\u201d \u00ee\u0219i vor purta cititorii printr-o experien\u021b\u0103 personal\u0103 a autorului, o c\u0103l\u0103torie spre eliberarea emo\u021bional\u0103 \u0219i introspec\u021bie. Dr. Ovidiu-Drago\u0219 Arge\u0219anu \u00eemp\u0103rt\u0103\u0219e\u0219te beneficiile incredibile ale acestei c\u0103l\u0103torii ini\u021biatice, oferind cititorilor instrumentele esen\u021biale pentru vindecare, cre\u0219tere spiritual\u0103 \u0219i evolu\u021bie personal\u0103.<\/span><\/p>\n<p><span style=\"font-weight: 400;\">\u201eDe m\u00e2n\u0103, pe Camino&#8221; este mai mult dec\u00e2t o lectur\u0103; este o c\u0103l\u0103torie care va provoca schimb\u0103ri profunde \u00een sufletele cititorilor, deschiz\u00e2ndu-le calea c\u0103tre o \u00een\u021belegere mai profund\u0103 a propriei fiin\u021be \u0219i a conexiunii cu divinul. Aceast\u0103 carte este o surs\u0103 de inspira\u021bie pentru cei \u00een c\u0103utarea transform\u0103rii interioare \u0219i a descoperirii adev\u0103rului universal.<\/span><\/p>\n<p><span style=\"font-weight: 400;\">\u00cendr\u0103zne\u0219te s\u0103 te al\u0103turi acestei c\u0103l\u0103torii spirituale \u00een lectura \u201eDe m\u00e2n\u0103, pe Camino&#8221; \u0219i descoper\u0103 c\u0103 nimic nu este ceea ce pare \u00een lumea complex\u0103 \u0219i misterioas\u0103 a acestei explor\u0103ri de cale lung\u0103, Camino. Aceast\u0103 lectur\u0103 este o invita\u021bie la o c\u0103l\u0103torie a sufletului, o experien\u021b\u0103 transforma\u021bional\u0103 care va rezona cu cei care caut\u0103 s\u0103 se conecteze la niveluri mai profunde ale con\u0219tientiz\u0103rii \u0219i \u00een\u021belegerii spirituale.\u00a0<\/span><\/p>\n","protected":false},"excerpt":{"rendered":"\n<table id=\"tablepress-48\" class=\"tablepress tablepress-id-48\">\n<tbody class=\"row-striping row-hover\">\n<tr class=\"row-1\">\n\t<td class=\"column-1\">Editura<\/td><td class=\"column-2\"><b>EAGLE<\/b><\/td>\n<\/tr>\n<tr class=\"row-2\">\n\t<td class=\"column-1\">Anul Public\u0103rii<\/td><td class=\"column-2\">2019<\/td>\n<\/tr>\n<tr class=\"row-3\">\n\t<td class=\"column-1\">Num\u0103r Pagini<\/td><td class=\"column-2\">336<\/td>\n<\/tr>\n<tr class=\"row-4\">\n\t<td class=\"column-1\">Cod produs - SKU<\/td><td class=\"column-2\">9786068790138<\/td>\n<\/tr>\n<\/tbody>\n<\/table>\n<!-- #tablepress-48 from cache -->\n","protected":false},"featured_media":4084,"template":"","meta":{"inline_featured_image":false},"product_brand":[],"product_cat":[795],"product_tag":[673,678],"class_list":{"0":"post-26619","1":"product","2":"type-product","3":"status-publish","4":"has-post-thumbnail","6":"product_cat-seniori","7":"product_tag-reiki","8":"product_tag-roman-initiatic","10":"first","11":"instock","12":"sale","13":"taxable","14":"shipping-taxable","15":"purchasable","16":"product-type-simple"},"yoast_head":"<!-- This site is optimized with the Yoast SEO plugin v26.9 - https:\/\/yoast.com\/product\/yoast-seo-wordpress\/ -->\n<title>De m\u00e2n\u0103 pe Camino (Seniori) - Ovidiu Drago\u0219 Arge\u0219anu<\/title>\n<meta name=\"description\" content=\"\u201eDe m\u00e2n\u0103, pe Camino&quot; promite s\u0103 lase o amprent\u0103 profund\u0103 asupra inimilor \u0219i a min\u021bilor cititorilor, fie c\u0103 sunt cursan\u021bi, practican\u021bi sau cunosc\u0103tori\" \/>\n<meta name=\"robots\" content=\"noindex, follow, max-snippet:-1, max-image-preview:large, max-video-preview:-1\" \/>\n<meta property=\"og:locale\" content=\"en_US\" \/>\n<meta property=\"og:type\" content=\"article\" \/>\n<meta property=\"og:title\" content=\"De m\u00e2n\u0103 pe Camino (Seniori) - Ovidiu Drago\u0219 Arge\u0219anu\" \/>\n<meta property=\"og:description\" content=\"\u201eDe m\u00e2n\u0103, pe Camino&quot; promite s\u0103 lase o amprent\u0103 profund\u0103 asupra inimilor \u0219i a min\u021bilor cititorilor, fie c\u0103 sunt cursan\u021bi, practican\u021bi sau cunosc\u0103tori\" \/>\n<meta property=\"og:url\" content=\"https:\/\/www.ovidiudragosargesanu.ro\/en\/shop\/seniori\/de-mana-pe-camino-seniori\/\" \/>\n<meta property=\"og:site_name\" content=\"Ovidiu Drago\u0219 Arge\u0219anu\" \/>\n<meta property=\"article:modified_time\" content=\"2024-11-16T15:51:05+00:00\" \/>\n<meta property=\"og:image\" content=\"https:\/\/www.ovidiudragosargesanu.ro\/en\/wp-content\/uploads\/2019\/08\/33.png\" \/>\n\t<meta property=\"og:image:width\" content=\"1000\" \/>\n\t<meta property=\"og:image:height\" content=\"1000\" \/>\n\t<meta property=\"og:image:type\" content=\"image\/png\" \/>\n<meta name=\"twitter:card\" content=\"summary_large_image\" \/>\n<meta name=\"twitter:label1\" content=\"Est. reading time\" \/>\n\t<meta name=\"twitter:data1\" content=\"2 minutes\" \/>\n<script type=\"application\/ld+json\" class=\"yoast-schema-graph\">{\"@context\":\"https:\/\/schema.org\",\"@graph\":[{\"@type\":\"WebPage\",\"@id\":\"https:\/\/www.ovidiudragosargesanu.ro\/en\/shop\/seniori\/de-mana-pe-camino-seniori\/\",\"url\":\"https:\/\/www.ovidiudragosargesanu.ro\/en\/shop\/seniori\/de-mana-pe-camino-seniori\/\",\"name\":\"De m\u00e2n\u0103 pe Camino (Seniori) - Ovidiu Drago\u0219 Arge\u0219anu\",\"isPartOf\":{\"@id\":\"https:\/\/www.ovidiudragosargesanu.ro\/en\/#website\"},\"primaryImageOfPage\":{\"@id\":\"https:\/\/www.ovidiudragosargesanu.ro\/en\/shop\/seniori\/de-mana-pe-camino-seniori\/#primaryimage\"},\"image\":{\"@id\":\"https:\/\/www.ovidiudragosargesanu.ro\/en\/shop\/seniori\/de-mana-pe-camino-seniori\/#primaryimage\"},\"thumbnailUrl\":\"https:\/\/www.ovidiudragosargesanu.ro\/en\/wp-content\/uploads\/2019\/08\/33.png\",\"datePublished\":\"2024-11-16T15:50:25+00:00\",\"dateModified\":\"2024-11-16T15:51:05+00:00\",\"description\":\"\u201eDe m\u00e2n\u0103, pe Camino\\\" promite s\u0103 lase o amprent\u0103 profund\u0103 asupra inimilor \u0219i a min\u021bilor cititorilor, fie c\u0103 sunt cursan\u021bi, practican\u021bi sau cunosc\u0103tori\",\"breadcrumb\":{\"@id\":\"https:\/\/www.ovidiudragosargesanu.ro\/en\/shop\/seniori\/de-mana-pe-camino-seniori\/#breadcrumb\"},\"inLanguage\":\"en-US\",\"potentialAction\":[{\"@type\":\"ReadAction\",\"target\":[\"https:\/\/www.ovidiudragosargesanu.ro\/en\/shop\/seniori\/de-mana-pe-camino-seniori\/\"]}]},{\"@type\":\"ImageObject\",\"inLanguage\":\"en-US\",\"@id\":\"https:\/\/www.ovidiudragosargesanu.ro\/en\/shop\/seniori\/de-mana-pe-camino-seniori\/#primaryimage\",\"url\":\"https:\/\/www.ovidiudragosargesanu.ro\/en\/wp-content\/uploads\/2019\/08\/33.png\",\"contentUrl\":\"https:\/\/www.ovidiudragosargesanu.ro\/en\/wp-content\/uploads\/2019\/08\/33.png\",\"width\":1000,\"height\":1000},{\"@type\":\"BreadcrumbList\",\"@id\":\"https:\/\/www.ovidiudragosargesanu.ro\/en\/shop\/seniori\/de-mana-pe-camino-seniori\/#breadcrumb\",\"itemListElement\":[{\"@type\":\"ListItem\",\"position\":1,\"name\":\"Prima pagin\u0103\",\"item\":\"https:\/\/www.ovidiudragosargesanu.ro\/en\/\"},{\"@type\":\"ListItem\",\"position\":2,\"name\":\"Shop\",\"item\":\"https:\/\/www.ovidiudragosargesanu.ro\/en\/shop\/\"},{\"@type\":\"ListItem\",\"position\":3,\"name\":\"De m\u00e2n\u0103 pe Camino (Seniori)\"}]},{\"@type\":\"WebSite\",\"@id\":\"https:\/\/www.ovidiudragosargesanu.ro\/en\/#website\",\"url\":\"https:\/\/www.ovidiudragosargesanu.ro\/en\/\",\"name\":\"Ovidiu Drago\u0219 Arge\u0219anu\",\"description\":\"\",\"publisher\":{\"@id\":\"https:\/\/www.ovidiudragosargesanu.ro\/en\/#organization\"},\"potentialAction\":[{\"@type\":\"SearchAction\",\"target\":{\"@type\":\"EntryPoint\",\"urlTemplate\":\"https:\/\/www.ovidiudragosargesanu.ro\/en\/?s={search_term_string}\"},\"query-input\":{\"@type\":\"PropertyValueSpecification\",\"valueRequired\":true,\"valueName\":\"search_term_string\"}}],\"inLanguage\":\"en-US\"},{\"@type\":\"Organization\",\"@id\":\"https:\/\/www.ovidiudragosargesanu.ro\/en\/#organization\",\"name\":\"Ovidiu Drago\u0219 Arge\u0219anu\",\"url\":\"https:\/\/www.ovidiudragosargesanu.ro\/en\/\",\"logo\":{\"@type\":\"ImageObject\",\"inLanguage\":\"en-US\",\"@id\":\"https:\/\/www.ovidiudragosargesanu.ro\/en\/#\/schema\/logo\/image\/\",\"url\":\"https:\/\/www.ovidiudragosargesanu.ro\/en\/wp-content\/uploads\/2018\/03\/dragos-logo-lotus-black-400.svg\",\"contentUrl\":\"https:\/\/www.ovidiudragosargesanu.ro\/en\/wp-content\/uploads\/2018\/03\/dragos-logo-lotus-black-400.svg\",\"width\":300,\"height\":150,\"caption\":\"Ovidiu Drago\u0219 Arge\u0219anu\"},\"image\":{\"@id\":\"https:\/\/www.ovidiudragosargesanu.ro\/en\/#\/schema\/logo\/image\/\"}}]}<\/script>\n<!-- \/ Yoast SEO plugin. -->","yoast_head_json":{"title":"De m\u00e2n\u0103 pe Camino (Seniori) - Ovidiu Drago\u0219 Arge\u0219anu","description":"\u201eDe m\u00e2n\u0103, pe Camino\" promite s\u0103 lase o amprent\u0103 profund\u0103 asupra inimilor \u0219i a min\u021bilor cititorilor, fie c\u0103 sunt cursan\u021bi, practican\u021bi sau cunosc\u0103tori","robots":{"index":"noindex","follow":"follow","max-snippet":"max-snippet:-1","max-image-preview":"max-image-preview:large","max-video-preview":"max-video-preview:-1"},"og_locale":"en_US","og_type":"article","og_title":"De m\u00e2n\u0103 pe Camino (Seniori) - Ovidiu Drago\u0219 Arge\u0219anu","og_description":"\u201eDe m\u00e2n\u0103, pe Camino\" promite s\u0103 lase o amprent\u0103 profund\u0103 asupra inimilor \u0219i a min\u021bilor cititorilor, fie c\u0103 sunt cursan\u021bi, practican\u021bi sau cunosc\u0103tori","og_url":"https:\/\/www.ovidiudragosargesanu.ro\/en\/shop\/seniori\/de-mana-pe-camino-seniori\/","og_site_name":"Ovidiu Drago\u0219 Arge\u0219anu","article_modified_time":"2024-11-16T15:51:05+00:00","og_image":[{"width":1000,"height":1000,"url":"https:\/\/www.ovidiudragosargesanu.ro\/en\/wp-content\/uploads\/2019\/08\/33.png","type":"image\/png"}],"twitter_card":"summary_large_image","twitter_misc":{"Est. reading time":"2 minutes"},"schema":{"@context":"https:\/\/schema.org","@graph":[{"@type":"WebPage","@id":"https:\/\/www.ovidiudragosargesanu.ro\/en\/shop\/seniori\/de-mana-pe-camino-seniori\/","url":"https:\/\/www.ovidiudragosargesanu.ro\/en\/shop\/seniori\/de-mana-pe-camino-seniori\/","name":"De m\u00e2n\u0103 pe Camino (Seniori) - Ovidiu Drago\u0219 Arge\u0219anu","isPartOf":{"@id":"https:\/\/www.ovidiudragosargesanu.ro\/en\/#website"},"primaryImageOfPage":{"@id":"https:\/\/www.ovidiudragosargesanu.ro\/en\/shop\/seniori\/de-mana-pe-camino-seniori\/#primaryimage"},"image":{"@id":"https:\/\/www.ovidiudragosargesanu.ro\/en\/shop\/seniori\/de-mana-pe-camino-seniori\/#primaryimage"},"thumbnailUrl":"https:\/\/www.ovidiudragosargesanu.ro\/en\/wp-content\/uploads\/2019\/08\/33.png","datePublished":"2024-11-16T15:50:25+00:00","dateModified":"2024-11-16T15:51:05+00:00","description":"\u201eDe m\u00e2n\u0103, pe Camino\" promite s\u0103 lase o amprent\u0103 profund\u0103 asupra inimilor \u0219i a min\u021bilor cititorilor, fie c\u0103 sunt cursan\u021bi, practican\u021bi sau cunosc\u0103tori","breadcrumb":{"@id":"https:\/\/www.ovidiudragosargesanu.ro\/en\/shop\/seniori\/de-mana-pe-camino-seniori\/#breadcrumb"},"inLanguage":"en-US","potentialAction":[{"@type":"ReadAction","target":["https:\/\/www.ovidiudragosargesanu.ro\/en\/shop\/seniori\/de-mana-pe-camino-seniori\/"]}]},{"@type":"ImageObject","inLanguage":"en-US","@id":"https:\/\/www.ovidiudragosargesanu.ro\/en\/shop\/seniori\/de-mana-pe-camino-seniori\/#primaryimage","url":"https:\/\/www.ovidiudragosargesanu.ro\/en\/wp-content\/uploads\/2019\/08\/33.png","contentUrl":"https:\/\/www.ovidiudragosargesanu.ro\/en\/wp-content\/uploads\/2019\/08\/33.png","width":1000,"height":1000},{"@type":"BreadcrumbList","@id":"https:\/\/www.ovidiudragosargesanu.ro\/en\/shop\/seniori\/de-mana-pe-camino-seniori\/#breadcrumb","itemListElement":[{"@type":"ListItem","position":1,"name":"Prima pagin\u0103","item":"https:\/\/www.ovidiudragosargesanu.ro\/en\/"},{"@type":"ListItem","position":2,"name":"Shop","item":"https:\/\/www.ovidiudragosargesanu.ro\/en\/shop\/"},{"@type":"ListItem","position":3,"name":"De m\u00e2n\u0103 pe Camino (Seniori)"}]},{"@type":"WebSite","@id":"https:\/\/www.ovidiudragosargesanu.ro\/en\/#website","url":"https:\/\/www.ovidiudragosargesanu.ro\/en\/","name":"Ovidiu Drago\u0219 Arge\u0219anu","description":"","publisher":{"@id":"https:\/\/www.ovidiudragosargesanu.ro\/en\/#organization"},"potentialAction":[{"@type":"SearchAction","target":{"@type":"EntryPoint","urlTemplate":"https:\/\/www.ovidiudragosargesanu.ro\/en\/?s={search_term_string}"},"query-input":{"@type":"PropertyValueSpecification","valueRequired":true,"valueName":"search_term_string"}}],"inLanguage":"en-US"},{"@type":"Organization","@id":"https:\/\/www.ovidiudragosargesanu.ro\/en\/#organization","name":"Ovidiu Drago\u0219 Arge\u0219anu","url":"https:\/\/www.ovidiudragosargesanu.ro\/en\/","logo":{"@type":"ImageObject","inLanguage":"en-US","@id":"https:\/\/www.ovidiudragosargesanu.ro\/en\/#\/schema\/logo\/image\/","url":"https:\/\/www.ovidiudragosargesanu.ro\/en\/wp-content\/uploads\/2018\/03\/dragos-logo-lotus-black-400.svg","contentUrl":"https:\/\/www.ovidiudragosargesanu.ro\/en\/wp-content\/uploads\/2018\/03\/dragos-logo-lotus-black-400.svg","width":300,"height":150,"caption":"Ovidiu Drago\u0219 Arge\u0219anu"},"image":{"@id":"https:\/\/www.ovidiudragosargesanu.ro\/en\/#\/schema\/logo\/image\/"}}]}},"_links":{"self":[{"href":"https:\/\/www.ovidiudragosargesanu.ro\/en\/wp-json\/wp\/v2\/product\/26619","targetHints":{"allow":["GET"]}}],"collection":[{"href":"https:\/\/www.ovidiudragosargesanu.ro\/en\/wp-json\/wp\/v2\/product"}],"about":[{"href":"https:\/\/www.ovidiudragosargesanu.ro\/en\/wp-json\/wp\/v2\/types\/product"}],"version-history":[{"count":1,"href":"https:\/\/www.ovidiudragosargesanu.ro\/en\/wp-json\/wp\/v2\/product\/26619\/revisions"}],"predecessor-version":[{"id":26620,"href":"https:\/\/www.ovidiudragosargesanu.ro\/en\/wp-json\/wp\/v2\/product\/26619\/revisions\/26620"}],"wp:featuredmedia":[{"embeddable":true,"href":"https:\/\/www.ovidiudragosargesanu.ro\/en\/wp-json\/wp\/v2\/media\/4084"}],"wp:attachment":[{"href":"https:\/\/www.ovidiudragosargesanu.ro\/en\/wp-json\/wp\/v2\/media?parent=26619"}],"wp:term":[{"taxonomy":"product_brand","embeddable":true,"href":"https:\/\/www.ovidiudragosargesanu.ro\/en\/wp-json\/wp\/v2\/product_brand?post=26619"},{"taxonomy":"product_cat","embeddable":true,"href":"https:\/\/www.ovidiudragosargesanu.ro\/en\/wp-json\/wp\/v2\/product_cat?post=26619"},{"taxonomy":"product_tag","embeddable":true,"href":"https:\/\/www.ovidiudragosargesanu.ro\/en\/wp-json\/wp\/v2\/product_tag?post=26619"}],"curies":[{"name":"wp","href":"https:\/\/api.w.org\/{rel}","templated":true}]}}