{"id":26623,"date":"2024-11-16T17:52:18","date_gmt":"2024-11-16T15:52:18","guid":{"rendered":"https:\/\/www.ovidiudragosargesanu.ro\/?post_type=product&#038;p=26623"},"modified":"2024-11-16T17:52:47","modified_gmt":"2024-11-16T15:52:47","slug":"devenirea-intre-iad-si-rai-seniori","status":"publish","type":"product","link":"https:\/\/www.ovidiudragosargesanu.ro\/en\/shop\/seniori\/devenirea-intre-iad-si-rai-seniori\/","title":{"rendered":"Devenirea, \u00eentre Iad \u0219i Rai (Seniori)"},"content":{"rendered":"<p><span style=\"font-weight: 400;\">\u201eDevenirea, \u00eentre Iad \u0219i Rai\u201d este un roman ini\u021biatic gata s\u0103 te invite \u00eentr-o c\u0103l\u0103torie captivant\u0103 \u0219i transformatoare a spiritului. Acest roman te va schimba profund, oferind o experien\u021b\u0103 literar\u0103 unic\u0103 ce \u00eembin\u0103 adev\u0103ruri tulbur\u0103toare \u0219i iubire \u00eenfl\u0103c\u0103rat\u0103, cu un parcurs fascinant de autodescoperire \u0219i maturizare spiritual\u0103.<\/span><\/p>\n<p><span style=\"font-weight: 400;\">De la prima pagin\u0103 vei cu siguran\u021b\u0103 captivat de povestea eroului care str\u0103bate un drum plin de \u00eenv\u0103\u021b\u0103turi \u0219i dezv\u0103luiri ale propriei sale fiin\u021be. Aceast\u0103 poveste profund\u0103 te va purta printr-o c\u0103l\u0103torie ini\u021biatic\u0103 plin\u0103 de suferin\u021be, provoc\u0103ri \u0219i transform\u0103ri, \u00een c\u0103utarea maturiz\u0103rii \u0219i \u00een\u021belegerii de sine.<\/span><\/p>\n<p><span style=\"font-weight: 400;\">Romanul \u201eDevenirea, \u00eentre Iad \u0219i Rai\u201d este mai mult dec\u00e2t o lectur\u0103; este o explorare profund\u0103 a transform\u0103rii spirituale, dezv\u0103luind adev\u0103rul despre eliberarea de leg\u0103turile cu propriile sentimente. Fiecare pagin\u0103 te va \u00eendruma spre \u00een\u021belegerea \u0219i acceptarea de sine, \u00eentr-o c\u0103l\u0103torie plin\u0103 de profunzime \u0219i revela\u021bii.<\/span><\/p>\n<p><span style=\"font-weight: 400;\">Descoper\u0103 \u0219i tr\u0103ie\u0219te aceast\u0103 poveste extraordinar\u0103, o adev\u0103rat\u0103 c\u0103l\u0103torie ini\u021biatic\u0103 care te va ghida spre eliberarea \u0219i \u00een\u021belegerea profund\u0103 a sufletului t\u0103u.\u201eDevenirea, \u00eentre Iad \u0219i Rai\u201d este o lectur\u0103 esen\u021bial\u0103 pentru cei \u00een c\u0103utarea unei experien\u021be literare care s\u0103 le transforme viziunea asupra vie\u021bii \u0219i spiritualit\u0103\u021bii.<\/span><\/p>\n","protected":false},"excerpt":{"rendered":"\n<table id=\"tablepress-12\" class=\"tablepress tablepress-id-12\">\n<tbody class=\"row-striping row-hover\">\n<tr class=\"row-1\">\n\t<td class=\"column-1\">Editura<\/td><td class=\"column-2\"><b>PRO DAO<\/b><\/td>\n<\/tr>\n<tr class=\"row-2\">\n\t<td class=\"column-1\">Anul Public\u0103rii<\/td><td class=\"column-2\">2013<\/td>\n<\/tr>\n<tr class=\"row-3\">\n\t<td class=\"column-1\">Num\u0103r Pagini<\/td><td class=\"column-2\">476<\/td>\n<\/tr>\n<tr class=\"row-4\">\n\t<td class=\"column-1\">Cod produs - SKU<\/td><td class=\"column-2\">9786069341315<\/td>\n<\/tr>\n<\/tbody>\n<\/table>\n<!-- #tablepress-12 from cache -->\n","protected":false},"featured_media":4109,"template":"","meta":{"inline_featured_image":false},"product_brand":[],"product_cat":[795],"product_tag":[678,682],"class_list":{"0":"post-26623","1":"product","2":"type-product","3":"status-publish","4":"has-post-thumbnail","6":"product_cat-seniori","7":"product_tag-roman-initiatic","8":"product_tag-transformare-spirituala","10":"first","11":"instock","12":"sale","13":"taxable","14":"shipping-taxable","15":"purchasable","16":"product-type-simple"},"yoast_head":"<!-- This site is optimized with the Yoast SEO plugin v26.9 - https:\/\/yoast.com\/product\/yoast-seo-wordpress\/ -->\n<title>Devenirea, \u00eentre Iad \u0219i Rai (Seniori) - Ovidiu Drago\u0219 Arge\u0219anu<\/title>\n<meta name=\"description\" content=\"\u201eDevenirea, \u00eentre Iad \u0219i Rai\u201d: un roman ini\u021biatic de o m\u0103iestrie rar\u0103, despre c\u0103l\u0103toria fascinant\u0103 spre transformarea spiritual\u0103\" \/>\n<meta name=\"robots\" content=\"noindex, follow, max-snippet:-1, max-image-preview:large, max-video-preview:-1\" \/>\n<meta property=\"og:locale\" content=\"en_US\" \/>\n<meta property=\"og:type\" content=\"article\" \/>\n<meta property=\"og:title\" content=\"Devenirea, \u00eentre Iad \u0219i Rai (Seniori) - Ovidiu Drago\u0219 Arge\u0219anu\" \/>\n<meta property=\"og:description\" content=\"\u201eDevenirea, \u00eentre Iad \u0219i Rai\u201d: un roman ini\u021biatic de o m\u0103iestrie rar\u0103, despre c\u0103l\u0103toria fascinant\u0103 spre transformarea spiritual\u0103\" \/>\n<meta property=\"og:url\" content=\"https:\/\/www.ovidiudragosargesanu.ro\/en\/shop\/seniori\/devenirea-intre-iad-si-rai-seniori\/\" \/>\n<meta property=\"og:site_name\" content=\"Ovidiu Drago\u0219 Arge\u0219anu\" \/>\n<meta property=\"article:modified_time\" content=\"2024-11-16T15:52:47+00:00\" \/>\n<meta property=\"og:image\" content=\"https:\/\/www.ovidiudragosargesanu.ro\/en\/wp-content\/uploads\/2018\/03\/41.png\" \/>\n\t<meta property=\"og:image:width\" content=\"1000\" \/>\n\t<meta property=\"og:image:height\" content=\"1000\" \/>\n\t<meta property=\"og:image:type\" content=\"image\/png\" \/>\n<meta name=\"twitter:card\" content=\"summary_large_image\" \/>\n<meta name=\"twitter:label1\" content=\"Est. reading time\" \/>\n\t<meta name=\"twitter:data1\" content=\"2 minutes\" \/>\n<script type=\"application\/ld+json\" class=\"yoast-schema-graph\">{\"@context\":\"https:\/\/schema.org\",\"@graph\":[{\"@type\":\"WebPage\",\"@id\":\"https:\/\/www.ovidiudragosargesanu.ro\/en\/shop\/seniori\/devenirea-intre-iad-si-rai-seniori\/\",\"url\":\"https:\/\/www.ovidiudragosargesanu.ro\/en\/shop\/seniori\/devenirea-intre-iad-si-rai-seniori\/\",\"name\":\"Devenirea, \u00eentre Iad \u0219i Rai (Seniori) - Ovidiu Drago\u0219 Arge\u0219anu\",\"isPartOf\":{\"@id\":\"https:\/\/www.ovidiudragosargesanu.ro\/en\/#website\"},\"primaryImageOfPage\":{\"@id\":\"https:\/\/www.ovidiudragosargesanu.ro\/en\/shop\/seniori\/devenirea-intre-iad-si-rai-seniori\/#primaryimage\"},\"image\":{\"@id\":\"https:\/\/www.ovidiudragosargesanu.ro\/en\/shop\/seniori\/devenirea-intre-iad-si-rai-seniori\/#primaryimage\"},\"thumbnailUrl\":\"https:\/\/www.ovidiudragosargesanu.ro\/en\/wp-content\/uploads\/2018\/03\/41.png\",\"datePublished\":\"2024-11-16T15:52:18+00:00\",\"dateModified\":\"2024-11-16T15:52:47+00:00\",\"description\":\"\u201eDevenirea, \u00eentre Iad \u0219i Rai\u201d: un roman ini\u021biatic de o m\u0103iestrie rar\u0103, despre c\u0103l\u0103toria fascinant\u0103 spre transformarea spiritual\u0103\",\"breadcrumb\":{\"@id\":\"https:\/\/www.ovidiudragosargesanu.ro\/en\/shop\/seniori\/devenirea-intre-iad-si-rai-seniori\/#breadcrumb\"},\"inLanguage\":\"en-US\",\"potentialAction\":[{\"@type\":\"ReadAction\",\"target\":[\"https:\/\/www.ovidiudragosargesanu.ro\/en\/shop\/seniori\/devenirea-intre-iad-si-rai-seniori\/\"]}]},{\"@type\":\"ImageObject\",\"inLanguage\":\"en-US\",\"@id\":\"https:\/\/www.ovidiudragosargesanu.ro\/en\/shop\/seniori\/devenirea-intre-iad-si-rai-seniori\/#primaryimage\",\"url\":\"https:\/\/www.ovidiudragosargesanu.ro\/en\/wp-content\/uploads\/2018\/03\/41.png\",\"contentUrl\":\"https:\/\/www.ovidiudragosargesanu.ro\/en\/wp-content\/uploads\/2018\/03\/41.png\",\"width\":1000,\"height\":1000},{\"@type\":\"BreadcrumbList\",\"@id\":\"https:\/\/www.ovidiudragosargesanu.ro\/en\/shop\/seniori\/devenirea-intre-iad-si-rai-seniori\/#breadcrumb\",\"itemListElement\":[{\"@type\":\"ListItem\",\"position\":1,\"name\":\"Prima pagin\u0103\",\"item\":\"https:\/\/www.ovidiudragosargesanu.ro\/en\/\"},{\"@type\":\"ListItem\",\"position\":2,\"name\":\"Shop\",\"item\":\"https:\/\/www.ovidiudragosargesanu.ro\/en\/shop\/\"},{\"@type\":\"ListItem\",\"position\":3,\"name\":\"Devenirea, \u00eentre Iad \u0219i Rai (Seniori)\"}]},{\"@type\":\"WebSite\",\"@id\":\"https:\/\/www.ovidiudragosargesanu.ro\/en\/#website\",\"url\":\"https:\/\/www.ovidiudragosargesanu.ro\/en\/\",\"name\":\"Ovidiu Drago\u0219 Arge\u0219anu\",\"description\":\"\",\"publisher\":{\"@id\":\"https:\/\/www.ovidiudragosargesanu.ro\/en\/#organization\"},\"potentialAction\":[{\"@type\":\"SearchAction\",\"target\":{\"@type\":\"EntryPoint\",\"urlTemplate\":\"https:\/\/www.ovidiudragosargesanu.ro\/en\/?s={search_term_string}\"},\"query-input\":{\"@type\":\"PropertyValueSpecification\",\"valueRequired\":true,\"valueName\":\"search_term_string\"}}],\"inLanguage\":\"en-US\"},{\"@type\":\"Organization\",\"@id\":\"https:\/\/www.ovidiudragosargesanu.ro\/en\/#organization\",\"name\":\"Ovidiu Drago\u0219 Arge\u0219anu\",\"url\":\"https:\/\/www.ovidiudragosargesanu.ro\/en\/\",\"logo\":{\"@type\":\"ImageObject\",\"inLanguage\":\"en-US\",\"@id\":\"https:\/\/www.ovidiudragosargesanu.ro\/en\/#\/schema\/logo\/image\/\",\"url\":\"https:\/\/www.ovidiudragosargesanu.ro\/en\/wp-content\/uploads\/2018\/03\/dragos-logo-lotus-black-400.svg\",\"contentUrl\":\"https:\/\/www.ovidiudragosargesanu.ro\/en\/wp-content\/uploads\/2018\/03\/dragos-logo-lotus-black-400.svg\",\"width\":300,\"height\":150,\"caption\":\"Ovidiu Drago\u0219 Arge\u0219anu\"},\"image\":{\"@id\":\"https:\/\/www.ovidiudragosargesanu.ro\/en\/#\/schema\/logo\/image\/\"}}]}<\/script>\n<!-- \/ Yoast SEO plugin. -->","yoast_head_json":{"title":"Devenirea, \u00eentre Iad \u0219i Rai (Seniori) - Ovidiu Drago\u0219 Arge\u0219anu","description":"\u201eDevenirea, \u00eentre Iad \u0219i Rai\u201d: un roman ini\u021biatic de o m\u0103iestrie rar\u0103, despre c\u0103l\u0103toria fascinant\u0103 spre transformarea spiritual\u0103","robots":{"index":"noindex","follow":"follow","max-snippet":"max-snippet:-1","max-image-preview":"max-image-preview:large","max-video-preview":"max-video-preview:-1"},"og_locale":"en_US","og_type":"article","og_title":"Devenirea, \u00eentre Iad \u0219i Rai (Seniori) - Ovidiu Drago\u0219 Arge\u0219anu","og_description":"\u201eDevenirea, \u00eentre Iad \u0219i Rai\u201d: un roman ini\u021biatic de o m\u0103iestrie rar\u0103, despre c\u0103l\u0103toria fascinant\u0103 spre transformarea spiritual\u0103","og_url":"https:\/\/www.ovidiudragosargesanu.ro\/en\/shop\/seniori\/devenirea-intre-iad-si-rai-seniori\/","og_site_name":"Ovidiu Drago\u0219 Arge\u0219anu","article_modified_time":"2024-11-16T15:52:47+00:00","og_image":[{"width":1000,"height":1000,"url":"https:\/\/www.ovidiudragosargesanu.ro\/en\/wp-content\/uploads\/2018\/03\/41.png","type":"image\/png"}],"twitter_card":"summary_large_image","twitter_misc":{"Est. reading time":"2 minutes"},"schema":{"@context":"https:\/\/schema.org","@graph":[{"@type":"WebPage","@id":"https:\/\/www.ovidiudragosargesanu.ro\/en\/shop\/seniori\/devenirea-intre-iad-si-rai-seniori\/","url":"https:\/\/www.ovidiudragosargesanu.ro\/en\/shop\/seniori\/devenirea-intre-iad-si-rai-seniori\/","name":"Devenirea, \u00eentre Iad \u0219i Rai (Seniori) - Ovidiu Drago\u0219 Arge\u0219anu","isPartOf":{"@id":"https:\/\/www.ovidiudragosargesanu.ro\/en\/#website"},"primaryImageOfPage":{"@id":"https:\/\/www.ovidiudragosargesanu.ro\/en\/shop\/seniori\/devenirea-intre-iad-si-rai-seniori\/#primaryimage"},"image":{"@id":"https:\/\/www.ovidiudragosargesanu.ro\/en\/shop\/seniori\/devenirea-intre-iad-si-rai-seniori\/#primaryimage"},"thumbnailUrl":"https:\/\/www.ovidiudragosargesanu.ro\/en\/wp-content\/uploads\/2018\/03\/41.png","datePublished":"2024-11-16T15:52:18+00:00","dateModified":"2024-11-16T15:52:47+00:00","description":"\u201eDevenirea, \u00eentre Iad \u0219i Rai\u201d: un roman ini\u021biatic de o m\u0103iestrie rar\u0103, despre c\u0103l\u0103toria fascinant\u0103 spre transformarea spiritual\u0103","breadcrumb":{"@id":"https:\/\/www.ovidiudragosargesanu.ro\/en\/shop\/seniori\/devenirea-intre-iad-si-rai-seniori\/#breadcrumb"},"inLanguage":"en-US","potentialAction":[{"@type":"ReadAction","target":["https:\/\/www.ovidiudragosargesanu.ro\/en\/shop\/seniori\/devenirea-intre-iad-si-rai-seniori\/"]}]},{"@type":"ImageObject","inLanguage":"en-US","@id":"https:\/\/www.ovidiudragosargesanu.ro\/en\/shop\/seniori\/devenirea-intre-iad-si-rai-seniori\/#primaryimage","url":"https:\/\/www.ovidiudragosargesanu.ro\/en\/wp-content\/uploads\/2018\/03\/41.png","contentUrl":"https:\/\/www.ovidiudragosargesanu.ro\/en\/wp-content\/uploads\/2018\/03\/41.png","width":1000,"height":1000},{"@type":"BreadcrumbList","@id":"https:\/\/www.ovidiudragosargesanu.ro\/en\/shop\/seniori\/devenirea-intre-iad-si-rai-seniori\/#breadcrumb","itemListElement":[{"@type":"ListItem","position":1,"name":"Prima pagin\u0103","item":"https:\/\/www.ovidiudragosargesanu.ro\/en\/"},{"@type":"ListItem","position":2,"name":"Shop","item":"https:\/\/www.ovidiudragosargesanu.ro\/en\/shop\/"},{"@type":"ListItem","position":3,"name":"Devenirea, \u00eentre Iad \u0219i Rai (Seniori)"}]},{"@type":"WebSite","@id":"https:\/\/www.ovidiudragosargesanu.ro\/en\/#website","url":"https:\/\/www.ovidiudragosargesanu.ro\/en\/","name":"Ovidiu Drago\u0219 Arge\u0219anu","description":"","publisher":{"@id":"https:\/\/www.ovidiudragosargesanu.ro\/en\/#organization"},"potentialAction":[{"@type":"SearchAction","target":{"@type":"EntryPoint","urlTemplate":"https:\/\/www.ovidiudragosargesanu.ro\/en\/?s={search_term_string}"},"query-input":{"@type":"PropertyValueSpecification","valueRequired":true,"valueName":"search_term_string"}}],"inLanguage":"en-US"},{"@type":"Organization","@id":"https:\/\/www.ovidiudragosargesanu.ro\/en\/#organization","name":"Ovidiu Drago\u0219 Arge\u0219anu","url":"https:\/\/www.ovidiudragosargesanu.ro\/en\/","logo":{"@type":"ImageObject","inLanguage":"en-US","@id":"https:\/\/www.ovidiudragosargesanu.ro\/en\/#\/schema\/logo\/image\/","url":"https:\/\/www.ovidiudragosargesanu.ro\/en\/wp-content\/uploads\/2018\/03\/dragos-logo-lotus-black-400.svg","contentUrl":"https:\/\/www.ovidiudragosargesanu.ro\/en\/wp-content\/uploads\/2018\/03\/dragos-logo-lotus-black-400.svg","width":300,"height":150,"caption":"Ovidiu Drago\u0219 Arge\u0219anu"},"image":{"@id":"https:\/\/www.ovidiudragosargesanu.ro\/en\/#\/schema\/logo\/image\/"}}]}},"_links":{"self":[{"href":"https:\/\/www.ovidiudragosargesanu.ro\/en\/wp-json\/wp\/v2\/product\/26623","targetHints":{"allow":["GET"]}}],"collection":[{"href":"https:\/\/www.ovidiudragosargesanu.ro\/en\/wp-json\/wp\/v2\/product"}],"about":[{"href":"https:\/\/www.ovidiudragosargesanu.ro\/en\/wp-json\/wp\/v2\/types\/product"}],"version-history":[{"count":1,"href":"https:\/\/www.ovidiudragosargesanu.ro\/en\/wp-json\/wp\/v2\/product\/26623\/revisions"}],"predecessor-version":[{"id":26624,"href":"https:\/\/www.ovidiudragosargesanu.ro\/en\/wp-json\/wp\/v2\/product\/26623\/revisions\/26624"}],"wp:featuredmedia":[{"embeddable":true,"href":"https:\/\/www.ovidiudragosargesanu.ro\/en\/wp-json\/wp\/v2\/media\/4109"}],"wp:attachment":[{"href":"https:\/\/www.ovidiudragosargesanu.ro\/en\/wp-json\/wp\/v2\/media?parent=26623"}],"wp:term":[{"taxonomy":"product_brand","embeddable":true,"href":"https:\/\/www.ovidiudragosargesanu.ro\/en\/wp-json\/wp\/v2\/product_brand?post=26623"},{"taxonomy":"product_cat","embeddable":true,"href":"https:\/\/www.ovidiudragosargesanu.ro\/en\/wp-json\/wp\/v2\/product_cat?post=26623"},{"taxonomy":"product_tag","embeddable":true,"href":"https:\/\/www.ovidiudragosargesanu.ro\/en\/wp-json\/wp\/v2\/product_tag?post=26623"}],"curies":[{"name":"wp","href":"https:\/\/api.w.org\/{rel}","templated":true}]}}