{"id":26626,"date":"2024-11-16T17:53:33","date_gmt":"2024-11-16T15:53:33","guid":{"rendered":"https:\/\/www.ovidiudragosargesanu.ro\/?post_type=product&#038;p=26626"},"modified":"2024-11-16T17:53:57","modified_gmt":"2024-11-16T15:53:57","slug":"balchis-2000-parola-dumnezeu-seniori","status":"publish","type":"product","link":"https:\/\/www.ovidiudragosargesanu.ro\/en\/shop\/seniori\/balchis-2000-parola-dumnezeu-seniori\/","title":{"rendered":"Balchis 2000, parola &#8220;Dumnezeu&#8221; (Seniori)"},"content":{"rendered":"<p><span style=\"font-weight: 400;\">\u00a0\u201e<\/span><span style=\"font-weight: 400;\">Balchis 2000, Parola &#8216;DUMNEZEU&#8217;<\/span><span style=\"font-weight: 400;\">\u201d nu este doar o carte, este un manifest al <\/span><span style=\"font-weight: 400;\">c\u0103ut\u0103rii adev\u0103rului<\/span><span style=\"font-weight: 400;\">, o <\/span><span style=\"font-weight: 400;\">confesiune curajoas\u0103 <\/span><span style=\"font-weight: 400;\">\u0219i revelatoare a autorului, <\/span><span style=\"font-weight: 400;\">Dr. Ovidiu-Drago\u0219 Arge\u0219anu<\/span><span style=\"font-weight: 400;\">. Aceast\u0103 lucrare profund\u0103 deschide drumul cititorilor spre un univers \u00een care tradi\u021bia religioas\u0103 este pus\u0103 sub semnul \u00eentreb\u0103rii dar \u0219i explorat\u0103 totodat\u0103, cu o sinceritate rar\u0103.<\/span><\/p>\n<p><span style=\"font-weight: 400;\">Autorul \u00ee\u0219i \u00eemp\u0103rt\u0103\u0219e\u0219te propria <\/span><span style=\"font-weight: 400;\">c\u0103l\u0103torie spiritual\u0103 <\/span><span style=\"font-weight: 400;\">personal\u0103, oferind o perspectiv\u0103 unic\u0103 \u0219i \u00eendr\u0103znea\u021b\u0103. Prin intermediul pove\u0219tii sale, ne confrunt\u0103m cu \u00eentreb\u0103ri esen\u021biale despre <\/span><span style=\"font-weight: 400;\">credin\u021b\u0103<\/span><span style=\"font-weight: 400;\">, <\/span><span style=\"font-weight: 400;\">tradi\u021bie <\/span><span style=\"font-weight: 400;\">\u0219i <\/span><span style=\"font-weight: 400;\">eliberarea <\/span><span style=\"font-weight: 400;\">de <\/span><span style=\"font-weight: 400;\">dogme<\/span><span style=\"font-weight: 400;\">. Cartea provoac\u0103 la reflec\u021bie asupra propriului drum \u00een <\/span><span style=\"font-weight: 400;\">c\u0103utarea sensului <\/span><span style=\"font-weight: 400;\">\u0219i a <\/span><span style=\"font-weight: 400;\">rela\u021biei cu divinitatea.<\/span><\/p>\n<p><span style=\"font-weight: 400;\">\u00cen \u201e<\/span><span style=\"font-weight: 400;\">Balchis 2000, Parola &#8216;DUMNEZEU&#8217;<\/span><span style=\"font-weight: 400;\">\u201d, <\/span><span style=\"font-weight: 400;\">Dr. Ovidiu-Drago\u0219 Arge\u0219anu <\/span><span style=\"font-weight: 400;\">abordeaz\u0103 cu curaj \u0219i deschidere conflictele dintre credin\u021ba personal\u0103 \u0219i constr\u00e2ngerile impuse de Biserica tradi\u021bional\u0103. Lucrarea dezv\u0103luie adev\u0103ruri tulbur\u0103toare, dar necesare, despre confruntarea cu <\/span><span style=\"font-weight: 400;\">prejudec\u0103\u021bi<\/span><span style=\"font-weight: 400;\">le \u0219i descoperirea unei noi <\/span><span style=\"font-weight: 400;\">libert\u0103\u021bi spirituale<\/span><span style=\"font-weight: 400;\">.<\/span><\/p>\n<p><span style=\"font-weight: 400;\">Aceast\u0103 carte este mai mult dec\u00e2t o lectur\u0103; este un ghid care te invit\u0103 s\u0103 te \u00eentrebi, s\u0103 \u00eendr\u0103zne\u0219ti s\u0103 g\u00e2nde\u0219ti altfel, \u0219i s\u0103 \u00ee\u021bi redescoperi propria voce \u00een lumea credin\u021bei. Lectura c\u0103r\u021bii \u201e<\/span><span style=\"font-weight: 400;\">Balchis 2000, Parola &#8216;DUMNEZEU&#8217;<\/span><span style=\"font-weight: 400;\">\u201d te invit\u0103 s\u0103 te al\u0103turi \u00een aceast\u0103 c\u0103l\u0103torie captivant\u0103 \u0219i transforma\u021bional\u0103, spre descoperirea unui <\/span><span style=\"font-weight: 400;\">adev\u0103r <\/span><span style=\"font-weight: 400;\">mai profund \u0219i a unei <\/span><span style=\"font-weight: 400;\">eliber\u0103ri spirituale autentice<\/span><span style=\"font-weight: 400;\">.\u00a0<\/span><\/p>\n","protected":false},"excerpt":{"rendered":"\n<table id=\"tablepress-11\" class=\"tablepress tablepress-id-11\">\n<tbody class=\"row-striping row-hover\">\n<tr class=\"row-1\">\n\t<td class=\"column-1\">Editura<\/td><td class=\"column-2\"><b>PRO DAO<\/b><\/td>\n<\/tr>\n<tr class=\"row-2\">\n\t<td class=\"column-1\">Anul Public\u0103rii<\/td><td class=\"column-2\">2013<\/td>\n<\/tr>\n<tr class=\"row-3\">\n\t<td class=\"column-1\">Num\u0103r Pagini<\/td><td class=\"column-2\">224<\/td>\n<\/tr>\n<tr class=\"row-4\">\n\t<td class=\"column-1\">Cod produs - SKU<\/td><td class=\"column-2\">9786069341308<\/td>\n<\/tr>\n<\/tbody>\n<\/table>\n<!-- #tablepress-11 from cache -->\n","protected":false},"featured_media":4054,"template":"","meta":{"inline_featured_image":false},"product_brand":[],"product_cat":[795],"product_tag":[671,668,670,669],"class_list":{"0":"post-26626","1":"product","2":"type-product","3":"status-publish","4":"has-post-thumbnail","6":"product_cat-seniori","7":"product_tag-adevar","8":"product_tag-balchis-2000","9":"product_tag-confesiune","10":"product_tag-parola-dumnezeu","12":"first","13":"instock","14":"sale","15":"taxable","16":"shipping-taxable","17":"purchasable","18":"product-type-simple"},"yoast_head":"<!-- This site is optimized with the Yoast SEO plugin v26.9 - https:\/\/yoast.com\/product\/yoast-seo-wordpress\/ -->\n<title>Balchis 2000, parola &quot;Dumnezeu&quot; (Seniori) - Ovidiu Drago\u0219 Arge\u0219anu<\/title>\n<meta name=\"description\" content=\"Balchis 2000, Parola &#039;DUMNEZEU&#039;: O lectur\u0103 ce deschide drumul unei c\u0103l\u0103torii autentice spre credin\u021b\u0103 \u0219i eliberare spiritual\u0103.\" \/>\n<meta name=\"robots\" content=\"noindex, follow, max-snippet:-1, max-image-preview:large, max-video-preview:-1\" \/>\n<meta property=\"og:locale\" content=\"en_US\" \/>\n<meta property=\"og:type\" content=\"article\" \/>\n<meta property=\"og:title\" content=\"Balchis 2000, parola &quot;Dumnezeu&quot; (Seniori) - Ovidiu Drago\u0219 Arge\u0219anu\" \/>\n<meta property=\"og:description\" content=\"Balchis 2000, Parola &#039;DUMNEZEU&#039;: O lectur\u0103 ce deschide drumul unei c\u0103l\u0103torii autentice spre credin\u021b\u0103 \u0219i eliberare spiritual\u0103.\" \/>\n<meta property=\"og:url\" content=\"https:\/\/www.ovidiudragosargesanu.ro\/en\/shop\/seniori\/balchis-2000-parola-dumnezeu-seniori\/\" \/>\n<meta property=\"og:site_name\" content=\"Ovidiu Drago\u0219 Arge\u0219anu\" \/>\n<meta property=\"article:modified_time\" content=\"2024-11-16T15:53:57+00:00\" \/>\n<meta property=\"og:image\" content=\"https:\/\/www.ovidiudragosargesanu.ro\/en\/wp-content\/uploads\/2018\/03\/22.png\" \/>\n\t<meta property=\"og:image:width\" content=\"1000\" \/>\n\t<meta property=\"og:image:height\" content=\"1000\" \/>\n\t<meta property=\"og:image:type\" content=\"image\/png\" \/>\n<meta name=\"twitter:card\" content=\"summary_large_image\" \/>\n<meta name=\"twitter:label1\" content=\"Est. reading time\" \/>\n\t<meta name=\"twitter:data1\" content=\"2 minutes\" \/>\n<script type=\"application\/ld+json\" class=\"yoast-schema-graph\">{\"@context\":\"https:\/\/schema.org\",\"@graph\":[{\"@type\":\"WebPage\",\"@id\":\"https:\/\/www.ovidiudragosargesanu.ro\/en\/shop\/seniori\/balchis-2000-parola-dumnezeu-seniori\/\",\"url\":\"https:\/\/www.ovidiudragosargesanu.ro\/en\/shop\/seniori\/balchis-2000-parola-dumnezeu-seniori\/\",\"name\":\"Balchis 2000, parola \\\"Dumnezeu\\\" (Seniori) - Ovidiu Drago\u0219 Arge\u0219anu\",\"isPartOf\":{\"@id\":\"https:\/\/www.ovidiudragosargesanu.ro\/en\/#website\"},\"primaryImageOfPage\":{\"@id\":\"https:\/\/www.ovidiudragosargesanu.ro\/en\/shop\/seniori\/balchis-2000-parola-dumnezeu-seniori\/#primaryimage\"},\"image\":{\"@id\":\"https:\/\/www.ovidiudragosargesanu.ro\/en\/shop\/seniori\/balchis-2000-parola-dumnezeu-seniori\/#primaryimage\"},\"thumbnailUrl\":\"https:\/\/www.ovidiudragosargesanu.ro\/en\/wp-content\/uploads\/2018\/03\/22.png\",\"datePublished\":\"2024-11-16T15:53:33+00:00\",\"dateModified\":\"2024-11-16T15:53:57+00:00\",\"description\":\"Balchis 2000, Parola 'DUMNEZEU': O lectur\u0103 ce deschide drumul unei c\u0103l\u0103torii autentice spre credin\u021b\u0103 \u0219i eliberare spiritual\u0103.\",\"breadcrumb\":{\"@id\":\"https:\/\/www.ovidiudragosargesanu.ro\/en\/shop\/seniori\/balchis-2000-parola-dumnezeu-seniori\/#breadcrumb\"},\"inLanguage\":\"en-US\",\"potentialAction\":[{\"@type\":\"ReadAction\",\"target\":[\"https:\/\/www.ovidiudragosargesanu.ro\/en\/shop\/seniori\/balchis-2000-parola-dumnezeu-seniori\/\"]}]},{\"@type\":\"ImageObject\",\"inLanguage\":\"en-US\",\"@id\":\"https:\/\/www.ovidiudragosargesanu.ro\/en\/shop\/seniori\/balchis-2000-parola-dumnezeu-seniori\/#primaryimage\",\"url\":\"https:\/\/www.ovidiudragosargesanu.ro\/en\/wp-content\/uploads\/2018\/03\/22.png\",\"contentUrl\":\"https:\/\/www.ovidiudragosargesanu.ro\/en\/wp-content\/uploads\/2018\/03\/22.png\",\"width\":1000,\"height\":1000},{\"@type\":\"BreadcrumbList\",\"@id\":\"https:\/\/www.ovidiudragosargesanu.ro\/en\/shop\/seniori\/balchis-2000-parola-dumnezeu-seniori\/#breadcrumb\",\"itemListElement\":[{\"@type\":\"ListItem\",\"position\":1,\"name\":\"Prima pagin\u0103\",\"item\":\"https:\/\/www.ovidiudragosargesanu.ro\/en\/\"},{\"@type\":\"ListItem\",\"position\":2,\"name\":\"Shop\",\"item\":\"https:\/\/www.ovidiudragosargesanu.ro\/en\/shop\/\"},{\"@type\":\"ListItem\",\"position\":3,\"name\":\"Balchis 2000, parola &#8220;Dumnezeu&#8221; (Seniori)\"}]},{\"@type\":\"WebSite\",\"@id\":\"https:\/\/www.ovidiudragosargesanu.ro\/en\/#website\",\"url\":\"https:\/\/www.ovidiudragosargesanu.ro\/en\/\",\"name\":\"Ovidiu Drago\u0219 Arge\u0219anu\",\"description\":\"\",\"publisher\":{\"@id\":\"https:\/\/www.ovidiudragosargesanu.ro\/en\/#organization\"},\"potentialAction\":[{\"@type\":\"SearchAction\",\"target\":{\"@type\":\"EntryPoint\",\"urlTemplate\":\"https:\/\/www.ovidiudragosargesanu.ro\/en\/?s={search_term_string}\"},\"query-input\":{\"@type\":\"PropertyValueSpecification\",\"valueRequired\":true,\"valueName\":\"search_term_string\"}}],\"inLanguage\":\"en-US\"},{\"@type\":\"Organization\",\"@id\":\"https:\/\/www.ovidiudragosargesanu.ro\/en\/#organization\",\"name\":\"Ovidiu Drago\u0219 Arge\u0219anu\",\"url\":\"https:\/\/www.ovidiudragosargesanu.ro\/en\/\",\"logo\":{\"@type\":\"ImageObject\",\"inLanguage\":\"en-US\",\"@id\":\"https:\/\/www.ovidiudragosargesanu.ro\/en\/#\/schema\/logo\/image\/\",\"url\":\"https:\/\/www.ovidiudragosargesanu.ro\/en\/wp-content\/uploads\/2018\/03\/dragos-logo-lotus-black-400.svg\",\"contentUrl\":\"https:\/\/www.ovidiudragosargesanu.ro\/en\/wp-content\/uploads\/2018\/03\/dragos-logo-lotus-black-400.svg\",\"width\":300,\"height\":150,\"caption\":\"Ovidiu Drago\u0219 Arge\u0219anu\"},\"image\":{\"@id\":\"https:\/\/www.ovidiudragosargesanu.ro\/en\/#\/schema\/logo\/image\/\"}}]}<\/script>\n<!-- \/ Yoast SEO plugin. -->","yoast_head_json":{"title":"Balchis 2000, parola \"Dumnezeu\" (Seniori) - Ovidiu Drago\u0219 Arge\u0219anu","description":"Balchis 2000, Parola 'DUMNEZEU': O lectur\u0103 ce deschide drumul unei c\u0103l\u0103torii autentice spre credin\u021b\u0103 \u0219i eliberare spiritual\u0103.","robots":{"index":"noindex","follow":"follow","max-snippet":"max-snippet:-1","max-image-preview":"max-image-preview:large","max-video-preview":"max-video-preview:-1"},"og_locale":"en_US","og_type":"article","og_title":"Balchis 2000, parola \"Dumnezeu\" (Seniori) - Ovidiu Drago\u0219 Arge\u0219anu","og_description":"Balchis 2000, Parola 'DUMNEZEU': O lectur\u0103 ce deschide drumul unei c\u0103l\u0103torii autentice spre credin\u021b\u0103 \u0219i eliberare spiritual\u0103.","og_url":"https:\/\/www.ovidiudragosargesanu.ro\/en\/shop\/seniori\/balchis-2000-parola-dumnezeu-seniori\/","og_site_name":"Ovidiu Drago\u0219 Arge\u0219anu","article_modified_time":"2024-11-16T15:53:57+00:00","og_image":[{"width":1000,"height":1000,"url":"https:\/\/www.ovidiudragosargesanu.ro\/en\/wp-content\/uploads\/2018\/03\/22.png","type":"image\/png"}],"twitter_card":"summary_large_image","twitter_misc":{"Est. reading time":"2 minutes"},"schema":{"@context":"https:\/\/schema.org","@graph":[{"@type":"WebPage","@id":"https:\/\/www.ovidiudragosargesanu.ro\/en\/shop\/seniori\/balchis-2000-parola-dumnezeu-seniori\/","url":"https:\/\/www.ovidiudragosargesanu.ro\/en\/shop\/seniori\/balchis-2000-parola-dumnezeu-seniori\/","name":"Balchis 2000, parola \"Dumnezeu\" (Seniori) - Ovidiu Drago\u0219 Arge\u0219anu","isPartOf":{"@id":"https:\/\/www.ovidiudragosargesanu.ro\/en\/#website"},"primaryImageOfPage":{"@id":"https:\/\/www.ovidiudragosargesanu.ro\/en\/shop\/seniori\/balchis-2000-parola-dumnezeu-seniori\/#primaryimage"},"image":{"@id":"https:\/\/www.ovidiudragosargesanu.ro\/en\/shop\/seniori\/balchis-2000-parola-dumnezeu-seniori\/#primaryimage"},"thumbnailUrl":"https:\/\/www.ovidiudragosargesanu.ro\/en\/wp-content\/uploads\/2018\/03\/22.png","datePublished":"2024-11-16T15:53:33+00:00","dateModified":"2024-11-16T15:53:57+00:00","description":"Balchis 2000, Parola 'DUMNEZEU': O lectur\u0103 ce deschide drumul unei c\u0103l\u0103torii autentice spre credin\u021b\u0103 \u0219i eliberare spiritual\u0103.","breadcrumb":{"@id":"https:\/\/www.ovidiudragosargesanu.ro\/en\/shop\/seniori\/balchis-2000-parola-dumnezeu-seniori\/#breadcrumb"},"inLanguage":"en-US","potentialAction":[{"@type":"ReadAction","target":["https:\/\/www.ovidiudragosargesanu.ro\/en\/shop\/seniori\/balchis-2000-parola-dumnezeu-seniori\/"]}]},{"@type":"ImageObject","inLanguage":"en-US","@id":"https:\/\/www.ovidiudragosargesanu.ro\/en\/shop\/seniori\/balchis-2000-parola-dumnezeu-seniori\/#primaryimage","url":"https:\/\/www.ovidiudragosargesanu.ro\/en\/wp-content\/uploads\/2018\/03\/22.png","contentUrl":"https:\/\/www.ovidiudragosargesanu.ro\/en\/wp-content\/uploads\/2018\/03\/22.png","width":1000,"height":1000},{"@type":"BreadcrumbList","@id":"https:\/\/www.ovidiudragosargesanu.ro\/en\/shop\/seniori\/balchis-2000-parola-dumnezeu-seniori\/#breadcrumb","itemListElement":[{"@type":"ListItem","position":1,"name":"Prima pagin\u0103","item":"https:\/\/www.ovidiudragosargesanu.ro\/en\/"},{"@type":"ListItem","position":2,"name":"Shop","item":"https:\/\/www.ovidiudragosargesanu.ro\/en\/shop\/"},{"@type":"ListItem","position":3,"name":"Balchis 2000, parola &#8220;Dumnezeu&#8221; (Seniori)"}]},{"@type":"WebSite","@id":"https:\/\/www.ovidiudragosargesanu.ro\/en\/#website","url":"https:\/\/www.ovidiudragosargesanu.ro\/en\/","name":"Ovidiu Drago\u0219 Arge\u0219anu","description":"","publisher":{"@id":"https:\/\/www.ovidiudragosargesanu.ro\/en\/#organization"},"potentialAction":[{"@type":"SearchAction","target":{"@type":"EntryPoint","urlTemplate":"https:\/\/www.ovidiudragosargesanu.ro\/en\/?s={search_term_string}"},"query-input":{"@type":"PropertyValueSpecification","valueRequired":true,"valueName":"search_term_string"}}],"inLanguage":"en-US"},{"@type":"Organization","@id":"https:\/\/www.ovidiudragosargesanu.ro\/en\/#organization","name":"Ovidiu Drago\u0219 Arge\u0219anu","url":"https:\/\/www.ovidiudragosargesanu.ro\/en\/","logo":{"@type":"ImageObject","inLanguage":"en-US","@id":"https:\/\/www.ovidiudragosargesanu.ro\/en\/#\/schema\/logo\/image\/","url":"https:\/\/www.ovidiudragosargesanu.ro\/en\/wp-content\/uploads\/2018\/03\/dragos-logo-lotus-black-400.svg","contentUrl":"https:\/\/www.ovidiudragosargesanu.ro\/en\/wp-content\/uploads\/2018\/03\/dragos-logo-lotus-black-400.svg","width":300,"height":150,"caption":"Ovidiu Drago\u0219 Arge\u0219anu"},"image":{"@id":"https:\/\/www.ovidiudragosargesanu.ro\/en\/#\/schema\/logo\/image\/"}}]}},"_links":{"self":[{"href":"https:\/\/www.ovidiudragosargesanu.ro\/en\/wp-json\/wp\/v2\/product\/26626","targetHints":{"allow":["GET"]}}],"collection":[{"href":"https:\/\/www.ovidiudragosargesanu.ro\/en\/wp-json\/wp\/v2\/product"}],"about":[{"href":"https:\/\/www.ovidiudragosargesanu.ro\/en\/wp-json\/wp\/v2\/types\/product"}],"version-history":[{"count":1,"href":"https:\/\/www.ovidiudragosargesanu.ro\/en\/wp-json\/wp\/v2\/product\/26626\/revisions"}],"predecessor-version":[{"id":26627,"href":"https:\/\/www.ovidiudragosargesanu.ro\/en\/wp-json\/wp\/v2\/product\/26626\/revisions\/26627"}],"wp:featuredmedia":[{"embeddable":true,"href":"https:\/\/www.ovidiudragosargesanu.ro\/en\/wp-json\/wp\/v2\/media\/4054"}],"wp:attachment":[{"href":"https:\/\/www.ovidiudragosargesanu.ro\/en\/wp-json\/wp\/v2\/media?parent=26626"}],"wp:term":[{"taxonomy":"product_brand","embeddable":true,"href":"https:\/\/www.ovidiudragosargesanu.ro\/en\/wp-json\/wp\/v2\/product_brand?post=26626"},{"taxonomy":"product_cat","embeddable":true,"href":"https:\/\/www.ovidiudragosargesanu.ro\/en\/wp-json\/wp\/v2\/product_cat?post=26626"},{"taxonomy":"product_tag","embeddable":true,"href":"https:\/\/www.ovidiudragosargesanu.ro\/en\/wp-json\/wp\/v2\/product_tag?post=26626"}],"curies":[{"name":"wp","href":"https:\/\/api.w.org\/{rel}","templated":true}]}}