{"id":26643,"date":"2024-11-16T18:07:19","date_gmt":"2024-11-16T16:07:19","guid":{"rendered":"https:\/\/www.ovidiudragosargesanu.ro\/?post_type=product&#038;p=26643"},"modified":"2025-04-24T10:00:18","modified_gmt":"2025-04-24T07:00:18","slug":"reiki-intre-mit-si-realitate-seniori","status":"publish","type":"product","link":"https:\/\/www.ovidiudragosargesanu.ro\/en\/shop\/seniori\/reiki-intre-mit-si-realitate-seniori\/","title":{"rendered":"Reiki \u00eentre mit \u0219i realitate (Seniori)"},"content":{"rendered":"<p><span style=\"font-weight: 400;\">Dr. Ovidiu-Drago\u0219 Arge\u0219anu ofer\u0103 \u00een cartea \u201eReiki. \u00centre mit \u0219i realitate&#8221; sfaturi practice, bazate pe cazuri reale, aduc\u00e2nd totodat\u0103 c\u00e2teva clarific\u0103ri despre practica Reiki.\u00a0<\/span><\/p>\n<p><span style=\"font-weight: 400;\">Aceast\u0103 lectur\u0103 este destinat\u0103 s\u0103 fie un ajutor valoros pentru to\u021bi practican\u021bii Reiki, indiferent de nivelul lor de experien\u021b\u0103. Ea faciliteaz\u0103 o \u00een\u021belegere profund\u0103 a acestei terapii intuitive, pun\u00e2nd accent pe importan\u021ba experien\u021bei personale \u0219i invit\u00e2nd cititorii s\u0103 exploreze poten\u021bialul terapeutic al Reiki.<\/span><\/p>\n<p><span style=\"font-weight: 400;\">\u201eReiki. \u00centre mit \u0219i realitate&#8221; nu se limiteaz\u0103 doar la a oferi sfaturi practice, ci dezv\u0103luie \u0219i aspecte mai pu\u021bin cunoscute ale acestei arte terapeutice. Autorul subliniaz\u0103 \u00een aceast\u0103 carte importan\u021ba experien\u021bei personale \u00een practica Reiki \u0219i \u00eencurajeaz\u0103 cititorii s\u0103 descopere singuri poten\u021bialul acestei metode de terapie spre vindecare.<\/span><\/p>\n<p><span style=\"font-weight: 400;\">Acest volum reprezint\u0103 un ghid esen\u021bial pentru oricine dore\u0219te s\u0103 ob\u021bin\u0103 o \u00een\u021belegere autentic\u0103 \u0219i aprofundat\u0103 a terapiei Reiki. Fie c\u0103 e\u0219ti la \u00eenceputul drumului \u00een Reiki sau un practicant avansat, \u201eReiki. \u00centre mit \u0219i realitate&#8221; \u00ee\u021bi va deschide noi perspective asupra acestei terapii \u0219i te va ghida \u00een explorarea profund\u0103 a poten\u021bialului s\u0103u terapeutic.<\/span><\/p>\n","protected":false},"excerpt":{"rendered":"\n<table id=\"tablepress-2\" class=\"tablepress tablepress-id-2\">\n<tbody class=\"row-striping row-hover\">\n<tr class=\"row-1\">\n\t<td class=\"column-1\">Editura<\/td><td class=\"column-2\"><b>PRO DAO<\/b><\/td>\n<\/tr>\n<tr class=\"row-2\">\n\t<td class=\"column-1\">Anul Public\u0103rii<\/td><td class=\"column-2\">2012<\/td>\n<\/tr>\n<tr class=\"row-3\">\n\t<td class=\"column-1\">Num\u0103r Pagini<\/td><td class=\"column-2\">224<\/td>\n<\/tr>\n<tr class=\"row-4\">\n\t<td class=\"column-1\">Cod produs - SKU<\/td><td class=\"column-2\">9786069299760<\/td>\n<\/tr>\n<\/tbody>\n<\/table>\n<!-- #tablepress-2 from cache -->\n","protected":false},"featured_media":4162,"template":"","meta":{"inline_featured_image":false},"product_brand":[],"product_cat":[795],"product_tag":[673],"class_list":{"0":"post-26643","1":"product","2":"type-product","3":"status-publish","4":"has-post-thumbnail","6":"product_cat-seniori","7":"product_tag-reiki","9":"first","10":"instock","11":"sale","12":"taxable","13":"shipping-taxable","14":"purchasable","15":"product-type-simple"},"yoast_head":"<!-- This site is optimized with the Yoast SEO plugin v26.9 - https:\/\/yoast.com\/product\/yoast-seo-wordpress\/ -->\n<title>Reiki \u00eentre mit \u0219i realitate (Seniori) - Ovidiu Drago\u0219 Arge\u0219anu<\/title>\n<meta name=\"description\" content=\"P\u0103trunde \u00een universul terapiei Reiki cu prilejul lecturii\u201eReiki. \u00centre mit \u0219i realitate&quot;, un ghid esen\u021bial \u0219i accesibil pentru\" \/>\n<meta name=\"robots\" content=\"noindex, follow, max-snippet:-1, max-image-preview:large, max-video-preview:-1\" \/>\n<meta property=\"og:locale\" content=\"en_US\" \/>\n<meta property=\"og:type\" content=\"article\" \/>\n<meta property=\"og:title\" content=\"Reiki \u00eentre mit \u0219i realitate (Seniori) - Ovidiu Drago\u0219 Arge\u0219anu\" \/>\n<meta property=\"og:description\" content=\"P\u0103trunde \u00een universul terapiei Reiki cu prilejul lecturii\u201eReiki. \u00centre mit \u0219i realitate&quot;, un ghid esen\u021bial \u0219i accesibil pentru\" \/>\n<meta property=\"og:url\" content=\"https:\/\/www.ovidiudragosargesanu.ro\/en\/shop\/seniori\/reiki-intre-mit-si-realitate-seniori\/\" \/>\n<meta property=\"og:site_name\" content=\"Ovidiu Drago\u0219 Arge\u0219anu\" \/>\n<meta property=\"article:modified_time\" content=\"2025-04-24T07:00:18+00:00\" \/>\n<meta property=\"og:image\" content=\"https:\/\/www.ovidiudragosargesanu.ro\/en\/wp-content\/uploads\/2018\/03\/63.png\" \/>\n\t<meta property=\"og:image:width\" content=\"1000\" \/>\n\t<meta property=\"og:image:height\" content=\"1000\" \/>\n\t<meta property=\"og:image:type\" content=\"image\/png\" \/>\n<meta name=\"twitter:card\" content=\"summary_large_image\" \/>\n<meta name=\"twitter:label1\" content=\"Est. reading time\" \/>\n\t<meta name=\"twitter:data1\" content=\"2 minutes\" \/>\n<script type=\"application\/ld+json\" class=\"yoast-schema-graph\">{\"@context\":\"https:\/\/schema.org\",\"@graph\":[{\"@type\":\"WebPage\",\"@id\":\"https:\/\/www.ovidiudragosargesanu.ro\/en\/shop\/seniori\/reiki-intre-mit-si-realitate-seniori\/\",\"url\":\"https:\/\/www.ovidiudragosargesanu.ro\/en\/shop\/seniori\/reiki-intre-mit-si-realitate-seniori\/\",\"name\":\"Reiki \u00eentre mit \u0219i realitate (Seniori) - Ovidiu Drago\u0219 Arge\u0219anu\",\"isPartOf\":{\"@id\":\"https:\/\/www.ovidiudragosargesanu.ro\/en\/#website\"},\"primaryImageOfPage\":{\"@id\":\"https:\/\/www.ovidiudragosargesanu.ro\/en\/shop\/seniori\/reiki-intre-mit-si-realitate-seniori\/#primaryimage\"},\"image\":{\"@id\":\"https:\/\/www.ovidiudragosargesanu.ro\/en\/shop\/seniori\/reiki-intre-mit-si-realitate-seniori\/#primaryimage\"},\"thumbnailUrl\":\"https:\/\/www.ovidiudragosargesanu.ro\/en\/wp-content\/uploads\/2018\/03\/63.png\",\"datePublished\":\"2024-11-16T16:07:19+00:00\",\"dateModified\":\"2025-04-24T07:00:18+00:00\",\"description\":\"P\u0103trunde \u00een universul terapiei Reiki cu prilejul lecturii\u201eReiki. \u00centre mit \u0219i realitate\\\", un ghid esen\u021bial \u0219i accesibil pentru\",\"breadcrumb\":{\"@id\":\"https:\/\/www.ovidiudragosargesanu.ro\/en\/shop\/seniori\/reiki-intre-mit-si-realitate-seniori\/#breadcrumb\"},\"inLanguage\":\"en-US\",\"potentialAction\":[{\"@type\":\"ReadAction\",\"target\":[\"https:\/\/www.ovidiudragosargesanu.ro\/en\/shop\/seniori\/reiki-intre-mit-si-realitate-seniori\/\"]}]},{\"@type\":\"ImageObject\",\"inLanguage\":\"en-US\",\"@id\":\"https:\/\/www.ovidiudragosargesanu.ro\/en\/shop\/seniori\/reiki-intre-mit-si-realitate-seniori\/#primaryimage\",\"url\":\"https:\/\/www.ovidiudragosargesanu.ro\/en\/wp-content\/uploads\/2018\/03\/63.png\",\"contentUrl\":\"https:\/\/www.ovidiudragosargesanu.ro\/en\/wp-content\/uploads\/2018\/03\/63.png\",\"width\":1000,\"height\":1000},{\"@type\":\"BreadcrumbList\",\"@id\":\"https:\/\/www.ovidiudragosargesanu.ro\/en\/shop\/seniori\/reiki-intre-mit-si-realitate-seniori\/#breadcrumb\",\"itemListElement\":[{\"@type\":\"ListItem\",\"position\":1,\"name\":\"Prima pagin\u0103\",\"item\":\"https:\/\/www.ovidiudragosargesanu.ro\/en\/\"},{\"@type\":\"ListItem\",\"position\":2,\"name\":\"Shop\",\"item\":\"https:\/\/www.ovidiudragosargesanu.ro\/en\/shop\/\"},{\"@type\":\"ListItem\",\"position\":3,\"name\":\"Reiki \u00eentre mit \u0219i realitate (Seniori)\"}]},{\"@type\":\"WebSite\",\"@id\":\"https:\/\/www.ovidiudragosargesanu.ro\/en\/#website\",\"url\":\"https:\/\/www.ovidiudragosargesanu.ro\/en\/\",\"name\":\"Ovidiu Drago\u0219 Arge\u0219anu\",\"description\":\"\",\"publisher\":{\"@id\":\"https:\/\/www.ovidiudragosargesanu.ro\/en\/#organization\"},\"potentialAction\":[{\"@type\":\"SearchAction\",\"target\":{\"@type\":\"EntryPoint\",\"urlTemplate\":\"https:\/\/www.ovidiudragosargesanu.ro\/en\/?s={search_term_string}\"},\"query-input\":{\"@type\":\"PropertyValueSpecification\",\"valueRequired\":true,\"valueName\":\"search_term_string\"}}],\"inLanguage\":\"en-US\"},{\"@type\":\"Organization\",\"@id\":\"https:\/\/www.ovidiudragosargesanu.ro\/en\/#organization\",\"name\":\"Ovidiu Drago\u0219 Arge\u0219anu\",\"url\":\"https:\/\/www.ovidiudragosargesanu.ro\/en\/\",\"logo\":{\"@type\":\"ImageObject\",\"inLanguage\":\"en-US\",\"@id\":\"https:\/\/www.ovidiudragosargesanu.ro\/en\/#\/schema\/logo\/image\/\",\"url\":\"https:\/\/www.ovidiudragosargesanu.ro\/en\/wp-content\/uploads\/2018\/03\/dragos-logo-lotus-black-400.svg\",\"contentUrl\":\"https:\/\/www.ovidiudragosargesanu.ro\/en\/wp-content\/uploads\/2018\/03\/dragos-logo-lotus-black-400.svg\",\"width\":300,\"height\":150,\"caption\":\"Ovidiu Drago\u0219 Arge\u0219anu\"},\"image\":{\"@id\":\"https:\/\/www.ovidiudragosargesanu.ro\/en\/#\/schema\/logo\/image\/\"}}]}<\/script>\n<!-- \/ Yoast SEO plugin. -->","yoast_head_json":{"title":"Reiki \u00eentre mit \u0219i realitate (Seniori) - Ovidiu Drago\u0219 Arge\u0219anu","description":"P\u0103trunde \u00een universul terapiei Reiki cu prilejul lecturii\u201eReiki. \u00centre mit \u0219i realitate\", un ghid esen\u021bial \u0219i accesibil pentru","robots":{"index":"noindex","follow":"follow","max-snippet":"max-snippet:-1","max-image-preview":"max-image-preview:large","max-video-preview":"max-video-preview:-1"},"og_locale":"en_US","og_type":"article","og_title":"Reiki \u00eentre mit \u0219i realitate (Seniori) - Ovidiu Drago\u0219 Arge\u0219anu","og_description":"P\u0103trunde \u00een universul terapiei Reiki cu prilejul lecturii\u201eReiki. \u00centre mit \u0219i realitate\", un ghid esen\u021bial \u0219i accesibil pentru","og_url":"https:\/\/www.ovidiudragosargesanu.ro\/en\/shop\/seniori\/reiki-intre-mit-si-realitate-seniori\/","og_site_name":"Ovidiu Drago\u0219 Arge\u0219anu","article_modified_time":"2025-04-24T07:00:18+00:00","og_image":[{"width":1000,"height":1000,"url":"https:\/\/www.ovidiudragosargesanu.ro\/en\/wp-content\/uploads\/2018\/03\/63.png","type":"image\/png"}],"twitter_card":"summary_large_image","twitter_misc":{"Est. reading time":"2 minutes"},"schema":{"@context":"https:\/\/schema.org","@graph":[{"@type":"WebPage","@id":"https:\/\/www.ovidiudragosargesanu.ro\/en\/shop\/seniori\/reiki-intre-mit-si-realitate-seniori\/","url":"https:\/\/www.ovidiudragosargesanu.ro\/en\/shop\/seniori\/reiki-intre-mit-si-realitate-seniori\/","name":"Reiki \u00eentre mit \u0219i realitate (Seniori) - Ovidiu Drago\u0219 Arge\u0219anu","isPartOf":{"@id":"https:\/\/www.ovidiudragosargesanu.ro\/en\/#website"},"primaryImageOfPage":{"@id":"https:\/\/www.ovidiudragosargesanu.ro\/en\/shop\/seniori\/reiki-intre-mit-si-realitate-seniori\/#primaryimage"},"image":{"@id":"https:\/\/www.ovidiudragosargesanu.ro\/en\/shop\/seniori\/reiki-intre-mit-si-realitate-seniori\/#primaryimage"},"thumbnailUrl":"https:\/\/www.ovidiudragosargesanu.ro\/en\/wp-content\/uploads\/2018\/03\/63.png","datePublished":"2024-11-16T16:07:19+00:00","dateModified":"2025-04-24T07:00:18+00:00","description":"P\u0103trunde \u00een universul terapiei Reiki cu prilejul lecturii\u201eReiki. \u00centre mit \u0219i realitate\", un ghid esen\u021bial \u0219i accesibil pentru","breadcrumb":{"@id":"https:\/\/www.ovidiudragosargesanu.ro\/en\/shop\/seniori\/reiki-intre-mit-si-realitate-seniori\/#breadcrumb"},"inLanguage":"en-US","potentialAction":[{"@type":"ReadAction","target":["https:\/\/www.ovidiudragosargesanu.ro\/en\/shop\/seniori\/reiki-intre-mit-si-realitate-seniori\/"]}]},{"@type":"ImageObject","inLanguage":"en-US","@id":"https:\/\/www.ovidiudragosargesanu.ro\/en\/shop\/seniori\/reiki-intre-mit-si-realitate-seniori\/#primaryimage","url":"https:\/\/www.ovidiudragosargesanu.ro\/en\/wp-content\/uploads\/2018\/03\/63.png","contentUrl":"https:\/\/www.ovidiudragosargesanu.ro\/en\/wp-content\/uploads\/2018\/03\/63.png","width":1000,"height":1000},{"@type":"BreadcrumbList","@id":"https:\/\/www.ovidiudragosargesanu.ro\/en\/shop\/seniori\/reiki-intre-mit-si-realitate-seniori\/#breadcrumb","itemListElement":[{"@type":"ListItem","position":1,"name":"Prima pagin\u0103","item":"https:\/\/www.ovidiudragosargesanu.ro\/en\/"},{"@type":"ListItem","position":2,"name":"Shop","item":"https:\/\/www.ovidiudragosargesanu.ro\/en\/shop\/"},{"@type":"ListItem","position":3,"name":"Reiki \u00eentre mit \u0219i realitate (Seniori)"}]},{"@type":"WebSite","@id":"https:\/\/www.ovidiudragosargesanu.ro\/en\/#website","url":"https:\/\/www.ovidiudragosargesanu.ro\/en\/","name":"Ovidiu Drago\u0219 Arge\u0219anu","description":"","publisher":{"@id":"https:\/\/www.ovidiudragosargesanu.ro\/en\/#organization"},"potentialAction":[{"@type":"SearchAction","target":{"@type":"EntryPoint","urlTemplate":"https:\/\/www.ovidiudragosargesanu.ro\/en\/?s={search_term_string}"},"query-input":{"@type":"PropertyValueSpecification","valueRequired":true,"valueName":"search_term_string"}}],"inLanguage":"en-US"},{"@type":"Organization","@id":"https:\/\/www.ovidiudragosargesanu.ro\/en\/#organization","name":"Ovidiu Drago\u0219 Arge\u0219anu","url":"https:\/\/www.ovidiudragosargesanu.ro\/en\/","logo":{"@type":"ImageObject","inLanguage":"en-US","@id":"https:\/\/www.ovidiudragosargesanu.ro\/en\/#\/schema\/logo\/image\/","url":"https:\/\/www.ovidiudragosargesanu.ro\/en\/wp-content\/uploads\/2018\/03\/dragos-logo-lotus-black-400.svg","contentUrl":"https:\/\/www.ovidiudragosargesanu.ro\/en\/wp-content\/uploads\/2018\/03\/dragos-logo-lotus-black-400.svg","width":300,"height":150,"caption":"Ovidiu Drago\u0219 Arge\u0219anu"},"image":{"@id":"https:\/\/www.ovidiudragosargesanu.ro\/en\/#\/schema\/logo\/image\/"}}]}},"_links":{"self":[{"href":"https:\/\/www.ovidiudragosargesanu.ro\/en\/wp-json\/wp\/v2\/product\/26643","targetHints":{"allow":["GET"]}}],"collection":[{"href":"https:\/\/www.ovidiudragosargesanu.ro\/en\/wp-json\/wp\/v2\/product"}],"about":[{"href":"https:\/\/www.ovidiudragosargesanu.ro\/en\/wp-json\/wp\/v2\/types\/product"}],"version-history":[{"count":1,"href":"https:\/\/www.ovidiudragosargesanu.ro\/en\/wp-json\/wp\/v2\/product\/26643\/revisions"}],"predecessor-version":[{"id":26644,"href":"https:\/\/www.ovidiudragosargesanu.ro\/en\/wp-json\/wp\/v2\/product\/26643\/revisions\/26644"}],"wp:featuredmedia":[{"embeddable":true,"href":"https:\/\/www.ovidiudragosargesanu.ro\/en\/wp-json\/wp\/v2\/media\/4162"}],"wp:attachment":[{"href":"https:\/\/www.ovidiudragosargesanu.ro\/en\/wp-json\/wp\/v2\/media?parent=26643"}],"wp:term":[{"taxonomy":"product_brand","embeddable":true,"href":"https:\/\/www.ovidiudragosargesanu.ro\/en\/wp-json\/wp\/v2\/product_brand?post=26643"},{"taxonomy":"product_cat","embeddable":true,"href":"https:\/\/www.ovidiudragosargesanu.ro\/en\/wp-json\/wp\/v2\/product_cat?post=26643"},{"taxonomy":"product_tag","embeddable":true,"href":"https:\/\/www.ovidiudragosargesanu.ro\/en\/wp-json\/wp\/v2\/product_tag?post=26643"}],"curies":[{"name":"wp","href":"https:\/\/api.w.org\/{rel}","templated":true}]}}