{"id":26645,"date":"2024-11-16T18:29:42","date_gmt":"2024-11-16T16:29:42","guid":{"rendered":"https:\/\/www.ovidiudragosargesanu.ro\/?post_type=product&#038;p=26645"},"modified":"2025-02-28T19:26:28","modified_gmt":"2025-02-28T17:26:28","slug":"curs-abundenta-si-bunastarea-in-plan-material-si-divin-seniori","status":"publish","type":"product","link":"https:\/\/www.ovidiudragosargesanu.ro\/en\/shop\/seniori\/curs-abundenta-si-bunastarea-in-plan-material-si-divin-seniori\/","title":{"rendered":"Abunden\u021ba \u0219i bun\u0103starea \u00een plan material \u0219i divin (Seniori)"},"content":{"rendered":"<p><span style=\"font-weight: 400;\">Urm\u0103re\u0219te cursul \u201cAbunden\u021ba \u0219i bun\u0103starea \u00een plan material \u0219i divin\u201c sus\u021binut de Dr. Ovidiu-Drago\u0219 Arge\u0219anu \u0219i deschide u\u0219i c\u0103tre abunden\u021b\u0103 \u0219i succes<\/span><\/p>\n<p><span style=\"font-weight: 400;\">Abunden\u021ba \u00eenseamn\u0103 s\u0103 ai mai mult dec\u00e2t ai nevoie \u0219i s\u0103 \u00eempar\u021bi cu ceilal\u021bi. Bun\u0103starea \u0219i abunden\u021ba sunt trepte spirituale, iar echilibrul interior este cheia fericirii. A avea bani nu \u00eenseamn\u0103 automat s\u0103 ai dreptul la bun\u0103stare; este nevoie s\u0103 con\u0219tientizezi \u0219i s\u0103 tr\u0103ie\u0219ti cu adev\u0103rat experien\u021ba prosperit\u0103\u021bii. Drumurile tale \u00een via\u021b\u0103 sunt influen\u021bate de karma, iar senza\u021bia de libertate poate fi \u00eengr\u0103dit\u0103 de aceste fr\u00e2ne karmice. \u0218coala, fie ea spiritual\u0103 sau academic\u0103, este o modalitate de a dob\u00e2ndi abunden\u021b\u0103 \u0219i de a schimba condi\u021bia. Onestitatea, \u00eenv\u0103\u021barea \u0219i alinierea cu recompensele divine sunt cheile c\u0103tre prosperitate. \u00cen momentul \u00een care investe\u0219ti \u00een tine \u0219i \u00ee\u021bi cre\u0219ti dreptul divin \u00een bani, atragi \u0219i prosperitatea \u00een via\u021ba ta. Fiecare lec\u021bie \u00eenv\u0103\u021bat\u0103 \u0219i fiecare ac\u021biune onest\u0103 deschid u\u0219i c\u0103tre abunden\u021b\u0103 \u0219i succes.<\/span><\/p>\n","protected":false},"excerpt":{"rendered":"<p>Explorarea drepturilor divine dezv\u0103luie distinc\u021bia dintre abunden\u021b\u0103 \u0219i bun\u0103stare, dezv\u0103luind esen\u021ba prosperit\u0103\u021bii \u0219i modul \u00een care aceasta poate fi atins\u0103, manifest\u00e2ndu-se nu doar \u00een interiorul nostru, ci \u0219i \u00een lumea exterioar\u0103.<br \/>\nVizioneaz\u0103 cursul \u201cAbunden\u021ba \u0219i bun\u0103starea \u00een plan material \u0219i divin\u201c sus\u021binut\u0103 de Ovidiu-Drago\u0219 Arge\u0219anu \u0219i dob\u00e2nde\u0219te \u0219ansa de a descoperi aceast\u0103 \u00een\u021belegere profund\u0103 \u0219i de a experimenta beneficiile transform\u0103rii acestor concepte \u00een realitate \u00een via\u021ba ta.<\/p>\n","protected":false},"featured_media":4675,"template":"","meta":{"inline_featured_image":false},"product_brand":[],"product_cat":[795],"product_tag":[],"class_list":{"0":"post-26645","1":"product","2":"type-product","3":"status-publish","4":"has-post-thumbnail","6":"product_cat-seniori","8":"first","9":"instock","10":"sale","11":"virtual","12":"sold-individually","13":"taxable","14":"purchasable","15":"product-type-simple"},"yoast_head":"<!-- This site is optimized with the Yoast SEO plugin v26.9 - https:\/\/yoast.com\/product\/yoast-seo-wordpress\/ -->\n<title>Abunden\u021ba \u0219i bun\u0103starea \u00een plan material \u0219i divin (Seniori) - Ovidiu Drago\u0219 Arge\u0219anu<\/title>\n<meta name=\"description\" content=\"Descoper\u0103 \u00een cadrul cursului \u201cAbunden\u021ba \u0219i Bun\u0103starea \u00een Plan Material \u0219i Divin\u201c sus\u021binut de Dr. Ovidiu-Drago\u0219 Arge\u0219anu despre \u00een\u021belesul\" \/>\n<meta name=\"robots\" content=\"noindex, follow, max-snippet:-1, max-image-preview:large, max-video-preview:-1\" \/>\n<meta property=\"og:locale\" content=\"en_US\" \/>\n<meta property=\"og:type\" content=\"article\" \/>\n<meta property=\"og:title\" content=\"Abunden\u021ba \u0219i bun\u0103starea \u00een plan material \u0219i divin (Seniori) - Ovidiu Drago\u0219 Arge\u0219anu\" \/>\n<meta property=\"og:description\" content=\"Descoper\u0103 \u00een cadrul cursului \u201cAbunden\u021ba \u0219i Bun\u0103starea \u00een Plan Material \u0219i Divin\u201c sus\u021binut de Dr. Ovidiu-Drago\u0219 Arge\u0219anu despre \u00een\u021belesul\" \/>\n<meta property=\"og:url\" content=\"https:\/\/www.ovidiudragosargesanu.ro\/en\/shop\/seniori\/curs-abundenta-si-bunastarea-in-plan-material-si-divin-seniori\/\" \/>\n<meta property=\"og:site_name\" content=\"Ovidiu Drago\u0219 Arge\u0219anu\" \/>\n<meta property=\"article:modified_time\" content=\"2025-02-28T17:26:28+00:00\" \/>\n<meta property=\"og:image\" content=\"https:\/\/www.ovidiudragosargesanu.ro\/en\/wp-content\/uploads\/2023\/12\/Abundenta-si-bunastare-in-plan-material-si-divin-Curs-1.png\" \/>\n\t<meta property=\"og:image:width\" content=\"600\" \/>\n\t<meta property=\"og:image:height\" content=\"800\" \/>\n\t<meta property=\"og:image:type\" content=\"image\/png\" \/>\n<meta name=\"twitter:card\" content=\"summary_large_image\" \/>\n<meta name=\"twitter:label1\" content=\"Est. reading time\" \/>\n\t<meta name=\"twitter:data1\" content=\"2 minutes\" \/>\n<script type=\"application\/ld+json\" class=\"yoast-schema-graph\">{\"@context\":\"https:\/\/schema.org\",\"@graph\":[{\"@type\":\"WebPage\",\"@id\":\"https:\/\/www.ovidiudragosargesanu.ro\/en\/shop\/seniori\/curs-abundenta-si-bunastarea-in-plan-material-si-divin-seniori\/\",\"url\":\"https:\/\/www.ovidiudragosargesanu.ro\/en\/shop\/seniori\/curs-abundenta-si-bunastarea-in-plan-material-si-divin-seniori\/\",\"name\":\"Abunden\u021ba \u0219i bun\u0103starea \u00een plan material \u0219i divin (Seniori) - Ovidiu Drago\u0219 Arge\u0219anu\",\"isPartOf\":{\"@id\":\"https:\/\/www.ovidiudragosargesanu.ro\/en\/#website\"},\"primaryImageOfPage\":{\"@id\":\"https:\/\/www.ovidiudragosargesanu.ro\/en\/shop\/seniori\/curs-abundenta-si-bunastarea-in-plan-material-si-divin-seniori\/#primaryimage\"},\"image\":{\"@id\":\"https:\/\/www.ovidiudragosargesanu.ro\/en\/shop\/seniori\/curs-abundenta-si-bunastarea-in-plan-material-si-divin-seniori\/#primaryimage\"},\"thumbnailUrl\":\"https:\/\/www.ovidiudragosargesanu.ro\/en\/wp-content\/uploads\/2023\/12\/Abundenta-si-bunastare-in-plan-material-si-divin-Curs-1.png\",\"datePublished\":\"2024-11-16T16:29:42+00:00\",\"dateModified\":\"2025-02-28T17:26:28+00:00\",\"description\":\"Descoper\u0103 \u00een cadrul cursului \u201cAbunden\u021ba \u0219i Bun\u0103starea \u00een Plan Material \u0219i Divin\u201c sus\u021binut de Dr. Ovidiu-Drago\u0219 Arge\u0219anu despre \u00een\u021belesul\",\"breadcrumb\":{\"@id\":\"https:\/\/www.ovidiudragosargesanu.ro\/en\/shop\/seniori\/curs-abundenta-si-bunastarea-in-plan-material-si-divin-seniori\/#breadcrumb\"},\"inLanguage\":\"en-US\",\"potentialAction\":[{\"@type\":\"ReadAction\",\"target\":[\"https:\/\/www.ovidiudragosargesanu.ro\/en\/shop\/seniori\/curs-abundenta-si-bunastarea-in-plan-material-si-divin-seniori\/\"]}]},{\"@type\":\"ImageObject\",\"inLanguage\":\"en-US\",\"@id\":\"https:\/\/www.ovidiudragosargesanu.ro\/en\/shop\/seniori\/curs-abundenta-si-bunastarea-in-plan-material-si-divin-seniori\/#primaryimage\",\"url\":\"https:\/\/www.ovidiudragosargesanu.ro\/en\/wp-content\/uploads\/2023\/12\/Abundenta-si-bunastare-in-plan-material-si-divin-Curs-1.png\",\"contentUrl\":\"https:\/\/www.ovidiudragosargesanu.ro\/en\/wp-content\/uploads\/2023\/12\/Abundenta-si-bunastare-in-plan-material-si-divin-Curs-1.png\",\"width\":600,\"height\":800},{\"@type\":\"BreadcrumbList\",\"@id\":\"https:\/\/www.ovidiudragosargesanu.ro\/en\/shop\/seniori\/curs-abundenta-si-bunastarea-in-plan-material-si-divin-seniori\/#breadcrumb\",\"itemListElement\":[{\"@type\":\"ListItem\",\"position\":1,\"name\":\"Prima pagin\u0103\",\"item\":\"https:\/\/www.ovidiudragosargesanu.ro\/en\/\"},{\"@type\":\"ListItem\",\"position\":2,\"name\":\"Shop\",\"item\":\"https:\/\/www.ovidiudragosargesanu.ro\/en\/shop\/\"},{\"@type\":\"ListItem\",\"position\":3,\"name\":\"Abunden\u021ba \u0219i bun\u0103starea \u00een plan material \u0219i divin (Seniori)\"}]},{\"@type\":\"WebSite\",\"@id\":\"https:\/\/www.ovidiudragosargesanu.ro\/en\/#website\",\"url\":\"https:\/\/www.ovidiudragosargesanu.ro\/en\/\",\"name\":\"Ovidiu Drago\u0219 Arge\u0219anu\",\"description\":\"\",\"publisher\":{\"@id\":\"https:\/\/www.ovidiudragosargesanu.ro\/en\/#organization\"},\"potentialAction\":[{\"@type\":\"SearchAction\",\"target\":{\"@type\":\"EntryPoint\",\"urlTemplate\":\"https:\/\/www.ovidiudragosargesanu.ro\/en\/?s={search_term_string}\"},\"query-input\":{\"@type\":\"PropertyValueSpecification\",\"valueRequired\":true,\"valueName\":\"search_term_string\"}}],\"inLanguage\":\"en-US\"},{\"@type\":\"Organization\",\"@id\":\"https:\/\/www.ovidiudragosargesanu.ro\/en\/#organization\",\"name\":\"Ovidiu Drago\u0219 Arge\u0219anu\",\"url\":\"https:\/\/www.ovidiudragosargesanu.ro\/en\/\",\"logo\":{\"@type\":\"ImageObject\",\"inLanguage\":\"en-US\",\"@id\":\"https:\/\/www.ovidiudragosargesanu.ro\/en\/#\/schema\/logo\/image\/\",\"url\":\"https:\/\/www.ovidiudragosargesanu.ro\/en\/wp-content\/uploads\/2018\/03\/dragos-logo-lotus-black-400.svg\",\"contentUrl\":\"https:\/\/www.ovidiudragosargesanu.ro\/en\/wp-content\/uploads\/2018\/03\/dragos-logo-lotus-black-400.svg\",\"width\":300,\"height\":150,\"caption\":\"Ovidiu Drago\u0219 Arge\u0219anu\"},\"image\":{\"@id\":\"https:\/\/www.ovidiudragosargesanu.ro\/en\/#\/schema\/logo\/image\/\"}}]}<\/script>\n<!-- \/ Yoast SEO plugin. -->","yoast_head_json":{"title":"Abunden\u021ba \u0219i bun\u0103starea \u00een plan material \u0219i divin (Seniori) - Ovidiu Drago\u0219 Arge\u0219anu","description":"Descoper\u0103 \u00een cadrul cursului \u201cAbunden\u021ba \u0219i Bun\u0103starea \u00een Plan Material \u0219i Divin\u201c sus\u021binut de Dr. Ovidiu-Drago\u0219 Arge\u0219anu despre \u00een\u021belesul","robots":{"index":"noindex","follow":"follow","max-snippet":"max-snippet:-1","max-image-preview":"max-image-preview:large","max-video-preview":"max-video-preview:-1"},"og_locale":"en_US","og_type":"article","og_title":"Abunden\u021ba \u0219i bun\u0103starea \u00een plan material \u0219i divin (Seniori) - Ovidiu Drago\u0219 Arge\u0219anu","og_description":"Descoper\u0103 \u00een cadrul cursului \u201cAbunden\u021ba \u0219i Bun\u0103starea \u00een Plan Material \u0219i Divin\u201c sus\u021binut de Dr. Ovidiu-Drago\u0219 Arge\u0219anu despre \u00een\u021belesul","og_url":"https:\/\/www.ovidiudragosargesanu.ro\/en\/shop\/seniori\/curs-abundenta-si-bunastarea-in-plan-material-si-divin-seniori\/","og_site_name":"Ovidiu Drago\u0219 Arge\u0219anu","article_modified_time":"2025-02-28T17:26:28+00:00","og_image":[{"width":600,"height":800,"url":"https:\/\/www.ovidiudragosargesanu.ro\/en\/wp-content\/uploads\/2023\/12\/Abundenta-si-bunastare-in-plan-material-si-divin-Curs-1.png","type":"image\/png"}],"twitter_card":"summary_large_image","twitter_misc":{"Est. reading time":"2 minutes"},"schema":{"@context":"https:\/\/schema.org","@graph":[{"@type":"WebPage","@id":"https:\/\/www.ovidiudragosargesanu.ro\/en\/shop\/seniori\/curs-abundenta-si-bunastarea-in-plan-material-si-divin-seniori\/","url":"https:\/\/www.ovidiudragosargesanu.ro\/en\/shop\/seniori\/curs-abundenta-si-bunastarea-in-plan-material-si-divin-seniori\/","name":"Abunden\u021ba \u0219i bun\u0103starea \u00een plan material \u0219i divin (Seniori) - Ovidiu Drago\u0219 Arge\u0219anu","isPartOf":{"@id":"https:\/\/www.ovidiudragosargesanu.ro\/en\/#website"},"primaryImageOfPage":{"@id":"https:\/\/www.ovidiudragosargesanu.ro\/en\/shop\/seniori\/curs-abundenta-si-bunastarea-in-plan-material-si-divin-seniori\/#primaryimage"},"image":{"@id":"https:\/\/www.ovidiudragosargesanu.ro\/en\/shop\/seniori\/curs-abundenta-si-bunastarea-in-plan-material-si-divin-seniori\/#primaryimage"},"thumbnailUrl":"https:\/\/www.ovidiudragosargesanu.ro\/en\/wp-content\/uploads\/2023\/12\/Abundenta-si-bunastare-in-plan-material-si-divin-Curs-1.png","datePublished":"2024-11-16T16:29:42+00:00","dateModified":"2025-02-28T17:26:28+00:00","description":"Descoper\u0103 \u00een cadrul cursului \u201cAbunden\u021ba \u0219i Bun\u0103starea \u00een Plan Material \u0219i Divin\u201c sus\u021binut de Dr. Ovidiu-Drago\u0219 Arge\u0219anu despre \u00een\u021belesul","breadcrumb":{"@id":"https:\/\/www.ovidiudragosargesanu.ro\/en\/shop\/seniori\/curs-abundenta-si-bunastarea-in-plan-material-si-divin-seniori\/#breadcrumb"},"inLanguage":"en-US","potentialAction":[{"@type":"ReadAction","target":["https:\/\/www.ovidiudragosargesanu.ro\/en\/shop\/seniori\/curs-abundenta-si-bunastarea-in-plan-material-si-divin-seniori\/"]}]},{"@type":"ImageObject","inLanguage":"en-US","@id":"https:\/\/www.ovidiudragosargesanu.ro\/en\/shop\/seniori\/curs-abundenta-si-bunastarea-in-plan-material-si-divin-seniori\/#primaryimage","url":"https:\/\/www.ovidiudragosargesanu.ro\/en\/wp-content\/uploads\/2023\/12\/Abundenta-si-bunastare-in-plan-material-si-divin-Curs-1.png","contentUrl":"https:\/\/www.ovidiudragosargesanu.ro\/en\/wp-content\/uploads\/2023\/12\/Abundenta-si-bunastare-in-plan-material-si-divin-Curs-1.png","width":600,"height":800},{"@type":"BreadcrumbList","@id":"https:\/\/www.ovidiudragosargesanu.ro\/en\/shop\/seniori\/curs-abundenta-si-bunastarea-in-plan-material-si-divin-seniori\/#breadcrumb","itemListElement":[{"@type":"ListItem","position":1,"name":"Prima pagin\u0103","item":"https:\/\/www.ovidiudragosargesanu.ro\/en\/"},{"@type":"ListItem","position":2,"name":"Shop","item":"https:\/\/www.ovidiudragosargesanu.ro\/en\/shop\/"},{"@type":"ListItem","position":3,"name":"Abunden\u021ba \u0219i bun\u0103starea \u00een plan material \u0219i divin (Seniori)"}]},{"@type":"WebSite","@id":"https:\/\/www.ovidiudragosargesanu.ro\/en\/#website","url":"https:\/\/www.ovidiudragosargesanu.ro\/en\/","name":"Ovidiu Drago\u0219 Arge\u0219anu","description":"","publisher":{"@id":"https:\/\/www.ovidiudragosargesanu.ro\/en\/#organization"},"potentialAction":[{"@type":"SearchAction","target":{"@type":"EntryPoint","urlTemplate":"https:\/\/www.ovidiudragosargesanu.ro\/en\/?s={search_term_string}"},"query-input":{"@type":"PropertyValueSpecification","valueRequired":true,"valueName":"search_term_string"}}],"inLanguage":"en-US"},{"@type":"Organization","@id":"https:\/\/www.ovidiudragosargesanu.ro\/en\/#organization","name":"Ovidiu Drago\u0219 Arge\u0219anu","url":"https:\/\/www.ovidiudragosargesanu.ro\/en\/","logo":{"@type":"ImageObject","inLanguage":"en-US","@id":"https:\/\/www.ovidiudragosargesanu.ro\/en\/#\/schema\/logo\/image\/","url":"https:\/\/www.ovidiudragosargesanu.ro\/en\/wp-content\/uploads\/2018\/03\/dragos-logo-lotus-black-400.svg","contentUrl":"https:\/\/www.ovidiudragosargesanu.ro\/en\/wp-content\/uploads\/2018\/03\/dragos-logo-lotus-black-400.svg","width":300,"height":150,"caption":"Ovidiu Drago\u0219 Arge\u0219anu"},"image":{"@id":"https:\/\/www.ovidiudragosargesanu.ro\/en\/#\/schema\/logo\/image\/"}}]}},"_links":{"self":[{"href":"https:\/\/www.ovidiudragosargesanu.ro\/en\/wp-json\/wp\/v2\/product\/26645","targetHints":{"allow":["GET"]}}],"collection":[{"href":"https:\/\/www.ovidiudragosargesanu.ro\/en\/wp-json\/wp\/v2\/product"}],"about":[{"href":"https:\/\/www.ovidiudragosargesanu.ro\/en\/wp-json\/wp\/v2\/types\/product"}],"version-history":[{"count":2,"href":"https:\/\/www.ovidiudragosargesanu.ro\/en\/wp-json\/wp\/v2\/product\/26645\/revisions"}],"predecessor-version":[{"id":26884,"href":"https:\/\/www.ovidiudragosargesanu.ro\/en\/wp-json\/wp\/v2\/product\/26645\/revisions\/26884"}],"wp:featuredmedia":[{"embeddable":true,"href":"https:\/\/www.ovidiudragosargesanu.ro\/en\/wp-json\/wp\/v2\/media\/4675"}],"wp:attachment":[{"href":"https:\/\/www.ovidiudragosargesanu.ro\/en\/wp-json\/wp\/v2\/media?parent=26645"}],"wp:term":[{"taxonomy":"product_brand","embeddable":true,"href":"https:\/\/www.ovidiudragosargesanu.ro\/en\/wp-json\/wp\/v2\/product_brand?post=26645"},{"taxonomy":"product_cat","embeddable":true,"href":"https:\/\/www.ovidiudragosargesanu.ro\/en\/wp-json\/wp\/v2\/product_cat?post=26645"},{"taxonomy":"product_tag","embeddable":true,"href":"https:\/\/www.ovidiudragosargesanu.ro\/en\/wp-json\/wp\/v2\/product_tag?post=26645"}],"curies":[{"name":"wp","href":"https:\/\/api.w.org\/{rel}","templated":true}]}}