{"id":27888,"date":"2024-11-26T16:47:52","date_gmt":"2024-11-26T14:47:52","guid":{"rendered":"https:\/\/www.ovidiudragosargesanu.ro\/?post_type=product&#038;p=27888"},"modified":"2025-04-24T09:58:33","modified_gmt":"2025-04-24T06:58:33","slug":"cele-7-peceti-seniori","status":"publish","type":"product","link":"https:\/\/www.ovidiudragosargesanu.ro\/en\/shop\/seniori\/cele-7-peceti-seniori\/","title":{"rendered":"Cele 7 Pece\u021bi (Seniori)"},"content":{"rendered":"<p>Poate c\u0103 este timpul s\u0103 se discute \u0219i despre cea mai mare Tain\u0103 a Sfintei Scripturi. Departe de mine g\u00e2ndul de a putea descifra odat\u0103 pentru totdeauna secretul nedescoperit nici m\u0103car de \u00een\u021belep\u021bii Cerului, ci doar de Mielul \u00eenjunghiat.<\/p>\n<p>\u00cencerc doar s\u0103 deschid o poart\u0103 c\u0103tre acest secret \u0219i, implicit, c\u0103tre Dumnezeu \u0219i Cer pentru cei care vor, pot \u0219i trebuie s\u0103 intre. \u00cemi asum rolul de deschiz\u0103tor de drumuri, s\u0103 deschid cutia Pandorei \u0219i s\u0103 arunc primul piatra \u00een ceea ce prive\u0219te cele \u0219apte pece\u021bi ale Bibliei \u0219i secretul pe care M\u00e2ntuitorul l-a desf\u0103cut \u0219i care, \u00een opinia mea, nu reprezint\u0103 altceva dec\u00e2t descifrarea unor taine ale spiritului cuprinse \u00een Vechiul Testament care i-au permis lui Iisus s\u0103 se recunoas\u0103 pe El \u00eensu\u0219i ca Fiu al Lui Dumnezeu, s\u0103 descopere cine este \u0219i care este misiunea Lui personal\u0103 asumat\u0103 de El \u00eensu\u0219i pe acest p\u0103m\u00e2nt. Sper c\u0103, av\u00e2ndu-L al\u0103turi pe acest drum menit s\u0103 deschid\u0103 oamenilor noi c\u0103i spre cunoa\u0219terea Lui Dumnezeu, voi putea dezv\u0103lui ceea ce odat\u0103 L-a \u00eenscris \u00een istoria omenirii pentru totdeauna, ca Fiu al Lui Dumnezeu \u0219i ca M\u00e2ntuitor al planetei P\u0103m\u00e2nt \u0219i, de ce nu, al \u00eentregului univers spiritual \u0219i material.<\/p>\n<p>Nu citi\u021bi aceast\u0103 carte dac\u0103 nu sunte\u021bi preg\u0103ti\u021bi s\u0103 g\u00e2ndi\u021bi singuri, dac\u0103 a\u021bi ales s\u0103 fi\u021bi oi \u0219i nu oameni. \u00cencerca\u021bi s\u0103 o sim\u021bi\u021bi mai mult dec\u00e2t s\u0103 \u00een\u021belege\u021bi. S\u0103 sim\u021bi\u021bi adev\u0103rul din ea dincolo de forme \u0219i idei.<\/p>\n","protected":false},"excerpt":{"rendered":"\n<table id=\"tablepress-76\" class=\"tablepress tablepress-id-76\">\n<tbody class=\"row-striping row-hover\">\n<tr class=\"row-1\">\n\t<td class=\"column-1\">Editura<\/td><td class=\"column-2\"><b>PRO DAO<\/b><\/td>\n<\/tr>\n<tr class=\"row-2\">\n\t<td class=\"column-1\">Anul Public\u0103rii<\/td><td class=\"column-2\">2011<\/td>\n<\/tr>\n<tr class=\"row-3\">\n\t<td class=\"column-1\">Num\u0103r Pagini<\/td><td class=\"column-2\">160<\/td>\n<\/tr>\n<tr class=\"row-4\">\n\t<td class=\"column-1\">Cod produs - SKU<\/td><td class=\"column-2\">973-606-92732-4-1<\/td>\n<\/tr>\n<\/tbody>\n<\/table>\n<!-- #tablepress-76 from cache -->\n","protected":false},"featured_media":27886,"template":"","meta":{"inline_featured_image":false},"product_brand":[],"product_cat":[795],"product_tag":[672,673],"class_list":{"0":"post-27888","1":"product","2":"type-product","3":"status-publish","4":"has-post-thumbnail","6":"product_cat-seniori","7":"product_tag-carti","8":"product_tag-reiki","10":"first","11":"instock","12":"sale","13":"taxable","14":"shipping-taxable","15":"purchasable","16":"product-type-simple"},"yoast_head":"<!-- This site is optimized with the Yoast SEO plugin v26.9 - https:\/\/yoast.com\/product\/yoast-seo-wordpress\/ -->\n<title>Cele 7 Pece\u021bi (Seniori) - Ovidiu Drago\u0219 Arge\u0219anu<\/title>\n<meta name=\"description\" content=\"O carte despre cea mai mare Tain\u0103 a Sfintei Scripturi, pe care M\u00e2ntuitorul a deslu\u0219it-o \u0219i care i-a permis s\u0103 se recunoas\u0103 pe El \u00eensu\u0219i ca Fiu al Lui Dumnezeu,\" \/>\n<meta name=\"robots\" content=\"noindex, follow, max-snippet:-1, max-image-preview:large, max-video-preview:-1\" \/>\n<meta property=\"og:locale\" content=\"en_US\" \/>\n<meta property=\"og:type\" content=\"article\" \/>\n<meta property=\"og:title\" content=\"Cele 7 Pece\u021bi (Seniori) - Ovidiu Drago\u0219 Arge\u0219anu\" \/>\n<meta property=\"og:description\" content=\"O carte despre cea mai mare Tain\u0103 a Sfintei Scripturi, pe care M\u00e2ntuitorul a deslu\u0219it-o \u0219i care i-a permis s\u0103 se recunoas\u0103 pe El \u00eensu\u0219i ca Fiu al Lui Dumnezeu,\" \/>\n<meta property=\"og:url\" content=\"https:\/\/www.ovidiudragosargesanu.ro\/en\/shop\/seniori\/cele-7-peceti-seniori\/\" \/>\n<meta property=\"og:site_name\" content=\"Ovidiu Drago\u0219 Arge\u0219anu\" \/>\n<meta property=\"article:modified_time\" content=\"2025-04-24T06:58:33+00:00\" \/>\n<meta property=\"og:image\" content=\"https:\/\/www.ovidiudragosargesanu.ro\/en\/wp-content\/uploads\/2024\/11\/Cele-7-Peceti.png\" \/>\n\t<meta property=\"og:image:width\" content=\"1000\" \/>\n\t<meta property=\"og:image:height\" content=\"1000\" \/>\n\t<meta property=\"og:image:type\" content=\"image\/png\" \/>\n<meta name=\"twitter:card\" content=\"summary_large_image\" \/>\n<meta name=\"twitter:label1\" content=\"Est. reading time\" \/>\n\t<meta name=\"twitter:data1\" content=\"2 minutes\" \/>\n<script type=\"application\/ld+json\" class=\"yoast-schema-graph\">{\"@context\":\"https:\/\/schema.org\",\"@graph\":[{\"@type\":\"WebPage\",\"@id\":\"https:\/\/www.ovidiudragosargesanu.ro\/en\/shop\/seniori\/cele-7-peceti-seniori\/\",\"url\":\"https:\/\/www.ovidiudragosargesanu.ro\/en\/shop\/seniori\/cele-7-peceti-seniori\/\",\"name\":\"Cele 7 Pece\u021bi (Seniori) - Ovidiu Drago\u0219 Arge\u0219anu\",\"isPartOf\":{\"@id\":\"https:\/\/www.ovidiudragosargesanu.ro\/en\/#website\"},\"primaryImageOfPage\":{\"@id\":\"https:\/\/www.ovidiudragosargesanu.ro\/en\/shop\/seniori\/cele-7-peceti-seniori\/#primaryimage\"},\"image\":{\"@id\":\"https:\/\/www.ovidiudragosargesanu.ro\/en\/shop\/seniori\/cele-7-peceti-seniori\/#primaryimage\"},\"thumbnailUrl\":\"https:\/\/www.ovidiudragosargesanu.ro\/en\/wp-content\/uploads\/2024\/11\/Cele-7-Peceti.png\",\"datePublished\":\"2024-11-26T14:47:52+00:00\",\"dateModified\":\"2025-04-24T06:58:33+00:00\",\"description\":\"O carte despre cea mai mare Tain\u0103 a Sfintei Scripturi, pe care M\u00e2ntuitorul a deslu\u0219it-o \u0219i care i-a permis s\u0103 se recunoas\u0103 pe El \u00eensu\u0219i ca Fiu al Lui Dumnezeu,\",\"breadcrumb\":{\"@id\":\"https:\/\/www.ovidiudragosargesanu.ro\/en\/shop\/seniori\/cele-7-peceti-seniori\/#breadcrumb\"},\"inLanguage\":\"en-US\",\"potentialAction\":[{\"@type\":\"ReadAction\",\"target\":[\"https:\/\/www.ovidiudragosargesanu.ro\/en\/shop\/seniori\/cele-7-peceti-seniori\/\"]}]},{\"@type\":\"ImageObject\",\"inLanguage\":\"en-US\",\"@id\":\"https:\/\/www.ovidiudragosargesanu.ro\/en\/shop\/seniori\/cele-7-peceti-seniori\/#primaryimage\",\"url\":\"https:\/\/www.ovidiudragosargesanu.ro\/en\/wp-content\/uploads\/2024\/11\/Cele-7-Peceti.png\",\"contentUrl\":\"https:\/\/www.ovidiudragosargesanu.ro\/en\/wp-content\/uploads\/2024\/11\/Cele-7-Peceti.png\",\"width\":1000,\"height\":1000,\"caption\":\"Cele 7 Peceti\"},{\"@type\":\"BreadcrumbList\",\"@id\":\"https:\/\/www.ovidiudragosargesanu.ro\/en\/shop\/seniori\/cele-7-peceti-seniori\/#breadcrumb\",\"itemListElement\":[{\"@type\":\"ListItem\",\"position\":1,\"name\":\"Prima pagin\u0103\",\"item\":\"https:\/\/www.ovidiudragosargesanu.ro\/en\/\"},{\"@type\":\"ListItem\",\"position\":2,\"name\":\"Shop\",\"item\":\"https:\/\/www.ovidiudragosargesanu.ro\/en\/shop\/\"},{\"@type\":\"ListItem\",\"position\":3,\"name\":\"Cele 7 Pece\u021bi (Seniori)\"}]},{\"@type\":\"WebSite\",\"@id\":\"https:\/\/www.ovidiudragosargesanu.ro\/en\/#website\",\"url\":\"https:\/\/www.ovidiudragosargesanu.ro\/en\/\",\"name\":\"Ovidiu Drago\u0219 Arge\u0219anu\",\"description\":\"\",\"publisher\":{\"@id\":\"https:\/\/www.ovidiudragosargesanu.ro\/en\/#organization\"},\"potentialAction\":[{\"@type\":\"SearchAction\",\"target\":{\"@type\":\"EntryPoint\",\"urlTemplate\":\"https:\/\/www.ovidiudragosargesanu.ro\/en\/?s={search_term_string}\"},\"query-input\":{\"@type\":\"PropertyValueSpecification\",\"valueRequired\":true,\"valueName\":\"search_term_string\"}}],\"inLanguage\":\"en-US\"},{\"@type\":\"Organization\",\"@id\":\"https:\/\/www.ovidiudragosargesanu.ro\/en\/#organization\",\"name\":\"Ovidiu Drago\u0219 Arge\u0219anu\",\"url\":\"https:\/\/www.ovidiudragosargesanu.ro\/en\/\",\"logo\":{\"@type\":\"ImageObject\",\"inLanguage\":\"en-US\",\"@id\":\"https:\/\/www.ovidiudragosargesanu.ro\/en\/#\/schema\/logo\/image\/\",\"url\":\"https:\/\/www.ovidiudragosargesanu.ro\/en\/wp-content\/uploads\/2018\/03\/dragos-logo-lotus-black-400.svg\",\"contentUrl\":\"https:\/\/www.ovidiudragosargesanu.ro\/en\/wp-content\/uploads\/2018\/03\/dragos-logo-lotus-black-400.svg\",\"width\":300,\"height\":150,\"caption\":\"Ovidiu Drago\u0219 Arge\u0219anu\"},\"image\":{\"@id\":\"https:\/\/www.ovidiudragosargesanu.ro\/en\/#\/schema\/logo\/image\/\"}}]}<\/script>\n<!-- \/ Yoast SEO plugin. -->","yoast_head_json":{"title":"Cele 7 Pece\u021bi (Seniori) - Ovidiu Drago\u0219 Arge\u0219anu","description":"O carte despre cea mai mare Tain\u0103 a Sfintei Scripturi, pe care M\u00e2ntuitorul a deslu\u0219it-o \u0219i care i-a permis s\u0103 se recunoas\u0103 pe El \u00eensu\u0219i ca Fiu al Lui Dumnezeu,","robots":{"index":"noindex","follow":"follow","max-snippet":"max-snippet:-1","max-image-preview":"max-image-preview:large","max-video-preview":"max-video-preview:-1"},"og_locale":"en_US","og_type":"article","og_title":"Cele 7 Pece\u021bi (Seniori) - Ovidiu Drago\u0219 Arge\u0219anu","og_description":"O carte despre cea mai mare Tain\u0103 a Sfintei Scripturi, pe care M\u00e2ntuitorul a deslu\u0219it-o \u0219i care i-a permis s\u0103 se recunoas\u0103 pe El \u00eensu\u0219i ca Fiu al Lui Dumnezeu,","og_url":"https:\/\/www.ovidiudragosargesanu.ro\/en\/shop\/seniori\/cele-7-peceti-seniori\/","og_site_name":"Ovidiu Drago\u0219 Arge\u0219anu","article_modified_time":"2025-04-24T06:58:33+00:00","og_image":[{"width":1000,"height":1000,"url":"https:\/\/www.ovidiudragosargesanu.ro\/en\/wp-content\/uploads\/2024\/11\/Cele-7-Peceti.png","type":"image\/png"}],"twitter_card":"summary_large_image","twitter_misc":{"Est. reading time":"2 minutes"},"schema":{"@context":"https:\/\/schema.org","@graph":[{"@type":"WebPage","@id":"https:\/\/www.ovidiudragosargesanu.ro\/en\/shop\/seniori\/cele-7-peceti-seniori\/","url":"https:\/\/www.ovidiudragosargesanu.ro\/en\/shop\/seniori\/cele-7-peceti-seniori\/","name":"Cele 7 Pece\u021bi (Seniori) - Ovidiu Drago\u0219 Arge\u0219anu","isPartOf":{"@id":"https:\/\/www.ovidiudragosargesanu.ro\/en\/#website"},"primaryImageOfPage":{"@id":"https:\/\/www.ovidiudragosargesanu.ro\/en\/shop\/seniori\/cele-7-peceti-seniori\/#primaryimage"},"image":{"@id":"https:\/\/www.ovidiudragosargesanu.ro\/en\/shop\/seniori\/cele-7-peceti-seniori\/#primaryimage"},"thumbnailUrl":"https:\/\/www.ovidiudragosargesanu.ro\/en\/wp-content\/uploads\/2024\/11\/Cele-7-Peceti.png","datePublished":"2024-11-26T14:47:52+00:00","dateModified":"2025-04-24T06:58:33+00:00","description":"O carte despre cea mai mare Tain\u0103 a Sfintei Scripturi, pe care M\u00e2ntuitorul a deslu\u0219it-o \u0219i care i-a permis s\u0103 se recunoas\u0103 pe El \u00eensu\u0219i ca Fiu al Lui Dumnezeu,","breadcrumb":{"@id":"https:\/\/www.ovidiudragosargesanu.ro\/en\/shop\/seniori\/cele-7-peceti-seniori\/#breadcrumb"},"inLanguage":"en-US","potentialAction":[{"@type":"ReadAction","target":["https:\/\/www.ovidiudragosargesanu.ro\/en\/shop\/seniori\/cele-7-peceti-seniori\/"]}]},{"@type":"ImageObject","inLanguage":"en-US","@id":"https:\/\/www.ovidiudragosargesanu.ro\/en\/shop\/seniori\/cele-7-peceti-seniori\/#primaryimage","url":"https:\/\/www.ovidiudragosargesanu.ro\/en\/wp-content\/uploads\/2024\/11\/Cele-7-Peceti.png","contentUrl":"https:\/\/www.ovidiudragosargesanu.ro\/en\/wp-content\/uploads\/2024\/11\/Cele-7-Peceti.png","width":1000,"height":1000,"caption":"Cele 7 Peceti"},{"@type":"BreadcrumbList","@id":"https:\/\/www.ovidiudragosargesanu.ro\/en\/shop\/seniori\/cele-7-peceti-seniori\/#breadcrumb","itemListElement":[{"@type":"ListItem","position":1,"name":"Prima pagin\u0103","item":"https:\/\/www.ovidiudragosargesanu.ro\/en\/"},{"@type":"ListItem","position":2,"name":"Shop","item":"https:\/\/www.ovidiudragosargesanu.ro\/en\/shop\/"},{"@type":"ListItem","position":3,"name":"Cele 7 Pece\u021bi (Seniori)"}]},{"@type":"WebSite","@id":"https:\/\/www.ovidiudragosargesanu.ro\/en\/#website","url":"https:\/\/www.ovidiudragosargesanu.ro\/en\/","name":"Ovidiu Drago\u0219 Arge\u0219anu","description":"","publisher":{"@id":"https:\/\/www.ovidiudragosargesanu.ro\/en\/#organization"},"potentialAction":[{"@type":"SearchAction","target":{"@type":"EntryPoint","urlTemplate":"https:\/\/www.ovidiudragosargesanu.ro\/en\/?s={search_term_string}"},"query-input":{"@type":"PropertyValueSpecification","valueRequired":true,"valueName":"search_term_string"}}],"inLanguage":"en-US"},{"@type":"Organization","@id":"https:\/\/www.ovidiudragosargesanu.ro\/en\/#organization","name":"Ovidiu Drago\u0219 Arge\u0219anu","url":"https:\/\/www.ovidiudragosargesanu.ro\/en\/","logo":{"@type":"ImageObject","inLanguage":"en-US","@id":"https:\/\/www.ovidiudragosargesanu.ro\/en\/#\/schema\/logo\/image\/","url":"https:\/\/www.ovidiudragosargesanu.ro\/en\/wp-content\/uploads\/2018\/03\/dragos-logo-lotus-black-400.svg","contentUrl":"https:\/\/www.ovidiudragosargesanu.ro\/en\/wp-content\/uploads\/2018\/03\/dragos-logo-lotus-black-400.svg","width":300,"height":150,"caption":"Ovidiu Drago\u0219 Arge\u0219anu"},"image":{"@id":"https:\/\/www.ovidiudragosargesanu.ro\/en\/#\/schema\/logo\/image\/"}}]}},"_links":{"self":[{"href":"https:\/\/www.ovidiudragosargesanu.ro\/en\/wp-json\/wp\/v2\/product\/27888","targetHints":{"allow":["GET"]}}],"collection":[{"href":"https:\/\/www.ovidiudragosargesanu.ro\/en\/wp-json\/wp\/v2\/product"}],"about":[{"href":"https:\/\/www.ovidiudragosargesanu.ro\/en\/wp-json\/wp\/v2\/types\/product"}],"version-history":[{"count":1,"href":"https:\/\/www.ovidiudragosargesanu.ro\/en\/wp-json\/wp\/v2\/product\/27888\/revisions"}],"predecessor-version":[{"id":27889,"href":"https:\/\/www.ovidiudragosargesanu.ro\/en\/wp-json\/wp\/v2\/product\/27888\/revisions\/27889"}],"wp:featuredmedia":[{"embeddable":true,"href":"https:\/\/www.ovidiudragosargesanu.ro\/en\/wp-json\/wp\/v2\/media\/27886"}],"wp:attachment":[{"href":"https:\/\/www.ovidiudragosargesanu.ro\/en\/wp-json\/wp\/v2\/media?parent=27888"}],"wp:term":[{"taxonomy":"product_brand","embeddable":true,"href":"https:\/\/www.ovidiudragosargesanu.ro\/en\/wp-json\/wp\/v2\/product_brand?post=27888"},{"taxonomy":"product_cat","embeddable":true,"href":"https:\/\/www.ovidiudragosargesanu.ro\/en\/wp-json\/wp\/v2\/product_cat?post=27888"},{"taxonomy":"product_tag","embeddable":true,"href":"https:\/\/www.ovidiudragosargesanu.ro\/en\/wp-json\/wp\/v2\/product_tag?post=27888"}],"curies":[{"name":"wp","href":"https:\/\/api.w.org\/{rel}","templated":true}]}}