{"id":28084,"date":"2024-11-27T17:27:29","date_gmt":"2024-11-27T15:27:29","guid":{"rendered":"https:\/\/www.ovidiudragosargesanu.ro\/?post_type=product&#038;p=28084"},"modified":"2025-04-24T09:56:22","modified_gmt":"2025-04-24T06:56:22","slug":"despre-suflet-intrebari-si-raspunsuri-seniori","status":"publish","type":"product","link":"https:\/\/www.ovidiudragosargesanu.ro\/en\/shop\/seniori\/despre-suflet-intrebari-si-raspunsuri-seniori\/","title":{"rendered":"Despre Suflet. Intrebari si raspunsuri (Seniori)"},"content":{"rendered":"<p>TOTUL depinde de suflet: \u0219i iubirea, \u0219i familia, \u0219i copiii, \u0219i banii pe care \u00eei avem,\u00a0\u0219i casa \u00een care locuim, sexul, ma\u0219ina pe care o conducem, p\u00e2n\u0103 \u0219i m\u00e2ncarea pe care\u00a0avem dreptul s\u0103 o m\u00e2nc\u0103m. Toate drepturile noastre divine sunt cuprinse \u00een suflet. Poten\u021biale, talente, virtu\u021bi, atribute masculine \u0219i feminine, toate se reg\u0103sesc sau nu \u00een suflet \u0219i este important s\u0103 \u00eenv\u0103\u021b\u0103m s\u0103 folosim ceea ce avem \u00een el, dar \u0219i s\u0103 ob\u021binem ceea ce nu avem \u0219i ne dorim.<\/p>\n<p>Despre asta este vorba \u0219i despre a deveni mai buni, mai ferici\u021bi, despre a dob\u00e2ndi bun\u0103starea \u0219i bucuria de a tr\u0103i, ceea ce f\u0103r\u0103 suflet nu se poate. Ideea este s\u0103 \u00een\u021belegem ce este sufletul, cum este alc\u0103tuit, de unde vine \u0219i ce putem face s\u0103-l cre\u0219tem, s\u0103-l \u00eembun\u0103t\u0103\u021bim \u0219i s\u0103-l facem mai valoros, iar\u00a0 atunci o s\u0103 vedem cum ni se schimb\u0103 via\u021ba \u00een bine.<\/p>\n<p>\u0218i pentru c\u0103 ne dorim cu to\u021bii s\u0103 intr\u0103m \u00een profunzimea psihicului uman, s\u0103-l \u00een\u021belegem, s\u0103 fim con\u0219tien\u021bi de ce parte din noi ne tr\u0103ie\u0219te via\u021ba, din seria c\u0103r\u021bilor cu \u00eentreb\u0103ri \u0219i r\u0103spunsuri, \u00een acest volum vom aborda una din componentele psihicului uman \u0219i anume, adev\u0103rul din noi, SUFLETUL.<\/p>\n","protected":false},"excerpt":{"rendered":"\n<table id=\"tablepress-78\" class=\"tablepress tablepress-id-78\">\n<tbody class=\"row-striping row-hover\">\n<tr class=\"row-1\">\n\t<td class=\"column-1\">Editura<\/td><td class=\"column-2\"><b>PRO DAO<\/b><\/td>\n<\/tr>\n<tr class=\"row-2\">\n\t<td class=\"column-1\">Anul Public\u0103rii<\/td><td class=\"column-2\">2024<\/td>\n<\/tr>\n<tr class=\"row-3\">\n\t<td class=\"column-1\">ISBN<\/td><td class=\"column-2\">9786069721254<\/td>\n<\/tr>\n<\/tbody>\n<\/table>\n<!-- #tablepress-78 from cache -->\n","protected":false},"featured_media":28042,"template":"","meta":{"inline_featured_image":false},"product_brand":[],"product_cat":[795],"product_tag":[672],"class_list":{"0":"post-28084","1":"product","2":"type-product","3":"status-publish","4":"has-post-thumbnail","6":"product_cat-seniori","7":"product_tag-carti","9":"first","10":"instock","11":"sale","12":"taxable","13":"shipping-taxable","14":"purchasable","15":"product-type-simple"},"yoast_head":"<!-- This site is optimized with the Yoast SEO plugin v26.9 - https:\/\/yoast.com\/product\/yoast-seo-wordpress\/ -->\n<title>Despre Suflet. Intrebari si raspunsuri (Seniori) - Ovidiu Drago\u0219 Arge\u0219anu<\/title>\n<meta name=\"description\" content=\"TOTUL depinde de suflet: \u0219i iubirea, \u0219i familia, \u0219i copiii, \u0219i banii pe care \u00eei avem,\u00a0\u0219i casa \u00een care locuim, sexul, ma\u0219ina pe care o conducem, p\u00e2n\u0103 \u0219i\" \/>\n<meta name=\"robots\" content=\"noindex, follow, max-snippet:-1, max-image-preview:large, max-video-preview:-1\" \/>\n<meta property=\"og:locale\" content=\"en_US\" \/>\n<meta property=\"og:type\" content=\"article\" \/>\n<meta property=\"og:title\" content=\"Despre Suflet. Intrebari si raspunsuri (Seniori) - Ovidiu Drago\u0219 Arge\u0219anu\" \/>\n<meta property=\"og:description\" content=\"TOTUL depinde de suflet: \u0219i iubirea, \u0219i familia, \u0219i copiii, \u0219i banii pe care \u00eei avem,\u00a0\u0219i casa \u00een care locuim, sexul, ma\u0219ina pe care o conducem, p\u00e2n\u0103 \u0219i\" \/>\n<meta property=\"og:url\" content=\"https:\/\/www.ovidiudragosargesanu.ro\/en\/shop\/seniori\/despre-suflet-intrebari-si-raspunsuri-seniori\/\" \/>\n<meta property=\"og:site_name\" content=\"Ovidiu Drago\u0219 Arge\u0219anu\" \/>\n<meta property=\"article:modified_time\" content=\"2025-04-24T06:56:22+00:00\" \/>\n<meta property=\"og:image\" content=\"https:\/\/www.ovidiudragosargesanu.ro\/en\/wp-content\/uploads\/2024\/11\/Despre-suflet.png\" \/>\n\t<meta property=\"og:image:width\" content=\"1000\" \/>\n\t<meta property=\"og:image:height\" content=\"1000\" \/>\n\t<meta property=\"og:image:type\" content=\"image\/png\" \/>\n<meta name=\"twitter:card\" content=\"summary_large_image\" \/>\n<meta name=\"twitter:label1\" content=\"Est. reading time\" \/>\n\t<meta name=\"twitter:data1\" content=\"2 minutes\" \/>\n<script type=\"application\/ld+json\" class=\"yoast-schema-graph\">{\"@context\":\"https:\/\/schema.org\",\"@graph\":[{\"@type\":\"WebPage\",\"@id\":\"https:\/\/www.ovidiudragosargesanu.ro\/en\/shop\/seniori\/despre-suflet-intrebari-si-raspunsuri-seniori\/\",\"url\":\"https:\/\/www.ovidiudragosargesanu.ro\/en\/shop\/seniori\/despre-suflet-intrebari-si-raspunsuri-seniori\/\",\"name\":\"Despre Suflet. Intrebari si raspunsuri (Seniori) - Ovidiu Drago\u0219 Arge\u0219anu\",\"isPartOf\":{\"@id\":\"https:\/\/www.ovidiudragosargesanu.ro\/en\/#website\"},\"primaryImageOfPage\":{\"@id\":\"https:\/\/www.ovidiudragosargesanu.ro\/en\/shop\/seniori\/despre-suflet-intrebari-si-raspunsuri-seniori\/#primaryimage\"},\"image\":{\"@id\":\"https:\/\/www.ovidiudragosargesanu.ro\/en\/shop\/seniori\/despre-suflet-intrebari-si-raspunsuri-seniori\/#primaryimage\"},\"thumbnailUrl\":\"https:\/\/www.ovidiudragosargesanu.ro\/en\/wp-content\/uploads\/2024\/11\/Despre-suflet.png\",\"datePublished\":\"2024-11-27T15:27:29+00:00\",\"dateModified\":\"2025-04-24T06:56:22+00:00\",\"description\":\"TOTUL depinde de suflet: \u0219i iubirea, \u0219i familia, \u0219i copiii, \u0219i banii pe care \u00eei avem,\u00a0\u0219i casa \u00een care locuim, sexul, ma\u0219ina pe care o conducem, p\u00e2n\u0103 \u0219i\",\"breadcrumb\":{\"@id\":\"https:\/\/www.ovidiudragosargesanu.ro\/en\/shop\/seniori\/despre-suflet-intrebari-si-raspunsuri-seniori\/#breadcrumb\"},\"inLanguage\":\"en-US\",\"potentialAction\":[{\"@type\":\"ReadAction\",\"target\":[\"https:\/\/www.ovidiudragosargesanu.ro\/en\/shop\/seniori\/despre-suflet-intrebari-si-raspunsuri-seniori\/\"]}]},{\"@type\":\"ImageObject\",\"inLanguage\":\"en-US\",\"@id\":\"https:\/\/www.ovidiudragosargesanu.ro\/en\/shop\/seniori\/despre-suflet-intrebari-si-raspunsuri-seniori\/#primaryimage\",\"url\":\"https:\/\/www.ovidiudragosargesanu.ro\/en\/wp-content\/uploads\/2024\/11\/Despre-suflet.png\",\"contentUrl\":\"https:\/\/www.ovidiudragosargesanu.ro\/en\/wp-content\/uploads\/2024\/11\/Despre-suflet.png\",\"width\":1000,\"height\":1000,\"caption\":\"Despre suflet. Intrebari si raspunsuri\"},{\"@type\":\"BreadcrumbList\",\"@id\":\"https:\/\/www.ovidiudragosargesanu.ro\/en\/shop\/seniori\/despre-suflet-intrebari-si-raspunsuri-seniori\/#breadcrumb\",\"itemListElement\":[{\"@type\":\"ListItem\",\"position\":1,\"name\":\"Prima pagin\u0103\",\"item\":\"https:\/\/www.ovidiudragosargesanu.ro\/en\/\"},{\"@type\":\"ListItem\",\"position\":2,\"name\":\"Shop\",\"item\":\"https:\/\/www.ovidiudragosargesanu.ro\/en\/shop\/\"},{\"@type\":\"ListItem\",\"position\":3,\"name\":\"Despre Suflet. Intrebari si raspunsuri (Seniori)\"}]},{\"@type\":\"WebSite\",\"@id\":\"https:\/\/www.ovidiudragosargesanu.ro\/en\/#website\",\"url\":\"https:\/\/www.ovidiudragosargesanu.ro\/en\/\",\"name\":\"Ovidiu Drago\u0219 Arge\u0219anu\",\"description\":\"\",\"publisher\":{\"@id\":\"https:\/\/www.ovidiudragosargesanu.ro\/en\/#organization\"},\"potentialAction\":[{\"@type\":\"SearchAction\",\"target\":{\"@type\":\"EntryPoint\",\"urlTemplate\":\"https:\/\/www.ovidiudragosargesanu.ro\/en\/?s={search_term_string}\"},\"query-input\":{\"@type\":\"PropertyValueSpecification\",\"valueRequired\":true,\"valueName\":\"search_term_string\"}}],\"inLanguage\":\"en-US\"},{\"@type\":\"Organization\",\"@id\":\"https:\/\/www.ovidiudragosargesanu.ro\/en\/#organization\",\"name\":\"Ovidiu Drago\u0219 Arge\u0219anu\",\"url\":\"https:\/\/www.ovidiudragosargesanu.ro\/en\/\",\"logo\":{\"@type\":\"ImageObject\",\"inLanguage\":\"en-US\",\"@id\":\"https:\/\/www.ovidiudragosargesanu.ro\/en\/#\/schema\/logo\/image\/\",\"url\":\"https:\/\/www.ovidiudragosargesanu.ro\/en\/wp-content\/uploads\/2018\/03\/dragos-logo-lotus-black-400.svg\",\"contentUrl\":\"https:\/\/www.ovidiudragosargesanu.ro\/en\/wp-content\/uploads\/2018\/03\/dragos-logo-lotus-black-400.svg\",\"width\":300,\"height\":150,\"caption\":\"Ovidiu Drago\u0219 Arge\u0219anu\"},\"image\":{\"@id\":\"https:\/\/www.ovidiudragosargesanu.ro\/en\/#\/schema\/logo\/image\/\"}}]}<\/script>\n<!-- \/ Yoast SEO plugin. -->","yoast_head_json":{"title":"Despre Suflet. Intrebari si raspunsuri (Seniori) - Ovidiu Drago\u0219 Arge\u0219anu","description":"TOTUL depinde de suflet: \u0219i iubirea, \u0219i familia, \u0219i copiii, \u0219i banii pe care \u00eei avem,\u00a0\u0219i casa \u00een care locuim, sexul, ma\u0219ina pe care o conducem, p\u00e2n\u0103 \u0219i","robots":{"index":"noindex","follow":"follow","max-snippet":"max-snippet:-1","max-image-preview":"max-image-preview:large","max-video-preview":"max-video-preview:-1"},"og_locale":"en_US","og_type":"article","og_title":"Despre Suflet. Intrebari si raspunsuri (Seniori) - Ovidiu Drago\u0219 Arge\u0219anu","og_description":"TOTUL depinde de suflet: \u0219i iubirea, \u0219i familia, \u0219i copiii, \u0219i banii pe care \u00eei avem,\u00a0\u0219i casa \u00een care locuim, sexul, ma\u0219ina pe care o conducem, p\u00e2n\u0103 \u0219i","og_url":"https:\/\/www.ovidiudragosargesanu.ro\/en\/shop\/seniori\/despre-suflet-intrebari-si-raspunsuri-seniori\/","og_site_name":"Ovidiu Drago\u0219 Arge\u0219anu","article_modified_time":"2025-04-24T06:56:22+00:00","og_image":[{"width":1000,"height":1000,"url":"https:\/\/www.ovidiudragosargesanu.ro\/en\/wp-content\/uploads\/2024\/11\/Despre-suflet.png","type":"image\/png"}],"twitter_card":"summary_large_image","twitter_misc":{"Est. reading time":"2 minutes"},"schema":{"@context":"https:\/\/schema.org","@graph":[{"@type":"WebPage","@id":"https:\/\/www.ovidiudragosargesanu.ro\/en\/shop\/seniori\/despre-suflet-intrebari-si-raspunsuri-seniori\/","url":"https:\/\/www.ovidiudragosargesanu.ro\/en\/shop\/seniori\/despre-suflet-intrebari-si-raspunsuri-seniori\/","name":"Despre Suflet. Intrebari si raspunsuri (Seniori) - Ovidiu Drago\u0219 Arge\u0219anu","isPartOf":{"@id":"https:\/\/www.ovidiudragosargesanu.ro\/en\/#website"},"primaryImageOfPage":{"@id":"https:\/\/www.ovidiudragosargesanu.ro\/en\/shop\/seniori\/despre-suflet-intrebari-si-raspunsuri-seniori\/#primaryimage"},"image":{"@id":"https:\/\/www.ovidiudragosargesanu.ro\/en\/shop\/seniori\/despre-suflet-intrebari-si-raspunsuri-seniori\/#primaryimage"},"thumbnailUrl":"https:\/\/www.ovidiudragosargesanu.ro\/en\/wp-content\/uploads\/2024\/11\/Despre-suflet.png","datePublished":"2024-11-27T15:27:29+00:00","dateModified":"2025-04-24T06:56:22+00:00","description":"TOTUL depinde de suflet: \u0219i iubirea, \u0219i familia, \u0219i copiii, \u0219i banii pe care \u00eei avem,\u00a0\u0219i casa \u00een care locuim, sexul, ma\u0219ina pe care o conducem, p\u00e2n\u0103 \u0219i","breadcrumb":{"@id":"https:\/\/www.ovidiudragosargesanu.ro\/en\/shop\/seniori\/despre-suflet-intrebari-si-raspunsuri-seniori\/#breadcrumb"},"inLanguage":"en-US","potentialAction":[{"@type":"ReadAction","target":["https:\/\/www.ovidiudragosargesanu.ro\/en\/shop\/seniori\/despre-suflet-intrebari-si-raspunsuri-seniori\/"]}]},{"@type":"ImageObject","inLanguage":"en-US","@id":"https:\/\/www.ovidiudragosargesanu.ro\/en\/shop\/seniori\/despre-suflet-intrebari-si-raspunsuri-seniori\/#primaryimage","url":"https:\/\/www.ovidiudragosargesanu.ro\/en\/wp-content\/uploads\/2024\/11\/Despre-suflet.png","contentUrl":"https:\/\/www.ovidiudragosargesanu.ro\/en\/wp-content\/uploads\/2024\/11\/Despre-suflet.png","width":1000,"height":1000,"caption":"Despre suflet. Intrebari si raspunsuri"},{"@type":"BreadcrumbList","@id":"https:\/\/www.ovidiudragosargesanu.ro\/en\/shop\/seniori\/despre-suflet-intrebari-si-raspunsuri-seniori\/#breadcrumb","itemListElement":[{"@type":"ListItem","position":1,"name":"Prima pagin\u0103","item":"https:\/\/www.ovidiudragosargesanu.ro\/en\/"},{"@type":"ListItem","position":2,"name":"Shop","item":"https:\/\/www.ovidiudragosargesanu.ro\/en\/shop\/"},{"@type":"ListItem","position":3,"name":"Despre Suflet. Intrebari si raspunsuri (Seniori)"}]},{"@type":"WebSite","@id":"https:\/\/www.ovidiudragosargesanu.ro\/en\/#website","url":"https:\/\/www.ovidiudragosargesanu.ro\/en\/","name":"Ovidiu Drago\u0219 Arge\u0219anu","description":"","publisher":{"@id":"https:\/\/www.ovidiudragosargesanu.ro\/en\/#organization"},"potentialAction":[{"@type":"SearchAction","target":{"@type":"EntryPoint","urlTemplate":"https:\/\/www.ovidiudragosargesanu.ro\/en\/?s={search_term_string}"},"query-input":{"@type":"PropertyValueSpecification","valueRequired":true,"valueName":"search_term_string"}}],"inLanguage":"en-US"},{"@type":"Organization","@id":"https:\/\/www.ovidiudragosargesanu.ro\/en\/#organization","name":"Ovidiu Drago\u0219 Arge\u0219anu","url":"https:\/\/www.ovidiudragosargesanu.ro\/en\/","logo":{"@type":"ImageObject","inLanguage":"en-US","@id":"https:\/\/www.ovidiudragosargesanu.ro\/en\/#\/schema\/logo\/image\/","url":"https:\/\/www.ovidiudragosargesanu.ro\/en\/wp-content\/uploads\/2018\/03\/dragos-logo-lotus-black-400.svg","contentUrl":"https:\/\/www.ovidiudragosargesanu.ro\/en\/wp-content\/uploads\/2018\/03\/dragos-logo-lotus-black-400.svg","width":300,"height":150,"caption":"Ovidiu Drago\u0219 Arge\u0219anu"},"image":{"@id":"https:\/\/www.ovidiudragosargesanu.ro\/en\/#\/schema\/logo\/image\/"}}]}},"_links":{"self":[{"href":"https:\/\/www.ovidiudragosargesanu.ro\/en\/wp-json\/wp\/v2\/product\/28084","targetHints":{"allow":["GET"]}}],"collection":[{"href":"https:\/\/www.ovidiudragosargesanu.ro\/en\/wp-json\/wp\/v2\/product"}],"about":[{"href":"https:\/\/www.ovidiudragosargesanu.ro\/en\/wp-json\/wp\/v2\/types\/product"}],"version-history":[{"count":1,"href":"https:\/\/www.ovidiudragosargesanu.ro\/en\/wp-json\/wp\/v2\/product\/28084\/revisions"}],"predecessor-version":[{"id":28085,"href":"https:\/\/www.ovidiudragosargesanu.ro\/en\/wp-json\/wp\/v2\/product\/28084\/revisions\/28085"}],"wp:featuredmedia":[{"embeddable":true,"href":"https:\/\/www.ovidiudragosargesanu.ro\/en\/wp-json\/wp\/v2\/media\/28042"}],"wp:attachment":[{"href":"https:\/\/www.ovidiudragosargesanu.ro\/en\/wp-json\/wp\/v2\/media?parent=28084"}],"wp:term":[{"taxonomy":"product_brand","embeddable":true,"href":"https:\/\/www.ovidiudragosargesanu.ro\/en\/wp-json\/wp\/v2\/product_brand?post=28084"},{"taxonomy":"product_cat","embeddable":true,"href":"https:\/\/www.ovidiudragosargesanu.ro\/en\/wp-json\/wp\/v2\/product_cat?post=28084"},{"taxonomy":"product_tag","embeddable":true,"href":"https:\/\/www.ovidiudragosargesanu.ro\/en\/wp-json\/wp\/v2\/product_tag?post=28084"}],"curies":[{"name":"wp","href":"https:\/\/api.w.org\/{rel}","templated":true}]}}