{"id":30466,"date":"2024-12-18T20:41:29","date_gmt":"2024-12-18T18:41:29","guid":{"rendered":"https:\/\/www.ovidiudragosargesanu.ro\/?post_type=product&#038;p=30466"},"modified":"2025-07-15T13:15:04","modified_gmt":"2025-07-15T10:15:04","slug":"agenda-devenirii-sunt-co-creatorul-vietii-mele","status":"publish","type":"product","link":"https:\/\/www.ovidiudragosargesanu.ro\/en\/shop\/carti\/reiki\/agenda-devenirii-sunt-co-creatorul-vietii-mele\/","title":{"rendered":"Agenda DEVENIRII. Sunt co-creatorul vietii mele"},"content":{"rendered":"<p><strong>Ce este Agenda Devenirii \u0219i de ce am considerat important s\u0103 o concep?<\/strong><\/p>\n<p>Cu to\u021bii avem un scop pe P\u0103m\u00e2nt, o misiune \u0219i nu suntem veni\u021bi la \u00eentrupare doar pentru a supravie\u021bui ci pentru a face TOTUL \u00een sensul atingerii poten\u021bialelor noastre maxime, a vindec\u0103rii trupului \u0219i sufletului nostru, a elev\u0103rii sinelui, a descoperirii darurilor \u0219i harurilor noastre, a ridic\u0103rii nivelului nostru de con\u0219tiin\u021b\u0103 \u0219i con\u0219tien\u021b\u0103, a particip\u0103rii \u0219i implic\u0103rii noastre 100% \u00een fiecare act pe care \u00eel facem, \u00een fiecare rol pe care \u00eel juc\u0103m, \u00een fiecare zi a vie\u021bii noastre.<br \/>\nSCOPUL final este cre\u0219terea \u00een spre a DEVENI varianta noastr\u0103 CEA MAI BUN\u0102. Singura persoan\u0103 responsabil\u0103 pentru VIA\u021aA pe care o tr\u0103ie\u0219ti, pentru locul \u00een care e\u0219ti acum, e\u0219ti TU \u0219i \u00een realitate depinde doar de tine s\u0103 fii \u00een acord cu voin\u021ba Creatorului \u0219i astfel s\u0103 DEVII CO-CREATORUL VIE\u021aII TALE.<br \/>\n\u0218i pentru a te sus\u021bine \u00een c\u0103l\u0103toria asta, am conceput un instrument practic \u0219i facil care te va ghida zi de zi.<\/p>\n<p><strong>De ce am nevoie de ea?<\/strong><br \/>\nPentru c\u0103 agenda devenirii este \u0218ANSA ta dac\u0103 e\u0219ti dispus s\u0103 afirmi: ,,Sunt preg\u0103tit s\u0103 fac tot ce este necesar pe calea mea pentru a \u00eenv\u0103\u021ba cum s\u0103 scap de suferin\u021b\u0103, cum s\u0103 evoluez spiritual, s\u0103 aplic instrumentele \u0219i s\u0103 m\u0103 feresc s\u0103 revin la vechile obiceiuri de a fi victim\u0103, sunt gata s\u0103 devin CO-CREATORUL VIE\u021aII MELE !&#8221;.<\/p>\n<p><strong>Ce plus valoare \u00eemi aduce?<\/strong><br \/>\nAgenda DEVENIRII este un instrument prin care vei deprinde bazele sistemelor Reiki Usui, Karuna \u0219i Shamballa MDH, precum \u0219i radiestezia aplicat\u0103. Un instrument care te va ghida, pas cu pas, prin explica\u021bii, exerci\u021bii \u0219i exemple clare, medita\u021bii, rug\u0103ciuni \u0219i ritualuri pe care le po\u021bi aplica \u00een fiecare zi a vie\u021bii tale, pentru a-\u021bi optimiza toate aspectele ei: Karma de neam \u0219i karma personal\u0103; rela\u021bia cu \u00eengerii; vindecarea r\u0103nilor emo\u021bionale; vindecarea \u0219i integrarea Umbrei &#8211; Deprogramarea negativ\u0103; Rela\u021bia cu Principiul Feminin Divin; Rela\u021bia cu Principul Masculin Divin; Feminitate\/ Masculinitate.<\/p>\n<p><strong>De ce a\u0219 vrea sa o am \u00een fiecare zi \u0219i ce s\u0103 scriu \u00een ea?<\/strong><br \/>\nEvolu\u021bia personal\u0103 este un proces care necesit\u0103 implicare zilnic\u0103. Dac\u0103 ai decis s\u0103 mergi pe aceast\u0103 cale, nu l\u0103sa nici o zi s\u0103 treac\u0103 f\u0103r\u0103 s\u0103 faci ceva pentru tine \u0219i Dumnezeu.<br \/>\nAm structurat agenda astfel \u00eenc\u00e2t s\u0103 te po\u021bi ajuta de ea \u00een fiecare zi \u0219i te \u00eendemn s\u0103 o por\u021bi la tine zilnic \u00een geant\u0103, \u00een ma\u0219in\u0103, la birou, \u00een c\u0103l\u0103torii, s\u0103 devin\u0103 accesoriul t\u0103u de care nu te despar\u021bi, exact ca \u0219i telefonul mobil. F\u0103 din cre\u0219terea ta, noul t\u0103u stil de via\u021b\u0103.<\/p>\n","protected":false},"excerpt":{"rendered":"\n<table id=\"tablepress-79\" class=\"tablepress tablepress-id-79\">\n<tbody class=\"row-striping row-hover\">\n<tr class=\"row-1\">\n\t<td class=\"column-1\">Editura<\/td><td class=\"column-2\"><b>PRO DAO<\/b><\/td>\n<\/tr>\n<tr class=\"row-2\">\n\t<td class=\"column-1\">Anul Public\u0103rii<\/td><td class=\"column-2\">2024<\/td>\n<\/tr>\n<tr class=\"row-3\">\n\t<td class=\"column-1\">ISBN<\/td><td class=\"column-2\">9786069721278<\/td>\n<\/tr>\n<\/tbody>\n<\/table>\n<!-- #tablepress-79 from cache -->\n","protected":false},"featured_media":30471,"template":"","meta":{"inline_featured_image":false},"product_brand":[],"product_cat":[527,662,635,660,661],"product_tag":[672],"class_list":{"0":"post-30466","1":"product","2":"type-product","3":"status-publish","4":"has-post-thumbnail","6":"product_cat-carti","7":"product_cat-dezvoltare-personala","8":"product_cat-reiki","9":"product_cat-spiritualitate","10":"product_cat-terapii-complementare","11":"product_tag-carti","13":"first","14":"instock","15":"taxable","16":"shipping-taxable","17":"purchasable","18":"product-type-simple"},"yoast_head":"<!-- This site is optimized with the Yoast SEO plugin v26.9 - https:\/\/yoast.com\/product\/yoast-seo-wordpress\/ -->\n<title>Agenda DEVENIRII. Sunt co-creatorul vietii mele - Ovidiu Drago\u0219 Arge\u0219anu<\/title>\n<meta name=\"description\" content=\",,Agenda DEVENIRII. Sunt co-creatorul vietii mele\u201d este un instrument prin care vei deprinde bazele sistemelor Reiki Usui, Karuna \u0219i Shamballa MDH\" \/>\n<meta name=\"robots\" content=\"noindex, follow, max-snippet:-1, max-image-preview:large, max-video-preview:-1\" \/>\n<meta property=\"og:locale\" content=\"en_US\" \/>\n<meta property=\"og:type\" content=\"article\" \/>\n<meta property=\"og:title\" content=\"Agenda DEVENIRII. Sunt co-creatorul vietii mele - Ovidiu Drago\u0219 Arge\u0219anu\" \/>\n<meta property=\"og:description\" content=\",,Agenda DEVENIRII. Sunt co-creatorul vietii mele\u201d este un instrument prin care vei deprinde bazele sistemelor Reiki Usui, Karuna \u0219i Shamballa MDH\" \/>\n<meta property=\"og:url\" content=\"https:\/\/www.ovidiudragosargesanu.ro\/en\/shop\/carti\/reiki\/agenda-devenirii-sunt-co-creatorul-vietii-mele\/\" \/>\n<meta property=\"og:site_name\" content=\"Ovidiu Drago\u0219 Arge\u0219anu\" \/>\n<meta property=\"article:modified_time\" content=\"2025-07-15T10:15:04+00:00\" \/>\n<meta property=\"og:image\" content=\"https:\/\/www.ovidiudragosargesanu.ro\/en\/wp-content\/uploads\/2024\/12\/Agenda-DEVENIRII.-Sunt-co-creatorul-vietii-mele-1000-1000.png\" \/>\n\t<meta property=\"og:image:width\" content=\"1000\" \/>\n\t<meta property=\"og:image:height\" content=\"1000\" \/>\n\t<meta property=\"og:image:type\" content=\"image\/png\" \/>\n<meta name=\"twitter:card\" content=\"summary_large_image\" \/>\n<meta name=\"twitter:label1\" content=\"Est. reading time\" \/>\n\t<meta name=\"twitter:data1\" content=\"3 minutes\" \/>\n<script type=\"application\/ld+json\" class=\"yoast-schema-graph\">{\"@context\":\"https:\/\/schema.org\",\"@graph\":[{\"@type\":\"WebPage\",\"@id\":\"https:\/\/www.ovidiudragosargesanu.ro\/en\/shop\/carti\/reiki\/agenda-devenirii-sunt-co-creatorul-vietii-mele\/\",\"url\":\"https:\/\/www.ovidiudragosargesanu.ro\/en\/shop\/carti\/reiki\/agenda-devenirii-sunt-co-creatorul-vietii-mele\/\",\"name\":\"Agenda DEVENIRII. Sunt co-creatorul vietii mele - Ovidiu Drago\u0219 Arge\u0219anu\",\"isPartOf\":{\"@id\":\"https:\/\/www.ovidiudragosargesanu.ro\/en\/#website\"},\"primaryImageOfPage\":{\"@id\":\"https:\/\/www.ovidiudragosargesanu.ro\/en\/shop\/carti\/reiki\/agenda-devenirii-sunt-co-creatorul-vietii-mele\/#primaryimage\"},\"image\":{\"@id\":\"https:\/\/www.ovidiudragosargesanu.ro\/en\/shop\/carti\/reiki\/agenda-devenirii-sunt-co-creatorul-vietii-mele\/#primaryimage\"},\"thumbnailUrl\":\"https:\/\/www.ovidiudragosargesanu.ro\/en\/wp-content\/uploads\/2024\/12\/Agenda-DEVENIRII.-Sunt-co-creatorul-vietii-mele-1000-1000.png\",\"datePublished\":\"2024-12-18T18:41:29+00:00\",\"dateModified\":\"2025-07-15T10:15:04+00:00\",\"description\":\",,Agenda DEVENIRII. Sunt co-creatorul vietii mele\u201d este un instrument prin care vei deprinde bazele sistemelor Reiki Usui, Karuna \u0219i Shamballa MDH\",\"breadcrumb\":{\"@id\":\"https:\/\/www.ovidiudragosargesanu.ro\/en\/shop\/carti\/reiki\/agenda-devenirii-sunt-co-creatorul-vietii-mele\/#breadcrumb\"},\"inLanguage\":\"en-US\",\"potentialAction\":[{\"@type\":\"ReadAction\",\"target\":[\"https:\/\/www.ovidiudragosargesanu.ro\/en\/shop\/carti\/reiki\/agenda-devenirii-sunt-co-creatorul-vietii-mele\/\"]}]},{\"@type\":\"ImageObject\",\"inLanguage\":\"en-US\",\"@id\":\"https:\/\/www.ovidiudragosargesanu.ro\/en\/shop\/carti\/reiki\/agenda-devenirii-sunt-co-creatorul-vietii-mele\/#primaryimage\",\"url\":\"https:\/\/www.ovidiudragosargesanu.ro\/en\/wp-content\/uploads\/2024\/12\/Agenda-DEVENIRII.-Sunt-co-creatorul-vietii-mele-1000-1000.png\",\"contentUrl\":\"https:\/\/www.ovidiudragosargesanu.ro\/en\/wp-content\/uploads\/2024\/12\/Agenda-DEVENIRII.-Sunt-co-creatorul-vietii-mele-1000-1000.png\",\"width\":1000,\"height\":1000,\"caption\":\"Agenda DEVENIRII. Sunt co-creatorul vietii mele\"},{\"@type\":\"BreadcrumbList\",\"@id\":\"https:\/\/www.ovidiudragosargesanu.ro\/en\/shop\/carti\/reiki\/agenda-devenirii-sunt-co-creatorul-vietii-mele\/#breadcrumb\",\"itemListElement\":[{\"@type\":\"ListItem\",\"position\":1,\"name\":\"Prima pagin\u0103\",\"item\":\"https:\/\/www.ovidiudragosargesanu.ro\/en\/\"},{\"@type\":\"ListItem\",\"position\":2,\"name\":\"Shop\",\"item\":\"https:\/\/www.ovidiudragosargesanu.ro\/en\/shop\/\"},{\"@type\":\"ListItem\",\"position\":3,\"name\":\"Agenda DEVENIRII. Sunt co-creatorul vietii mele\"}]},{\"@type\":\"WebSite\",\"@id\":\"https:\/\/www.ovidiudragosargesanu.ro\/en\/#website\",\"url\":\"https:\/\/www.ovidiudragosargesanu.ro\/en\/\",\"name\":\"Ovidiu Drago\u0219 Arge\u0219anu\",\"description\":\"\",\"publisher\":{\"@id\":\"https:\/\/www.ovidiudragosargesanu.ro\/en\/#organization\"},\"potentialAction\":[{\"@type\":\"SearchAction\",\"target\":{\"@type\":\"EntryPoint\",\"urlTemplate\":\"https:\/\/www.ovidiudragosargesanu.ro\/en\/?s={search_term_string}\"},\"query-input\":{\"@type\":\"PropertyValueSpecification\",\"valueRequired\":true,\"valueName\":\"search_term_string\"}}],\"inLanguage\":\"en-US\"},{\"@type\":\"Organization\",\"@id\":\"https:\/\/www.ovidiudragosargesanu.ro\/en\/#organization\",\"name\":\"Ovidiu Drago\u0219 Arge\u0219anu\",\"url\":\"https:\/\/www.ovidiudragosargesanu.ro\/en\/\",\"logo\":{\"@type\":\"ImageObject\",\"inLanguage\":\"en-US\",\"@id\":\"https:\/\/www.ovidiudragosargesanu.ro\/en\/#\/schema\/logo\/image\/\",\"url\":\"https:\/\/www.ovidiudragosargesanu.ro\/en\/wp-content\/uploads\/2018\/03\/dragos-logo-lotus-black-400.svg\",\"contentUrl\":\"https:\/\/www.ovidiudragosargesanu.ro\/en\/wp-content\/uploads\/2018\/03\/dragos-logo-lotus-black-400.svg\",\"width\":300,\"height\":150,\"caption\":\"Ovidiu Drago\u0219 Arge\u0219anu\"},\"image\":{\"@id\":\"https:\/\/www.ovidiudragosargesanu.ro\/en\/#\/schema\/logo\/image\/\"}}]}<\/script>\n<!-- \/ Yoast SEO plugin. -->","yoast_head_json":{"title":"Agenda DEVENIRII. Sunt co-creatorul vietii mele - Ovidiu Drago\u0219 Arge\u0219anu","description":",,Agenda DEVENIRII. Sunt co-creatorul vietii mele\u201d este un instrument prin care vei deprinde bazele sistemelor Reiki Usui, Karuna \u0219i Shamballa MDH","robots":{"index":"noindex","follow":"follow","max-snippet":"max-snippet:-1","max-image-preview":"max-image-preview:large","max-video-preview":"max-video-preview:-1"},"og_locale":"en_US","og_type":"article","og_title":"Agenda DEVENIRII. Sunt co-creatorul vietii mele - Ovidiu Drago\u0219 Arge\u0219anu","og_description":",,Agenda DEVENIRII. Sunt co-creatorul vietii mele\u201d este un instrument prin care vei deprinde bazele sistemelor Reiki Usui, Karuna \u0219i Shamballa MDH","og_url":"https:\/\/www.ovidiudragosargesanu.ro\/en\/shop\/carti\/reiki\/agenda-devenirii-sunt-co-creatorul-vietii-mele\/","og_site_name":"Ovidiu Drago\u0219 Arge\u0219anu","article_modified_time":"2025-07-15T10:15:04+00:00","og_image":[{"width":1000,"height":1000,"url":"https:\/\/www.ovidiudragosargesanu.ro\/en\/wp-content\/uploads\/2024\/12\/Agenda-DEVENIRII.-Sunt-co-creatorul-vietii-mele-1000-1000.png","type":"image\/png"}],"twitter_card":"summary_large_image","twitter_misc":{"Est. reading time":"3 minutes"},"schema":{"@context":"https:\/\/schema.org","@graph":[{"@type":"WebPage","@id":"https:\/\/www.ovidiudragosargesanu.ro\/en\/shop\/carti\/reiki\/agenda-devenirii-sunt-co-creatorul-vietii-mele\/","url":"https:\/\/www.ovidiudragosargesanu.ro\/en\/shop\/carti\/reiki\/agenda-devenirii-sunt-co-creatorul-vietii-mele\/","name":"Agenda DEVENIRII. Sunt co-creatorul vietii mele - Ovidiu Drago\u0219 Arge\u0219anu","isPartOf":{"@id":"https:\/\/www.ovidiudragosargesanu.ro\/en\/#website"},"primaryImageOfPage":{"@id":"https:\/\/www.ovidiudragosargesanu.ro\/en\/shop\/carti\/reiki\/agenda-devenirii-sunt-co-creatorul-vietii-mele\/#primaryimage"},"image":{"@id":"https:\/\/www.ovidiudragosargesanu.ro\/en\/shop\/carti\/reiki\/agenda-devenirii-sunt-co-creatorul-vietii-mele\/#primaryimage"},"thumbnailUrl":"https:\/\/www.ovidiudragosargesanu.ro\/en\/wp-content\/uploads\/2024\/12\/Agenda-DEVENIRII.-Sunt-co-creatorul-vietii-mele-1000-1000.png","datePublished":"2024-12-18T18:41:29+00:00","dateModified":"2025-07-15T10:15:04+00:00","description":",,Agenda DEVENIRII. Sunt co-creatorul vietii mele\u201d este un instrument prin care vei deprinde bazele sistemelor Reiki Usui, Karuna \u0219i Shamballa MDH","breadcrumb":{"@id":"https:\/\/www.ovidiudragosargesanu.ro\/en\/shop\/carti\/reiki\/agenda-devenirii-sunt-co-creatorul-vietii-mele\/#breadcrumb"},"inLanguage":"en-US","potentialAction":[{"@type":"ReadAction","target":["https:\/\/www.ovidiudragosargesanu.ro\/en\/shop\/carti\/reiki\/agenda-devenirii-sunt-co-creatorul-vietii-mele\/"]}]},{"@type":"ImageObject","inLanguage":"en-US","@id":"https:\/\/www.ovidiudragosargesanu.ro\/en\/shop\/carti\/reiki\/agenda-devenirii-sunt-co-creatorul-vietii-mele\/#primaryimage","url":"https:\/\/www.ovidiudragosargesanu.ro\/en\/wp-content\/uploads\/2024\/12\/Agenda-DEVENIRII.-Sunt-co-creatorul-vietii-mele-1000-1000.png","contentUrl":"https:\/\/www.ovidiudragosargesanu.ro\/en\/wp-content\/uploads\/2024\/12\/Agenda-DEVENIRII.-Sunt-co-creatorul-vietii-mele-1000-1000.png","width":1000,"height":1000,"caption":"Agenda DEVENIRII. Sunt co-creatorul vietii mele"},{"@type":"BreadcrumbList","@id":"https:\/\/www.ovidiudragosargesanu.ro\/en\/shop\/carti\/reiki\/agenda-devenirii-sunt-co-creatorul-vietii-mele\/#breadcrumb","itemListElement":[{"@type":"ListItem","position":1,"name":"Prima pagin\u0103","item":"https:\/\/www.ovidiudragosargesanu.ro\/en\/"},{"@type":"ListItem","position":2,"name":"Shop","item":"https:\/\/www.ovidiudragosargesanu.ro\/en\/shop\/"},{"@type":"ListItem","position":3,"name":"Agenda DEVENIRII. Sunt co-creatorul vietii mele"}]},{"@type":"WebSite","@id":"https:\/\/www.ovidiudragosargesanu.ro\/en\/#website","url":"https:\/\/www.ovidiudragosargesanu.ro\/en\/","name":"Ovidiu Drago\u0219 Arge\u0219anu","description":"","publisher":{"@id":"https:\/\/www.ovidiudragosargesanu.ro\/en\/#organization"},"potentialAction":[{"@type":"SearchAction","target":{"@type":"EntryPoint","urlTemplate":"https:\/\/www.ovidiudragosargesanu.ro\/en\/?s={search_term_string}"},"query-input":{"@type":"PropertyValueSpecification","valueRequired":true,"valueName":"search_term_string"}}],"inLanguage":"en-US"},{"@type":"Organization","@id":"https:\/\/www.ovidiudragosargesanu.ro\/en\/#organization","name":"Ovidiu Drago\u0219 Arge\u0219anu","url":"https:\/\/www.ovidiudragosargesanu.ro\/en\/","logo":{"@type":"ImageObject","inLanguage":"en-US","@id":"https:\/\/www.ovidiudragosargesanu.ro\/en\/#\/schema\/logo\/image\/","url":"https:\/\/www.ovidiudragosargesanu.ro\/en\/wp-content\/uploads\/2018\/03\/dragos-logo-lotus-black-400.svg","contentUrl":"https:\/\/www.ovidiudragosargesanu.ro\/en\/wp-content\/uploads\/2018\/03\/dragos-logo-lotus-black-400.svg","width":300,"height":150,"caption":"Ovidiu Drago\u0219 Arge\u0219anu"},"image":{"@id":"https:\/\/www.ovidiudragosargesanu.ro\/en\/#\/schema\/logo\/image\/"}}]}},"_links":{"self":[{"href":"https:\/\/www.ovidiudragosargesanu.ro\/en\/wp-json\/wp\/v2\/product\/30466","targetHints":{"allow":["GET"]}}],"collection":[{"href":"https:\/\/www.ovidiudragosargesanu.ro\/en\/wp-json\/wp\/v2\/product"}],"about":[{"href":"https:\/\/www.ovidiudragosargesanu.ro\/en\/wp-json\/wp\/v2\/types\/product"}],"version-history":[{"count":5,"href":"https:\/\/www.ovidiudragosargesanu.ro\/en\/wp-json\/wp\/v2\/product\/30466\/revisions"}],"predecessor-version":[{"id":49398,"href":"https:\/\/www.ovidiudragosargesanu.ro\/en\/wp-json\/wp\/v2\/product\/30466\/revisions\/49398"}],"wp:featuredmedia":[{"embeddable":true,"href":"https:\/\/www.ovidiudragosargesanu.ro\/en\/wp-json\/wp\/v2\/media\/30471"}],"wp:attachment":[{"href":"https:\/\/www.ovidiudragosargesanu.ro\/en\/wp-json\/wp\/v2\/media?parent=30466"}],"wp:term":[{"taxonomy":"product_brand","embeddable":true,"href":"https:\/\/www.ovidiudragosargesanu.ro\/en\/wp-json\/wp\/v2\/product_brand?post=30466"},{"taxonomy":"product_cat","embeddable":true,"href":"https:\/\/www.ovidiudragosargesanu.ro\/en\/wp-json\/wp\/v2\/product_cat?post=30466"},{"taxonomy":"product_tag","embeddable":true,"href":"https:\/\/www.ovidiudragosargesanu.ro\/en\/wp-json\/wp\/v2\/product_tag?post=30466"}],"curies":[{"name":"wp","href":"https:\/\/api.w.org\/{rel}","templated":true}]}}