{"id":35083,"date":"2025-01-23T22:54:33","date_gmt":"2025-01-23T20:54:33","guid":{"rendered":"https:\/\/www.ovidiudragosargesanu.ro\/?post_type=product&#038;p=35083"},"modified":"2025-10-02T16:49:02","modified_gmt":"2025-10-02T13:49:02","slug":"curs-cresterea-puterii-interioare-prin-ingeri-bucuresti-acces-online","status":"publish","type":"product","link":"https:\/\/www.ovidiudragosargesanu.ro\/en\/shop\/cursuri-premium\/entitati-cursuri-premium\/curs-cresterea-puterii-interioare-prin-ingeri-bucuresti-acces-online\/","title":{"rendered":"Curs: Cresterea puterii interioare prin ingeri &#8211; Bucuresti &#8211; acces online"},"content":{"rendered":"<p><span style=\"font-weight: 400;\">Te invit s\u0103 vizionezi cursul meu: <\/span><b>,,Cre\u0219terea puterii interioare prin \u00eengeri&#8221;, <\/b>pe care l-am sus\u021binut \u00ee<span style=\"font-weight: 400;\">n Bucure\u0219ti, \u00een data de 3 februarie.<\/span><\/p>\n<p><span style=\"font-weight: 400;\">\u00cen acest curs \u00ee\u021bi voi ghida pa\u0219ii pentru a \u00een\u021belege \u0219i lucra cu <\/span><b>micro \u00eengerii<\/b><span style=\"font-weight: 400;\"> \u0219i cu <\/span><b>\u00eengerii universului nostru<\/b><span style=\"font-weight: 400;\">, cei care te \u00eenso\u021besc \u00een fiecare moment, preg\u0103ti\u021bi s\u0103-\u021bi amplifice puterea interioar\u0103.\u00a0<\/span><\/p>\n<p><span style=\"font-weight: 400;\">\u00ce\u021bi voi ar\u0103ta cum s\u0103:<\/span><span style=\"font-weight: 400;\"><br \/>\n<\/span><span style=\"font-weight: 400;\">* <\/span><b>Ridici vibra\u021bia<\/b><span style=\"font-weight: 400;\">, astfel \u00eenc\u00e2t \u00eengerii s\u0103 se manifeste mai intens \u00een via\u021ba ta.<\/span><span style=\"font-weight: 400;\"><br \/>\n<\/span><span style=\"font-weight: 400;\">* <\/span><b>Te conectezi cu \u00eengerii<\/b><span style=\"font-weight: 400;\">, prin tehnici practice \u0219i u\u0219or de aplicat.<\/span><span style=\"font-weight: 400;\"><br \/>\n<\/span><span style=\"font-weight: 400;\">* <\/span><b>Amplifici prezen\u021ba \u00eengerilor<\/b><span style=\"font-weight: 400;\">, astfel \u00eenc\u00e2t s\u0103 te sim\u021bi protejat(\u0103) \u0219i ghidat(\u0103) zi de zi.<\/span><span style=\"font-weight: 400;\"><br \/>\n<\/span><span style=\"font-weight: 400;\">* <\/span><b>Aliniezi inten\u021biile tale cu lumina divin\u0103<\/b><span style=\"font-weight: 400;\">, pentru a atrage protec\u021bie \u0219i ghidare constant\u0103.<\/span><span style=\"font-weight: 400;\"><br \/>\n<\/span><span style=\"font-weight: 400;\">* <\/span><b>Facilitezi cre\u0219terea puterii \u00eengerilor<\/b><span style=\"font-weight: 400;\">, \u00eenv\u0103\u021b\u00e2nd cum energia lor poate deveni un sprijin real \u00een via\u021ba ta.<\/span><\/p>\n<h3><b>Ce vei \u00eenv\u0103\u021ba concret?<\/b><\/h3>\n<p><span style=\"font-weight: 400;\">\u2714 Cum s\u0103 recuno\u0219ti rolul \u00eengerilor \u00een evolu\u021bia ta spiritual\u0103 \u0219i s\u0103-i chemi \u00een ajutor.<\/span><span style=\"font-weight: 400;\"><br \/>\n<\/span><span style=\"font-weight: 400;\">\u2714 Tehnici puternice pentru a lucra cu energia lor zilnic.<\/span><span style=\"font-weight: 400;\"><br \/>\n<\/span><span style=\"font-weight: 400;\">\u2714 Cum s\u0103 stabile\u0219ti o leg\u0103tur\u0103 autentic\u0103 cu \u00eengerii t\u0103i p\u0103zitori.<\/span><span style=\"font-weight: 400;\"><br \/>\n<\/span><span style=\"font-weight: 400;\">\u2714 Modalit\u0103\u021bi de a atrage protec\u021bia \u0219i ghidarea lor divin\u0103 \u00een orice situa\u021bie.<\/span><\/p>\n<p><span style=\"font-weight: 400;\">Indiferent dac\u0103 e\u0219ti la \u00eenceputul drumului spiritual sau cau\u021bi s\u0103 aprofundezi aceast\u0103 conexiune, acest curs \u00ee\u021bi poate aduce claritate, putere interioar\u0103 \u0219i echilibru interior.<\/span><\/p>\n","protected":false},"excerpt":{"rendered":"<p><span style=\"font-weight: 400;\">ACCES NELIMITAT!<\/span><\/p>\n<p><span style=\"font-weight: 400;\">Te invit s\u0103 vizionezi cursul meu: <\/span><b>,,Cre\u0219terea puterii interioare prin \u00eengeri&#8221;, <\/b>pe care l-am sus\u021binut \u00ee<span style=\"font-weight: 400;\">n Bucure\u0219ti, \u00een data de 3 februarie.<\/span><\/p>\n","protected":false},"featured_media":65954,"template":"","meta":{"inline_featured_image":false},"product_brand":[],"product_cat":[602,734],"product_tag":[],"class_list":{"0":"post-35083","1":"product","2":"type-product","3":"status-publish","4":"has-post-thumbnail","6":"product_cat-cursuri-premium","7":"product_cat-entitati-cursuri-premium","9":"first","10":"instock","11":"virtual","12":"sold-individually","13":"taxable","14":"purchasable","15":"product-type-simple"},"yoast_head":"<!-- This site is optimized with the Yoast SEO plugin v26.9 - https:\/\/yoast.com\/product\/yoast-seo-wordpress\/ -->\n<title>Curs: Cresterea puterii interioare prin ingeri - Bucuresti - acces online - Ovidiu Drago\u0219 Arge\u0219anu<\/title>\n<meta name=\"description\" content=\"Te invit la un nou curs live-online &amp; \u00een sal\u0103: ,,Cre\u0219terea puterii interioare prin \u00eengeri&quot; \u00een Bucure\u0219ti, \u00een data de 3 februarie 2025, \u00eencep\u00e2nd cu ora 18:00.\" \/>\n<meta name=\"robots\" content=\"noindex, follow, max-snippet:-1, max-image-preview:large, max-video-preview:-1\" \/>\n<meta property=\"og:locale\" content=\"en_US\" \/>\n<meta property=\"og:type\" content=\"article\" \/>\n<meta property=\"og:title\" content=\"Curs: Cresterea puterii interioare prin ingeri - Bucuresti - acces online - Ovidiu Drago\u0219 Arge\u0219anu\" \/>\n<meta property=\"og:description\" content=\"Te invit la un nou curs live-online &amp; \u00een sal\u0103: ,,Cre\u0219terea puterii interioare prin \u00eengeri&quot; \u00een Bucure\u0219ti, \u00een data de 3 februarie 2025, \u00eencep\u00e2nd cu ora 18:00.\" \/>\n<meta property=\"og:url\" content=\"https:\/\/www.ovidiudragosargesanu.ro\/en\/shop\/cursuri-premium\/entitati-cursuri-premium\/curs-cresterea-puterii-interioare-prin-ingeri-bucuresti-acces-online\/\" \/>\n<meta property=\"og:site_name\" content=\"Ovidiu Drago\u0219 Arge\u0219anu\" \/>\n<meta property=\"article:modified_time\" content=\"2025-10-02T13:49:02+00:00\" \/>\n<meta property=\"og:image\" content=\"https:\/\/www.ovidiudragosargesanu.ro\/en\/wp-content\/uploads\/2025\/01\/Curs-premium-Cresterea-puterii-interioare-prin-ingeri-Bucuresti-600X800.png\" \/>\n\t<meta property=\"og:image:width\" content=\"600\" \/>\n\t<meta property=\"og:image:height\" content=\"800\" \/>\n\t<meta property=\"og:image:type\" content=\"image\/png\" \/>\n<meta name=\"twitter:card\" content=\"summary_large_image\" \/>\n<meta name=\"twitter:label1\" content=\"Est. reading time\" \/>\n\t<meta name=\"twitter:data1\" content=\"2 minutes\" \/>\n<script type=\"application\/ld+json\" class=\"yoast-schema-graph\">{\"@context\":\"https:\/\/schema.org\",\"@graph\":[{\"@type\":\"WebPage\",\"@id\":\"https:\/\/www.ovidiudragosargesanu.ro\/en\/shop\/cursuri-premium\/entitati-cursuri-premium\/curs-cresterea-puterii-interioare-prin-ingeri-bucuresti-acces-online\/\",\"url\":\"https:\/\/www.ovidiudragosargesanu.ro\/en\/shop\/cursuri-premium\/entitati-cursuri-premium\/curs-cresterea-puterii-interioare-prin-ingeri-bucuresti-acces-online\/\",\"name\":\"Curs: Cresterea puterii interioare prin ingeri - Bucuresti - acces online - Ovidiu Drago\u0219 Arge\u0219anu\",\"isPartOf\":{\"@id\":\"https:\/\/www.ovidiudragosargesanu.ro\/en\/#website\"},\"primaryImageOfPage\":{\"@id\":\"https:\/\/www.ovidiudragosargesanu.ro\/en\/shop\/cursuri-premium\/entitati-cursuri-premium\/curs-cresterea-puterii-interioare-prin-ingeri-bucuresti-acces-online\/#primaryimage\"},\"image\":{\"@id\":\"https:\/\/www.ovidiudragosargesanu.ro\/en\/shop\/cursuri-premium\/entitati-cursuri-premium\/curs-cresterea-puterii-interioare-prin-ingeri-bucuresti-acces-online\/#primaryimage\"},\"thumbnailUrl\":\"https:\/\/www.ovidiudragosargesanu.ro\/en\/wp-content\/uploads\/2025\/01\/Curs-premium-Cresterea-puterii-interioare-prin-ingeri-Bucuresti-600X800.png\",\"datePublished\":\"2025-01-23T20:54:33+00:00\",\"dateModified\":\"2025-10-02T13:49:02+00:00\",\"description\":\"Te invit la un nou curs live-online & \u00een sal\u0103: ,,Cre\u0219terea puterii interioare prin \u00eengeri\\\" \u00een Bucure\u0219ti, \u00een data de 3 februarie 2025, \u00eencep\u00e2nd cu ora 18:00.\",\"breadcrumb\":{\"@id\":\"https:\/\/www.ovidiudragosargesanu.ro\/en\/shop\/cursuri-premium\/entitati-cursuri-premium\/curs-cresterea-puterii-interioare-prin-ingeri-bucuresti-acces-online\/#breadcrumb\"},\"inLanguage\":\"en-US\",\"potentialAction\":[{\"@type\":\"ReadAction\",\"target\":[\"https:\/\/www.ovidiudragosargesanu.ro\/en\/shop\/cursuri-premium\/entitati-cursuri-premium\/curs-cresterea-puterii-interioare-prin-ingeri-bucuresti-acces-online\/\"]}]},{\"@type\":\"ImageObject\",\"inLanguage\":\"en-US\",\"@id\":\"https:\/\/www.ovidiudragosargesanu.ro\/en\/shop\/cursuri-premium\/entitati-cursuri-premium\/curs-cresterea-puterii-interioare-prin-ingeri-bucuresti-acces-online\/#primaryimage\",\"url\":\"https:\/\/www.ovidiudragosargesanu.ro\/en\/wp-content\/uploads\/2025\/01\/Curs-premium-Cresterea-puterii-interioare-prin-ingeri-Bucuresti-600X800.png\",\"contentUrl\":\"https:\/\/www.ovidiudragosargesanu.ro\/en\/wp-content\/uploads\/2025\/01\/Curs-premium-Cresterea-puterii-interioare-prin-ingeri-Bucuresti-600X800.png\",\"width\":600,\"height\":800},{\"@type\":\"BreadcrumbList\",\"@id\":\"https:\/\/www.ovidiudragosargesanu.ro\/en\/shop\/cursuri-premium\/entitati-cursuri-premium\/curs-cresterea-puterii-interioare-prin-ingeri-bucuresti-acces-online\/#breadcrumb\",\"itemListElement\":[{\"@type\":\"ListItem\",\"position\":1,\"name\":\"Prima pagin\u0103\",\"item\":\"https:\/\/www.ovidiudragosargesanu.ro\/en\/\"},{\"@type\":\"ListItem\",\"position\":2,\"name\":\"Shop\",\"item\":\"https:\/\/www.ovidiudragosargesanu.ro\/en\/shop\/\"},{\"@type\":\"ListItem\",\"position\":3,\"name\":\"Curs: Cresterea puterii interioare prin ingeri &#8211; Bucuresti &#8211; acces online\"}]},{\"@type\":\"WebSite\",\"@id\":\"https:\/\/www.ovidiudragosargesanu.ro\/en\/#website\",\"url\":\"https:\/\/www.ovidiudragosargesanu.ro\/en\/\",\"name\":\"Ovidiu Drago\u0219 Arge\u0219anu\",\"description\":\"\",\"publisher\":{\"@id\":\"https:\/\/www.ovidiudragosargesanu.ro\/en\/#organization\"},\"potentialAction\":[{\"@type\":\"SearchAction\",\"target\":{\"@type\":\"EntryPoint\",\"urlTemplate\":\"https:\/\/www.ovidiudragosargesanu.ro\/en\/?s={search_term_string}\"},\"query-input\":{\"@type\":\"PropertyValueSpecification\",\"valueRequired\":true,\"valueName\":\"search_term_string\"}}],\"inLanguage\":\"en-US\"},{\"@type\":\"Organization\",\"@id\":\"https:\/\/www.ovidiudragosargesanu.ro\/en\/#organization\",\"name\":\"Ovidiu Drago\u0219 Arge\u0219anu\",\"url\":\"https:\/\/www.ovidiudragosargesanu.ro\/en\/\",\"logo\":{\"@type\":\"ImageObject\",\"inLanguage\":\"en-US\",\"@id\":\"https:\/\/www.ovidiudragosargesanu.ro\/en\/#\/schema\/logo\/image\/\",\"url\":\"https:\/\/www.ovidiudragosargesanu.ro\/en\/wp-content\/uploads\/2018\/03\/dragos-logo-lotus-black-400.svg\",\"contentUrl\":\"https:\/\/www.ovidiudragosargesanu.ro\/en\/wp-content\/uploads\/2018\/03\/dragos-logo-lotus-black-400.svg\",\"width\":300,\"height\":150,\"caption\":\"Ovidiu Drago\u0219 Arge\u0219anu\"},\"image\":{\"@id\":\"https:\/\/www.ovidiudragosargesanu.ro\/en\/#\/schema\/logo\/image\/\"}}]}<\/script>\n<!-- \/ Yoast SEO plugin. -->","yoast_head_json":{"title":"Curs: Cresterea puterii interioare prin ingeri - Bucuresti - acces online - Ovidiu Drago\u0219 Arge\u0219anu","description":"Te invit la un nou curs live-online & \u00een sal\u0103: ,,Cre\u0219terea puterii interioare prin \u00eengeri\" \u00een Bucure\u0219ti, \u00een data de 3 februarie 2025, \u00eencep\u00e2nd cu ora 18:00.","robots":{"index":"noindex","follow":"follow","max-snippet":"max-snippet:-1","max-image-preview":"max-image-preview:large","max-video-preview":"max-video-preview:-1"},"og_locale":"en_US","og_type":"article","og_title":"Curs: Cresterea puterii interioare prin ingeri - Bucuresti - acces online - Ovidiu Drago\u0219 Arge\u0219anu","og_description":"Te invit la un nou curs live-online & \u00een sal\u0103: ,,Cre\u0219terea puterii interioare prin \u00eengeri\" \u00een Bucure\u0219ti, \u00een data de 3 februarie 2025, \u00eencep\u00e2nd cu ora 18:00.","og_url":"https:\/\/www.ovidiudragosargesanu.ro\/en\/shop\/cursuri-premium\/entitati-cursuri-premium\/curs-cresterea-puterii-interioare-prin-ingeri-bucuresti-acces-online\/","og_site_name":"Ovidiu Drago\u0219 Arge\u0219anu","article_modified_time":"2025-10-02T13:49:02+00:00","og_image":[{"width":600,"height":800,"url":"https:\/\/www.ovidiudragosargesanu.ro\/en\/wp-content\/uploads\/2025\/01\/Curs-premium-Cresterea-puterii-interioare-prin-ingeri-Bucuresti-600X800.png","type":"image\/png"}],"twitter_card":"summary_large_image","twitter_misc":{"Est. reading time":"2 minutes"},"schema":{"@context":"https:\/\/schema.org","@graph":[{"@type":"WebPage","@id":"https:\/\/www.ovidiudragosargesanu.ro\/en\/shop\/cursuri-premium\/entitati-cursuri-premium\/curs-cresterea-puterii-interioare-prin-ingeri-bucuresti-acces-online\/","url":"https:\/\/www.ovidiudragosargesanu.ro\/en\/shop\/cursuri-premium\/entitati-cursuri-premium\/curs-cresterea-puterii-interioare-prin-ingeri-bucuresti-acces-online\/","name":"Curs: Cresterea puterii interioare prin ingeri - Bucuresti - acces online - Ovidiu Drago\u0219 Arge\u0219anu","isPartOf":{"@id":"https:\/\/www.ovidiudragosargesanu.ro\/en\/#website"},"primaryImageOfPage":{"@id":"https:\/\/www.ovidiudragosargesanu.ro\/en\/shop\/cursuri-premium\/entitati-cursuri-premium\/curs-cresterea-puterii-interioare-prin-ingeri-bucuresti-acces-online\/#primaryimage"},"image":{"@id":"https:\/\/www.ovidiudragosargesanu.ro\/en\/shop\/cursuri-premium\/entitati-cursuri-premium\/curs-cresterea-puterii-interioare-prin-ingeri-bucuresti-acces-online\/#primaryimage"},"thumbnailUrl":"https:\/\/www.ovidiudragosargesanu.ro\/en\/wp-content\/uploads\/2025\/01\/Curs-premium-Cresterea-puterii-interioare-prin-ingeri-Bucuresti-600X800.png","datePublished":"2025-01-23T20:54:33+00:00","dateModified":"2025-10-02T13:49:02+00:00","description":"Te invit la un nou curs live-online & \u00een sal\u0103: ,,Cre\u0219terea puterii interioare prin \u00eengeri\" \u00een Bucure\u0219ti, \u00een data de 3 februarie 2025, \u00eencep\u00e2nd cu ora 18:00.","breadcrumb":{"@id":"https:\/\/www.ovidiudragosargesanu.ro\/en\/shop\/cursuri-premium\/entitati-cursuri-premium\/curs-cresterea-puterii-interioare-prin-ingeri-bucuresti-acces-online\/#breadcrumb"},"inLanguage":"en-US","potentialAction":[{"@type":"ReadAction","target":["https:\/\/www.ovidiudragosargesanu.ro\/en\/shop\/cursuri-premium\/entitati-cursuri-premium\/curs-cresterea-puterii-interioare-prin-ingeri-bucuresti-acces-online\/"]}]},{"@type":"ImageObject","inLanguage":"en-US","@id":"https:\/\/www.ovidiudragosargesanu.ro\/en\/shop\/cursuri-premium\/entitati-cursuri-premium\/curs-cresterea-puterii-interioare-prin-ingeri-bucuresti-acces-online\/#primaryimage","url":"https:\/\/www.ovidiudragosargesanu.ro\/en\/wp-content\/uploads\/2025\/01\/Curs-premium-Cresterea-puterii-interioare-prin-ingeri-Bucuresti-600X800.png","contentUrl":"https:\/\/www.ovidiudragosargesanu.ro\/en\/wp-content\/uploads\/2025\/01\/Curs-premium-Cresterea-puterii-interioare-prin-ingeri-Bucuresti-600X800.png","width":600,"height":800},{"@type":"BreadcrumbList","@id":"https:\/\/www.ovidiudragosargesanu.ro\/en\/shop\/cursuri-premium\/entitati-cursuri-premium\/curs-cresterea-puterii-interioare-prin-ingeri-bucuresti-acces-online\/#breadcrumb","itemListElement":[{"@type":"ListItem","position":1,"name":"Prima pagin\u0103","item":"https:\/\/www.ovidiudragosargesanu.ro\/en\/"},{"@type":"ListItem","position":2,"name":"Shop","item":"https:\/\/www.ovidiudragosargesanu.ro\/en\/shop\/"},{"@type":"ListItem","position":3,"name":"Curs: Cresterea puterii interioare prin ingeri &#8211; Bucuresti &#8211; acces online"}]},{"@type":"WebSite","@id":"https:\/\/www.ovidiudragosargesanu.ro\/en\/#website","url":"https:\/\/www.ovidiudragosargesanu.ro\/en\/","name":"Ovidiu Drago\u0219 Arge\u0219anu","description":"","publisher":{"@id":"https:\/\/www.ovidiudragosargesanu.ro\/en\/#organization"},"potentialAction":[{"@type":"SearchAction","target":{"@type":"EntryPoint","urlTemplate":"https:\/\/www.ovidiudragosargesanu.ro\/en\/?s={search_term_string}"},"query-input":{"@type":"PropertyValueSpecification","valueRequired":true,"valueName":"search_term_string"}}],"inLanguage":"en-US"},{"@type":"Organization","@id":"https:\/\/www.ovidiudragosargesanu.ro\/en\/#organization","name":"Ovidiu Drago\u0219 Arge\u0219anu","url":"https:\/\/www.ovidiudragosargesanu.ro\/en\/","logo":{"@type":"ImageObject","inLanguage":"en-US","@id":"https:\/\/www.ovidiudragosargesanu.ro\/en\/#\/schema\/logo\/image\/","url":"https:\/\/www.ovidiudragosargesanu.ro\/en\/wp-content\/uploads\/2018\/03\/dragos-logo-lotus-black-400.svg","contentUrl":"https:\/\/www.ovidiudragosargesanu.ro\/en\/wp-content\/uploads\/2018\/03\/dragos-logo-lotus-black-400.svg","width":300,"height":150,"caption":"Ovidiu Drago\u0219 Arge\u0219anu"},"image":{"@id":"https:\/\/www.ovidiudragosargesanu.ro\/en\/#\/schema\/logo\/image\/"}}]}},"_links":{"self":[{"href":"https:\/\/www.ovidiudragosargesanu.ro\/en\/wp-json\/wp\/v2\/product\/35083","targetHints":{"allow":["GET"]}}],"collection":[{"href":"https:\/\/www.ovidiudragosargesanu.ro\/en\/wp-json\/wp\/v2\/product"}],"about":[{"href":"https:\/\/www.ovidiudragosargesanu.ro\/en\/wp-json\/wp\/v2\/types\/product"}],"version-history":[{"count":5,"href":"https:\/\/www.ovidiudragosargesanu.ro\/en\/wp-json\/wp\/v2\/product\/35083\/revisions"}],"predecessor-version":[{"id":36071,"href":"https:\/\/www.ovidiudragosargesanu.ro\/en\/wp-json\/wp\/v2\/product\/35083\/revisions\/36071"}],"wp:featuredmedia":[{"embeddable":true,"href":"https:\/\/www.ovidiudragosargesanu.ro\/en\/wp-json\/wp\/v2\/media\/65954"}],"wp:attachment":[{"href":"https:\/\/www.ovidiudragosargesanu.ro\/en\/wp-json\/wp\/v2\/media?parent=35083"}],"wp:term":[{"taxonomy":"product_brand","embeddable":true,"href":"https:\/\/www.ovidiudragosargesanu.ro\/en\/wp-json\/wp\/v2\/product_brand?post=35083"},{"taxonomy":"product_cat","embeddable":true,"href":"https:\/\/www.ovidiudragosargesanu.ro\/en\/wp-json\/wp\/v2\/product_cat?post=35083"},{"taxonomy":"product_tag","embeddable":true,"href":"https:\/\/www.ovidiudragosargesanu.ro\/en\/wp-json\/wp\/v2\/product_tag?post=35083"}],"curies":[{"name":"wp","href":"https:\/\/api.w.org\/{rel}","templated":true}]}}