{"id":35668,"date":"2025-01-31T22:10:39","date_gmt":"2025-01-31T20:10:39","guid":{"rendered":"https:\/\/www.ovidiudragosargesanu.ro\/?post_type=product&#038;p=35668"},"modified":"2025-02-28T19:25:03","modified_gmt":"2025-02-28T17:25:03","slug":"curs-kombat-ki-modulul-vii-bucuresti-acces-online-seniori","status":"publish","type":"product","link":"https:\/\/www.ovidiudragosargesanu.ro\/en\/shop\/seniori\/curs-kombat-ki-modulul-vii-bucuresti-acces-online-seniori\/","title":{"rendered":"Curs: Kombat Ki &#8211; Modulul VII &#8211; Bucuresti &#8211; acces online (Seniori)"},"content":{"rendered":"<h3><b>Ultimul curs din seria \u201eKombat Ki \u2013 Modulul VII\u201d<\/b><\/h3>\n<p><span style=\"font-weight: 400;\">Pe <\/span>17 februarie 2025, la Bucure\u0219ti, am<span style=\"font-weight: 400;\"> sus\u021binut ultimul modul din seria \u201eKombat Ki\u201d \u2013 un curs special, dedicat protec\u021biei \u00eempotriva atacurilor PSI create de grupuri oculte.<\/span><\/p>\n<p><span style=\"font-weight: 400;\">Am ales aceast\u0103 tem\u0103 pentru c\u0103 am v\u0103zut oameni, inclusiv mae\u0219tri spirituali, afecta\u021bi de atacuri PSI f\u0103r\u0103 s\u0103 \u00een\u021beleag\u0103 ce li se \u00eent\u00e2mpl\u0103. Am \u00eent\u00e2lnit persoane din domeniul spiritualit\u0103\u021bii care au ajuns \u00een spitale f\u0103r\u0103 un diagnostic clar \u2013 cu organele afectate \u0219i valorile complet dezechilibrate.<\/span><\/p>\n<p><span style=\"font-weight: 400;\">\ud83d\udee1\ufe0f <\/span><b>Tema principal\u0103:<\/b> <b>Atacul PSI creat de grupuri oculte &#8211; cum ia na\u0219tere acest atac, contracarare \u0219i tratament<\/b><\/p>\n<p><span style=\"font-weight: 400;\">\u00centr-o lume \u00een care manipularea psihic\u0103 \u0219i influen\u021bele subtile sunt din ce \u00een ce mai sofisticate, este vital s\u0103 \u00eenv\u0103\u021b\u0103m <\/span><b>cum s\u0103 ne protej\u0103m mintea \u0219i energia<\/b><span style=\"font-weight: 400;\">. Acest curs \u00ee\u021bi ofer\u0103 instrumentele necesare pentru a \u00een\u021belege \u0219i combate aceste influen\u021be, deschiz\u00e2nd calea c\u0103tre <\/span><b>cunoa\u0219tere \u0219i transformare personal\u0103<\/b><span style=\"font-weight: 400;\">.<\/span><\/p>\n<p>&nbsp;<\/p>\n<p>&nbsp;<\/p>\n","protected":false},"excerpt":{"rendered":"<p><b>ACCES NELIMITAT!<\/b><\/p>\n<p><span style=\"font-weight: 400;\">Te invit s\u0103 vizionezi cursul meu ,,Kombat KI &#8211; Modulul VII&#8221;, pe care l-am sus\u021binut \u00een Bucure\u0219ti \u00een data de 17 februarie.<\/span><\/p>\n<p>&nbsp;<\/p>\n","protected":false},"featured_media":37412,"template":"","meta":{"inline_featured_image":false},"product_brand":[],"product_cat":[795],"product_tag":[],"class_list":{"0":"post-35668","1":"product","2":"type-product","3":"status-publish","4":"has-post-thumbnail","6":"product_cat-seniori","8":"first","9":"instock","10":"sale","11":"virtual","12":"sold-individually","13":"taxable","14":"purchasable","15":"product-type-simple"},"yoast_head":"<!-- This site is optimized with the Yoast SEO plugin v26.9 - https:\/\/yoast.com\/product\/yoast-seo-wordpress\/ -->\n<title>Curs: Kombat Ki - Modulul VII - Bucuresti - acces online (Seniori) - Ovidiu Drago\u0219 Arge\u0219anu<\/title>\n<meta name=\"description\" content=\"Ultimul curs din seria \u201eKombat Ki \u2013 Modulul VII\u201d-Pe 17 februarie 2025, la Bucure\u0219ti, de la ora 18:00, sus\u021bin ultimul modul din seria \u201eKombat Ki\u201d \u2013 un\" \/>\n<meta name=\"robots\" content=\"noindex, follow, max-snippet:-1, max-image-preview:large, max-video-preview:-1\" \/>\n<meta property=\"og:locale\" content=\"en_US\" \/>\n<meta property=\"og:type\" content=\"article\" \/>\n<meta property=\"og:title\" content=\"Curs: Kombat Ki - Modulul VII - Bucuresti - acces online (Seniori) - Ovidiu Drago\u0219 Arge\u0219anu\" \/>\n<meta property=\"og:description\" content=\"Ultimul curs din seria \u201eKombat Ki \u2013 Modulul VII\u201d-Pe 17 februarie 2025, la Bucure\u0219ti, de la ora 18:00, sus\u021bin ultimul modul din seria \u201eKombat Ki\u201d \u2013 un\" \/>\n<meta property=\"og:url\" content=\"https:\/\/www.ovidiudragosargesanu.ro\/en\/shop\/seniori\/curs-kombat-ki-modulul-vii-bucuresti-acces-online-seniori\/\" \/>\n<meta property=\"og:site_name\" content=\"Ovidiu Drago\u0219 Arge\u0219anu\" \/>\n<meta property=\"article:modified_time\" content=\"2025-02-28T17:25:03+00:00\" \/>\n<meta property=\"og:image\" content=\"https:\/\/www.ovidiudragosargesanu.ro\/en\/wp-content\/uploads\/2025\/01\/Curs-Kombat-Ki-Modulul-VII-600-800-scaled.jpg\" \/>\n\t<meta property=\"og:image:width\" content=\"1920\" \/>\n\t<meta property=\"og:image:height\" content=\"2560\" \/>\n\t<meta property=\"og:image:type\" content=\"image\/jpeg\" \/>\n<meta name=\"twitter:card\" content=\"summary_large_image\" \/>\n<meta name=\"twitter:label1\" content=\"Est. reading time\" \/>\n\t<meta name=\"twitter:data1\" content=\"1 minute\" \/>\n<script type=\"application\/ld+json\" class=\"yoast-schema-graph\">{\"@context\":\"https:\/\/schema.org\",\"@graph\":[{\"@type\":\"WebPage\",\"@id\":\"https:\/\/www.ovidiudragosargesanu.ro\/en\/shop\/seniori\/curs-kombat-ki-modulul-vii-bucuresti-acces-online-seniori\/\",\"url\":\"https:\/\/www.ovidiudragosargesanu.ro\/en\/shop\/seniori\/curs-kombat-ki-modulul-vii-bucuresti-acces-online-seniori\/\",\"name\":\"Curs: Kombat Ki - Modulul VII - Bucuresti - acces online (Seniori) - Ovidiu Drago\u0219 Arge\u0219anu\",\"isPartOf\":{\"@id\":\"https:\/\/www.ovidiudragosargesanu.ro\/en\/#website\"},\"primaryImageOfPage\":{\"@id\":\"https:\/\/www.ovidiudragosargesanu.ro\/en\/shop\/seniori\/curs-kombat-ki-modulul-vii-bucuresti-acces-online-seniori\/#primaryimage\"},\"image\":{\"@id\":\"https:\/\/www.ovidiudragosargesanu.ro\/en\/shop\/seniori\/curs-kombat-ki-modulul-vii-bucuresti-acces-online-seniori\/#primaryimage\"},\"thumbnailUrl\":\"https:\/\/www.ovidiudragosargesanu.ro\/en\/wp-content\/uploads\/2025\/01\/Curs-Kombat-Ki-Modulul-VII-600-800-scaled.jpg\",\"datePublished\":\"2025-01-31T20:10:39+00:00\",\"dateModified\":\"2025-02-28T17:25:03+00:00\",\"description\":\"Ultimul curs din seria \u201eKombat Ki \u2013 Modulul VII\u201d-Pe 17 februarie 2025, la Bucure\u0219ti, de la ora 18:00, sus\u021bin ultimul modul din seria \u201eKombat Ki\u201d \u2013 un\",\"breadcrumb\":{\"@id\":\"https:\/\/www.ovidiudragosargesanu.ro\/en\/shop\/seniori\/curs-kombat-ki-modulul-vii-bucuresti-acces-online-seniori\/#breadcrumb\"},\"inLanguage\":\"en-US\",\"potentialAction\":[{\"@type\":\"ReadAction\",\"target\":[\"https:\/\/www.ovidiudragosargesanu.ro\/en\/shop\/seniori\/curs-kombat-ki-modulul-vii-bucuresti-acces-online-seniori\/\"]}]},{\"@type\":\"ImageObject\",\"inLanguage\":\"en-US\",\"@id\":\"https:\/\/www.ovidiudragosargesanu.ro\/en\/shop\/seniori\/curs-kombat-ki-modulul-vii-bucuresti-acces-online-seniori\/#primaryimage\",\"url\":\"https:\/\/www.ovidiudragosargesanu.ro\/en\/wp-content\/uploads\/2025\/01\/Curs-Kombat-Ki-Modulul-VII-600-800-scaled.jpg\",\"contentUrl\":\"https:\/\/www.ovidiudragosargesanu.ro\/en\/wp-content\/uploads\/2025\/01\/Curs-Kombat-Ki-Modulul-VII-600-800-scaled.jpg\",\"width\":1920,\"height\":2560,\"caption\":\"Curs Kombat Ki Modulul VII- 600-800\"},{\"@type\":\"BreadcrumbList\",\"@id\":\"https:\/\/www.ovidiudragosargesanu.ro\/en\/shop\/seniori\/curs-kombat-ki-modulul-vii-bucuresti-acces-online-seniori\/#breadcrumb\",\"itemListElement\":[{\"@type\":\"ListItem\",\"position\":1,\"name\":\"Prima pagin\u0103\",\"item\":\"https:\/\/www.ovidiudragosargesanu.ro\/en\/\"},{\"@type\":\"ListItem\",\"position\":2,\"name\":\"Shop\",\"item\":\"https:\/\/www.ovidiudragosargesanu.ro\/en\/shop\/\"},{\"@type\":\"ListItem\",\"position\":3,\"name\":\"Curs: Kombat Ki &#8211; Modulul VII &#8211; Bucuresti &#8211; acces online (Seniori)\"}]},{\"@type\":\"WebSite\",\"@id\":\"https:\/\/www.ovidiudragosargesanu.ro\/en\/#website\",\"url\":\"https:\/\/www.ovidiudragosargesanu.ro\/en\/\",\"name\":\"Ovidiu Drago\u0219 Arge\u0219anu\",\"description\":\"\",\"publisher\":{\"@id\":\"https:\/\/www.ovidiudragosargesanu.ro\/en\/#organization\"},\"potentialAction\":[{\"@type\":\"SearchAction\",\"target\":{\"@type\":\"EntryPoint\",\"urlTemplate\":\"https:\/\/www.ovidiudragosargesanu.ro\/en\/?s={search_term_string}\"},\"query-input\":{\"@type\":\"PropertyValueSpecification\",\"valueRequired\":true,\"valueName\":\"search_term_string\"}}],\"inLanguage\":\"en-US\"},{\"@type\":\"Organization\",\"@id\":\"https:\/\/www.ovidiudragosargesanu.ro\/en\/#organization\",\"name\":\"Ovidiu Drago\u0219 Arge\u0219anu\",\"url\":\"https:\/\/www.ovidiudragosargesanu.ro\/en\/\",\"logo\":{\"@type\":\"ImageObject\",\"inLanguage\":\"en-US\",\"@id\":\"https:\/\/www.ovidiudragosargesanu.ro\/en\/#\/schema\/logo\/image\/\",\"url\":\"https:\/\/www.ovidiudragosargesanu.ro\/en\/wp-content\/uploads\/2018\/03\/dragos-logo-lotus-black-400.svg\",\"contentUrl\":\"https:\/\/www.ovidiudragosargesanu.ro\/en\/wp-content\/uploads\/2018\/03\/dragos-logo-lotus-black-400.svg\",\"width\":300,\"height\":150,\"caption\":\"Ovidiu Drago\u0219 Arge\u0219anu\"},\"image\":{\"@id\":\"https:\/\/www.ovidiudragosargesanu.ro\/en\/#\/schema\/logo\/image\/\"}}]}<\/script>\n<!-- \/ Yoast SEO plugin. -->","yoast_head_json":{"title":"Curs: Kombat Ki - Modulul VII - Bucuresti - acces online (Seniori) - Ovidiu Drago\u0219 Arge\u0219anu","description":"Ultimul curs din seria \u201eKombat Ki \u2013 Modulul VII\u201d-Pe 17 februarie 2025, la Bucure\u0219ti, de la ora 18:00, sus\u021bin ultimul modul din seria \u201eKombat Ki\u201d \u2013 un","robots":{"index":"noindex","follow":"follow","max-snippet":"max-snippet:-1","max-image-preview":"max-image-preview:large","max-video-preview":"max-video-preview:-1"},"og_locale":"en_US","og_type":"article","og_title":"Curs: Kombat Ki - Modulul VII - Bucuresti - acces online (Seniori) - Ovidiu Drago\u0219 Arge\u0219anu","og_description":"Ultimul curs din seria \u201eKombat Ki \u2013 Modulul VII\u201d-Pe 17 februarie 2025, la Bucure\u0219ti, de la ora 18:00, sus\u021bin ultimul modul din seria \u201eKombat Ki\u201d \u2013 un","og_url":"https:\/\/www.ovidiudragosargesanu.ro\/en\/shop\/seniori\/curs-kombat-ki-modulul-vii-bucuresti-acces-online-seniori\/","og_site_name":"Ovidiu Drago\u0219 Arge\u0219anu","article_modified_time":"2025-02-28T17:25:03+00:00","og_image":[{"width":1920,"height":2560,"url":"https:\/\/www.ovidiudragosargesanu.ro\/en\/wp-content\/uploads\/2025\/01\/Curs-Kombat-Ki-Modulul-VII-600-800-scaled.jpg","type":"image\/jpeg"}],"twitter_card":"summary_large_image","twitter_misc":{"Est. reading time":"1 minute"},"schema":{"@context":"https:\/\/schema.org","@graph":[{"@type":"WebPage","@id":"https:\/\/www.ovidiudragosargesanu.ro\/en\/shop\/seniori\/curs-kombat-ki-modulul-vii-bucuresti-acces-online-seniori\/","url":"https:\/\/www.ovidiudragosargesanu.ro\/en\/shop\/seniori\/curs-kombat-ki-modulul-vii-bucuresti-acces-online-seniori\/","name":"Curs: Kombat Ki - Modulul VII - Bucuresti - acces online (Seniori) - Ovidiu Drago\u0219 Arge\u0219anu","isPartOf":{"@id":"https:\/\/www.ovidiudragosargesanu.ro\/en\/#website"},"primaryImageOfPage":{"@id":"https:\/\/www.ovidiudragosargesanu.ro\/en\/shop\/seniori\/curs-kombat-ki-modulul-vii-bucuresti-acces-online-seniori\/#primaryimage"},"image":{"@id":"https:\/\/www.ovidiudragosargesanu.ro\/en\/shop\/seniori\/curs-kombat-ki-modulul-vii-bucuresti-acces-online-seniori\/#primaryimage"},"thumbnailUrl":"https:\/\/www.ovidiudragosargesanu.ro\/en\/wp-content\/uploads\/2025\/01\/Curs-Kombat-Ki-Modulul-VII-600-800-scaled.jpg","datePublished":"2025-01-31T20:10:39+00:00","dateModified":"2025-02-28T17:25:03+00:00","description":"Ultimul curs din seria \u201eKombat Ki \u2013 Modulul VII\u201d-Pe 17 februarie 2025, la Bucure\u0219ti, de la ora 18:00, sus\u021bin ultimul modul din seria \u201eKombat Ki\u201d \u2013 un","breadcrumb":{"@id":"https:\/\/www.ovidiudragosargesanu.ro\/en\/shop\/seniori\/curs-kombat-ki-modulul-vii-bucuresti-acces-online-seniori\/#breadcrumb"},"inLanguage":"en-US","potentialAction":[{"@type":"ReadAction","target":["https:\/\/www.ovidiudragosargesanu.ro\/en\/shop\/seniori\/curs-kombat-ki-modulul-vii-bucuresti-acces-online-seniori\/"]}]},{"@type":"ImageObject","inLanguage":"en-US","@id":"https:\/\/www.ovidiudragosargesanu.ro\/en\/shop\/seniori\/curs-kombat-ki-modulul-vii-bucuresti-acces-online-seniori\/#primaryimage","url":"https:\/\/www.ovidiudragosargesanu.ro\/en\/wp-content\/uploads\/2025\/01\/Curs-Kombat-Ki-Modulul-VII-600-800-scaled.jpg","contentUrl":"https:\/\/www.ovidiudragosargesanu.ro\/en\/wp-content\/uploads\/2025\/01\/Curs-Kombat-Ki-Modulul-VII-600-800-scaled.jpg","width":1920,"height":2560,"caption":"Curs Kombat Ki Modulul VII- 600-800"},{"@type":"BreadcrumbList","@id":"https:\/\/www.ovidiudragosargesanu.ro\/en\/shop\/seniori\/curs-kombat-ki-modulul-vii-bucuresti-acces-online-seniori\/#breadcrumb","itemListElement":[{"@type":"ListItem","position":1,"name":"Prima pagin\u0103","item":"https:\/\/www.ovidiudragosargesanu.ro\/en\/"},{"@type":"ListItem","position":2,"name":"Shop","item":"https:\/\/www.ovidiudragosargesanu.ro\/en\/shop\/"},{"@type":"ListItem","position":3,"name":"Curs: Kombat Ki &#8211; Modulul VII &#8211; Bucuresti &#8211; acces online (Seniori)"}]},{"@type":"WebSite","@id":"https:\/\/www.ovidiudragosargesanu.ro\/en\/#website","url":"https:\/\/www.ovidiudragosargesanu.ro\/en\/","name":"Ovidiu Drago\u0219 Arge\u0219anu","description":"","publisher":{"@id":"https:\/\/www.ovidiudragosargesanu.ro\/en\/#organization"},"potentialAction":[{"@type":"SearchAction","target":{"@type":"EntryPoint","urlTemplate":"https:\/\/www.ovidiudragosargesanu.ro\/en\/?s={search_term_string}"},"query-input":{"@type":"PropertyValueSpecification","valueRequired":true,"valueName":"search_term_string"}}],"inLanguage":"en-US"},{"@type":"Organization","@id":"https:\/\/www.ovidiudragosargesanu.ro\/en\/#organization","name":"Ovidiu Drago\u0219 Arge\u0219anu","url":"https:\/\/www.ovidiudragosargesanu.ro\/en\/","logo":{"@type":"ImageObject","inLanguage":"en-US","@id":"https:\/\/www.ovidiudragosargesanu.ro\/en\/#\/schema\/logo\/image\/","url":"https:\/\/www.ovidiudragosargesanu.ro\/en\/wp-content\/uploads\/2018\/03\/dragos-logo-lotus-black-400.svg","contentUrl":"https:\/\/www.ovidiudragosargesanu.ro\/en\/wp-content\/uploads\/2018\/03\/dragos-logo-lotus-black-400.svg","width":300,"height":150,"caption":"Ovidiu Drago\u0219 Arge\u0219anu"},"image":{"@id":"https:\/\/www.ovidiudragosargesanu.ro\/en\/#\/schema\/logo\/image\/"}}]}},"_links":{"self":[{"href":"https:\/\/www.ovidiudragosargesanu.ro\/en\/wp-json\/wp\/v2\/product\/35668","targetHints":{"allow":["GET"]}}],"collection":[{"href":"https:\/\/www.ovidiudragosargesanu.ro\/en\/wp-json\/wp\/v2\/product"}],"about":[{"href":"https:\/\/www.ovidiudragosargesanu.ro\/en\/wp-json\/wp\/v2\/types\/product"}],"version-history":[{"count":3,"href":"https:\/\/www.ovidiudragosargesanu.ro\/en\/wp-json\/wp\/v2\/product\/35668\/revisions"}],"predecessor-version":[{"id":37042,"href":"https:\/\/www.ovidiudragosargesanu.ro\/en\/wp-json\/wp\/v2\/product\/35668\/revisions\/37042"}],"wp:featuredmedia":[{"embeddable":true,"href":"https:\/\/www.ovidiudragosargesanu.ro\/en\/wp-json\/wp\/v2\/media\/37412"}],"wp:attachment":[{"href":"https:\/\/www.ovidiudragosargesanu.ro\/en\/wp-json\/wp\/v2\/media?parent=35668"}],"wp:term":[{"taxonomy":"product_brand","embeddable":true,"href":"https:\/\/www.ovidiudragosargesanu.ro\/en\/wp-json\/wp\/v2\/product_brand?post=35668"},{"taxonomy":"product_cat","embeddable":true,"href":"https:\/\/www.ovidiudragosargesanu.ro\/en\/wp-json\/wp\/v2\/product_cat?post=35668"},{"taxonomy":"product_tag","embeddable":true,"href":"https:\/\/www.ovidiudragosargesanu.ro\/en\/wp-json\/wp\/v2\/product_tag?post=35668"}],"curies":[{"name":"wp","href":"https:\/\/api.w.org\/{rel}","templated":true}]}}