{"id":35866,"date":"2025-02-07T06:54:03","date_gmt":"2025-02-07T04:54:03","guid":{"rendered":"https:\/\/www.ovidiudragosargesanu.ro\/?post_type=product&#038;p=35866"},"modified":"2025-10-07T18:41:14","modified_gmt":"2025-10-07T15:41:14","slug":"curs-cele-6-rani-emotionale-curs-practic-de-eliberare-emotionala-ploiesti-acces-online","status":"publish","type":"product","link":"https:\/\/www.ovidiudragosargesanu.ro\/en\/shop\/cursuri-premium\/vindecarea-ranilor-emotionale\/curs-cele-6-rani-emotionale-curs-practic-de-eliberare-emotionala-ploiesti-acces-online\/","title":{"rendered":"Curs: Cele 6 rani emotionale &#8211; Curs practic de eliberare emotionala &#8211; Ploiesti &#8211; acces online"},"content":{"rendered":"<p><span style=\"font-weight: 400;\">Te-ai \u00eentrebat vreodat\u0103 de ce anumite rela\u021bii \u00ee\u021bi provoac\u0103 suferin\u021b\u0103? Sau de ce te reg\u0103se\u0219ti \u00een tipare care par s\u0103 se repete la nesf\u00e2r\u0219it? Adev\u0103rul este c\u0103 nu exist\u0103 rela\u021bii toxice, ci doar rela\u021bii de vindecare \u2013 acele conexiuni care scot la suprafa\u021b\u0103 toate r\u0103nile tale emo\u021bionale.<\/span><\/p>\n<p><span style=\"font-weight: 400;\">\u00cen <\/span><b>cursul online \u201eCele 6 r\u0103ni emo\u021bionale \u2013 Curs practic de eliberare emo\u021bional\u0103\u201d<\/b><span style=\"font-weight: 400;\">, sus\u021binut \u00een Ploie\u0219ti, \u00een 2 octombrie, \u00ee\u021bi explic mecanismele acestor traume \u0219i \u00ee\u021bi ofer instrumentele necesare pentru a te elibera de ele. Traumele emo\u021bionale sunt de fapt particule, informa\u021bie, energie \u0219i spirit. Ele \u00ee\u0219i au r\u0103d\u0103cinile \u00een trecut, prezent \u0219i chiar viitor.<\/span><\/p>\n<p><b>Prin acest curs, vei \u00eenv\u0103\u021ba:<\/b><span style=\"font-weight: 400;\"><br \/>\n<\/span><span style=\"font-weight: 400;\">\u2705 Cum s\u0103 recuno\u0219ti \u0219i s\u0103 \u00een\u021belegi r\u0103nile emo\u021bionale<\/span><span style=\"font-weight: 400;\"><br \/>\n<\/span><span style=\"font-weight: 400;\">\u2705 De ce anumite rela\u021bii par s\u0103 te r\u0103neasc\u0103 \u0219i ce ai de f\u0103cut<\/span><span style=\"font-weight: 400;\"><br \/>\n<\/span><span style=\"font-weight: 400;\">\u2705 Cum s\u0103 transformi suferin\u021ba \u00een vindecare prin iubire \u0219i iertare<\/span><span style=\"font-weight: 400;\"><br \/>\n<\/span><span style=\"font-weight: 400;\">\u2705 Metode practice pentru eliberarea emo\u021bional\u0103<\/span><\/p>\n<p><span style=\"font-weight: 400;\">Eliberarea adev\u0103rat\u0103 vine \u00een momentul \u00een care \u00ee\u021bi aminte\u0219ti f\u0103r\u0103 s\u0103 mai sim\u021bi durere.<\/span><\/p>\n<p><b>Toate r\u0103nile emo\u021bionale \u00ee\u0219i g\u0103sesc vindecarea \u00een acela\u0219i mod: prin iubire \u0219i iertare. <\/b><\/p>\n","protected":false},"excerpt":{"rendered":"<p><span style=\"font-weight: 400;\">ACCES NELIMITAT!<\/span><\/p>\n<p><span style=\"font-weight: 400;\">Te invit s\u0103 vizionezi cursul meu <\/span><b>\u201eCele 6 r\u0103ni emo\u021bionale \u2013 Curs practic de eliberare emo\u021bional\u0103\u201d<\/b><span style=\"font-weight: 400;\"> , pe care l-am sus\u021binut \u00een Ploie\u0219ti, \u00een data de 2 octombrie.<\/span><\/p>\n","protected":false},"featured_media":66465,"template":"","meta":{"inline_featured_image":false},"product_brand":[],"product_cat":[602,698],"product_tag":[],"class_list":{"0":"post-35866","1":"product","2":"type-product","3":"status-publish","4":"has-post-thumbnail","6":"product_cat-cursuri-premium","7":"product_cat-vindecarea-ranilor-emotionale","9":"first","10":"instock","11":"virtual","12":"sold-individually","13":"taxable","14":"purchasable","15":"product-type-simple"},"yoast_head":"<!-- This site is optimized with the Yoast SEO plugin v26.9 - https:\/\/yoast.com\/product\/yoast-seo-wordpress\/ -->\n<title>Curs: Cele 6 rani emotionale - Curs practic de eliberare emotionala - Ploiesti - acces online - Ovidiu Drago\u0219 Arge\u0219anu<\/title>\n<meta name=\"description\" content=\"\u00cen cursul online \u201eCele 6 r\u0103ni emo\u021bionale \u2013 Curs practic de eliberare emo\u021bional\u0103\u201d, sus\u021binut \u00een Ploie\u0219ti, \u00een 2 octombrie, \u00ee\u021bi explic mecanismele\" \/>\n<meta name=\"robots\" content=\"noindex, follow, max-snippet:-1, max-image-preview:large, max-video-preview:-1\" \/>\n<meta property=\"og:locale\" content=\"en_US\" \/>\n<meta property=\"og:type\" content=\"article\" \/>\n<meta property=\"og:title\" content=\"Curs: Cele 6 rani emotionale - Curs practic de eliberare emotionala - Ploiesti - acces online - Ovidiu Drago\u0219 Arge\u0219anu\" \/>\n<meta property=\"og:description\" content=\"\u00cen cursul online \u201eCele 6 r\u0103ni emo\u021bionale \u2013 Curs practic de eliberare emo\u021bional\u0103\u201d, sus\u021binut \u00een Ploie\u0219ti, \u00een 2 octombrie, \u00ee\u021bi explic mecanismele\" \/>\n<meta property=\"og:url\" content=\"https:\/\/www.ovidiudragosargesanu.ro\/en\/shop\/cursuri-premium\/vindecarea-ranilor-emotionale\/curs-cele-6-rani-emotionale-curs-practic-de-eliberare-emotionala-ploiesti-acces-online\/\" \/>\n<meta property=\"og:site_name\" content=\"Ovidiu Drago\u0219 Arge\u0219anu\" \/>\n<meta property=\"article:modified_time\" content=\"2025-10-07T15:41:14+00:00\" \/>\n<meta property=\"og:image\" content=\"https:\/\/www.ovidiudragosargesanu.ro\/en\/wp-content\/uploads\/2025\/02\/Conferinta-premium-Abundenta-si-bunastarea-600X800-9.png\" \/>\n\t<meta property=\"og:image:width\" content=\"600\" \/>\n\t<meta property=\"og:image:height\" content=\"800\" \/>\n\t<meta property=\"og:image:type\" content=\"image\/png\" \/>\n<meta name=\"twitter:card\" content=\"summary_large_image\" \/>\n<meta name=\"twitter:label1\" content=\"Est. reading time\" \/>\n\t<meta name=\"twitter:data1\" content=\"1 minute\" \/>\n<script type=\"application\/ld+json\" class=\"yoast-schema-graph\">{\"@context\":\"https:\/\/schema.org\",\"@graph\":[{\"@type\":\"WebPage\",\"@id\":\"https:\/\/www.ovidiudragosargesanu.ro\/en\/shop\/cursuri-premium\/vindecarea-ranilor-emotionale\/curs-cele-6-rani-emotionale-curs-practic-de-eliberare-emotionala-ploiesti-acces-online\/\",\"url\":\"https:\/\/www.ovidiudragosargesanu.ro\/en\/shop\/cursuri-premium\/vindecarea-ranilor-emotionale\/curs-cele-6-rani-emotionale-curs-practic-de-eliberare-emotionala-ploiesti-acces-online\/\",\"name\":\"Curs: Cele 6 rani emotionale - Curs practic de eliberare emotionala - Ploiesti - acces online - Ovidiu Drago\u0219 Arge\u0219anu\",\"isPartOf\":{\"@id\":\"https:\/\/www.ovidiudragosargesanu.ro\/en\/#website\"},\"primaryImageOfPage\":{\"@id\":\"https:\/\/www.ovidiudragosargesanu.ro\/en\/shop\/cursuri-premium\/vindecarea-ranilor-emotionale\/curs-cele-6-rani-emotionale-curs-practic-de-eliberare-emotionala-ploiesti-acces-online\/#primaryimage\"},\"image\":{\"@id\":\"https:\/\/www.ovidiudragosargesanu.ro\/en\/shop\/cursuri-premium\/vindecarea-ranilor-emotionale\/curs-cele-6-rani-emotionale-curs-practic-de-eliberare-emotionala-ploiesti-acces-online\/#primaryimage\"},\"thumbnailUrl\":\"https:\/\/www.ovidiudragosargesanu.ro\/en\/wp-content\/uploads\/2025\/02\/Conferinta-premium-Abundenta-si-bunastarea-600X800-9.png\",\"datePublished\":\"2025-02-07T04:54:03+00:00\",\"dateModified\":\"2025-10-07T15:41:14+00:00\",\"description\":\"\u00cen cursul online \u201eCele 6 r\u0103ni emo\u021bionale \u2013 Curs practic de eliberare emo\u021bional\u0103\u201d, sus\u021binut \u00een Ploie\u0219ti, \u00een 2 octombrie, \u00ee\u021bi explic mecanismele\",\"breadcrumb\":{\"@id\":\"https:\/\/www.ovidiudragosargesanu.ro\/en\/shop\/cursuri-premium\/vindecarea-ranilor-emotionale\/curs-cele-6-rani-emotionale-curs-practic-de-eliberare-emotionala-ploiesti-acces-online\/#breadcrumb\"},\"inLanguage\":\"en-US\",\"potentialAction\":[{\"@type\":\"ReadAction\",\"target\":[\"https:\/\/www.ovidiudragosargesanu.ro\/en\/shop\/cursuri-premium\/vindecarea-ranilor-emotionale\/curs-cele-6-rani-emotionale-curs-practic-de-eliberare-emotionala-ploiesti-acces-online\/\"]}]},{\"@type\":\"ImageObject\",\"inLanguage\":\"en-US\",\"@id\":\"https:\/\/www.ovidiudragosargesanu.ro\/en\/shop\/cursuri-premium\/vindecarea-ranilor-emotionale\/curs-cele-6-rani-emotionale-curs-practic-de-eliberare-emotionala-ploiesti-acces-online\/#primaryimage\",\"url\":\"https:\/\/www.ovidiudragosargesanu.ro\/en\/wp-content\/uploads\/2025\/02\/Conferinta-premium-Abundenta-si-bunastarea-600X800-9.png\",\"contentUrl\":\"https:\/\/www.ovidiudragosargesanu.ro\/en\/wp-content\/uploads\/2025\/02\/Conferinta-premium-Abundenta-si-bunastarea-600X800-9.png\",\"width\":600,\"height\":800},{\"@type\":\"BreadcrumbList\",\"@id\":\"https:\/\/www.ovidiudragosargesanu.ro\/en\/shop\/cursuri-premium\/vindecarea-ranilor-emotionale\/curs-cele-6-rani-emotionale-curs-practic-de-eliberare-emotionala-ploiesti-acces-online\/#breadcrumb\",\"itemListElement\":[{\"@type\":\"ListItem\",\"position\":1,\"name\":\"Prima pagin\u0103\",\"item\":\"https:\/\/www.ovidiudragosargesanu.ro\/en\/\"},{\"@type\":\"ListItem\",\"position\":2,\"name\":\"Shop\",\"item\":\"https:\/\/www.ovidiudragosargesanu.ro\/en\/shop\/\"},{\"@type\":\"ListItem\",\"position\":3,\"name\":\"Curs: Cele 6 rani emotionale &#8211; Curs practic de eliberare emotionala &#8211; Ploiesti &#8211; acces online\"}]},{\"@type\":\"WebSite\",\"@id\":\"https:\/\/www.ovidiudragosargesanu.ro\/en\/#website\",\"url\":\"https:\/\/www.ovidiudragosargesanu.ro\/en\/\",\"name\":\"Ovidiu Drago\u0219 Arge\u0219anu\",\"description\":\"\",\"publisher\":{\"@id\":\"https:\/\/www.ovidiudragosargesanu.ro\/en\/#organization\"},\"potentialAction\":[{\"@type\":\"SearchAction\",\"target\":{\"@type\":\"EntryPoint\",\"urlTemplate\":\"https:\/\/www.ovidiudragosargesanu.ro\/en\/?s={search_term_string}\"},\"query-input\":{\"@type\":\"PropertyValueSpecification\",\"valueRequired\":true,\"valueName\":\"search_term_string\"}}],\"inLanguage\":\"en-US\"},{\"@type\":\"Organization\",\"@id\":\"https:\/\/www.ovidiudragosargesanu.ro\/en\/#organization\",\"name\":\"Ovidiu Drago\u0219 Arge\u0219anu\",\"url\":\"https:\/\/www.ovidiudragosargesanu.ro\/en\/\",\"logo\":{\"@type\":\"ImageObject\",\"inLanguage\":\"en-US\",\"@id\":\"https:\/\/www.ovidiudragosargesanu.ro\/en\/#\/schema\/logo\/image\/\",\"url\":\"https:\/\/www.ovidiudragosargesanu.ro\/en\/wp-content\/uploads\/2018\/03\/dragos-logo-lotus-black-400.svg\",\"contentUrl\":\"https:\/\/www.ovidiudragosargesanu.ro\/en\/wp-content\/uploads\/2018\/03\/dragos-logo-lotus-black-400.svg\",\"width\":300,\"height\":150,\"caption\":\"Ovidiu Drago\u0219 Arge\u0219anu\"},\"image\":{\"@id\":\"https:\/\/www.ovidiudragosargesanu.ro\/en\/#\/schema\/logo\/image\/\"}}]}<\/script>\n<!-- \/ Yoast SEO plugin. -->","yoast_head_json":{"title":"Curs: Cele 6 rani emotionale - Curs practic de eliberare emotionala - Ploiesti - acces online - Ovidiu Drago\u0219 Arge\u0219anu","description":"\u00cen cursul online \u201eCele 6 r\u0103ni emo\u021bionale \u2013 Curs practic de eliberare emo\u021bional\u0103\u201d, sus\u021binut \u00een Ploie\u0219ti, \u00een 2 octombrie, \u00ee\u021bi explic mecanismele","robots":{"index":"noindex","follow":"follow","max-snippet":"max-snippet:-1","max-image-preview":"max-image-preview:large","max-video-preview":"max-video-preview:-1"},"og_locale":"en_US","og_type":"article","og_title":"Curs: Cele 6 rani emotionale - Curs practic de eliberare emotionala - Ploiesti - acces online - Ovidiu Drago\u0219 Arge\u0219anu","og_description":"\u00cen cursul online \u201eCele 6 r\u0103ni emo\u021bionale \u2013 Curs practic de eliberare emo\u021bional\u0103\u201d, sus\u021binut \u00een Ploie\u0219ti, \u00een 2 octombrie, \u00ee\u021bi explic mecanismele","og_url":"https:\/\/www.ovidiudragosargesanu.ro\/en\/shop\/cursuri-premium\/vindecarea-ranilor-emotionale\/curs-cele-6-rani-emotionale-curs-practic-de-eliberare-emotionala-ploiesti-acces-online\/","og_site_name":"Ovidiu Drago\u0219 Arge\u0219anu","article_modified_time":"2025-10-07T15:41:14+00:00","og_image":[{"width":600,"height":800,"url":"https:\/\/www.ovidiudragosargesanu.ro\/en\/wp-content\/uploads\/2025\/02\/Conferinta-premium-Abundenta-si-bunastarea-600X800-9.png","type":"image\/png"}],"twitter_card":"summary_large_image","twitter_misc":{"Est. reading time":"1 minute"},"schema":{"@context":"https:\/\/schema.org","@graph":[{"@type":"WebPage","@id":"https:\/\/www.ovidiudragosargesanu.ro\/en\/shop\/cursuri-premium\/vindecarea-ranilor-emotionale\/curs-cele-6-rani-emotionale-curs-practic-de-eliberare-emotionala-ploiesti-acces-online\/","url":"https:\/\/www.ovidiudragosargesanu.ro\/en\/shop\/cursuri-premium\/vindecarea-ranilor-emotionale\/curs-cele-6-rani-emotionale-curs-practic-de-eliberare-emotionala-ploiesti-acces-online\/","name":"Curs: Cele 6 rani emotionale - Curs practic de eliberare emotionala - Ploiesti - acces online - Ovidiu Drago\u0219 Arge\u0219anu","isPartOf":{"@id":"https:\/\/www.ovidiudragosargesanu.ro\/en\/#website"},"primaryImageOfPage":{"@id":"https:\/\/www.ovidiudragosargesanu.ro\/en\/shop\/cursuri-premium\/vindecarea-ranilor-emotionale\/curs-cele-6-rani-emotionale-curs-practic-de-eliberare-emotionala-ploiesti-acces-online\/#primaryimage"},"image":{"@id":"https:\/\/www.ovidiudragosargesanu.ro\/en\/shop\/cursuri-premium\/vindecarea-ranilor-emotionale\/curs-cele-6-rani-emotionale-curs-practic-de-eliberare-emotionala-ploiesti-acces-online\/#primaryimage"},"thumbnailUrl":"https:\/\/www.ovidiudragosargesanu.ro\/en\/wp-content\/uploads\/2025\/02\/Conferinta-premium-Abundenta-si-bunastarea-600X800-9.png","datePublished":"2025-02-07T04:54:03+00:00","dateModified":"2025-10-07T15:41:14+00:00","description":"\u00cen cursul online \u201eCele 6 r\u0103ni emo\u021bionale \u2013 Curs practic de eliberare emo\u021bional\u0103\u201d, sus\u021binut \u00een Ploie\u0219ti, \u00een 2 octombrie, \u00ee\u021bi explic mecanismele","breadcrumb":{"@id":"https:\/\/www.ovidiudragosargesanu.ro\/en\/shop\/cursuri-premium\/vindecarea-ranilor-emotionale\/curs-cele-6-rani-emotionale-curs-practic-de-eliberare-emotionala-ploiesti-acces-online\/#breadcrumb"},"inLanguage":"en-US","potentialAction":[{"@type":"ReadAction","target":["https:\/\/www.ovidiudragosargesanu.ro\/en\/shop\/cursuri-premium\/vindecarea-ranilor-emotionale\/curs-cele-6-rani-emotionale-curs-practic-de-eliberare-emotionala-ploiesti-acces-online\/"]}]},{"@type":"ImageObject","inLanguage":"en-US","@id":"https:\/\/www.ovidiudragosargesanu.ro\/en\/shop\/cursuri-premium\/vindecarea-ranilor-emotionale\/curs-cele-6-rani-emotionale-curs-practic-de-eliberare-emotionala-ploiesti-acces-online\/#primaryimage","url":"https:\/\/www.ovidiudragosargesanu.ro\/en\/wp-content\/uploads\/2025\/02\/Conferinta-premium-Abundenta-si-bunastarea-600X800-9.png","contentUrl":"https:\/\/www.ovidiudragosargesanu.ro\/en\/wp-content\/uploads\/2025\/02\/Conferinta-premium-Abundenta-si-bunastarea-600X800-9.png","width":600,"height":800},{"@type":"BreadcrumbList","@id":"https:\/\/www.ovidiudragosargesanu.ro\/en\/shop\/cursuri-premium\/vindecarea-ranilor-emotionale\/curs-cele-6-rani-emotionale-curs-practic-de-eliberare-emotionala-ploiesti-acces-online\/#breadcrumb","itemListElement":[{"@type":"ListItem","position":1,"name":"Prima pagin\u0103","item":"https:\/\/www.ovidiudragosargesanu.ro\/en\/"},{"@type":"ListItem","position":2,"name":"Shop","item":"https:\/\/www.ovidiudragosargesanu.ro\/en\/shop\/"},{"@type":"ListItem","position":3,"name":"Curs: Cele 6 rani emotionale &#8211; Curs practic de eliberare emotionala &#8211; Ploiesti &#8211; acces online"}]},{"@type":"WebSite","@id":"https:\/\/www.ovidiudragosargesanu.ro\/en\/#website","url":"https:\/\/www.ovidiudragosargesanu.ro\/en\/","name":"Ovidiu Drago\u0219 Arge\u0219anu","description":"","publisher":{"@id":"https:\/\/www.ovidiudragosargesanu.ro\/en\/#organization"},"potentialAction":[{"@type":"SearchAction","target":{"@type":"EntryPoint","urlTemplate":"https:\/\/www.ovidiudragosargesanu.ro\/en\/?s={search_term_string}"},"query-input":{"@type":"PropertyValueSpecification","valueRequired":true,"valueName":"search_term_string"}}],"inLanguage":"en-US"},{"@type":"Organization","@id":"https:\/\/www.ovidiudragosargesanu.ro\/en\/#organization","name":"Ovidiu Drago\u0219 Arge\u0219anu","url":"https:\/\/www.ovidiudragosargesanu.ro\/en\/","logo":{"@type":"ImageObject","inLanguage":"en-US","@id":"https:\/\/www.ovidiudragosargesanu.ro\/en\/#\/schema\/logo\/image\/","url":"https:\/\/www.ovidiudragosargesanu.ro\/en\/wp-content\/uploads\/2018\/03\/dragos-logo-lotus-black-400.svg","contentUrl":"https:\/\/www.ovidiudragosargesanu.ro\/en\/wp-content\/uploads\/2018\/03\/dragos-logo-lotus-black-400.svg","width":300,"height":150,"caption":"Ovidiu Drago\u0219 Arge\u0219anu"},"image":{"@id":"https:\/\/www.ovidiudragosargesanu.ro\/en\/#\/schema\/logo\/image\/"}}]}},"_links":{"self":[{"href":"https:\/\/www.ovidiudragosargesanu.ro\/en\/wp-json\/wp\/v2\/product\/35866","targetHints":{"allow":["GET"]}}],"collection":[{"href":"https:\/\/www.ovidiudragosargesanu.ro\/en\/wp-json\/wp\/v2\/product"}],"about":[{"href":"https:\/\/www.ovidiudragosargesanu.ro\/en\/wp-json\/wp\/v2\/types\/product"}],"version-history":[{"count":2,"href":"https:\/\/www.ovidiudragosargesanu.ro\/en\/wp-json\/wp\/v2\/product\/35866\/revisions"}],"predecessor-version":[{"id":36232,"href":"https:\/\/www.ovidiudragosargesanu.ro\/en\/wp-json\/wp\/v2\/product\/35866\/revisions\/36232"}],"wp:featuredmedia":[{"embeddable":true,"href":"https:\/\/www.ovidiudragosargesanu.ro\/en\/wp-json\/wp\/v2\/media\/66465"}],"wp:attachment":[{"href":"https:\/\/www.ovidiudragosargesanu.ro\/en\/wp-json\/wp\/v2\/media?parent=35866"}],"wp:term":[{"taxonomy":"product_brand","embeddable":true,"href":"https:\/\/www.ovidiudragosargesanu.ro\/en\/wp-json\/wp\/v2\/product_brand?post=35866"},{"taxonomy":"product_cat","embeddable":true,"href":"https:\/\/www.ovidiudragosargesanu.ro\/en\/wp-json\/wp\/v2\/product_cat?post=35866"},{"taxonomy":"product_tag","embeddable":true,"href":"https:\/\/www.ovidiudragosargesanu.ro\/en\/wp-json\/wp\/v2\/product_tag?post=35866"}],"curies":[{"name":"wp","href":"https:\/\/api.w.org\/{rel}","templated":true}]}}