{"id":35874,"date":"2025-02-03T11:56:44","date_gmt":"2025-02-03T09:56:44","guid":{"rendered":"https:\/\/www.ovidiudragosargesanu.ro\/?post_type=product&#038;p=35874"},"modified":"2025-10-07T18:39:14","modified_gmt":"2025-10-07T15:39:14","slug":"curs-triunghiul-puterii-interioare-constiinta-suflet-sine-bacau-acces-online","status":"publish","type":"product","link":"https:\/\/www.ovidiudragosargesanu.ro\/en\/shop\/cursuri-premium\/supraconstiinta-cursuri-premium\/curs-triunghiul-puterii-interioare-constiinta-suflet-sine-bacau-acces-online\/","title":{"rendered":"Curs: Triunghiul puterii interioare: constiinta &#8211; suflet &#8211; sine &#8211; Bacau &#8211; acces online"},"content":{"rendered":"<p><span style=\"font-weight: 400;\">Cursul meu\u00a0 ,,Triunghiul puterii interioare: con\u0219tiin\u021b\u0103 &#8211; suflet &#8211; sine\u201d pe care l-am sus\u021bin \u00een Bac\u0103u, \u00een data de 19 februarie.<\/span><\/p>\n<p><span style=\"font-weight: 400;\">Acest curs este despre <\/span><b>puterea autentic\u0103<\/b><span style=\"font-weight: 400;\"> pe care o po\u021bi accesa atunci c\u00e2nd \u00ee\u021bi echilibrezi cele trei mari aspecte ale fiin\u021bei: <\/span><b>con\u0219tiin\u021ba, sufletul \u0219i sinele<\/b><span style=\"font-weight: 400;\">. \u00centr-o lume plin\u0103 de influen\u021be exterioare, reconectarea cu esen\u021ba ta devine cheia echilibrului \u0219i evolu\u021biei spirituale.<\/span><\/p>\n<p><b>Teme principale:<\/b><\/p>\n<ul>\n<li style=\"font-weight: 400;\" aria-level=\"1\"><b>Importan\u021ba ini\u021bierilor \u0219i a \u00eengerilor<\/b><span style=\"font-weight: 400;\"> \u2013 ghidarea \u0219i protec\u021bia divin\u0103 \u00een c\u0103l\u0103toria ta spiritual\u0103.<\/span><\/li>\n<li style=\"font-weight: 400;\" aria-level=\"1\"><span style=\"font-weight: 400;\">\u00a0<\/span><b>Importan\u021ba sufletului<\/b><span style=\"font-weight: 400;\"> \u2013 cum s\u0103 \u00ee\u021bi \u00een\u021belegi \u0219i \u00ee\u021bi onorezi sufletul pentru a accesa adev\u0103rata putere interioar\u0103.<\/span><\/li>\n<li style=\"font-weight: 400;\" aria-level=\"1\"><b>Importan\u021ba dragonilor<\/b><span style=\"font-weight: 400;\"> \u2013 entit\u0103\u021bi care pot sus\u021bine transformarea \u0219i protec\u021bia personal\u0103.<\/span><\/li>\n<\/ul>\n<p><span style=\"font-weight: 400;\">\ud83d\udd39 <\/span><b>Un curs PRACTIC, profund \u0219i personalizat<\/b><b><br \/>\n<\/b><span style=\"font-weight: 400;\">\ud83d\udd38 Vom face <\/span><b>medita\u021bii<\/b><span style=\"font-weight: 400;\"> \u0219i <\/span><b>ini\u021bieri<\/b><span style=\"font-weight: 400;\"> adaptate nivelului de con\u0219tiin\u021b\u0103 al fiec\u0103ruia<\/span><span style=\"font-weight: 400;\"><br \/>\n<\/span><span style=\"font-weight: 400;\">\ud83d\udd38 Vei putea verifica concret <\/span><b>evolu\u021bia ta de la \u00eenceputul p\u00e2n\u0103 la finalul cursului<\/b><span style=\"font-weight: 400;\">.<\/span><\/p>\n<p>&nbsp;<\/p>\n","protected":false},"excerpt":{"rendered":"<p><b>ACCES NELIMITAT!<\/b><\/p>\n<p><span style=\"font-weight: 400;\">Te invit s\u0103 vizionezi cursul ,,Triunghiul puterii interioare: con\u0219tiin\u021b\u0103 &#8211; suflet &#8211; sine\u201d pe care l-am sus\u021binut \u00een Bac\u0103u, \u00een data de 19 februarie 2025.<\/span><\/p>\n<p>&nbsp;<\/p>\n","protected":false},"featured_media":66464,"template":"","meta":{"inline_featured_image":false},"product_brand":[],"product_cat":[602,737],"product_tag":[],"class_list":{"0":"post-35874","1":"product","2":"type-product","3":"status-publish","4":"has-post-thumbnail","6":"product_cat-cursuri-premium","7":"product_cat-supraconstiinta-cursuri-premium","9":"first","10":"instock","11":"virtual","12":"sold-individually","13":"taxable","14":"purchasable","15":"product-type-simple"},"yoast_head":"<!-- This site is optimized with the Yoast SEO plugin v26.9 - https:\/\/yoast.com\/product\/yoast-seo-wordpress\/ -->\n<title>Curs: Triunghiul puterii interioare: constiinta - suflet - sine - Bacau - acces online - Ovidiu Drago\u0219 Arge\u0219anu<\/title>\n<meta name=\"description\" content=\"Cursul meu\u00a0 ,,Triunghiul puterii interioare: con\u0219tiin\u021b\u0103 - suflet - sine\u201d \u00eel sus\u021bin \u00een Bac\u0103u, \u00een data de 19 februarie 2025, \u00eencep\u00e2nd cu ora 17:00.\" \/>\n<meta name=\"robots\" content=\"noindex, follow, max-snippet:-1, max-image-preview:large, max-video-preview:-1\" \/>\n<meta property=\"og:locale\" content=\"en_US\" \/>\n<meta property=\"og:type\" content=\"article\" \/>\n<meta property=\"og:title\" content=\"Curs: Triunghiul puterii interioare: constiinta - suflet - sine - Bacau - acces online - Ovidiu Drago\u0219 Arge\u0219anu\" \/>\n<meta property=\"og:description\" content=\"Cursul meu\u00a0 ,,Triunghiul puterii interioare: con\u0219tiin\u021b\u0103 - suflet - sine\u201d \u00eel sus\u021bin \u00een Bac\u0103u, \u00een data de 19 februarie 2025, \u00eencep\u00e2nd cu ora 17:00.\" \/>\n<meta property=\"og:url\" content=\"https:\/\/www.ovidiudragosargesanu.ro\/en\/shop\/cursuri-premium\/supraconstiinta-cursuri-premium\/curs-triunghiul-puterii-interioare-constiinta-suflet-sine-bacau-acces-online\/\" \/>\n<meta property=\"og:site_name\" content=\"Ovidiu Drago\u0219 Arge\u0219anu\" \/>\n<meta property=\"article:modified_time\" content=\"2025-10-07T15:39:14+00:00\" \/>\n<meta property=\"og:image\" content=\"https:\/\/www.ovidiudragosargesanu.ro\/en\/wp-content\/uploads\/2025\/02\/Conferinta-premium-Abundenta-si-bunastarea-600X800-8.png\" \/>\n\t<meta property=\"og:image:width\" content=\"600\" \/>\n\t<meta property=\"og:image:height\" content=\"800\" \/>\n\t<meta property=\"og:image:type\" content=\"image\/png\" \/>\n<meta name=\"twitter:card\" content=\"summary_large_image\" \/>\n<meta name=\"twitter:label1\" content=\"Est. reading time\" \/>\n\t<meta name=\"twitter:data1\" content=\"1 minute\" \/>\n<script type=\"application\/ld+json\" class=\"yoast-schema-graph\">{\"@context\":\"https:\/\/schema.org\",\"@graph\":[{\"@type\":\"WebPage\",\"@id\":\"https:\/\/www.ovidiudragosargesanu.ro\/en\/shop\/cursuri-premium\/supraconstiinta-cursuri-premium\/curs-triunghiul-puterii-interioare-constiinta-suflet-sine-bacau-acces-online\/\",\"url\":\"https:\/\/www.ovidiudragosargesanu.ro\/en\/shop\/cursuri-premium\/supraconstiinta-cursuri-premium\/curs-triunghiul-puterii-interioare-constiinta-suflet-sine-bacau-acces-online\/\",\"name\":\"Curs: Triunghiul puterii interioare: constiinta - suflet - sine - Bacau - acces online - Ovidiu Drago\u0219 Arge\u0219anu\",\"isPartOf\":{\"@id\":\"https:\/\/www.ovidiudragosargesanu.ro\/en\/#website\"},\"primaryImageOfPage\":{\"@id\":\"https:\/\/www.ovidiudragosargesanu.ro\/en\/shop\/cursuri-premium\/supraconstiinta-cursuri-premium\/curs-triunghiul-puterii-interioare-constiinta-suflet-sine-bacau-acces-online\/#primaryimage\"},\"image\":{\"@id\":\"https:\/\/www.ovidiudragosargesanu.ro\/en\/shop\/cursuri-premium\/supraconstiinta-cursuri-premium\/curs-triunghiul-puterii-interioare-constiinta-suflet-sine-bacau-acces-online\/#primaryimage\"},\"thumbnailUrl\":\"https:\/\/www.ovidiudragosargesanu.ro\/en\/wp-content\/uploads\/2025\/02\/Conferinta-premium-Abundenta-si-bunastarea-600X800-8.png\",\"datePublished\":\"2025-02-03T09:56:44+00:00\",\"dateModified\":\"2025-10-07T15:39:14+00:00\",\"description\":\"Cursul meu\u00a0 ,,Triunghiul puterii interioare: con\u0219tiin\u021b\u0103 - suflet - sine\u201d \u00eel sus\u021bin \u00een Bac\u0103u, \u00een data de 19 februarie 2025, \u00eencep\u00e2nd cu ora 17:00.\",\"breadcrumb\":{\"@id\":\"https:\/\/www.ovidiudragosargesanu.ro\/en\/shop\/cursuri-premium\/supraconstiinta-cursuri-premium\/curs-triunghiul-puterii-interioare-constiinta-suflet-sine-bacau-acces-online\/#breadcrumb\"},\"inLanguage\":\"en-US\",\"potentialAction\":[{\"@type\":\"ReadAction\",\"target\":[\"https:\/\/www.ovidiudragosargesanu.ro\/en\/shop\/cursuri-premium\/supraconstiinta-cursuri-premium\/curs-triunghiul-puterii-interioare-constiinta-suflet-sine-bacau-acces-online\/\"]}]},{\"@type\":\"ImageObject\",\"inLanguage\":\"en-US\",\"@id\":\"https:\/\/www.ovidiudragosargesanu.ro\/en\/shop\/cursuri-premium\/supraconstiinta-cursuri-premium\/curs-triunghiul-puterii-interioare-constiinta-suflet-sine-bacau-acces-online\/#primaryimage\",\"url\":\"https:\/\/www.ovidiudragosargesanu.ro\/en\/wp-content\/uploads\/2025\/02\/Conferinta-premium-Abundenta-si-bunastarea-600X800-8.png\",\"contentUrl\":\"https:\/\/www.ovidiudragosargesanu.ro\/en\/wp-content\/uploads\/2025\/02\/Conferinta-premium-Abundenta-si-bunastarea-600X800-8.png\",\"width\":600,\"height\":800},{\"@type\":\"BreadcrumbList\",\"@id\":\"https:\/\/www.ovidiudragosargesanu.ro\/en\/shop\/cursuri-premium\/supraconstiinta-cursuri-premium\/curs-triunghiul-puterii-interioare-constiinta-suflet-sine-bacau-acces-online\/#breadcrumb\",\"itemListElement\":[{\"@type\":\"ListItem\",\"position\":1,\"name\":\"Prima pagin\u0103\",\"item\":\"https:\/\/www.ovidiudragosargesanu.ro\/en\/\"},{\"@type\":\"ListItem\",\"position\":2,\"name\":\"Shop\",\"item\":\"https:\/\/www.ovidiudragosargesanu.ro\/en\/shop\/\"},{\"@type\":\"ListItem\",\"position\":3,\"name\":\"Curs: Triunghiul puterii interioare: constiinta &#8211; suflet &#8211; sine &#8211; Bacau &#8211; acces online\"}]},{\"@type\":\"WebSite\",\"@id\":\"https:\/\/www.ovidiudragosargesanu.ro\/en\/#website\",\"url\":\"https:\/\/www.ovidiudragosargesanu.ro\/en\/\",\"name\":\"Ovidiu Drago\u0219 Arge\u0219anu\",\"description\":\"\",\"publisher\":{\"@id\":\"https:\/\/www.ovidiudragosargesanu.ro\/en\/#organization\"},\"potentialAction\":[{\"@type\":\"SearchAction\",\"target\":{\"@type\":\"EntryPoint\",\"urlTemplate\":\"https:\/\/www.ovidiudragosargesanu.ro\/en\/?s={search_term_string}\"},\"query-input\":{\"@type\":\"PropertyValueSpecification\",\"valueRequired\":true,\"valueName\":\"search_term_string\"}}],\"inLanguage\":\"en-US\"},{\"@type\":\"Organization\",\"@id\":\"https:\/\/www.ovidiudragosargesanu.ro\/en\/#organization\",\"name\":\"Ovidiu Drago\u0219 Arge\u0219anu\",\"url\":\"https:\/\/www.ovidiudragosargesanu.ro\/en\/\",\"logo\":{\"@type\":\"ImageObject\",\"inLanguage\":\"en-US\",\"@id\":\"https:\/\/www.ovidiudragosargesanu.ro\/en\/#\/schema\/logo\/image\/\",\"url\":\"https:\/\/www.ovidiudragosargesanu.ro\/en\/wp-content\/uploads\/2018\/03\/dragos-logo-lotus-black-400.svg\",\"contentUrl\":\"https:\/\/www.ovidiudragosargesanu.ro\/en\/wp-content\/uploads\/2018\/03\/dragos-logo-lotus-black-400.svg\",\"width\":300,\"height\":150,\"caption\":\"Ovidiu Drago\u0219 Arge\u0219anu\"},\"image\":{\"@id\":\"https:\/\/www.ovidiudragosargesanu.ro\/en\/#\/schema\/logo\/image\/\"}}]}<\/script>\n<!-- \/ Yoast SEO plugin. -->","yoast_head_json":{"title":"Curs: Triunghiul puterii interioare: constiinta - suflet - sine - Bacau - acces online - Ovidiu Drago\u0219 Arge\u0219anu","description":"Cursul meu\u00a0 ,,Triunghiul puterii interioare: con\u0219tiin\u021b\u0103 - suflet - sine\u201d \u00eel sus\u021bin \u00een Bac\u0103u, \u00een data de 19 februarie 2025, \u00eencep\u00e2nd cu ora 17:00.","robots":{"index":"noindex","follow":"follow","max-snippet":"max-snippet:-1","max-image-preview":"max-image-preview:large","max-video-preview":"max-video-preview:-1"},"og_locale":"en_US","og_type":"article","og_title":"Curs: Triunghiul puterii interioare: constiinta - suflet - sine - Bacau - acces online - Ovidiu Drago\u0219 Arge\u0219anu","og_description":"Cursul meu\u00a0 ,,Triunghiul puterii interioare: con\u0219tiin\u021b\u0103 - suflet - sine\u201d \u00eel sus\u021bin \u00een Bac\u0103u, \u00een data de 19 februarie 2025, \u00eencep\u00e2nd cu ora 17:00.","og_url":"https:\/\/www.ovidiudragosargesanu.ro\/en\/shop\/cursuri-premium\/supraconstiinta-cursuri-premium\/curs-triunghiul-puterii-interioare-constiinta-suflet-sine-bacau-acces-online\/","og_site_name":"Ovidiu Drago\u0219 Arge\u0219anu","article_modified_time":"2025-10-07T15:39:14+00:00","og_image":[{"width":600,"height":800,"url":"https:\/\/www.ovidiudragosargesanu.ro\/en\/wp-content\/uploads\/2025\/02\/Conferinta-premium-Abundenta-si-bunastarea-600X800-8.png","type":"image\/png"}],"twitter_card":"summary_large_image","twitter_misc":{"Est. reading time":"1 minute"},"schema":{"@context":"https:\/\/schema.org","@graph":[{"@type":"WebPage","@id":"https:\/\/www.ovidiudragosargesanu.ro\/en\/shop\/cursuri-premium\/supraconstiinta-cursuri-premium\/curs-triunghiul-puterii-interioare-constiinta-suflet-sine-bacau-acces-online\/","url":"https:\/\/www.ovidiudragosargesanu.ro\/en\/shop\/cursuri-premium\/supraconstiinta-cursuri-premium\/curs-triunghiul-puterii-interioare-constiinta-suflet-sine-bacau-acces-online\/","name":"Curs: Triunghiul puterii interioare: constiinta - suflet - sine - Bacau - acces online - Ovidiu Drago\u0219 Arge\u0219anu","isPartOf":{"@id":"https:\/\/www.ovidiudragosargesanu.ro\/en\/#website"},"primaryImageOfPage":{"@id":"https:\/\/www.ovidiudragosargesanu.ro\/en\/shop\/cursuri-premium\/supraconstiinta-cursuri-premium\/curs-triunghiul-puterii-interioare-constiinta-suflet-sine-bacau-acces-online\/#primaryimage"},"image":{"@id":"https:\/\/www.ovidiudragosargesanu.ro\/en\/shop\/cursuri-premium\/supraconstiinta-cursuri-premium\/curs-triunghiul-puterii-interioare-constiinta-suflet-sine-bacau-acces-online\/#primaryimage"},"thumbnailUrl":"https:\/\/www.ovidiudragosargesanu.ro\/en\/wp-content\/uploads\/2025\/02\/Conferinta-premium-Abundenta-si-bunastarea-600X800-8.png","datePublished":"2025-02-03T09:56:44+00:00","dateModified":"2025-10-07T15:39:14+00:00","description":"Cursul meu\u00a0 ,,Triunghiul puterii interioare: con\u0219tiin\u021b\u0103 - suflet - sine\u201d \u00eel sus\u021bin \u00een Bac\u0103u, \u00een data de 19 februarie 2025, \u00eencep\u00e2nd cu ora 17:00.","breadcrumb":{"@id":"https:\/\/www.ovidiudragosargesanu.ro\/en\/shop\/cursuri-premium\/supraconstiinta-cursuri-premium\/curs-triunghiul-puterii-interioare-constiinta-suflet-sine-bacau-acces-online\/#breadcrumb"},"inLanguage":"en-US","potentialAction":[{"@type":"ReadAction","target":["https:\/\/www.ovidiudragosargesanu.ro\/en\/shop\/cursuri-premium\/supraconstiinta-cursuri-premium\/curs-triunghiul-puterii-interioare-constiinta-suflet-sine-bacau-acces-online\/"]}]},{"@type":"ImageObject","inLanguage":"en-US","@id":"https:\/\/www.ovidiudragosargesanu.ro\/en\/shop\/cursuri-premium\/supraconstiinta-cursuri-premium\/curs-triunghiul-puterii-interioare-constiinta-suflet-sine-bacau-acces-online\/#primaryimage","url":"https:\/\/www.ovidiudragosargesanu.ro\/en\/wp-content\/uploads\/2025\/02\/Conferinta-premium-Abundenta-si-bunastarea-600X800-8.png","contentUrl":"https:\/\/www.ovidiudragosargesanu.ro\/en\/wp-content\/uploads\/2025\/02\/Conferinta-premium-Abundenta-si-bunastarea-600X800-8.png","width":600,"height":800},{"@type":"BreadcrumbList","@id":"https:\/\/www.ovidiudragosargesanu.ro\/en\/shop\/cursuri-premium\/supraconstiinta-cursuri-premium\/curs-triunghiul-puterii-interioare-constiinta-suflet-sine-bacau-acces-online\/#breadcrumb","itemListElement":[{"@type":"ListItem","position":1,"name":"Prima pagin\u0103","item":"https:\/\/www.ovidiudragosargesanu.ro\/en\/"},{"@type":"ListItem","position":2,"name":"Shop","item":"https:\/\/www.ovidiudragosargesanu.ro\/en\/shop\/"},{"@type":"ListItem","position":3,"name":"Curs: Triunghiul puterii interioare: constiinta &#8211; suflet &#8211; sine &#8211; Bacau &#8211; acces online"}]},{"@type":"WebSite","@id":"https:\/\/www.ovidiudragosargesanu.ro\/en\/#website","url":"https:\/\/www.ovidiudragosargesanu.ro\/en\/","name":"Ovidiu Drago\u0219 Arge\u0219anu","description":"","publisher":{"@id":"https:\/\/www.ovidiudragosargesanu.ro\/en\/#organization"},"potentialAction":[{"@type":"SearchAction","target":{"@type":"EntryPoint","urlTemplate":"https:\/\/www.ovidiudragosargesanu.ro\/en\/?s={search_term_string}"},"query-input":{"@type":"PropertyValueSpecification","valueRequired":true,"valueName":"search_term_string"}}],"inLanguage":"en-US"},{"@type":"Organization","@id":"https:\/\/www.ovidiudragosargesanu.ro\/en\/#organization","name":"Ovidiu Drago\u0219 Arge\u0219anu","url":"https:\/\/www.ovidiudragosargesanu.ro\/en\/","logo":{"@type":"ImageObject","inLanguage":"en-US","@id":"https:\/\/www.ovidiudragosargesanu.ro\/en\/#\/schema\/logo\/image\/","url":"https:\/\/www.ovidiudragosargesanu.ro\/en\/wp-content\/uploads\/2018\/03\/dragos-logo-lotus-black-400.svg","contentUrl":"https:\/\/www.ovidiudragosargesanu.ro\/en\/wp-content\/uploads\/2018\/03\/dragos-logo-lotus-black-400.svg","width":300,"height":150,"caption":"Ovidiu Drago\u0219 Arge\u0219anu"},"image":{"@id":"https:\/\/www.ovidiudragosargesanu.ro\/en\/#\/schema\/logo\/image\/"}}]}},"_links":{"self":[{"href":"https:\/\/www.ovidiudragosargesanu.ro\/en\/wp-json\/wp\/v2\/product\/35874","targetHints":{"allow":["GET"]}}],"collection":[{"href":"https:\/\/www.ovidiudragosargesanu.ro\/en\/wp-json\/wp\/v2\/product"}],"about":[{"href":"https:\/\/www.ovidiudragosargesanu.ro\/en\/wp-json\/wp\/v2\/types\/product"}],"version-history":[{"count":5,"href":"https:\/\/www.ovidiudragosargesanu.ro\/en\/wp-json\/wp\/v2\/product\/35874\/revisions"}],"predecessor-version":[{"id":37160,"href":"https:\/\/www.ovidiudragosargesanu.ro\/en\/wp-json\/wp\/v2\/product\/35874\/revisions\/37160"}],"wp:featuredmedia":[{"embeddable":true,"href":"https:\/\/www.ovidiudragosargesanu.ro\/en\/wp-json\/wp\/v2\/media\/66464"}],"wp:attachment":[{"href":"https:\/\/www.ovidiudragosargesanu.ro\/en\/wp-json\/wp\/v2\/media?parent=35874"}],"wp:term":[{"taxonomy":"product_brand","embeddable":true,"href":"https:\/\/www.ovidiudragosargesanu.ro\/en\/wp-json\/wp\/v2\/product_brand?post=35874"},{"taxonomy":"product_cat","embeddable":true,"href":"https:\/\/www.ovidiudragosargesanu.ro\/en\/wp-json\/wp\/v2\/product_cat?post=35874"},{"taxonomy":"product_tag","embeddable":true,"href":"https:\/\/www.ovidiudragosargesanu.ro\/en\/wp-json\/wp\/v2\/product_tag?post=35874"}],"curies":[{"name":"wp","href":"https:\/\/api.w.org\/{rel}","templated":true}]}}