{"id":36254,"date":"2025-02-07T07:15:53","date_gmt":"2025-02-07T05:15:53","guid":{"rendered":"https:\/\/www.ovidiudragosargesanu.ro\/?post_type=product&#038;p=36254"},"modified":"2025-02-27T15:52:17","modified_gmt":"2025-02-27T13:52:17","slug":"curs-ingerii-modulul-ii-ploiesti-acces-online-seniori","status":"publish","type":"product","link":"https:\/\/www.ovidiudragosargesanu.ro\/en\/shop\/seniori\/curs-ingerii-modulul-ii-ploiesti-acces-online-seniori\/","title":{"rendered":"Curs: Ingerii &#8211; Modulul II &#8211; Ploiesti &#8211; acces online (Seniori)"},"content":{"rendered":"<p><span style=\"font-weight: 400;\">Te-ai g\u00e2ndit vreodat\u0103 ce \u00eenseamn\u0103 cu adev\u0103rat puterea interioar\u0103? <\/span><\/p>\n<p><span style=\"font-weight: 400;\">\u00cen <\/span><b>cursul online \u201e\u00cengerii \u2013 Modulul II\u201d<\/b><span style=\"font-weight: 400;\">, sus\u021binut \u00een Ploie\u0219ti, \u00een data de 3 octombrie, te ghidez pas cu pas pentru a \u00een\u021belege \u0219i a lucra cu puterea interioar\u0103 la niveluri profunde.<\/span><\/p>\n<p><span style=\"font-weight: 400;\">Exist\u0103 mai multe dimensiuni ale puterii interioare:<\/span><span style=\"font-weight: 400;\"><br \/>\n<\/span><span style=\"font-weight: 400;\">\ud83d\udd39 <\/span><b>Puterea la nivel de con\u0219tiin\u021b\u0103<\/b><span style=\"font-weight: 400;\"><br \/>\n<\/span><span style=\"font-weight: 400;\">\ud83d\udd39 <\/span><b>Puterea la nivel de suflet<\/b><span style=\"font-weight: 400;\"><br \/>\n<\/span><span style=\"font-weight: 400;\">\ud83d\udd39 <\/span><b>Puterea la nivel de \u0219arpe kundalini<\/b><span style=\"font-weight: 400;\">\u00a0<\/span><\/p>\n<p><span style=\"font-weight: 400;\">\u00cen acest modul, ne vom concentra pe <\/span><b>\u00eengerii medii<\/b><span style=\"font-weight: 400;\">, cei de la nivelul acestui univers, adic\u0103 cei p\u00e2n\u0103 \u00een 5,4 miliarde de ani.<\/span><\/p>\n<p><span style=\"font-weight: 400;\">Prin acest curs, vei \u00eenv\u0103\u021ba:<\/span><\/p>\n<p><span style=\"font-weight: 400;\">\u2728 Cum s\u0103 accesezi \u0219i s\u0103 lucrezi cu \u00eengerii din dimensiunea medie<\/span><\/p>\n<p><span style=\"font-weight: 400;\">\u2728 Cum s\u0103 \u00ee\u021bi dezvol\u021bi puterea interioar\u0103 la nivel de con\u0219tiin\u021b\u0103<\/span><\/p>\n<p><span style=\"font-weight: 400;\">\u2728 Care sunt cele trei dimensiuni ale \u00eengerilor: mici, medii \u0219i mari, \u0219i cum s\u0103 le diferen\u021biezi<\/span><\/p>\n<p><span style=\"font-weight: 400;\">Puterea interioar\u0103 se amplific\u0103 atunci c\u00e2nd \u00eenve\u021bi s\u0103 ascul\u021bi \u0219i s\u0103 lucrezi cu energiile subtile ale universului \u0219i ale \u00eengerilor.<\/span><\/p>\n","protected":false},"excerpt":{"rendered":"<p><span style=\"font-weight: 400;\">ACCES NELIMITAT!<\/span><\/p>\n<p><span style=\"font-weight: 400;\">Te invit s\u0103 vizionezi cursul meu <\/span><b>\u00a0\u201e\u00cengerii \u2013 Modulul II\u201d<\/b><span style=\"font-weight: 400;\">, sus\u021binut \u00een Ploie\u0219ti, \u00een data de 3 octombrie.<\/span><\/p>\n","protected":false},"featured_media":36245,"template":"","meta":{"inline_featured_image":false},"product_brand":[],"product_cat":[795],"product_tag":[],"class_list":{"0":"post-36254","1":"product","2":"type-product","3":"status-publish","4":"has-post-thumbnail","6":"product_cat-seniori","8":"first","9":"instock","10":"sale","11":"virtual","12":"sold-individually","13":"taxable","14":"purchasable","15":"product-type-simple"},"yoast_head":"<!-- This site is optimized with the Yoast SEO plugin v26.9 - https:\/\/yoast.com\/product\/yoast-seo-wordpress\/ -->\n<title>Curs: Ingerii - Modulul II - Ploiesti - acces online (Seniori) - Ovidiu Drago\u0219 Arge\u0219anu<\/title>\n<meta name=\"description\" content=\"\u00cen cursul online \u201e\u00cengerii \u2013 Modulul II\u201d, sus\u021binut \u00een Ploie\u0219ti, \u00een data de 3 octombrie, te ghidez pas cu pas pentru a \u00een\u021belege \u0219i a lucra cu puterea\" \/>\n<meta name=\"robots\" content=\"noindex, follow, max-snippet:-1, max-image-preview:large, max-video-preview:-1\" \/>\n<meta property=\"og:locale\" content=\"en_US\" \/>\n<meta property=\"og:type\" content=\"article\" \/>\n<meta property=\"og:title\" content=\"Curs: Ingerii - Modulul II - Ploiesti - acces online (Seniori) - Ovidiu Drago\u0219 Arge\u0219anu\" \/>\n<meta property=\"og:description\" content=\"\u00cen cursul online \u201e\u00cengerii \u2013 Modulul II\u201d, sus\u021binut \u00een Ploie\u0219ti, \u00een data de 3 octombrie, te ghidez pas cu pas pentru a \u00een\u021belege \u0219i a lucra cu puterea\" \/>\n<meta property=\"og:url\" content=\"https:\/\/www.ovidiudragosargesanu.ro\/en\/shop\/seniori\/curs-ingerii-modulul-ii-ploiesti-acces-online-seniori\/\" \/>\n<meta property=\"og:site_name\" content=\"Ovidiu Drago\u0219 Arge\u0219anu\" \/>\n<meta property=\"article:modified_time\" content=\"2025-02-27T13:52:17+00:00\" \/>\n<meta property=\"og:image\" content=\"https:\/\/www.ovidiudragosargesanu.ro\/en\/wp-content\/uploads\/2025\/02\/Curs-Ingerii-Modulul-II-Ploiesti-3.10.2025-600-800-scaled.jpg\" \/>\n\t<meta property=\"og:image:width\" content=\"1920\" \/>\n\t<meta property=\"og:image:height\" content=\"2560\" \/>\n\t<meta property=\"og:image:type\" content=\"image\/jpeg\" \/>\n<meta name=\"twitter:card\" content=\"summary_large_image\" \/>\n<meta name=\"twitter:label1\" content=\"Est. reading time\" \/>\n\t<meta name=\"twitter:data1\" content=\"2 minutes\" \/>\n<script type=\"application\/ld+json\" class=\"yoast-schema-graph\">{\"@context\":\"https:\/\/schema.org\",\"@graph\":[{\"@type\":\"WebPage\",\"@id\":\"https:\/\/www.ovidiudragosargesanu.ro\/en\/shop\/seniori\/curs-ingerii-modulul-ii-ploiesti-acces-online-seniori\/\",\"url\":\"https:\/\/www.ovidiudragosargesanu.ro\/en\/shop\/seniori\/curs-ingerii-modulul-ii-ploiesti-acces-online-seniori\/\",\"name\":\"Curs: Ingerii - Modulul II - Ploiesti - acces online (Seniori) - Ovidiu Drago\u0219 Arge\u0219anu\",\"isPartOf\":{\"@id\":\"https:\/\/www.ovidiudragosargesanu.ro\/en\/#website\"},\"primaryImageOfPage\":{\"@id\":\"https:\/\/www.ovidiudragosargesanu.ro\/en\/shop\/seniori\/curs-ingerii-modulul-ii-ploiesti-acces-online-seniori\/#primaryimage\"},\"image\":{\"@id\":\"https:\/\/www.ovidiudragosargesanu.ro\/en\/shop\/seniori\/curs-ingerii-modulul-ii-ploiesti-acces-online-seniori\/#primaryimage\"},\"thumbnailUrl\":\"https:\/\/www.ovidiudragosargesanu.ro\/en\/wp-content\/uploads\/2025\/02\/Curs-Ingerii-Modulul-II-Ploiesti-3.10.2025-600-800-scaled.jpg\",\"datePublished\":\"2025-02-07T05:15:53+00:00\",\"dateModified\":\"2025-02-27T13:52:17+00:00\",\"description\":\"\u00cen cursul online \u201e\u00cengerii \u2013 Modulul II\u201d, sus\u021binut \u00een Ploie\u0219ti, \u00een data de 3 octombrie, te ghidez pas cu pas pentru a \u00een\u021belege \u0219i a lucra cu puterea\",\"breadcrumb\":{\"@id\":\"https:\/\/www.ovidiudragosargesanu.ro\/en\/shop\/seniori\/curs-ingerii-modulul-ii-ploiesti-acces-online-seniori\/#breadcrumb\"},\"inLanguage\":\"en-US\",\"potentialAction\":[{\"@type\":\"ReadAction\",\"target\":[\"https:\/\/www.ovidiudragosargesanu.ro\/en\/shop\/seniori\/curs-ingerii-modulul-ii-ploiesti-acces-online-seniori\/\"]}]},{\"@type\":\"ImageObject\",\"inLanguage\":\"en-US\",\"@id\":\"https:\/\/www.ovidiudragosargesanu.ro\/en\/shop\/seniori\/curs-ingerii-modulul-ii-ploiesti-acces-online-seniori\/#primaryimage\",\"url\":\"https:\/\/www.ovidiudragosargesanu.ro\/en\/wp-content\/uploads\/2025\/02\/Curs-Ingerii-Modulul-II-Ploiesti-3.10.2025-600-800-scaled.jpg\",\"contentUrl\":\"https:\/\/www.ovidiudragosargesanu.ro\/en\/wp-content\/uploads\/2025\/02\/Curs-Ingerii-Modulul-II-Ploiesti-3.10.2025-600-800-scaled.jpg\",\"width\":1920,\"height\":2560,\"caption\":\"Curs-Ingerii Modulul II-Ploiesti-3.10.2025- 600-800\"},{\"@type\":\"BreadcrumbList\",\"@id\":\"https:\/\/www.ovidiudragosargesanu.ro\/en\/shop\/seniori\/curs-ingerii-modulul-ii-ploiesti-acces-online-seniori\/#breadcrumb\",\"itemListElement\":[{\"@type\":\"ListItem\",\"position\":1,\"name\":\"Prima pagin\u0103\",\"item\":\"https:\/\/www.ovidiudragosargesanu.ro\/en\/\"},{\"@type\":\"ListItem\",\"position\":2,\"name\":\"Shop\",\"item\":\"https:\/\/www.ovidiudragosargesanu.ro\/en\/shop\/\"},{\"@type\":\"ListItem\",\"position\":3,\"name\":\"Curs: Ingerii &#8211; Modulul II &#8211; Ploiesti &#8211; acces online (Seniori)\"}]},{\"@type\":\"WebSite\",\"@id\":\"https:\/\/www.ovidiudragosargesanu.ro\/en\/#website\",\"url\":\"https:\/\/www.ovidiudragosargesanu.ro\/en\/\",\"name\":\"Ovidiu Drago\u0219 Arge\u0219anu\",\"description\":\"\",\"publisher\":{\"@id\":\"https:\/\/www.ovidiudragosargesanu.ro\/en\/#organization\"},\"potentialAction\":[{\"@type\":\"SearchAction\",\"target\":{\"@type\":\"EntryPoint\",\"urlTemplate\":\"https:\/\/www.ovidiudragosargesanu.ro\/en\/?s={search_term_string}\"},\"query-input\":{\"@type\":\"PropertyValueSpecification\",\"valueRequired\":true,\"valueName\":\"search_term_string\"}}],\"inLanguage\":\"en-US\"},{\"@type\":\"Organization\",\"@id\":\"https:\/\/www.ovidiudragosargesanu.ro\/en\/#organization\",\"name\":\"Ovidiu Drago\u0219 Arge\u0219anu\",\"url\":\"https:\/\/www.ovidiudragosargesanu.ro\/en\/\",\"logo\":{\"@type\":\"ImageObject\",\"inLanguage\":\"en-US\",\"@id\":\"https:\/\/www.ovidiudragosargesanu.ro\/en\/#\/schema\/logo\/image\/\",\"url\":\"https:\/\/www.ovidiudragosargesanu.ro\/en\/wp-content\/uploads\/2018\/03\/dragos-logo-lotus-black-400.svg\",\"contentUrl\":\"https:\/\/www.ovidiudragosargesanu.ro\/en\/wp-content\/uploads\/2018\/03\/dragos-logo-lotus-black-400.svg\",\"width\":300,\"height\":150,\"caption\":\"Ovidiu Drago\u0219 Arge\u0219anu\"},\"image\":{\"@id\":\"https:\/\/www.ovidiudragosargesanu.ro\/en\/#\/schema\/logo\/image\/\"}}]}<\/script>\n<!-- \/ Yoast SEO plugin. -->","yoast_head_json":{"title":"Curs: Ingerii - Modulul II - Ploiesti - acces online (Seniori) - Ovidiu Drago\u0219 Arge\u0219anu","description":"\u00cen cursul online \u201e\u00cengerii \u2013 Modulul II\u201d, sus\u021binut \u00een Ploie\u0219ti, \u00een data de 3 octombrie, te ghidez pas cu pas pentru a \u00een\u021belege \u0219i a lucra cu puterea","robots":{"index":"noindex","follow":"follow","max-snippet":"max-snippet:-1","max-image-preview":"max-image-preview:large","max-video-preview":"max-video-preview:-1"},"og_locale":"en_US","og_type":"article","og_title":"Curs: Ingerii - Modulul II - Ploiesti - acces online (Seniori) - Ovidiu Drago\u0219 Arge\u0219anu","og_description":"\u00cen cursul online \u201e\u00cengerii \u2013 Modulul II\u201d, sus\u021binut \u00een Ploie\u0219ti, \u00een data de 3 octombrie, te ghidez pas cu pas pentru a \u00een\u021belege \u0219i a lucra cu puterea","og_url":"https:\/\/www.ovidiudragosargesanu.ro\/en\/shop\/seniori\/curs-ingerii-modulul-ii-ploiesti-acces-online-seniori\/","og_site_name":"Ovidiu Drago\u0219 Arge\u0219anu","article_modified_time":"2025-02-27T13:52:17+00:00","og_image":[{"width":1920,"height":2560,"url":"https:\/\/www.ovidiudragosargesanu.ro\/en\/wp-content\/uploads\/2025\/02\/Curs-Ingerii-Modulul-II-Ploiesti-3.10.2025-600-800-scaled.jpg","type":"image\/jpeg"}],"twitter_card":"summary_large_image","twitter_misc":{"Est. reading time":"2 minutes"},"schema":{"@context":"https:\/\/schema.org","@graph":[{"@type":"WebPage","@id":"https:\/\/www.ovidiudragosargesanu.ro\/en\/shop\/seniori\/curs-ingerii-modulul-ii-ploiesti-acces-online-seniori\/","url":"https:\/\/www.ovidiudragosargesanu.ro\/en\/shop\/seniori\/curs-ingerii-modulul-ii-ploiesti-acces-online-seniori\/","name":"Curs: Ingerii - Modulul II - Ploiesti - acces online (Seniori) - Ovidiu Drago\u0219 Arge\u0219anu","isPartOf":{"@id":"https:\/\/www.ovidiudragosargesanu.ro\/en\/#website"},"primaryImageOfPage":{"@id":"https:\/\/www.ovidiudragosargesanu.ro\/en\/shop\/seniori\/curs-ingerii-modulul-ii-ploiesti-acces-online-seniori\/#primaryimage"},"image":{"@id":"https:\/\/www.ovidiudragosargesanu.ro\/en\/shop\/seniori\/curs-ingerii-modulul-ii-ploiesti-acces-online-seniori\/#primaryimage"},"thumbnailUrl":"https:\/\/www.ovidiudragosargesanu.ro\/en\/wp-content\/uploads\/2025\/02\/Curs-Ingerii-Modulul-II-Ploiesti-3.10.2025-600-800-scaled.jpg","datePublished":"2025-02-07T05:15:53+00:00","dateModified":"2025-02-27T13:52:17+00:00","description":"\u00cen cursul online \u201e\u00cengerii \u2013 Modulul II\u201d, sus\u021binut \u00een Ploie\u0219ti, \u00een data de 3 octombrie, te ghidez pas cu pas pentru a \u00een\u021belege \u0219i a lucra cu puterea","breadcrumb":{"@id":"https:\/\/www.ovidiudragosargesanu.ro\/en\/shop\/seniori\/curs-ingerii-modulul-ii-ploiesti-acces-online-seniori\/#breadcrumb"},"inLanguage":"en-US","potentialAction":[{"@type":"ReadAction","target":["https:\/\/www.ovidiudragosargesanu.ro\/en\/shop\/seniori\/curs-ingerii-modulul-ii-ploiesti-acces-online-seniori\/"]}]},{"@type":"ImageObject","inLanguage":"en-US","@id":"https:\/\/www.ovidiudragosargesanu.ro\/en\/shop\/seniori\/curs-ingerii-modulul-ii-ploiesti-acces-online-seniori\/#primaryimage","url":"https:\/\/www.ovidiudragosargesanu.ro\/en\/wp-content\/uploads\/2025\/02\/Curs-Ingerii-Modulul-II-Ploiesti-3.10.2025-600-800-scaled.jpg","contentUrl":"https:\/\/www.ovidiudragosargesanu.ro\/en\/wp-content\/uploads\/2025\/02\/Curs-Ingerii-Modulul-II-Ploiesti-3.10.2025-600-800-scaled.jpg","width":1920,"height":2560,"caption":"Curs-Ingerii Modulul II-Ploiesti-3.10.2025- 600-800"},{"@type":"BreadcrumbList","@id":"https:\/\/www.ovidiudragosargesanu.ro\/en\/shop\/seniori\/curs-ingerii-modulul-ii-ploiesti-acces-online-seniori\/#breadcrumb","itemListElement":[{"@type":"ListItem","position":1,"name":"Prima pagin\u0103","item":"https:\/\/www.ovidiudragosargesanu.ro\/en\/"},{"@type":"ListItem","position":2,"name":"Shop","item":"https:\/\/www.ovidiudragosargesanu.ro\/en\/shop\/"},{"@type":"ListItem","position":3,"name":"Curs: Ingerii &#8211; Modulul II &#8211; Ploiesti &#8211; acces online (Seniori)"}]},{"@type":"WebSite","@id":"https:\/\/www.ovidiudragosargesanu.ro\/en\/#website","url":"https:\/\/www.ovidiudragosargesanu.ro\/en\/","name":"Ovidiu Drago\u0219 Arge\u0219anu","description":"","publisher":{"@id":"https:\/\/www.ovidiudragosargesanu.ro\/en\/#organization"},"potentialAction":[{"@type":"SearchAction","target":{"@type":"EntryPoint","urlTemplate":"https:\/\/www.ovidiudragosargesanu.ro\/en\/?s={search_term_string}"},"query-input":{"@type":"PropertyValueSpecification","valueRequired":true,"valueName":"search_term_string"}}],"inLanguage":"en-US"},{"@type":"Organization","@id":"https:\/\/www.ovidiudragosargesanu.ro\/en\/#organization","name":"Ovidiu Drago\u0219 Arge\u0219anu","url":"https:\/\/www.ovidiudragosargesanu.ro\/en\/","logo":{"@type":"ImageObject","inLanguage":"en-US","@id":"https:\/\/www.ovidiudragosargesanu.ro\/en\/#\/schema\/logo\/image\/","url":"https:\/\/www.ovidiudragosargesanu.ro\/en\/wp-content\/uploads\/2018\/03\/dragos-logo-lotus-black-400.svg","contentUrl":"https:\/\/www.ovidiudragosargesanu.ro\/en\/wp-content\/uploads\/2018\/03\/dragos-logo-lotus-black-400.svg","width":300,"height":150,"caption":"Ovidiu Drago\u0219 Arge\u0219anu"},"image":{"@id":"https:\/\/www.ovidiudragosargesanu.ro\/en\/#\/schema\/logo\/image\/"}}]}},"_links":{"self":[{"href":"https:\/\/www.ovidiudragosargesanu.ro\/en\/wp-json\/wp\/v2\/product\/36254","targetHints":{"allow":["GET"]}}],"collection":[{"href":"https:\/\/www.ovidiudragosargesanu.ro\/en\/wp-json\/wp\/v2\/product"}],"about":[{"href":"https:\/\/www.ovidiudragosargesanu.ro\/en\/wp-json\/wp\/v2\/types\/product"}],"version-history":[{"count":3,"href":"https:\/\/www.ovidiudragosargesanu.ro\/en\/wp-json\/wp\/v2\/product\/36254\/revisions"}],"predecessor-version":[{"id":36601,"href":"https:\/\/www.ovidiudragosargesanu.ro\/en\/wp-json\/wp\/v2\/product\/36254\/revisions\/36601"}],"wp:featuredmedia":[{"embeddable":true,"href":"https:\/\/www.ovidiudragosargesanu.ro\/en\/wp-json\/wp\/v2\/media\/36245"}],"wp:attachment":[{"href":"https:\/\/www.ovidiudragosargesanu.ro\/en\/wp-json\/wp\/v2\/media?parent=36254"}],"wp:term":[{"taxonomy":"product_brand","embeddable":true,"href":"https:\/\/www.ovidiudragosargesanu.ro\/en\/wp-json\/wp\/v2\/product_brand?post=36254"},{"taxonomy":"product_cat","embeddable":true,"href":"https:\/\/www.ovidiudragosargesanu.ro\/en\/wp-json\/wp\/v2\/product_cat?post=36254"},{"taxonomy":"product_tag","embeddable":true,"href":"https:\/\/www.ovidiudragosargesanu.ro\/en\/wp-json\/wp\/v2\/product_tag?post=36254"}],"curies":[{"name":"wp","href":"https:\/\/api.w.org\/{rel}","templated":true}]}}