{"id":36708,"date":"2025-02-14T11:22:46","date_gmt":"2025-02-14T09:22:46","guid":{"rendered":"https:\/\/www.ovidiudragosargesanu.ro\/shop\/fara-categorie\/curs-protectie-psi-sibiu-acces-online-seniori\/"},"modified":"2025-03-24T13:52:58","modified_gmt":"2025-03-24T11:52:58","slug":"curs-protectie-psi-sibiu-acces-online-seniori","status":"publish","type":"product","link":"https:\/\/www.ovidiudragosargesanu.ro\/en\/shop\/seniori\/curs-protectie-psi-sibiu-acces-online-seniori\/","title":{"rendered":"Curs: Protectie PSI &#8211; Sibiu &#8211; acces online (Seniori)"},"content":{"rendered":"<p><span style=\"font-weight: 400;\">Am sus\u021binut cursul <\/span><b>\u201eProtec\u021bie PSI\u201d<\/b><span style=\"font-weight: 400;\"> \u00een <\/span><b>Sibiu, pe 19 martie 2025,<\/b><span style=\"font-weight: 400;\"> \u00een cadrul c\u0103ruia vei \u00eenv\u0103\u021ba metode esen\u021biale pentru a te proteja de influen\u021bele energetice negative, atacurile subtile \u0219i manipularea psihic\u0103.<\/span><\/p>\n<p><span style=\"font-weight: 400;\">Tr\u0103im \u00eentr-o perioad\u0103 \u00een care atacurile PSI, magia \u0219i tehnicile de manipulare devin tot mai frecvente \u0219i greu de detectat. Acest curs este <\/span><b>special conceput pentru a-\u021bi oferi instrumentele necesare<\/b><span style=\"font-weight: 400;\"> de ap\u0103rare \u0219i cur\u0103\u021bare energetic\u0103, indiferent de nivelul t\u0103u de experien\u021b\u0103.<\/span><\/p>\n<p><b>Teme atinse \u00een cadrul cursului:<\/b><\/p>\n<p><b>\ud83d\udd39 Ce este un atac PSI<\/b><span style=\"font-weight: 400;\"> \u0219i cum \u00ee\u021bi poate afecta via\u021ba f\u0103r\u0103 s\u0103 \u00ee\u021bi dai seama;<\/span><\/p>\n<p><span style=\"font-weight: 400;\">\ud83d\udd39 <\/span><b>Formele de atac <\/b><span style=\"font-weight: 400;\">cel mai des practicate \u00een prezent \u0219i cum s\u0103 le recuno\u0219ti;<\/span><\/p>\n<p><span style=\"font-weight: 400;\">\ud83d\udd39 <\/span><b>Cum devii vulnerabil <\/b><span style=\"font-weight: 400;\">\u00een fa\u021ba r\u0103ului dar \u0219i cum \u00ee\u021bi cre\u0219ti rezisten\u021ba la agresiune;<\/span><\/p>\n<p><span style=\"font-weight: 400;\">\ud83d\udd39 <\/span><b>Metode \u0219i tehnici de protec\u021bie<\/b><span style=\"font-weight: 400;\"> eficiente pentru a evita atacurile;<\/span><\/p>\n<p><span style=\"font-weight: 400;\">\ud83d\udd39 <\/span><b>Cum te cure\u021bi energetic<\/b><span style=\"font-weight: 400;\"> dac\u0103 ai fost victima unui atac sau act magic;<\/span><\/p>\n<p><span style=\"font-weight: 400;\">\ud83d\udd39 <\/span><b>Cum identifici manipularea<\/b><span style=\"font-weight: 400;\"> \u0219i influen\u021bele subtile negative;<\/span><\/p>\n<p><span style=\"font-weight: 400;\">\ud83d\udd39 <\/span><b>Tehnici de protec\u021bie<\/b><span style=\"font-weight: 400;\"> din diferite sisteme: <\/span><b>Reiki, cre\u0219tinism, radiestezie<\/b><span style=\"font-weight: 400;\"> etc.;<\/span><\/p>\n<p><span style=\"font-weight: 400;\">\ud83d\udd39 <\/span><b>Cum identifici agresorii<\/b><span style=\"font-weight: 400;\"> \u0219i sursa atacurilor energetice;<\/span><\/p>\n<p><span style=\"font-weight: 400;\">\ud83d\udd39 <\/span><b>Protec\u021bia divin\u0103<\/b><span style=\"font-weight: 400;\"> \u2013 cum se ob\u021bine cea mai puternic\u0103 form\u0103 de ap\u0103rare: Dumnezeu.<\/span><\/p>\n<p><span style=\"font-weight: 400;\">\ud83d\udd39 <\/span><span style=\"font-weight: 400;\"><b>Atacul \u0219i magia f\u0103cut\u0103 de preo\u021bi\u00a0<\/b><\/span><\/p>\n<h3><b>De ce s\u0103 participi la acest curs?<\/b><\/h3>\n<p><span style=\"font-weight: 400;\">\u2705 <\/span><b>Practic \u0219i aplicabil<\/b><span style=\"font-weight: 400;\"> \u2013 Vei \u00eenv\u0103\u021ba tehnici eficiente, explicate clar, pentru a te proteja \u00een via\u021ba de zi cu zi<\/span><span style=\"font-weight: 400;\"><br \/>\n<\/span><span style=\"font-weight: 400;\">\u2705 <\/span><b>Bazat pe experien\u021b\u0103<\/b><span style=\"font-weight: 400;\"> \u2013 Metode testate \u0219i adaptate vremurilor actuale<\/span><span style=\"font-weight: 400;\"><br \/>\n<\/span><span style=\"font-weight: 400;\">\u2705 <\/span><b>Acces la cunoa\u0219tere profund\u0103<\/b><span style=\"font-weight: 400;\"> \u2013 \u00cembin teoria cu practica, astfel \u00eenc\u00e2t s\u0103 pleci cu instrumente utile pentru protec\u021bia ta<\/span><\/p>\n","protected":false},"excerpt":{"rendered":"<p><b>ACCES NELIMITAT!<\/b><\/p>\n<p><span style=\"font-weight: 400;\">Te invit s\u0103 vizionezi cursul meu<\/span><b> ,,Protec\u021bie PSI\u201d<\/b><span style=\"font-weight: 400;\"> pe care l-am sus\u021binut \u00een Sibiu, \u00een data de 19 martie.<\/span><\/p>\n<p>&nbsp;<\/p>\n","protected":false},"featured_media":39284,"template":"","meta":{"inline_featured_image":false},"product_brand":[],"product_cat":[795],"product_tag":[],"class_list":{"0":"post-36708","1":"product","2":"type-product","3":"status-publish","4":"has-post-thumbnail","6":"product_cat-seniori","8":"first","9":"instock","10":"sale","11":"virtual","12":"sold-individually","13":"taxable","14":"purchasable","15":"product-type-simple"},"yoast_head":"<!-- This site is optimized with the Yoast SEO plugin v26.9 - https:\/\/yoast.com\/product\/yoast-seo-wordpress\/ -->\n<title>Curs: Protectie PSI - Sibiu - acces online (Seniori) - Ovidiu Drago\u0219 Arge\u0219anu<\/title>\n<meta name=\"description\" content=\"Te invit s\u0103 participi la cursul meu \u201eProtec\u021bie PSI\u201d din Sibiu, pe 19 martie 2025, de la ora 18:00, unde vei \u00eenv\u0103\u021ba metode esen\u021biale pentru a te proteja\" \/>\n<meta name=\"robots\" content=\"noindex, follow, max-snippet:-1, max-image-preview:large, max-video-preview:-1\" \/>\n<meta property=\"og:locale\" content=\"en_US\" \/>\n<meta property=\"og:type\" content=\"article\" \/>\n<meta property=\"og:title\" content=\"Curs: Protectie PSI - Sibiu - acces online (Seniori) - Ovidiu Drago\u0219 Arge\u0219anu\" \/>\n<meta property=\"og:description\" content=\"Te invit s\u0103 participi la cursul meu \u201eProtec\u021bie PSI\u201d din Sibiu, pe 19 martie 2025, de la ora 18:00, unde vei \u00eenv\u0103\u021ba metode esen\u021biale pentru a te proteja\" \/>\n<meta property=\"og:url\" content=\"https:\/\/www.ovidiudragosargesanu.ro\/en\/shop\/seniori\/curs-protectie-psi-sibiu-acces-online-seniori\/\" \/>\n<meta property=\"og:site_name\" content=\"Ovidiu Drago\u0219 Arge\u0219anu\" \/>\n<meta property=\"article:modified_time\" content=\"2025-03-24T11:52:58+00:00\" \/>\n<meta property=\"og:image\" content=\"https:\/\/www.ovidiudragosargesanu.ro\/en\/wp-content\/uploads\/2025\/02\/grafica-premium-protectie-psi-sibiu-600-800-scaled.jpg\" \/>\n\t<meta property=\"og:image:width\" content=\"1920\" \/>\n\t<meta property=\"og:image:height\" content=\"2560\" \/>\n\t<meta property=\"og:image:type\" content=\"image\/jpeg\" \/>\n<meta name=\"twitter:card\" content=\"summary_large_image\" \/>\n<meta name=\"twitter:label1\" content=\"Est. reading time\" \/>\n\t<meta name=\"twitter:data1\" content=\"2 minutes\" \/>\n<script type=\"application\/ld+json\" class=\"yoast-schema-graph\">{\"@context\":\"https:\/\/schema.org\",\"@graph\":[{\"@type\":\"WebPage\",\"@id\":\"https:\/\/www.ovidiudragosargesanu.ro\/en\/shop\/seniori\/curs-protectie-psi-sibiu-acces-online-seniori\/\",\"url\":\"https:\/\/www.ovidiudragosargesanu.ro\/en\/shop\/seniori\/curs-protectie-psi-sibiu-acces-online-seniori\/\",\"name\":\"Curs: Protectie PSI - Sibiu - acces online (Seniori) - Ovidiu Drago\u0219 Arge\u0219anu\",\"isPartOf\":{\"@id\":\"https:\/\/www.ovidiudragosargesanu.ro\/en\/#website\"},\"primaryImageOfPage\":{\"@id\":\"https:\/\/www.ovidiudragosargesanu.ro\/en\/shop\/seniori\/curs-protectie-psi-sibiu-acces-online-seniori\/#primaryimage\"},\"image\":{\"@id\":\"https:\/\/www.ovidiudragosargesanu.ro\/en\/shop\/seniori\/curs-protectie-psi-sibiu-acces-online-seniori\/#primaryimage\"},\"thumbnailUrl\":\"https:\/\/www.ovidiudragosargesanu.ro\/en\/wp-content\/uploads\/2025\/02\/grafica-premium-protectie-psi-sibiu-600-800-scaled.jpg\",\"datePublished\":\"2025-02-14T09:22:46+00:00\",\"dateModified\":\"2025-03-24T11:52:58+00:00\",\"description\":\"Te invit s\u0103 participi la cursul meu \u201eProtec\u021bie PSI\u201d din Sibiu, pe 19 martie 2025, de la ora 18:00, unde vei \u00eenv\u0103\u021ba metode esen\u021biale pentru a te proteja\",\"breadcrumb\":{\"@id\":\"https:\/\/www.ovidiudragosargesanu.ro\/en\/shop\/seniori\/curs-protectie-psi-sibiu-acces-online-seniori\/#breadcrumb\"},\"inLanguage\":\"en-US\",\"potentialAction\":[{\"@type\":\"ReadAction\",\"target\":[\"https:\/\/www.ovidiudragosargesanu.ro\/en\/shop\/seniori\/curs-protectie-psi-sibiu-acces-online-seniori\/\"]}]},{\"@type\":\"ImageObject\",\"inLanguage\":\"en-US\",\"@id\":\"https:\/\/www.ovidiudragosargesanu.ro\/en\/shop\/seniori\/curs-protectie-psi-sibiu-acces-online-seniori\/#primaryimage\",\"url\":\"https:\/\/www.ovidiudragosargesanu.ro\/en\/wp-content\/uploads\/2025\/02\/grafica-premium-protectie-psi-sibiu-600-800-scaled.jpg\",\"contentUrl\":\"https:\/\/www.ovidiudragosargesanu.ro\/en\/wp-content\/uploads\/2025\/02\/grafica-premium-protectie-psi-sibiu-600-800-scaled.jpg\",\"width\":1920,\"height\":2560,\"caption\":\"grafica premium protectie psi sibiu-600-800\"},{\"@type\":\"BreadcrumbList\",\"@id\":\"https:\/\/www.ovidiudragosargesanu.ro\/en\/shop\/seniori\/curs-protectie-psi-sibiu-acces-online-seniori\/#breadcrumb\",\"itemListElement\":[{\"@type\":\"ListItem\",\"position\":1,\"name\":\"Prima pagin\u0103\",\"item\":\"https:\/\/www.ovidiudragosargesanu.ro\/en\/\"},{\"@type\":\"ListItem\",\"position\":2,\"name\":\"Shop\",\"item\":\"https:\/\/www.ovidiudragosargesanu.ro\/en\/shop\/\"},{\"@type\":\"ListItem\",\"position\":3,\"name\":\"Curs: Protectie PSI &#8211; Sibiu &#8211; acces online (Seniori)\"}]},{\"@type\":\"WebSite\",\"@id\":\"https:\/\/www.ovidiudragosargesanu.ro\/en\/#website\",\"url\":\"https:\/\/www.ovidiudragosargesanu.ro\/en\/\",\"name\":\"Ovidiu Drago\u0219 Arge\u0219anu\",\"description\":\"\",\"publisher\":{\"@id\":\"https:\/\/www.ovidiudragosargesanu.ro\/en\/#organization\"},\"potentialAction\":[{\"@type\":\"SearchAction\",\"target\":{\"@type\":\"EntryPoint\",\"urlTemplate\":\"https:\/\/www.ovidiudragosargesanu.ro\/en\/?s={search_term_string}\"},\"query-input\":{\"@type\":\"PropertyValueSpecification\",\"valueRequired\":true,\"valueName\":\"search_term_string\"}}],\"inLanguage\":\"en-US\"},{\"@type\":\"Organization\",\"@id\":\"https:\/\/www.ovidiudragosargesanu.ro\/en\/#organization\",\"name\":\"Ovidiu Drago\u0219 Arge\u0219anu\",\"url\":\"https:\/\/www.ovidiudragosargesanu.ro\/en\/\",\"logo\":{\"@type\":\"ImageObject\",\"inLanguage\":\"en-US\",\"@id\":\"https:\/\/www.ovidiudragosargesanu.ro\/en\/#\/schema\/logo\/image\/\",\"url\":\"https:\/\/www.ovidiudragosargesanu.ro\/en\/wp-content\/uploads\/2018\/03\/dragos-logo-lotus-black-400.svg\",\"contentUrl\":\"https:\/\/www.ovidiudragosargesanu.ro\/en\/wp-content\/uploads\/2018\/03\/dragos-logo-lotus-black-400.svg\",\"width\":300,\"height\":150,\"caption\":\"Ovidiu Drago\u0219 Arge\u0219anu\"},\"image\":{\"@id\":\"https:\/\/www.ovidiudragosargesanu.ro\/en\/#\/schema\/logo\/image\/\"}}]}<\/script>\n<!-- \/ Yoast SEO plugin. -->","yoast_head_json":{"title":"Curs: Protectie PSI - Sibiu - acces online (Seniori) - Ovidiu Drago\u0219 Arge\u0219anu","description":"Te invit s\u0103 participi la cursul meu \u201eProtec\u021bie PSI\u201d din Sibiu, pe 19 martie 2025, de la ora 18:00, unde vei \u00eenv\u0103\u021ba metode esen\u021biale pentru a te proteja","robots":{"index":"noindex","follow":"follow","max-snippet":"max-snippet:-1","max-image-preview":"max-image-preview:large","max-video-preview":"max-video-preview:-1"},"og_locale":"en_US","og_type":"article","og_title":"Curs: Protectie PSI - Sibiu - acces online (Seniori) - Ovidiu Drago\u0219 Arge\u0219anu","og_description":"Te invit s\u0103 participi la cursul meu \u201eProtec\u021bie PSI\u201d din Sibiu, pe 19 martie 2025, de la ora 18:00, unde vei \u00eenv\u0103\u021ba metode esen\u021biale pentru a te proteja","og_url":"https:\/\/www.ovidiudragosargesanu.ro\/en\/shop\/seniori\/curs-protectie-psi-sibiu-acces-online-seniori\/","og_site_name":"Ovidiu Drago\u0219 Arge\u0219anu","article_modified_time":"2025-03-24T11:52:58+00:00","og_image":[{"width":1920,"height":2560,"url":"https:\/\/www.ovidiudragosargesanu.ro\/en\/wp-content\/uploads\/2025\/02\/grafica-premium-protectie-psi-sibiu-600-800-scaled.jpg","type":"image\/jpeg"}],"twitter_card":"summary_large_image","twitter_misc":{"Est. reading time":"2 minutes"},"schema":{"@context":"https:\/\/schema.org","@graph":[{"@type":"WebPage","@id":"https:\/\/www.ovidiudragosargesanu.ro\/en\/shop\/seniori\/curs-protectie-psi-sibiu-acces-online-seniori\/","url":"https:\/\/www.ovidiudragosargesanu.ro\/en\/shop\/seniori\/curs-protectie-psi-sibiu-acces-online-seniori\/","name":"Curs: Protectie PSI - Sibiu - acces online (Seniori) - Ovidiu Drago\u0219 Arge\u0219anu","isPartOf":{"@id":"https:\/\/www.ovidiudragosargesanu.ro\/en\/#website"},"primaryImageOfPage":{"@id":"https:\/\/www.ovidiudragosargesanu.ro\/en\/shop\/seniori\/curs-protectie-psi-sibiu-acces-online-seniori\/#primaryimage"},"image":{"@id":"https:\/\/www.ovidiudragosargesanu.ro\/en\/shop\/seniori\/curs-protectie-psi-sibiu-acces-online-seniori\/#primaryimage"},"thumbnailUrl":"https:\/\/www.ovidiudragosargesanu.ro\/en\/wp-content\/uploads\/2025\/02\/grafica-premium-protectie-psi-sibiu-600-800-scaled.jpg","datePublished":"2025-02-14T09:22:46+00:00","dateModified":"2025-03-24T11:52:58+00:00","description":"Te invit s\u0103 participi la cursul meu \u201eProtec\u021bie PSI\u201d din Sibiu, pe 19 martie 2025, de la ora 18:00, unde vei \u00eenv\u0103\u021ba metode esen\u021biale pentru a te proteja","breadcrumb":{"@id":"https:\/\/www.ovidiudragosargesanu.ro\/en\/shop\/seniori\/curs-protectie-psi-sibiu-acces-online-seniori\/#breadcrumb"},"inLanguage":"en-US","potentialAction":[{"@type":"ReadAction","target":["https:\/\/www.ovidiudragosargesanu.ro\/en\/shop\/seniori\/curs-protectie-psi-sibiu-acces-online-seniori\/"]}]},{"@type":"ImageObject","inLanguage":"en-US","@id":"https:\/\/www.ovidiudragosargesanu.ro\/en\/shop\/seniori\/curs-protectie-psi-sibiu-acces-online-seniori\/#primaryimage","url":"https:\/\/www.ovidiudragosargesanu.ro\/en\/wp-content\/uploads\/2025\/02\/grafica-premium-protectie-psi-sibiu-600-800-scaled.jpg","contentUrl":"https:\/\/www.ovidiudragosargesanu.ro\/en\/wp-content\/uploads\/2025\/02\/grafica-premium-protectie-psi-sibiu-600-800-scaled.jpg","width":1920,"height":2560,"caption":"grafica premium protectie psi sibiu-600-800"},{"@type":"BreadcrumbList","@id":"https:\/\/www.ovidiudragosargesanu.ro\/en\/shop\/seniori\/curs-protectie-psi-sibiu-acces-online-seniori\/#breadcrumb","itemListElement":[{"@type":"ListItem","position":1,"name":"Prima pagin\u0103","item":"https:\/\/www.ovidiudragosargesanu.ro\/en\/"},{"@type":"ListItem","position":2,"name":"Shop","item":"https:\/\/www.ovidiudragosargesanu.ro\/en\/shop\/"},{"@type":"ListItem","position":3,"name":"Curs: Protectie PSI &#8211; Sibiu &#8211; acces online (Seniori)"}]},{"@type":"WebSite","@id":"https:\/\/www.ovidiudragosargesanu.ro\/en\/#website","url":"https:\/\/www.ovidiudragosargesanu.ro\/en\/","name":"Ovidiu Drago\u0219 Arge\u0219anu","description":"","publisher":{"@id":"https:\/\/www.ovidiudragosargesanu.ro\/en\/#organization"},"potentialAction":[{"@type":"SearchAction","target":{"@type":"EntryPoint","urlTemplate":"https:\/\/www.ovidiudragosargesanu.ro\/en\/?s={search_term_string}"},"query-input":{"@type":"PropertyValueSpecification","valueRequired":true,"valueName":"search_term_string"}}],"inLanguage":"en-US"},{"@type":"Organization","@id":"https:\/\/www.ovidiudragosargesanu.ro\/en\/#organization","name":"Ovidiu Drago\u0219 Arge\u0219anu","url":"https:\/\/www.ovidiudragosargesanu.ro\/en\/","logo":{"@type":"ImageObject","inLanguage":"en-US","@id":"https:\/\/www.ovidiudragosargesanu.ro\/en\/#\/schema\/logo\/image\/","url":"https:\/\/www.ovidiudragosargesanu.ro\/en\/wp-content\/uploads\/2018\/03\/dragos-logo-lotus-black-400.svg","contentUrl":"https:\/\/www.ovidiudragosargesanu.ro\/en\/wp-content\/uploads\/2018\/03\/dragos-logo-lotus-black-400.svg","width":300,"height":150,"caption":"Ovidiu Drago\u0219 Arge\u0219anu"},"image":{"@id":"https:\/\/www.ovidiudragosargesanu.ro\/en\/#\/schema\/logo\/image\/"}}]}},"_links":{"self":[{"href":"https:\/\/www.ovidiudragosargesanu.ro\/en\/wp-json\/wp\/v2\/product\/36708","targetHints":{"allow":["GET"]}}],"collection":[{"href":"https:\/\/www.ovidiudragosargesanu.ro\/en\/wp-json\/wp\/v2\/product"}],"about":[{"href":"https:\/\/www.ovidiudragosargesanu.ro\/en\/wp-json\/wp\/v2\/types\/product"}],"version-history":[{"count":6,"href":"https:\/\/www.ovidiudragosargesanu.ro\/en\/wp-json\/wp\/v2\/product\/36708\/revisions"}],"predecessor-version":[{"id":39271,"href":"https:\/\/www.ovidiudragosargesanu.ro\/en\/wp-json\/wp\/v2\/product\/36708\/revisions\/39271"}],"wp:featuredmedia":[{"embeddable":true,"href":"https:\/\/www.ovidiudragosargesanu.ro\/en\/wp-json\/wp\/v2\/media\/39284"}],"wp:attachment":[{"href":"https:\/\/www.ovidiudragosargesanu.ro\/en\/wp-json\/wp\/v2\/media?parent=36708"}],"wp:term":[{"taxonomy":"product_brand","embeddable":true,"href":"https:\/\/www.ovidiudragosargesanu.ro\/en\/wp-json\/wp\/v2\/product_brand?post=36708"},{"taxonomy":"product_cat","embeddable":true,"href":"https:\/\/www.ovidiudragosargesanu.ro\/en\/wp-json\/wp\/v2\/product_cat?post=36708"},{"taxonomy":"product_tag","embeddable":true,"href":"https:\/\/www.ovidiudragosargesanu.ro\/en\/wp-json\/wp\/v2\/product_tag?post=36708"}],"curies":[{"name":"wp","href":"https:\/\/api.w.org\/{rel}","templated":true}]}}