{"id":37466,"date":"2025-02-25T16:17:08","date_gmt":"2025-02-25T14:17:08","guid":{"rendered":"https:\/\/www.ovidiudragosargesanu.ro\/shop\/fara-categorie\/ciorna-automata\/"},"modified":"2025-10-05T13:20:34","modified_gmt":"2025-10-05T10:20:34","slug":"pachet-cursuri-kombat-ki","status":"publish","type":"product","link":"https:\/\/www.ovidiudragosargesanu.ro\/en\/shop\/cursuri-premium\/pachete-cursuri\/pachet-cursuri-kombat-ki\/","title":{"rendered":"Pachet cursuri Kombat Ki"},"content":{"rendered":"<p>Acest pachet con\u021bine 7 Module din seria de Kombat KI \u2013 Protec\u021bia, \u00een cadrul c\u0103rora sunt 8 cursuri, fiecare av\u00e2nd teme diferite.<\/p>\n<p>Am decis s\u0103 \u00eencep aceast\u0103 serie de cursuri deoarece este tot mai mult\u0103 nevoie de aceast\u0103 protec\u021bie PSI.<\/p>\n<p>Suntem din ce \u00een ce mai asalta\u021bi de diverse forme de manipulare sau de atacuri psihice sau prin aparate psihotronice, fie c\u0103 este vorba de alegeri, v\u00e2nz\u0103ri sau afaceri, \u0219i, mai nou, r\u0103zboaie.<\/p>\n<p>\u00cencep cu structura cea mai sensibil\u0103 \u0219i vulnerabil\u0103 din noi, de care depinde via\u021ba noastr\u0103 \u00een trup, SUFLETUL, c\u00e2t este de important \u0219i cum se reface, cur\u0103\u021b\u0103 \u0219i cum se vindec\u0103. Apoi g\u0103si\u021bi informa\u021bii despre spa\u021bii, s\u0103bii de lumin\u0103, \u0219arpele kundalini, diferite tipuri de magii (ruseasc\u0103, evreiasc\u0103, ucrainean\u0103), anihilarea programelor negative din vaccinul anti-covid, magia cre\u0219tin-ortodox\u0103, atacul masonic \u0219i protec\u021bii.<\/p>\n<p>Am \u00eemp\u0103r\u021bit \u00een mai multe module tot ceea ce am \u00eenv\u0103\u021bat despre protec\u021bie.<\/p>\n<p>Spor \u00een cele bune!<\/p>\n","protected":false},"excerpt":{"rendered":"<p>ACCES NELIMITAT!<\/p>\n<p>Descoper\u0103 protectia cu pachetul special de 8 cursuri din cele 7 module ale seriei Kombat Ki la un pre\u021b redus.<\/p>\n","protected":false},"featured_media":66284,"template":"","meta":{"inline_featured_image":false},"product_brand":[],"product_cat":[602,746],"product_tag":[],"class_list":{"0":"post-37466","1":"product","2":"type-product","3":"status-publish","4":"has-post-thumbnail","6":"product_cat-cursuri-premium","7":"product_cat-pachete-cursuri","9":"first","10":"instock","11":"sale","12":"virtual","13":"sold-individually","14":"taxable","15":"purchasable","16":"product-type-simple"},"yoast_head":"<!-- This site is optimized with the Yoast SEO plugin v26.9 - https:\/\/yoast.com\/product\/yoast-seo-wordpress\/ -->\n<title>Pachet cursuri Kombat Ki - Ovidiu Drago\u0219 Arge\u0219anu<\/title>\n<meta name=\"description\" content=\"Acest pachet con\u021bine 7 Module din seria de Kombat KI \u2013 Protec\u021bia, \u00een cadrul c\u0103rora sunt 8 cursuri, fiecare av\u00e2nd teme diferite.\" \/>\n<meta name=\"robots\" content=\"noindex, follow, max-snippet:-1, max-image-preview:large, max-video-preview:-1\" \/>\n<meta property=\"og:locale\" content=\"en_US\" \/>\n<meta property=\"og:type\" content=\"article\" \/>\n<meta property=\"og:title\" content=\"Pachet cursuri Kombat Ki - Ovidiu Drago\u0219 Arge\u0219anu\" \/>\n<meta property=\"og:description\" content=\"Acest pachet con\u021bine 7 Module din seria de Kombat KI \u2013 Protec\u021bia, \u00een cadrul c\u0103rora sunt 8 cursuri, fiecare av\u00e2nd teme diferite.\" \/>\n<meta property=\"og:url\" content=\"https:\/\/www.ovidiudragosargesanu.ro\/en\/shop\/cursuri-premium\/pachete-cursuri\/pachet-cursuri-kombat-ki\/\" \/>\n<meta property=\"og:site_name\" content=\"Ovidiu Drago\u0219 Arge\u0219anu\" \/>\n<meta property=\"article:modified_time\" content=\"2025-10-05T10:20:34+00:00\" \/>\n<meta property=\"og:image\" content=\"https:\/\/www.ovidiudragosargesanu.ro\/en\/wp-content\/uploads\/2025\/02\/Conferinta-premium-Abundenta-si-bunastarea-600X800-4.png\" \/>\n\t<meta property=\"og:image:width\" content=\"600\" \/>\n\t<meta property=\"og:image:height\" content=\"800\" \/>\n\t<meta property=\"og:image:type\" content=\"image\/png\" \/>\n<meta name=\"twitter:card\" content=\"summary_large_image\" \/>\n<meta name=\"twitter:label1\" content=\"Est. reading time\" \/>\n\t<meta name=\"twitter:data1\" content=\"2 minutes\" \/>\n<script type=\"application\/ld+json\" class=\"yoast-schema-graph\">{\"@context\":\"https:\/\/schema.org\",\"@graph\":[{\"@type\":\"WebPage\",\"@id\":\"https:\/\/www.ovidiudragosargesanu.ro\/en\/shop\/cursuri-premium\/pachete-cursuri\/pachet-cursuri-kombat-ki\/\",\"url\":\"https:\/\/www.ovidiudragosargesanu.ro\/en\/shop\/cursuri-premium\/pachete-cursuri\/pachet-cursuri-kombat-ki\/\",\"name\":\"Pachet cursuri Kombat Ki - Ovidiu Drago\u0219 Arge\u0219anu\",\"isPartOf\":{\"@id\":\"https:\/\/www.ovidiudragosargesanu.ro\/en\/#website\"},\"primaryImageOfPage\":{\"@id\":\"https:\/\/www.ovidiudragosargesanu.ro\/en\/shop\/cursuri-premium\/pachete-cursuri\/pachet-cursuri-kombat-ki\/#primaryimage\"},\"image\":{\"@id\":\"https:\/\/www.ovidiudragosargesanu.ro\/en\/shop\/cursuri-premium\/pachete-cursuri\/pachet-cursuri-kombat-ki\/#primaryimage\"},\"thumbnailUrl\":\"https:\/\/www.ovidiudragosargesanu.ro\/en\/wp-content\/uploads\/2025\/02\/Conferinta-premium-Abundenta-si-bunastarea-600X800-4.png\",\"datePublished\":\"2025-02-25T14:17:08+00:00\",\"dateModified\":\"2025-10-05T10:20:34+00:00\",\"description\":\"Acest pachet con\u021bine 7 Module din seria de Kombat KI \u2013 Protec\u021bia, \u00een cadrul c\u0103rora sunt 8 cursuri, fiecare av\u00e2nd teme diferite.\",\"breadcrumb\":{\"@id\":\"https:\/\/www.ovidiudragosargesanu.ro\/en\/shop\/cursuri-premium\/pachete-cursuri\/pachet-cursuri-kombat-ki\/#breadcrumb\"},\"inLanguage\":\"en-US\",\"potentialAction\":[{\"@type\":\"ReadAction\",\"target\":[\"https:\/\/www.ovidiudragosargesanu.ro\/en\/shop\/cursuri-premium\/pachete-cursuri\/pachet-cursuri-kombat-ki\/\"]}]},{\"@type\":\"ImageObject\",\"inLanguage\":\"en-US\",\"@id\":\"https:\/\/www.ovidiudragosargesanu.ro\/en\/shop\/cursuri-premium\/pachete-cursuri\/pachet-cursuri-kombat-ki\/#primaryimage\",\"url\":\"https:\/\/www.ovidiudragosargesanu.ro\/en\/wp-content\/uploads\/2025\/02\/Conferinta-premium-Abundenta-si-bunastarea-600X800-4.png\",\"contentUrl\":\"https:\/\/www.ovidiudragosargesanu.ro\/en\/wp-content\/uploads\/2025\/02\/Conferinta-premium-Abundenta-si-bunastarea-600X800-4.png\",\"width\":600,\"height\":800},{\"@type\":\"BreadcrumbList\",\"@id\":\"https:\/\/www.ovidiudragosargesanu.ro\/en\/shop\/cursuri-premium\/pachete-cursuri\/pachet-cursuri-kombat-ki\/#breadcrumb\",\"itemListElement\":[{\"@type\":\"ListItem\",\"position\":1,\"name\":\"Prima pagin\u0103\",\"item\":\"https:\/\/www.ovidiudragosargesanu.ro\/en\/\"},{\"@type\":\"ListItem\",\"position\":2,\"name\":\"Shop\",\"item\":\"https:\/\/www.ovidiudragosargesanu.ro\/en\/shop\/\"},{\"@type\":\"ListItem\",\"position\":3,\"name\":\"Pachet cursuri Kombat Ki\"}]},{\"@type\":\"WebSite\",\"@id\":\"https:\/\/www.ovidiudragosargesanu.ro\/en\/#website\",\"url\":\"https:\/\/www.ovidiudragosargesanu.ro\/en\/\",\"name\":\"Ovidiu Drago\u0219 Arge\u0219anu\",\"description\":\"\",\"publisher\":{\"@id\":\"https:\/\/www.ovidiudragosargesanu.ro\/en\/#organization\"},\"potentialAction\":[{\"@type\":\"SearchAction\",\"target\":{\"@type\":\"EntryPoint\",\"urlTemplate\":\"https:\/\/www.ovidiudragosargesanu.ro\/en\/?s={search_term_string}\"},\"query-input\":{\"@type\":\"PropertyValueSpecification\",\"valueRequired\":true,\"valueName\":\"search_term_string\"}}],\"inLanguage\":\"en-US\"},{\"@type\":\"Organization\",\"@id\":\"https:\/\/www.ovidiudragosargesanu.ro\/en\/#organization\",\"name\":\"Ovidiu Drago\u0219 Arge\u0219anu\",\"url\":\"https:\/\/www.ovidiudragosargesanu.ro\/en\/\",\"logo\":{\"@type\":\"ImageObject\",\"inLanguage\":\"en-US\",\"@id\":\"https:\/\/www.ovidiudragosargesanu.ro\/en\/#\/schema\/logo\/image\/\",\"url\":\"https:\/\/www.ovidiudragosargesanu.ro\/en\/wp-content\/uploads\/2018\/03\/dragos-logo-lotus-black-400.svg\",\"contentUrl\":\"https:\/\/www.ovidiudragosargesanu.ro\/en\/wp-content\/uploads\/2018\/03\/dragos-logo-lotus-black-400.svg\",\"width\":300,\"height\":150,\"caption\":\"Ovidiu Drago\u0219 Arge\u0219anu\"},\"image\":{\"@id\":\"https:\/\/www.ovidiudragosargesanu.ro\/en\/#\/schema\/logo\/image\/\"}}]}<\/script>\n<!-- \/ Yoast SEO plugin. -->","yoast_head_json":{"title":"Pachet cursuri Kombat Ki - Ovidiu Drago\u0219 Arge\u0219anu","description":"Acest pachet con\u021bine 7 Module din seria de Kombat KI \u2013 Protec\u021bia, \u00een cadrul c\u0103rora sunt 8 cursuri, fiecare av\u00e2nd teme diferite.","robots":{"index":"noindex","follow":"follow","max-snippet":"max-snippet:-1","max-image-preview":"max-image-preview:large","max-video-preview":"max-video-preview:-1"},"og_locale":"en_US","og_type":"article","og_title":"Pachet cursuri Kombat Ki - Ovidiu Drago\u0219 Arge\u0219anu","og_description":"Acest pachet con\u021bine 7 Module din seria de Kombat KI \u2013 Protec\u021bia, \u00een cadrul c\u0103rora sunt 8 cursuri, fiecare av\u00e2nd teme diferite.","og_url":"https:\/\/www.ovidiudragosargesanu.ro\/en\/shop\/cursuri-premium\/pachete-cursuri\/pachet-cursuri-kombat-ki\/","og_site_name":"Ovidiu Drago\u0219 Arge\u0219anu","article_modified_time":"2025-10-05T10:20:34+00:00","og_image":[{"width":600,"height":800,"url":"https:\/\/www.ovidiudragosargesanu.ro\/en\/wp-content\/uploads\/2025\/02\/Conferinta-premium-Abundenta-si-bunastarea-600X800-4.png","type":"image\/png"}],"twitter_card":"summary_large_image","twitter_misc":{"Est. reading time":"2 minutes"},"schema":{"@context":"https:\/\/schema.org","@graph":[{"@type":"WebPage","@id":"https:\/\/www.ovidiudragosargesanu.ro\/en\/shop\/cursuri-premium\/pachete-cursuri\/pachet-cursuri-kombat-ki\/","url":"https:\/\/www.ovidiudragosargesanu.ro\/en\/shop\/cursuri-premium\/pachete-cursuri\/pachet-cursuri-kombat-ki\/","name":"Pachet cursuri Kombat Ki - Ovidiu Drago\u0219 Arge\u0219anu","isPartOf":{"@id":"https:\/\/www.ovidiudragosargesanu.ro\/en\/#website"},"primaryImageOfPage":{"@id":"https:\/\/www.ovidiudragosargesanu.ro\/en\/shop\/cursuri-premium\/pachete-cursuri\/pachet-cursuri-kombat-ki\/#primaryimage"},"image":{"@id":"https:\/\/www.ovidiudragosargesanu.ro\/en\/shop\/cursuri-premium\/pachete-cursuri\/pachet-cursuri-kombat-ki\/#primaryimage"},"thumbnailUrl":"https:\/\/www.ovidiudragosargesanu.ro\/en\/wp-content\/uploads\/2025\/02\/Conferinta-premium-Abundenta-si-bunastarea-600X800-4.png","datePublished":"2025-02-25T14:17:08+00:00","dateModified":"2025-10-05T10:20:34+00:00","description":"Acest pachet con\u021bine 7 Module din seria de Kombat KI \u2013 Protec\u021bia, \u00een cadrul c\u0103rora sunt 8 cursuri, fiecare av\u00e2nd teme diferite.","breadcrumb":{"@id":"https:\/\/www.ovidiudragosargesanu.ro\/en\/shop\/cursuri-premium\/pachete-cursuri\/pachet-cursuri-kombat-ki\/#breadcrumb"},"inLanguage":"en-US","potentialAction":[{"@type":"ReadAction","target":["https:\/\/www.ovidiudragosargesanu.ro\/en\/shop\/cursuri-premium\/pachete-cursuri\/pachet-cursuri-kombat-ki\/"]}]},{"@type":"ImageObject","inLanguage":"en-US","@id":"https:\/\/www.ovidiudragosargesanu.ro\/en\/shop\/cursuri-premium\/pachete-cursuri\/pachet-cursuri-kombat-ki\/#primaryimage","url":"https:\/\/www.ovidiudragosargesanu.ro\/en\/wp-content\/uploads\/2025\/02\/Conferinta-premium-Abundenta-si-bunastarea-600X800-4.png","contentUrl":"https:\/\/www.ovidiudragosargesanu.ro\/en\/wp-content\/uploads\/2025\/02\/Conferinta-premium-Abundenta-si-bunastarea-600X800-4.png","width":600,"height":800},{"@type":"BreadcrumbList","@id":"https:\/\/www.ovidiudragosargesanu.ro\/en\/shop\/cursuri-premium\/pachete-cursuri\/pachet-cursuri-kombat-ki\/#breadcrumb","itemListElement":[{"@type":"ListItem","position":1,"name":"Prima pagin\u0103","item":"https:\/\/www.ovidiudragosargesanu.ro\/en\/"},{"@type":"ListItem","position":2,"name":"Shop","item":"https:\/\/www.ovidiudragosargesanu.ro\/en\/shop\/"},{"@type":"ListItem","position":3,"name":"Pachet cursuri Kombat Ki"}]},{"@type":"WebSite","@id":"https:\/\/www.ovidiudragosargesanu.ro\/en\/#website","url":"https:\/\/www.ovidiudragosargesanu.ro\/en\/","name":"Ovidiu Drago\u0219 Arge\u0219anu","description":"","publisher":{"@id":"https:\/\/www.ovidiudragosargesanu.ro\/en\/#organization"},"potentialAction":[{"@type":"SearchAction","target":{"@type":"EntryPoint","urlTemplate":"https:\/\/www.ovidiudragosargesanu.ro\/en\/?s={search_term_string}"},"query-input":{"@type":"PropertyValueSpecification","valueRequired":true,"valueName":"search_term_string"}}],"inLanguage":"en-US"},{"@type":"Organization","@id":"https:\/\/www.ovidiudragosargesanu.ro\/en\/#organization","name":"Ovidiu Drago\u0219 Arge\u0219anu","url":"https:\/\/www.ovidiudragosargesanu.ro\/en\/","logo":{"@type":"ImageObject","inLanguage":"en-US","@id":"https:\/\/www.ovidiudragosargesanu.ro\/en\/#\/schema\/logo\/image\/","url":"https:\/\/www.ovidiudragosargesanu.ro\/en\/wp-content\/uploads\/2018\/03\/dragos-logo-lotus-black-400.svg","contentUrl":"https:\/\/www.ovidiudragosargesanu.ro\/en\/wp-content\/uploads\/2018\/03\/dragos-logo-lotus-black-400.svg","width":300,"height":150,"caption":"Ovidiu Drago\u0219 Arge\u0219anu"},"image":{"@id":"https:\/\/www.ovidiudragosargesanu.ro\/en\/#\/schema\/logo\/image\/"}}]}},"_links":{"self":[{"href":"https:\/\/www.ovidiudragosargesanu.ro\/en\/wp-json\/wp\/v2\/product\/37466","targetHints":{"allow":["GET"]}}],"collection":[{"href":"https:\/\/www.ovidiudragosargesanu.ro\/en\/wp-json\/wp\/v2\/product"}],"about":[{"href":"https:\/\/www.ovidiudragosargesanu.ro\/en\/wp-json\/wp\/v2\/types\/product"}],"version-history":[{"count":2,"href":"https:\/\/www.ovidiudragosargesanu.ro\/en\/wp-json\/wp\/v2\/product\/37466\/revisions"}],"predecessor-version":[{"id":37471,"href":"https:\/\/www.ovidiudragosargesanu.ro\/en\/wp-json\/wp\/v2\/product\/37466\/revisions\/37471"}],"wp:featuredmedia":[{"embeddable":true,"href":"https:\/\/www.ovidiudragosargesanu.ro\/en\/wp-json\/wp\/v2\/media\/66284"}],"wp:attachment":[{"href":"https:\/\/www.ovidiudragosargesanu.ro\/en\/wp-json\/wp\/v2\/media?parent=37466"}],"wp:term":[{"taxonomy":"product_brand","embeddable":true,"href":"https:\/\/www.ovidiudragosargesanu.ro\/en\/wp-json\/wp\/v2\/product_brand?post=37466"},{"taxonomy":"product_cat","embeddable":true,"href":"https:\/\/www.ovidiudragosargesanu.ro\/en\/wp-json\/wp\/v2\/product_cat?post=37466"},{"taxonomy":"product_tag","embeddable":true,"href":"https:\/\/www.ovidiudragosargesanu.ro\/en\/wp-json\/wp\/v2\/product_tag?post=37466"}],"curies":[{"name":"wp","href":"https:\/\/api.w.org\/{rel}","templated":true}]}}