{"id":38339,"date":"2025-03-11T15:27:41","date_gmt":"2025-03-11T13:27:41","guid":{"rendered":"https:\/\/www.ovidiudragosargesanu.ro\/?post_type=product&#038;p=38339"},"modified":"2025-04-17T19:16:04","modified_gmt":"2025-04-17T16:16:04","slug":"curs-vindecarea-umbrei-emotionala-si-a-sufletului-cluj-napoca-acces-online-seniori","status":"publish","type":"product","link":"https:\/\/www.ovidiudragosargesanu.ro\/en\/shop\/seniori\/curs-vindecarea-umbrei-emotionala-si-a-sufletului-cluj-napoca-acces-online-seniori\/","title":{"rendered":"Curs: Vindecarea umbrei &#8211; emotionale si a sufletului &#8211; Cluj-Napoca &#8211; acces online (Seniori)"},"content":{"rendered":"<p><span style=\"font-weight: 400;\">Te invit \u00eentr-o c\u0103l\u0103torie profund\u0103 de vindecare emo\u021bional\u0103 \u0219i a sufletului \u00een cadrul cursului <\/span><b>,,Vindecarea umbrei (emo\u021bional\u0103 \u0219i a sufletului)\u201d <\/b> pe care l-am sus\u021binut <span style=\"font-weight: 400;\">\u00een Cluj-Napoca, pe 2 aprilie.<\/span><\/p>\n<h4><b>Teme principale atinse:<\/b><\/h4>\n<p><span style=\"font-weight: 400;\">\u2705 Con\u0219tientizarea \u0219i acceptarea umbrelor din subcon\u0219tient<\/span><span style=\"font-weight: 400;\"><br \/>\n<\/span><span style=\"font-weight: 400;\">\u2705 Rela\u021bia dintre traumele din copil\u0103rie \u0219i via\u021ba de adult<\/span><span style=\"font-weight: 400;\"><br \/>\n<\/span><span style=\"font-weight: 400;\">\u2705 Vindecarea emo\u021biilor reprimate \u0219i transformarea lor \u00een resurse<\/span><span style=\"font-weight: 400;\"><br \/>\n<\/span><span style=\"font-weight: 400;\">\u2705 Metode eficiente de lucru cu sine pentru o via\u021b\u0103 echilibrat\u0103<\/span><\/p>\n<h4><b>Ce vei \u00eenv\u0103\u021ba la acest curs?<\/b><\/h4>\n<ul>\n<li style=\"font-weight: 400;\" aria-level=\"1\"><span style=\"font-weight: 400;\">Cum s\u0103 recuno\u0219ti \u0219i s\u0103 integrezi \u201eumbra\u201d\u00a0<\/span><\/li>\n<li style=\"font-weight: 400;\" aria-level=\"1\"><span style=\"font-weight: 400;\">Tehnici de eliberare emo\u021bional\u0103 \u0219i reconectare cu sinele<\/span><\/li>\n<li style=\"font-weight: 400;\" aria-level=\"1\"><span style=\"font-weight: 400;\">Vindecarea traumelor \u0219i a blocajelor emo\u021bionale care \u00ee\u021bi influen\u021beaz\u0103 via\u021ba<\/span><\/li>\n<li style=\"font-weight: 400;\" aria-level=\"1\"><span style=\"font-weight: 400;\">Cum s\u0103 transformi frica, ru\u0219inea \u0219i vinov\u0103\u021bia \u00een putere personal\u0103<\/span><\/li>\n<\/ul>\n","protected":false},"excerpt":{"rendered":"<p><b>LOCURI NELIMITATE!<\/b><\/p>\n<p><span style=\"font-weight: 400;\">Sus\u021bin cursul <\/span><b>,,Vindecarea umbrei (emo\u021bional\u0103 \u0219i a sufletului)\u201d <\/b><span style=\"font-weight: 400;\">\u00een Cluj-Napoca, pe 2 aprilie, \u00eencep\u00e2nd cu ora 18:00.<\/span><\/p>\n<p><span style=\"font-weight: 400;\">Vei primi pe e-mail, imediat dup\u0103 achizi\u021bie, toate detaliile privind datele de conectare pe Zoom, pentru a viziona cursul Live-Online. Dup\u0103 finalizarea transmisiunii, ai acces nelimitat pentru a reviziona evenimentul oric\u00e2nd dore\u0219ti.<\/span><\/p>\n<p><span style=\"font-weight: 400;\">Pentru program\u0103ri, informa\u021bii \u0219i participare \u00ceN SAL\u0102:\u00a0 <\/span><b>0740.153.417.<\/b><\/p>\n","protected":false},"featured_media":41792,"template":"","meta":{"inline_featured_image":false},"product_brand":[],"product_cat":[795],"product_tag":[],"class_list":{"0":"post-38339","1":"product","2":"type-product","3":"status-publish","4":"has-post-thumbnail","6":"product_cat-seniori","8":"first","9":"instock","10":"sale","11":"virtual","12":"sold-individually","13":"taxable","14":"purchasable","15":"product-type-simple"},"yoast_head":"<!-- This site is optimized with the Yoast SEO plugin v26.9 - https:\/\/yoast.com\/product\/yoast-seo-wordpress\/ -->\n<title>Curs: Vindecarea umbrei - emotionale si a sufletului - Cluj-Napoca - acces online (Seniori) - Ovidiu Drago\u0219 Arge\u0219anu<\/title>\n<meta name=\"description\" content=\"Te invit \u00eentr-o c\u0103l\u0103torie profund\u0103 de vindecare emo\u021bional\u0103 \u0219i a sufletului \u00een cadrul cursului ,,Vindecarea umbrei (emo\u021bional\u0103 \u0219i a sufletului)\u201d \u00een Cluj-\" \/>\n<meta name=\"robots\" content=\"noindex, follow, max-snippet:-1, max-image-preview:large, max-video-preview:-1\" \/>\n<meta property=\"og:locale\" content=\"en_US\" \/>\n<meta property=\"og:type\" content=\"article\" \/>\n<meta property=\"og:title\" content=\"Curs: Vindecarea umbrei - emotionale si a sufletului - Cluj-Napoca - acces online (Seniori) - Ovidiu Drago\u0219 Arge\u0219anu\" \/>\n<meta property=\"og:description\" content=\"Te invit \u00eentr-o c\u0103l\u0103torie profund\u0103 de vindecare emo\u021bional\u0103 \u0219i a sufletului \u00een cadrul cursului ,,Vindecarea umbrei (emo\u021bional\u0103 \u0219i a sufletului)\u201d \u00een Cluj-\" \/>\n<meta property=\"og:url\" content=\"https:\/\/www.ovidiudragosargesanu.ro\/en\/shop\/seniori\/curs-vindecarea-umbrei-emotionala-si-a-sufletului-cluj-napoca-acces-online-seniori\/\" \/>\n<meta property=\"og:site_name\" content=\"Ovidiu Drago\u0219 Arge\u0219anu\" \/>\n<meta property=\"article:modified_time\" content=\"2025-04-17T16:16:04+00:00\" \/>\n<meta property=\"og:image\" content=\"https:\/\/www.ovidiudragosargesanu.ro\/en\/wp-content\/uploads\/2025\/03\/vindecarea-umbrei-cluj-grafica-premium-600-800-scaled.jpg\" \/>\n\t<meta property=\"og:image:width\" content=\"1920\" \/>\n\t<meta property=\"og:image:height\" content=\"2560\" \/>\n\t<meta property=\"og:image:type\" content=\"image\/jpeg\" \/>\n<meta name=\"twitter:card\" content=\"summary_large_image\" \/>\n<meta name=\"twitter:label1\" content=\"Est. reading time\" \/>\n\t<meta name=\"twitter:data1\" content=\"1 minute\" \/>\n<script type=\"application\/ld+json\" class=\"yoast-schema-graph\">{\"@context\":\"https:\/\/schema.org\",\"@graph\":[{\"@type\":\"WebPage\",\"@id\":\"https:\/\/www.ovidiudragosargesanu.ro\/en\/shop\/seniori\/curs-vindecarea-umbrei-emotionala-si-a-sufletului-cluj-napoca-acces-online-seniori\/\",\"url\":\"https:\/\/www.ovidiudragosargesanu.ro\/en\/shop\/seniori\/curs-vindecarea-umbrei-emotionala-si-a-sufletului-cluj-napoca-acces-online-seniori\/\",\"name\":\"Curs: Vindecarea umbrei - emotionale si a sufletului - Cluj-Napoca - acces online (Seniori) - Ovidiu Drago\u0219 Arge\u0219anu\",\"isPartOf\":{\"@id\":\"https:\/\/www.ovidiudragosargesanu.ro\/en\/#website\"},\"primaryImageOfPage\":{\"@id\":\"https:\/\/www.ovidiudragosargesanu.ro\/en\/shop\/seniori\/curs-vindecarea-umbrei-emotionala-si-a-sufletului-cluj-napoca-acces-online-seniori\/#primaryimage\"},\"image\":{\"@id\":\"https:\/\/www.ovidiudragosargesanu.ro\/en\/shop\/seniori\/curs-vindecarea-umbrei-emotionala-si-a-sufletului-cluj-napoca-acces-online-seniori\/#primaryimage\"},\"thumbnailUrl\":\"https:\/\/www.ovidiudragosargesanu.ro\/en\/wp-content\/uploads\/2025\/03\/vindecarea-umbrei-cluj-grafica-premium-600-800-scaled.jpg\",\"datePublished\":\"2025-03-11T13:27:41+00:00\",\"dateModified\":\"2025-04-17T16:16:04+00:00\",\"description\":\"Te invit \u00eentr-o c\u0103l\u0103torie profund\u0103 de vindecare emo\u021bional\u0103 \u0219i a sufletului \u00een cadrul cursului ,,Vindecarea umbrei (emo\u021bional\u0103 \u0219i a sufletului)\u201d \u00een Cluj-\",\"breadcrumb\":{\"@id\":\"https:\/\/www.ovidiudragosargesanu.ro\/en\/shop\/seniori\/curs-vindecarea-umbrei-emotionala-si-a-sufletului-cluj-napoca-acces-online-seniori\/#breadcrumb\"},\"inLanguage\":\"en-US\",\"potentialAction\":[{\"@type\":\"ReadAction\",\"target\":[\"https:\/\/www.ovidiudragosargesanu.ro\/en\/shop\/seniori\/curs-vindecarea-umbrei-emotionala-si-a-sufletului-cluj-napoca-acces-online-seniori\/\"]}]},{\"@type\":\"ImageObject\",\"inLanguage\":\"en-US\",\"@id\":\"https:\/\/www.ovidiudragosargesanu.ro\/en\/shop\/seniori\/curs-vindecarea-umbrei-emotionala-si-a-sufletului-cluj-napoca-acces-online-seniori\/#primaryimage\",\"url\":\"https:\/\/www.ovidiudragosargesanu.ro\/en\/wp-content\/uploads\/2025\/03\/vindecarea-umbrei-cluj-grafica-premium-600-800-scaled.jpg\",\"contentUrl\":\"https:\/\/www.ovidiudragosargesanu.ro\/en\/wp-content\/uploads\/2025\/03\/vindecarea-umbrei-cluj-grafica-premium-600-800-scaled.jpg\",\"width\":1920,\"height\":2560,\"caption\":\"vindecarea umbrei cluj grafica premium 600 800\"},{\"@type\":\"BreadcrumbList\",\"@id\":\"https:\/\/www.ovidiudragosargesanu.ro\/en\/shop\/seniori\/curs-vindecarea-umbrei-emotionala-si-a-sufletului-cluj-napoca-acces-online-seniori\/#breadcrumb\",\"itemListElement\":[{\"@type\":\"ListItem\",\"position\":1,\"name\":\"Prima pagin\u0103\",\"item\":\"https:\/\/www.ovidiudragosargesanu.ro\/en\/\"},{\"@type\":\"ListItem\",\"position\":2,\"name\":\"Shop\",\"item\":\"https:\/\/www.ovidiudragosargesanu.ro\/en\/shop\/\"},{\"@type\":\"ListItem\",\"position\":3,\"name\":\"Curs: Vindecarea umbrei &#8211; emotionale si a sufletului &#8211; Cluj-Napoca &#8211; acces online (Seniori)\"}]},{\"@type\":\"WebSite\",\"@id\":\"https:\/\/www.ovidiudragosargesanu.ro\/en\/#website\",\"url\":\"https:\/\/www.ovidiudragosargesanu.ro\/en\/\",\"name\":\"Ovidiu Drago\u0219 Arge\u0219anu\",\"description\":\"\",\"publisher\":{\"@id\":\"https:\/\/www.ovidiudragosargesanu.ro\/en\/#organization\"},\"potentialAction\":[{\"@type\":\"SearchAction\",\"target\":{\"@type\":\"EntryPoint\",\"urlTemplate\":\"https:\/\/www.ovidiudragosargesanu.ro\/en\/?s={search_term_string}\"},\"query-input\":{\"@type\":\"PropertyValueSpecification\",\"valueRequired\":true,\"valueName\":\"search_term_string\"}}],\"inLanguage\":\"en-US\"},{\"@type\":\"Organization\",\"@id\":\"https:\/\/www.ovidiudragosargesanu.ro\/en\/#organization\",\"name\":\"Ovidiu Drago\u0219 Arge\u0219anu\",\"url\":\"https:\/\/www.ovidiudragosargesanu.ro\/en\/\",\"logo\":{\"@type\":\"ImageObject\",\"inLanguage\":\"en-US\",\"@id\":\"https:\/\/www.ovidiudragosargesanu.ro\/en\/#\/schema\/logo\/image\/\",\"url\":\"https:\/\/www.ovidiudragosargesanu.ro\/en\/wp-content\/uploads\/2018\/03\/dragos-logo-lotus-black-400.svg\",\"contentUrl\":\"https:\/\/www.ovidiudragosargesanu.ro\/en\/wp-content\/uploads\/2018\/03\/dragos-logo-lotus-black-400.svg\",\"width\":300,\"height\":150,\"caption\":\"Ovidiu Drago\u0219 Arge\u0219anu\"},\"image\":{\"@id\":\"https:\/\/www.ovidiudragosargesanu.ro\/en\/#\/schema\/logo\/image\/\"}}]}<\/script>\n<!-- \/ Yoast SEO plugin. -->","yoast_head_json":{"title":"Curs: Vindecarea umbrei - emotionale si a sufletului - Cluj-Napoca - acces online (Seniori) - Ovidiu Drago\u0219 Arge\u0219anu","description":"Te invit \u00eentr-o c\u0103l\u0103torie profund\u0103 de vindecare emo\u021bional\u0103 \u0219i a sufletului \u00een cadrul cursului ,,Vindecarea umbrei (emo\u021bional\u0103 \u0219i a sufletului)\u201d \u00een Cluj-","robots":{"index":"noindex","follow":"follow","max-snippet":"max-snippet:-1","max-image-preview":"max-image-preview:large","max-video-preview":"max-video-preview:-1"},"og_locale":"en_US","og_type":"article","og_title":"Curs: Vindecarea umbrei - emotionale si a sufletului - Cluj-Napoca - acces online (Seniori) - Ovidiu Drago\u0219 Arge\u0219anu","og_description":"Te invit \u00eentr-o c\u0103l\u0103torie profund\u0103 de vindecare emo\u021bional\u0103 \u0219i a sufletului \u00een cadrul cursului ,,Vindecarea umbrei (emo\u021bional\u0103 \u0219i a sufletului)\u201d \u00een Cluj-","og_url":"https:\/\/www.ovidiudragosargesanu.ro\/en\/shop\/seniori\/curs-vindecarea-umbrei-emotionala-si-a-sufletului-cluj-napoca-acces-online-seniori\/","og_site_name":"Ovidiu Drago\u0219 Arge\u0219anu","article_modified_time":"2025-04-17T16:16:04+00:00","og_image":[{"width":1920,"height":2560,"url":"https:\/\/www.ovidiudragosargesanu.ro\/en\/wp-content\/uploads\/2025\/03\/vindecarea-umbrei-cluj-grafica-premium-600-800-scaled.jpg","type":"image\/jpeg"}],"twitter_card":"summary_large_image","twitter_misc":{"Est. reading time":"1 minute"},"schema":{"@context":"https:\/\/schema.org","@graph":[{"@type":"WebPage","@id":"https:\/\/www.ovidiudragosargesanu.ro\/en\/shop\/seniori\/curs-vindecarea-umbrei-emotionala-si-a-sufletului-cluj-napoca-acces-online-seniori\/","url":"https:\/\/www.ovidiudragosargesanu.ro\/en\/shop\/seniori\/curs-vindecarea-umbrei-emotionala-si-a-sufletului-cluj-napoca-acces-online-seniori\/","name":"Curs: Vindecarea umbrei - emotionale si a sufletului - Cluj-Napoca - acces online (Seniori) - Ovidiu Drago\u0219 Arge\u0219anu","isPartOf":{"@id":"https:\/\/www.ovidiudragosargesanu.ro\/en\/#website"},"primaryImageOfPage":{"@id":"https:\/\/www.ovidiudragosargesanu.ro\/en\/shop\/seniori\/curs-vindecarea-umbrei-emotionala-si-a-sufletului-cluj-napoca-acces-online-seniori\/#primaryimage"},"image":{"@id":"https:\/\/www.ovidiudragosargesanu.ro\/en\/shop\/seniori\/curs-vindecarea-umbrei-emotionala-si-a-sufletului-cluj-napoca-acces-online-seniori\/#primaryimage"},"thumbnailUrl":"https:\/\/www.ovidiudragosargesanu.ro\/en\/wp-content\/uploads\/2025\/03\/vindecarea-umbrei-cluj-grafica-premium-600-800-scaled.jpg","datePublished":"2025-03-11T13:27:41+00:00","dateModified":"2025-04-17T16:16:04+00:00","description":"Te invit \u00eentr-o c\u0103l\u0103torie profund\u0103 de vindecare emo\u021bional\u0103 \u0219i a sufletului \u00een cadrul cursului ,,Vindecarea umbrei (emo\u021bional\u0103 \u0219i a sufletului)\u201d \u00een Cluj-","breadcrumb":{"@id":"https:\/\/www.ovidiudragosargesanu.ro\/en\/shop\/seniori\/curs-vindecarea-umbrei-emotionala-si-a-sufletului-cluj-napoca-acces-online-seniori\/#breadcrumb"},"inLanguage":"en-US","potentialAction":[{"@type":"ReadAction","target":["https:\/\/www.ovidiudragosargesanu.ro\/en\/shop\/seniori\/curs-vindecarea-umbrei-emotionala-si-a-sufletului-cluj-napoca-acces-online-seniori\/"]}]},{"@type":"ImageObject","inLanguage":"en-US","@id":"https:\/\/www.ovidiudragosargesanu.ro\/en\/shop\/seniori\/curs-vindecarea-umbrei-emotionala-si-a-sufletului-cluj-napoca-acces-online-seniori\/#primaryimage","url":"https:\/\/www.ovidiudragosargesanu.ro\/en\/wp-content\/uploads\/2025\/03\/vindecarea-umbrei-cluj-grafica-premium-600-800-scaled.jpg","contentUrl":"https:\/\/www.ovidiudragosargesanu.ro\/en\/wp-content\/uploads\/2025\/03\/vindecarea-umbrei-cluj-grafica-premium-600-800-scaled.jpg","width":1920,"height":2560,"caption":"vindecarea umbrei cluj grafica premium 600 800"},{"@type":"BreadcrumbList","@id":"https:\/\/www.ovidiudragosargesanu.ro\/en\/shop\/seniori\/curs-vindecarea-umbrei-emotionala-si-a-sufletului-cluj-napoca-acces-online-seniori\/#breadcrumb","itemListElement":[{"@type":"ListItem","position":1,"name":"Prima pagin\u0103","item":"https:\/\/www.ovidiudragosargesanu.ro\/en\/"},{"@type":"ListItem","position":2,"name":"Shop","item":"https:\/\/www.ovidiudragosargesanu.ro\/en\/shop\/"},{"@type":"ListItem","position":3,"name":"Curs: Vindecarea umbrei &#8211; emotionale si a sufletului &#8211; Cluj-Napoca &#8211; acces online (Seniori)"}]},{"@type":"WebSite","@id":"https:\/\/www.ovidiudragosargesanu.ro\/en\/#website","url":"https:\/\/www.ovidiudragosargesanu.ro\/en\/","name":"Ovidiu Drago\u0219 Arge\u0219anu","description":"","publisher":{"@id":"https:\/\/www.ovidiudragosargesanu.ro\/en\/#organization"},"potentialAction":[{"@type":"SearchAction","target":{"@type":"EntryPoint","urlTemplate":"https:\/\/www.ovidiudragosargesanu.ro\/en\/?s={search_term_string}"},"query-input":{"@type":"PropertyValueSpecification","valueRequired":true,"valueName":"search_term_string"}}],"inLanguage":"en-US"},{"@type":"Organization","@id":"https:\/\/www.ovidiudragosargesanu.ro\/en\/#organization","name":"Ovidiu Drago\u0219 Arge\u0219anu","url":"https:\/\/www.ovidiudragosargesanu.ro\/en\/","logo":{"@type":"ImageObject","inLanguage":"en-US","@id":"https:\/\/www.ovidiudragosargesanu.ro\/en\/#\/schema\/logo\/image\/","url":"https:\/\/www.ovidiudragosargesanu.ro\/en\/wp-content\/uploads\/2018\/03\/dragos-logo-lotus-black-400.svg","contentUrl":"https:\/\/www.ovidiudragosargesanu.ro\/en\/wp-content\/uploads\/2018\/03\/dragos-logo-lotus-black-400.svg","width":300,"height":150,"caption":"Ovidiu Drago\u0219 Arge\u0219anu"},"image":{"@id":"https:\/\/www.ovidiudragosargesanu.ro\/en\/#\/schema\/logo\/image\/"}}]}},"_links":{"self":[{"href":"https:\/\/www.ovidiudragosargesanu.ro\/en\/wp-json\/wp\/v2\/product\/38339","targetHints":{"allow":["GET"]}}],"collection":[{"href":"https:\/\/www.ovidiudragosargesanu.ro\/en\/wp-json\/wp\/v2\/product"}],"about":[{"href":"https:\/\/www.ovidiudragosargesanu.ro\/en\/wp-json\/wp\/v2\/types\/product"}],"version-history":[{"count":3,"href":"https:\/\/www.ovidiudragosargesanu.ro\/en\/wp-json\/wp\/v2\/product\/38339\/revisions"}],"predecessor-version":[{"id":41794,"href":"https:\/\/www.ovidiudragosargesanu.ro\/en\/wp-json\/wp\/v2\/product\/38339\/revisions\/41794"}],"wp:featuredmedia":[{"embeddable":true,"href":"https:\/\/www.ovidiudragosargesanu.ro\/en\/wp-json\/wp\/v2\/media\/41792"}],"wp:attachment":[{"href":"https:\/\/www.ovidiudragosargesanu.ro\/en\/wp-json\/wp\/v2\/media?parent=38339"}],"wp:term":[{"taxonomy":"product_brand","embeddable":true,"href":"https:\/\/www.ovidiudragosargesanu.ro\/en\/wp-json\/wp\/v2\/product_brand?post=38339"},{"taxonomy":"product_cat","embeddable":true,"href":"https:\/\/www.ovidiudragosargesanu.ro\/en\/wp-json\/wp\/v2\/product_cat?post=38339"},{"taxonomy":"product_tag","embeddable":true,"href":"https:\/\/www.ovidiudragosargesanu.ro\/en\/wp-json\/wp\/v2\/product_tag?post=38339"}],"curies":[{"name":"wp","href":"https:\/\/api.w.org\/{rel}","templated":true}]}}