{"id":38369,"date":"2025-03-11T23:34:07","date_gmt":"2025-03-11T21:34:07","guid":{"rendered":"https:\/\/www.ovidiudragosargesanu.ro\/?post_type=product&#038;p=38369"},"modified":"2025-03-21T11:33:16","modified_gmt":"2025-03-21T09:33:16","slug":"seminar-kombat-suflet-bucuresti-acces-online-seniori","status":"publish","type":"product","link":"https:\/\/www.ovidiudragosargesanu.ro\/en\/shop\/seniori\/seminar-kombat-suflet-bucuresti-acces-online-seniori\/","title":{"rendered":"Seminar: Kombat-Suflet &#8211; Bucuresti &#8211; acces online (Seniori)"},"content":{"rendered":"<p><span style=\"font-weight: 400;\">Sus\u021bin <\/span><b>seminarul ,,KOMBAT &#8211; SUFLET\u201d<\/b><span style=\"font-weight: 400;\"> pe 17 martie, la Bucure\u0219ti, \u00eencep\u00e2nd cu ora 18.00. \u00cen cadrul Kombat-ului, am decis s\u0103 lansez o serie de seminarii, pentru c\u0103 am observat c\u0103 la practic\u0103 lucrurile stau mai greu \u2013 teoria e una, dar practica face diferen\u021ba!<\/span><\/p>\n<p><span style=\"font-weight: 400;\">\ud83d\udd34 <\/span><b>Curs 100% PRACTIC \u2013 cur\u0103\u021bare, dezlegare \u0219i recuperare a sufletului!<\/b><span style=\"font-weight: 400;\"> \ud83d\udd34<\/span><\/p>\n<p><span style=\"font-weight: 400;\">\ud83d\udca0 <\/span><b>CE VEI PRACTICA?<\/b><\/p>\n<p><span style=\"font-weight: 400;\">\u2714\ufe0f Ce este sufletul, de unde vine \u0219i cum func\u021bioneaz\u0103.<\/span><\/p>\n<p><span style=\"font-weight: 400;\">\u2714\ufe0f Cum \u0219i de ce se pierde sufletul.<\/span><\/p>\n<p><span style=\"font-weight: 400;\">\u2714\ufe0f Cum \u00eel po\u021bi recupera \u0219i proteja.<\/span><\/p>\n<p><span style=\"font-weight: 400;\">\u2714\ufe0f Tehnici practice de dezlegare \u0219i deprogramare.<\/span><\/p>\n<p><span style=\"font-weight: 400;\">\u2714\ufe0f Cum \u00ee\u021bi m\u0103re\u0219ti sufletul.<\/span><\/p>\n<p><span style=\"font-weight: 400;\">Cursul poate fi accesat at\u00e2t \u00een online c\u00e2t \u0219i la sal\u0103.\u00a0<\/span><\/p>\n<p><span style=\"font-weight: 400;\">Pre\u021bul pentru participare \u00een sal\u0103 este de 650 lei.<\/span><\/p>\n<p><span style=\"font-weight: 400;\">Telefon rezervare loc \u00ceN SAL\u0102 : <\/span><b>0721.90.81.40.<\/b><\/p>\n<p><span style=\"font-weight: 400;\">Spor \u00een toate cele bune!<\/span><\/p>\n","protected":false},"excerpt":{"rendered":"<p><b>LOCURI NELIMITATE!<\/b><\/p>\n<p><span style=\"font-weight: 400;\">Sus\u021bin seminarul <\/span><b>,,KOMBAT &#8211; SUFLET\u201d<\/b><span style=\"font-weight: 400;\"> pe 17 martie, la Bucure\u0219ti, \u00eencep\u00e2nd cu ora 18.00.<\/span><\/p>\n<p><span style=\"font-weight: 400;\">Ve\u021bi primi pe e-mail imediat dup\u0103 achizi\u021bionare toate detaliile privind datele de conectare pe Zoom pentru a viziona cursul Live-Online. Dup\u0103 finalizarea transmisiunii ave\u021bi acces nelimitat pentru a reviziona evenimentul oric\u00e2nd dori\u021bi.<\/span><\/p>\n<p><span style=\"font-weight: 400;\">Pre\u021bul pentru sal\u0103 &#8211; 650 lei.<\/span><\/p>\n<p><span style=\"font-weight: 400;\">Telefon rezervare loc \u00een sal\u0103: <\/span><b>0721.90.81.40.<\/b><\/p>\n","protected":false},"featured_media":39273,"template":"","meta":{"inline_featured_image":false},"product_brand":[],"product_cat":[795],"product_tag":[],"class_list":{"0":"post-38369","1":"product","2":"type-product","3":"status-publish","4":"has-post-thumbnail","6":"product_cat-seniori","8":"first","9":"instock","10":"sale","11":"virtual","12":"sold-individually","13":"taxable","14":"purchasable","15":"product-type-simple"},"yoast_head":"<!-- This site is optimized with the Yoast SEO plugin v26.9 - https:\/\/yoast.com\/product\/yoast-seo-wordpress\/ -->\n<title>Seminar: Kombat-Suflet - Bucuresti - acces online (Seniori) - Ovidiu Drago\u0219 Arge\u0219anu<\/title>\n<meta name=\"description\" content=\"Sus\u021bin seminarul ,,KOMBAT - SUFLET\u201d pe 17 martie, la Bucure\u0219ti, \u00eencep\u00e2nd cu ora 18.00. \u00cen cadrul Kombat-ului am decis s\u0103 lansez o serie de seminarii\" \/>\n<meta name=\"robots\" content=\"noindex, follow, max-snippet:-1, max-image-preview:large, max-video-preview:-1\" \/>\n<meta property=\"og:locale\" content=\"en_US\" \/>\n<meta property=\"og:type\" content=\"article\" \/>\n<meta property=\"og:title\" content=\"Seminar: Kombat-Suflet - Bucuresti - acces online (Seniori) - Ovidiu Drago\u0219 Arge\u0219anu\" \/>\n<meta property=\"og:description\" content=\"Sus\u021bin seminarul ,,KOMBAT - SUFLET\u201d pe 17 martie, la Bucure\u0219ti, \u00eencep\u00e2nd cu ora 18.00. \u00cen cadrul Kombat-ului am decis s\u0103 lansez o serie de seminarii\" \/>\n<meta property=\"og:url\" content=\"https:\/\/www.ovidiudragosargesanu.ro\/en\/shop\/seniori\/seminar-kombat-suflet-bucuresti-acces-online-seniori\/\" \/>\n<meta property=\"og:site_name\" content=\"Ovidiu Drago\u0219 Arge\u0219anu\" \/>\n<meta property=\"article:modified_time\" content=\"2025-03-21T09:33:16+00:00\" \/>\n<meta property=\"og:image\" content=\"https:\/\/www.ovidiudragosargesanu.ro\/en\/wp-content\/uploads\/2025\/03\/Premium-seminar-despre-suflet-scaled.jpg\" \/>\n\t<meta property=\"og:image:width\" content=\"1920\" \/>\n\t<meta property=\"og:image:height\" content=\"2560\" \/>\n\t<meta property=\"og:image:type\" content=\"image\/jpeg\" \/>\n<meta name=\"twitter:card\" content=\"summary_large_image\" \/>\n<meta name=\"twitter:label1\" content=\"Est. reading time\" \/>\n\t<meta name=\"twitter:data1\" content=\"1 minute\" \/>\n<script type=\"application\/ld+json\" class=\"yoast-schema-graph\">{\"@context\":\"https:\/\/schema.org\",\"@graph\":[{\"@type\":\"WebPage\",\"@id\":\"https:\/\/www.ovidiudragosargesanu.ro\/en\/shop\/seniori\/seminar-kombat-suflet-bucuresti-acces-online-seniori\/\",\"url\":\"https:\/\/www.ovidiudragosargesanu.ro\/en\/shop\/seniori\/seminar-kombat-suflet-bucuresti-acces-online-seniori\/\",\"name\":\"Seminar: Kombat-Suflet - Bucuresti - acces online (Seniori) - Ovidiu Drago\u0219 Arge\u0219anu\",\"isPartOf\":{\"@id\":\"https:\/\/www.ovidiudragosargesanu.ro\/en\/#website\"},\"primaryImageOfPage\":{\"@id\":\"https:\/\/www.ovidiudragosargesanu.ro\/en\/shop\/seniori\/seminar-kombat-suflet-bucuresti-acces-online-seniori\/#primaryimage\"},\"image\":{\"@id\":\"https:\/\/www.ovidiudragosargesanu.ro\/en\/shop\/seniori\/seminar-kombat-suflet-bucuresti-acces-online-seniori\/#primaryimage\"},\"thumbnailUrl\":\"https:\/\/www.ovidiudragosargesanu.ro\/en\/wp-content\/uploads\/2025\/03\/Premium-seminar-despre-suflet-scaled.jpg\",\"datePublished\":\"2025-03-11T21:34:07+00:00\",\"dateModified\":\"2025-03-21T09:33:16+00:00\",\"description\":\"Sus\u021bin seminarul ,,KOMBAT - SUFLET\u201d pe 17 martie, la Bucure\u0219ti, \u00eencep\u00e2nd cu ora 18.00. \u00cen cadrul Kombat-ului am decis s\u0103 lansez o serie de seminarii\",\"breadcrumb\":{\"@id\":\"https:\/\/www.ovidiudragosargesanu.ro\/en\/shop\/seniori\/seminar-kombat-suflet-bucuresti-acces-online-seniori\/#breadcrumb\"},\"inLanguage\":\"en-US\",\"potentialAction\":[{\"@type\":\"ReadAction\",\"target\":[\"https:\/\/www.ovidiudragosargesanu.ro\/en\/shop\/seniori\/seminar-kombat-suflet-bucuresti-acces-online-seniori\/\"]}]},{\"@type\":\"ImageObject\",\"inLanguage\":\"en-US\",\"@id\":\"https:\/\/www.ovidiudragosargesanu.ro\/en\/shop\/seniori\/seminar-kombat-suflet-bucuresti-acces-online-seniori\/#primaryimage\",\"url\":\"https:\/\/www.ovidiudragosargesanu.ro\/en\/wp-content\/uploads\/2025\/03\/Premium-seminar-despre-suflet-scaled.jpg\",\"contentUrl\":\"https:\/\/www.ovidiudragosargesanu.ro\/en\/wp-content\/uploads\/2025\/03\/Premium-seminar-despre-suflet-scaled.jpg\",\"width\":1920,\"height\":2560,\"caption\":\"Premium seminar despre suflet\"},{\"@type\":\"BreadcrumbList\",\"@id\":\"https:\/\/www.ovidiudragosargesanu.ro\/en\/shop\/seniori\/seminar-kombat-suflet-bucuresti-acces-online-seniori\/#breadcrumb\",\"itemListElement\":[{\"@type\":\"ListItem\",\"position\":1,\"name\":\"Prima pagin\u0103\",\"item\":\"https:\/\/www.ovidiudragosargesanu.ro\/en\/\"},{\"@type\":\"ListItem\",\"position\":2,\"name\":\"Shop\",\"item\":\"https:\/\/www.ovidiudragosargesanu.ro\/en\/shop\/\"},{\"@type\":\"ListItem\",\"position\":3,\"name\":\"Seminar: Kombat-Suflet &#8211; Bucuresti &#8211; acces online (Seniori)\"}]},{\"@type\":\"WebSite\",\"@id\":\"https:\/\/www.ovidiudragosargesanu.ro\/en\/#website\",\"url\":\"https:\/\/www.ovidiudragosargesanu.ro\/en\/\",\"name\":\"Ovidiu Drago\u0219 Arge\u0219anu\",\"description\":\"\",\"publisher\":{\"@id\":\"https:\/\/www.ovidiudragosargesanu.ro\/en\/#organization\"},\"potentialAction\":[{\"@type\":\"SearchAction\",\"target\":{\"@type\":\"EntryPoint\",\"urlTemplate\":\"https:\/\/www.ovidiudragosargesanu.ro\/en\/?s={search_term_string}\"},\"query-input\":{\"@type\":\"PropertyValueSpecification\",\"valueRequired\":true,\"valueName\":\"search_term_string\"}}],\"inLanguage\":\"en-US\"},{\"@type\":\"Organization\",\"@id\":\"https:\/\/www.ovidiudragosargesanu.ro\/en\/#organization\",\"name\":\"Ovidiu Drago\u0219 Arge\u0219anu\",\"url\":\"https:\/\/www.ovidiudragosargesanu.ro\/en\/\",\"logo\":{\"@type\":\"ImageObject\",\"inLanguage\":\"en-US\",\"@id\":\"https:\/\/www.ovidiudragosargesanu.ro\/en\/#\/schema\/logo\/image\/\",\"url\":\"https:\/\/www.ovidiudragosargesanu.ro\/en\/wp-content\/uploads\/2018\/03\/dragos-logo-lotus-black-400.svg\",\"contentUrl\":\"https:\/\/www.ovidiudragosargesanu.ro\/en\/wp-content\/uploads\/2018\/03\/dragos-logo-lotus-black-400.svg\",\"width\":300,\"height\":150,\"caption\":\"Ovidiu Drago\u0219 Arge\u0219anu\"},\"image\":{\"@id\":\"https:\/\/www.ovidiudragosargesanu.ro\/en\/#\/schema\/logo\/image\/\"}}]}<\/script>\n<!-- \/ Yoast SEO plugin. -->","yoast_head_json":{"title":"Seminar: Kombat-Suflet - Bucuresti - acces online (Seniori) - Ovidiu Drago\u0219 Arge\u0219anu","description":"Sus\u021bin seminarul ,,KOMBAT - SUFLET\u201d pe 17 martie, la Bucure\u0219ti, \u00eencep\u00e2nd cu ora 18.00. \u00cen cadrul Kombat-ului am decis s\u0103 lansez o serie de seminarii","robots":{"index":"noindex","follow":"follow","max-snippet":"max-snippet:-1","max-image-preview":"max-image-preview:large","max-video-preview":"max-video-preview:-1"},"og_locale":"en_US","og_type":"article","og_title":"Seminar: Kombat-Suflet - Bucuresti - acces online (Seniori) - Ovidiu Drago\u0219 Arge\u0219anu","og_description":"Sus\u021bin seminarul ,,KOMBAT - SUFLET\u201d pe 17 martie, la Bucure\u0219ti, \u00eencep\u00e2nd cu ora 18.00. \u00cen cadrul Kombat-ului am decis s\u0103 lansez o serie de seminarii","og_url":"https:\/\/www.ovidiudragosargesanu.ro\/en\/shop\/seniori\/seminar-kombat-suflet-bucuresti-acces-online-seniori\/","og_site_name":"Ovidiu Drago\u0219 Arge\u0219anu","article_modified_time":"2025-03-21T09:33:16+00:00","og_image":[{"width":1920,"height":2560,"url":"https:\/\/www.ovidiudragosargesanu.ro\/en\/wp-content\/uploads\/2025\/03\/Premium-seminar-despre-suflet-scaled.jpg","type":"image\/jpeg"}],"twitter_card":"summary_large_image","twitter_misc":{"Est. reading time":"1 minute"},"schema":{"@context":"https:\/\/schema.org","@graph":[{"@type":"WebPage","@id":"https:\/\/www.ovidiudragosargesanu.ro\/en\/shop\/seniori\/seminar-kombat-suflet-bucuresti-acces-online-seniori\/","url":"https:\/\/www.ovidiudragosargesanu.ro\/en\/shop\/seniori\/seminar-kombat-suflet-bucuresti-acces-online-seniori\/","name":"Seminar: Kombat-Suflet - Bucuresti - acces online (Seniori) - Ovidiu Drago\u0219 Arge\u0219anu","isPartOf":{"@id":"https:\/\/www.ovidiudragosargesanu.ro\/en\/#website"},"primaryImageOfPage":{"@id":"https:\/\/www.ovidiudragosargesanu.ro\/en\/shop\/seniori\/seminar-kombat-suflet-bucuresti-acces-online-seniori\/#primaryimage"},"image":{"@id":"https:\/\/www.ovidiudragosargesanu.ro\/en\/shop\/seniori\/seminar-kombat-suflet-bucuresti-acces-online-seniori\/#primaryimage"},"thumbnailUrl":"https:\/\/www.ovidiudragosargesanu.ro\/en\/wp-content\/uploads\/2025\/03\/Premium-seminar-despre-suflet-scaled.jpg","datePublished":"2025-03-11T21:34:07+00:00","dateModified":"2025-03-21T09:33:16+00:00","description":"Sus\u021bin seminarul ,,KOMBAT - SUFLET\u201d pe 17 martie, la Bucure\u0219ti, \u00eencep\u00e2nd cu ora 18.00. \u00cen cadrul Kombat-ului am decis s\u0103 lansez o serie de seminarii","breadcrumb":{"@id":"https:\/\/www.ovidiudragosargesanu.ro\/en\/shop\/seniori\/seminar-kombat-suflet-bucuresti-acces-online-seniori\/#breadcrumb"},"inLanguage":"en-US","potentialAction":[{"@type":"ReadAction","target":["https:\/\/www.ovidiudragosargesanu.ro\/en\/shop\/seniori\/seminar-kombat-suflet-bucuresti-acces-online-seniori\/"]}]},{"@type":"ImageObject","inLanguage":"en-US","@id":"https:\/\/www.ovidiudragosargesanu.ro\/en\/shop\/seniori\/seminar-kombat-suflet-bucuresti-acces-online-seniori\/#primaryimage","url":"https:\/\/www.ovidiudragosargesanu.ro\/en\/wp-content\/uploads\/2025\/03\/Premium-seminar-despre-suflet-scaled.jpg","contentUrl":"https:\/\/www.ovidiudragosargesanu.ro\/en\/wp-content\/uploads\/2025\/03\/Premium-seminar-despre-suflet-scaled.jpg","width":1920,"height":2560,"caption":"Premium seminar despre suflet"},{"@type":"BreadcrumbList","@id":"https:\/\/www.ovidiudragosargesanu.ro\/en\/shop\/seniori\/seminar-kombat-suflet-bucuresti-acces-online-seniori\/#breadcrumb","itemListElement":[{"@type":"ListItem","position":1,"name":"Prima pagin\u0103","item":"https:\/\/www.ovidiudragosargesanu.ro\/en\/"},{"@type":"ListItem","position":2,"name":"Shop","item":"https:\/\/www.ovidiudragosargesanu.ro\/en\/shop\/"},{"@type":"ListItem","position":3,"name":"Seminar: Kombat-Suflet &#8211; Bucuresti &#8211; acces online (Seniori)"}]},{"@type":"WebSite","@id":"https:\/\/www.ovidiudragosargesanu.ro\/en\/#website","url":"https:\/\/www.ovidiudragosargesanu.ro\/en\/","name":"Ovidiu Drago\u0219 Arge\u0219anu","description":"","publisher":{"@id":"https:\/\/www.ovidiudragosargesanu.ro\/en\/#organization"},"potentialAction":[{"@type":"SearchAction","target":{"@type":"EntryPoint","urlTemplate":"https:\/\/www.ovidiudragosargesanu.ro\/en\/?s={search_term_string}"},"query-input":{"@type":"PropertyValueSpecification","valueRequired":true,"valueName":"search_term_string"}}],"inLanguage":"en-US"},{"@type":"Organization","@id":"https:\/\/www.ovidiudragosargesanu.ro\/en\/#organization","name":"Ovidiu Drago\u0219 Arge\u0219anu","url":"https:\/\/www.ovidiudragosargesanu.ro\/en\/","logo":{"@type":"ImageObject","inLanguage":"en-US","@id":"https:\/\/www.ovidiudragosargesanu.ro\/en\/#\/schema\/logo\/image\/","url":"https:\/\/www.ovidiudragosargesanu.ro\/en\/wp-content\/uploads\/2018\/03\/dragos-logo-lotus-black-400.svg","contentUrl":"https:\/\/www.ovidiudragosargesanu.ro\/en\/wp-content\/uploads\/2018\/03\/dragos-logo-lotus-black-400.svg","width":300,"height":150,"caption":"Ovidiu Drago\u0219 Arge\u0219anu"},"image":{"@id":"https:\/\/www.ovidiudragosargesanu.ro\/en\/#\/schema\/logo\/image\/"}}]}},"_links":{"self":[{"href":"https:\/\/www.ovidiudragosargesanu.ro\/en\/wp-json\/wp\/v2\/product\/38369","targetHints":{"allow":["GET"]}}],"collection":[{"href":"https:\/\/www.ovidiudragosargesanu.ro\/en\/wp-json\/wp\/v2\/product"}],"about":[{"href":"https:\/\/www.ovidiudragosargesanu.ro\/en\/wp-json\/wp\/v2\/types\/product"}],"version-history":[{"count":1,"href":"https:\/\/www.ovidiudragosargesanu.ro\/en\/wp-json\/wp\/v2\/product\/38369\/revisions"}],"predecessor-version":[{"id":38370,"href":"https:\/\/www.ovidiudragosargesanu.ro\/en\/wp-json\/wp\/v2\/product\/38369\/revisions\/38370"}],"wp:featuredmedia":[{"embeddable":true,"href":"https:\/\/www.ovidiudragosargesanu.ro\/en\/wp-json\/wp\/v2\/media\/39273"}],"wp:attachment":[{"href":"https:\/\/www.ovidiudragosargesanu.ro\/en\/wp-json\/wp\/v2\/media?parent=38369"}],"wp:term":[{"taxonomy":"product_brand","embeddable":true,"href":"https:\/\/www.ovidiudragosargesanu.ro\/en\/wp-json\/wp\/v2\/product_brand?post=38369"},{"taxonomy":"product_cat","embeddable":true,"href":"https:\/\/www.ovidiudragosargesanu.ro\/en\/wp-json\/wp\/v2\/product_cat?post=38369"},{"taxonomy":"product_tag","embeddable":true,"href":"https:\/\/www.ovidiudragosargesanu.ro\/en\/wp-json\/wp\/v2\/product_tag?post=38369"}],"curies":[{"name":"wp","href":"https:\/\/api.w.org\/{rel}","templated":true}]}}