{"id":4043,"date":"2023-12-05T19:40:29","date_gmt":"2023-12-05T17:40:29","guid":{"rendered":"https:\/\/www.ovidiudragosargesanu.ro\/?post_type=product&#038;p=4043"},"modified":"2025-04-24T09:23:12","modified_gmt":"2025-04-24T06:23:12","slug":"atacul-psi-intre-stiinta-si-magie-2","status":"publish","type":"product","link":"https:\/\/www.ovidiudragosargesanu.ro\/en\/shop\/carti\/dezvoltare-personala\/atacul-psi-intre-stiinta-si-magie-2\/","title":{"rendered":"Atacul PSI \u2013 \u00eentre \u0218tiin\u021b\u0103 \u0219i Magie"},"content":{"rendered":"<p><span style=\"font-weight: 400;\">Cu o expertiz\u0103 vast\u0103 \u00een domeniul ortodoxie, al artelor mar\u021biale \u0219i al terapiei Reiki, Dr. Ovidiu-Drago\u0219 Arge\u0219anu ofer\u0103 cititorilor o perspectiv\u0103 unic\u0103 asupra fenomenului fascinant al magiei. Cartea invit\u0103 la o c\u0103l\u0103torie \u00een care cuno\u0219tin\u021bele ezoterice modeleaz\u0103 diverse aspecte ale vie\u021bii cotidiene, de la terapii alternative la decizii politice.<\/span><\/p>\n<p><span style=\"font-weight: 400;\">Aceast\u0103 lectur\u0103 nu este doar un text informativ, ci reprezint\u0103 o c\u0103l\u0103torie complex\u0103 de-a lungul introspec\u021biilor \u0219i ezit\u0103rilor autorului. Sus\u021binut\u0103 de dovezi \u0219tiin\u021bifice, aceast\u0103 carte subliniaz\u0103 puterea uluitoare a psihicului uman, eviden\u021biind, de asemenea, pericolele utiliz\u0103rii acestuia \u00een scopuri manipulative, de control sau distructive.<\/span><\/p>\n<p><span style=\"font-weight: 400;\">\u201eAtacul PSI \u2013 \u00eentre \u0219tiin\u021b\u0103 \u0219i magie\u201d este o m\u0103rturie important\u0103 a necesit\u0103\u021bii de a gestiona ra\u021bional cunoa\u0219terea ezoteric\u0103. Paginile acestei c\u0103r\u021bi te vor ghida \u00eentr-un univers captivant, unde \u0219tiin\u021ba \u0219i magia se \u00eentrep\u0103trund, oferind perspective noi \u0219i provocatoare asupra lumii contemporane.<\/span><\/p>\n<p><span style=\"font-weight: 400;\">Descoper\u0103 acum secretele fascinante ale magiei \u00een contextul lumii actuale prin aceast\u0103 lucrare complex\u0103 \u0219i profund\u0103, o adev\u0103rat\u0103 comoar\u0103 pentru orice c\u0103ut\u0103tor de cunoa\u0219tere ezoteric\u0103 \u0219i \u0219tiin\u021bific\u0103. \u201eAtacul PSI \u2013 \u00eentre \u0219tiin\u021b\u0103 \u0219i magie\u201d este lectura esen\u021bial\u0103 pentru cei care doresc s\u0103 \u00een\u021beleag\u0103 mai bine misterul \u0219i puterea magiei \u00een lumea de ast\u0103zi.<\/span><\/p>\n","protected":false},"excerpt":{"rendered":"\n<table id=\"tablepress-55\" class=\"tablepress tablepress-id-55\">\n<tbody class=\"row-striping row-hover\">\n<tr class=\"row-1\">\n\t<td class=\"column-1\">Editura<\/td><td class=\"column-2\"><b>PRO DAO<\/b><\/td>\n<\/tr>\n<tr class=\"row-2\">\n\t<td class=\"column-1\">Autor<\/td><td class=\"column-2\">Ovidiu Drago\u0219 Arge\u0219anu<\/td>\n<\/tr>\n<tr class=\"row-3\">\n\t<td class=\"column-1\">Anul Public\u0103rii<\/td><td class=\"column-2\">2020<\/td>\n<\/tr>\n<tr class=\"row-4\">\n\t<td class=\"column-1\">Num\u0103r Pagini<\/td><td class=\"column-2\">310<\/td>\n<\/tr>\n<tr class=\"row-5\">\n\t<td class=\"column-1\">Cod produs - SKU<\/td><td class=\"column-2\">978-606-9721-04-9<\/td>\n<\/tr>\n<\/tbody>\n<\/table>\n<!-- #tablepress-55 from cache -->\n","protected":false},"featured_media":4044,"template":"","meta":{"inline_featured_image":false},"product_brand":[],"product_cat":[527,662],"product_tag":[],"class_list":{"0":"post-4043","1":"product","2":"type-product","3":"status-publish","4":"has-post-thumbnail","6":"product_cat-carti","7":"product_cat-dezvoltare-personala","9":"first","10":"instock","11":"taxable","12":"shipping-taxable","13":"purchasable","14":"product-type-simple"},"yoast_head":"<!-- This site is optimized with the Yoast SEO plugin v26.9 - https:\/\/yoast.com\/product\/yoast-seo-wordpress\/ -->\n<title>Atacul PSI \u2013 \u00eentre \u0218tiin\u021b\u0103 \u0219i Magie - Ovidiu Drago\u0219 Arge\u0219anu<\/title>\n<meta name=\"description\" content=\"O carte valoroas\u0103 \u0219i fascinant\u0103 despre tainele magiei semnat\u0103 de maestrul Dr. Ovidiu Drago\u0219 Arge\u0219anu: &quot;Atacul PSI \u2013 \u00eentre \u0218tiin\u021b\u0103 \u0219i Magie&quot;Fascinanta\" \/>\n<meta name=\"robots\" content=\"noindex, follow, max-snippet:-1, max-image-preview:large, max-video-preview:-1\" \/>\n<meta property=\"og:locale\" content=\"en_US\" \/>\n<meta property=\"og:type\" content=\"article\" \/>\n<meta property=\"og:title\" content=\"Atacul PSI \u2013 \u00eentre \u0218tiin\u021b\u0103 \u0219i Magie - Ovidiu Drago\u0219 Arge\u0219anu\" \/>\n<meta property=\"og:description\" content=\"O carte valoroas\u0103 \u0219i fascinant\u0103 despre tainele magiei semnat\u0103 de maestrul Dr. Ovidiu Drago\u0219 Arge\u0219anu: &quot;Atacul PSI \u2013 \u00eentre \u0218tiin\u021b\u0103 \u0219i Magie&quot;Fascinanta\" \/>\n<meta property=\"og:url\" content=\"https:\/\/www.ovidiudragosargesanu.ro\/en\/shop\/carti\/dezvoltare-personala\/atacul-psi-intre-stiinta-si-magie-2\/\" \/>\n<meta property=\"og:site_name\" content=\"Ovidiu Drago\u0219 Arge\u0219anu\" \/>\n<meta property=\"article:modified_time\" content=\"2025-04-24T06:23:12+00:00\" \/>\n<meta property=\"og:image\" content=\"https:\/\/www.ovidiudragosargesanu.ro\/en\/wp-content\/uploads\/2023\/12\/18.png\" \/>\n\t<meta property=\"og:image:width\" content=\"1000\" \/>\n\t<meta property=\"og:image:height\" content=\"1000\" \/>\n\t<meta property=\"og:image:type\" content=\"image\/png\" \/>\n<meta name=\"twitter:card\" content=\"summary_large_image\" \/>\n<meta name=\"twitter:label1\" content=\"Est. reading time\" \/>\n\t<meta name=\"twitter:data1\" content=\"2 minutes\" \/>\n<script type=\"application\/ld+json\" class=\"yoast-schema-graph\">{\"@context\":\"https:\/\/schema.org\",\"@graph\":[{\"@type\":\"WebPage\",\"@id\":\"https:\/\/www.ovidiudragosargesanu.ro\/en\/shop\/carti\/dezvoltare-personala\/atacul-psi-intre-stiinta-si-magie-2\/\",\"url\":\"https:\/\/www.ovidiudragosargesanu.ro\/en\/shop\/carti\/dezvoltare-personala\/atacul-psi-intre-stiinta-si-magie-2\/\",\"name\":\"Atacul PSI \u2013 \u00eentre \u0218tiin\u021b\u0103 \u0219i Magie - Ovidiu Drago\u0219 Arge\u0219anu\",\"isPartOf\":{\"@id\":\"https:\/\/www.ovidiudragosargesanu.ro\/en\/#website\"},\"primaryImageOfPage\":{\"@id\":\"https:\/\/www.ovidiudragosargesanu.ro\/en\/shop\/carti\/dezvoltare-personala\/atacul-psi-intre-stiinta-si-magie-2\/#primaryimage\"},\"image\":{\"@id\":\"https:\/\/www.ovidiudragosargesanu.ro\/en\/shop\/carti\/dezvoltare-personala\/atacul-psi-intre-stiinta-si-magie-2\/#primaryimage\"},\"thumbnailUrl\":\"https:\/\/www.ovidiudragosargesanu.ro\/en\/wp-content\/uploads\/2023\/12\/18.png\",\"datePublished\":\"2023-12-05T17:40:29+00:00\",\"dateModified\":\"2025-04-24T06:23:12+00:00\",\"description\":\"O carte valoroas\u0103 \u0219i fascinant\u0103 despre tainele magiei semnat\u0103 de maestrul Dr. Ovidiu Drago\u0219 Arge\u0219anu: \\\"Atacul PSI \u2013 \u00eentre \u0218tiin\u021b\u0103 \u0219i Magie\\\"Fascinanta\",\"breadcrumb\":{\"@id\":\"https:\/\/www.ovidiudragosargesanu.ro\/en\/shop\/carti\/dezvoltare-personala\/atacul-psi-intre-stiinta-si-magie-2\/#breadcrumb\"},\"inLanguage\":\"en-US\",\"potentialAction\":[{\"@type\":\"ReadAction\",\"target\":[\"https:\/\/www.ovidiudragosargesanu.ro\/en\/shop\/carti\/dezvoltare-personala\/atacul-psi-intre-stiinta-si-magie-2\/\"]}]},{\"@type\":\"ImageObject\",\"inLanguage\":\"en-US\",\"@id\":\"https:\/\/www.ovidiudragosargesanu.ro\/en\/shop\/carti\/dezvoltare-personala\/atacul-psi-intre-stiinta-si-magie-2\/#primaryimage\",\"url\":\"https:\/\/www.ovidiudragosargesanu.ro\/en\/wp-content\/uploads\/2023\/12\/18.png\",\"contentUrl\":\"https:\/\/www.ovidiudragosargesanu.ro\/en\/wp-content\/uploads\/2023\/12\/18.png\",\"width\":1000,\"height\":1000},{\"@type\":\"BreadcrumbList\",\"@id\":\"https:\/\/www.ovidiudragosargesanu.ro\/en\/shop\/carti\/dezvoltare-personala\/atacul-psi-intre-stiinta-si-magie-2\/#breadcrumb\",\"itemListElement\":[{\"@type\":\"ListItem\",\"position\":1,\"name\":\"Prima pagin\u0103\",\"item\":\"https:\/\/www.ovidiudragosargesanu.ro\/en\/\"},{\"@type\":\"ListItem\",\"position\":2,\"name\":\"Shop\",\"item\":\"https:\/\/www.ovidiudragosargesanu.ro\/en\/shop\/\"},{\"@type\":\"ListItem\",\"position\":3,\"name\":\"Atacul PSI \u2013 \u00eentre \u0218tiin\u021b\u0103 \u0219i Magie\"}]},{\"@type\":\"WebSite\",\"@id\":\"https:\/\/www.ovidiudragosargesanu.ro\/en\/#website\",\"url\":\"https:\/\/www.ovidiudragosargesanu.ro\/en\/\",\"name\":\"Ovidiu Drago\u0219 Arge\u0219anu\",\"description\":\"\",\"publisher\":{\"@id\":\"https:\/\/www.ovidiudragosargesanu.ro\/en\/#organization\"},\"potentialAction\":[{\"@type\":\"SearchAction\",\"target\":{\"@type\":\"EntryPoint\",\"urlTemplate\":\"https:\/\/www.ovidiudragosargesanu.ro\/en\/?s={search_term_string}\"},\"query-input\":{\"@type\":\"PropertyValueSpecification\",\"valueRequired\":true,\"valueName\":\"search_term_string\"}}],\"inLanguage\":\"en-US\"},{\"@type\":\"Organization\",\"@id\":\"https:\/\/www.ovidiudragosargesanu.ro\/en\/#organization\",\"name\":\"Ovidiu Drago\u0219 Arge\u0219anu\",\"url\":\"https:\/\/www.ovidiudragosargesanu.ro\/en\/\",\"logo\":{\"@type\":\"ImageObject\",\"inLanguage\":\"en-US\",\"@id\":\"https:\/\/www.ovidiudragosargesanu.ro\/en\/#\/schema\/logo\/image\/\",\"url\":\"https:\/\/www.ovidiudragosargesanu.ro\/en\/wp-content\/uploads\/2018\/03\/dragos-logo-lotus-black-400.svg\",\"contentUrl\":\"https:\/\/www.ovidiudragosargesanu.ro\/en\/wp-content\/uploads\/2018\/03\/dragos-logo-lotus-black-400.svg\",\"width\":300,\"height\":150,\"caption\":\"Ovidiu Drago\u0219 Arge\u0219anu\"},\"image\":{\"@id\":\"https:\/\/www.ovidiudragosargesanu.ro\/en\/#\/schema\/logo\/image\/\"}}]}<\/script>\n<!-- \/ Yoast SEO plugin. -->","yoast_head_json":{"title":"Atacul PSI \u2013 \u00eentre \u0218tiin\u021b\u0103 \u0219i Magie - Ovidiu Drago\u0219 Arge\u0219anu","description":"O carte valoroas\u0103 \u0219i fascinant\u0103 despre tainele magiei semnat\u0103 de maestrul Dr. Ovidiu Drago\u0219 Arge\u0219anu: \"Atacul PSI \u2013 \u00eentre \u0218tiin\u021b\u0103 \u0219i Magie\"Fascinanta","robots":{"index":"noindex","follow":"follow","max-snippet":"max-snippet:-1","max-image-preview":"max-image-preview:large","max-video-preview":"max-video-preview:-1"},"og_locale":"en_US","og_type":"article","og_title":"Atacul PSI \u2013 \u00eentre \u0218tiin\u021b\u0103 \u0219i Magie - Ovidiu Drago\u0219 Arge\u0219anu","og_description":"O carte valoroas\u0103 \u0219i fascinant\u0103 despre tainele magiei semnat\u0103 de maestrul Dr. Ovidiu Drago\u0219 Arge\u0219anu: \"Atacul PSI \u2013 \u00eentre \u0218tiin\u021b\u0103 \u0219i Magie\"Fascinanta","og_url":"https:\/\/www.ovidiudragosargesanu.ro\/en\/shop\/carti\/dezvoltare-personala\/atacul-psi-intre-stiinta-si-magie-2\/","og_site_name":"Ovidiu Drago\u0219 Arge\u0219anu","article_modified_time":"2025-04-24T06:23:12+00:00","og_image":[{"width":1000,"height":1000,"url":"https:\/\/www.ovidiudragosargesanu.ro\/en\/wp-content\/uploads\/2023\/12\/18.png","type":"image\/png"}],"twitter_card":"summary_large_image","twitter_misc":{"Est. reading time":"2 minutes"},"schema":{"@context":"https:\/\/schema.org","@graph":[{"@type":"WebPage","@id":"https:\/\/www.ovidiudragosargesanu.ro\/en\/shop\/carti\/dezvoltare-personala\/atacul-psi-intre-stiinta-si-magie-2\/","url":"https:\/\/www.ovidiudragosargesanu.ro\/en\/shop\/carti\/dezvoltare-personala\/atacul-psi-intre-stiinta-si-magie-2\/","name":"Atacul PSI \u2013 \u00eentre \u0218tiin\u021b\u0103 \u0219i Magie - Ovidiu Drago\u0219 Arge\u0219anu","isPartOf":{"@id":"https:\/\/www.ovidiudragosargesanu.ro\/en\/#website"},"primaryImageOfPage":{"@id":"https:\/\/www.ovidiudragosargesanu.ro\/en\/shop\/carti\/dezvoltare-personala\/atacul-psi-intre-stiinta-si-magie-2\/#primaryimage"},"image":{"@id":"https:\/\/www.ovidiudragosargesanu.ro\/en\/shop\/carti\/dezvoltare-personala\/atacul-psi-intre-stiinta-si-magie-2\/#primaryimage"},"thumbnailUrl":"https:\/\/www.ovidiudragosargesanu.ro\/en\/wp-content\/uploads\/2023\/12\/18.png","datePublished":"2023-12-05T17:40:29+00:00","dateModified":"2025-04-24T06:23:12+00:00","description":"O carte valoroas\u0103 \u0219i fascinant\u0103 despre tainele magiei semnat\u0103 de maestrul Dr. Ovidiu Drago\u0219 Arge\u0219anu: \"Atacul PSI \u2013 \u00eentre \u0218tiin\u021b\u0103 \u0219i Magie\"Fascinanta","breadcrumb":{"@id":"https:\/\/www.ovidiudragosargesanu.ro\/en\/shop\/carti\/dezvoltare-personala\/atacul-psi-intre-stiinta-si-magie-2\/#breadcrumb"},"inLanguage":"en-US","potentialAction":[{"@type":"ReadAction","target":["https:\/\/www.ovidiudragosargesanu.ro\/en\/shop\/carti\/dezvoltare-personala\/atacul-psi-intre-stiinta-si-magie-2\/"]}]},{"@type":"ImageObject","inLanguage":"en-US","@id":"https:\/\/www.ovidiudragosargesanu.ro\/en\/shop\/carti\/dezvoltare-personala\/atacul-psi-intre-stiinta-si-magie-2\/#primaryimage","url":"https:\/\/www.ovidiudragosargesanu.ro\/en\/wp-content\/uploads\/2023\/12\/18.png","contentUrl":"https:\/\/www.ovidiudragosargesanu.ro\/en\/wp-content\/uploads\/2023\/12\/18.png","width":1000,"height":1000},{"@type":"BreadcrumbList","@id":"https:\/\/www.ovidiudragosargesanu.ro\/en\/shop\/carti\/dezvoltare-personala\/atacul-psi-intre-stiinta-si-magie-2\/#breadcrumb","itemListElement":[{"@type":"ListItem","position":1,"name":"Prima pagin\u0103","item":"https:\/\/www.ovidiudragosargesanu.ro\/en\/"},{"@type":"ListItem","position":2,"name":"Shop","item":"https:\/\/www.ovidiudragosargesanu.ro\/en\/shop\/"},{"@type":"ListItem","position":3,"name":"Atacul PSI \u2013 \u00eentre \u0218tiin\u021b\u0103 \u0219i Magie"}]},{"@type":"WebSite","@id":"https:\/\/www.ovidiudragosargesanu.ro\/en\/#website","url":"https:\/\/www.ovidiudragosargesanu.ro\/en\/","name":"Ovidiu Drago\u0219 Arge\u0219anu","description":"","publisher":{"@id":"https:\/\/www.ovidiudragosargesanu.ro\/en\/#organization"},"potentialAction":[{"@type":"SearchAction","target":{"@type":"EntryPoint","urlTemplate":"https:\/\/www.ovidiudragosargesanu.ro\/en\/?s={search_term_string}"},"query-input":{"@type":"PropertyValueSpecification","valueRequired":true,"valueName":"search_term_string"}}],"inLanguage":"en-US"},{"@type":"Organization","@id":"https:\/\/www.ovidiudragosargesanu.ro\/en\/#organization","name":"Ovidiu Drago\u0219 Arge\u0219anu","url":"https:\/\/www.ovidiudragosargesanu.ro\/en\/","logo":{"@type":"ImageObject","inLanguage":"en-US","@id":"https:\/\/www.ovidiudragosargesanu.ro\/en\/#\/schema\/logo\/image\/","url":"https:\/\/www.ovidiudragosargesanu.ro\/en\/wp-content\/uploads\/2018\/03\/dragos-logo-lotus-black-400.svg","contentUrl":"https:\/\/www.ovidiudragosargesanu.ro\/en\/wp-content\/uploads\/2018\/03\/dragos-logo-lotus-black-400.svg","width":300,"height":150,"caption":"Ovidiu Drago\u0219 Arge\u0219anu"},"image":{"@id":"https:\/\/www.ovidiudragosargesanu.ro\/en\/#\/schema\/logo\/image\/"}}]}},"_links":{"self":[{"href":"https:\/\/www.ovidiudragosargesanu.ro\/en\/wp-json\/wp\/v2\/product\/4043","targetHints":{"allow":["GET"]}}],"collection":[{"href":"https:\/\/www.ovidiudragosargesanu.ro\/en\/wp-json\/wp\/v2\/product"}],"about":[{"href":"https:\/\/www.ovidiudragosargesanu.ro\/en\/wp-json\/wp\/v2\/types\/product"}],"version-history":[{"count":2,"href":"https:\/\/www.ovidiudragosargesanu.ro\/en\/wp-json\/wp\/v2\/product\/4043\/revisions"}],"predecessor-version":[{"id":5159,"href":"https:\/\/www.ovidiudragosargesanu.ro\/en\/wp-json\/wp\/v2\/product\/4043\/revisions\/5159"}],"wp:featuredmedia":[{"embeddable":true,"href":"https:\/\/www.ovidiudragosargesanu.ro\/en\/wp-json\/wp\/v2\/media\/4044"}],"wp:attachment":[{"href":"https:\/\/www.ovidiudragosargesanu.ro\/en\/wp-json\/wp\/v2\/media?parent=4043"}],"wp:term":[{"taxonomy":"product_brand","embeddable":true,"href":"https:\/\/www.ovidiudragosargesanu.ro\/en\/wp-json\/wp\/v2\/product_brand?post=4043"},{"taxonomy":"product_cat","embeddable":true,"href":"https:\/\/www.ovidiudragosargesanu.ro\/en\/wp-json\/wp\/v2\/product_cat?post=4043"},{"taxonomy":"product_tag","embeddable":true,"href":"https:\/\/www.ovidiudragosargesanu.ro\/en\/wp-json\/wp\/v2\/product_tag?post=4043"}],"curies":[{"name":"wp","href":"https:\/\/api.w.org\/{rel}","templated":true}]}}