{"id":41285,"date":"2025-04-01T12:31:38","date_gmt":"2025-04-01T09:31:38","guid":{"rendered":"https:\/\/www.ovidiudragosargesanu.ro\/?post_type=product&#038;p=41285"},"modified":"2025-04-24T09:46:53","modified_gmt":"2025-04-24T06:46:53","slug":"despre-umbra-intrebari-si-raspunsuri-seniori","status":"publish","type":"product","link":"https:\/\/www.ovidiudragosargesanu.ro\/en\/shop\/seniori\/despre-umbra-intrebari-si-raspunsuri-seniori\/","title":{"rendered":"Despre Umbra. Intrebari si raspunsuri (Seniori)"},"content":{"rendered":"<p><span style=\"font-weight: 400;\">Este Umbra ceva r\u0103u? Ce este Umbra? C\u00e2t de mare este Umbra? Cum cre\u0219te \u0219i cum scade Umbra? Ce pot face eu ca s\u0103 privesc ce este \u00een Umbr\u0103? Cum pot eu vindeca Umbra? Care este rolul Umbrei \u00een evolu\u021bia spiritual\u0103?<\/span><\/p>\n<p><span style=\"font-weight: 400;\">\u00cen aceast\u0103 carte am r\u0103spuns la peste 800 de \u00eentreb\u0103ri despre Umbr\u0103 \u2013 acea parte ascuns\u0103 a sinelui care ne provoac\u0103, dar care ne \u0219i ofer\u0103 \u0219ansa autentic\u0103 de cre\u0219tere \u0219i transformare.\u00a0 Umbra este cea care ne d\u0103 adev\u0103rata valoare. Exist\u0103 un moment \u00een evolu\u021bia fiec\u0103ruia c\u00e2nd va fi l\u0103sat singur cu propria Umbra \u0219i atunci va vedea cine este cu adev\u0103rat. Nu este nimic de speriat, este doar momentul \u00een care \u00ee\u021bi dai seama de cum e\u0219ti tu \u00een realitate.\u00a0<\/span><\/p>\n<p><span style=\"font-weight: 400;\">\u00cen Reiki \u00eent\u00e2lnirea cu Umbra (din Karuna &#8211; Reiki) se face printr-o medita\u021bie. \u00cen \u00eent\u00e2lnirea cu tine \u00eensu\u021bi \u0219i cu adev\u0103rata ta esen\u021b\u0103, chiar dac\u0103 tinzi s\u0103 \u00ee\u021bi pui m\u0103\u0219ti de mare binevoitor, marele pas este s\u0103 accep\u021bi c\u0103 \u00een\u0103untrul t\u0103u este un echilibru \u2013 echilibru \u00eentre Lumin\u0103 \u0219i Umbr\u0103.<\/span><\/p>\n<p><span style=\"font-weight: 400;\">Este vorba nu doar de unirea dintre Lumin\u0103 \u0219i Umbr\u0103 pentru c\u0103, la un moment dat, unirea asta presupune \u0219i unirea con\u0219tientului cu sufletul \u0219i cu sinele, presupune \u0219i unirea yin-yang de sus \u0219i de jos, presupune \u0219i unirea Principiului Feminin Divin din noi \u0219i Principiul Masculin Divin din noi, cu principiile interioare. Deci, abia atunci un om devine un TOT.\u00a0<\/span><\/p>\n<p><span style=\"font-weight: 400;\">\u201eDespre UMBR\u0102. \u00centreb\u0103ri \u0219i r\u0103spunsuri\u201d nu este doar o carte, este un ghid esen\u021bial pentru to\u021bi cei afla\u021bi pe calea autocunoa\u0219terii \u0219i a evolu\u021biei spirituale.<\/span><\/p>\n<p><b><i>Descoper\u0103 Umbra, transform-o \u0219i las\u0103 lumina s\u0103 curg\u0103 liber prin tine.<\/i><\/b><\/p>\n","protected":false},"excerpt":{"rendered":"\n<table id=\"tablepress-80\" class=\"tablepress tablepress-id-80\">\n<tbody class=\"row-striping row-hover\">\n<tr class=\"row-1\">\n\t<td class=\"column-1\">Editura<\/td><td class=\"column-2\"><b>PRO DAO<\/b><\/td>\n<\/tr>\n<tr class=\"row-2\">\n\t<td class=\"column-1\">Anul Public\u0103rii<\/td><td class=\"column-2\">2025<\/td>\n<\/tr>\n<tr class=\"row-3\">\n\t<td class=\"column-1\">ISBN<\/td><td class=\"column-2\">9786069721285<\/td>\n<\/tr>\n<\/tbody>\n<\/table>\n\n","protected":false},"featured_media":39288,"template":"","meta":{"inline_featured_image":false},"product_brand":[],"product_cat":[795],"product_tag":[672],"class_list":{"0":"post-41285","1":"product","2":"type-product","3":"status-publish","4":"has-post-thumbnail","6":"product_cat-seniori","7":"product_tag-carti","9":"first","10":"instock","11":"sale","12":"taxable","13":"shipping-taxable","14":"purchasable","15":"product-type-simple"},"yoast_head":"<!-- This site is optimized with the Yoast SEO plugin v26.9 - https:\/\/yoast.com\/product\/yoast-seo-wordpress\/ -->\n<title>Despre Umbra. Intrebari si raspunsuri (Seniori) - Ovidiu Drago\u0219 Arge\u0219anu<\/title>\n<meta name=\"description\" content=\"\u201eDespre UMBR\u0102. \u00centreb\u0103ri \u0219i r\u0103spunsuri\u201d nu este doar o carte, este un ghid esen\u021bial pentru to\u021bi cei afla\u021bi pe calea autocunoa\u0219terii \u0219i a evolu\u021biei spirituale.\" \/>\n<meta name=\"robots\" content=\"noindex, follow, max-snippet:-1, max-image-preview:large, max-video-preview:-1\" \/>\n<meta property=\"og:locale\" content=\"en_US\" \/>\n<meta property=\"og:type\" content=\"article\" \/>\n<meta property=\"og:title\" content=\"Despre Umbra. Intrebari si raspunsuri (Seniori) - Ovidiu Drago\u0219 Arge\u0219anu\" \/>\n<meta property=\"og:description\" content=\"\u201eDespre UMBR\u0102. \u00centreb\u0103ri \u0219i r\u0103spunsuri\u201d nu este doar o carte, este un ghid esen\u021bial pentru to\u021bi cei afla\u021bi pe calea autocunoa\u0219terii \u0219i a evolu\u021biei spirituale.\" \/>\n<meta property=\"og:url\" content=\"https:\/\/www.ovidiudragosargesanu.ro\/en\/shop\/seniori\/despre-umbra-intrebari-si-raspunsuri-seniori\/\" \/>\n<meta property=\"og:site_name\" content=\"Ovidiu Drago\u0219 Arge\u0219anu\" \/>\n<meta property=\"article:modified_time\" content=\"2025-04-24T06:46:53+00:00\" \/>\n<meta property=\"og:image\" content=\"https:\/\/www.ovidiudragosargesanu.ro\/en\/wp-content\/uploads\/2025\/03\/Despre-Umbra.-Intrebari-si-raspunsuri.png\" \/>\n\t<meta property=\"og:image:width\" content=\"1000\" \/>\n\t<meta property=\"og:image:height\" content=\"1000\" \/>\n\t<meta property=\"og:image:type\" content=\"image\/png\" \/>\n<meta name=\"twitter:card\" content=\"summary_large_image\" \/>\n<meta name=\"twitter:label1\" content=\"Est. reading time\" \/>\n\t<meta name=\"twitter:data1\" content=\"2 minutes\" \/>\n<script type=\"application\/ld+json\" class=\"yoast-schema-graph\">{\"@context\":\"https:\/\/schema.org\",\"@graph\":[{\"@type\":\"WebPage\",\"@id\":\"https:\/\/www.ovidiudragosargesanu.ro\/en\/shop\/seniori\/despre-umbra-intrebari-si-raspunsuri-seniori\/\",\"url\":\"https:\/\/www.ovidiudragosargesanu.ro\/en\/shop\/seniori\/despre-umbra-intrebari-si-raspunsuri-seniori\/\",\"name\":\"Despre Umbra. Intrebari si raspunsuri (Seniori) - Ovidiu Drago\u0219 Arge\u0219anu\",\"isPartOf\":{\"@id\":\"https:\/\/www.ovidiudragosargesanu.ro\/en\/#website\"},\"primaryImageOfPage\":{\"@id\":\"https:\/\/www.ovidiudragosargesanu.ro\/en\/shop\/seniori\/despre-umbra-intrebari-si-raspunsuri-seniori\/#primaryimage\"},\"image\":{\"@id\":\"https:\/\/www.ovidiudragosargesanu.ro\/en\/shop\/seniori\/despre-umbra-intrebari-si-raspunsuri-seniori\/#primaryimage\"},\"thumbnailUrl\":\"https:\/\/www.ovidiudragosargesanu.ro\/en\/wp-content\/uploads\/2025\/03\/Despre-Umbra.-Intrebari-si-raspunsuri.png\",\"datePublished\":\"2025-04-01T09:31:38+00:00\",\"dateModified\":\"2025-04-24T06:46:53+00:00\",\"description\":\"\u201eDespre UMBR\u0102. \u00centreb\u0103ri \u0219i r\u0103spunsuri\u201d nu este doar o carte, este un ghid esen\u021bial pentru to\u021bi cei afla\u021bi pe calea autocunoa\u0219terii \u0219i a evolu\u021biei spirituale.\",\"breadcrumb\":{\"@id\":\"https:\/\/www.ovidiudragosargesanu.ro\/en\/shop\/seniori\/despre-umbra-intrebari-si-raspunsuri-seniori\/#breadcrumb\"},\"inLanguage\":\"en-US\",\"potentialAction\":[{\"@type\":\"ReadAction\",\"target\":[\"https:\/\/www.ovidiudragosargesanu.ro\/en\/shop\/seniori\/despre-umbra-intrebari-si-raspunsuri-seniori\/\"]}]},{\"@type\":\"ImageObject\",\"inLanguage\":\"en-US\",\"@id\":\"https:\/\/www.ovidiudragosargesanu.ro\/en\/shop\/seniori\/despre-umbra-intrebari-si-raspunsuri-seniori\/#primaryimage\",\"url\":\"https:\/\/www.ovidiudragosargesanu.ro\/en\/wp-content\/uploads\/2025\/03\/Despre-Umbra.-Intrebari-si-raspunsuri.png\",\"contentUrl\":\"https:\/\/www.ovidiudragosargesanu.ro\/en\/wp-content\/uploads\/2025\/03\/Despre-Umbra.-Intrebari-si-raspunsuri.png\",\"width\":1000,\"height\":1000,\"caption\":\"Despre Umbra. Intrebari si raspunsuri\"},{\"@type\":\"BreadcrumbList\",\"@id\":\"https:\/\/www.ovidiudragosargesanu.ro\/en\/shop\/seniori\/despre-umbra-intrebari-si-raspunsuri-seniori\/#breadcrumb\",\"itemListElement\":[{\"@type\":\"ListItem\",\"position\":1,\"name\":\"Prima pagin\u0103\",\"item\":\"https:\/\/www.ovidiudragosargesanu.ro\/en\/\"},{\"@type\":\"ListItem\",\"position\":2,\"name\":\"Shop\",\"item\":\"https:\/\/www.ovidiudragosargesanu.ro\/en\/shop\/\"},{\"@type\":\"ListItem\",\"position\":3,\"name\":\"Despre Umbra. Intrebari si raspunsuri (Seniori)\"}]},{\"@type\":\"WebSite\",\"@id\":\"https:\/\/www.ovidiudragosargesanu.ro\/en\/#website\",\"url\":\"https:\/\/www.ovidiudragosargesanu.ro\/en\/\",\"name\":\"Ovidiu Drago\u0219 Arge\u0219anu\",\"description\":\"\",\"publisher\":{\"@id\":\"https:\/\/www.ovidiudragosargesanu.ro\/en\/#organization\"},\"potentialAction\":[{\"@type\":\"SearchAction\",\"target\":{\"@type\":\"EntryPoint\",\"urlTemplate\":\"https:\/\/www.ovidiudragosargesanu.ro\/en\/?s={search_term_string}\"},\"query-input\":{\"@type\":\"PropertyValueSpecification\",\"valueRequired\":true,\"valueName\":\"search_term_string\"}}],\"inLanguage\":\"en-US\"},{\"@type\":\"Organization\",\"@id\":\"https:\/\/www.ovidiudragosargesanu.ro\/en\/#organization\",\"name\":\"Ovidiu Drago\u0219 Arge\u0219anu\",\"url\":\"https:\/\/www.ovidiudragosargesanu.ro\/en\/\",\"logo\":{\"@type\":\"ImageObject\",\"inLanguage\":\"en-US\",\"@id\":\"https:\/\/www.ovidiudragosargesanu.ro\/en\/#\/schema\/logo\/image\/\",\"url\":\"https:\/\/www.ovidiudragosargesanu.ro\/en\/wp-content\/uploads\/2018\/03\/dragos-logo-lotus-black-400.svg\",\"contentUrl\":\"https:\/\/www.ovidiudragosargesanu.ro\/en\/wp-content\/uploads\/2018\/03\/dragos-logo-lotus-black-400.svg\",\"width\":300,\"height\":150,\"caption\":\"Ovidiu Drago\u0219 Arge\u0219anu\"},\"image\":{\"@id\":\"https:\/\/www.ovidiudragosargesanu.ro\/en\/#\/schema\/logo\/image\/\"}}]}<\/script>\n<!-- \/ Yoast SEO plugin. -->","yoast_head_json":{"title":"Despre Umbra. Intrebari si raspunsuri (Seniori) - Ovidiu Drago\u0219 Arge\u0219anu","description":"\u201eDespre UMBR\u0102. \u00centreb\u0103ri \u0219i r\u0103spunsuri\u201d nu este doar o carte, este un ghid esen\u021bial pentru to\u021bi cei afla\u021bi pe calea autocunoa\u0219terii \u0219i a evolu\u021biei spirituale.","robots":{"index":"noindex","follow":"follow","max-snippet":"max-snippet:-1","max-image-preview":"max-image-preview:large","max-video-preview":"max-video-preview:-1"},"og_locale":"en_US","og_type":"article","og_title":"Despre Umbra. Intrebari si raspunsuri (Seniori) - Ovidiu Drago\u0219 Arge\u0219anu","og_description":"\u201eDespre UMBR\u0102. \u00centreb\u0103ri \u0219i r\u0103spunsuri\u201d nu este doar o carte, este un ghid esen\u021bial pentru to\u021bi cei afla\u021bi pe calea autocunoa\u0219terii \u0219i a evolu\u021biei spirituale.","og_url":"https:\/\/www.ovidiudragosargesanu.ro\/en\/shop\/seniori\/despre-umbra-intrebari-si-raspunsuri-seniori\/","og_site_name":"Ovidiu Drago\u0219 Arge\u0219anu","article_modified_time":"2025-04-24T06:46:53+00:00","og_image":[{"width":1000,"height":1000,"url":"https:\/\/www.ovidiudragosargesanu.ro\/en\/wp-content\/uploads\/2025\/03\/Despre-Umbra.-Intrebari-si-raspunsuri.png","type":"image\/png"}],"twitter_card":"summary_large_image","twitter_misc":{"Est. reading time":"2 minutes"},"schema":{"@context":"https:\/\/schema.org","@graph":[{"@type":"WebPage","@id":"https:\/\/www.ovidiudragosargesanu.ro\/en\/shop\/seniori\/despre-umbra-intrebari-si-raspunsuri-seniori\/","url":"https:\/\/www.ovidiudragosargesanu.ro\/en\/shop\/seniori\/despre-umbra-intrebari-si-raspunsuri-seniori\/","name":"Despre Umbra. Intrebari si raspunsuri (Seniori) - Ovidiu Drago\u0219 Arge\u0219anu","isPartOf":{"@id":"https:\/\/www.ovidiudragosargesanu.ro\/en\/#website"},"primaryImageOfPage":{"@id":"https:\/\/www.ovidiudragosargesanu.ro\/en\/shop\/seniori\/despre-umbra-intrebari-si-raspunsuri-seniori\/#primaryimage"},"image":{"@id":"https:\/\/www.ovidiudragosargesanu.ro\/en\/shop\/seniori\/despre-umbra-intrebari-si-raspunsuri-seniori\/#primaryimage"},"thumbnailUrl":"https:\/\/www.ovidiudragosargesanu.ro\/en\/wp-content\/uploads\/2025\/03\/Despre-Umbra.-Intrebari-si-raspunsuri.png","datePublished":"2025-04-01T09:31:38+00:00","dateModified":"2025-04-24T06:46:53+00:00","description":"\u201eDespre UMBR\u0102. \u00centreb\u0103ri \u0219i r\u0103spunsuri\u201d nu este doar o carte, este un ghid esen\u021bial pentru to\u021bi cei afla\u021bi pe calea autocunoa\u0219terii \u0219i a evolu\u021biei spirituale.","breadcrumb":{"@id":"https:\/\/www.ovidiudragosargesanu.ro\/en\/shop\/seniori\/despre-umbra-intrebari-si-raspunsuri-seniori\/#breadcrumb"},"inLanguage":"en-US","potentialAction":[{"@type":"ReadAction","target":["https:\/\/www.ovidiudragosargesanu.ro\/en\/shop\/seniori\/despre-umbra-intrebari-si-raspunsuri-seniori\/"]}]},{"@type":"ImageObject","inLanguage":"en-US","@id":"https:\/\/www.ovidiudragosargesanu.ro\/en\/shop\/seniori\/despre-umbra-intrebari-si-raspunsuri-seniori\/#primaryimage","url":"https:\/\/www.ovidiudragosargesanu.ro\/en\/wp-content\/uploads\/2025\/03\/Despre-Umbra.-Intrebari-si-raspunsuri.png","contentUrl":"https:\/\/www.ovidiudragosargesanu.ro\/en\/wp-content\/uploads\/2025\/03\/Despre-Umbra.-Intrebari-si-raspunsuri.png","width":1000,"height":1000,"caption":"Despre Umbra. Intrebari si raspunsuri"},{"@type":"BreadcrumbList","@id":"https:\/\/www.ovidiudragosargesanu.ro\/en\/shop\/seniori\/despre-umbra-intrebari-si-raspunsuri-seniori\/#breadcrumb","itemListElement":[{"@type":"ListItem","position":1,"name":"Prima pagin\u0103","item":"https:\/\/www.ovidiudragosargesanu.ro\/en\/"},{"@type":"ListItem","position":2,"name":"Shop","item":"https:\/\/www.ovidiudragosargesanu.ro\/en\/shop\/"},{"@type":"ListItem","position":3,"name":"Despre Umbra. Intrebari si raspunsuri (Seniori)"}]},{"@type":"WebSite","@id":"https:\/\/www.ovidiudragosargesanu.ro\/en\/#website","url":"https:\/\/www.ovidiudragosargesanu.ro\/en\/","name":"Ovidiu Drago\u0219 Arge\u0219anu","description":"","publisher":{"@id":"https:\/\/www.ovidiudragosargesanu.ro\/en\/#organization"},"potentialAction":[{"@type":"SearchAction","target":{"@type":"EntryPoint","urlTemplate":"https:\/\/www.ovidiudragosargesanu.ro\/en\/?s={search_term_string}"},"query-input":{"@type":"PropertyValueSpecification","valueRequired":true,"valueName":"search_term_string"}}],"inLanguage":"en-US"},{"@type":"Organization","@id":"https:\/\/www.ovidiudragosargesanu.ro\/en\/#organization","name":"Ovidiu Drago\u0219 Arge\u0219anu","url":"https:\/\/www.ovidiudragosargesanu.ro\/en\/","logo":{"@type":"ImageObject","inLanguage":"en-US","@id":"https:\/\/www.ovidiudragosargesanu.ro\/en\/#\/schema\/logo\/image\/","url":"https:\/\/www.ovidiudragosargesanu.ro\/en\/wp-content\/uploads\/2018\/03\/dragos-logo-lotus-black-400.svg","contentUrl":"https:\/\/www.ovidiudragosargesanu.ro\/en\/wp-content\/uploads\/2018\/03\/dragos-logo-lotus-black-400.svg","width":300,"height":150,"caption":"Ovidiu Drago\u0219 Arge\u0219anu"},"image":{"@id":"https:\/\/www.ovidiudragosargesanu.ro\/en\/#\/schema\/logo\/image\/"}}]}},"_links":{"self":[{"href":"https:\/\/www.ovidiudragosargesanu.ro\/en\/wp-json\/wp\/v2\/product\/41285","targetHints":{"allow":["GET"]}}],"collection":[{"href":"https:\/\/www.ovidiudragosargesanu.ro\/en\/wp-json\/wp\/v2\/product"}],"about":[{"href":"https:\/\/www.ovidiudragosargesanu.ro\/en\/wp-json\/wp\/v2\/types\/product"}],"version-history":[{"count":1,"href":"https:\/\/www.ovidiudragosargesanu.ro\/en\/wp-json\/wp\/v2\/product\/41285\/revisions"}],"predecessor-version":[{"id":41287,"href":"https:\/\/www.ovidiudragosargesanu.ro\/en\/wp-json\/wp\/v2\/product\/41285\/revisions\/41287"}],"wp:featuredmedia":[{"embeddable":true,"href":"https:\/\/www.ovidiudragosargesanu.ro\/en\/wp-json\/wp\/v2\/media\/39288"}],"wp:attachment":[{"href":"https:\/\/www.ovidiudragosargesanu.ro\/en\/wp-json\/wp\/v2\/media?parent=41285"}],"wp:term":[{"taxonomy":"product_brand","embeddable":true,"href":"https:\/\/www.ovidiudragosargesanu.ro\/en\/wp-json\/wp\/v2\/product_brand?post=41285"},{"taxonomy":"product_cat","embeddable":true,"href":"https:\/\/www.ovidiudragosargesanu.ro\/en\/wp-json\/wp\/v2\/product_cat?post=41285"},{"taxonomy":"product_tag","embeddable":true,"href":"https:\/\/www.ovidiudragosargesanu.ro\/en\/wp-json\/wp\/v2\/product_tag?post=41285"}],"curies":[{"name":"wp","href":"https:\/\/api.w.org\/{rel}","templated":true}]}}