{"id":4255,"date":"2023-12-06T06:42:28","date_gmt":"2023-12-06T04:42:28","guid":{"rendered":"https:\/\/www.ovidiudragosargesanu.ro\/?post_type=product&#038;p=4255"},"modified":"2025-02-28T21:24:43","modified_gmt":"2025-02-28T19:24:43","slug":"cum-ne-influenteaza-evolutia-spirituala-viata-personala","status":"publish","type":"product","link":"https:\/\/www.ovidiudragosargesanu.ro\/en\/shop\/conferinte-premium\/programe\/cum-ne-influenteaza-evolutia-spirituala-viata-personala\/","title":{"rendered":"Conferin\u021b\u0103: Cum ne influen\u021beaz\u0103 evolu\u021bia spiritual\u0103 via\u021ba personal\u0103"},"content":{"rendered":"<p><span style=\"font-weight: 400;\">Practica spiritual\u0103 deschide drumul evolu\u021biei personale, indiferent de alegerea ta &#8211; yoga, Chi-kung, ortodoxie, cre\u0219tinism, Reiki sau hinduism. Adev\u0103rul perceput gre\u0219it se transform\u0103 \u00een credin\u021be false, entit\u0103\u021bi negative \u00een noi. Studiul adev\u0103rului necesit\u0103 efort \u0219i schimbare de obiceiuri, iar lenea devine o piedic\u0103. Descoper\u0103 \u00een cadrul conferin\u021bei \u201cCum ne influen\u021beaz\u0103 evolu\u021bia spiritual\u0103 via\u021ba personal\u0103\u201c sus\u021binute de Dr. Drago\u0219-Ovidiu Arge\u0219anu cum s\u0103 dep\u0103\u0219e\u0219ti acest obstacol \u0219i s\u0103 faci diferen\u021ba \u00eentre ulcior \u0219i har \u00een c\u0103utarea ta spiritual\u0103.<\/span><\/p>\n","protected":false},"excerpt":{"rendered":"<p>ACCES NELIMITAT!<\/p>\n<p>Evolu\u021bia spiritual\u0103 dezv\u0103luie tainele programelor pozitive \u0219i negative, contur\u00e2nd modul \u00een care acestea influen\u021beaz\u0103 cursul vie\u021bii tale. Descoper\u0103 prin vizionarea conferin\u021bei \u201cCum ne influen\u021beaz\u0103 evolu\u021bia spiritual\u0103 via\u021ba personal\u0103\u201c sus\u021binut\u0103 de Dr. Drago\u0219-Ovidiu Arge\u0219anu semnifica\u021bia profund\u0103 a evolu\u021biei spirituale \u0219i beneficiile \u00eenscrise \u00een participarea la conferin\u021b\u0103.<\/p>\n","protected":false},"featured_media":4681,"template":"","meta":{"inline_featured_image":false},"product_brand":[],"product_cat":[604,696],"product_tag":[],"class_list":{"0":"post-4255","1":"product","2":"type-product","3":"status-publish","4":"has-post-thumbnail","6":"product_cat-conferinte-premium","7":"product_cat-programe","9":"first","10":"instock","11":"virtual","12":"taxable","13":"purchasable","14":"product-type-simple"},"yoast_head":"<!-- This site is optimized with the Yoast SEO plugin v26.9 - https:\/\/yoast.com\/product\/yoast-seo-wordpress\/ -->\n<title>Conferin\u021b\u0103: Cum ne influen\u021beaz\u0103 evolu\u021bia spiritual\u0103 via\u021ba personal\u0103 - Ovidiu Drago\u0219 Arge\u0219anu<\/title>\n<meta name=\"description\" content=\"Descoper\u0103 cum ne influen\u021beaz\u0103 evolu\u021bia spiritual\u0103 via\u021ba personal\u0103 \u00eentr-o conferin\u021b\u0103 sus\u021binut\u0103 de Dr. Drago\u0219-Ovidiu Arge\u0219anu pe 14 octombrie\" \/>\n<meta name=\"robots\" content=\"noindex, follow, max-snippet:-1, max-image-preview:large, max-video-preview:-1\" \/>\n<meta property=\"og:locale\" content=\"en_US\" \/>\n<meta property=\"og:type\" content=\"article\" \/>\n<meta property=\"og:title\" content=\"Conferin\u021b\u0103: Cum ne influen\u021beaz\u0103 evolu\u021bia spiritual\u0103 via\u021ba personal\u0103 - Ovidiu Drago\u0219 Arge\u0219anu\" \/>\n<meta property=\"og:description\" content=\"Descoper\u0103 cum ne influen\u021beaz\u0103 evolu\u021bia spiritual\u0103 via\u021ba personal\u0103 \u00eentr-o conferin\u021b\u0103 sus\u021binut\u0103 de Dr. Drago\u0219-Ovidiu Arge\u0219anu pe 14 octombrie\" \/>\n<meta property=\"og:url\" content=\"https:\/\/www.ovidiudragosargesanu.ro\/en\/shop\/conferinte-premium\/programe\/cum-ne-influenteaza-evolutia-spirituala-viata-personala\/\" \/>\n<meta property=\"og:site_name\" content=\"Ovidiu Drago\u0219 Arge\u0219anu\" \/>\n<meta property=\"article:modified_time\" content=\"2025-02-28T19:24:43+00:00\" \/>\n<meta property=\"og:image\" content=\"https:\/\/www.ovidiudragosargesanu.ro\/en\/wp-content\/uploads\/2023\/12\/Cum-ne-influenteaza-evolutia-spirituala-viata-personala-Conferinta-1.png\" \/>\n\t<meta property=\"og:image:width\" content=\"600\" \/>\n\t<meta property=\"og:image:height\" content=\"800\" \/>\n\t<meta property=\"og:image:type\" content=\"image\/png\" \/>\n<meta name=\"twitter:card\" content=\"summary_large_image\" \/>\n<meta name=\"twitter:label1\" content=\"Est. reading time\" \/>\n\t<meta name=\"twitter:data1\" content=\"1 minute\" \/>\n<script type=\"application\/ld+json\" class=\"yoast-schema-graph\">{\"@context\":\"https:\/\/schema.org\",\"@graph\":[{\"@type\":\"WebPage\",\"@id\":\"https:\/\/www.ovidiudragosargesanu.ro\/en\/shop\/conferinte-premium\/programe\/cum-ne-influenteaza-evolutia-spirituala-viata-personala\/\",\"url\":\"https:\/\/www.ovidiudragosargesanu.ro\/en\/shop\/conferinte-premium\/programe\/cum-ne-influenteaza-evolutia-spirituala-viata-personala\/\",\"name\":\"Conferin\u021b\u0103: Cum ne influen\u021beaz\u0103 evolu\u021bia spiritual\u0103 via\u021ba personal\u0103 - Ovidiu Drago\u0219 Arge\u0219anu\",\"isPartOf\":{\"@id\":\"https:\/\/www.ovidiudragosargesanu.ro\/en\/#website\"},\"primaryImageOfPage\":{\"@id\":\"https:\/\/www.ovidiudragosargesanu.ro\/en\/shop\/conferinte-premium\/programe\/cum-ne-influenteaza-evolutia-spirituala-viata-personala\/#primaryimage\"},\"image\":{\"@id\":\"https:\/\/www.ovidiudragosargesanu.ro\/en\/shop\/conferinte-premium\/programe\/cum-ne-influenteaza-evolutia-spirituala-viata-personala\/#primaryimage\"},\"thumbnailUrl\":\"https:\/\/www.ovidiudragosargesanu.ro\/en\/wp-content\/uploads\/2023\/12\/Cum-ne-influenteaza-evolutia-spirituala-viata-personala-Conferinta-1.png\",\"datePublished\":\"2023-12-06T04:42:28+00:00\",\"dateModified\":\"2025-02-28T19:24:43+00:00\",\"description\":\"Descoper\u0103 cum ne influen\u021beaz\u0103 evolu\u021bia spiritual\u0103 via\u021ba personal\u0103 \u00eentr-o conferin\u021b\u0103 sus\u021binut\u0103 de Dr. Drago\u0219-Ovidiu Arge\u0219anu pe 14 octombrie\",\"breadcrumb\":{\"@id\":\"https:\/\/www.ovidiudragosargesanu.ro\/en\/shop\/conferinte-premium\/programe\/cum-ne-influenteaza-evolutia-spirituala-viata-personala\/#breadcrumb\"},\"inLanguage\":\"en-US\",\"potentialAction\":[{\"@type\":\"ReadAction\",\"target\":[\"https:\/\/www.ovidiudragosargesanu.ro\/en\/shop\/conferinte-premium\/programe\/cum-ne-influenteaza-evolutia-spirituala-viata-personala\/\"]}]},{\"@type\":\"ImageObject\",\"inLanguage\":\"en-US\",\"@id\":\"https:\/\/www.ovidiudragosargesanu.ro\/en\/shop\/conferinte-premium\/programe\/cum-ne-influenteaza-evolutia-spirituala-viata-personala\/#primaryimage\",\"url\":\"https:\/\/www.ovidiudragosargesanu.ro\/en\/wp-content\/uploads\/2023\/12\/Cum-ne-influenteaza-evolutia-spirituala-viata-personala-Conferinta-1.png\",\"contentUrl\":\"https:\/\/www.ovidiudragosargesanu.ro\/en\/wp-content\/uploads\/2023\/12\/Cum-ne-influenteaza-evolutia-spirituala-viata-personala-Conferinta-1.png\",\"width\":600,\"height\":800},{\"@type\":\"BreadcrumbList\",\"@id\":\"https:\/\/www.ovidiudragosargesanu.ro\/en\/shop\/conferinte-premium\/programe\/cum-ne-influenteaza-evolutia-spirituala-viata-personala\/#breadcrumb\",\"itemListElement\":[{\"@type\":\"ListItem\",\"position\":1,\"name\":\"Prima pagin\u0103\",\"item\":\"https:\/\/www.ovidiudragosargesanu.ro\/en\/\"},{\"@type\":\"ListItem\",\"position\":2,\"name\":\"Shop\",\"item\":\"https:\/\/www.ovidiudragosargesanu.ro\/en\/shop\/\"},{\"@type\":\"ListItem\",\"position\":3,\"name\":\"Conferin\u021b\u0103: Cum ne influen\u021beaz\u0103 evolu\u021bia spiritual\u0103 via\u021ba personal\u0103\"}]},{\"@type\":\"WebSite\",\"@id\":\"https:\/\/www.ovidiudragosargesanu.ro\/en\/#website\",\"url\":\"https:\/\/www.ovidiudragosargesanu.ro\/en\/\",\"name\":\"Ovidiu Drago\u0219 Arge\u0219anu\",\"description\":\"\",\"publisher\":{\"@id\":\"https:\/\/www.ovidiudragosargesanu.ro\/en\/#organization\"},\"potentialAction\":[{\"@type\":\"SearchAction\",\"target\":{\"@type\":\"EntryPoint\",\"urlTemplate\":\"https:\/\/www.ovidiudragosargesanu.ro\/en\/?s={search_term_string}\"},\"query-input\":{\"@type\":\"PropertyValueSpecification\",\"valueRequired\":true,\"valueName\":\"search_term_string\"}}],\"inLanguage\":\"en-US\"},{\"@type\":\"Organization\",\"@id\":\"https:\/\/www.ovidiudragosargesanu.ro\/en\/#organization\",\"name\":\"Ovidiu Drago\u0219 Arge\u0219anu\",\"url\":\"https:\/\/www.ovidiudragosargesanu.ro\/en\/\",\"logo\":{\"@type\":\"ImageObject\",\"inLanguage\":\"en-US\",\"@id\":\"https:\/\/www.ovidiudragosargesanu.ro\/en\/#\/schema\/logo\/image\/\",\"url\":\"https:\/\/www.ovidiudragosargesanu.ro\/en\/wp-content\/uploads\/2018\/03\/dragos-logo-lotus-black-400.svg\",\"contentUrl\":\"https:\/\/www.ovidiudragosargesanu.ro\/en\/wp-content\/uploads\/2018\/03\/dragos-logo-lotus-black-400.svg\",\"width\":300,\"height\":150,\"caption\":\"Ovidiu Drago\u0219 Arge\u0219anu\"},\"image\":{\"@id\":\"https:\/\/www.ovidiudragosargesanu.ro\/en\/#\/schema\/logo\/image\/\"}}]}<\/script>\n<!-- \/ Yoast SEO plugin. -->","yoast_head_json":{"title":"Conferin\u021b\u0103: Cum ne influen\u021beaz\u0103 evolu\u021bia spiritual\u0103 via\u021ba personal\u0103 - Ovidiu Drago\u0219 Arge\u0219anu","description":"Descoper\u0103 cum ne influen\u021beaz\u0103 evolu\u021bia spiritual\u0103 via\u021ba personal\u0103 \u00eentr-o conferin\u021b\u0103 sus\u021binut\u0103 de Dr. Drago\u0219-Ovidiu Arge\u0219anu pe 14 octombrie","robots":{"index":"noindex","follow":"follow","max-snippet":"max-snippet:-1","max-image-preview":"max-image-preview:large","max-video-preview":"max-video-preview:-1"},"og_locale":"en_US","og_type":"article","og_title":"Conferin\u021b\u0103: Cum ne influen\u021beaz\u0103 evolu\u021bia spiritual\u0103 via\u021ba personal\u0103 - Ovidiu Drago\u0219 Arge\u0219anu","og_description":"Descoper\u0103 cum ne influen\u021beaz\u0103 evolu\u021bia spiritual\u0103 via\u021ba personal\u0103 \u00eentr-o conferin\u021b\u0103 sus\u021binut\u0103 de Dr. Drago\u0219-Ovidiu Arge\u0219anu pe 14 octombrie","og_url":"https:\/\/www.ovidiudragosargesanu.ro\/en\/shop\/conferinte-premium\/programe\/cum-ne-influenteaza-evolutia-spirituala-viata-personala\/","og_site_name":"Ovidiu Drago\u0219 Arge\u0219anu","article_modified_time":"2025-02-28T19:24:43+00:00","og_image":[{"width":600,"height":800,"url":"https:\/\/www.ovidiudragosargesanu.ro\/en\/wp-content\/uploads\/2023\/12\/Cum-ne-influenteaza-evolutia-spirituala-viata-personala-Conferinta-1.png","type":"image\/png"}],"twitter_card":"summary_large_image","twitter_misc":{"Est. reading time":"1 minute"},"schema":{"@context":"https:\/\/schema.org","@graph":[{"@type":"WebPage","@id":"https:\/\/www.ovidiudragosargesanu.ro\/en\/shop\/conferinte-premium\/programe\/cum-ne-influenteaza-evolutia-spirituala-viata-personala\/","url":"https:\/\/www.ovidiudragosargesanu.ro\/en\/shop\/conferinte-premium\/programe\/cum-ne-influenteaza-evolutia-spirituala-viata-personala\/","name":"Conferin\u021b\u0103: Cum ne influen\u021beaz\u0103 evolu\u021bia spiritual\u0103 via\u021ba personal\u0103 - Ovidiu Drago\u0219 Arge\u0219anu","isPartOf":{"@id":"https:\/\/www.ovidiudragosargesanu.ro\/en\/#website"},"primaryImageOfPage":{"@id":"https:\/\/www.ovidiudragosargesanu.ro\/en\/shop\/conferinte-premium\/programe\/cum-ne-influenteaza-evolutia-spirituala-viata-personala\/#primaryimage"},"image":{"@id":"https:\/\/www.ovidiudragosargesanu.ro\/en\/shop\/conferinte-premium\/programe\/cum-ne-influenteaza-evolutia-spirituala-viata-personala\/#primaryimage"},"thumbnailUrl":"https:\/\/www.ovidiudragosargesanu.ro\/en\/wp-content\/uploads\/2023\/12\/Cum-ne-influenteaza-evolutia-spirituala-viata-personala-Conferinta-1.png","datePublished":"2023-12-06T04:42:28+00:00","dateModified":"2025-02-28T19:24:43+00:00","description":"Descoper\u0103 cum ne influen\u021beaz\u0103 evolu\u021bia spiritual\u0103 via\u021ba personal\u0103 \u00eentr-o conferin\u021b\u0103 sus\u021binut\u0103 de Dr. Drago\u0219-Ovidiu Arge\u0219anu pe 14 octombrie","breadcrumb":{"@id":"https:\/\/www.ovidiudragosargesanu.ro\/en\/shop\/conferinte-premium\/programe\/cum-ne-influenteaza-evolutia-spirituala-viata-personala\/#breadcrumb"},"inLanguage":"en-US","potentialAction":[{"@type":"ReadAction","target":["https:\/\/www.ovidiudragosargesanu.ro\/en\/shop\/conferinte-premium\/programe\/cum-ne-influenteaza-evolutia-spirituala-viata-personala\/"]}]},{"@type":"ImageObject","inLanguage":"en-US","@id":"https:\/\/www.ovidiudragosargesanu.ro\/en\/shop\/conferinte-premium\/programe\/cum-ne-influenteaza-evolutia-spirituala-viata-personala\/#primaryimage","url":"https:\/\/www.ovidiudragosargesanu.ro\/en\/wp-content\/uploads\/2023\/12\/Cum-ne-influenteaza-evolutia-spirituala-viata-personala-Conferinta-1.png","contentUrl":"https:\/\/www.ovidiudragosargesanu.ro\/en\/wp-content\/uploads\/2023\/12\/Cum-ne-influenteaza-evolutia-spirituala-viata-personala-Conferinta-1.png","width":600,"height":800},{"@type":"BreadcrumbList","@id":"https:\/\/www.ovidiudragosargesanu.ro\/en\/shop\/conferinte-premium\/programe\/cum-ne-influenteaza-evolutia-spirituala-viata-personala\/#breadcrumb","itemListElement":[{"@type":"ListItem","position":1,"name":"Prima pagin\u0103","item":"https:\/\/www.ovidiudragosargesanu.ro\/en\/"},{"@type":"ListItem","position":2,"name":"Shop","item":"https:\/\/www.ovidiudragosargesanu.ro\/en\/shop\/"},{"@type":"ListItem","position":3,"name":"Conferin\u021b\u0103: Cum ne influen\u021beaz\u0103 evolu\u021bia spiritual\u0103 via\u021ba personal\u0103"}]},{"@type":"WebSite","@id":"https:\/\/www.ovidiudragosargesanu.ro\/en\/#website","url":"https:\/\/www.ovidiudragosargesanu.ro\/en\/","name":"Ovidiu Drago\u0219 Arge\u0219anu","description":"","publisher":{"@id":"https:\/\/www.ovidiudragosargesanu.ro\/en\/#organization"},"potentialAction":[{"@type":"SearchAction","target":{"@type":"EntryPoint","urlTemplate":"https:\/\/www.ovidiudragosargesanu.ro\/en\/?s={search_term_string}"},"query-input":{"@type":"PropertyValueSpecification","valueRequired":true,"valueName":"search_term_string"}}],"inLanguage":"en-US"},{"@type":"Organization","@id":"https:\/\/www.ovidiudragosargesanu.ro\/en\/#organization","name":"Ovidiu Drago\u0219 Arge\u0219anu","url":"https:\/\/www.ovidiudragosargesanu.ro\/en\/","logo":{"@type":"ImageObject","inLanguage":"en-US","@id":"https:\/\/www.ovidiudragosargesanu.ro\/en\/#\/schema\/logo\/image\/","url":"https:\/\/www.ovidiudragosargesanu.ro\/en\/wp-content\/uploads\/2018\/03\/dragos-logo-lotus-black-400.svg","contentUrl":"https:\/\/www.ovidiudragosargesanu.ro\/en\/wp-content\/uploads\/2018\/03\/dragos-logo-lotus-black-400.svg","width":300,"height":150,"caption":"Ovidiu Drago\u0219 Arge\u0219anu"},"image":{"@id":"https:\/\/www.ovidiudragosargesanu.ro\/en\/#\/schema\/logo\/image\/"}}]}},"_links":{"self":[{"href":"https:\/\/www.ovidiudragosargesanu.ro\/en\/wp-json\/wp\/v2\/product\/4255","targetHints":{"allow":["GET"]}}],"collection":[{"href":"https:\/\/www.ovidiudragosargesanu.ro\/en\/wp-json\/wp\/v2\/product"}],"about":[{"href":"https:\/\/www.ovidiudragosargesanu.ro\/en\/wp-json\/wp\/v2\/types\/product"}],"version-history":[{"count":6,"href":"https:\/\/www.ovidiudragosargesanu.ro\/en\/wp-json\/wp\/v2\/product\/4255\/revisions"}],"predecessor-version":[{"id":26569,"href":"https:\/\/www.ovidiudragosargesanu.ro\/en\/wp-json\/wp\/v2\/product\/4255\/revisions\/26569"}],"wp:featuredmedia":[{"embeddable":true,"href":"https:\/\/www.ovidiudragosargesanu.ro\/en\/wp-json\/wp\/v2\/media\/4681"}],"wp:attachment":[{"href":"https:\/\/www.ovidiudragosargesanu.ro\/en\/wp-json\/wp\/v2\/media?parent=4255"}],"wp:term":[{"taxonomy":"product_brand","embeddable":true,"href":"https:\/\/www.ovidiudragosargesanu.ro\/en\/wp-json\/wp\/v2\/product_brand?post=4255"},{"taxonomy":"product_cat","embeddable":true,"href":"https:\/\/www.ovidiudragosargesanu.ro\/en\/wp-json\/wp\/v2\/product_cat?post=4255"},{"taxonomy":"product_tag","embeddable":true,"href":"https:\/\/www.ovidiudragosargesanu.ro\/en\/wp-json\/wp\/v2\/product_tag?post=4255"}],"curies":[{"name":"wp","href":"https:\/\/api.w.org\/{rel}","templated":true}]}}