{"id":4269,"date":"2023-12-06T06:57:15","date_gmt":"2023-12-06T04:57:15","guid":{"rendered":"https:\/\/www.ovidiudragosargesanu.ro\/?post_type=product&#038;p=4269"},"modified":"2025-02-28T21:24:06","modified_gmt":"2025-02-28T19:24:06","slug":"evolutia-spirituala-in-cuplu","status":"publish","type":"product","link":"https:\/\/www.ovidiudragosargesanu.ro\/en\/shop\/conferinte-premium\/karma\/evolutia-spirituala-in-cuplu\/","title":{"rendered":"Conferin\u021b\u0103: Evolu\u021bia Spiritual\u0103 \u00een Cuplu"},"content":{"rendered":"<p><span style=\"font-weight: 400;\">\u00cen cadrul conferin\u021bei \u201cEvolu\u021bia Spiritual\u0103 \u00een Cuplu\u201c sus\u021binut\u0103 de Dr. Ovidiu-Drago\u0219 Arge\u0219anu vei afla despre \u00eengerul p\u0103zitor care creat special de Dumnezeu, ne ghideaz\u0103 deciziile de via\u021b\u0103 \u0219i \u00een alegerea carierei. \u00cen aceast\u0103 c\u0103l\u0103torie spiritual\u0103, vei \u00een\u021belege cum cuplurile, ini\u021bial o necesitate pentru perpetuarea speciei, evolueaz\u0103 din atrac\u021bia sexual\u0103 \u00een emo\u021bii \u0219i atrac\u021bie ra\u021bional\u0103. \u00cen rela\u021biile de cuplu, cu fiecare conexiune, aducem cu noi problemele nerezolvate ale familiilor \u0219i karma de neam, transform\u00e2nd cuplul \u00eentr-un laborator de vindecare \u0219i evolu\u021bie. Descoper\u0103 \u00een conferin\u021ba captivant\u0103 cum principiul terapiei de grup devine cheia rezolv\u0103rii complexit\u0103\u021bii rela\u021biilor \u0219i vindecarea aspectelor profunde ale sufletului.<\/span><\/p>\n","protected":false},"excerpt":{"rendered":"<p>ACCES NELIMITAT!<\/p>\n<p>Explor\u00e2nd originile \u0219i evolu\u021bia spiritual\u0103 a cuplului, conferin\u021ba \u201cEvolu\u021bia Spiritual\u0103 \u00een Cuplu\u201c sus\u021binut\u0103 de Dr. Ovidiu-Drago\u0219 Arge\u0219anu aduce \u00een prim-plan influen\u021ba str\u0103mo\u0219ilor \u0219i a karmei de neam asupra vie\u021bii de cuplu, eviden\u021biind, \u00een acela\u0219i timp, importan\u021ba crucial\u0103 a cuplului \u00een contextul educa\u021biei. Participan\u021bii vor beneficia de o \u00een\u021belegere mai profund\u0103 a dinamicii cuplului \u0219i vor ob\u021bine perspective valoroase asupra modului \u00een care aceste aspecte pot contribui la \u00eembun\u0103t\u0103\u021birea calit\u0103\u021bii rela\u021biilor lor.<\/p>\n","protected":false},"featured_media":4712,"template":"","meta":{"inline_featured_image":false},"product_brand":[],"product_cat":[604,700],"product_tag":[],"class_list":{"0":"post-4269","1":"product","2":"type-product","3":"status-publish","4":"has-post-thumbnail","6":"product_cat-conferinte-premium","7":"product_cat-karma","9":"first","10":"instock","11":"virtual","12":"taxable","13":"purchasable","14":"product-type-simple"},"yoast_head":"<!-- This site is optimized with the Yoast SEO plugin v26.9 - https:\/\/yoast.com\/product\/yoast-seo-wordpress\/ -->\n<title>Conferin\u021b\u0103: Evolu\u021bia Spiritual\u0103 \u00een Cuplu - Ovidiu Drago\u0219 Arge\u0219anu<\/title>\n<meta name=\"description\" content=\"Descoper\u0103 profunzimile evolu\u021biei spirituale \u00een cuplu \u00een cadrul conferin\u021bei sus\u021binute de Dr. Ovidiu-Drago\u0219 Arge\u0219anu la data de 17 decembrie 2021\" \/>\n<meta name=\"robots\" content=\"noindex, follow, max-snippet:-1, max-image-preview:large, max-video-preview:-1\" \/>\n<meta property=\"og:locale\" content=\"en_US\" \/>\n<meta property=\"og:type\" content=\"article\" \/>\n<meta property=\"og:title\" content=\"Conferin\u021b\u0103: Evolu\u021bia Spiritual\u0103 \u00een Cuplu - Ovidiu Drago\u0219 Arge\u0219anu\" \/>\n<meta property=\"og:description\" content=\"Descoper\u0103 profunzimile evolu\u021biei spirituale \u00een cuplu \u00een cadrul conferin\u021bei sus\u021binute de Dr. Ovidiu-Drago\u0219 Arge\u0219anu la data de 17 decembrie 2021\" \/>\n<meta property=\"og:url\" content=\"https:\/\/www.ovidiudragosargesanu.ro\/en\/shop\/conferinte-premium\/karma\/evolutia-spirituala-in-cuplu\/\" \/>\n<meta property=\"og:site_name\" content=\"Ovidiu Drago\u0219 Arge\u0219anu\" \/>\n<meta property=\"article:modified_time\" content=\"2025-02-28T19:24:06+00:00\" \/>\n<meta property=\"og:image\" content=\"https:\/\/www.ovidiudragosargesanu.ro\/en\/wp-content\/uploads\/2023\/12\/Evolutia-spirituala-in-cuplu-Conferinta.png\" \/>\n\t<meta property=\"og:image:width\" content=\"600\" \/>\n\t<meta property=\"og:image:height\" content=\"800\" \/>\n\t<meta property=\"og:image:type\" content=\"image\/png\" \/>\n<meta name=\"twitter:card\" content=\"summary_large_image\" \/>\n<meta name=\"twitter:label1\" content=\"Est. reading time\" \/>\n\t<meta name=\"twitter:data1\" content=\"1 minute\" \/>\n<script type=\"application\/ld+json\" class=\"yoast-schema-graph\">{\"@context\":\"https:\/\/schema.org\",\"@graph\":[{\"@type\":\"WebPage\",\"@id\":\"https:\/\/www.ovidiudragosargesanu.ro\/en\/shop\/conferinte-premium\/karma\/evolutia-spirituala-in-cuplu\/\",\"url\":\"https:\/\/www.ovidiudragosargesanu.ro\/en\/shop\/conferinte-premium\/karma\/evolutia-spirituala-in-cuplu\/\",\"name\":\"Conferin\u021b\u0103: Evolu\u021bia Spiritual\u0103 \u00een Cuplu - Ovidiu Drago\u0219 Arge\u0219anu\",\"isPartOf\":{\"@id\":\"https:\/\/www.ovidiudragosargesanu.ro\/en\/#website\"},\"primaryImageOfPage\":{\"@id\":\"https:\/\/www.ovidiudragosargesanu.ro\/en\/shop\/conferinte-premium\/karma\/evolutia-spirituala-in-cuplu\/#primaryimage\"},\"image\":{\"@id\":\"https:\/\/www.ovidiudragosargesanu.ro\/en\/shop\/conferinte-premium\/karma\/evolutia-spirituala-in-cuplu\/#primaryimage\"},\"thumbnailUrl\":\"https:\/\/www.ovidiudragosargesanu.ro\/en\/wp-content\/uploads\/2023\/12\/Evolutia-spirituala-in-cuplu-Conferinta.png\",\"datePublished\":\"2023-12-06T04:57:15+00:00\",\"dateModified\":\"2025-02-28T19:24:06+00:00\",\"description\":\"Descoper\u0103 profunzimile evolu\u021biei spirituale \u00een cuplu \u00een cadrul conferin\u021bei sus\u021binute de Dr. Ovidiu-Drago\u0219 Arge\u0219anu la data de 17 decembrie 2021\",\"breadcrumb\":{\"@id\":\"https:\/\/www.ovidiudragosargesanu.ro\/en\/shop\/conferinte-premium\/karma\/evolutia-spirituala-in-cuplu\/#breadcrumb\"},\"inLanguage\":\"en-US\",\"potentialAction\":[{\"@type\":\"ReadAction\",\"target\":[\"https:\/\/www.ovidiudragosargesanu.ro\/en\/shop\/conferinte-premium\/karma\/evolutia-spirituala-in-cuplu\/\"]}]},{\"@type\":\"ImageObject\",\"inLanguage\":\"en-US\",\"@id\":\"https:\/\/www.ovidiudragosargesanu.ro\/en\/shop\/conferinte-premium\/karma\/evolutia-spirituala-in-cuplu\/#primaryimage\",\"url\":\"https:\/\/www.ovidiudragosargesanu.ro\/en\/wp-content\/uploads\/2023\/12\/Evolutia-spirituala-in-cuplu-Conferinta.png\",\"contentUrl\":\"https:\/\/www.ovidiudragosargesanu.ro\/en\/wp-content\/uploads\/2023\/12\/Evolutia-spirituala-in-cuplu-Conferinta.png\",\"width\":600,\"height\":800},{\"@type\":\"BreadcrumbList\",\"@id\":\"https:\/\/www.ovidiudragosargesanu.ro\/en\/shop\/conferinte-premium\/karma\/evolutia-spirituala-in-cuplu\/#breadcrumb\",\"itemListElement\":[{\"@type\":\"ListItem\",\"position\":1,\"name\":\"Prima pagin\u0103\",\"item\":\"https:\/\/www.ovidiudragosargesanu.ro\/en\/\"},{\"@type\":\"ListItem\",\"position\":2,\"name\":\"Shop\",\"item\":\"https:\/\/www.ovidiudragosargesanu.ro\/en\/shop\/\"},{\"@type\":\"ListItem\",\"position\":3,\"name\":\"Conferin\u021b\u0103: Evolu\u021bia Spiritual\u0103 \u00een Cuplu\"}]},{\"@type\":\"WebSite\",\"@id\":\"https:\/\/www.ovidiudragosargesanu.ro\/en\/#website\",\"url\":\"https:\/\/www.ovidiudragosargesanu.ro\/en\/\",\"name\":\"Ovidiu Drago\u0219 Arge\u0219anu\",\"description\":\"\",\"publisher\":{\"@id\":\"https:\/\/www.ovidiudragosargesanu.ro\/en\/#organization\"},\"potentialAction\":[{\"@type\":\"SearchAction\",\"target\":{\"@type\":\"EntryPoint\",\"urlTemplate\":\"https:\/\/www.ovidiudragosargesanu.ro\/en\/?s={search_term_string}\"},\"query-input\":{\"@type\":\"PropertyValueSpecification\",\"valueRequired\":true,\"valueName\":\"search_term_string\"}}],\"inLanguage\":\"en-US\"},{\"@type\":\"Organization\",\"@id\":\"https:\/\/www.ovidiudragosargesanu.ro\/en\/#organization\",\"name\":\"Ovidiu Drago\u0219 Arge\u0219anu\",\"url\":\"https:\/\/www.ovidiudragosargesanu.ro\/en\/\",\"logo\":{\"@type\":\"ImageObject\",\"inLanguage\":\"en-US\",\"@id\":\"https:\/\/www.ovidiudragosargesanu.ro\/en\/#\/schema\/logo\/image\/\",\"url\":\"https:\/\/www.ovidiudragosargesanu.ro\/en\/wp-content\/uploads\/2018\/03\/dragos-logo-lotus-black-400.svg\",\"contentUrl\":\"https:\/\/www.ovidiudragosargesanu.ro\/en\/wp-content\/uploads\/2018\/03\/dragos-logo-lotus-black-400.svg\",\"width\":300,\"height\":150,\"caption\":\"Ovidiu Drago\u0219 Arge\u0219anu\"},\"image\":{\"@id\":\"https:\/\/www.ovidiudragosargesanu.ro\/en\/#\/schema\/logo\/image\/\"}}]}<\/script>\n<!-- \/ Yoast SEO plugin. -->","yoast_head_json":{"title":"Conferin\u021b\u0103: Evolu\u021bia Spiritual\u0103 \u00een Cuplu - Ovidiu Drago\u0219 Arge\u0219anu","description":"Descoper\u0103 profunzimile evolu\u021biei spirituale \u00een cuplu \u00een cadrul conferin\u021bei sus\u021binute de Dr. Ovidiu-Drago\u0219 Arge\u0219anu la data de 17 decembrie 2021","robots":{"index":"noindex","follow":"follow","max-snippet":"max-snippet:-1","max-image-preview":"max-image-preview:large","max-video-preview":"max-video-preview:-1"},"og_locale":"en_US","og_type":"article","og_title":"Conferin\u021b\u0103: Evolu\u021bia Spiritual\u0103 \u00een Cuplu - Ovidiu Drago\u0219 Arge\u0219anu","og_description":"Descoper\u0103 profunzimile evolu\u021biei spirituale \u00een cuplu \u00een cadrul conferin\u021bei sus\u021binute de Dr. Ovidiu-Drago\u0219 Arge\u0219anu la data de 17 decembrie 2021","og_url":"https:\/\/www.ovidiudragosargesanu.ro\/en\/shop\/conferinte-premium\/karma\/evolutia-spirituala-in-cuplu\/","og_site_name":"Ovidiu Drago\u0219 Arge\u0219anu","article_modified_time":"2025-02-28T19:24:06+00:00","og_image":[{"width":600,"height":800,"url":"https:\/\/www.ovidiudragosargesanu.ro\/en\/wp-content\/uploads\/2023\/12\/Evolutia-spirituala-in-cuplu-Conferinta.png","type":"image\/png"}],"twitter_card":"summary_large_image","twitter_misc":{"Est. reading time":"1 minute"},"schema":{"@context":"https:\/\/schema.org","@graph":[{"@type":"WebPage","@id":"https:\/\/www.ovidiudragosargesanu.ro\/en\/shop\/conferinte-premium\/karma\/evolutia-spirituala-in-cuplu\/","url":"https:\/\/www.ovidiudragosargesanu.ro\/en\/shop\/conferinte-premium\/karma\/evolutia-spirituala-in-cuplu\/","name":"Conferin\u021b\u0103: Evolu\u021bia Spiritual\u0103 \u00een Cuplu - Ovidiu Drago\u0219 Arge\u0219anu","isPartOf":{"@id":"https:\/\/www.ovidiudragosargesanu.ro\/en\/#website"},"primaryImageOfPage":{"@id":"https:\/\/www.ovidiudragosargesanu.ro\/en\/shop\/conferinte-premium\/karma\/evolutia-spirituala-in-cuplu\/#primaryimage"},"image":{"@id":"https:\/\/www.ovidiudragosargesanu.ro\/en\/shop\/conferinte-premium\/karma\/evolutia-spirituala-in-cuplu\/#primaryimage"},"thumbnailUrl":"https:\/\/www.ovidiudragosargesanu.ro\/en\/wp-content\/uploads\/2023\/12\/Evolutia-spirituala-in-cuplu-Conferinta.png","datePublished":"2023-12-06T04:57:15+00:00","dateModified":"2025-02-28T19:24:06+00:00","description":"Descoper\u0103 profunzimile evolu\u021biei spirituale \u00een cuplu \u00een cadrul conferin\u021bei sus\u021binute de Dr. Ovidiu-Drago\u0219 Arge\u0219anu la data de 17 decembrie 2021","breadcrumb":{"@id":"https:\/\/www.ovidiudragosargesanu.ro\/en\/shop\/conferinte-premium\/karma\/evolutia-spirituala-in-cuplu\/#breadcrumb"},"inLanguage":"en-US","potentialAction":[{"@type":"ReadAction","target":["https:\/\/www.ovidiudragosargesanu.ro\/en\/shop\/conferinte-premium\/karma\/evolutia-spirituala-in-cuplu\/"]}]},{"@type":"ImageObject","inLanguage":"en-US","@id":"https:\/\/www.ovidiudragosargesanu.ro\/en\/shop\/conferinte-premium\/karma\/evolutia-spirituala-in-cuplu\/#primaryimage","url":"https:\/\/www.ovidiudragosargesanu.ro\/en\/wp-content\/uploads\/2023\/12\/Evolutia-spirituala-in-cuplu-Conferinta.png","contentUrl":"https:\/\/www.ovidiudragosargesanu.ro\/en\/wp-content\/uploads\/2023\/12\/Evolutia-spirituala-in-cuplu-Conferinta.png","width":600,"height":800},{"@type":"BreadcrumbList","@id":"https:\/\/www.ovidiudragosargesanu.ro\/en\/shop\/conferinte-premium\/karma\/evolutia-spirituala-in-cuplu\/#breadcrumb","itemListElement":[{"@type":"ListItem","position":1,"name":"Prima pagin\u0103","item":"https:\/\/www.ovidiudragosargesanu.ro\/en\/"},{"@type":"ListItem","position":2,"name":"Shop","item":"https:\/\/www.ovidiudragosargesanu.ro\/en\/shop\/"},{"@type":"ListItem","position":3,"name":"Conferin\u021b\u0103: Evolu\u021bia Spiritual\u0103 \u00een Cuplu"}]},{"@type":"WebSite","@id":"https:\/\/www.ovidiudragosargesanu.ro\/en\/#website","url":"https:\/\/www.ovidiudragosargesanu.ro\/en\/","name":"Ovidiu Drago\u0219 Arge\u0219anu","description":"","publisher":{"@id":"https:\/\/www.ovidiudragosargesanu.ro\/en\/#organization"},"potentialAction":[{"@type":"SearchAction","target":{"@type":"EntryPoint","urlTemplate":"https:\/\/www.ovidiudragosargesanu.ro\/en\/?s={search_term_string}"},"query-input":{"@type":"PropertyValueSpecification","valueRequired":true,"valueName":"search_term_string"}}],"inLanguage":"en-US"},{"@type":"Organization","@id":"https:\/\/www.ovidiudragosargesanu.ro\/en\/#organization","name":"Ovidiu Drago\u0219 Arge\u0219anu","url":"https:\/\/www.ovidiudragosargesanu.ro\/en\/","logo":{"@type":"ImageObject","inLanguage":"en-US","@id":"https:\/\/www.ovidiudragosargesanu.ro\/en\/#\/schema\/logo\/image\/","url":"https:\/\/www.ovidiudragosargesanu.ro\/en\/wp-content\/uploads\/2018\/03\/dragos-logo-lotus-black-400.svg","contentUrl":"https:\/\/www.ovidiudragosargesanu.ro\/en\/wp-content\/uploads\/2018\/03\/dragos-logo-lotus-black-400.svg","width":300,"height":150,"caption":"Ovidiu Drago\u0219 Arge\u0219anu"},"image":{"@id":"https:\/\/www.ovidiudragosargesanu.ro\/en\/#\/schema\/logo\/image\/"}}]}},"_links":{"self":[{"href":"https:\/\/www.ovidiudragosargesanu.ro\/en\/wp-json\/wp\/v2\/product\/4269","targetHints":{"allow":["GET"]}}],"collection":[{"href":"https:\/\/www.ovidiudragosargesanu.ro\/en\/wp-json\/wp\/v2\/product"}],"about":[{"href":"https:\/\/www.ovidiudragosargesanu.ro\/en\/wp-json\/wp\/v2\/types\/product"}],"version-history":[{"count":5,"href":"https:\/\/www.ovidiudragosargesanu.ro\/en\/wp-json\/wp\/v2\/product\/4269\/revisions"}],"predecessor-version":[{"id":26563,"href":"https:\/\/www.ovidiudragosargesanu.ro\/en\/wp-json\/wp\/v2\/product\/4269\/revisions\/26563"}],"wp:featuredmedia":[{"embeddable":true,"href":"https:\/\/www.ovidiudragosargesanu.ro\/en\/wp-json\/wp\/v2\/media\/4712"}],"wp:attachment":[{"href":"https:\/\/www.ovidiudragosargesanu.ro\/en\/wp-json\/wp\/v2\/media?parent=4269"}],"wp:term":[{"taxonomy":"product_brand","embeddable":true,"href":"https:\/\/www.ovidiudragosargesanu.ro\/en\/wp-json\/wp\/v2\/product_brand?post=4269"},{"taxonomy":"product_cat","embeddable":true,"href":"https:\/\/www.ovidiudragosargesanu.ro\/en\/wp-json\/wp\/v2\/product_cat?post=4269"},{"taxonomy":"product_tag","embeddable":true,"href":"https:\/\/www.ovidiudragosargesanu.ro\/en\/wp-json\/wp\/v2\/product_tag?post=4269"}],"curies":[{"name":"wp","href":"https:\/\/api.w.org\/{rel}","templated":true}]}}